





{"id":44256,"date":"2021-11-09T15:46:41","date_gmt":"2021-11-09T14:46:41","guid":{"rendered":"https:\/\/repliquemangacine.fr\/?post_type=product&#038;p=44256"},"modified":"2025-12-07T15:01:58","modified_gmt":"2025-12-07T14:01:58","slug":"silbernes-schwert-geralt-de-riv-the-witcher","status":"publish","type":"product","link":"https:\/\/repliquemangacine.fr\/de\/epee-the-witcher\/epee-argent-geralt-de-riv-the-witcher\/","title":{"rendered":"Silbernes Schwert Geralt de riv The Witcher"},"content":{"rendered":"<h2>Silberschwert Geralt de riv The Witcher.<\/h2>\n<p>Zu Beginn wird die<strong>Silberschwert Geralt de riv<\/strong> in The Witcher, ist in Staffel 2 von Netflix zu sehen.<\/p>\n<p>Von Fachleuten der Branche als au\u00dfergew\u00f6hnliches Spiel anerkannt, das seine Ambitionen erfolgreich erf\u00fcllt. Alle sind sich einig \u00fcber die narrative und immersive Qualit\u00e4t des Titels, und viele widmen ihm <a href=\"https:\/\/witcher.fandom.com\/wiki\/The_Witcher_3:_Wild_Hunt\" target=\"_blank\" rel=\"noopener noreferrer\">The Witcher 3<\/a> als Meisterwerk.<\/p>\n<p>Geralt von Riv, ein Hexer mit au\u00dfergew\u00f6hnlichen F\u00e4higkeiten, der seit seiner Kindheit durch intensives Training genetisch ver\u00e4ndert wurde. Er bietet seine Dienste als Monsterj\u00e4ger an und st\u00fctzt sich dabei auf seine F\u00e4higkeiten im Aufsp\u00fcren, K\u00e4mpfen und Zaubern.<\/p>\n<p>Er tr\u00e4gt zwei Schwerter auf dem R\u00fccken, die zur Ausr\u00fcstung der Wolfsschule des Meisters geh\u00f6ren. Das eine dient insbesondere dazu, Monster zu t\u00f6ten, das andere dazu, Menschen zu t\u00f6ten.<\/p>\n<h2>Ihr Geralt de Riv Silberschwert zum besten Preis.<\/h2>\n<p>Wir bieten Ihnen alle Repliken aus dem Spiel The Witcher 3, aber auch aus der Netflix-Serie The Witcher.<\/p>\n<p>Zun\u00e4chst einmal,<\/p>\n<ul>\n<li>L'<a href=\"https:\/\/repliquemangacine.fr\/de\/the-witcher\/epee-wolf-the-witcher3-geralt-de-riv\/\">Wolf-Schwert<\/a> die zum T\u00f6ten von Menschen verwendet wird.<\/li>\n<li>Sowie das Medaillon, das Geralt tr\u00e4gt Version <a href=\"https:\/\/repliquemangacine.fr\/de\/the-witcher\/schlusselanhanger-wolf-the-witcher\/\">Schl\u00fcsselanh\u00e4nger<\/a>.<\/li>\n<li>Und viele andere, die es in unserem Online-Shop zu entdecken gibt!<\/li>\n<\/ul>\n<p>Deshalb gibt es hier tolle Geschenkideen f\u00fcr Fans von The Witcher<\/p>\n<p>Abschlie\u00dfend k\u00f6nnen Sie auch diesen <strong>Silberschwert Geralt de riv<\/strong> f\u00fcr Ihre Cosplay-Paraden oder Ihre Themenabende. Vor allem aber ist das Schwert The Witcher auch ein Sammler- und Dekorationsst\u00fcck.<\/p>\n<p>R\u00e9plique Manga Cin\u00e9 ist ein franz\u00f6sisches Unternehmen<\/p>\n<h2>Wie pflegt man die Klinge seines The Witcher-Schwerts?<\/h2>\n<p>Sammlungs- und Dekorationsschwerter werden in vereinfachter Form hergestellt und zusammengebaut. Da sie zu Dekorationszwecken verwendet werden, fehlen ihnen die Sicherheitselemente, die ein japanisches Schwert f\u00fcr Trainingszwecke aufweisen muss.<\/p>\n<p>Allerdings ist Ihr <strong>Silbernes Schwert Geralt de Riv<\/strong> zu einer Stahlklinge, die gepflegt werden muss, damit sie nicht mit der Zeit abgenutzt wird. Denn wenn du dein Katana ausstellst, werden deine Freunde neugierig sein, die Klinge zu sehen und sie zu ber\u00fchren. Hier ist Vorsicht geboten, denn Sie sollten wissen, dass die S\u00e4ure der Finger dem Stahl unabh\u00e4ngig von seiner Qualit\u00e4t sehr schadet.<\/p>\n<p>Wenn dies jedoch passiert, keine Panik, Sie brauchen nur ein Tuch, das mit etwas \u00d6l befeuchtet ist, und wischen die Fingerabdr\u00fccke ab. Wenn Sie dies tun, werden Sie Ihr Schwert sehr lange behalten.<\/p>\n<p><strong>\u00a0<\/strong><\/p>","protected":false},"excerpt":{"rendered":"<p>Schwert, das von der Netflix-Serie \"The Witcher\" inspiriert wurde.<\/p>\n<ul>\n<li>Garde und Knauf aus Vollstahl.<\/li>\n<li>Klinge aus 440er Stahl, mit Hohlkehle.<\/li>\n<li>Mit wei\u00dfem Leder \u00fcberzogene Scheide.<\/li>\n<li>Griff ABS wei\u00df<\/li>\n<li>L\u00e4nge der Klinge: 90,5cm - Gesamtl\u00e4nge: 122cm<\/li>\n<li>Gewicht: 1045grs<\/li>\n<\/ul>\n<p><span style=\"color: #ff0000;\"><strong>Der Anh\u00e4nger mit den roten Augen wird dir mit diesem Schwert geschenkt.<\/strong><\/span><\/p>","protected":false},"featured_media":44257,"template":"","meta":[],"product_brand":[896],"product_cat":[23,58],"product_tag":[],"class_list":{"0":"post-44256","1":"product","2":"type-product","3":"status-publish","4":"has-post-thumbnail","6":"product_brand-replique-manga-cine","7":"product_cat-repliques-manga-jeux-video","8":"product_cat-epee-the-witcher","10":"first","11":"instock","12":"sale","13":"taxable","14":"shipping-taxable","15":"purchasable","16":"product-type-simple"},"yoast_head":"<!-- This site is optimized with the Yoast SEO plugin v27.5 - https:\/\/yoast.com\/product\/yoast-seo-wordpress\/ -->\n<title>Ep\u00e9e argent Geralt de riv - The Witcher - Boutique en ligne - RMC<\/title>\n<meta name=\"description\" content=\"Exclusivit\u00e9 ! l&#039;Ep\u00e9e argent Geralt de riv dans The Witcher saison 2 au meilleur prix. Lame acier - Echelle 1\/1 - Longueur : 122 cm - Envoi 24\/48h\" \/>\n<meta name=\"robots\" content=\"index, follow, max-snippet:-1, max-image-preview:large, max-video-preview:-1\" \/>\n<link rel=\"canonical\" href=\"https:\/\/repliquemangacine.fr\/de\/schwert-the-witcher\/silbernes-schwert-geralt-de-riv-the-witcher\/\" \/>\n<meta property=\"og:locale\" content=\"de_DE\" \/>\n<meta property=\"og:type\" content=\"article\" \/>\n<meta property=\"og:title\" content=\"Ep\u00e9e argent Geralt de riv - The Witcher - Boutique en ligne - RMC\" \/>\n<meta property=\"og:description\" content=\"Exclusivit\u00e9 ! l&#039;Ep\u00e9e argent Geralt de riv dans The Witcher saison 2 au meilleur prix. Lame acier - Echelle 1\/1 - Longueur : 122 cm - Envoi 24\/48h\" \/>\n<meta property=\"og:url\" content=\"https:\/\/repliquemangacine.fr\/de\/schwert-the-witcher\/silbernes-schwert-geralt-de-riv-the-witcher\/\" \/>\n<meta property=\"og:site_name\" content=\"R\u00e9plique Manga Cin\u00e9\" \/>\n<meta property=\"article:publisher\" content=\"https:\/\/www.facebook.com\/RepliqueMangaCine\" \/>\n<meta property=\"article:modified_time\" content=\"2025-12-07T14:01:58+00:00\" \/>\n<meta property=\"og:image\" content=\"https:\/\/repliquemangacine.fr\/wp-content\/uploads\/2023\/10\/epee-the-witcher-lamefourreaublanc.png\" \/>\n\t<meta property=\"og:image:width\" content=\"600\" \/>\n\t<meta property=\"og:image:height\" content=\"600\" \/>\n\t<meta property=\"og:image:type\" content=\"image\/png\" \/>\n<meta name=\"twitter:card\" content=\"summary_large_image\" \/>\n<meta name=\"twitter:label1\" content=\"Gesch\u00e4tzte Lesezeit\" \/>\n\t<meta name=\"twitter:data1\" content=\"1\u00a0Minute\" \/>\n<script type=\"application\/ld+json\" class=\"yoast-schema-graph\">{\"@context\":\"https:\\\/\\\/schema.org\",\"@graph\":[{\"@type\":\"WebPage\",\"@id\":\"https:\\\/\\\/repliquemangacine.fr\\\/epee-the-witcher\\\/epee-argent-geralt-de-riv-the-witcher\\\/\",\"url\":\"https:\\\/\\\/repliquemangacine.fr\\\/epee-the-witcher\\\/epee-argent-geralt-de-riv-the-witcher\\\/\",\"name\":\"Ep\u00e9e argent Geralt de riv - The Witcher - Boutique en ligne - RMC\",\"isPartOf\":{\"@id\":\"https:\\\/\\\/repliquemangacine.fr\\\/#website\"},\"primaryImageOfPage\":{\"@id\":\"https:\\\/\\\/repliquemangacine.fr\\\/epee-the-witcher\\\/epee-argent-geralt-de-riv-the-witcher\\\/#primaryimage\"},\"image\":{\"@id\":\"https:\\\/\\\/repliquemangacine.fr\\\/epee-the-witcher\\\/epee-argent-geralt-de-riv-the-witcher\\\/#primaryimage\"},\"thumbnailUrl\":\"https:\\\/\\\/repliquemangacine.fr\\\/wp-content\\\/uploads\\\/2023\\\/10\\\/epee-the-witcher-lamefourreaublanc.png\",\"datePublished\":\"2021-11-09T14:46:41+00:00\",\"dateModified\":\"2025-12-07T14:01:58+00:00\",\"description\":\"Exclusivit\u00e9 ! l'Ep\u00e9e argent Geralt de riv dans The Witcher saison 2 au meilleur prix. Lame acier - Echelle 1\\\/1 - Longueur : 122 cm - Envoi 24\\\/48h\",\"breadcrumb\":{\"@id\":\"https:\\\/\\\/repliquemangacine.fr\\\/epee-the-witcher\\\/epee-argent-geralt-de-riv-the-witcher\\\/#breadcrumb\"},\"inLanguage\":\"de\",\"potentialAction\":[{\"@type\":\"ReadAction\",\"target\":[\"https:\\\/\\\/repliquemangacine.fr\\\/epee-the-witcher\\\/epee-argent-geralt-de-riv-the-witcher\\\/\"]}]},{\"@type\":\"ImageObject\",\"inLanguage\":\"de\",\"@id\":\"https:\\\/\\\/repliquemangacine.fr\\\/epee-the-witcher\\\/epee-argent-geralt-de-riv-the-witcher\\\/#primaryimage\",\"url\":\"https:\\\/\\\/repliquemangacine.fr\\\/wp-content\\\/uploads\\\/2023\\\/10\\\/epee-the-witcher-lamefourreaublanc.png\",\"contentUrl\":\"https:\\\/\\\/repliquemangacine.fr\\\/wp-content\\\/uploads\\\/2023\\\/10\\\/epee-the-witcher-lamefourreaublanc.png\",\"width\":600,\"height\":600,\"caption\":\"Ep\u00e9e argent Geralt de riv The witcher\"},{\"@type\":\"BreadcrumbList\",\"@id\":\"https:\\\/\\\/repliquemangacine.fr\\\/epee-the-witcher\\\/epee-argent-geralt-de-riv-the-witcher\\\/#breadcrumb\",\"itemListElement\":[{\"@type\":\"ListItem\",\"position\":1,\"name\":\"Accueil\",\"item\":\"https:\\\/\\\/repliquemangacine.fr\\\/\"},{\"@type\":\"ListItem\",\"position\":2,\"name\":\"Produits\",\"item\":\"https:\\\/\\\/repliquemangacine.fr\\\/boutique\\\/\"},{\"@type\":\"ListItem\",\"position\":3,\"name\":\"Ep\u00e9e argent Geralt de riv The Witcher\"}]},{\"@type\":\"WebSite\",\"@id\":\"https:\\\/\\\/repliquemangacine.fr\\\/#website\",\"url\":\"https:\\\/\\\/repliquemangacine.fr\\\/\",\"name\":\"R\u00e9plique Manga Cin\u00e9\",\"description\":\"\",\"publisher\":{\"@id\":\"https:\\\/\\\/repliquemangacine.fr\\\/#organization\"},\"potentialAction\":[{\"@type\":\"SearchAction\",\"target\":{\"@type\":\"EntryPoint\",\"urlTemplate\":\"https:\\\/\\\/repliquemangacine.fr\\\/?s={search_term_string}\"},\"query-input\":{\"@type\":\"PropertyValueSpecification\",\"valueRequired\":true,\"valueName\":\"search_term_string\"}}],\"inLanguage\":\"de\"},{\"@type\":\"Organization\",\"@id\":\"https:\\\/\\\/repliquemangacine.fr\\\/#organization\",\"name\":\"R\u00e9plique Manga Cin\u00e9\",\"url\":\"https:\\\/\\\/repliquemangacine.fr\\\/\",\"logo\":{\"@type\":\"ImageObject\",\"inLanguage\":\"de\",\"@id\":\"https:\\\/\\\/repliquemangacine.fr\\\/#\\\/schema\\\/logo\\\/image\\\/\",\"url\":\"https:\\\/\\\/repliquemangacine.fr\\\/wp-content\\\/uploads\\\/2023\\\/10\\\/RMC-500250.png\",\"contentUrl\":\"https:\\\/\\\/repliquemangacine.fr\\\/wp-content\\\/uploads\\\/2023\\\/10\\\/RMC-500250.png\",\"width\":500,\"height\":250,\"caption\":\"R\u00e9plique Manga Cin\u00e9\"},\"image\":{\"@id\":\"https:\\\/\\\/repliquemangacine.fr\\\/#\\\/schema\\\/logo\\\/image\\\/\"},\"sameAs\":[\"https:\\\/\\\/www.facebook.com\\\/RepliqueMangaCine\",\"https:\\\/\\\/www.instagram.com\\\/repliquemangacine.fr\\\/\"]}]}<\/script>\n<!-- \/ Yoast SEO plugin. -->","yoast_head_json":{"title":"Silbernes Schwert Geralt de riv - The Witcher - Online-Shop - RMC","description":"Exklusiv! Das Silberschwert Geralt de riv in The Witcher Saison 2 zum besten Preis. Stahlklinge - Ma\u00dfstab 1\/1 - L\u00e4nge: 122 cm - Versand 24\/48h","robots":{"index":"index","follow":"follow","max-snippet":"max-snippet:-1","max-image-preview":"max-image-preview:large","max-video-preview":"max-video-preview:-1"},"canonical":"https:\/\/repliquemangacine.fr\/de\/schwert-the-witcher\/silbernes-schwert-geralt-de-riv-the-witcher\/","og_locale":"de_DE","og_type":"article","og_title":"Ep\u00e9e argent Geralt de riv - The Witcher - Boutique en ligne - RMC","og_description":"Exclusivit\u00e9 ! l'Ep\u00e9e argent Geralt de riv dans The Witcher saison 2 au meilleur prix. Lame acier - Echelle 1\/1 - Longueur : 122 cm - Envoi 24\/48h","og_url":"https:\/\/repliquemangacine.fr\/de\/schwert-the-witcher\/silbernes-schwert-geralt-de-riv-the-witcher\/","og_site_name":"R\u00e9plique Manga Cin\u00e9","article_publisher":"https:\/\/www.facebook.com\/RepliqueMangaCine","article_modified_time":"2025-12-07T14:01:58+00:00","og_image":[{"width":600,"height":600,"url":"https:\/\/repliquemangacine.fr\/wp-content\/uploads\/2023\/10\/epee-the-witcher-lamefourreaublanc.png","type":"image\/png"}],"twitter_card":"summary_large_image","twitter_misc":{"Gesch\u00e4tzte Lesezeit":"1\u00a0Minute"},"schema":{"@context":"https:\/\/schema.org","@graph":[{"@type":"WebPage","@id":"https:\/\/repliquemangacine.fr\/epee-the-witcher\/epee-argent-geralt-de-riv-the-witcher\/","url":"https:\/\/repliquemangacine.fr\/epee-the-witcher\/epee-argent-geralt-de-riv-the-witcher\/","name":"Silbernes Schwert Geralt de riv - The Witcher - Online-Shop - RMC","isPartOf":{"@id":"https:\/\/repliquemangacine.fr\/#website"},"primaryImageOfPage":{"@id":"https:\/\/repliquemangacine.fr\/epee-the-witcher\/epee-argent-geralt-de-riv-the-witcher\/#primaryimage"},"image":{"@id":"https:\/\/repliquemangacine.fr\/epee-the-witcher\/epee-argent-geralt-de-riv-the-witcher\/#primaryimage"},"thumbnailUrl":"https:\/\/repliquemangacine.fr\/wp-content\/uploads\/2023\/10\/epee-the-witcher-lamefourreaublanc.png","datePublished":"2021-11-09T14:46:41+00:00","dateModified":"2025-12-07T14:01:58+00:00","description":"Exklusiv! Das Silberschwert Geralt de riv in The Witcher Saison 2 zum besten Preis. Stahlklinge - Ma\u00dfstab 1\/1 - L\u00e4nge: 122 cm - Versand 24\/48h","breadcrumb":{"@id":"https:\/\/repliquemangacine.fr\/epee-the-witcher\/epee-argent-geralt-de-riv-the-witcher\/#breadcrumb"},"inLanguage":"de","potentialAction":[{"@type":"ReadAction","target":["https:\/\/repliquemangacine.fr\/epee-the-witcher\/epee-argent-geralt-de-riv-the-witcher\/"]}]},{"@type":"ImageObject","inLanguage":"de","@id":"https:\/\/repliquemangacine.fr\/epee-the-witcher\/epee-argent-geralt-de-riv-the-witcher\/#primaryimage","url":"https:\/\/repliquemangacine.fr\/wp-content\/uploads\/2023\/10\/epee-the-witcher-lamefourreaublanc.png","contentUrl":"https:\/\/repliquemangacine.fr\/wp-content\/uploads\/2023\/10\/epee-the-witcher-lamefourreaublanc.png","width":600,"height":600,"caption":"Ep\u00e9e argent Geralt de riv The witcher"},{"@type":"BreadcrumbList","@id":"https:\/\/repliquemangacine.fr\/epee-the-witcher\/epee-argent-geralt-de-riv-the-witcher\/#breadcrumb","itemListElement":[{"@type":"ListItem","position":1,"name":"Accueil","item":"https:\/\/repliquemangacine.fr\/"},{"@type":"ListItem","position":2,"name":"Produits","item":"https:\/\/repliquemangacine.fr\/boutique\/"},{"@type":"ListItem","position":3,"name":"Ep\u00e9e argent Geralt de riv The Witcher"}]},{"@type":"WebSite","@id":"https:\/\/repliquemangacine.fr\/#website","url":"https:\/\/repliquemangacine.fr\/","name":"R\u00e9plique Manga Cin\u00e9","description":"","publisher":{"@id":"https:\/\/repliquemangacine.fr\/#organization"},"potentialAction":[{"@type":"SearchAction","target":{"@type":"EntryPoint","urlTemplate":"https:\/\/repliquemangacine.fr\/?s={search_term_string}"},"query-input":{"@type":"PropertyValueSpecification","valueRequired":true,"valueName":"search_term_string"}}],"inLanguage":"de"},{"@type":"Organization","@id":"https:\/\/repliquemangacine.fr\/#organization","name":"R\u00e9plique Manga Cin\u00e9","url":"https:\/\/repliquemangacine.fr\/","logo":{"@type":"ImageObject","inLanguage":"de","@id":"https:\/\/repliquemangacine.fr\/#\/schema\/logo\/image\/","url":"https:\/\/repliquemangacine.fr\/wp-content\/uploads\/2023\/10\/RMC-500250.png","contentUrl":"https:\/\/repliquemangacine.fr\/wp-content\/uploads\/2023\/10\/RMC-500250.png","width":500,"height":250,"caption":"R\u00e9plique Manga Cin\u00e9"},"image":{"@id":"https:\/\/repliquemangacine.fr\/#\/schema\/logo\/image\/"},"sameAs":["https:\/\/www.facebook.com\/RepliqueMangaCine","https:\/\/www.instagram.com\/repliquemangacine.fr\/"]}]}},"_links":{"self":[{"href":"https:\/\/repliquemangacine.fr\/de\/wp-json\/wp\/v2\/product\/44256","targetHints":{"allow":["GET"]}}],"collection":[{"href":"https:\/\/repliquemangacine.fr\/de\/wp-json\/wp\/v2\/product"}],"about":[{"href":"https:\/\/repliquemangacine.fr\/de\/wp-json\/wp\/v2\/types\/product"}],"wp:featuredmedia":[{"embeddable":true,"href":"https:\/\/repliquemangacine.fr\/de\/wp-json\/wp\/v2\/media\/44257"}],"wp:attachment":[{"href":"https:\/\/repliquemangacine.fr\/de\/wp-json\/wp\/v2\/media?parent=44256"}],"wp:term":[{"taxonomy":"product_brand","embeddable":true,"href":"https:\/\/repliquemangacine.fr\/de\/wp-json\/wp\/v2\/product_brand?post=44256"},{"taxonomy":"product_cat","embeddable":true,"href":"https:\/\/repliquemangacine.fr\/de\/wp-json\/wp\/v2\/product_cat?post=44256"},{"taxonomy":"product_tag","embeddable":true,"href":"https:\/\/repliquemangacine.fr\/de\/wp-json\/wp\/v2\/product_tag?post=44256"}],"curies":[{"name":"wp","href":"https:\/\/api.w.org\/{rel}","templated":true}]}}