





{"id":43913,"date":"2021-10-28T12:40:03","date_gmt":"2021-10-28T10:40:03","guid":{"rendered":"https:\/\/repliquemangacine.fr\/?post_type=product&#038;p=43913"},"modified":"2026-02-15T21:27:23","modified_gmt":"2026-02-15T20:27:23","slug":"wandhalterung-gondorbaum","status":"publish","type":"product","link":"https:\/\/repliquemangacine.fr\/de\/epee-templier-medievale\/support-mural-arbre-du-gondor\/","title":{"rendered":"Wandhalterung Gondorbaum SDA"},"content":{"rendered":"<p>Wandhalterung Baum von Gondor f\u00fcr alle Ihre Herr der Ringe-Schwerter<\/p>\n<p>Der Wei\u00dfe Baum von Gondor stammt direkt von einer Nimloth-Frucht ab, die Isildur vor der Zerst\u00f6rung retten konnte. Er steht im Brunnenhof in Minas Tirith. Das Motiv des Wei\u00dfen Baumes ist auch auf der Flagge Gondors abgebildet.<\/p>\n<p>Im Jahr 2872 des Dritten Zeitalters starb der Wei\u00dfe Baum von Gondor, ohne dass ein Setzling gefunden wurde, um ihn neu zu pflanzen. So blieb er im Hof vor dem Turm von Ecthelion stehen. Im Mai 3019, nach dem Ende des Ringkrieges, fand Aragorn an den H\u00e4ngen des Berges Mindolluin jedoch einen Strauch, der vom Wei\u00dfen Baum abstammte. ( gesammelte Aussagen <a href=\"https:\/\/www.tolkiendil.com\/encyclo\/biologie\/flore\/arbre_blanc_du_gondor\">Tolkiendil<\/a> )<\/p>\n<p>Diese Wandplatte ist ideal f\u00fcr eine gro\u00dfartige Ausstellung Ihrer Schwerter aus der ber\u00fchmten Trilogie \"Der Herr der Ringe\".<\/p>\n<p>Mit der Wandhalterung Baum von Gondor kannst du deine Sammlung versch\u00f6nern, indem du die Schwerter deiner Wahl an der Wand ausstellst. Wie zum Beispiel das<a href=\"https:\/\/repliquemangacine.fr\/de\/herr-der-ringe-schwerter\/anduril-epee-aragorn-herr-der-ringe\/\">Schwert Anduril mit Scheide<\/a>sowie die<a href=\"https:\/\/repliquemangacine.fr\/de\/herr-der-ringe-schwerter\/strider-epee-aragorn-scabbard\/\">Striderschwert Scabbard<\/a> die beide ohne die Wandplatte geliefert werden. Beachten Sie, dass die Hersteller nur sehr selten eine Pr\u00e4sentationsplatte anbringen, wenn eine H\u00fclse vorhanden ist.<\/p>","protected":false},"excerpt":{"rendered":"<p>Wundersch\u00f6ne Wandplatte ganz aus Holz mit Siebdruck des Ideogramms aus \"Der Herr der Ringe\".<\/p>\n<p>Wird mit seinem Schraubensatz geliefert<\/p>","protected":false},"featured_media":43914,"template":"","meta":[],"product_brand":[896],"product_cat":[50,25,84,68,24,29,43],"product_tag":[],"class_list":{"0":"post-43913","1":"product","2":"type-product","3":"status-publish","4":"has-post-thumbnail","6":"product_brand-replique-manga-cine","7":"product_cat-accessoires-katana","8":"product_cat-armes-historiques","9":"product_cat-epee-templier-medievale","10":"product_cat-epees-seigneur-des-anneaux","11":"product_cat-films-series-tv-vente-de-katana-epee-et-produits-derives","12":"product_cat-le-seigneur-des-anneaux","13":"product_cat-reproductions-d-armes-et-accessoires-medievales","15":"first","16":"instock","17":"taxable","18":"shipping-taxable","19":"purchasable","20":"product-type-simple"},"yoast_head":"<!-- This site is optimized with the Yoast SEO plugin v27.5 - https:\/\/yoast.com\/product\/yoast-seo-wordpress\/ -->\n<title>Support mural Arbre du Gondor - R\u00e9plique Manga Cin\u00e9<\/title>\n<meta name=\"description\" content=\"Support mural Arbre du Gondor en bois, pour vos pr\u00e9sentations de vos \u00e9p\u00e9es du Seigneur des Anneaux. Envoi 24\/48h\" \/>\n<meta name=\"robots\" content=\"index, follow, max-snippet:-1, max-image-preview:large, max-video-preview:-1\" \/>\n<link rel=\"canonical\" href=\"https:\/\/repliquemangacine.fr\/de\/mittelalterliches-schwert-der-templer\/wandhalterung-gondorbaum\/\" \/>\n<meta property=\"og:locale\" content=\"de_DE\" \/>\n<meta property=\"og:type\" content=\"article\" \/>\n<meta property=\"og:title\" content=\"Support mural Arbre du Gondor - R\u00e9plique Manga Cin\u00e9\" \/>\n<meta property=\"og:description\" content=\"Support mural Arbre du Gondor en bois, pour vos pr\u00e9sentations de vos \u00e9p\u00e9es du Seigneur des Anneaux. Envoi 24\/48h\" \/>\n<meta property=\"og:url\" content=\"https:\/\/repliquemangacine.fr\/de\/mittelalterliches-schwert-der-templer\/wandhalterung-gondorbaum\/\" \/>\n<meta property=\"og:site_name\" content=\"R\u00e9plique Manga Cin\u00e9\" \/>\n<meta property=\"article:publisher\" content=\"https:\/\/www.facebook.com\/RepliqueMangaCine\" \/>\n<meta property=\"article:modified_time\" content=\"2026-02-15T20:27:23+00:00\" \/>\n<meta property=\"og:image\" content=\"https:\/\/repliquemangacine.fr\/wp-content\/uploads\/2023\/10\/support-epee-sda.jpg\" \/>\n\t<meta property=\"og:image:width\" content=\"800\" \/>\n\t<meta property=\"og:image:height\" content=\"800\" \/>\n\t<meta property=\"og:image:type\" content=\"image\/jpeg\" \/>\n<meta name=\"twitter:card\" content=\"summary_large_image\" \/>\n<meta name=\"twitter:label1\" content=\"Gesch\u00e4tzte Lesezeit\" \/>\n\t<meta name=\"twitter:data1\" content=\"1\u00a0Minute\" \/>\n<script type=\"application\/ld+json\" class=\"yoast-schema-graph\">{\"@context\":\"https:\\\/\\\/schema.org\",\"@graph\":[{\"@type\":\"WebPage\",\"@id\":\"https:\\\/\\\/repliquemangacine.fr\\\/epee-templier-medievale\\\/support-mural-arbre-du-gondor\\\/\",\"url\":\"https:\\\/\\\/repliquemangacine.fr\\\/epee-templier-medievale\\\/support-mural-arbre-du-gondor\\\/\",\"name\":\"Support mural Arbre du Gondor - R\u00e9plique Manga Cin\u00e9\",\"isPartOf\":{\"@id\":\"https:\\\/\\\/repliquemangacine.fr\\\/#website\"},\"primaryImageOfPage\":{\"@id\":\"https:\\\/\\\/repliquemangacine.fr\\\/epee-templier-medievale\\\/support-mural-arbre-du-gondor\\\/#primaryimage\"},\"image\":{\"@id\":\"https:\\\/\\\/repliquemangacine.fr\\\/epee-templier-medievale\\\/support-mural-arbre-du-gondor\\\/#primaryimage\"},\"thumbnailUrl\":\"https:\\\/\\\/repliquemangacine.fr\\\/wp-content\\\/uploads\\\/2023\\\/10\\\/support-epee-sda.jpg\",\"datePublished\":\"2021-10-28T10:40:03+00:00\",\"dateModified\":\"2026-02-15T20:27:23+00:00\",\"description\":\"Support mural Arbre du Gondor en bois, pour vos pr\u00e9sentations de vos \u00e9p\u00e9es du Seigneur des Anneaux. Envoi 24\\\/48h\",\"breadcrumb\":{\"@id\":\"https:\\\/\\\/repliquemangacine.fr\\\/epee-templier-medievale\\\/support-mural-arbre-du-gondor\\\/#breadcrumb\"},\"inLanguage\":\"de\",\"potentialAction\":[{\"@type\":\"ReadAction\",\"target\":[\"https:\\\/\\\/repliquemangacine.fr\\\/epee-templier-medievale\\\/support-mural-arbre-du-gondor\\\/\"]}]},{\"@type\":\"ImageObject\",\"inLanguage\":\"de\",\"@id\":\"https:\\\/\\\/repliquemangacine.fr\\\/epee-templier-medievale\\\/support-mural-arbre-du-gondor\\\/#primaryimage\",\"url\":\"https:\\\/\\\/repliquemangacine.fr\\\/wp-content\\\/uploads\\\/2023\\\/10\\\/support-epee-sda.jpg\",\"contentUrl\":\"https:\\\/\\\/repliquemangacine.fr\\\/wp-content\\\/uploads\\\/2023\\\/10\\\/support-epee-sda.jpg\",\"width\":800,\"height\":800,\"caption\":\"Plaque murale en bois SDA\"},{\"@type\":\"BreadcrumbList\",\"@id\":\"https:\\\/\\\/repliquemangacine.fr\\\/epee-templier-medievale\\\/support-mural-arbre-du-gondor\\\/#breadcrumb\",\"itemListElement\":[{\"@type\":\"ListItem\",\"position\":1,\"name\":\"Accueil\",\"item\":\"https:\\\/\\\/repliquemangacine.fr\\\/\"},{\"@type\":\"ListItem\",\"position\":2,\"name\":\"Produits\",\"item\":\"https:\\\/\\\/repliquemangacine.fr\\\/boutique\\\/\"},{\"@type\":\"ListItem\",\"position\":3,\"name\":\"Support mural Arbre du Gondor SDA\"}]},{\"@type\":\"WebSite\",\"@id\":\"https:\\\/\\\/repliquemangacine.fr\\\/#website\",\"url\":\"https:\\\/\\\/repliquemangacine.fr\\\/\",\"name\":\"R\u00e9plique Manga Cin\u00e9\",\"description\":\"\",\"publisher\":{\"@id\":\"https:\\\/\\\/repliquemangacine.fr\\\/#organization\"},\"potentialAction\":[{\"@type\":\"SearchAction\",\"target\":{\"@type\":\"EntryPoint\",\"urlTemplate\":\"https:\\\/\\\/repliquemangacine.fr\\\/?s={search_term_string}\"},\"query-input\":{\"@type\":\"PropertyValueSpecification\",\"valueRequired\":true,\"valueName\":\"search_term_string\"}}],\"inLanguage\":\"de\"},{\"@type\":\"Organization\",\"@id\":\"https:\\\/\\\/repliquemangacine.fr\\\/#organization\",\"name\":\"R\u00e9plique Manga Cin\u00e9\",\"url\":\"https:\\\/\\\/repliquemangacine.fr\\\/\",\"logo\":{\"@type\":\"ImageObject\",\"inLanguage\":\"de\",\"@id\":\"https:\\\/\\\/repliquemangacine.fr\\\/#\\\/schema\\\/logo\\\/image\\\/\",\"url\":\"https:\\\/\\\/repliquemangacine.fr\\\/wp-content\\\/uploads\\\/2023\\\/10\\\/RMC-500250.png\",\"contentUrl\":\"https:\\\/\\\/repliquemangacine.fr\\\/wp-content\\\/uploads\\\/2023\\\/10\\\/RMC-500250.png\",\"width\":500,\"height\":250,\"caption\":\"R\u00e9plique Manga Cin\u00e9\"},\"image\":{\"@id\":\"https:\\\/\\\/repliquemangacine.fr\\\/#\\\/schema\\\/logo\\\/image\\\/\"},\"sameAs\":[\"https:\\\/\\\/www.facebook.com\\\/RepliqueMangaCine\",\"https:\\\/\\\/www.instagram.com\\\/repliquemangacine.fr\\\/\"]}]}<\/script>\n<!-- \/ Yoast SEO plugin. -->","yoast_head_json":{"title":"Wandhalterung Gondorbaum - R\u00e9plique Manga Cin\u00e9","description":"Wandhalterung Baum von Gondor aus Holz, f\u00fcr Ihre Pr\u00e4sentationen Ihrer Schwerter aus \"Der Herr der Ringe\". Versand 24\/48h","robots":{"index":"index","follow":"follow","max-snippet":"max-snippet:-1","max-image-preview":"max-image-preview:large","max-video-preview":"max-video-preview:-1"},"canonical":"https:\/\/repliquemangacine.fr\/de\/mittelalterliches-schwert-der-templer\/wandhalterung-gondorbaum\/","og_locale":"de_DE","og_type":"article","og_title":"Support mural Arbre du Gondor - R\u00e9plique Manga Cin\u00e9","og_description":"Support mural Arbre du Gondor en bois, pour vos pr\u00e9sentations de vos \u00e9p\u00e9es du Seigneur des Anneaux. Envoi 24\/48h","og_url":"https:\/\/repliquemangacine.fr\/de\/mittelalterliches-schwert-der-templer\/wandhalterung-gondorbaum\/","og_site_name":"R\u00e9plique Manga Cin\u00e9","article_publisher":"https:\/\/www.facebook.com\/RepliqueMangaCine","article_modified_time":"2026-02-15T20:27:23+00:00","og_image":[{"width":800,"height":800,"url":"https:\/\/repliquemangacine.fr\/wp-content\/uploads\/2023\/10\/support-epee-sda.jpg","type":"image\/jpeg"}],"twitter_card":"summary_large_image","twitter_misc":{"Gesch\u00e4tzte Lesezeit":"1\u00a0Minute"},"schema":{"@context":"https:\/\/schema.org","@graph":[{"@type":"WebPage","@id":"https:\/\/repliquemangacine.fr\/epee-templier-medievale\/support-mural-arbre-du-gondor\/","url":"https:\/\/repliquemangacine.fr\/epee-templier-medievale\/support-mural-arbre-du-gondor\/","name":"Wandhalterung Gondorbaum - R\u00e9plique Manga Cin\u00e9","isPartOf":{"@id":"https:\/\/repliquemangacine.fr\/#website"},"primaryImageOfPage":{"@id":"https:\/\/repliquemangacine.fr\/epee-templier-medievale\/support-mural-arbre-du-gondor\/#primaryimage"},"image":{"@id":"https:\/\/repliquemangacine.fr\/epee-templier-medievale\/support-mural-arbre-du-gondor\/#primaryimage"},"thumbnailUrl":"https:\/\/repliquemangacine.fr\/wp-content\/uploads\/2023\/10\/support-epee-sda.jpg","datePublished":"2021-10-28T10:40:03+00:00","dateModified":"2026-02-15T20:27:23+00:00","description":"Wandhalterung Baum von Gondor aus Holz, f\u00fcr Ihre Pr\u00e4sentationen Ihrer Schwerter aus \"Der Herr der Ringe\". Versand 24\/48h","breadcrumb":{"@id":"https:\/\/repliquemangacine.fr\/epee-templier-medievale\/support-mural-arbre-du-gondor\/#breadcrumb"},"inLanguage":"de","potentialAction":[{"@type":"ReadAction","target":["https:\/\/repliquemangacine.fr\/epee-templier-medievale\/support-mural-arbre-du-gondor\/"]}]},{"@type":"ImageObject","inLanguage":"de","@id":"https:\/\/repliquemangacine.fr\/epee-templier-medievale\/support-mural-arbre-du-gondor\/#primaryimage","url":"https:\/\/repliquemangacine.fr\/wp-content\/uploads\/2023\/10\/support-epee-sda.jpg","contentUrl":"https:\/\/repliquemangacine.fr\/wp-content\/uploads\/2023\/10\/support-epee-sda.jpg","width":800,"height":800,"caption":"Plaque murale en bois SDA"},{"@type":"BreadcrumbList","@id":"https:\/\/repliquemangacine.fr\/epee-templier-medievale\/support-mural-arbre-du-gondor\/#breadcrumb","itemListElement":[{"@type":"ListItem","position":1,"name":"Accueil","item":"https:\/\/repliquemangacine.fr\/"},{"@type":"ListItem","position":2,"name":"Produits","item":"https:\/\/repliquemangacine.fr\/boutique\/"},{"@type":"ListItem","position":3,"name":"Support mural Arbre du Gondor SDA"}]},{"@type":"WebSite","@id":"https:\/\/repliquemangacine.fr\/#website","url":"https:\/\/repliquemangacine.fr\/","name":"R\u00e9plique Manga Cin\u00e9","description":"","publisher":{"@id":"https:\/\/repliquemangacine.fr\/#organization"},"potentialAction":[{"@type":"SearchAction","target":{"@type":"EntryPoint","urlTemplate":"https:\/\/repliquemangacine.fr\/?s={search_term_string}"},"query-input":{"@type":"PropertyValueSpecification","valueRequired":true,"valueName":"search_term_string"}}],"inLanguage":"de"},{"@type":"Organization","@id":"https:\/\/repliquemangacine.fr\/#organization","name":"R\u00e9plique Manga Cin\u00e9","url":"https:\/\/repliquemangacine.fr\/","logo":{"@type":"ImageObject","inLanguage":"de","@id":"https:\/\/repliquemangacine.fr\/#\/schema\/logo\/image\/","url":"https:\/\/repliquemangacine.fr\/wp-content\/uploads\/2023\/10\/RMC-500250.png","contentUrl":"https:\/\/repliquemangacine.fr\/wp-content\/uploads\/2023\/10\/RMC-500250.png","width":500,"height":250,"caption":"R\u00e9plique Manga Cin\u00e9"},"image":{"@id":"https:\/\/repliquemangacine.fr\/#\/schema\/logo\/image\/"},"sameAs":["https:\/\/www.facebook.com\/RepliqueMangaCine","https:\/\/www.instagram.com\/repliquemangacine.fr\/"]}]}},"_links":{"self":[{"href":"https:\/\/repliquemangacine.fr\/de\/wp-json\/wp\/v2\/product\/43913","targetHints":{"allow":["GET"]}}],"collection":[{"href":"https:\/\/repliquemangacine.fr\/de\/wp-json\/wp\/v2\/product"}],"about":[{"href":"https:\/\/repliquemangacine.fr\/de\/wp-json\/wp\/v2\/types\/product"}],"wp:featuredmedia":[{"embeddable":true,"href":"https:\/\/repliquemangacine.fr\/de\/wp-json\/wp\/v2\/media\/43914"}],"wp:attachment":[{"href":"https:\/\/repliquemangacine.fr\/de\/wp-json\/wp\/v2\/media?parent=43913"}],"wp:term":[{"taxonomy":"product_brand","embeddable":true,"href":"https:\/\/repliquemangacine.fr\/de\/wp-json\/wp\/v2\/product_brand?post=43913"},{"taxonomy":"product_cat","embeddable":true,"href":"https:\/\/repliquemangacine.fr\/de\/wp-json\/wp\/v2\/product_cat?post=43913"},{"taxonomy":"product_tag","embeddable":true,"href":"https:\/\/repliquemangacine.fr\/de\/wp-json\/wp\/v2\/product_tag?post=43913"}],"curies":[{"name":"wp","href":"https:\/\/api.w.org\/{rel}","templated":true}]}}