





{"id":43253,"date":"2021-09-30T15:26:05","date_gmt":"2021-09-30T13:26:05","guid":{"rendered":"https:\/\/repliquemangacine.fr\/?post_type=product&#038;p=43253"},"modified":"2026-02-01T21:00:37","modified_gmt":"2026-02-01T20:00:37","slug":"pistole-napoleon-2-kanonen-denix","status":"publish","type":"product","link":"https:\/\/repliquemangacine.fr\/de\/replique-d-armes-1er-empire\/pistolet-napoleon-2-canons-denix\/","title":{"rendered":"Napoleon-Pistole 2 L\u00e4ufe"},"content":{"rendered":"<h2>Napoleon-Pistole 2 Kanonen 1806 Denix.<\/h2>\n<p>Zun\u00e4chst die Pistole Napol\u00e9on 2 canons 1806, die in Saint-Etienne von Jean-Baptiste Gribeauval auf ausdr\u00fccklichen Befehl von Kaiser Napoleon I. hergestellt wurde. Sie tr\u00e4gt sein Emblem auf dem Griff. Napoleon benutzte sie \u00fcbrigens als Reisepistole.<\/p>\n<p>Funkenpistolen hatten einen Feuerstein oder Feuerstein, der durch den Hammer ausgel\u00f6st wurde und den Funken erzeugte, der das Schie\u00dfpulver entz\u00fcndete. Bei all diesen Waffen musste die Munition nach jedem Schuss von Hand nachgeladen werden.<\/p>\n<p>Die Steinschlosspistole blieb \u00fcber 200 Jahre lang die am h\u00e4ufigsten verwendete Waffe in ganz Europa und dar\u00fcber hinaus. Sie wurde vor allem w\u00e4hrend der napoleonischen \u00c4ra von den Armeen verwendet. Daher ist sie auch bei historischen Reenactments sehr gefragt.<\/p>\n<h2>Ihre Napoleon-Pistole 2 Kanonen 1806 zum besten Preis.<\/h2>\n<p>Wir bieten Ihnen eine gro\u00dfe Auswahl an Repliken antiker Denix-Waffen.<\/p>\n<p>Zun\u00e4chst einmal,<\/p>\n<ul>\n<li>Die Pistole <a href=\"https:\/\/repliquemangacine.fr\/de\/replik-von-waffen-1-empire\/derringer-pistole-philadelphia-denix\/\">Derringer Philadelphia<\/a>. Waffe, die bei der Ermordung von Abraham Lincoln verwendet wurde.<\/li>\n<li>Sowie das <a href=\"https:\/\/repliquemangacine.fr\/de\/antike-pistole\/linkshandige-steinschlosspistole-denix\/\">Steinschlosspistole Napoleon<\/a> speziell f\u00fcr Linksh\u00e4nder.<\/li>\n<li>Und noch viel mehr gibt es in unserem Online-Shop zu entdecken!<\/li>\n<\/ul>\n<p>Deshalb sind hier tolle Geschenkideen f\u00fcr alle Liebhaber alter Waffen.<\/p>\n<p>Abschlie\u00dfend k\u00f6nnen Sie den <strong>Napoleon-Pistole 2 Kanonen 1806<\/strong> f\u00fcr Ihre historischen Nachstellungen. Vor allem aber ist es ein Sammler- und Dekorationsst\u00fcck.<\/p>\n<p>R\u00e9plique Manga Cin\u00e9 ist ein franz\u00f6sisches Familienunternehmen, offizieller Vertriebspartner <a href=\"https:\/\/www.denix.fr\/fr\/catalogue\/armes-historiques-s-xvi-xix\/pistolets\/1026\/\" target=\"_blank\" rel=\"noopener noreferrer\">Denix<\/a>.<\/p>\n<h2>Wie werden Denix-Waffenrepliken hergestellt?<\/h2>\n<p>Werden in historischen Rekonstruktionen, Filmen und Serien sowie von Sammlern verwendet. Denix-Waffenreproduktionen, die aus hochwertigen Materialien hergestellt werden. Sorgf\u00e4ltig bearbeitet und zusammengesetzt, um realistische Sammlerwaffen zu schaffen.<\/p>\n<ul>\n<li>Die Metalle sind in einer Metalllegierung, die als Zamac bekannt ist und deren Grundzusammensetzung Zink in 95% ist.<\/li>\n<li>Die Kunststoffteile der Repliken aus geformtem ABS, das eine hohe Widerstandsf\u00e4higkeit bietet.<\/li>\n<li>Holz, das aufgrund seiner Sch\u00f6nheit und Haltbarkeit ausgew\u00e4hlt wird, wie z. B. Mahagoni, Olivenholz oder Walnuss, verleiht Ihren Sch\u00e4ften und F\u00e4ssern ein elegantes und authentisches Aussehen.<\/li>\n<\/ul>\n<p>Es sei darauf hingewiesen, dass alle Nachbildungen von Denix-Waffen mit den Originalen identisch sind, wie Ihr <strong>Napoleon-Pistole 2 Kanonen 1806<\/strong>.<\/p>","protected":false},"excerpt":{"rendered":"<p>Napoleon-Pistole, die mit dem Originalmodell identisch ist.<\/p>\n<ul>\n<li>Fein gravierte Sch\u00e4ftung aus Massivholz mit dem Emblem der Krone.<\/li>\n<li>Mechanismus und beide L\u00e4ufe sind aus Zamak.<\/li>\n<li>Bewaffnet sich und schl\u00e4gt zu wie ein echter<\/li>\n<li>Ungeeignet zum Schie\u00dfen.<\/li>\n<li>Unterliegt keiner Genehmigungspflicht. Verkauf und Besitz frei.<\/li>\n<li>L\u00e4nge: 37 cm - Gewicht 1190 grs<\/li>\n<\/ul>","protected":false},"featured_media":43254,"template":"","meta":[],"product_brand":[896],"product_cat":[25,102,52,37,83,28,833],"product_tag":[],"class_list":{"0":"post-43253","1":"product","2":"type-product","3":"status-publish","4":"has-post-thumbnail","6":"product_brand-replique-manga-cine","7":"product_cat-armes-historiques","8":"product_cat-denix","9":"product_cat-pistolet-ancien","10":"product_cat-premier-empire","11":"product_cat-replique-d-armes-1er-empire","12":"product_cat-repliques-darmes","13":"product_cat-repliques-darmes-napoleon","15":"first","16":"outofstock","17":"sale","18":"taxable","19":"shipping-taxable","20":"purchasable","21":"product-type-simple"},"yoast_head":"<!-- This site is optimized with the Yoast SEO plugin v27.5 - https:\/\/yoast.com\/product\/yoast-seo-wordpress\/ -->\n<title>Pistolet Napol\u00e9on 2 canons - Denix - R\u00e9plique Manga Cin\u00e9<\/title>\n<meta name=\"description\" content=\"Offrez-lui ce Pistolet Napol\u00e9on 2 canons au meilleur prix - Bois et m\u00e9tal - M\u00e9canisme de simulation - Insigne Napol\u00e9on sur la crosse - Denix - Longueur 37cm\" \/>\n<meta name=\"robots\" content=\"index, follow, max-snippet:-1, max-image-preview:large, max-video-preview:-1\" \/>\n<link rel=\"canonical\" href=\"https:\/\/repliquemangacine.fr\/de\/repliken-darmen-napoleon\/pistole-napoleon-2-kanonen-denix\/\" \/>\n<meta property=\"og:locale\" content=\"de_DE\" \/>\n<meta property=\"og:type\" content=\"article\" \/>\n<meta property=\"og:title\" content=\"Pistolet Napol\u00e9on 2 canons - Denix - R\u00e9plique Manga Cin\u00e9\" \/>\n<meta property=\"og:description\" content=\"Offrez-lui ce Pistolet Napol\u00e9on 2 canons au meilleur prix - Bois et m\u00e9tal - M\u00e9canisme de simulation - Insigne Napol\u00e9on sur la crosse - Denix - Longueur 37cm\" \/>\n<meta property=\"og:url\" content=\"https:\/\/repliquemangacine.fr\/de\/repliken-darmen-napoleon\/pistole-napoleon-2-kanonen-denix\/\" \/>\n<meta property=\"og:site_name\" content=\"R\u00e9plique Manga Cin\u00e9\" \/>\n<meta property=\"article:publisher\" content=\"https:\/\/www.facebook.com\/RepliqueMangaCine\" \/>\n<meta property=\"article:modified_time\" content=\"2026-02-01T20:00:37+00:00\" \/>\n<meta property=\"og:image\" content=\"https:\/\/repliquemangacine.fr\/wp-content\/uploads\/2023\/10\/1026.jpg\" \/>\n\t<meta property=\"og:image:width\" content=\"800\" \/>\n\t<meta property=\"og:image:height\" content=\"800\" \/>\n\t<meta property=\"og:image:type\" content=\"image\/jpeg\" \/>\n<meta name=\"twitter:card\" content=\"summary_large_image\" \/>\n<meta name=\"twitter:label1\" content=\"Gesch\u00e4tzte Lesezeit\" \/>\n\t<meta name=\"twitter:data1\" content=\"2\u00a0Minuten\" \/>\n<script type=\"application\/ld+json\" class=\"yoast-schema-graph\">{\"@context\":\"https:\\\/\\\/schema.org\",\"@graph\":[{\"@type\":\"WebPage\",\"@id\":\"https:\\\/\\\/repliquemangacine.fr\\\/repliques-darmes-napoleon\\\/pistolet-napoleon-2-canons-denix\\\/\",\"url\":\"https:\\\/\\\/repliquemangacine.fr\\\/repliques-darmes-napoleon\\\/pistolet-napoleon-2-canons-denix\\\/\",\"name\":\"Pistolet Napol\u00e9on 2 canons - Denix - R\u00e9plique Manga Cin\u00e9\",\"isPartOf\":{\"@id\":\"https:\\\/\\\/repliquemangacine.fr\\\/#website\"},\"primaryImageOfPage\":{\"@id\":\"https:\\\/\\\/repliquemangacine.fr\\\/repliques-darmes-napoleon\\\/pistolet-napoleon-2-canons-denix\\\/#primaryimage\"},\"image\":{\"@id\":\"https:\\\/\\\/repliquemangacine.fr\\\/repliques-darmes-napoleon\\\/pistolet-napoleon-2-canons-denix\\\/#primaryimage\"},\"thumbnailUrl\":\"https:\\\/\\\/repliquemangacine.fr\\\/wp-content\\\/uploads\\\/2023\\\/10\\\/1026.jpg\",\"datePublished\":\"2021-09-30T13:26:05+00:00\",\"dateModified\":\"2026-02-01T20:00:37+00:00\",\"description\":\"Offrez-lui ce Pistolet Napol\u00e9on 2 canons au meilleur prix - Bois et m\u00e9tal - M\u00e9canisme de simulation - Insigne Napol\u00e9on sur la crosse - Denix - Longueur 37cm\",\"breadcrumb\":{\"@id\":\"https:\\\/\\\/repliquemangacine.fr\\\/repliques-darmes-napoleon\\\/pistolet-napoleon-2-canons-denix\\\/#breadcrumb\"},\"inLanguage\":\"de\",\"potentialAction\":[{\"@type\":\"ReadAction\",\"target\":[\"https:\\\/\\\/repliquemangacine.fr\\\/repliques-darmes-napoleon\\\/pistolet-napoleon-2-canons-denix\\\/\"]}]},{\"@type\":\"ImageObject\",\"inLanguage\":\"de\",\"@id\":\"https:\\\/\\\/repliquemangacine.fr\\\/repliques-darmes-napoleon\\\/pistolet-napoleon-2-canons-denix\\\/#primaryimage\",\"url\":\"https:\\\/\\\/repliquemangacine.fr\\\/wp-content\\\/uploads\\\/2023\\\/10\\\/1026.jpg\",\"contentUrl\":\"https:\\\/\\\/repliquemangacine.fr\\\/wp-content\\\/uploads\\\/2023\\\/10\\\/1026.jpg\",\"width\":800,\"height\":800,\"caption\":\"Pistolet Napol\u00e9on 2 canons\"},{\"@type\":\"BreadcrumbList\",\"@id\":\"https:\\\/\\\/repliquemangacine.fr\\\/repliques-darmes-napoleon\\\/pistolet-napoleon-2-canons-denix\\\/#breadcrumb\",\"itemListElement\":[{\"@type\":\"ListItem\",\"position\":1,\"name\":\"Accueil\",\"item\":\"https:\\\/\\\/repliquemangacine.fr\\\/\"},{\"@type\":\"ListItem\",\"position\":2,\"name\":\"Produits\",\"item\":\"https:\\\/\\\/repliquemangacine.fr\\\/boutique\\\/\"},{\"@type\":\"ListItem\",\"position\":3,\"name\":\"Pistolet Napol\u00e9on 2 canons\"}]},{\"@type\":\"WebSite\",\"@id\":\"https:\\\/\\\/repliquemangacine.fr\\\/#website\",\"url\":\"https:\\\/\\\/repliquemangacine.fr\\\/\",\"name\":\"R\u00e9plique Manga Cin\u00e9\",\"description\":\"\",\"publisher\":{\"@id\":\"https:\\\/\\\/repliquemangacine.fr\\\/#organization\"},\"potentialAction\":[{\"@type\":\"SearchAction\",\"target\":{\"@type\":\"EntryPoint\",\"urlTemplate\":\"https:\\\/\\\/repliquemangacine.fr\\\/?s={search_term_string}\"},\"query-input\":{\"@type\":\"PropertyValueSpecification\",\"valueRequired\":true,\"valueName\":\"search_term_string\"}}],\"inLanguage\":\"de\"},{\"@type\":\"Organization\",\"@id\":\"https:\\\/\\\/repliquemangacine.fr\\\/#organization\",\"name\":\"R\u00e9plique Manga Cin\u00e9\",\"url\":\"https:\\\/\\\/repliquemangacine.fr\\\/\",\"logo\":{\"@type\":\"ImageObject\",\"inLanguage\":\"de\",\"@id\":\"https:\\\/\\\/repliquemangacine.fr\\\/#\\\/schema\\\/logo\\\/image\\\/\",\"url\":\"https:\\\/\\\/repliquemangacine.fr\\\/wp-content\\\/uploads\\\/2023\\\/10\\\/RMC-500250.png\",\"contentUrl\":\"https:\\\/\\\/repliquemangacine.fr\\\/wp-content\\\/uploads\\\/2023\\\/10\\\/RMC-500250.png\",\"width\":500,\"height\":250,\"caption\":\"R\u00e9plique Manga Cin\u00e9\"},\"image\":{\"@id\":\"https:\\\/\\\/repliquemangacine.fr\\\/#\\\/schema\\\/logo\\\/image\\\/\"},\"sameAs\":[\"https:\\\/\\\/www.facebook.com\\\/RepliqueMangaCine\",\"https:\\\/\\\/www.instagram.com\\\/repliquemangacine.fr\\\/\"]}]}<\/script>\n<!-- \/ Yoast SEO plugin. -->","yoast_head_json":{"title":"Napoleonpistole 2 Kanonen - Denix - R\u00e9plique Manga Cin\u00e9","description":"Schenken Sie ihm diese Napoleon-Pistole mit 2 Kanonen zum besten Preis - Holz und Metall - Simulationsmechanismus - Napoleon-Abzeichen auf dem Kolben - Denix - L\u00e4nge 37cm","robots":{"index":"index","follow":"follow","max-snippet":"max-snippet:-1","max-image-preview":"max-image-preview:large","max-video-preview":"max-video-preview:-1"},"canonical":"https:\/\/repliquemangacine.fr\/de\/repliken-darmen-napoleon\/pistole-napoleon-2-kanonen-denix\/","og_locale":"de_DE","og_type":"article","og_title":"Pistolet Napol\u00e9on 2 canons - Denix - R\u00e9plique Manga Cin\u00e9","og_description":"Offrez-lui ce Pistolet Napol\u00e9on 2 canons au meilleur prix - Bois et m\u00e9tal - M\u00e9canisme de simulation - Insigne Napol\u00e9on sur la crosse - Denix - Longueur 37cm","og_url":"https:\/\/repliquemangacine.fr\/de\/repliken-darmen-napoleon\/pistole-napoleon-2-kanonen-denix\/","og_site_name":"R\u00e9plique Manga Cin\u00e9","article_publisher":"https:\/\/www.facebook.com\/RepliqueMangaCine","article_modified_time":"2026-02-01T20:00:37+00:00","og_image":[{"width":800,"height":800,"url":"https:\/\/repliquemangacine.fr\/wp-content\/uploads\/2023\/10\/1026.jpg","type":"image\/jpeg"}],"twitter_card":"summary_large_image","twitter_misc":{"Gesch\u00e4tzte Lesezeit":"2\u00a0Minuten"},"schema":{"@context":"https:\/\/schema.org","@graph":[{"@type":"WebPage","@id":"https:\/\/repliquemangacine.fr\/repliques-darmes-napoleon\/pistolet-napoleon-2-canons-denix\/","url":"https:\/\/repliquemangacine.fr\/repliques-darmes-napoleon\/pistolet-napoleon-2-canons-denix\/","name":"Napoleonpistole 2 Kanonen - Denix - R\u00e9plique Manga Cin\u00e9","isPartOf":{"@id":"https:\/\/repliquemangacine.fr\/#website"},"primaryImageOfPage":{"@id":"https:\/\/repliquemangacine.fr\/repliques-darmes-napoleon\/pistolet-napoleon-2-canons-denix\/#primaryimage"},"image":{"@id":"https:\/\/repliquemangacine.fr\/repliques-darmes-napoleon\/pistolet-napoleon-2-canons-denix\/#primaryimage"},"thumbnailUrl":"https:\/\/repliquemangacine.fr\/wp-content\/uploads\/2023\/10\/1026.jpg","datePublished":"2021-09-30T13:26:05+00:00","dateModified":"2026-02-01T20:00:37+00:00","description":"Schenken Sie ihm diese Napoleon-Pistole mit 2 Kanonen zum besten Preis - Holz und Metall - Simulationsmechanismus - Napoleon-Abzeichen auf dem Kolben - Denix - L\u00e4nge 37cm","breadcrumb":{"@id":"https:\/\/repliquemangacine.fr\/repliques-darmes-napoleon\/pistolet-napoleon-2-canons-denix\/#breadcrumb"},"inLanguage":"de","potentialAction":[{"@type":"ReadAction","target":["https:\/\/repliquemangacine.fr\/repliques-darmes-napoleon\/pistolet-napoleon-2-canons-denix\/"]}]},{"@type":"ImageObject","inLanguage":"de","@id":"https:\/\/repliquemangacine.fr\/repliques-darmes-napoleon\/pistolet-napoleon-2-canons-denix\/#primaryimage","url":"https:\/\/repliquemangacine.fr\/wp-content\/uploads\/2023\/10\/1026.jpg","contentUrl":"https:\/\/repliquemangacine.fr\/wp-content\/uploads\/2023\/10\/1026.jpg","width":800,"height":800,"caption":"Pistolet Napol\u00e9on 2 canons"},{"@type":"BreadcrumbList","@id":"https:\/\/repliquemangacine.fr\/repliques-darmes-napoleon\/pistolet-napoleon-2-canons-denix\/#breadcrumb","itemListElement":[{"@type":"ListItem","position":1,"name":"Accueil","item":"https:\/\/repliquemangacine.fr\/"},{"@type":"ListItem","position":2,"name":"Produits","item":"https:\/\/repliquemangacine.fr\/boutique\/"},{"@type":"ListItem","position":3,"name":"Pistolet Napol\u00e9on 2 canons"}]},{"@type":"WebSite","@id":"https:\/\/repliquemangacine.fr\/#website","url":"https:\/\/repliquemangacine.fr\/","name":"R\u00e9plique Manga Cin\u00e9","description":"","publisher":{"@id":"https:\/\/repliquemangacine.fr\/#organization"},"potentialAction":[{"@type":"SearchAction","target":{"@type":"EntryPoint","urlTemplate":"https:\/\/repliquemangacine.fr\/?s={search_term_string}"},"query-input":{"@type":"PropertyValueSpecification","valueRequired":true,"valueName":"search_term_string"}}],"inLanguage":"de"},{"@type":"Organization","@id":"https:\/\/repliquemangacine.fr\/#organization","name":"R\u00e9plique Manga Cin\u00e9","url":"https:\/\/repliquemangacine.fr\/","logo":{"@type":"ImageObject","inLanguage":"de","@id":"https:\/\/repliquemangacine.fr\/#\/schema\/logo\/image\/","url":"https:\/\/repliquemangacine.fr\/wp-content\/uploads\/2023\/10\/RMC-500250.png","contentUrl":"https:\/\/repliquemangacine.fr\/wp-content\/uploads\/2023\/10\/RMC-500250.png","width":500,"height":250,"caption":"R\u00e9plique Manga Cin\u00e9"},"image":{"@id":"https:\/\/repliquemangacine.fr\/#\/schema\/logo\/image\/"},"sameAs":["https:\/\/www.facebook.com\/RepliqueMangaCine","https:\/\/www.instagram.com\/repliquemangacine.fr\/"]}]}},"_links":{"self":[{"href":"https:\/\/repliquemangacine.fr\/de\/wp-json\/wp\/v2\/product\/43253","targetHints":{"allow":["GET"]}}],"collection":[{"href":"https:\/\/repliquemangacine.fr\/de\/wp-json\/wp\/v2\/product"}],"about":[{"href":"https:\/\/repliquemangacine.fr\/de\/wp-json\/wp\/v2\/types\/product"}],"wp:featuredmedia":[{"embeddable":true,"href":"https:\/\/repliquemangacine.fr\/de\/wp-json\/wp\/v2\/media\/43254"}],"wp:attachment":[{"href":"https:\/\/repliquemangacine.fr\/de\/wp-json\/wp\/v2\/media?parent=43253"}],"wp:term":[{"taxonomy":"product_brand","embeddable":true,"href":"https:\/\/repliquemangacine.fr\/de\/wp-json\/wp\/v2\/product_brand?post=43253"},{"taxonomy":"product_cat","embeddable":true,"href":"https:\/\/repliquemangacine.fr\/de\/wp-json\/wp\/v2\/product_cat?post=43253"},{"taxonomy":"product_tag","embeddable":true,"href":"https:\/\/repliquemangacine.fr\/de\/wp-json\/wp\/v2\/product_tag?post=43253"}],"curies":[{"name":"wp","href":"https:\/\/api.w.org\/{rel}","templated":true}]}}