





{"id":42424,"date":"2021-08-24T14:18:51","date_gmt":"2021-08-24T12:18:51","guid":{"rendered":"https:\/\/repliquemangacine.fr\/?post_type=product&#038;p=42424"},"modified":"2025-10-02T18:31:29","modified_gmt":"2025-10-02T16:31:29","slug":"ezio-gantlet-assassins-creed-brotherhood","status":"publish","type":"product","link":"https:\/\/repliquemangacine.fr\/de\/gantelets-assassins-creed\/gantelet-ezio-assassins-creed-brotherhood\/","title":{"rendered":"Assassin's Creed-BrotherHood Ezio-Handschuh"},"content":{"rendered":"<h2>Replik des Assassin's Creed-BrotherHood Ezio-Handschuhs.<\/h2>\n<p>Zu Beginn wird der <strong>Assassin's Creed-BrotherHood Ezio-Handschuh<\/strong> ist die geheime Klinge von <a href=\"https:\/\/assassinscreed.fandom.com\/fr\/wiki\/Ezio_Auditore_da_Firenze\" target=\"_blank\" rel=\"noopener noreferrer\">Ezio Auditore da Firenze<\/a>.<\/p>\n<p>Assassin's Creed Brotherhood ist ein Action-Adventure-Videospiel, das von Ubisoft herausgegeben und entwickelt wurde und die direkte Fortsetzung von Assassin's Creed II ist. Die Hauptfigur des Spiels ist Ezio Auditore, der sich mittlerweile zu einem gro\u00dfen Meisterassassinen entwickelt hat. Die Handlung spielt haupts\u00e4chlich im Rom der Renaissance, das in der letzten Mission des Vorg\u00e4ngers kurz erw\u00e4hnt wurde, und in Spanien im Jahr 1507.<\/p>\n<p>Ezio begibt sich auf eine Suche, um die Geschichte der Bruderschaft wiederzuentdecken. Er sorgte daf\u00fcr, dass Kolumbus in die Neue Welt reiste, befreite Rom vom Einfluss der Borgias und verhinderte die Verbreitung des hermetischen Kults von Ercole Massimo. Dadurch konnten die Renaissance und die Ideale der Assassinen in ganz Italien wachsen.<\/p>\n<h2>Ihr Assassin's Creed-Brotherhood Ezio-Handschuh zum besten Preis<\/h2>\n<p>Wir bieten Ihnen eine gro\u00dfe Auswahl an Repliken des ber\u00fchmten Videospiels Assassin's Creed.<\/p>\n<p>Zun\u00e4chst einmal,<\/p>\n<ul>\n<li>Die ber\u00fchmte <a href=\"https:\/\/repliquemangacine.fr\/de\/assassins-creed\/schwertstock-assassins-creed\/\">Jakobs Schwertstock<\/a> in Assassin's Creed Syndicate.<\/li>\n<li>Es gibt auch die <a href=\"https:\/\/repliquemangacine.fr\/de\/assassins-creed\/dolch-dolch-von-altair-assassin-s-creed\/\">Dolch Alta\u00efrs Dolch<\/a> in Assassin's Creed.<\/li>\n<li>Aber auch das <a href=\"https:\/\/repliquemangacine.fr\/de\/assassins-creed\/italienische-steinschlosspistole-edward-kenway-assassin-s-creed-iv\/\">Pistole von Edward Kenway<\/a> in Assassin's Creed Black Flag.<\/li>\n<li>Und viele andere, die es in unserem Online-Shop zu entdecken gibt!<\/li>\n<\/ul>\n<p>Deshalb gibt es hier tolle Geschenkideen f\u00fcr Fans der historischen Spielreihe Assassin's Creed.<\/p>\n<p>Abschlie\u00dfend k\u00f6nnen Sie den <strong>Assassin's Creed-BrotherHood Ezio-Handschuh<\/strong> f\u00fcr Ihre Cosplay-Modenschauen oder f\u00fcr Ihre Themenabende. Vor allem aber ist diese Klinge ein Sammler- und Dekorationsst\u00fcck.<\/p>\n<h2>Unsere neuesten g\u00fcnstigen Assassin's Creed-Neuheiten<\/h2>\n<p>Unser Ziel ist es, Sie zufrieden zu stellen. Aus diesem Grund setzen wir alles daran, die von Ihnen gesuchten Sammlerst\u00fccke zu finden. Z\u00f6gern Sie also nicht, uns Ihre W\u00fcnsche und Anmerkungen mitzuteilen, damit wir das Abenteuer gemeinsam fortsetzen k\u00f6nnen!<\/p>\n<p>Wir sind immer an der Spitze der Neuheiten und h\u00f6ren Ihnen bei Ihren Produktsuchen zu. Wir freuen uns, Ihnen einige kleine Nuggets anbieten zu k\u00f6nnen, wie zum Beispiel :<\/p>\n<ul>\n<li>Die <a href=\"https:\/\/repliquemangacine.fr\/de\/assassins-creed-schwerter-assassins-creed-waffen\/axte-assassins-creed-valhalla\/\">zwei \u00c4xte von Eivor<\/a> in Assassin's creed Walhalla<\/li>\n<li>Die neueste Errungenschaft des <a href=\"https:\/\/repliquemangacine.fr\/de\/assassins-creed-schwerter-assassins-creed-waffen\/marteau-thor-assassins-creed-valhalla\/\">Thorhammer<\/a> in Assassin's Creed Walhalla<\/li>\n<li>Und noch viel mehr, das Sie in K\u00fcrze entdecken werden, wie z.B. die assassin's creed-Figuren<\/li>\n<\/ul>\n<p>replica Manga Cin\u00e9 ist ein franz\u00f6sisches Familienunternehmen.<\/p>","protected":false},"excerpt":{"rendered":"<p>Lebensgro\u00dfe Nachbildung von Ezios Waffe.<\/p>\n<ul>\n<li>Funktionelle, federbelastete, einziehbare Geheimklinge mit Verriegelung und Freigabe der Klinge.<\/li>\n<li>Handschuh aus Kunstleder mit verstellbaren Riemen.<\/li>\n<li>Schale und Klinge aus ABS, \u00e4hnlich wie in Assassin's Creed\u00ae BrotherHood.<\/li>\n<li>Schachtel in den Farben von Assassin's Creed BrotherHood, signiert von Neca und Ubisoft.<\/li>\n<\/ul>","protected":false},"featured_media":42425,"template":"","meta":[],"product_brand":[896],"product_cat":[48,835,23],"product_tag":[],"class_list":{"0":"post-42424","1":"product","2":"type-product","3":"status-publish","4":"has-post-thumbnail","6":"product_brand-replique-manga-cine","7":"product_cat-epees-assassins-creed-armes-assassins-creed","8":"product_cat-gantelets-assassins-creed","9":"product_cat-repliques-manga-jeux-video","11":"first","12":"outofstock","13":"taxable","14":"shipping-taxable","15":"purchasable","16":"product-type-simple"},"yoast_head":"<!-- This site is optimized with the Yoast SEO plugin v27.5 - https:\/\/yoast.com\/product\/yoast-seo-wordpress\/ -->\n<title>Gantelet Ezio Assassin&#039;s Creed-BrotherHood - RMC<\/title>\n<meta name=\"description\" content=\"Achetez vite ! Votre Gantelet Ezio Assassin&#039;s Creed-BrotherHood au meilleur prix. Lame plastique r\u00e9tractable, brassard ajustable. Boite collector.\" \/>\n<meta name=\"robots\" content=\"index, follow, max-snippet:-1, max-image-preview:large, max-video-preview:-1\" \/>\n<link rel=\"canonical\" href=\"https:\/\/repliquemangacine.fr\/de\/assassins-creed-handschuhe\/ezio-gantlet-assassins-creed-brotherhood\/\" \/>\n<meta property=\"og:locale\" content=\"de_DE\" \/>\n<meta property=\"og:type\" content=\"article\" \/>\n<meta property=\"og:title\" content=\"Gantelet Ezio Assassin&#039;s Creed-BrotherHood - RMC\" \/>\n<meta property=\"og:description\" content=\"Achetez vite ! Votre Gantelet Ezio Assassin&#039;s Creed-BrotherHood au meilleur prix. Lame plastique r\u00e9tractable, brassard ajustable. Boite collector.\" \/>\n<meta property=\"og:url\" content=\"https:\/\/repliquemangacine.fr\/de\/assassins-creed-handschuhe\/ezio-gantlet-assassins-creed-brotherhood\/\" \/>\n<meta property=\"og:site_name\" content=\"R\u00e9plique Manga Cin\u00e9\" \/>\n<meta property=\"article:publisher\" content=\"https:\/\/www.facebook.com\/RepliqueMangaCine\" \/>\n<meta property=\"article:modified_time\" content=\"2025-10-02T16:31:29+00:00\" \/>\n<meta property=\"og:image\" content=\"https:\/\/repliquemangacine.fr\/wp-content\/uploads\/2023\/10\/Assassins-creed-Brotherhood.jpg\" \/>\n\t<meta property=\"og:image:width\" content=\"800\" \/>\n\t<meta property=\"og:image:height\" content=\"800\" \/>\n\t<meta property=\"og:image:type\" content=\"image\/jpeg\" \/>\n<meta name=\"twitter:card\" content=\"summary_large_image\" \/>\n<meta name=\"twitter:label1\" content=\"Gesch\u00e4tzte Lesezeit\" \/>\n\t<meta name=\"twitter:data1\" content=\"2\u00a0Minuten\" \/>\n<script type=\"application\/ld+json\" class=\"yoast-schema-graph\">{\"@context\":\"https:\\\/\\\/schema.org\",\"@graph\":[{\"@type\":\"WebPage\",\"@id\":\"https:\\\/\\\/repliquemangacine.fr\\\/gantelets-assassins-creed\\\/gantelet-ezio-assassins-creed-brotherhood\\\/\",\"url\":\"https:\\\/\\\/repliquemangacine.fr\\\/gantelets-assassins-creed\\\/gantelet-ezio-assassins-creed-brotherhood\\\/\",\"name\":\"Gantelet Ezio Assassin's Creed-BrotherHood - RMC\",\"isPartOf\":{\"@id\":\"https:\\\/\\\/repliquemangacine.fr\\\/#website\"},\"primaryImageOfPage\":{\"@id\":\"https:\\\/\\\/repliquemangacine.fr\\\/gantelets-assassins-creed\\\/gantelet-ezio-assassins-creed-brotherhood\\\/#primaryimage\"},\"image\":{\"@id\":\"https:\\\/\\\/repliquemangacine.fr\\\/gantelets-assassins-creed\\\/gantelet-ezio-assassins-creed-brotherhood\\\/#primaryimage\"},\"thumbnailUrl\":\"https:\\\/\\\/repliquemangacine.fr\\\/wp-content\\\/uploads\\\/2023\\\/10\\\/Assassins-creed-Brotherhood.jpg\",\"datePublished\":\"2021-08-24T12:18:51+00:00\",\"dateModified\":\"2025-10-02T16:31:29+00:00\",\"description\":\"Achetez vite ! Votre Gantelet Ezio Assassin's Creed-BrotherHood au meilleur prix. Lame plastique r\u00e9tractable, brassard ajustable. Boite collector.\",\"breadcrumb\":{\"@id\":\"https:\\\/\\\/repliquemangacine.fr\\\/gantelets-assassins-creed\\\/gantelet-ezio-assassins-creed-brotherhood\\\/#breadcrumb\"},\"inLanguage\":\"de\",\"potentialAction\":[{\"@type\":\"ReadAction\",\"target\":[\"https:\\\/\\\/repliquemangacine.fr\\\/gantelets-assassins-creed\\\/gantelet-ezio-assassins-creed-brotherhood\\\/\"]}]},{\"@type\":\"ImageObject\",\"inLanguage\":\"de\",\"@id\":\"https:\\\/\\\/repliquemangacine.fr\\\/gantelets-assassins-creed\\\/gantelet-ezio-assassins-creed-brotherhood\\\/#primaryimage\",\"url\":\"https:\\\/\\\/repliquemangacine.fr\\\/wp-content\\\/uploads\\\/2023\\\/10\\\/Assassins-creed-Brotherhood.jpg\",\"contentUrl\":\"https:\\\/\\\/repliquemangacine.fr\\\/wp-content\\\/uploads\\\/2023\\\/10\\\/Assassins-creed-Brotherhood.jpg\",\"width\":800,\"height\":800,\"caption\":\"Gantelet Ezio Assassin's-creed-Brotherhood\"},{\"@type\":\"BreadcrumbList\",\"@id\":\"https:\\\/\\\/repliquemangacine.fr\\\/gantelets-assassins-creed\\\/gantelet-ezio-assassins-creed-brotherhood\\\/#breadcrumb\",\"itemListElement\":[{\"@type\":\"ListItem\",\"position\":1,\"name\":\"Accueil\",\"item\":\"https:\\\/\\\/repliquemangacine.fr\\\/\"},{\"@type\":\"ListItem\",\"position\":2,\"name\":\"Produits\",\"item\":\"https:\\\/\\\/repliquemangacine.fr\\\/boutique\\\/\"},{\"@type\":\"ListItem\",\"position\":3,\"name\":\"Gantelet Ezio Assassin&#8217;s Creed-BrotherHood\"}]},{\"@type\":\"WebSite\",\"@id\":\"https:\\\/\\\/repliquemangacine.fr\\\/#website\",\"url\":\"https:\\\/\\\/repliquemangacine.fr\\\/\",\"name\":\"R\u00e9plique Manga Cin\u00e9\",\"description\":\"\",\"publisher\":{\"@id\":\"https:\\\/\\\/repliquemangacine.fr\\\/#organization\"},\"potentialAction\":[{\"@type\":\"SearchAction\",\"target\":{\"@type\":\"EntryPoint\",\"urlTemplate\":\"https:\\\/\\\/repliquemangacine.fr\\\/?s={search_term_string}\"},\"query-input\":{\"@type\":\"PropertyValueSpecification\",\"valueRequired\":true,\"valueName\":\"search_term_string\"}}],\"inLanguage\":\"de\"},{\"@type\":\"Organization\",\"@id\":\"https:\\\/\\\/repliquemangacine.fr\\\/#organization\",\"name\":\"R\u00e9plique Manga Cin\u00e9\",\"url\":\"https:\\\/\\\/repliquemangacine.fr\\\/\",\"logo\":{\"@type\":\"ImageObject\",\"inLanguage\":\"de\",\"@id\":\"https:\\\/\\\/repliquemangacine.fr\\\/#\\\/schema\\\/logo\\\/image\\\/\",\"url\":\"https:\\\/\\\/repliquemangacine.fr\\\/wp-content\\\/uploads\\\/2023\\\/10\\\/RMC-500250.png\",\"contentUrl\":\"https:\\\/\\\/repliquemangacine.fr\\\/wp-content\\\/uploads\\\/2023\\\/10\\\/RMC-500250.png\",\"width\":500,\"height\":250,\"caption\":\"R\u00e9plique Manga Cin\u00e9\"},\"image\":{\"@id\":\"https:\\\/\\\/repliquemangacine.fr\\\/#\\\/schema\\\/logo\\\/image\\\/\"},\"sameAs\":[\"https:\\\/\\\/www.facebook.com\\\/RepliqueMangaCine\",\"https:\\\/\\\/www.instagram.com\\\/repliquemangacine.fr\\\/\"]}]}<\/script>\n<!-- \/ Yoast SEO plugin. -->","yoast_head_json":{"title":"Assassin's Creed-BrotherHood Ezio-Handschuh - RMC","description":"Kaufen Sie schnell! Ihr Assassin's Creed-BrotherHood Ezio-Handschuh zum besten Preis. Einziehbare Kunststoffklinge, verstellbare Manschette. Sammlerbox.","robots":{"index":"index","follow":"follow","max-snippet":"max-snippet:-1","max-image-preview":"max-image-preview:large","max-video-preview":"max-video-preview:-1"},"canonical":"https:\/\/repliquemangacine.fr\/de\/assassins-creed-handschuhe\/ezio-gantlet-assassins-creed-brotherhood\/","og_locale":"de_DE","og_type":"article","og_title":"Gantelet Ezio Assassin's Creed-BrotherHood - RMC","og_description":"Achetez vite ! Votre Gantelet Ezio Assassin's Creed-BrotherHood au meilleur prix. Lame plastique r\u00e9tractable, brassard ajustable. Boite collector.","og_url":"https:\/\/repliquemangacine.fr\/de\/assassins-creed-handschuhe\/ezio-gantlet-assassins-creed-brotherhood\/","og_site_name":"R\u00e9plique Manga Cin\u00e9","article_publisher":"https:\/\/www.facebook.com\/RepliqueMangaCine","article_modified_time":"2025-10-02T16:31:29+00:00","og_image":[{"width":800,"height":800,"url":"https:\/\/repliquemangacine.fr\/wp-content\/uploads\/2023\/10\/Assassins-creed-Brotherhood.jpg","type":"image\/jpeg"}],"twitter_card":"summary_large_image","twitter_misc":{"Gesch\u00e4tzte Lesezeit":"2\u00a0Minuten"},"schema":{"@context":"https:\/\/schema.org","@graph":[{"@type":"WebPage","@id":"https:\/\/repliquemangacine.fr\/gantelets-assassins-creed\/gantelet-ezio-assassins-creed-brotherhood\/","url":"https:\/\/repliquemangacine.fr\/gantelets-assassins-creed\/gantelet-ezio-assassins-creed-brotherhood\/","name":"Assassin's Creed-BrotherHood Ezio-Handschuh - RMC","isPartOf":{"@id":"https:\/\/repliquemangacine.fr\/#website"},"primaryImageOfPage":{"@id":"https:\/\/repliquemangacine.fr\/gantelets-assassins-creed\/gantelet-ezio-assassins-creed-brotherhood\/#primaryimage"},"image":{"@id":"https:\/\/repliquemangacine.fr\/gantelets-assassins-creed\/gantelet-ezio-assassins-creed-brotherhood\/#primaryimage"},"thumbnailUrl":"https:\/\/repliquemangacine.fr\/wp-content\/uploads\/2023\/10\/Assassins-creed-Brotherhood.jpg","datePublished":"2021-08-24T12:18:51+00:00","dateModified":"2025-10-02T16:31:29+00:00","description":"Kaufen Sie schnell! Ihr Assassin's Creed-BrotherHood Ezio-Handschuh zum besten Preis. Einziehbare Kunststoffklinge, verstellbare Manschette. Sammlerbox.","breadcrumb":{"@id":"https:\/\/repliquemangacine.fr\/gantelets-assassins-creed\/gantelet-ezio-assassins-creed-brotherhood\/#breadcrumb"},"inLanguage":"de","potentialAction":[{"@type":"ReadAction","target":["https:\/\/repliquemangacine.fr\/gantelets-assassins-creed\/gantelet-ezio-assassins-creed-brotherhood\/"]}]},{"@type":"ImageObject","inLanguage":"de","@id":"https:\/\/repliquemangacine.fr\/gantelets-assassins-creed\/gantelet-ezio-assassins-creed-brotherhood\/#primaryimage","url":"https:\/\/repliquemangacine.fr\/wp-content\/uploads\/2023\/10\/Assassins-creed-Brotherhood.jpg","contentUrl":"https:\/\/repliquemangacine.fr\/wp-content\/uploads\/2023\/10\/Assassins-creed-Brotherhood.jpg","width":800,"height":800,"caption":"Gantelet Ezio Assassin's-creed-Brotherhood"},{"@type":"BreadcrumbList","@id":"https:\/\/repliquemangacine.fr\/gantelets-assassins-creed\/gantelet-ezio-assassins-creed-brotherhood\/#breadcrumb","itemListElement":[{"@type":"ListItem","position":1,"name":"Accueil","item":"https:\/\/repliquemangacine.fr\/"},{"@type":"ListItem","position":2,"name":"Produits","item":"https:\/\/repliquemangacine.fr\/boutique\/"},{"@type":"ListItem","position":3,"name":"Gantelet Ezio Assassin&#8217;s Creed-BrotherHood"}]},{"@type":"WebSite","@id":"https:\/\/repliquemangacine.fr\/#website","url":"https:\/\/repliquemangacine.fr\/","name":"R\u00e9plique Manga Cin\u00e9","description":"","publisher":{"@id":"https:\/\/repliquemangacine.fr\/#organization"},"potentialAction":[{"@type":"SearchAction","target":{"@type":"EntryPoint","urlTemplate":"https:\/\/repliquemangacine.fr\/?s={search_term_string}"},"query-input":{"@type":"PropertyValueSpecification","valueRequired":true,"valueName":"search_term_string"}}],"inLanguage":"de"},{"@type":"Organization","@id":"https:\/\/repliquemangacine.fr\/#organization","name":"R\u00e9plique Manga Cin\u00e9","url":"https:\/\/repliquemangacine.fr\/","logo":{"@type":"ImageObject","inLanguage":"de","@id":"https:\/\/repliquemangacine.fr\/#\/schema\/logo\/image\/","url":"https:\/\/repliquemangacine.fr\/wp-content\/uploads\/2023\/10\/RMC-500250.png","contentUrl":"https:\/\/repliquemangacine.fr\/wp-content\/uploads\/2023\/10\/RMC-500250.png","width":500,"height":250,"caption":"R\u00e9plique Manga Cin\u00e9"},"image":{"@id":"https:\/\/repliquemangacine.fr\/#\/schema\/logo\/image\/"},"sameAs":["https:\/\/www.facebook.com\/RepliqueMangaCine","https:\/\/www.instagram.com\/repliquemangacine.fr\/"]}]}},"_links":{"self":[{"href":"https:\/\/repliquemangacine.fr\/de\/wp-json\/wp\/v2\/product\/42424","targetHints":{"allow":["GET"]}}],"collection":[{"href":"https:\/\/repliquemangacine.fr\/de\/wp-json\/wp\/v2\/product"}],"about":[{"href":"https:\/\/repliquemangacine.fr\/de\/wp-json\/wp\/v2\/types\/product"}],"wp:featuredmedia":[{"embeddable":true,"href":"https:\/\/repliquemangacine.fr\/de\/wp-json\/wp\/v2\/media\/42425"}],"wp:attachment":[{"href":"https:\/\/repliquemangacine.fr\/de\/wp-json\/wp\/v2\/media?parent=42424"}],"wp:term":[{"taxonomy":"product_brand","embeddable":true,"href":"https:\/\/repliquemangacine.fr\/de\/wp-json\/wp\/v2\/product_brand?post=42424"},{"taxonomy":"product_cat","embeddable":true,"href":"https:\/\/repliquemangacine.fr\/de\/wp-json\/wp\/v2\/product_cat?post=42424"},{"taxonomy":"product_tag","embeddable":true,"href":"https:\/\/repliquemangacine.fr\/de\/wp-json\/wp\/v2\/product_tag?post=42424"}],"curies":[{"name":"wp","href":"https:\/\/api.w.org\/{rel}","templated":true}]}}