





{"id":42340,"date":"2021-08-20T17:38:19","date_gmt":"2021-08-20T15:38:19","guid":{"rendered":"https:\/\/repliquemangacine.fr\/?post_type=product&#038;p=42340"},"modified":"2025-11-10T16:22:23","modified_gmt":"2025-11-10T15:22:23","slug":"versteckte-klinge-handschuh-assassins-creed-black-flag","status":"publish","type":"product","link":"https:\/\/repliquemangacine.fr\/de\/gantelets-assassins-creed\/lame-dissimulee-gantelet-assassins-creed-black-flag\/","title":{"rendered":"Versteckte Klinge Handschuh"},"content":{"rendered":"<h2>Versteckte Klinge im Handschuh in Assassin's Creed Black Flag.<\/h2>\n<p>Zu Beginn wird die <strong>Versteckte Klinge Handschuh<\/strong> in Assassin\u2019s Creed Black Flag ist eine der geheimen Klingen von Edward. Tats\u00e4chlich wird der Umgang mit zwei Waffen vertieft. Edward kann bis zu vier Pistolen tragen und innerhalb weniger Sekunden mehrere Gegner hintereinander ausschalten.<\/p>\n<p>Zus\u00e4tzlich zu seinen Pistolen und versteckten Klingen ist Edward mit einem Paar S\u00e4beln ausger\u00fcstet. Die Blasrohrpistole, die in Assassin\u2019s Creed III: Liberation zum ersten Mal auftauchte, kehrt in Black Flag zur\u00fcck, ebenso wie der Seildolch.<\/p>\n<p><a href=\"https:\/\/assassinscreed.fandom.com\/fr\/wiki\/Assassin's_Creed_IV:_Black_Flag\" target=\"_blank\" rel=\"noopener noreferrer\">Assassin's Creed Black Flag<\/a> ist die Geschichte von Edward Kenway, einem jungen Mann aus Gro\u00dfbritannien, den es nach Gefahr und Abenteuer d\u00fcrstet. Als wilder Pirat und kampferprobter K\u00e4mpfer verschafft ihm sein Streben nach Ruhm und Reichtum den Respekt legend\u00e4rer Piraten. Au\u00dferdem taucht er mitten in den antiken Krieg zwischen Assassinen und Templern ein.<\/p>\n<h2>Ihr Dissimulated Blade Gauntlet in Assassin's Creed zum besten Preis<\/h2>\n<p>Wir bieten Ihnen eine gro\u00dfe Auswahl an Repliken des ber\u00fchmten Videospiels Assassin's Creed.<\/p>\n<p>Zun\u00e4chst einmal,<\/p>\n<ul>\n<li>Die ber\u00fchmte <a href=\"https:\/\/repliquemangacine.fr\/de\/assassins-creed\/schwertstock-assassins-creed\/\">Jakobs Schwertstock<\/a> in Assassin's Creed Syndicate.<\/li>\n<li>Es gibt auch die Gesamtheit der <a href=\"https:\/\/repliquemangacine.fr\/de\/assassins-creed\/axte-assassins-creed-valhalla\/\">zwei \u00c4xte von Eivor<\/a> Varinsdottir in Assassin's Creed Walhalla .<\/li>\n<li>Aber auch das <a href=\"https:\/\/repliquemangacine.fr\/de\/assassins-creed\/italienische-steinschlosspistole-edward-kenway-assassin-s-creed-iv\/\">Pistole von Edward Kenway<\/a> in Assassin's Creed Black Flag.<\/li>\n<li>Und viele andere, die es in unserem Online-Shop zu entdecken gibt!<\/li>\n<\/ul>\n<p>Deshalb gibt es hier tolle Geschenkideen f\u00fcr Fans der historischen Spielreihe Assassin's Creed.<\/p>\n<p>Abschlie\u00dfend k\u00f6nnen Sie die <strong>Versteckte Klinge Handschuh<\/strong> f\u00fcr Ihre Cosplay-Modenschauen oder Ihre Themenpartys.<\/p>\n<p>Vor allem aber ist diese Klinge ein Sammler- und Dekorationsst\u00fcck.<\/p>\n<h2>Unsere neuesten g\u00fcnstigen Assassin's Creed-Neuheiten<\/h2>\n<p>Unser Ziel ist es, Sie zufrieden zu stellen. Aus diesem Grund setzen wir alles daran, die von Ihnen gesuchten Sammlerst\u00fccke zu finden. Z\u00f6gern Sie also nicht, uns Ihre W\u00fcnsche und Anmerkungen mitzuteilen, damit wir das Abenteuer gemeinsam fortsetzen k\u00f6nnen!<\/p>\n<p>Wir sind immer an der Spitze der Neuheiten und h\u00f6ren Ihnen bei Ihren Produktsuchen zu. Wir freuen uns, Ihnen einige kleine Nuggets anbieten zu k\u00f6nnen, wie zum Beispiel :<\/p>\n<ul>\n<li>Die beiden \u00c4xte von Eivor in Assassin's creed Valhalla.<\/li>\n<li>Die neueste Errungenschaft des <a href=\"https:\/\/repliquemangacine.fr\/de\/assassins-creed-schwerter-assassins-creed-waffen\/marteau-thor-assassins-creed-valhalla\/\">Thorhammer<\/a> in Assassin's Creed Walhalla<\/li>\n<li>Und viele weitere, die es demn\u00e4chst zu entdecken gilt, wie zum Beispiel die Assassin's creed-Figuren<\/li>\n<\/ul>\n<p>replica Manga Cin\u00e9 ist ein franz\u00f6sisches Familienunternehmen.<\/p>","protected":false},"excerpt":{"rendered":"<p>Handschuh mit versteckter Piratenklinge, der von Edward Kenway in Assassin's Creed IV Black Flag verwendet wird.<\/p>\n<ul>\n<li>Einziehbare Klinge aus gefedertem Kunststoff.<\/li>\n<li>Verriegeln und L\u00f6sen der Klinge mit einer Switchblade-Aktion, genau wie im Spiel.<\/li>\n<li>Die Klinge wird mithilfe von verstellbaren Riemen am unteren Teil des Unterarms befestigt.<\/li>\n<li>Handschuh in schwarzer Kunstlederoptik.<\/li>\n<li>Schnalle in Form eines Totensch\u00e4dels, eine genaue Nachbildung der von Edward Kenway getragenen Schnalle.<\/li>\n<li>Diese Broschenschleife kann auch getragen werden.<\/li>\n<li>Wird in einer Schachtel mit dem Logo des Spiels geliefert<\/li>\n<\/ul>","protected":false},"featured_media":42341,"template":"","meta":[],"product_brand":[896],"product_cat":[48,835,23],"product_tag":[],"class_list":{"0":"post-42340","1":"product","2":"type-product","3":"status-publish","4":"has-post-thumbnail","6":"product_brand-replique-manga-cine","7":"product_cat-epees-assassins-creed-armes-assassins-creed","8":"product_cat-gantelets-assassins-creed","9":"product_cat-repliques-manga-jeux-video","11":"first","12":"outofstock","13":"taxable","14":"shipping-taxable","15":"purchasable","16":"product-type-simple"},"yoast_head":"<!-- This site is optimized with the Yoast SEO plugin v27.5 - https:\/\/yoast.com\/product\/yoast-seo-wordpress\/ -->\n<title>Lame dissimul\u00e9e gantelet - R\u00e9plique Manga Cin\u00e9<\/title>\n<meta name=\"description\" content=\"Commandez vite ! Cette Lame dissimul\u00e9e gantelet dans Assassin&#039;s Creed Black flag au meilleur prix. Brassard en simili cuir noir. Lame r\u00e9tractable\" \/>\n<meta name=\"robots\" content=\"index, follow, max-snippet:-1, max-image-preview:large, max-video-preview:-1\" \/>\n<link rel=\"canonical\" href=\"https:\/\/repliquemangacine.fr\/de\/assassins-creed-handschuhe\/versteckte-klinge-handschuh-assassins-creed-black-flag\/\" \/>\n<meta property=\"og:locale\" content=\"de_DE\" \/>\n<meta property=\"og:type\" content=\"article\" \/>\n<meta property=\"og:title\" content=\"Lame dissimul\u00e9e gantelet - R\u00e9plique Manga Cin\u00e9\" \/>\n<meta property=\"og:description\" content=\"Commandez vite ! Cette Lame dissimul\u00e9e gantelet dans Assassin&#039;s Creed Black flag au meilleur prix. Brassard en simili cuir noir. Lame r\u00e9tractable\" \/>\n<meta property=\"og:url\" content=\"https:\/\/repliquemangacine.fr\/de\/assassins-creed-handschuhe\/versteckte-klinge-handschuh-assassins-creed-black-flag\/\" \/>\n<meta property=\"og:site_name\" content=\"R\u00e9plique Manga Cin\u00e9\" \/>\n<meta property=\"article:publisher\" content=\"https:\/\/www.facebook.com\/RepliqueMangaCine\" \/>\n<meta property=\"article:modified_time\" content=\"2025-11-10T15:22:23+00:00\" \/>\n<meta property=\"og:image\" content=\"https:\/\/repliquemangacine.fr\/wp-content\/uploads\/2023\/10\/lame-pirate.jpg\" \/>\n\t<meta property=\"og:image:width\" content=\"800\" \/>\n\t<meta property=\"og:image:height\" content=\"800\" \/>\n\t<meta property=\"og:image:type\" content=\"image\/jpeg\" \/>\n<meta name=\"twitter:card\" content=\"summary_large_image\" \/>\n<meta name=\"twitter:label1\" content=\"Gesch\u00e4tzte Lesezeit\" \/>\n\t<meta name=\"twitter:data1\" content=\"2\u00a0Minuten\" \/>\n<script type=\"application\/ld+json\" class=\"yoast-schema-graph\">{\"@context\":\"https:\\\/\\\/schema.org\",\"@graph\":[{\"@type\":\"WebPage\",\"@id\":\"https:\\\/\\\/repliquemangacine.fr\\\/gantelets-assassins-creed\\\/lame-dissimulee-gantelet-assassins-creed-black-flag\\\/\",\"url\":\"https:\\\/\\\/repliquemangacine.fr\\\/gantelets-assassins-creed\\\/lame-dissimulee-gantelet-assassins-creed-black-flag\\\/\",\"name\":\"Lame dissimul\u00e9e gantelet - R\u00e9plique Manga Cin\u00e9\",\"isPartOf\":{\"@id\":\"https:\\\/\\\/repliquemangacine.fr\\\/#website\"},\"primaryImageOfPage\":{\"@id\":\"https:\\\/\\\/repliquemangacine.fr\\\/gantelets-assassins-creed\\\/lame-dissimulee-gantelet-assassins-creed-black-flag\\\/#primaryimage\"},\"image\":{\"@id\":\"https:\\\/\\\/repliquemangacine.fr\\\/gantelets-assassins-creed\\\/lame-dissimulee-gantelet-assassins-creed-black-flag\\\/#primaryimage\"},\"thumbnailUrl\":\"https:\\\/\\\/repliquemangacine.fr\\\/wp-content\\\/uploads\\\/2023\\\/10\\\/lame-pirate.jpg\",\"datePublished\":\"2021-08-20T15:38:19+00:00\",\"dateModified\":\"2025-11-10T15:22:23+00:00\",\"description\":\"Commandez vite ! Cette Lame dissimul\u00e9e gantelet dans Assassin's Creed Black flag au meilleur prix. Brassard en simili cuir noir. Lame r\u00e9tractable\",\"breadcrumb\":{\"@id\":\"https:\\\/\\\/repliquemangacine.fr\\\/gantelets-assassins-creed\\\/lame-dissimulee-gantelet-assassins-creed-black-flag\\\/#breadcrumb\"},\"inLanguage\":\"de\",\"potentialAction\":[{\"@type\":\"ReadAction\",\"target\":[\"https:\\\/\\\/repliquemangacine.fr\\\/gantelets-assassins-creed\\\/lame-dissimulee-gantelet-assassins-creed-black-flag\\\/\"]}]},{\"@type\":\"ImageObject\",\"inLanguage\":\"de\",\"@id\":\"https:\\\/\\\/repliquemangacine.fr\\\/gantelets-assassins-creed\\\/lame-dissimulee-gantelet-assassins-creed-black-flag\\\/#primaryimage\",\"url\":\"https:\\\/\\\/repliquemangacine.fr\\\/wp-content\\\/uploads\\\/2023\\\/10\\\/lame-pirate.jpg\",\"contentUrl\":\"https:\\\/\\\/repliquemangacine.fr\\\/wp-content\\\/uploads\\\/2023\\\/10\\\/lame-pirate.jpg\",\"width\":800,\"height\":800,\"caption\":\"Lame dissimul\u00e9e gantelet\"},{\"@type\":\"BreadcrumbList\",\"@id\":\"https:\\\/\\\/repliquemangacine.fr\\\/gantelets-assassins-creed\\\/lame-dissimulee-gantelet-assassins-creed-black-flag\\\/#breadcrumb\",\"itemListElement\":[{\"@type\":\"ListItem\",\"position\":1,\"name\":\"Accueil\",\"item\":\"https:\\\/\\\/repliquemangacine.fr\\\/\"},{\"@type\":\"ListItem\",\"position\":2,\"name\":\"Produits\",\"item\":\"https:\\\/\\\/repliquemangacine.fr\\\/boutique\\\/\"},{\"@type\":\"ListItem\",\"position\":3,\"name\":\"Lame dissimul\u00e9e gantelet\"}]},{\"@type\":\"WebSite\",\"@id\":\"https:\\\/\\\/repliquemangacine.fr\\\/#website\",\"url\":\"https:\\\/\\\/repliquemangacine.fr\\\/\",\"name\":\"R\u00e9plique Manga Cin\u00e9\",\"description\":\"\",\"publisher\":{\"@id\":\"https:\\\/\\\/repliquemangacine.fr\\\/#organization\"},\"potentialAction\":[{\"@type\":\"SearchAction\",\"target\":{\"@type\":\"EntryPoint\",\"urlTemplate\":\"https:\\\/\\\/repliquemangacine.fr\\\/?s={search_term_string}\"},\"query-input\":{\"@type\":\"PropertyValueSpecification\",\"valueRequired\":true,\"valueName\":\"search_term_string\"}}],\"inLanguage\":\"de\"},{\"@type\":\"Organization\",\"@id\":\"https:\\\/\\\/repliquemangacine.fr\\\/#organization\",\"name\":\"R\u00e9plique Manga Cin\u00e9\",\"url\":\"https:\\\/\\\/repliquemangacine.fr\\\/\",\"logo\":{\"@type\":\"ImageObject\",\"inLanguage\":\"de\",\"@id\":\"https:\\\/\\\/repliquemangacine.fr\\\/#\\\/schema\\\/logo\\\/image\\\/\",\"url\":\"https:\\\/\\\/repliquemangacine.fr\\\/wp-content\\\/uploads\\\/2023\\\/10\\\/RMC-500250.png\",\"contentUrl\":\"https:\\\/\\\/repliquemangacine.fr\\\/wp-content\\\/uploads\\\/2023\\\/10\\\/RMC-500250.png\",\"width\":500,\"height\":250,\"caption\":\"R\u00e9plique Manga Cin\u00e9\"},\"image\":{\"@id\":\"https:\\\/\\\/repliquemangacine.fr\\\/#\\\/schema\\\/logo\\\/image\\\/\"},\"sameAs\":[\"https:\\\/\\\/www.facebook.com\\\/RepliqueMangaCine\",\"https:\\\/\\\/www.instagram.com\\\/repliquemangacine.fr\\\/\"]}]}<\/script>\n<!-- \/ Yoast SEO plugin. -->","yoast_head_json":{"title":"Verdeckte Klinge Handschuh - R\u00e9plique Manga Cin\u00e9","description":"Bestellen Sie schnell! Diese Versteckte Klinge Handschuh in Assassin's Creed Black flag zum besten Preis. Manschette aus schwarzem Kunstleder. Einziehbare Klinge","robots":{"index":"index","follow":"follow","max-snippet":"max-snippet:-1","max-image-preview":"max-image-preview:large","max-video-preview":"max-video-preview:-1"},"canonical":"https:\/\/repliquemangacine.fr\/de\/assassins-creed-handschuhe\/versteckte-klinge-handschuh-assassins-creed-black-flag\/","og_locale":"de_DE","og_type":"article","og_title":"Lame dissimul\u00e9e gantelet - R\u00e9plique Manga Cin\u00e9","og_description":"Commandez vite ! Cette Lame dissimul\u00e9e gantelet dans Assassin's Creed Black flag au meilleur prix. Brassard en simili cuir noir. Lame r\u00e9tractable","og_url":"https:\/\/repliquemangacine.fr\/de\/assassins-creed-handschuhe\/versteckte-klinge-handschuh-assassins-creed-black-flag\/","og_site_name":"R\u00e9plique Manga Cin\u00e9","article_publisher":"https:\/\/www.facebook.com\/RepliqueMangaCine","article_modified_time":"2025-11-10T15:22:23+00:00","og_image":[{"width":800,"height":800,"url":"https:\/\/repliquemangacine.fr\/wp-content\/uploads\/2023\/10\/lame-pirate.jpg","type":"image\/jpeg"}],"twitter_card":"summary_large_image","twitter_misc":{"Gesch\u00e4tzte Lesezeit":"2\u00a0Minuten"},"schema":{"@context":"https:\/\/schema.org","@graph":[{"@type":"WebPage","@id":"https:\/\/repliquemangacine.fr\/gantelets-assassins-creed\/lame-dissimulee-gantelet-assassins-creed-black-flag\/","url":"https:\/\/repliquemangacine.fr\/gantelets-assassins-creed\/lame-dissimulee-gantelet-assassins-creed-black-flag\/","name":"Verdeckte Klinge Handschuh - R\u00e9plique Manga Cin\u00e9","isPartOf":{"@id":"https:\/\/repliquemangacine.fr\/#website"},"primaryImageOfPage":{"@id":"https:\/\/repliquemangacine.fr\/gantelets-assassins-creed\/lame-dissimulee-gantelet-assassins-creed-black-flag\/#primaryimage"},"image":{"@id":"https:\/\/repliquemangacine.fr\/gantelets-assassins-creed\/lame-dissimulee-gantelet-assassins-creed-black-flag\/#primaryimage"},"thumbnailUrl":"https:\/\/repliquemangacine.fr\/wp-content\/uploads\/2023\/10\/lame-pirate.jpg","datePublished":"2021-08-20T15:38:19+00:00","dateModified":"2025-11-10T15:22:23+00:00","description":"Bestellen Sie schnell! Diese Versteckte Klinge Handschuh in Assassin's Creed Black flag zum besten Preis. Manschette aus schwarzem Kunstleder. Einziehbare Klinge","breadcrumb":{"@id":"https:\/\/repliquemangacine.fr\/gantelets-assassins-creed\/lame-dissimulee-gantelet-assassins-creed-black-flag\/#breadcrumb"},"inLanguage":"de","potentialAction":[{"@type":"ReadAction","target":["https:\/\/repliquemangacine.fr\/gantelets-assassins-creed\/lame-dissimulee-gantelet-assassins-creed-black-flag\/"]}]},{"@type":"ImageObject","inLanguage":"de","@id":"https:\/\/repliquemangacine.fr\/gantelets-assassins-creed\/lame-dissimulee-gantelet-assassins-creed-black-flag\/#primaryimage","url":"https:\/\/repliquemangacine.fr\/wp-content\/uploads\/2023\/10\/lame-pirate.jpg","contentUrl":"https:\/\/repliquemangacine.fr\/wp-content\/uploads\/2023\/10\/lame-pirate.jpg","width":800,"height":800,"caption":"Lame dissimul\u00e9e gantelet"},{"@type":"BreadcrumbList","@id":"https:\/\/repliquemangacine.fr\/gantelets-assassins-creed\/lame-dissimulee-gantelet-assassins-creed-black-flag\/#breadcrumb","itemListElement":[{"@type":"ListItem","position":1,"name":"Accueil","item":"https:\/\/repliquemangacine.fr\/"},{"@type":"ListItem","position":2,"name":"Produits","item":"https:\/\/repliquemangacine.fr\/boutique\/"},{"@type":"ListItem","position":3,"name":"Lame dissimul\u00e9e gantelet"}]},{"@type":"WebSite","@id":"https:\/\/repliquemangacine.fr\/#website","url":"https:\/\/repliquemangacine.fr\/","name":"R\u00e9plique Manga Cin\u00e9","description":"","publisher":{"@id":"https:\/\/repliquemangacine.fr\/#organization"},"potentialAction":[{"@type":"SearchAction","target":{"@type":"EntryPoint","urlTemplate":"https:\/\/repliquemangacine.fr\/?s={search_term_string}"},"query-input":{"@type":"PropertyValueSpecification","valueRequired":true,"valueName":"search_term_string"}}],"inLanguage":"de"},{"@type":"Organization","@id":"https:\/\/repliquemangacine.fr\/#organization","name":"R\u00e9plique Manga Cin\u00e9","url":"https:\/\/repliquemangacine.fr\/","logo":{"@type":"ImageObject","inLanguage":"de","@id":"https:\/\/repliquemangacine.fr\/#\/schema\/logo\/image\/","url":"https:\/\/repliquemangacine.fr\/wp-content\/uploads\/2023\/10\/RMC-500250.png","contentUrl":"https:\/\/repliquemangacine.fr\/wp-content\/uploads\/2023\/10\/RMC-500250.png","width":500,"height":250,"caption":"R\u00e9plique Manga Cin\u00e9"},"image":{"@id":"https:\/\/repliquemangacine.fr\/#\/schema\/logo\/image\/"},"sameAs":["https:\/\/www.facebook.com\/RepliqueMangaCine","https:\/\/www.instagram.com\/repliquemangacine.fr\/"]}]}},"_links":{"self":[{"href":"https:\/\/repliquemangacine.fr\/de\/wp-json\/wp\/v2\/product\/42340","targetHints":{"allow":["GET"]}}],"collection":[{"href":"https:\/\/repliquemangacine.fr\/de\/wp-json\/wp\/v2\/product"}],"about":[{"href":"https:\/\/repliquemangacine.fr\/de\/wp-json\/wp\/v2\/types\/product"}],"wp:featuredmedia":[{"embeddable":true,"href":"https:\/\/repliquemangacine.fr\/de\/wp-json\/wp\/v2\/media\/42341"}],"wp:attachment":[{"href":"https:\/\/repliquemangacine.fr\/de\/wp-json\/wp\/v2\/media?parent=42340"}],"wp:term":[{"taxonomy":"product_brand","embeddable":true,"href":"https:\/\/repliquemangacine.fr\/de\/wp-json\/wp\/v2\/product_brand?post=42340"},{"taxonomy":"product_cat","embeddable":true,"href":"https:\/\/repliquemangacine.fr\/de\/wp-json\/wp\/v2\/product_cat?post=42340"},{"taxonomy":"product_tag","embeddable":true,"href":"https:\/\/repliquemangacine.fr\/de\/wp-json\/wp\/v2\/product_tag?post=42340"}],"curies":[{"name":"wp","href":"https:\/\/api.w.org\/{rel}","templated":true}]}}