





{"id":42325,"date":"2021-08-20T12:52:27","date_gmt":"2021-08-20T10:52:27","guid":{"rendered":"https:\/\/repliquemangacine.fr\/?post_type=product&#038;p=42325"},"modified":"2025-09-23T18:02:38","modified_gmt":"2025-09-23T16:02:38","slug":"geisterklinge-assassins-creed-unity","status":"publish","type":"product","link":"https:\/\/repliquemangacine.fr\/de\/gantelets-assassins-creed\/lame-fantome-assassins-creed-unity\/","title":{"rendered":"Phantomklinge Assassin's Creed Unity"},"content":{"rendered":"<h2>Assassin's Creed-Unity-Phantomklinge.<\/h2>\n<p>Zu Beginn wird die <strong>Phantomklinge Assassin's Creed-Unity<\/strong> ist eine Modifikation der geheimen Klinge, die von den franz\u00f6sischen Assassinenbruderschaften insbesondere w\u00e4hrend der Revolution eingef\u00fchrt und \u00fcbernommen wurde.<\/p>\n<p>Diese kleine, einziehbare Armbrust, die am Armband befestigt war, erm\u00f6glichte es, scharfe Klingen \u00fcber eine Entfernung von etwa zwanzig Metern ger\u00e4uschlos abzuschie\u00dfen.<\/p>\n<p>Die gezogene Klinge, die sich von der geheimen Klinge unterscheidet, wird unter dieser platziert. Der Bogen wird gespannt, nachdem ein Zugmechanismus in Form eines Assassinenabzeichens bet\u00e4tigt wurde, der \u00fcber Schn\u00fcre mit beiden Enden der Armbrust verbunden ist.<\/p>\n<p>Die <a href=\"https:\/\/assassinscreed.fandom.com\/fr\/wiki\/Lame_fant\u00f4me\" target=\"_blank\" rel=\"noopener noreferrer\">Geisterklinge<\/a> konnte zwei Arten von Geschossen abfeuern: Standardklingen und die sogenannten \"Furienklingen\", die mit Gift getr\u00e4nkt waren. Sobald die Waffe verbessert wurde, war es f\u00fcr ihren Benutzer, insbesondere Arno Dorian, m\u00f6glich, zwei Klingen abzufeuern, ohne die Armbrust neu spannen zu m\u00fcssen.<\/p>\n<h2>Ihre Assassin's Creed-Unity-Phantomklinge zum besten Preis.<\/h2>\n<p>Wir bieten Ihnen eine gro\u00dfe Auswahl an Repliken des ber\u00fchmten Videospiels Assassin's Creed.<\/p>\n<p>Zun\u00e4chst einmal,<\/p>\n<ul>\n<li>Die ber\u00fchmte <a href=\"https:\/\/repliquemangacine.fr\/de\/assassins-creed\/epee-daltair-assassins-creed\/\">Alta\u00efrs Schwert<\/a> im ersten Teil der Reihe.<\/li>\n<li>Es gibt auch die <a href=\"https:\/\/repliquemangacine.fr\/de\/assassins-creed\/assassin-s-creed-odyssey-replica-leonidas-gebrochener-speer\/\">zerbrochene Lanze des Leonidas<\/a> in Assassin's Creed Odyssey.<\/li>\n<li>Aber auch das erhabene Ensemble der <a href=\"https:\/\/repliquemangacine.fr\/de\/assassins-creed\/axte-assassins-creed-valhalla\/\">zwei \u00c4xte in Assassin's Creed Valhalla<\/a> die von Eivor Varinsdottir verwendet wird.<\/li>\n<li>Und viele andere, die es in unserem Online-Shop zu entdecken gibt!<\/li>\n<\/ul>\n<p>Deshalb gibt es hier tolle Geschenkideen f\u00fcr Fans der historischen Spielreihe Assassin's Creed.<\/p>\n<p>Zusammenfassend l\u00e4sst sich sagen, dass Sie die Assassin's Creed Unity Phantomklinge f\u00fcr Ihre Cosplay-Paraden oder f\u00fcr Ihre Mottopartys verwenden k\u00f6nnen. Vor allem aber ist diese Klinge ein Sammler- und Dekorationsst\u00fcck.<\/p>\n<h2>Unsere neuesten g\u00fcnstigen Assassin's Creed-Neuheiten<\/h2>\n<p>Unser Ziel ist es, Sie zufrieden zu stellen. Aus diesem Grund setzen wir alles daran, die von Ihnen gesuchten Sammlerst\u00fccke zu finden. Z\u00f6gern Sie also nicht, uns Ihre W\u00fcnsche und Anmerkungen mitzuteilen, damit wir das Abenteuer gemeinsam fortsetzen k\u00f6nnen!<\/p>\n<p>Wir sind immer an der Spitze der Neuheiten und h\u00f6ren Ihnen bei Ihren Produktsuchen zu. Wir freuen uns, Ihnen einige kleine Nuggets anbieten zu k\u00f6nnen, wie zum Beispiel :<\/p>\n<ul>\n<li>Die neueste Errungenschaft des <a href=\"https:\/\/repliquemangacine.fr\/de\/assassins-creed-schwerter-assassins-creed-waffen\/marteau-thor-assassins-creed-valhalla\/\">thor-Hammer in Assassin's Creed Valhalla<\/a><\/li>\n<li>Und noch viel mehr, das Sie in K\u00fcrze entdecken werden, wie z.B. die assassin's creed-Figuren<\/li>\n<\/ul>\n<p>replica Manga Cin\u00e9 ist ein franz\u00f6sisches Familienunternehmen.<\/p>","protected":false},"excerpt":{"rendered":"<p>Arnos Geisterklinge, inspiriert von Assassin's Creed Unity.<\/p>\n<ul>\n<li>Geheimklinge mit Verriegelung und Freigabe der Klinge.<\/li>\n<li>Aus- und einziehbarer Armbrustarm und Kachel aus weichem Kunststoff.<\/li>\n<li>Klinge und Armbrust aus PVC.<\/li>\n<li>Handschuh aus Thermoplast.<\/li>\n<li>Verstellbarer Gurt f\u00fcr alle Gr\u00f6\u00dfen geeignet.<\/li>\n<\/ul>","protected":false},"featured_media":42326,"template":"","meta":[],"product_brand":[896],"product_cat":[48,835,23],"product_tag":[],"class_list":{"0":"post-42325","1":"product","2":"type-product","3":"status-publish","4":"has-post-thumbnail","6":"product_brand-replique-manga-cine","7":"product_cat-epees-assassins-creed-armes-assassins-creed","8":"product_cat-gantelets-assassins-creed","9":"product_cat-repliques-manga-jeux-video","11":"first","12":"outofstock","13":"taxable","14":"shipping-taxable","15":"purchasable","16":"product-type-simple"},"yoast_head":"<!-- This site is optimized with the Yoast SEO plugin v27.5 - https:\/\/yoast.com\/product\/yoast-seo-wordpress\/ -->\n<title>Lame Fant\u00f4me Assassin&#039;s Creed-Unity - R\u00e9plique Manga Cin\u00e9<\/title>\n<meta name=\"description\" content=\"Achetez vite ! Votre Lame Fant\u00f4me Assassin&#039;s Creed-Unity au meilleur prix. Lame r\u00e9tractable \u00e0 ressort - Bras d&#039;arbal\u00e8te d\u00e9ployables - Envoi 24\/48h\" \/>\n<meta name=\"robots\" content=\"index, follow, max-snippet:-1, max-image-preview:large, max-video-preview:-1\" \/>\n<link rel=\"canonical\" href=\"https:\/\/repliquemangacine.fr\/de\/assassins-creed-handschuhe\/geisterklinge-assassins-creed-unity\/\" \/>\n<meta property=\"og:locale\" content=\"de_DE\" \/>\n<meta property=\"og:type\" content=\"article\" \/>\n<meta property=\"og:title\" content=\"Lame Fant\u00f4me Assassin&#039;s Creed-Unity - R\u00e9plique Manga Cin\u00e9\" \/>\n<meta property=\"og:description\" content=\"Achetez vite ! Votre Lame Fant\u00f4me Assassin&#039;s Creed-Unity au meilleur prix. Lame r\u00e9tractable \u00e0 ressort - Bras d&#039;arbal\u00e8te d\u00e9ployables - Envoi 24\/48h\" \/>\n<meta property=\"og:url\" content=\"https:\/\/repliquemangacine.fr\/de\/assassins-creed-handschuhe\/geisterklinge-assassins-creed-unity\/\" \/>\n<meta property=\"og:site_name\" content=\"R\u00e9plique Manga Cin\u00e9\" \/>\n<meta property=\"article:publisher\" content=\"https:\/\/www.facebook.com\/RepliqueMangaCine\" \/>\n<meta property=\"article:modified_time\" content=\"2025-09-23T16:02:38+00:00\" \/>\n<meta property=\"og:image\" content=\"https:\/\/repliquemangacine.fr\/wp-content\/uploads\/2023\/10\/lame-fantome.jpg\" \/>\n\t<meta property=\"og:image:width\" content=\"800\" \/>\n\t<meta property=\"og:image:height\" content=\"800\" \/>\n\t<meta property=\"og:image:type\" content=\"image\/jpeg\" \/>\n<meta name=\"twitter:card\" content=\"summary_large_image\" \/>\n<meta name=\"twitter:label1\" content=\"Gesch\u00e4tzte Lesezeit\" \/>\n\t<meta name=\"twitter:data1\" content=\"1\u00a0Minute\" \/>\n<script type=\"application\/ld+json\" class=\"yoast-schema-graph\">{\"@context\":\"https:\\\/\\\/schema.org\",\"@graph\":[{\"@type\":\"WebPage\",\"@id\":\"https:\\\/\\\/repliquemangacine.fr\\\/gantelets-assassins-creed\\\/lame-fantome-assassins-creed-unity\\\/\",\"url\":\"https:\\\/\\\/repliquemangacine.fr\\\/gantelets-assassins-creed\\\/lame-fantome-assassins-creed-unity\\\/\",\"name\":\"Lame Fant\u00f4me Assassin's Creed-Unity - R\u00e9plique Manga Cin\u00e9\",\"isPartOf\":{\"@id\":\"https:\\\/\\\/repliquemangacine.fr\\\/#website\"},\"primaryImageOfPage\":{\"@id\":\"https:\\\/\\\/repliquemangacine.fr\\\/gantelets-assassins-creed\\\/lame-fantome-assassins-creed-unity\\\/#primaryimage\"},\"image\":{\"@id\":\"https:\\\/\\\/repliquemangacine.fr\\\/gantelets-assassins-creed\\\/lame-fantome-assassins-creed-unity\\\/#primaryimage\"},\"thumbnailUrl\":\"https:\\\/\\\/repliquemangacine.fr\\\/wp-content\\\/uploads\\\/2023\\\/10\\\/lame-fantome.jpg\",\"datePublished\":\"2021-08-20T10:52:27+00:00\",\"dateModified\":\"2025-09-23T16:02:38+00:00\",\"description\":\"Achetez vite ! Votre Lame Fant\u00f4me Assassin's Creed-Unity au meilleur prix. Lame r\u00e9tractable \u00e0 ressort - Bras d'arbal\u00e8te d\u00e9ployables - Envoi 24\\\/48h\",\"breadcrumb\":{\"@id\":\"https:\\\/\\\/repliquemangacine.fr\\\/gantelets-assassins-creed\\\/lame-fantome-assassins-creed-unity\\\/#breadcrumb\"},\"inLanguage\":\"de\",\"potentialAction\":[{\"@type\":\"ReadAction\",\"target\":[\"https:\\\/\\\/repliquemangacine.fr\\\/gantelets-assassins-creed\\\/lame-fantome-assassins-creed-unity\\\/\"]}]},{\"@type\":\"ImageObject\",\"inLanguage\":\"de\",\"@id\":\"https:\\\/\\\/repliquemangacine.fr\\\/gantelets-assassins-creed\\\/lame-fantome-assassins-creed-unity\\\/#primaryimage\",\"url\":\"https:\\\/\\\/repliquemangacine.fr\\\/wp-content\\\/uploads\\\/2023\\\/10\\\/lame-fantome.jpg\",\"contentUrl\":\"https:\\\/\\\/repliquemangacine.fr\\\/wp-content\\\/uploads\\\/2023\\\/10\\\/lame-fantome.jpg\",\"width\":800,\"height\":800,\"caption\":\"lame-fantome Assassin's Creed avec arbal\u00e8te\"},{\"@type\":\"BreadcrumbList\",\"@id\":\"https:\\\/\\\/repliquemangacine.fr\\\/gantelets-assassins-creed\\\/lame-fantome-assassins-creed-unity\\\/#breadcrumb\",\"itemListElement\":[{\"@type\":\"ListItem\",\"position\":1,\"name\":\"Accueil\",\"item\":\"https:\\\/\\\/repliquemangacine.fr\\\/\"},{\"@type\":\"ListItem\",\"position\":2,\"name\":\"Produits\",\"item\":\"https:\\\/\\\/repliquemangacine.fr\\\/boutique\\\/\"},{\"@type\":\"ListItem\",\"position\":3,\"name\":\"Lame Fant\u00f4me Assassin&#8217;s Creed Unity\"}]},{\"@type\":\"WebSite\",\"@id\":\"https:\\\/\\\/repliquemangacine.fr\\\/#website\",\"url\":\"https:\\\/\\\/repliquemangacine.fr\\\/\",\"name\":\"R\u00e9plique Manga Cin\u00e9\",\"description\":\"\",\"publisher\":{\"@id\":\"https:\\\/\\\/repliquemangacine.fr\\\/#organization\"},\"potentialAction\":[{\"@type\":\"SearchAction\",\"target\":{\"@type\":\"EntryPoint\",\"urlTemplate\":\"https:\\\/\\\/repliquemangacine.fr\\\/?s={search_term_string}\"},\"query-input\":{\"@type\":\"PropertyValueSpecification\",\"valueRequired\":true,\"valueName\":\"search_term_string\"}}],\"inLanguage\":\"de\"},{\"@type\":\"Organization\",\"@id\":\"https:\\\/\\\/repliquemangacine.fr\\\/#organization\",\"name\":\"R\u00e9plique Manga Cin\u00e9\",\"url\":\"https:\\\/\\\/repliquemangacine.fr\\\/\",\"logo\":{\"@type\":\"ImageObject\",\"inLanguage\":\"de\",\"@id\":\"https:\\\/\\\/repliquemangacine.fr\\\/#\\\/schema\\\/logo\\\/image\\\/\",\"url\":\"https:\\\/\\\/repliquemangacine.fr\\\/wp-content\\\/uploads\\\/2023\\\/10\\\/RMC-500250.png\",\"contentUrl\":\"https:\\\/\\\/repliquemangacine.fr\\\/wp-content\\\/uploads\\\/2023\\\/10\\\/RMC-500250.png\",\"width\":500,\"height\":250,\"caption\":\"R\u00e9plique Manga Cin\u00e9\"},\"image\":{\"@id\":\"https:\\\/\\\/repliquemangacine.fr\\\/#\\\/schema\\\/logo\\\/image\\\/\"},\"sameAs\":[\"https:\\\/\\\/www.facebook.com\\\/RepliqueMangaCine\",\"https:\\\/\\\/www.instagram.com\\\/repliquemangacine.fr\\\/\"]}]}<\/script>\n<!-- \/ Yoast SEO plugin. -->","yoast_head_json":{"title":"Assassin's Creed-Unity-Phantomklinge - R\u00e9plique Manga Cin\u00e9","description":"Kaufen Sie schnell! Ihre Assassin's Creed-Unity-Phantomklinge zum besten Preis. Einziehbare Federklinge - Ausklappbare Armbrustarme - Versand 24\/48 Stunden","robots":{"index":"index","follow":"follow","max-snippet":"max-snippet:-1","max-image-preview":"max-image-preview:large","max-video-preview":"max-video-preview:-1"},"canonical":"https:\/\/repliquemangacine.fr\/de\/assassins-creed-handschuhe\/geisterklinge-assassins-creed-unity\/","og_locale":"de_DE","og_type":"article","og_title":"Lame Fant\u00f4me Assassin's Creed-Unity - R\u00e9plique Manga Cin\u00e9","og_description":"Achetez vite ! Votre Lame Fant\u00f4me Assassin's Creed-Unity au meilleur prix. Lame r\u00e9tractable \u00e0 ressort - Bras d'arbal\u00e8te d\u00e9ployables - Envoi 24\/48h","og_url":"https:\/\/repliquemangacine.fr\/de\/assassins-creed-handschuhe\/geisterklinge-assassins-creed-unity\/","og_site_name":"R\u00e9plique Manga Cin\u00e9","article_publisher":"https:\/\/www.facebook.com\/RepliqueMangaCine","article_modified_time":"2025-09-23T16:02:38+00:00","og_image":[{"width":800,"height":800,"url":"https:\/\/repliquemangacine.fr\/wp-content\/uploads\/2023\/10\/lame-fantome.jpg","type":"image\/jpeg"}],"twitter_card":"summary_large_image","twitter_misc":{"Gesch\u00e4tzte Lesezeit":"1\u00a0Minute"},"schema":{"@context":"https:\/\/schema.org","@graph":[{"@type":"WebPage","@id":"https:\/\/repliquemangacine.fr\/gantelets-assassins-creed\/lame-fantome-assassins-creed-unity\/","url":"https:\/\/repliquemangacine.fr\/gantelets-assassins-creed\/lame-fantome-assassins-creed-unity\/","name":"Assassin's Creed-Unity-Phantomklinge - R\u00e9plique Manga Cin\u00e9","isPartOf":{"@id":"https:\/\/repliquemangacine.fr\/#website"},"primaryImageOfPage":{"@id":"https:\/\/repliquemangacine.fr\/gantelets-assassins-creed\/lame-fantome-assassins-creed-unity\/#primaryimage"},"image":{"@id":"https:\/\/repliquemangacine.fr\/gantelets-assassins-creed\/lame-fantome-assassins-creed-unity\/#primaryimage"},"thumbnailUrl":"https:\/\/repliquemangacine.fr\/wp-content\/uploads\/2023\/10\/lame-fantome.jpg","datePublished":"2021-08-20T10:52:27+00:00","dateModified":"2025-09-23T16:02:38+00:00","description":"Kaufen Sie schnell! Ihre Assassin's Creed-Unity-Phantomklinge zum besten Preis. Einziehbare Federklinge - Ausklappbare Armbrustarme - Versand 24\/48 Stunden","breadcrumb":{"@id":"https:\/\/repliquemangacine.fr\/gantelets-assassins-creed\/lame-fantome-assassins-creed-unity\/#breadcrumb"},"inLanguage":"de","potentialAction":[{"@type":"ReadAction","target":["https:\/\/repliquemangacine.fr\/gantelets-assassins-creed\/lame-fantome-assassins-creed-unity\/"]}]},{"@type":"ImageObject","inLanguage":"de","@id":"https:\/\/repliquemangacine.fr\/gantelets-assassins-creed\/lame-fantome-assassins-creed-unity\/#primaryimage","url":"https:\/\/repliquemangacine.fr\/wp-content\/uploads\/2023\/10\/lame-fantome.jpg","contentUrl":"https:\/\/repliquemangacine.fr\/wp-content\/uploads\/2023\/10\/lame-fantome.jpg","width":800,"height":800,"caption":"lame-fantome Assassin's Creed avec arbal\u00e8te"},{"@type":"BreadcrumbList","@id":"https:\/\/repliquemangacine.fr\/gantelets-assassins-creed\/lame-fantome-assassins-creed-unity\/#breadcrumb","itemListElement":[{"@type":"ListItem","position":1,"name":"Accueil","item":"https:\/\/repliquemangacine.fr\/"},{"@type":"ListItem","position":2,"name":"Produits","item":"https:\/\/repliquemangacine.fr\/boutique\/"},{"@type":"ListItem","position":3,"name":"Lame Fant\u00f4me Assassin&#8217;s Creed Unity"}]},{"@type":"WebSite","@id":"https:\/\/repliquemangacine.fr\/#website","url":"https:\/\/repliquemangacine.fr\/","name":"R\u00e9plique Manga Cin\u00e9","description":"","publisher":{"@id":"https:\/\/repliquemangacine.fr\/#organization"},"potentialAction":[{"@type":"SearchAction","target":{"@type":"EntryPoint","urlTemplate":"https:\/\/repliquemangacine.fr\/?s={search_term_string}"},"query-input":{"@type":"PropertyValueSpecification","valueRequired":true,"valueName":"search_term_string"}}],"inLanguage":"de"},{"@type":"Organization","@id":"https:\/\/repliquemangacine.fr\/#organization","name":"R\u00e9plique Manga Cin\u00e9","url":"https:\/\/repliquemangacine.fr\/","logo":{"@type":"ImageObject","inLanguage":"de","@id":"https:\/\/repliquemangacine.fr\/#\/schema\/logo\/image\/","url":"https:\/\/repliquemangacine.fr\/wp-content\/uploads\/2023\/10\/RMC-500250.png","contentUrl":"https:\/\/repliquemangacine.fr\/wp-content\/uploads\/2023\/10\/RMC-500250.png","width":500,"height":250,"caption":"R\u00e9plique Manga Cin\u00e9"},"image":{"@id":"https:\/\/repliquemangacine.fr\/#\/schema\/logo\/image\/"},"sameAs":["https:\/\/www.facebook.com\/RepliqueMangaCine","https:\/\/www.instagram.com\/repliquemangacine.fr\/"]}]}},"_links":{"self":[{"href":"https:\/\/repliquemangacine.fr\/de\/wp-json\/wp\/v2\/product\/42325","targetHints":{"allow":["GET"]}}],"collection":[{"href":"https:\/\/repliquemangacine.fr\/de\/wp-json\/wp\/v2\/product"}],"about":[{"href":"https:\/\/repliquemangacine.fr\/de\/wp-json\/wp\/v2\/types\/product"}],"wp:featuredmedia":[{"embeddable":true,"href":"https:\/\/repliquemangacine.fr\/de\/wp-json\/wp\/v2\/media\/42326"}],"wp:attachment":[{"href":"https:\/\/repliquemangacine.fr\/de\/wp-json\/wp\/v2\/media?parent=42325"}],"wp:term":[{"taxonomy":"product_brand","embeddable":true,"href":"https:\/\/repliquemangacine.fr\/de\/wp-json\/wp\/v2\/product_brand?post=42325"},{"taxonomy":"product_cat","embeddable":true,"href":"https:\/\/repliquemangacine.fr\/de\/wp-json\/wp\/v2\/product_cat?post=42325"},{"taxonomy":"product_tag","embeddable":true,"href":"https:\/\/repliquemangacine.fr\/de\/wp-json\/wp\/v2\/product_tag?post=42325"}],"curies":[{"name":"wp","href":"https:\/\/api.w.org\/{rel}","templated":true}]}}