





{"id":42318,"date":"2021-08-20T11:39:02","date_gmt":"2021-08-20T09:39:02","guid":{"rendered":"https:\/\/repliquemangacine.fr\/?post_type=product&#038;p=42318"},"modified":"2025-09-23T18:02:38","modified_gmt":"2025-09-23T16:02:38","slug":"dassassin-handschuh-geheimklinge","status":"publish","type":"product","link":"https:\/\/repliquemangacine.fr\/de\/gantelets-assassins-creed\/gantelet-dassassin-lame-secrete\/","title":{"rendered":"Assassinenhandschuh Geheime Klinge"},"content":{"rendered":"<h2>Assassinenhandschuh Geheime Klinge in Assassin's Creed Syndicat.<\/h2>\n<p>Zu Beginn wird der Assassinenhandschuh geheime Klinge in <a href=\"https:\/\/assassinscreed.fandom.com\/wiki\/Assassin's_Creed:_Syndicate\" target=\"_blank\" rel=\"noopener noreferrer\">Assassin's Creed Syndikat<\/a> wird von Ubisoft vertrieben.<\/p>\n<p>Im Jahr 1868 machten es sich die beiden britischen Attent\u00e4ter Evie und Jacob Frye zur Aufgabe, London von den britischen Templern zur\u00fcckzuerobern. Nach einem Bandenkrieg mit dem Bandenchef gelangten die Fryes in den Besitz seiner kaputten Greifpistole.<\/p>\n<p>Da Henry Green glaubte, die Pistole k\u00f6nne sich noch als n\u00fctzlich erweisen, stellte er sie dem Erfinder Alexander Graham Bell vor, der daraufhin die Abschussvorrichtung so modifizierte, dass sie in die Handschuhe der Fryes passte. Bell f\u00fcgte der Manschette sp\u00e4ter eine Dartpistole hinzu, mit der die Zwillinge halluzinogene Pfeile auf ihre Ziele abfeuern konnten.<\/p>\n<p>Assassinen sammeln eine Vielzahl von Ausr\u00fcstungsgegenst\u00e4nden, die ihnen zur Verf\u00fcgung stehen, beginnen das Spiel aber mit einer versteckten Klinge an ihrem Assassinenhandschuh, Rauchbomben und Wurfmessern.<\/p>\n<h2>Ihr Assassinenhandschuh mit Geheimklinge zum besten Preis<\/h2>\n<p>Wir bieten Ihnen eine gro\u00dfe Auswahl an Repliken des ber\u00fchmten Videospiels Assassin's Creed.<\/p>\n<p>Alles klar,<\/p>\n<ul>\n<li>Die ber\u00fchmte <a href=\"https:\/\/repliquemangacine.fr\/de\/assassins-creed\/schwertstock-assassins-creed\/\">Jakobs Schwertstock<\/a> in Assassin's Creed Syndicate.<\/li>\n<li>Es gibt auch die <a href=\"https:\/\/repliquemangacine.fr\/de\/assassins-creed\/tomahawk-des-assassins-hache-connor-kenway\/\">Tomahawk-Axt<\/a> in Assassin's Creed 3.<\/li>\n<li>Aber auch die <a href=\"https:\/\/repliquemangacine.fr\/de\/assassins-creed\/wurfmesser-altair-assassin-s-creed\/\">Alta\u00efrs Wurfmesser<\/a>.<\/li>\n<li>Und viele andere, die es in unserem Online-Shop zu entdecken gibt!<\/li>\n<\/ul>\n<p>Deshalb gibt es hier tolle Geschenkideen f\u00fcr Fans der historischen Spielreihe Assassin's Creed.<\/p>\n<p>Zusammenfassend l\u00e4sst sich sagen, dass Sie den Assassinen-Handschuh als Geheimklinge f\u00fcr Ihre Cosplay-Parade oder f\u00fcr Ihre Themenpartys verwenden k\u00f6nnen. Vor allem aber ist diese Klinge ein Sammler- und Dekorationsst\u00fcck.<\/p>\n<h2>Unsere neuesten g\u00fcnstigen Assassin's Creed-Neuheiten<\/h2>\n<p>Unser Ziel ist es, Sie zufrieden zu stellen. Aus diesem Grund setzen wir alles daran, die von Ihnen gesuchten Sammlerst\u00fccke zu finden. Z\u00f6gern Sie also nicht, uns Ihre W\u00fcnsche und Anmerkungen mitzuteilen, damit wir das Abenteuer gemeinsam fortsetzen k\u00f6nnen!<\/p>\n<p>Wir sind immer an der Spitze der Neuheiten und h\u00f6ren Ihnen bei Ihren Produktsuchen zu. Wir freuen uns, Ihnen einige kleine Nuggets anbieten zu k\u00f6nnen, wie zum Beispiel :<\/p>\n<ul>\n<li>Die beiden \u00c4xte von Eivor in Assassin's creed Valhalla<\/li>\n<li>Die neueste Errungenschaft des <a href=\"https:\/\/repliquemangacine.fr\/de\/assassins-creed-schwerter-assassins-creed-waffen\/marteau-thor-assassins-creed-valhalla\/\">thor-Hammer in Assassin's Creed Valhalla<\/a><\/li>\n<li>Und noch viel mehr, das Sie in K\u00fcrze entdecken werden, wie z.B. die assassin's creed-Figuren<\/li>\n<\/ul>\n<p>replica Manga Cin\u00e9 ist ein franz\u00f6sisches Familienunternehmen.<\/p>","protected":false},"excerpt":{"rendered":"<p>Diese lebensgro\u00dfe Nachbildung von Jakobs Waffe besteht aus :<\/p>\n<ul>\n<li>Funktionelle, federbelastete, einziehbare Geheimklinge mit Verriegelung und Freigabe der Klinge.<\/li>\n<li>Handschuh aus ABS.<\/li>\n<li>Klinge aus ABS, zusammen mit dem Greiferwerfer und der Pfeilkanone.<\/li>\n<li>Schachtel in den Farben von Assassin's Creed Syndicate, signiert von Ubicollectible Ubisoft.<\/li>\n<\/ul>","protected":false},"featured_media":42319,"template":"","meta":[],"product_brand":[896],"product_cat":[48,835,23],"product_tag":[],"class_list":{"0":"post-42318","1":"product","2":"type-product","3":"status-publish","4":"has-post-thumbnail","6":"product_brand-replique-manga-cine","7":"product_cat-epees-assassins-creed-armes-assassins-creed","8":"product_cat-gantelets-assassins-creed","9":"product_cat-repliques-manga-jeux-video","11":"first","12":"outofstock","13":"sale","14":"taxable","15":"shipping-taxable","16":"purchasable","17":"product-type-simple"},"yoast_head":"<!-- This site is optimized with the Yoast SEO plugin v27.5 - https:\/\/yoast.com\/product\/yoast-seo-wordpress\/ -->\n<title>Gantelet d&#039;Assassin lame secr\u00e8te - R\u00e9plique Manga Cin\u00e9<\/title>\n<meta name=\"description\" content=\"Commandez vite ! Votre Gantelet d&#039;Assassin lame secr\u00e8te dans Assassin&#039;s Creed Syndicate d&#039;Ubisoft au meilleur prix. Lame en ABS r\u00e9tractable \u00e0 ressort.\" \/>\n<meta name=\"robots\" content=\"index, follow, max-snippet:-1, max-image-preview:large, max-video-preview:-1\" \/>\n<link rel=\"canonical\" href=\"https:\/\/repliquemangacine.fr\/de\/assassins-creed-handschuhe\/dassassin-handschuh-geheimklinge\/\" \/>\n<meta property=\"og:locale\" content=\"de_DE\" \/>\n<meta property=\"og:type\" content=\"article\" \/>\n<meta property=\"og:title\" content=\"Gantelet d&#039;Assassin lame secr\u00e8te - R\u00e9plique Manga Cin\u00e9\" \/>\n<meta property=\"og:description\" content=\"Commandez vite ! Votre Gantelet d&#039;Assassin lame secr\u00e8te dans Assassin&#039;s Creed Syndicate d&#039;Ubisoft au meilleur prix. Lame en ABS r\u00e9tractable \u00e0 ressort.\" \/>\n<meta property=\"og:url\" content=\"https:\/\/repliquemangacine.fr\/de\/assassins-creed-handschuhe\/dassassin-handschuh-geheimklinge\/\" \/>\n<meta property=\"og:site_name\" content=\"R\u00e9plique Manga Cin\u00e9\" \/>\n<meta property=\"article:publisher\" content=\"https:\/\/www.facebook.com\/RepliqueMangaCine\" \/>\n<meta property=\"article:modified_time\" content=\"2025-09-23T16:02:38+00:00\" \/>\n<meta property=\"og:image\" content=\"https:\/\/repliquemangacine.fr\/wp-content\/uploads\/2023\/10\/gantelet-dassassin.jpg\" \/>\n\t<meta property=\"og:image:width\" content=\"800\" \/>\n\t<meta property=\"og:image:height\" content=\"800\" \/>\n\t<meta property=\"og:image:type\" content=\"image\/jpeg\" \/>\n<meta name=\"twitter:card\" content=\"summary_large_image\" \/>\n<meta name=\"twitter:label1\" content=\"Gesch\u00e4tzte Lesezeit\" \/>\n\t<meta name=\"twitter:data1\" content=\"2\u00a0Minuten\" \/>\n<script type=\"application\/ld+json\" class=\"yoast-schema-graph\">{\"@context\":\"https:\\\/\\\/schema.org\",\"@graph\":[{\"@type\":\"WebPage\",\"@id\":\"https:\\\/\\\/repliquemangacine.fr\\\/gantelets-assassins-creed\\\/gantelet-dassassin-lame-secrete\\\/\",\"url\":\"https:\\\/\\\/repliquemangacine.fr\\\/gantelets-assassins-creed\\\/gantelet-dassassin-lame-secrete\\\/\",\"name\":\"Gantelet d'Assassin lame secr\u00e8te - R\u00e9plique Manga Cin\u00e9\",\"isPartOf\":{\"@id\":\"https:\\\/\\\/repliquemangacine.fr\\\/#website\"},\"primaryImageOfPage\":{\"@id\":\"https:\\\/\\\/repliquemangacine.fr\\\/gantelets-assassins-creed\\\/gantelet-dassassin-lame-secrete\\\/#primaryimage\"},\"image\":{\"@id\":\"https:\\\/\\\/repliquemangacine.fr\\\/gantelets-assassins-creed\\\/gantelet-dassassin-lame-secrete\\\/#primaryimage\"},\"thumbnailUrl\":\"https:\\\/\\\/repliquemangacine.fr\\\/wp-content\\\/uploads\\\/2023\\\/10\\\/gantelet-dassassin.jpg\",\"datePublished\":\"2021-08-20T09:39:02+00:00\",\"dateModified\":\"2025-09-23T16:02:38+00:00\",\"description\":\"Commandez vite ! Votre Gantelet d'Assassin lame secr\u00e8te dans Assassin's Creed Syndicate d'Ubisoft au meilleur prix. Lame en ABS r\u00e9tractable \u00e0 ressort.\",\"breadcrumb\":{\"@id\":\"https:\\\/\\\/repliquemangacine.fr\\\/gantelets-assassins-creed\\\/gantelet-dassassin-lame-secrete\\\/#breadcrumb\"},\"inLanguage\":\"de\",\"potentialAction\":[{\"@type\":\"ReadAction\",\"target\":[\"https:\\\/\\\/repliquemangacine.fr\\\/gantelets-assassins-creed\\\/gantelet-dassassin-lame-secrete\\\/\"]}]},{\"@type\":\"ImageObject\",\"inLanguage\":\"de\",\"@id\":\"https:\\\/\\\/repliquemangacine.fr\\\/gantelets-assassins-creed\\\/gantelet-dassassin-lame-secrete\\\/#primaryimage\",\"url\":\"https:\\\/\\\/repliquemangacine.fr\\\/wp-content\\\/uploads\\\/2023\\\/10\\\/gantelet-dassassin.jpg\",\"contentUrl\":\"https:\\\/\\\/repliquemangacine.fr\\\/wp-content\\\/uploads\\\/2023\\\/10\\\/gantelet-dassassin.jpg\",\"width\":800,\"height\":800,\"caption\":\"Gantelet d'Assassin lame secr\u00e8te\"},{\"@type\":\"BreadcrumbList\",\"@id\":\"https:\\\/\\\/repliquemangacine.fr\\\/gantelets-assassins-creed\\\/gantelet-dassassin-lame-secrete\\\/#breadcrumb\",\"itemListElement\":[{\"@type\":\"ListItem\",\"position\":1,\"name\":\"Accueil\",\"item\":\"https:\\\/\\\/repliquemangacine.fr\\\/\"},{\"@type\":\"ListItem\",\"position\":2,\"name\":\"Produits\",\"item\":\"https:\\\/\\\/repliquemangacine.fr\\\/boutique\\\/\"},{\"@type\":\"ListItem\",\"position\":3,\"name\":\"Gantelet d&#8217;Assassin lame secr\u00e8te\"}]},{\"@type\":\"WebSite\",\"@id\":\"https:\\\/\\\/repliquemangacine.fr\\\/#website\",\"url\":\"https:\\\/\\\/repliquemangacine.fr\\\/\",\"name\":\"R\u00e9plique Manga Cin\u00e9\",\"description\":\"\",\"publisher\":{\"@id\":\"https:\\\/\\\/repliquemangacine.fr\\\/#organization\"},\"potentialAction\":[{\"@type\":\"SearchAction\",\"target\":{\"@type\":\"EntryPoint\",\"urlTemplate\":\"https:\\\/\\\/repliquemangacine.fr\\\/?s={search_term_string}\"},\"query-input\":{\"@type\":\"PropertyValueSpecification\",\"valueRequired\":true,\"valueName\":\"search_term_string\"}}],\"inLanguage\":\"de\"},{\"@type\":\"Organization\",\"@id\":\"https:\\\/\\\/repliquemangacine.fr\\\/#organization\",\"name\":\"R\u00e9plique Manga Cin\u00e9\",\"url\":\"https:\\\/\\\/repliquemangacine.fr\\\/\",\"logo\":{\"@type\":\"ImageObject\",\"inLanguage\":\"de\",\"@id\":\"https:\\\/\\\/repliquemangacine.fr\\\/#\\\/schema\\\/logo\\\/image\\\/\",\"url\":\"https:\\\/\\\/repliquemangacine.fr\\\/wp-content\\\/uploads\\\/2023\\\/10\\\/RMC-500250.png\",\"contentUrl\":\"https:\\\/\\\/repliquemangacine.fr\\\/wp-content\\\/uploads\\\/2023\\\/10\\\/RMC-500250.png\",\"width\":500,\"height\":250,\"caption\":\"R\u00e9plique Manga Cin\u00e9\"},\"image\":{\"@id\":\"https:\\\/\\\/repliquemangacine.fr\\\/#\\\/schema\\\/logo\\\/image\\\/\"},\"sameAs\":[\"https:\\\/\\\/www.facebook.com\\\/RepliqueMangaCine\",\"https:\\\/\\\/www.instagram.com\\\/repliquemangacine.fr\\\/\"]}]}<\/script>\n<!-- \/ Yoast SEO plugin. -->","yoast_head_json":{"title":"Assassinenhandschuh mit Geheimklinge - R\u00e9plique Manga Cin\u00e9","description":"Bestellen Sie schnell! Ihr Assassinen-Handschuh mit Geheimklinge in Assassin's Creed Syndicate von Ubisoft zum besten Preis. Federgelagerte, einziehbare ABS-Klinge.","robots":{"index":"index","follow":"follow","max-snippet":"max-snippet:-1","max-image-preview":"max-image-preview:large","max-video-preview":"max-video-preview:-1"},"canonical":"https:\/\/repliquemangacine.fr\/de\/assassins-creed-handschuhe\/dassassin-handschuh-geheimklinge\/","og_locale":"de_DE","og_type":"article","og_title":"Gantelet d'Assassin lame secr\u00e8te - R\u00e9plique Manga Cin\u00e9","og_description":"Commandez vite ! Votre Gantelet d'Assassin lame secr\u00e8te dans Assassin's Creed Syndicate d'Ubisoft au meilleur prix. Lame en ABS r\u00e9tractable \u00e0 ressort.","og_url":"https:\/\/repliquemangacine.fr\/de\/assassins-creed-handschuhe\/dassassin-handschuh-geheimklinge\/","og_site_name":"R\u00e9plique Manga Cin\u00e9","article_publisher":"https:\/\/www.facebook.com\/RepliqueMangaCine","article_modified_time":"2025-09-23T16:02:38+00:00","og_image":[{"width":800,"height":800,"url":"https:\/\/repliquemangacine.fr\/wp-content\/uploads\/2023\/10\/gantelet-dassassin.jpg","type":"image\/jpeg"}],"twitter_card":"summary_large_image","twitter_misc":{"Gesch\u00e4tzte Lesezeit":"2\u00a0Minuten"},"schema":{"@context":"https:\/\/schema.org","@graph":[{"@type":"WebPage","@id":"https:\/\/repliquemangacine.fr\/gantelets-assassins-creed\/gantelet-dassassin-lame-secrete\/","url":"https:\/\/repliquemangacine.fr\/gantelets-assassins-creed\/gantelet-dassassin-lame-secrete\/","name":"Assassinenhandschuh mit Geheimklinge - R\u00e9plique Manga Cin\u00e9","isPartOf":{"@id":"https:\/\/repliquemangacine.fr\/#website"},"primaryImageOfPage":{"@id":"https:\/\/repliquemangacine.fr\/gantelets-assassins-creed\/gantelet-dassassin-lame-secrete\/#primaryimage"},"image":{"@id":"https:\/\/repliquemangacine.fr\/gantelets-assassins-creed\/gantelet-dassassin-lame-secrete\/#primaryimage"},"thumbnailUrl":"https:\/\/repliquemangacine.fr\/wp-content\/uploads\/2023\/10\/gantelet-dassassin.jpg","datePublished":"2021-08-20T09:39:02+00:00","dateModified":"2025-09-23T16:02:38+00:00","description":"Bestellen Sie schnell! Ihr Assassinen-Handschuh mit Geheimklinge in Assassin's Creed Syndicate von Ubisoft zum besten Preis. Federgelagerte, einziehbare ABS-Klinge.","breadcrumb":{"@id":"https:\/\/repliquemangacine.fr\/gantelets-assassins-creed\/gantelet-dassassin-lame-secrete\/#breadcrumb"},"inLanguage":"de","potentialAction":[{"@type":"ReadAction","target":["https:\/\/repliquemangacine.fr\/gantelets-assassins-creed\/gantelet-dassassin-lame-secrete\/"]}]},{"@type":"ImageObject","inLanguage":"de","@id":"https:\/\/repliquemangacine.fr\/gantelets-assassins-creed\/gantelet-dassassin-lame-secrete\/#primaryimage","url":"https:\/\/repliquemangacine.fr\/wp-content\/uploads\/2023\/10\/gantelet-dassassin.jpg","contentUrl":"https:\/\/repliquemangacine.fr\/wp-content\/uploads\/2023\/10\/gantelet-dassassin.jpg","width":800,"height":800,"caption":"Gantelet d'Assassin lame secr\u00e8te"},{"@type":"BreadcrumbList","@id":"https:\/\/repliquemangacine.fr\/gantelets-assassins-creed\/gantelet-dassassin-lame-secrete\/#breadcrumb","itemListElement":[{"@type":"ListItem","position":1,"name":"Accueil","item":"https:\/\/repliquemangacine.fr\/"},{"@type":"ListItem","position":2,"name":"Produits","item":"https:\/\/repliquemangacine.fr\/boutique\/"},{"@type":"ListItem","position":3,"name":"Gantelet d&#8217;Assassin lame secr\u00e8te"}]},{"@type":"WebSite","@id":"https:\/\/repliquemangacine.fr\/#website","url":"https:\/\/repliquemangacine.fr\/","name":"R\u00e9plique Manga Cin\u00e9","description":"","publisher":{"@id":"https:\/\/repliquemangacine.fr\/#organization"},"potentialAction":[{"@type":"SearchAction","target":{"@type":"EntryPoint","urlTemplate":"https:\/\/repliquemangacine.fr\/?s={search_term_string}"},"query-input":{"@type":"PropertyValueSpecification","valueRequired":true,"valueName":"search_term_string"}}],"inLanguage":"de"},{"@type":"Organization","@id":"https:\/\/repliquemangacine.fr\/#organization","name":"R\u00e9plique Manga Cin\u00e9","url":"https:\/\/repliquemangacine.fr\/","logo":{"@type":"ImageObject","inLanguage":"de","@id":"https:\/\/repliquemangacine.fr\/#\/schema\/logo\/image\/","url":"https:\/\/repliquemangacine.fr\/wp-content\/uploads\/2023\/10\/RMC-500250.png","contentUrl":"https:\/\/repliquemangacine.fr\/wp-content\/uploads\/2023\/10\/RMC-500250.png","width":500,"height":250,"caption":"R\u00e9plique Manga Cin\u00e9"},"image":{"@id":"https:\/\/repliquemangacine.fr\/#\/schema\/logo\/image\/"},"sameAs":["https:\/\/www.facebook.com\/RepliqueMangaCine","https:\/\/www.instagram.com\/repliquemangacine.fr\/"]}]}},"_links":{"self":[{"href":"https:\/\/repliquemangacine.fr\/de\/wp-json\/wp\/v2\/product\/42318","targetHints":{"allow":["GET"]}}],"collection":[{"href":"https:\/\/repliquemangacine.fr\/de\/wp-json\/wp\/v2\/product"}],"about":[{"href":"https:\/\/repliquemangacine.fr\/de\/wp-json\/wp\/v2\/types\/product"}],"wp:featuredmedia":[{"embeddable":true,"href":"https:\/\/repliquemangacine.fr\/de\/wp-json\/wp\/v2\/media\/42319"}],"wp:attachment":[{"href":"https:\/\/repliquemangacine.fr\/de\/wp-json\/wp\/v2\/media?parent=42318"}],"wp:term":[{"taxonomy":"product_brand","embeddable":true,"href":"https:\/\/repliquemangacine.fr\/de\/wp-json\/wp\/v2\/product_brand?post=42318"},{"taxonomy":"product_cat","embeddable":true,"href":"https:\/\/repliquemangacine.fr\/de\/wp-json\/wp\/v2\/product_cat?post=42318"},{"taxonomy":"product_tag","embeddable":true,"href":"https:\/\/repliquemangacine.fr\/de\/wp-json\/wp\/v2\/product_tag?post=42318"}],"curies":[{"name":"wp","href":"https:\/\/api.w.org\/{rel}","templated":true}]}}