





{"id":41743,"date":"2021-08-02T14:17:34","date_gmt":"2021-08-02T12:17:34","guid":{"rendered":"https:\/\/repliquemangacine.fr\/?post_type=product&#038;p=41743"},"modified":"2026-03-12T12:11:23","modified_gmt":"2026-03-12T11:11:23","slug":"schachbrett-der-zauberer-spiel-schach-hp","status":"publish","type":"product","link":"https:\/\/repliquemangacine.fr\/de\/divers-goodies\/echiquier-des-sorciers-jeu-dechec-hp\/","title":{"rendered":"Harry-Potter-Schachspiel"},"content":{"rendered":"<h2>Offizielles Schachbrett der Zauberer in Harry Potter.<\/h2>\n<p>Zu Beginn dieser <strong>Schachbrett der Zauberer<\/strong>ist eine authentische, offiziell lizenzierte Harry PotterTM -Replik, vertrieben von <a href=\"https:\/\/noblecollection.fr\/echiquier-des-sorciers-harry-potter-p-4658.html\" target=\"_blank\" rel=\"noopener noreferrer\">Noble Collection<\/a>.<\/p>\n<p>Ron bringt Harry w\u00e4hrend der Weihnachtsferien 1991 das Spiel bei. Harry spielt gegen Ron mit den Figuren, die ihm Seamus Finnigan geliehen hat, aber diese vertrauen ihm nicht und beanstanden seine Entscheidungen.<\/p>\n<p>Harry bekommt beim Weihnachtsessen ein Zauberer-Schachspiel als \u00dcberraschungsgeschenk. Er probiert das Spiel zum ersten Mal aus und wird von Ron gnadenlos geschlagen.<\/p>\n<p>Schlie\u00dflich das riesige Schachbrett, das einen der Schutzmechanismen des Stein der Weisen darstellt (der von Minerva McGonagall). Ron \u00fcbernimmt die Herausforderung, da er ein weitaus besserer Schachspieler ist als Harry und Hermine. Sie m\u00fcssen die schwarzen Figuren ersetzen, um den Raum zu durchqueren.<\/p>\n<h2>Ihr Harry Potter-Sammelobjekt zum besten Preis<\/h2>\n<p>Wir bieten Ihnen eine gro\u00dfe Auswahl an Sammlerst\u00fccken und offiziellen Harry Potter-Produkten von Noble Collection.<\/p>\n<p>Zun\u00e4chst einmal,<\/p>\n<ul>\n<li>Der ber\u00fchmte <a href=\"https:\/\/repliquemangacine.fr\/de\/harry-potter\/ron-weasley-deluminator\/\">Rons Deluminator<\/a>Er erbte es nach Dumbledores Tod.<\/li>\n<li>L'<a href=\"https:\/\/repliquemangacine.fr\/de\/sammlerstucke-harry-potter\/godric-gryffindor-harry-potter-schwert\/\">Godric Gryffindor Schwert<\/a> den Harry im Kampf gegen den Basilisken einsetzt.<\/li>\n<li>Und viele andere, die es in unserem Online-Shop zu entdecken gibt!<\/li>\n<li>Nat\u00fcrlich haben wir, um Ihren Kindern eine Freude zu machen, auch alle nicht offiziellen, aber preisg\u00fcnstigen Baguettes auf unserer Website.<\/li>\n<\/ul>\n<p>Deshalb hier eine tolle Geschenkidee f\u00fcr alle Harry-Potter-Fans<\/p>\n<p>Abschlie\u00dfend k\u00f6nnen Sie auch diesen <strong>Schachbrett der Zauberer<\/strong> f\u00fcr Ihre Cosplays oder Themenabende. Vor allem aber ist es ein Sammler- und Dekorationsst\u00fcck.<\/p>\n<p>R\u00e9plique Manga Cin\u00e9 ist ein franz\u00f6sisches Familienunternehmen.<\/p>\n<p>&nbsp;<\/p>","protected":false},"excerpt":{"rendered":"<p>Offizielles Harry Potter-Schachbrett, vertrieben von The Noble Collection.<\/p>\n<ul>\n<li>Detaillierte Nachbildung des Schachspiels des Zauberers in Harry Potter und der Stein des Weisen.<\/li>\n<li>Offiziell genehmigt von Warner Bros.<\/li>\n<li>32 Schachfiguren mit Tasche.<\/li>\n<li>Spielbrett 45 cm X 45 cm<\/li>\n<li>Schachfiguren sind 5 bis 10 cm gro\u00df.<\/li>\n<\/ul>","protected":false},"featured_media":41744,"template":"","meta":[],"product_brand":[896],"product_cat":[87,98,24,94,41],"product_tag":[],"class_list":{"0":"post-41743","1":"product","2":"type-product","3":"status-publish","4":"has-post-thumbnail","6":"product_brand-replique-manga-cine","7":"product_cat-collectors-et-goodies-harry-potter","8":"product_cat-divers-goodies","9":"product_cat-films-series-tv-vente-de-katana-epee-et-produits-derives","10":"product_cat-goodies","11":"product_cat-baguettes-et-goodies-harry-potter","13":"first","14":"instock","15":"taxable","16":"shipping-taxable","17":"purchasable","18":"product-type-simple"},"yoast_head":"<!-- This site is optimized with the Yoast SEO plugin v27.5 - https:\/\/yoast.com\/product\/yoast-seo-wordpress\/ -->\n<title>Echiquier des sorciers - Harry Potter | R\u00e9plique Manga Cin\u00e9<\/title>\n<meta name=\"description\" content=\"Superbe Echiquier des sorciers dans Harry Potter au meilleur prix - Jeu de 32 pi\u00e8ces - Plateau Harry Potter - Sous licence Officielle - Envoi 24\/48h\" \/>\n<meta name=\"robots\" content=\"index, follow, max-snippet:-1, max-image-preview:large, max-video-preview:-1\" \/>\n<link rel=\"canonical\" href=\"https:\/\/repliquemangacine.fr\/de\/verschiedene-goodies\/schachbrett-der-zauberer-spiel-schach-hp\/\" \/>\n<meta property=\"og:locale\" content=\"de_DE\" \/>\n<meta property=\"og:type\" content=\"article\" \/>\n<meta property=\"og:title\" content=\"Echiquier des sorciers - Harry Potter | R\u00e9plique Manga Cin\u00e9\" \/>\n<meta property=\"og:description\" content=\"Superbe Echiquier des sorciers dans Harry Potter au meilleur prix - Jeu de 32 pi\u00e8ces - Plateau Harry Potter - Sous licence Officielle - Envoi 24\/48h\" \/>\n<meta property=\"og:url\" content=\"https:\/\/repliquemangacine.fr\/de\/verschiedene-goodies\/schachbrett-der-zauberer-spiel-schach-hp\/\" \/>\n<meta property=\"og:site_name\" content=\"R\u00e9plique Manga Cin\u00e9\" \/>\n<meta property=\"article:publisher\" content=\"https:\/\/www.facebook.com\/RepliqueMangaCine\" \/>\n<meta property=\"article:modified_time\" content=\"2026-03-12T11:11:23+00:00\" \/>\n<meta property=\"og:image\" content=\"https:\/\/repliquemangacine.fr\/wp-content\/uploads\/2023\/10\/jeu-dechec-hp.jpg\" \/>\n\t<meta property=\"og:image:width\" content=\"800\" \/>\n\t<meta property=\"og:image:height\" content=\"800\" \/>\n\t<meta property=\"og:image:type\" content=\"image\/jpeg\" \/>\n<meta name=\"twitter:card\" content=\"summary_large_image\" \/>\n<meta name=\"twitter:label1\" content=\"Gesch\u00e4tzte Lesezeit\" \/>\n\t<meta name=\"twitter:data1\" content=\"2\u00a0Minuten\" \/>\n<script type=\"application\/ld+json\" class=\"yoast-schema-graph\">{\"@context\":\"https:\\\/\\\/schema.org\",\"@graph\":[{\"@type\":\"WebPage\",\"@id\":\"https:\\\/\\\/repliquemangacine.fr\\\/divers-goodies\\\/echiquier-des-sorciers-jeu-dechec-hp\\\/\",\"url\":\"https:\\\/\\\/repliquemangacine.fr\\\/divers-goodies\\\/echiquier-des-sorciers-jeu-dechec-hp\\\/\",\"name\":\"Echiquier des sorciers - Harry Potter | R\u00e9plique Manga Cin\u00e9\",\"isPartOf\":{\"@id\":\"https:\\\/\\\/repliquemangacine.fr\\\/#website\"},\"primaryImageOfPage\":{\"@id\":\"https:\\\/\\\/repliquemangacine.fr\\\/divers-goodies\\\/echiquier-des-sorciers-jeu-dechec-hp\\\/#primaryimage\"},\"image\":{\"@id\":\"https:\\\/\\\/repliquemangacine.fr\\\/divers-goodies\\\/echiquier-des-sorciers-jeu-dechec-hp\\\/#primaryimage\"},\"thumbnailUrl\":\"https:\\\/\\\/repliquemangacine.fr\\\/wp-content\\\/uploads\\\/2023\\\/10\\\/jeu-dechec-hp.jpg\",\"datePublished\":\"2021-08-02T12:17:34+00:00\",\"dateModified\":\"2026-03-12T11:11:23+00:00\",\"description\":\"Superbe Echiquier des sorciers dans Harry Potter au meilleur prix - Jeu de 32 pi\u00e8ces - Plateau Harry Potter - Sous licence Officielle - Envoi 24\\\/48h\",\"breadcrumb\":{\"@id\":\"https:\\\/\\\/repliquemangacine.fr\\\/divers-goodies\\\/echiquier-des-sorciers-jeu-dechec-hp\\\/#breadcrumb\"},\"inLanguage\":\"de\",\"potentialAction\":[{\"@type\":\"ReadAction\",\"target\":[\"https:\\\/\\\/repliquemangacine.fr\\\/divers-goodies\\\/echiquier-des-sorciers-jeu-dechec-hp\\\/\"]}]},{\"@type\":\"ImageObject\",\"inLanguage\":\"de\",\"@id\":\"https:\\\/\\\/repliquemangacine.fr\\\/divers-goodies\\\/echiquier-des-sorciers-jeu-dechec-hp\\\/#primaryimage\",\"url\":\"https:\\\/\\\/repliquemangacine.fr\\\/wp-content\\\/uploads\\\/2023\\\/10\\\/jeu-dechec-hp.jpg\",\"contentUrl\":\"https:\\\/\\\/repliquemangacine.fr\\\/wp-content\\\/uploads\\\/2023\\\/10\\\/jeu-dechec-hp.jpg\",\"width\":800,\"height\":800,\"caption\":\"Jeu \u00e9chec Harry Potter 32 pi\u00e8ces\"},{\"@type\":\"BreadcrumbList\",\"@id\":\"https:\\\/\\\/repliquemangacine.fr\\\/divers-goodies\\\/echiquier-des-sorciers-jeu-dechec-hp\\\/#breadcrumb\",\"itemListElement\":[{\"@type\":\"ListItem\",\"position\":1,\"name\":\"Accueil\",\"item\":\"https:\\\/\\\/repliquemangacine.fr\\\/\"},{\"@type\":\"ListItem\",\"position\":2,\"name\":\"Produits\",\"item\":\"https:\\\/\\\/repliquemangacine.fr\\\/boutique\\\/\"},{\"@type\":\"ListItem\",\"position\":3,\"name\":\"Jeu d&#8217;\u00e9chec Harry Potter\"}]},{\"@type\":\"WebSite\",\"@id\":\"https:\\\/\\\/repliquemangacine.fr\\\/#website\",\"url\":\"https:\\\/\\\/repliquemangacine.fr\\\/\",\"name\":\"R\u00e9plique Manga Cin\u00e9\",\"description\":\"\",\"publisher\":{\"@id\":\"https:\\\/\\\/repliquemangacine.fr\\\/#organization\"},\"potentialAction\":[{\"@type\":\"SearchAction\",\"target\":{\"@type\":\"EntryPoint\",\"urlTemplate\":\"https:\\\/\\\/repliquemangacine.fr\\\/?s={search_term_string}\"},\"query-input\":{\"@type\":\"PropertyValueSpecification\",\"valueRequired\":true,\"valueName\":\"search_term_string\"}}],\"inLanguage\":\"de\"},{\"@type\":\"Organization\",\"@id\":\"https:\\\/\\\/repliquemangacine.fr\\\/#organization\",\"name\":\"R\u00e9plique Manga Cin\u00e9\",\"url\":\"https:\\\/\\\/repliquemangacine.fr\\\/\",\"logo\":{\"@type\":\"ImageObject\",\"inLanguage\":\"de\",\"@id\":\"https:\\\/\\\/repliquemangacine.fr\\\/#\\\/schema\\\/logo\\\/image\\\/\",\"url\":\"https:\\\/\\\/repliquemangacine.fr\\\/wp-content\\\/uploads\\\/2023\\\/10\\\/RMC-500250.png\",\"contentUrl\":\"https:\\\/\\\/repliquemangacine.fr\\\/wp-content\\\/uploads\\\/2023\\\/10\\\/RMC-500250.png\",\"width\":500,\"height\":250,\"caption\":\"R\u00e9plique Manga Cin\u00e9\"},\"image\":{\"@id\":\"https:\\\/\\\/repliquemangacine.fr\\\/#\\\/schema\\\/logo\\\/image\\\/\"},\"sameAs\":[\"https:\\\/\\\/www.facebook.com\\\/RepliqueMangaCine\",\"https:\\\/\\\/www.instagram.com\\\/repliquemangacine.fr\\\/\"]}]}<\/script>\n<!-- \/ Yoast SEO plugin. -->","yoast_head_json":{"title":"Schachbrett der Zauberer - Harry Potter | R\u00e9plique Manga Cin\u00e9","description":"Superb Schachbrett der Zauberer in Harry Potter zum besten Preis - 32-teiliges Set - Harry Potter Brett - Offiziell lizenziert - Versand 24\/48h","robots":{"index":"index","follow":"follow","max-snippet":"max-snippet:-1","max-image-preview":"max-image-preview:large","max-video-preview":"max-video-preview:-1"},"canonical":"https:\/\/repliquemangacine.fr\/de\/verschiedene-goodies\/schachbrett-der-zauberer-spiel-schach-hp\/","og_locale":"de_DE","og_type":"article","og_title":"Echiquier des sorciers - Harry Potter | R\u00e9plique Manga Cin\u00e9","og_description":"Superbe Echiquier des sorciers dans Harry Potter au meilleur prix - Jeu de 32 pi\u00e8ces - Plateau Harry Potter - Sous licence Officielle - Envoi 24\/48h","og_url":"https:\/\/repliquemangacine.fr\/de\/verschiedene-goodies\/schachbrett-der-zauberer-spiel-schach-hp\/","og_site_name":"R\u00e9plique Manga Cin\u00e9","article_publisher":"https:\/\/www.facebook.com\/RepliqueMangaCine","article_modified_time":"2026-03-12T11:11:23+00:00","og_image":[{"width":800,"height":800,"url":"https:\/\/repliquemangacine.fr\/wp-content\/uploads\/2023\/10\/jeu-dechec-hp.jpg","type":"image\/jpeg"}],"twitter_card":"summary_large_image","twitter_misc":{"Gesch\u00e4tzte Lesezeit":"2\u00a0Minuten"},"schema":{"@context":"https:\/\/schema.org","@graph":[{"@type":"WebPage","@id":"https:\/\/repliquemangacine.fr\/divers-goodies\/echiquier-des-sorciers-jeu-dechec-hp\/","url":"https:\/\/repliquemangacine.fr\/divers-goodies\/echiquier-des-sorciers-jeu-dechec-hp\/","name":"Schachbrett der Zauberer - Harry Potter | R\u00e9plique Manga Cin\u00e9","isPartOf":{"@id":"https:\/\/repliquemangacine.fr\/#website"},"primaryImageOfPage":{"@id":"https:\/\/repliquemangacine.fr\/divers-goodies\/echiquier-des-sorciers-jeu-dechec-hp\/#primaryimage"},"image":{"@id":"https:\/\/repliquemangacine.fr\/divers-goodies\/echiquier-des-sorciers-jeu-dechec-hp\/#primaryimage"},"thumbnailUrl":"https:\/\/repliquemangacine.fr\/wp-content\/uploads\/2023\/10\/jeu-dechec-hp.jpg","datePublished":"2021-08-02T12:17:34+00:00","dateModified":"2026-03-12T11:11:23+00:00","description":"Superb Schachbrett der Zauberer in Harry Potter zum besten Preis - 32-teiliges Set - Harry Potter Brett - Offiziell lizenziert - Versand 24\/48h","breadcrumb":{"@id":"https:\/\/repliquemangacine.fr\/divers-goodies\/echiquier-des-sorciers-jeu-dechec-hp\/#breadcrumb"},"inLanguage":"de","potentialAction":[{"@type":"ReadAction","target":["https:\/\/repliquemangacine.fr\/divers-goodies\/echiquier-des-sorciers-jeu-dechec-hp\/"]}]},{"@type":"ImageObject","inLanguage":"de","@id":"https:\/\/repliquemangacine.fr\/divers-goodies\/echiquier-des-sorciers-jeu-dechec-hp\/#primaryimage","url":"https:\/\/repliquemangacine.fr\/wp-content\/uploads\/2023\/10\/jeu-dechec-hp.jpg","contentUrl":"https:\/\/repliquemangacine.fr\/wp-content\/uploads\/2023\/10\/jeu-dechec-hp.jpg","width":800,"height":800,"caption":"Jeu \u00e9chec Harry Potter 32 pi\u00e8ces"},{"@type":"BreadcrumbList","@id":"https:\/\/repliquemangacine.fr\/divers-goodies\/echiquier-des-sorciers-jeu-dechec-hp\/#breadcrumb","itemListElement":[{"@type":"ListItem","position":1,"name":"Accueil","item":"https:\/\/repliquemangacine.fr\/"},{"@type":"ListItem","position":2,"name":"Produits","item":"https:\/\/repliquemangacine.fr\/boutique\/"},{"@type":"ListItem","position":3,"name":"Jeu d&#8217;\u00e9chec Harry Potter"}]},{"@type":"WebSite","@id":"https:\/\/repliquemangacine.fr\/#website","url":"https:\/\/repliquemangacine.fr\/","name":"R\u00e9plique Manga Cin\u00e9","description":"","publisher":{"@id":"https:\/\/repliquemangacine.fr\/#organization"},"potentialAction":[{"@type":"SearchAction","target":{"@type":"EntryPoint","urlTemplate":"https:\/\/repliquemangacine.fr\/?s={search_term_string}"},"query-input":{"@type":"PropertyValueSpecification","valueRequired":true,"valueName":"search_term_string"}}],"inLanguage":"de"},{"@type":"Organization","@id":"https:\/\/repliquemangacine.fr\/#organization","name":"R\u00e9plique Manga Cin\u00e9","url":"https:\/\/repliquemangacine.fr\/","logo":{"@type":"ImageObject","inLanguage":"de","@id":"https:\/\/repliquemangacine.fr\/#\/schema\/logo\/image\/","url":"https:\/\/repliquemangacine.fr\/wp-content\/uploads\/2023\/10\/RMC-500250.png","contentUrl":"https:\/\/repliquemangacine.fr\/wp-content\/uploads\/2023\/10\/RMC-500250.png","width":500,"height":250,"caption":"R\u00e9plique Manga Cin\u00e9"},"image":{"@id":"https:\/\/repliquemangacine.fr\/#\/schema\/logo\/image\/"},"sameAs":["https:\/\/www.facebook.com\/RepliqueMangaCine","https:\/\/www.instagram.com\/repliquemangacine.fr\/"]}]}},"_links":{"self":[{"href":"https:\/\/repliquemangacine.fr\/de\/wp-json\/wp\/v2\/product\/41743","targetHints":{"allow":["GET"]}}],"collection":[{"href":"https:\/\/repliquemangacine.fr\/de\/wp-json\/wp\/v2\/product"}],"about":[{"href":"https:\/\/repliquemangacine.fr\/de\/wp-json\/wp\/v2\/types\/product"}],"wp:featuredmedia":[{"embeddable":true,"href":"https:\/\/repliquemangacine.fr\/de\/wp-json\/wp\/v2\/media\/41744"}],"wp:attachment":[{"href":"https:\/\/repliquemangacine.fr\/de\/wp-json\/wp\/v2\/media?parent=41743"}],"wp:term":[{"taxonomy":"product_brand","embeddable":true,"href":"https:\/\/repliquemangacine.fr\/de\/wp-json\/wp\/v2\/product_brand?post=41743"},{"taxonomy":"product_cat","embeddable":true,"href":"https:\/\/repliquemangacine.fr\/de\/wp-json\/wp\/v2\/product_cat?post=41743"},{"taxonomy":"product_tag","embeddable":true,"href":"https:\/\/repliquemangacine.fr\/de\/wp-json\/wp\/v2\/product_tag?post=41743"}],"curies":[{"name":"wp","href":"https:\/\/api.w.org\/{rel}","templated":true}]}}