





{"id":41686,"date":"2021-07-31T18:07:36","date_gmt":"2021-07-31T16:07:36","guid":{"rendered":"https:\/\/repliquemangacine.fr\/?post_type=product&#038;p=41686"},"modified":"2025-09-23T18:02:38","modified_gmt":"2025-09-23T16:02:38","slug":"schwertkasten-meliodas-10-teilig","status":"publish","type":"product","link":"https:\/\/repliquemangacine.fr\/de\/porte-cles-goodies\/coffret-epee-meliodas-10-pieces\/","title":{"rendered":"Meliodas Lostvayne Set 10 St\u00fcck"},"content":{"rendered":"<h2>Meliodas Lostvayne-Set 10 St\u00fcck.<\/h2>\n<p>Zu Beginn dieses <strong>Meliodas Lostvayne-Set<\/strong> ist eine unverzichtbare Erg\u00e4nzung Ihrer Sammlung.<\/p>\n<p>Seven Deadly Sins (Nanatsu no taizai, \u00abSieben Tods\u00fcnden\u00bb) ist ein Anime-Manga.<\/p>\n<p>Vor 10 Jahren gab es im K\u00f6nigreich Britannia eine Gruppe sehr grausamer Ritter, die <a href=\"https:\/\/seven-deadly-sins.fandom.com\/fr\/wiki\/Seven_Deadly_Sins\" target=\"_blank\" rel=\"noopener noreferrer\">Seven Deadly Sins<\/a> (Die sieben Tods\u00fcnden) haben sich eines abscheulichen Verbrechens schuldig gemacht. Seitdem sind sie verschwunden und niemand wei\u00df, was aus ihnen geworden ist! Prinzessin Elizabeth ist zu allem bereit, um diese legend\u00e4ren Ritter wiederzufinden. In ihren Augen sind sie die einzige Hoffnung des K\u00f6nigreichs gegen die \u00fcberm\u00e4chtigen Heiligen Ritter, die die Macht an sich gerissen haben und Terror verbreiten!<\/p>\n<p>Meliodas, ein Junge mit au\u00dfergew\u00f6hnlicher Kraft, und Hawk, sein Schwein, markieren den Beginn einer abenteuerreichen Reise voller \u00dcberraschungen, auf der Magie und K\u00e4mpfe nicht fehlen d\u00fcrfen!<\/p>\n<h2>Ihr Meliodas Lostvayne 10-teiliges Set zum besten Preis.<\/h2>\n<p>Wir bieten Ihnen eine gro\u00dfe Auswahl an Repliken Ihrer Lieblings-Manga Seven Deadly Sins.<\/p>\n<p>Zun\u00e4chst einmal,<\/p>\n<ul>\n<li>L'<a href=\"https:\/\/repliquemangacine.fr\/de\/katana-und-schwert-von-manga-anime-andere-manga\/drachenschwert-meliodas\/\">Drachenschwert<\/a> oder Meliodas' zerbrochenes Schwert aus dem Manga \"Seven Deadly sins\".<\/li>\n<li>Es gibt auch die Nachbildung des<a href=\"https:\/\/repliquemangacine.fr\/de\/katana-und-schwert-von-manga-anime-andere-manga\/schwert-des-meliodas-heiliger-tresor-lostvayne\/\">Schwert heiliger Schatz<\/a> von Meliodas.<\/li>\n<li>Sowie das <a href=\"https:\/\/repliquemangacine.fr\/de\/verschiedene-goodies\/mauspad-60-x-40-the-seven-deadly\/\">Mauspad aus Seven Deadly Sins<\/a> ( Nanatsu no taizai).<\/li>\n<li>Und noch viel mehr gibt es in unserem Online-Shop zu entdecken!<\/li>\n<\/ul>\n<p>Deshalb gibt es hier tolle Geschenkideen f\u00fcr alle Fans des Anime-Mangas.<\/p>\n<p>Abschlie\u00dfend k\u00f6nnen Sie Ihr <strong>Meliodas Lostvayne-Set<\/strong> in Ihrem t\u00e4glichen Leben. Je nach Wunsch als Schl\u00fcsselanh\u00e4nger oder Anh\u00e4nger.<\/p>\n<h2>Wie pflegt man die Klinge seines Seven Deadly Sins-Schwerts?<\/h2>\n<p>Sammlungs- und Dekorationsschwerter werden in vereinfachter Form hergestellt und zusammengebaut. Da sie zu Dekorationszwecken verwendet werden, fehlen ihnen die Sicherheitselemente, die ein japanisches Schwert f\u00fcr Trainingszwecke aufweisen muss.<\/p>\n<p>Allerdings ist Ihr <strong>Meliodas Lostvayne-Set<\/strong> zu einer Stahlklinge, die gepflegt werden muss, damit sie nicht mit der Zeit abgenutzt wird. Denn wenn du dein Katana ausstellst, werden deine Freunde neugierig sein, die Klinge zu sehen und sie zu ber\u00fchren. Hier ist Vorsicht geboten, denn Sie sollten wissen, dass die S\u00e4ure der Finger dem Stahl unabh\u00e4ngig von seiner Qualit\u00e4t sehr schadet.<\/p>\n<p>Wenn dies jedoch passiert, keine Panik, Sie brauchen nur ein Tuch, das mit etwas \u00d6l befeuchtet ist, und wischen die Fingerabdr\u00fccke ab. Wenn Sie dies tun, werden Sie Ihr Schwert sehr lange behalten.<\/p>","protected":false},"excerpt":{"rendered":"<p>10-teiliges Stahlset der Schwerter von Meliodas aus \"The Seven Deadly Sins\".<\/p>\n<p>Dieses Set beinhaltet :<\/p>\n<ul>\n<li>3 Meliodas-Schwerter - Zwischen 10.5cm und 13.5cm L\u00e4nge<\/li>\n<li>2 Scheiden f\u00fcr Schwerter - L\u00e4nge 8cm<\/li>\n<li>1 Logo-Medaille - Durchmesser: 3.5 cm<\/li>\n<li>1 Meliodas-Figur - H\u00f6he 6cm<\/li>\n<li>1 Kette, ca. 60 cm lang<\/li>\n<li>1 Ring f\u00fcr Schl\u00fcsselanh\u00e4nger und 1 Karabinerhaken<\/li>\n<\/ul>\n<p>Wird in einer Sammlerbox in den Farben des Mangas geliefert.<\/p>","protected":false},"featured_media":41687,"template":"","meta":[],"product_brand":[896],"product_cat":[98,94,23,96,110],"product_tag":[],"class_list":{"0":"post-41686","1":"product","2":"type-product","3":"status-publish","4":"has-post-thumbnail","6":"product_brand-replique-manga-cine","7":"product_cat-divers-goodies","8":"product_cat-goodies","9":"product_cat-repliques-manga-jeux-video","10":"product_cat-porte-cles-goodies","11":"product_cat-epees-seven-deadly-sins","13":"first","14":"outofstock","15":"taxable","16":"shipping-taxable","17":"purchasable","18":"product-type-simple"},"yoast_head":"<!-- This site is optimized with the Yoast SEO plugin v27.5 - https:\/\/yoast.com\/product\/yoast-seo-wordpress\/ -->\n<title>Coffret Meliodas Lostvayne 10 pi\u00e8ces - R\u00e9plique Manga Cin\u00e9<\/title>\n<meta name=\"description\" content=\"Offrez-vous ! Ce superbe Coffret Meliodas Lostvayne dans The Seven Deadly Sins au meilleur prix - Coffret de 10 pi\u00e8ces - Envoi 24\/48h\" \/>\n<meta name=\"robots\" content=\"index, follow, max-snippet:-1, max-image-preview:large, max-video-preview:-1\" \/>\n<link rel=\"canonical\" href=\"https:\/\/repliquemangacine.fr\/de\/epees-seven-deadly-sins\/schwertkasten-meliodas-10-teilig\/\" \/>\n<meta property=\"og:locale\" content=\"de_DE\" \/>\n<meta property=\"og:type\" content=\"article\" \/>\n<meta property=\"og:title\" content=\"Coffret Meliodas Lostvayne 10 pi\u00e8ces - R\u00e9plique Manga Cin\u00e9\" \/>\n<meta property=\"og:description\" content=\"Offrez-vous ! Ce superbe Coffret Meliodas Lostvayne dans The Seven Deadly Sins au meilleur prix - Coffret de 10 pi\u00e8ces - Envoi 24\/48h\" \/>\n<meta property=\"og:url\" content=\"https:\/\/repliquemangacine.fr\/de\/epees-seven-deadly-sins\/schwertkasten-meliodas-10-teilig\/\" \/>\n<meta property=\"og:site_name\" content=\"R\u00e9plique Manga Cin\u00e9\" \/>\n<meta property=\"article:publisher\" content=\"https:\/\/www.facebook.com\/RepliqueMangaCine\" \/>\n<meta property=\"article:modified_time\" content=\"2025-09-23T16:02:38+00:00\" \/>\n<meta property=\"og:image\" content=\"https:\/\/repliquemangacine.fr\/wp-content\/uploads\/2023\/10\/coffret-meliodas-sins.jpg\" \/>\n\t<meta property=\"og:image:width\" content=\"800\" \/>\n\t<meta property=\"og:image:height\" content=\"800\" \/>\n\t<meta property=\"og:image:type\" content=\"image\/jpeg\" \/>\n<meta name=\"twitter:card\" content=\"summary_large_image\" \/>\n<meta name=\"twitter:label1\" content=\"Gesch\u00e4tzte Lesezeit\" \/>\n\t<meta name=\"twitter:data1\" content=\"1\u00a0Minute\" \/>\n<script type=\"application\/ld+json\" class=\"yoast-schema-graph\">{\"@context\":\"https:\\\/\\\/schema.org\",\"@graph\":[{\"@type\":\"WebPage\",\"@id\":\"https:\\\/\\\/repliquemangacine.fr\\\/en\\\/seven-deadly-sins-swords\\\/10-piece-meliodas-sword-set\\\/\",\"url\":\"https:\\\/\\\/repliquemangacine.fr\\\/en\\\/seven-deadly-sins-swords\\\/10-piece-meliodas-sword-set\\\/\",\"name\":\"Coffret Meliodas Lostvayne 10 pi\u00e8ces - R\u00e9plique Manga Cin\u00e9\",\"isPartOf\":{\"@id\":\"https:\\\/\\\/repliquemangacine.fr\\\/#website\"},\"primaryImageOfPage\":{\"@id\":\"https:\\\/\\\/repliquemangacine.fr\\\/en\\\/seven-deadly-sins-swords\\\/10-piece-meliodas-sword-set\\\/#primaryimage\"},\"image\":{\"@id\":\"https:\\\/\\\/repliquemangacine.fr\\\/en\\\/seven-deadly-sins-swords\\\/10-piece-meliodas-sword-set\\\/#primaryimage\"},\"thumbnailUrl\":\"https:\\\/\\\/repliquemangacine.fr\\\/wp-content\\\/uploads\\\/2023\\\/10\\\/coffret-meliodas-sins.jpg\",\"datePublished\":\"2021-07-31T16:07:36+00:00\",\"dateModified\":\"2025-09-23T16:02:38+00:00\",\"description\":\"Offrez-vous ! Ce superbe Coffret Meliodas Lostvayne dans The Seven Deadly Sins au meilleur prix - Coffret de 10 pi\u00e8ces - Envoi 24\\\/48h\",\"breadcrumb\":{\"@id\":\"https:\\\/\\\/repliquemangacine.fr\\\/en\\\/seven-deadly-sins-swords\\\/10-piece-meliodas-sword-set\\\/#breadcrumb\"},\"inLanguage\":\"de\",\"potentialAction\":[{\"@type\":\"ReadAction\",\"target\":[\"https:\\\/\\\/repliquemangacine.fr\\\/en\\\/seven-deadly-sins-swords\\\/10-piece-meliodas-sword-set\\\/\"]}]},{\"@type\":\"ImageObject\",\"inLanguage\":\"de\",\"@id\":\"https:\\\/\\\/repliquemangacine.fr\\\/en\\\/seven-deadly-sins-swords\\\/10-piece-meliodas-sword-set\\\/#primaryimage\",\"url\":\"https:\\\/\\\/repliquemangacine.fr\\\/wp-content\\\/uploads\\\/2023\\\/10\\\/coffret-meliodas-sins.jpg\",\"contentUrl\":\"https:\\\/\\\/repliquemangacine.fr\\\/wp-content\\\/uploads\\\/2023\\\/10\\\/coffret-meliodas-sins.jpg\",\"width\":800,\"height\":800,\"caption\":\"coffret \u00e9p\u00e9es-meliodas porte cl\u00e9s\"},{\"@type\":\"BreadcrumbList\",\"@id\":\"https:\\\/\\\/repliquemangacine.fr\\\/en\\\/seven-deadly-sins-swords\\\/10-piece-meliodas-sword-set\\\/#breadcrumb\",\"itemListElement\":[{\"@type\":\"ListItem\",\"position\":1,\"name\":\"Accueil\",\"item\":\"https:\\\/\\\/repliquemangacine.fr\\\/\"},{\"@type\":\"ListItem\",\"position\":2,\"name\":\"Produits\",\"item\":\"https:\\\/\\\/repliquemangacine.fr\\\/boutique\\\/\"},{\"@type\":\"ListItem\",\"position\":3,\"name\":\"Coffret Meliodas Lostvayne 10 pi\u00e8ces\"}]},{\"@type\":\"WebSite\",\"@id\":\"https:\\\/\\\/repliquemangacine.fr\\\/#website\",\"url\":\"https:\\\/\\\/repliquemangacine.fr\\\/\",\"name\":\"R\u00e9plique Manga Cin\u00e9\",\"description\":\"\",\"publisher\":{\"@id\":\"https:\\\/\\\/repliquemangacine.fr\\\/#organization\"},\"potentialAction\":[{\"@type\":\"SearchAction\",\"target\":{\"@type\":\"EntryPoint\",\"urlTemplate\":\"https:\\\/\\\/repliquemangacine.fr\\\/?s={search_term_string}\"},\"query-input\":{\"@type\":\"PropertyValueSpecification\",\"valueRequired\":true,\"valueName\":\"search_term_string\"}}],\"inLanguage\":\"de\"},{\"@type\":\"Organization\",\"@id\":\"https:\\\/\\\/repliquemangacine.fr\\\/#organization\",\"name\":\"R\u00e9plique Manga Cin\u00e9\",\"url\":\"https:\\\/\\\/repliquemangacine.fr\\\/\",\"logo\":{\"@type\":\"ImageObject\",\"inLanguage\":\"de\",\"@id\":\"https:\\\/\\\/repliquemangacine.fr\\\/#\\\/schema\\\/logo\\\/image\\\/\",\"url\":\"https:\\\/\\\/repliquemangacine.fr\\\/wp-content\\\/uploads\\\/2023\\\/10\\\/RMC-500250.png\",\"contentUrl\":\"https:\\\/\\\/repliquemangacine.fr\\\/wp-content\\\/uploads\\\/2023\\\/10\\\/RMC-500250.png\",\"width\":500,\"height\":250,\"caption\":\"R\u00e9plique Manga Cin\u00e9\"},\"image\":{\"@id\":\"https:\\\/\\\/repliquemangacine.fr\\\/#\\\/schema\\\/logo\\\/image\\\/\"},\"sameAs\":[\"https:\\\/\\\/www.facebook.com\\\/RepliqueMangaCine\",\"https:\\\/\\\/www.instagram.com\\\/repliquemangacine.fr\\\/\"]}]}<\/script>\n<!-- \/ Yoast SEO plugin. -->","yoast_head_json":{"title":"Meliodas Lostvayne Set 10 St\u00fcck - R\u00e9plique Manga Cin\u00e9","description":"Bieten Sie sich selbst an! Dieses tolle Set Meliodas Lostvayne in The Seven Deadly Sins zum besten Preis - Set mit 10 St\u00fcck - Versand 24\/48h","robots":{"index":"index","follow":"follow","max-snippet":"max-snippet:-1","max-image-preview":"max-image-preview:large","max-video-preview":"max-video-preview:-1"},"canonical":"https:\/\/repliquemangacine.fr\/de\/epees-seven-deadly-sins\/schwertkasten-meliodas-10-teilig\/","og_locale":"de_DE","og_type":"article","og_title":"Coffret Meliodas Lostvayne 10 pi\u00e8ces - R\u00e9plique Manga Cin\u00e9","og_description":"Offrez-vous ! Ce superbe Coffret Meliodas Lostvayne dans The Seven Deadly Sins au meilleur prix - Coffret de 10 pi\u00e8ces - Envoi 24\/48h","og_url":"https:\/\/repliquemangacine.fr\/de\/epees-seven-deadly-sins\/schwertkasten-meliodas-10-teilig\/","og_site_name":"R\u00e9plique Manga Cin\u00e9","article_publisher":"https:\/\/www.facebook.com\/RepliqueMangaCine","article_modified_time":"2025-09-23T16:02:38+00:00","og_image":[{"width":800,"height":800,"url":"https:\/\/repliquemangacine.fr\/wp-content\/uploads\/2023\/10\/coffret-meliodas-sins.jpg","type":"image\/jpeg"}],"twitter_card":"summary_large_image","twitter_misc":{"Gesch\u00e4tzte Lesezeit":"1\u00a0Minute"},"schema":{"@context":"https:\/\/schema.org","@graph":[{"@type":"WebPage","@id":"https:\/\/repliquemangacine.fr\/en\/seven-deadly-sins-swords\/10-piece-meliodas-sword-set\/","url":"https:\/\/repliquemangacine.fr\/en\/seven-deadly-sins-swords\/10-piece-meliodas-sword-set\/","name":"Meliodas Lostvayne Set 10 St\u00fcck - R\u00e9plique Manga Cin\u00e9","isPartOf":{"@id":"https:\/\/repliquemangacine.fr\/#website"},"primaryImageOfPage":{"@id":"https:\/\/repliquemangacine.fr\/en\/seven-deadly-sins-swords\/10-piece-meliodas-sword-set\/#primaryimage"},"image":{"@id":"https:\/\/repliquemangacine.fr\/en\/seven-deadly-sins-swords\/10-piece-meliodas-sword-set\/#primaryimage"},"thumbnailUrl":"https:\/\/repliquemangacine.fr\/wp-content\/uploads\/2023\/10\/coffret-meliodas-sins.jpg","datePublished":"2021-07-31T16:07:36+00:00","dateModified":"2025-09-23T16:02:38+00:00","description":"Bieten Sie sich selbst an! Dieses tolle Set Meliodas Lostvayne in The Seven Deadly Sins zum besten Preis - Set mit 10 St\u00fcck - Versand 24\/48h","breadcrumb":{"@id":"https:\/\/repliquemangacine.fr\/en\/seven-deadly-sins-swords\/10-piece-meliodas-sword-set\/#breadcrumb"},"inLanguage":"de","potentialAction":[{"@type":"ReadAction","target":["https:\/\/repliquemangacine.fr\/en\/seven-deadly-sins-swords\/10-piece-meliodas-sword-set\/"]}]},{"@type":"ImageObject","inLanguage":"de","@id":"https:\/\/repliquemangacine.fr\/en\/seven-deadly-sins-swords\/10-piece-meliodas-sword-set\/#primaryimage","url":"https:\/\/repliquemangacine.fr\/wp-content\/uploads\/2023\/10\/coffret-meliodas-sins.jpg","contentUrl":"https:\/\/repliquemangacine.fr\/wp-content\/uploads\/2023\/10\/coffret-meliodas-sins.jpg","width":800,"height":800,"caption":"coffret \u00e9p\u00e9es-meliodas porte cl\u00e9s"},{"@type":"BreadcrumbList","@id":"https:\/\/repliquemangacine.fr\/en\/seven-deadly-sins-swords\/10-piece-meliodas-sword-set\/#breadcrumb","itemListElement":[{"@type":"ListItem","position":1,"name":"Accueil","item":"https:\/\/repliquemangacine.fr\/"},{"@type":"ListItem","position":2,"name":"Produits","item":"https:\/\/repliquemangacine.fr\/boutique\/"},{"@type":"ListItem","position":3,"name":"Coffret Meliodas Lostvayne 10 pi\u00e8ces"}]},{"@type":"WebSite","@id":"https:\/\/repliquemangacine.fr\/#website","url":"https:\/\/repliquemangacine.fr\/","name":"R\u00e9plique Manga Cin\u00e9","description":"","publisher":{"@id":"https:\/\/repliquemangacine.fr\/#organization"},"potentialAction":[{"@type":"SearchAction","target":{"@type":"EntryPoint","urlTemplate":"https:\/\/repliquemangacine.fr\/?s={search_term_string}"},"query-input":{"@type":"PropertyValueSpecification","valueRequired":true,"valueName":"search_term_string"}}],"inLanguage":"de"},{"@type":"Organization","@id":"https:\/\/repliquemangacine.fr\/#organization","name":"R\u00e9plique Manga Cin\u00e9","url":"https:\/\/repliquemangacine.fr\/","logo":{"@type":"ImageObject","inLanguage":"de","@id":"https:\/\/repliquemangacine.fr\/#\/schema\/logo\/image\/","url":"https:\/\/repliquemangacine.fr\/wp-content\/uploads\/2023\/10\/RMC-500250.png","contentUrl":"https:\/\/repliquemangacine.fr\/wp-content\/uploads\/2023\/10\/RMC-500250.png","width":500,"height":250,"caption":"R\u00e9plique Manga Cin\u00e9"},"image":{"@id":"https:\/\/repliquemangacine.fr\/#\/schema\/logo\/image\/"},"sameAs":["https:\/\/www.facebook.com\/RepliqueMangaCine","https:\/\/www.instagram.com\/repliquemangacine.fr\/"]}]}},"_links":{"self":[{"href":"https:\/\/repliquemangacine.fr\/de\/wp-json\/wp\/v2\/product\/41686","targetHints":{"allow":["GET"]}}],"collection":[{"href":"https:\/\/repliquemangacine.fr\/de\/wp-json\/wp\/v2\/product"}],"about":[{"href":"https:\/\/repliquemangacine.fr\/de\/wp-json\/wp\/v2\/types\/product"}],"wp:featuredmedia":[{"embeddable":true,"href":"https:\/\/repliquemangacine.fr\/de\/wp-json\/wp\/v2\/media\/41687"}],"wp:attachment":[{"href":"https:\/\/repliquemangacine.fr\/de\/wp-json\/wp\/v2\/media?parent=41686"}],"wp:term":[{"taxonomy":"product_brand","embeddable":true,"href":"https:\/\/repliquemangacine.fr\/de\/wp-json\/wp\/v2\/product_brand?post=41686"},{"taxonomy":"product_cat","embeddable":true,"href":"https:\/\/repliquemangacine.fr\/de\/wp-json\/wp\/v2\/product_cat?post=41686"},{"taxonomy":"product_tag","embeddable":true,"href":"https:\/\/repliquemangacine.fr\/de\/wp-json\/wp\/v2\/product_tag?post=41686"}],"curies":[{"name":"wp","href":"https:\/\/api.w.org\/{rel}","templated":true}]}}