





{"id":41660,"date":"2021-07-30T17:51:12","date_gmt":"2021-07-30T15:51:12","guid":{"rendered":"https:\/\/repliquemangacine.fr\/?post_type=product&#038;p=41660"},"modified":"2025-12-03T21:30:52","modified_gmt":"2025-12-03T20:30:52","slug":"naruto-koffer-28-teiliges-set","status":"publish","type":"product","link":"https:\/\/repliquemangacine.fr\/de\/porte-cles-goodies\/coffret-naruto-set-de-28-pieces\/","title":{"rendered":"Naruto-Set 28-teiliges Set"},"content":{"rendered":"<h2>Splendid 28-teiliges Naruto-Set<\/h2>\n<p>Das 28-teilige Naruto-Set ist eine Mischung aus Medaillen, Halsketten, Schl\u00fcsselanh\u00e4ngern und mehr aus dem ber\u00fchmten Anime-Manga.<\/p>\n<p><a href=\"https:\/\/naruto.fandom.com\/fr\/wiki\/Accueil\">Naruto<\/a> ist ein Sh\u014dnen-Manga, der von Masashi Kishimoto geschrieben und gezeichnet wurde. Nach seinem Erfolg als Manga wurde eine Anime-Adaption von den Studios Pierrot und Aniplex realisiert. Mit \u00fcber 250 Millionen ver\u00f6ffentlichten Exemplaren ist Naruto einer der meistverkauften Mangas der Welt.<\/p>\n<p>Die Geschichte beginnt in Narutos Jugendzeit, als er etwa zw\u00f6lf Jahre alt ist. Er ist ein Waisenjunge, der alle m\u00f6glichen Dummheiten macht, um auf sich aufmerksam zu machen. Sein Traum ist es, der beste Hokage zu werden, um von den Bewohnern seines Dorfes anerkannt zu werden.<\/p>\n<p>Der Beginn der Geschichte konzentriert sich auf vier Hauptfiguren: Naruto Uzumaki nat\u00fcrlich, aber auch Sakura Haruno, Sasuke Uchiwa und ihr Sensei Kakashi Hatake, die in fast allen ersten Kapiteln des Mangas vorkommen und dort auch die Protagonisten sind.<\/p>\n<h3>Wir bieten Ihnen eine gro\u00dfe Auswahl an Repliken aus dem Anime-Manga Naruto.<\/h3>\n<p>Zun\u00e4chst einmal,<\/p>\n<ul>\n<li>Das Chokut\u014d von Sasuke Uchiwa namens <a href=\"https:\/\/repliquemangacine.fr\/de\/katana-goodies-naruto\/katana-sasuke-schwert-kusanagi\/\">Kusanagi-Schwert<\/a> in Naruto<\/li>\n<li>Es gibt auch, Der gro\u00dfe <a href=\"https:\/\/repliquemangacine.fr\/de\/katana-goodies-naruto\/schwert-von-zabuza-schwert-kubikiribocho\/\">Zabuza-Schwert<\/a> Momochi, der Kubikirib\u00f4ch\u00f4, der wie ein riesiges Fleischermesser aussieht.<\/li>\n<li>Sowie die identische Nachbildung des <a href=\"https:\/\/repliquemangacine.fr\/de\/katana-goodies-naruto\/kunai-despace-time-minato\/\">Raum-Zeit-Kunai<\/a> die Minato verwendet<\/li>\n<li>Und viele andere mehr!<\/li>\n<\/ul>\n<p>Dies ist eine tolle Geschenkidee f\u00fcr alle, die sich f\u00fcr die Zeit des Mittelalters interessieren.<\/p>\n<h3>Sie k\u00f6nnen dieses 28-teilige Naruto-Set auch im Alltag als Halskette oder Schl\u00fcsselanh\u00e4nger verwenden.<\/h3>\n<p>Vor allem ist diese Sammlerbox ein Sammler- und Dekorationsst\u00fcck<\/p>\n<p>R\u00e9plique Manga Cin\u00e9 ist ein franz\u00f6sisches Familienunternehmen.<\/p>\n<p><strong>Wir m\u00f6chten Sie darauf hinweisen, dass alle unsere Repliken Sammlerst\u00fccke und Dekorationen sind. Sie k\u00f6nnen sie f\u00fcr historische Rekonstruktionen, Cosplay-Paraden oder als Innendekoration verwenden. Daher ist es nicht m\u00f6glich, sich mit den Repliken an \u00f6ffentlichen Orten aufzuhalten.<\/strong><\/p>","protected":false},"excerpt":{"rendered":"<p>Hier ist eine Geschenkidee f\u00fcr alle Naruto-Liebhaber.<\/p>\n<p>Dieses Set besteht aus 28 Stahlteilen, die das gesamte Naruto-Universum darstellen. Dieses Set enth\u00e4lt:<\/p>\n<ul>\n<li>1 Kunai 16cm<\/li>\n<li>1 Konoha-Stirnband<\/li>\n<li>1 Ring<\/li>\n<li>1 Shuriken, der an einem Schl\u00fcsselanh\u00e4nger oder einer Halskette getragen werden kann<\/li>\n<li>1 Satz von 3 Mini-Kuna<\/li>\n<li>2 Halsketten, darunter die des ersten Hokage<\/li>\n<li>16 Logos in verschiedenen Formen, die je nach Wunsch auch als Schl\u00fcsselanh\u00e4nger oder Halskette getragen werden k\u00f6nnen.<\/li>\n<li>5 Tuben Halsband oder Schl\u00fcsselanh\u00e4nger<\/li>\n<\/ul>\n<p>Wird in einer Schachtel in den Farben von Naruto geliefert.<\/p>","protected":false},"featured_media":41661,"template":"","meta":[],"product_brand":[896],"product_cat":[98,94,23,42,96],"product_tag":[],"class_list":{"0":"post-41660","1":"product","2":"type-product","3":"status-publish","4":"has-post-thumbnail","6":"product_brand-replique-manga-cine","7":"product_cat-divers-goodies","8":"product_cat-goodies","9":"product_cat-repliques-manga-jeux-video","10":"product_cat-katana-goodies-naruto-kunai","11":"product_cat-porte-cles-goodies","13":"first","14":"outofstock","15":"taxable","16":"shipping-taxable","17":"purchasable","18":"product-type-simple"},"yoast_head":"<!-- This site is optimized with the Yoast SEO plugin v27.4 - https:\/\/yoast.com\/product\/yoast-seo-wordpress\/ -->\n<title>Coffret 28 pi\u00e8ces Naruto - Goodies Naruto - R\u00e9plique Manga Cin\u00e9<\/title>\n<meta name=\"description\" content=\"En exclusivit\u00e9 ! Retrouvez ce superbe Coffret 28 pi\u00e8ces Naruto, kunai, bandeau, porte cl\u00e9s, colliers... Les fans vont \u00eatre ravis !\" \/>\n<meta name=\"robots\" content=\"index, follow, max-snippet:-1, max-image-preview:large, max-video-preview:-1\" \/>\n<link rel=\"canonical\" href=\"https:\/\/repliquemangacine.fr\/de\/verschiedene-goodies\/naruto-koffer-28-teiliges-set\/\" \/>\n<meta property=\"og:locale\" content=\"de_DE\" \/>\n<meta property=\"og:type\" content=\"article\" \/>\n<meta property=\"og:title\" content=\"Coffret 28 pi\u00e8ces Naruto - Goodies Naruto - R\u00e9plique Manga Cin\u00e9\" \/>\n<meta property=\"og:description\" content=\"En exclusivit\u00e9 ! Retrouvez ce superbe Coffret 28 pi\u00e8ces Naruto, kunai, bandeau, porte cl\u00e9s, colliers... Les fans vont \u00eatre ravis !\" \/>\n<meta property=\"og:url\" content=\"https:\/\/repliquemangacine.fr\/de\/verschiedene-goodies\/naruto-koffer-28-teiliges-set\/\" \/>\n<meta property=\"og:site_name\" content=\"R\u00e9plique Manga Cin\u00e9\" \/>\n<meta property=\"article:publisher\" content=\"https:\/\/www.facebook.com\/RepliqueMangaCine\" \/>\n<meta property=\"article:modified_time\" content=\"2025-12-03T20:30:52+00:00\" \/>\n<meta property=\"og:image\" content=\"https:\/\/repliquemangacine.fr\/wp-content\/uploads\/2023\/10\/coffret-naruto.jpg\" \/>\n\t<meta property=\"og:image:width\" content=\"800\" \/>\n\t<meta property=\"og:image:height\" content=\"799\" \/>\n\t<meta property=\"og:image:type\" content=\"image\/jpeg\" \/>\n<meta name=\"twitter:card\" content=\"summary_large_image\" \/>\n<meta name=\"twitter:label1\" content=\"Gesch\u00e4tzte Lesezeit\" \/>\n\t<meta name=\"twitter:data1\" content=\"1\u00a0Minute\" \/>\n<script type=\"application\/ld+json\" class=\"yoast-schema-graph\">{\"@context\":\"https:\\\/\\\/schema.org\",\"@graph\":[{\"@type\":\"WebPage\",\"@id\":\"https:\\\/\\\/repliquemangacine.fr\\\/divers-goodies\\\/coffret-naruto-set-de-28-pieces\\\/\",\"url\":\"https:\\\/\\\/repliquemangacine.fr\\\/divers-goodies\\\/coffret-naruto-set-de-28-pieces\\\/\",\"name\":\"Coffret 28 pi\u00e8ces Naruto - Goodies Naruto - R\u00e9plique Manga Cin\u00e9\",\"isPartOf\":{\"@id\":\"https:\\\/\\\/repliquemangacine.fr\\\/#website\"},\"primaryImageOfPage\":{\"@id\":\"https:\\\/\\\/repliquemangacine.fr\\\/divers-goodies\\\/coffret-naruto-set-de-28-pieces\\\/#primaryimage\"},\"image\":{\"@id\":\"https:\\\/\\\/repliquemangacine.fr\\\/divers-goodies\\\/coffret-naruto-set-de-28-pieces\\\/#primaryimage\"},\"thumbnailUrl\":\"https:\\\/\\\/repliquemangacine.fr\\\/wp-content\\\/uploads\\\/2023\\\/10\\\/coffret-naruto.jpg\",\"datePublished\":\"2021-07-30T15:51:12+00:00\",\"dateModified\":\"2025-12-03T20:30:52+00:00\",\"description\":\"En exclusivit\u00e9 ! Retrouvez ce superbe Coffret 28 pi\u00e8ces Naruto, kunai, bandeau, porte cl\u00e9s, colliers... Les fans vont \u00eatre ravis !\",\"breadcrumb\":{\"@id\":\"https:\\\/\\\/repliquemangacine.fr\\\/divers-goodies\\\/coffret-naruto-set-de-28-pieces\\\/#breadcrumb\"},\"inLanguage\":\"de\",\"potentialAction\":[{\"@type\":\"ReadAction\",\"target\":[\"https:\\\/\\\/repliquemangacine.fr\\\/divers-goodies\\\/coffret-naruto-set-de-28-pieces\\\/\"]}]},{\"@type\":\"ImageObject\",\"inLanguage\":\"de\",\"@id\":\"https:\\\/\\\/repliquemangacine.fr\\\/divers-goodies\\\/coffret-naruto-set-de-28-pieces\\\/#primaryimage\",\"url\":\"https:\\\/\\\/repliquemangacine.fr\\\/wp-content\\\/uploads\\\/2023\\\/10\\\/coffret-naruto.jpg\",\"contentUrl\":\"https:\\\/\\\/repliquemangacine.fr\\\/wp-content\\\/uploads\\\/2023\\\/10\\\/coffret-naruto.jpg\",\"width\":800,\"height\":799,\"caption\":\"coffret-naruto set de 28 pi\u00e8ces\"},{\"@type\":\"BreadcrumbList\",\"@id\":\"https:\\\/\\\/repliquemangacine.fr\\\/divers-goodies\\\/coffret-naruto-set-de-28-pieces\\\/#breadcrumb\",\"itemListElement\":[{\"@type\":\"ListItem\",\"position\":1,\"name\":\"Accueil\",\"item\":\"https:\\\/\\\/repliquemangacine.fr\\\/\"},{\"@type\":\"ListItem\",\"position\":2,\"name\":\"Produits\",\"item\":\"https:\\\/\\\/repliquemangacine.fr\\\/boutique\\\/\"},{\"@type\":\"ListItem\",\"position\":3,\"name\":\"Coffret Naruto set de 28 pi\u00e8ces\"}]},{\"@type\":\"WebSite\",\"@id\":\"https:\\\/\\\/repliquemangacine.fr\\\/#website\",\"url\":\"https:\\\/\\\/repliquemangacine.fr\\\/\",\"name\":\"R\u00e9plique Manga Cin\u00e9\",\"description\":\"\",\"publisher\":{\"@id\":\"https:\\\/\\\/repliquemangacine.fr\\\/#organization\"},\"potentialAction\":[{\"@type\":\"SearchAction\",\"target\":{\"@type\":\"EntryPoint\",\"urlTemplate\":\"https:\\\/\\\/repliquemangacine.fr\\\/?s={search_term_string}\"},\"query-input\":{\"@type\":\"PropertyValueSpecification\",\"valueRequired\":true,\"valueName\":\"search_term_string\"}}],\"inLanguage\":\"de\"},{\"@type\":\"Organization\",\"@id\":\"https:\\\/\\\/repliquemangacine.fr\\\/#organization\",\"name\":\"R\u00e9plique Manga Cin\u00e9\",\"url\":\"https:\\\/\\\/repliquemangacine.fr\\\/\",\"logo\":{\"@type\":\"ImageObject\",\"inLanguage\":\"de\",\"@id\":\"https:\\\/\\\/repliquemangacine.fr\\\/#\\\/schema\\\/logo\\\/image\\\/\",\"url\":\"https:\\\/\\\/repliquemangacine.fr\\\/wp-content\\\/uploads\\\/2023\\\/10\\\/RMC-500250.png\",\"contentUrl\":\"https:\\\/\\\/repliquemangacine.fr\\\/wp-content\\\/uploads\\\/2023\\\/10\\\/RMC-500250.png\",\"width\":500,\"height\":250,\"caption\":\"R\u00e9plique Manga Cin\u00e9\"},\"image\":{\"@id\":\"https:\\\/\\\/repliquemangacine.fr\\\/#\\\/schema\\\/logo\\\/image\\\/\"},\"sameAs\":[\"https:\\\/\\\/www.facebook.com\\\/RepliqueMangaCine\",\"https:\\\/\\\/www.instagram.com\\\/repliquemangacine.fr\\\/\"]}]}<\/script>\n<!-- \/ Yoast SEO plugin. -->","yoast_head_json":{"title":"28-teiliges Naruto-Set - Naruto Goodies - R\u00e9plique Manga Cin\u00e9","description":"Ganz exklusiv f\u00fcr Sie! Finden Sie dieses tolle 28-teilige Naruto-Set, Kunai, Stirnband, Schl\u00fcsselanh\u00e4nger, Halsketten... Die Fans werden begeistert sein!","robots":{"index":"index","follow":"follow","max-snippet":"max-snippet:-1","max-image-preview":"max-image-preview:large","max-video-preview":"max-video-preview:-1"},"canonical":"https:\/\/repliquemangacine.fr\/de\/verschiedene-goodies\/naruto-koffer-28-teiliges-set\/","og_locale":"de_DE","og_type":"article","og_title":"Coffret 28 pi\u00e8ces Naruto - Goodies Naruto - R\u00e9plique Manga Cin\u00e9","og_description":"En exclusivit\u00e9 ! Retrouvez ce superbe Coffret 28 pi\u00e8ces Naruto, kunai, bandeau, porte cl\u00e9s, colliers... Les fans vont \u00eatre ravis !","og_url":"https:\/\/repliquemangacine.fr\/de\/verschiedene-goodies\/naruto-koffer-28-teiliges-set\/","og_site_name":"R\u00e9plique Manga Cin\u00e9","article_publisher":"https:\/\/www.facebook.com\/RepliqueMangaCine","article_modified_time":"2025-12-03T20:30:52+00:00","og_image":[{"width":800,"height":799,"url":"https:\/\/repliquemangacine.fr\/wp-content\/uploads\/2023\/10\/coffret-naruto.jpg","type":"image\/jpeg"}],"twitter_card":"summary_large_image","twitter_misc":{"Gesch\u00e4tzte Lesezeit":"1\u00a0Minute"},"schema":{"@context":"https:\/\/schema.org","@graph":[{"@type":"WebPage","@id":"https:\/\/repliquemangacine.fr\/divers-goodies\/coffret-naruto-set-de-28-pieces\/","url":"https:\/\/repliquemangacine.fr\/divers-goodies\/coffret-naruto-set-de-28-pieces\/","name":"28-teiliges Naruto-Set - Naruto Goodies - R\u00e9plique Manga Cin\u00e9","isPartOf":{"@id":"https:\/\/repliquemangacine.fr\/#website"},"primaryImageOfPage":{"@id":"https:\/\/repliquemangacine.fr\/divers-goodies\/coffret-naruto-set-de-28-pieces\/#primaryimage"},"image":{"@id":"https:\/\/repliquemangacine.fr\/divers-goodies\/coffret-naruto-set-de-28-pieces\/#primaryimage"},"thumbnailUrl":"https:\/\/repliquemangacine.fr\/wp-content\/uploads\/2023\/10\/coffret-naruto.jpg","datePublished":"2021-07-30T15:51:12+00:00","dateModified":"2025-12-03T20:30:52+00:00","description":"Ganz exklusiv f\u00fcr Sie! Finden Sie dieses tolle 28-teilige Naruto-Set, Kunai, Stirnband, Schl\u00fcsselanh\u00e4nger, Halsketten... Die Fans werden begeistert sein!","breadcrumb":{"@id":"https:\/\/repliquemangacine.fr\/divers-goodies\/coffret-naruto-set-de-28-pieces\/#breadcrumb"},"inLanguage":"de","potentialAction":[{"@type":"ReadAction","target":["https:\/\/repliquemangacine.fr\/divers-goodies\/coffret-naruto-set-de-28-pieces\/"]}]},{"@type":"ImageObject","inLanguage":"de","@id":"https:\/\/repliquemangacine.fr\/divers-goodies\/coffret-naruto-set-de-28-pieces\/#primaryimage","url":"https:\/\/repliquemangacine.fr\/wp-content\/uploads\/2023\/10\/coffret-naruto.jpg","contentUrl":"https:\/\/repliquemangacine.fr\/wp-content\/uploads\/2023\/10\/coffret-naruto.jpg","width":800,"height":799,"caption":"coffret-naruto set de 28 pi\u00e8ces"},{"@type":"BreadcrumbList","@id":"https:\/\/repliquemangacine.fr\/divers-goodies\/coffret-naruto-set-de-28-pieces\/#breadcrumb","itemListElement":[{"@type":"ListItem","position":1,"name":"Accueil","item":"https:\/\/repliquemangacine.fr\/"},{"@type":"ListItem","position":2,"name":"Produits","item":"https:\/\/repliquemangacine.fr\/boutique\/"},{"@type":"ListItem","position":3,"name":"Coffret Naruto set de 28 pi\u00e8ces"}]},{"@type":"WebSite","@id":"https:\/\/repliquemangacine.fr\/#website","url":"https:\/\/repliquemangacine.fr\/","name":"R\u00e9plique Manga Cin\u00e9","description":"","publisher":{"@id":"https:\/\/repliquemangacine.fr\/#organization"},"potentialAction":[{"@type":"SearchAction","target":{"@type":"EntryPoint","urlTemplate":"https:\/\/repliquemangacine.fr\/?s={search_term_string}"},"query-input":{"@type":"PropertyValueSpecification","valueRequired":true,"valueName":"search_term_string"}}],"inLanguage":"de"},{"@type":"Organization","@id":"https:\/\/repliquemangacine.fr\/#organization","name":"R\u00e9plique Manga Cin\u00e9","url":"https:\/\/repliquemangacine.fr\/","logo":{"@type":"ImageObject","inLanguage":"de","@id":"https:\/\/repliquemangacine.fr\/#\/schema\/logo\/image\/","url":"https:\/\/repliquemangacine.fr\/wp-content\/uploads\/2023\/10\/RMC-500250.png","contentUrl":"https:\/\/repliquemangacine.fr\/wp-content\/uploads\/2023\/10\/RMC-500250.png","width":500,"height":250,"caption":"R\u00e9plique Manga Cin\u00e9"},"image":{"@id":"https:\/\/repliquemangacine.fr\/#\/schema\/logo\/image\/"},"sameAs":["https:\/\/www.facebook.com\/RepliqueMangaCine","https:\/\/www.instagram.com\/repliquemangacine.fr\/"]}]}},"_links":{"self":[{"href":"https:\/\/repliquemangacine.fr\/de\/wp-json\/wp\/v2\/product\/41660","targetHints":{"allow":["GET"]}}],"collection":[{"href":"https:\/\/repliquemangacine.fr\/de\/wp-json\/wp\/v2\/product"}],"about":[{"href":"https:\/\/repliquemangacine.fr\/de\/wp-json\/wp\/v2\/types\/product"}],"wp:featuredmedia":[{"embeddable":true,"href":"https:\/\/repliquemangacine.fr\/de\/wp-json\/wp\/v2\/media\/41661"}],"wp:attachment":[{"href":"https:\/\/repliquemangacine.fr\/de\/wp-json\/wp\/v2\/media?parent=41660"}],"wp:term":[{"taxonomy":"product_brand","embeddable":true,"href":"https:\/\/repliquemangacine.fr\/de\/wp-json\/wp\/v2\/product_brand?post=41660"},{"taxonomy":"product_cat","embeddable":true,"href":"https:\/\/repliquemangacine.fr\/de\/wp-json\/wp\/v2\/product_cat?post=41660"},{"taxonomy":"product_tag","embeddable":true,"href":"https:\/\/repliquemangacine.fr\/de\/wp-json\/wp\/v2\/product_tag?post=41660"}],"curies":[{"name":"wp","href":"https:\/\/api.w.org\/{rel}","templated":true}]}}