





{"id":41616,"date":"2021-07-28T17:32:49","date_gmt":"2021-07-28T15:32:49","guid":{"rendered":"https:\/\/repliquemangacine.fr\/?post_type=product&#038;p=41616"},"modified":"2026-02-09T22:14:12","modified_gmt":"2026-02-09T21:14:12","slug":"schlusselanhanger-wolf-the-witcher","status":"publish","type":"product","link":"https:\/\/repliquemangacine.fr\/de\/porte-cles-goodies\/porte-cles-wolf-the-witcher\/","title":{"rendered":"Wolf The Witcher Schl\u00fcsselanh\u00e4nger"},"content":{"rendered":"<p>Hier ist eine tolle Geschenkidee f\u00fcr Fans des Videospiels und der Serie The Witcher. Vor allem ist es ein Sammlerst\u00fcck, aber Sie k\u00f6nnen es auch benutzen.<\/p>","protected":false},"excerpt":{"rendered":"<p>Wundersch\u00f6ner Schl\u00fcsselanh\u00e4nger Wolf in The Witcher Wild Hunt. Vollst\u00e4ndig aus Stahl, der einen Wolfskopf darstellt, der das Emblem des Spiels The Witcher ist. Wird in einer Vitrinenblisterverpackung in den Farben des Videospiels geliefert.<\/p>\n<p>Ein n\u00fctzliches Geschenk f\u00fcr alle Fans des Spiels und der Serie The Witcher.<\/p>\n<p>Durchmesser: 4.5 cm - L\u00e4nge mit Kette und Ring: 10cm - Gewicht: 31 Gramm<\/p>","protected":false},"featured_media":41617,"template":"","meta":[],"product_brand":[896],"product_cat":[94,23,96,101,58],"product_tag":[],"class_list":{"0":"post-41616","1":"product","2":"type-product","3":"status-publish","4":"has-post-thumbnail","6":"product_brand-replique-manga-cine","7":"product_cat-goodies","8":"product_cat-repliques-manga-jeux-video","9":"product_cat-porte-cles-goodies","10":"product_cat-soldes","11":"product_cat-epee-the-witcher","13":"first","14":"instock","15":"sale","16":"taxable","17":"shipping-taxable","18":"purchasable","19":"product-type-simple"},"yoast_head":"<!-- This site is optimized with the Yoast SEO plugin v27.4 - https:\/\/yoast.com\/product\/yoast-seo-wordpress\/ -->\n<title>Porte Cl\u00e9s Wolf The Witcher - R\u00e9plique Manga Cin\u00e9<\/title>\n<meta name=\"description\" content=\"Superbe porte cl\u00e9s Wolf Wild hunt The Witcher. Enti\u00e8rement en acier. Livr\u00e9 avec son blister vitrine aux couleurs du jeu vid\u00e9o.\" \/>\n<meta name=\"robots\" content=\"index, follow, max-snippet:-1, max-image-preview:large, max-video-preview:-1\" \/>\n<link rel=\"canonical\" href=\"https:\/\/repliquemangacine.fr\/de\/ausverkauf\/schlusselanhanger-wolf-the-witcher\/\" \/>\n<meta property=\"og:locale\" content=\"de_DE\" \/>\n<meta property=\"og:type\" content=\"article\" \/>\n<meta property=\"og:title\" content=\"Porte Cl\u00e9s Wolf The Witcher - R\u00e9plique Manga Cin\u00e9\" \/>\n<meta property=\"og:description\" content=\"Superbe porte cl\u00e9s Wolf Wild hunt The Witcher. Enti\u00e8rement en acier. Livr\u00e9 avec son blister vitrine aux couleurs du jeu vid\u00e9o.\" \/>\n<meta property=\"og:url\" content=\"https:\/\/repliquemangacine.fr\/de\/ausverkauf\/schlusselanhanger-wolf-the-witcher\/\" \/>\n<meta property=\"og:site_name\" content=\"R\u00e9plique Manga Cin\u00e9\" \/>\n<meta property=\"article:publisher\" content=\"https:\/\/www.facebook.com\/RepliqueMangaCine\" \/>\n<meta property=\"article:modified_time\" content=\"2026-02-09T21:14:12+00:00\" \/>\n<meta property=\"og:image\" content=\"https:\/\/repliquemangacine.fr\/wp-content\/uploads\/2023\/10\/porte-cles-the-witcher-.jpg\" \/>\n\t<meta property=\"og:image:width\" content=\"800\" \/>\n\t<meta property=\"og:image:height\" content=\"800\" \/>\n\t<meta property=\"og:image:type\" content=\"image\/jpeg\" \/>\n<meta name=\"twitter:card\" content=\"summary_large_image\" \/>\n<meta name=\"twitter:label1\" content=\"Gesch\u00e4tzte Lesezeit\" \/>\n\t<meta name=\"twitter:data1\" content=\"1\u00a0Minute\" \/>\n<script type=\"application\/ld+json\" class=\"yoast-schema-graph\">{\"@context\":\"https:\\\/\\\/schema.org\",\"@graph\":[{\"@type\":\"WebPage\",\"@id\":\"https:\\\/\\\/repliquemangacine.fr\\\/soldes\\\/porte-cles-wolf-the-witcher\\\/\",\"url\":\"https:\\\/\\\/repliquemangacine.fr\\\/soldes\\\/porte-cles-wolf-the-witcher\\\/\",\"name\":\"Porte Cl\u00e9s Wolf The Witcher - R\u00e9plique Manga Cin\u00e9\",\"isPartOf\":{\"@id\":\"https:\\\/\\\/repliquemangacine.fr\\\/#website\"},\"primaryImageOfPage\":{\"@id\":\"https:\\\/\\\/repliquemangacine.fr\\\/soldes\\\/porte-cles-wolf-the-witcher\\\/#primaryimage\"},\"image\":{\"@id\":\"https:\\\/\\\/repliquemangacine.fr\\\/soldes\\\/porte-cles-wolf-the-witcher\\\/#primaryimage\"},\"thumbnailUrl\":\"https:\\\/\\\/repliquemangacine.fr\\\/wp-content\\\/uploads\\\/2023\\\/10\\\/porte-cles-the-witcher-.jpg\",\"datePublished\":\"2021-07-28T15:32:49+00:00\",\"dateModified\":\"2026-02-09T21:14:12+00:00\",\"description\":\"Superbe porte cl\u00e9s Wolf Wild hunt The Witcher. Enti\u00e8rement en acier. Livr\u00e9 avec son blister vitrine aux couleurs du jeu vid\u00e9o.\",\"breadcrumb\":{\"@id\":\"https:\\\/\\\/repliquemangacine.fr\\\/soldes\\\/porte-cles-wolf-the-witcher\\\/#breadcrumb\"},\"inLanguage\":\"de\",\"potentialAction\":[{\"@type\":\"ReadAction\",\"target\":[\"https:\\\/\\\/repliquemangacine.fr\\\/soldes\\\/porte-cles-wolf-the-witcher\\\/\"]}]},{\"@type\":\"ImageObject\",\"inLanguage\":\"de\",\"@id\":\"https:\\\/\\\/repliquemangacine.fr\\\/soldes\\\/porte-cles-wolf-the-witcher\\\/#primaryimage\",\"url\":\"https:\\\/\\\/repliquemangacine.fr\\\/wp-content\\\/uploads\\\/2023\\\/10\\\/porte-cles-the-witcher-.jpg\",\"contentUrl\":\"https:\\\/\\\/repliquemangacine.fr\\\/wp-content\\\/uploads\\\/2023\\\/10\\\/porte-cles-the-witcher-.jpg\",\"width\":800,\"height\":800,\"caption\":\"porte-cles-the-witcher Wild Hunt\"},{\"@type\":\"BreadcrumbList\",\"@id\":\"https:\\\/\\\/repliquemangacine.fr\\\/soldes\\\/porte-cles-wolf-the-witcher\\\/#breadcrumb\",\"itemListElement\":[{\"@type\":\"ListItem\",\"position\":1,\"name\":\"Accueil\",\"item\":\"https:\\\/\\\/repliquemangacine.fr\\\/\"},{\"@type\":\"ListItem\",\"position\":2,\"name\":\"Produits\",\"item\":\"https:\\\/\\\/repliquemangacine.fr\\\/boutique\\\/\"},{\"@type\":\"ListItem\",\"position\":3,\"name\":\"Porte Cl\u00e9s Wolf The Witcher\"}]},{\"@type\":\"WebSite\",\"@id\":\"https:\\\/\\\/repliquemangacine.fr\\\/#website\",\"url\":\"https:\\\/\\\/repliquemangacine.fr\\\/\",\"name\":\"R\u00e9plique Manga Cin\u00e9\",\"description\":\"\",\"publisher\":{\"@id\":\"https:\\\/\\\/repliquemangacine.fr\\\/#organization\"},\"potentialAction\":[{\"@type\":\"SearchAction\",\"target\":{\"@type\":\"EntryPoint\",\"urlTemplate\":\"https:\\\/\\\/repliquemangacine.fr\\\/?s={search_term_string}\"},\"query-input\":{\"@type\":\"PropertyValueSpecification\",\"valueRequired\":true,\"valueName\":\"search_term_string\"}}],\"inLanguage\":\"de\"},{\"@type\":\"Organization\",\"@id\":\"https:\\\/\\\/repliquemangacine.fr\\\/#organization\",\"name\":\"R\u00e9plique Manga Cin\u00e9\",\"url\":\"https:\\\/\\\/repliquemangacine.fr\\\/\",\"logo\":{\"@type\":\"ImageObject\",\"inLanguage\":\"de\",\"@id\":\"https:\\\/\\\/repliquemangacine.fr\\\/#\\\/schema\\\/logo\\\/image\\\/\",\"url\":\"https:\\\/\\\/repliquemangacine.fr\\\/wp-content\\\/uploads\\\/2023\\\/10\\\/RMC-500250.png\",\"contentUrl\":\"https:\\\/\\\/repliquemangacine.fr\\\/wp-content\\\/uploads\\\/2023\\\/10\\\/RMC-500250.png\",\"width\":500,\"height\":250,\"caption\":\"R\u00e9plique Manga Cin\u00e9\"},\"image\":{\"@id\":\"https:\\\/\\\/repliquemangacine.fr\\\/#\\\/schema\\\/logo\\\/image\\\/\"},\"sameAs\":[\"https:\\\/\\\/www.facebook.com\\\/RepliqueMangaCine\",\"https:\\\/\\\/www.instagram.com\\\/repliquemangacine.fr\\\/\"]}]}<\/script>\n<!-- \/ Yoast SEO plugin. -->","yoast_head_json":{"title":"Wolf The Witcher Schl\u00fcsselanh\u00e4nger - R\u00e9plique Manga Cin\u00e9","description":"Wundersch\u00f6ner Schl\u00fcsselanh\u00e4nger Wolf Wild hunt The Witcher. Vollst\u00e4ndig aus Stahl gefertigt. Wird mit seinem Vitrinenblister in den Farben des Videospiels geliefert.","robots":{"index":"index","follow":"follow","max-snippet":"max-snippet:-1","max-image-preview":"max-image-preview:large","max-video-preview":"max-video-preview:-1"},"canonical":"https:\/\/repliquemangacine.fr\/de\/ausverkauf\/schlusselanhanger-wolf-the-witcher\/","og_locale":"de_DE","og_type":"article","og_title":"Porte Cl\u00e9s Wolf The Witcher - R\u00e9plique Manga Cin\u00e9","og_description":"Superbe porte cl\u00e9s Wolf Wild hunt The Witcher. Enti\u00e8rement en acier. Livr\u00e9 avec son blister vitrine aux couleurs du jeu vid\u00e9o.","og_url":"https:\/\/repliquemangacine.fr\/de\/ausverkauf\/schlusselanhanger-wolf-the-witcher\/","og_site_name":"R\u00e9plique Manga Cin\u00e9","article_publisher":"https:\/\/www.facebook.com\/RepliqueMangaCine","article_modified_time":"2026-02-09T21:14:12+00:00","og_image":[{"width":800,"height":800,"url":"https:\/\/repliquemangacine.fr\/wp-content\/uploads\/2023\/10\/porte-cles-the-witcher-.jpg","type":"image\/jpeg"}],"twitter_card":"summary_large_image","twitter_misc":{"Gesch\u00e4tzte Lesezeit":"1\u00a0Minute"},"schema":{"@context":"https:\/\/schema.org","@graph":[{"@type":"WebPage","@id":"https:\/\/repliquemangacine.fr\/soldes\/porte-cles-wolf-the-witcher\/","url":"https:\/\/repliquemangacine.fr\/soldes\/porte-cles-wolf-the-witcher\/","name":"Wolf The Witcher Schl\u00fcsselanh\u00e4nger - R\u00e9plique Manga Cin\u00e9","isPartOf":{"@id":"https:\/\/repliquemangacine.fr\/#website"},"primaryImageOfPage":{"@id":"https:\/\/repliquemangacine.fr\/soldes\/porte-cles-wolf-the-witcher\/#primaryimage"},"image":{"@id":"https:\/\/repliquemangacine.fr\/soldes\/porte-cles-wolf-the-witcher\/#primaryimage"},"thumbnailUrl":"https:\/\/repliquemangacine.fr\/wp-content\/uploads\/2023\/10\/porte-cles-the-witcher-.jpg","datePublished":"2021-07-28T15:32:49+00:00","dateModified":"2026-02-09T21:14:12+00:00","description":"Wundersch\u00f6ner Schl\u00fcsselanh\u00e4nger Wolf Wild hunt The Witcher. Vollst\u00e4ndig aus Stahl gefertigt. Wird mit seinem Vitrinenblister in den Farben des Videospiels geliefert.","breadcrumb":{"@id":"https:\/\/repliquemangacine.fr\/soldes\/porte-cles-wolf-the-witcher\/#breadcrumb"},"inLanguage":"de","potentialAction":[{"@type":"ReadAction","target":["https:\/\/repliquemangacine.fr\/soldes\/porte-cles-wolf-the-witcher\/"]}]},{"@type":"ImageObject","inLanguage":"de","@id":"https:\/\/repliquemangacine.fr\/soldes\/porte-cles-wolf-the-witcher\/#primaryimage","url":"https:\/\/repliquemangacine.fr\/wp-content\/uploads\/2023\/10\/porte-cles-the-witcher-.jpg","contentUrl":"https:\/\/repliquemangacine.fr\/wp-content\/uploads\/2023\/10\/porte-cles-the-witcher-.jpg","width":800,"height":800,"caption":"porte-cles-the-witcher Wild Hunt"},{"@type":"BreadcrumbList","@id":"https:\/\/repliquemangacine.fr\/soldes\/porte-cles-wolf-the-witcher\/#breadcrumb","itemListElement":[{"@type":"ListItem","position":1,"name":"Accueil","item":"https:\/\/repliquemangacine.fr\/"},{"@type":"ListItem","position":2,"name":"Produits","item":"https:\/\/repliquemangacine.fr\/boutique\/"},{"@type":"ListItem","position":3,"name":"Porte Cl\u00e9s Wolf The Witcher"}]},{"@type":"WebSite","@id":"https:\/\/repliquemangacine.fr\/#website","url":"https:\/\/repliquemangacine.fr\/","name":"R\u00e9plique Manga Cin\u00e9","description":"","publisher":{"@id":"https:\/\/repliquemangacine.fr\/#organization"},"potentialAction":[{"@type":"SearchAction","target":{"@type":"EntryPoint","urlTemplate":"https:\/\/repliquemangacine.fr\/?s={search_term_string}"},"query-input":{"@type":"PropertyValueSpecification","valueRequired":true,"valueName":"search_term_string"}}],"inLanguage":"de"},{"@type":"Organization","@id":"https:\/\/repliquemangacine.fr\/#organization","name":"R\u00e9plique Manga Cin\u00e9","url":"https:\/\/repliquemangacine.fr\/","logo":{"@type":"ImageObject","inLanguage":"de","@id":"https:\/\/repliquemangacine.fr\/#\/schema\/logo\/image\/","url":"https:\/\/repliquemangacine.fr\/wp-content\/uploads\/2023\/10\/RMC-500250.png","contentUrl":"https:\/\/repliquemangacine.fr\/wp-content\/uploads\/2023\/10\/RMC-500250.png","width":500,"height":250,"caption":"R\u00e9plique Manga Cin\u00e9"},"image":{"@id":"https:\/\/repliquemangacine.fr\/#\/schema\/logo\/image\/"},"sameAs":["https:\/\/www.facebook.com\/RepliqueMangaCine","https:\/\/www.instagram.com\/repliquemangacine.fr\/"]}]}},"_links":{"self":[{"href":"https:\/\/repliquemangacine.fr\/de\/wp-json\/wp\/v2\/product\/41616","targetHints":{"allow":["GET"]}}],"collection":[{"href":"https:\/\/repliquemangacine.fr\/de\/wp-json\/wp\/v2\/product"}],"about":[{"href":"https:\/\/repliquemangacine.fr\/de\/wp-json\/wp\/v2\/types\/product"}],"wp:featuredmedia":[{"embeddable":true,"href":"https:\/\/repliquemangacine.fr\/de\/wp-json\/wp\/v2\/media\/41617"}],"wp:attachment":[{"href":"https:\/\/repliquemangacine.fr\/de\/wp-json\/wp\/v2\/media?parent=41616"}],"wp:term":[{"taxonomy":"product_brand","embeddable":true,"href":"https:\/\/repliquemangacine.fr\/de\/wp-json\/wp\/v2\/product_brand?post=41616"},{"taxonomy":"product_cat","embeddable":true,"href":"https:\/\/repliquemangacine.fr\/de\/wp-json\/wp\/v2\/product_cat?post=41616"},{"taxonomy":"product_tag","embeddable":true,"href":"https:\/\/repliquemangacine.fr\/de\/wp-json\/wp\/v2\/product_tag?post=41616"}],"curies":[{"name":"wp","href":"https:\/\/api.w.org\/{rel}","templated":true}]}}