





{"id":41446,"date":"2021-07-22T17:28:45","date_gmt":"2021-07-22T15:28:45","guid":{"rendered":"https:\/\/repliquemangacine.fr\/?post_type=product&#038;p=41446"},"modified":"2025-11-30T19:19:27","modified_gmt":"2025-11-30T18:19:27","slug":"dagamotto-augenanhanger-von-dr-strange","status":"publish","type":"product","link":"https:\/\/repliquemangacine.fr\/de\/divers-goodies\/pendentif-oeil-dagamotto-du-dr-strange\/","title":{"rendered":"Dr. Strange Agamotto-Auge-Anh\u00e4nger"},"content":{"rendered":"<h2>Replik des Agamotto-Augenanh\u00e4ngers Dr. Strange aus dem Marvel-Universum.<\/h2>\n<p>Der Anh\u00e4nger \u201eAuge von Agamotto\u201c besticht durch seinen Realismus.<\/p>\n<p>Das Auge von Agamotto ist ein m\u00e4chtiges Relikt, das von Agamotto, dem ersten obersten Zauberer, als Einschlie\u00dfungsvorrichtung f\u00fcr den Stein der Zeit geschaffen wurde. Das Auge wurde \u00fcber Generationen hinweg von den Meistern der mystischen K\u00fcnste besch\u00fctzt.<\/p>\n<p>Als Beh\u00e4lter des Zeitsteins erm\u00f6glicht das Auge von Agamotto seinem Tr\u00e4ger, die Kraft des Unendlichkeitssteins zu nutzen, ohne ihn physisch ber\u00fchren zu m\u00fcssen. Verst\u00e4rkt durch seinen Unendlichkeitsstein verf\u00fcgt das Auge \u00fcber enorme zeitbasierte Kr\u00e4fte. Es ist in der Lage, den Fluss der Zeit in kleinem oder gro\u00dfem Ma\u00dfstab zu kontrollieren. In gro\u00dfem Ma\u00dfstab kann der Stein die Zeit zur\u00fcckdrehen, um ganze Ereignisse r\u00fcckg\u00e4ngig zu machen, sogar bis zu dem Punkt, an dem er Tote wieder zum Leben erweckt, indem er zu einem Zeitpunkt vor ihrem Tod zur\u00fcckkehrt.<\/p>\n<p>Agamotto war der erste oberste Zauberer der Erde, der Gr\u00fcnder der Meister der mystischen K\u00fcnste, der Erbauer der Sanctums und der Sch\u00f6pfer des Auges von Agamotto. Als erster oberster Zauberer und Gr\u00fcnder der Meister der mystischen K\u00fcnste ist Agamotto ein ungemein m\u00e4chtiger Meisterzauberer, wahrscheinlich der gr\u00f6\u00dfte Zauberer der Geschichte.<\/p>\n<p>Sein Verst\u00e4ndnis der Magie ist so gro\u00df, dass er m\u00e4chtige magische Relikte wie das Auge von Agamotto erschaffen kann. Dadurch k\u00f6nnen Zauberer die Kraft eines Unendlichkeitssteins nutzen. Er hat auch die Sanctums gebaut, ganze Strukturen, die eine m\u00e4chtige Barriere erzeugen k\u00f6nnen. Sie sind in der Lage, die Erde vor extradimensionalen Bedrohungen zu sch\u00fctzen, die so m\u00e4chtig sind wie Dormammu.<\/p>\n<h3>Wir bieten Ihnen eine gro\u00dfe Auswahl an Repliken Ihrer Superhelden aus dem Marvel-Universum.<\/h3>\n<p>Zun\u00e4chst einmal,<\/p>\n<ul>\n<li>Aquamans Dreizack in Offiziell, aber im Ma\u00dfstab 1:1 verteilt von <a href=\"https:\/\/www.noblecollection.fr\/\">Noble Collection<\/a>.<\/li>\n<li>Es gibt auch die Nachbildung der <a href=\"https:\/\/repliquemangacine.fr\/de\/filme-tv-serien-verkauf-von-katana-schwertern-und-derivaten\/x-men-griffes-de-wolverine-replique\/\">Wolverines Krallen<\/a> aus der X-Men-Filmreihe und von Logan Wolverine verwendet.<\/li>\n<li>Sowie das <a href=\"https:\/\/repliquemangacine.fr\/de\/superheld\/mug-3d-batman-dc-universe\/\">3D-Becher der Batman-Maske<\/a> der Ritter von Gotham City.<\/li>\n<li>Und noch viel mehr!<\/li>\n<\/ul>\n<p>Hier ist eine tolle Geschenkidee f\u00fcr alle Marvel-Fans.<\/p>\n<h3>Sie k\u00f6nnen den Dr. Strange Agamotto-Auge-Anh\u00e4nger auch im Alltag verwenden.<\/h3>\n<p>Vor allem aber sind die Dr. Strange Agamotto-Augen-Anh\u00e4nger auch Sammlerst\u00fccke und Dekorationsgegenst\u00e4nde.<\/p>\n<p>Unverzichtbares Objekt f\u00fcr Marvel-Fans. Viel Spa\u00df beim St\u00f6bern<\/p>\n<p>R\u00e9plique Manga Cin\u00e9 ist ein franz\u00f6sisches Familienunternehmen.<\/p>","protected":false},"excerpt":{"rendered":"<p>Wundersch\u00f6ner Amulett-Anh\u00e4nger von Dr. Strange das Auge von Agamotto in Avengers.<\/p>\n<ul>\n<li>Vollst\u00e4ndig aus gealtertem Stahl mit Bronzefinish.<\/li>\n<li>Die Vorderseite ist hohl und durchbrochen, mit einer gr\u00fcnen Harzperle im Inneren.<\/li>\n<li>Auf der R\u00fcckseite finden Sie das Monogramm \"Doctor Strange\" als \u00dcberdruck.<\/li>\n<li>Das Halsband ist eine schwarze Kordel mit einem kleinen Karabinerhaken als Aufh\u00e4nger.<\/li>\n<li>Wird in einer Vitrinenblisterpackung mit dem Bild der Avengers geliefert.<\/li>\n<li>Breite des Auges: 4.5cm - L\u00e4nge der Halskette: ca. 42cm - Gewicht: 15grs<\/li>\n<\/ul>","protected":false},"featured_media":41447,"template":"","meta":[],"product_brand":[896],"product_cat":[98,24,94,101,59],"product_tag":[],"class_list":{"0":"post-41446","1":"product","2":"type-product","3":"status-publish","4":"has-post-thumbnail","6":"product_brand-replique-manga-cine","7":"product_cat-divers-goodies","8":"product_cat-films-series-tv-vente-de-katana-epee-et-produits-derives","9":"product_cat-goodies","10":"product_cat-soldes","11":"product_cat-super-heros-marvel","13":"first","14":"outofstock","15":"sale","16":"taxable","17":"shipping-taxable","18":"purchasable","19":"product-type-simple"},"yoast_head":"<!-- This site is optimized with the Yoast SEO plugin v27.5 - https:\/\/yoast.com\/product\/yoast-seo-wordpress\/ -->\n<title>Pendentif Oeil d\u2019Agamotto - Dr Strange - R\u00e9plique Manga Cin\u00e9<\/title>\n<meta name=\"description\" content=\"Superbe amulette Pendentif Oeil d\u2019Agamotto dans Avengers. En m\u00e9tal vieilli. Tr\u00e8s belle finition. Une id\u00e9e cadeau pour tous les fans !\" \/>\n<meta name=\"robots\" content=\"index, follow, max-snippet:-1, max-image-preview:large, max-video-preview:-1\" \/>\n<link rel=\"canonical\" href=\"https:\/\/repliquemangacine.fr\/de\/ausverkauf\/dagamotto-augenanhanger-von-dr-strange\/\" \/>\n<meta property=\"og:locale\" content=\"de_DE\" \/>\n<meta property=\"og:type\" content=\"article\" \/>\n<meta property=\"og:title\" content=\"Pendentif Oeil d\u2019Agamotto - Dr Strange - R\u00e9plique Manga Cin\u00e9\" \/>\n<meta property=\"og:description\" content=\"Superbe amulette Pendentif Oeil d\u2019Agamotto dans Avengers. En m\u00e9tal vieilli. Tr\u00e8s belle finition. Une id\u00e9e cadeau pour tous les fans !\" \/>\n<meta property=\"og:url\" content=\"https:\/\/repliquemangacine.fr\/de\/ausverkauf\/dagamotto-augenanhanger-von-dr-strange\/\" \/>\n<meta property=\"og:site_name\" content=\"R\u00e9plique Manga Cin\u00e9\" \/>\n<meta property=\"article:publisher\" content=\"https:\/\/www.facebook.com\/RepliqueMangaCine\" \/>\n<meta property=\"article:modified_time\" content=\"2025-11-30T18:19:27+00:00\" \/>\n<meta property=\"og:image\" content=\"https:\/\/repliquemangacine.fr\/wp-content\/uploads\/2023\/10\/collier-oeil.jpg\" \/>\n\t<meta property=\"og:image:width\" content=\"800\" \/>\n\t<meta property=\"og:image:height\" content=\"800\" \/>\n\t<meta property=\"og:image:type\" content=\"image\/jpeg\" \/>\n<meta name=\"twitter:card\" content=\"summary_large_image\" \/>\n<meta name=\"twitter:label1\" content=\"Gesch\u00e4tzte Lesezeit\" \/>\n\t<meta name=\"twitter:data1\" content=\"1\u00a0Minute\" \/>\n<script type=\"application\/ld+json\" class=\"yoast-schema-graph\">{\"@context\":\"https:\\\/\\\/schema.org\",\"@graph\":[{\"@type\":\"WebPage\",\"@id\":\"https:\\\/\\\/repliquemangacine.fr\\\/soldes\\\/pendentif-oeil-dagamotto-du-dr-strange\\\/\",\"url\":\"https:\\\/\\\/repliquemangacine.fr\\\/soldes\\\/pendentif-oeil-dagamotto-du-dr-strange\\\/\",\"name\":\"Pendentif Oeil d\u2019Agamotto - Dr Strange - R\u00e9plique Manga Cin\u00e9\",\"isPartOf\":{\"@id\":\"https:\\\/\\\/repliquemangacine.fr\\\/#website\"},\"primaryImageOfPage\":{\"@id\":\"https:\\\/\\\/repliquemangacine.fr\\\/soldes\\\/pendentif-oeil-dagamotto-du-dr-strange\\\/#primaryimage\"},\"image\":{\"@id\":\"https:\\\/\\\/repliquemangacine.fr\\\/soldes\\\/pendentif-oeil-dagamotto-du-dr-strange\\\/#primaryimage\"},\"thumbnailUrl\":\"https:\\\/\\\/repliquemangacine.fr\\\/wp-content\\\/uploads\\\/2023\\\/10\\\/collier-oeil.jpg\",\"datePublished\":\"2021-07-22T15:28:45+00:00\",\"dateModified\":\"2025-11-30T18:19:27+00:00\",\"description\":\"Superbe amulette Pendentif Oeil d\u2019Agamotto dans Avengers. En m\u00e9tal vieilli. Tr\u00e8s belle finition. Une id\u00e9e cadeau pour tous les fans !\",\"breadcrumb\":{\"@id\":\"https:\\\/\\\/repliquemangacine.fr\\\/soldes\\\/pendentif-oeil-dagamotto-du-dr-strange\\\/#breadcrumb\"},\"inLanguage\":\"de\",\"potentialAction\":[{\"@type\":\"ReadAction\",\"target\":[\"https:\\\/\\\/repliquemangacine.fr\\\/soldes\\\/pendentif-oeil-dagamotto-du-dr-strange\\\/\"]}]},{\"@type\":\"ImageObject\",\"inLanguage\":\"de\",\"@id\":\"https:\\\/\\\/repliquemangacine.fr\\\/soldes\\\/pendentif-oeil-dagamotto-du-dr-strange\\\/#primaryimage\",\"url\":\"https:\\\/\\\/repliquemangacine.fr\\\/wp-content\\\/uploads\\\/2023\\\/10\\\/collier-oeil.jpg\",\"contentUrl\":\"https:\\\/\\\/repliquemangacine.fr\\\/wp-content\\\/uploads\\\/2023\\\/10\\\/collier-oeil.jpg\",\"width\":800,\"height\":800,\"caption\":\"Pendentif Oeil d\u2019Agamotto Dr Strange\"},{\"@type\":\"BreadcrumbList\",\"@id\":\"https:\\\/\\\/repliquemangacine.fr\\\/soldes\\\/pendentif-oeil-dagamotto-du-dr-strange\\\/#breadcrumb\",\"itemListElement\":[{\"@type\":\"ListItem\",\"position\":1,\"name\":\"Accueil\",\"item\":\"https:\\\/\\\/repliquemangacine.fr\\\/\"},{\"@type\":\"ListItem\",\"position\":2,\"name\":\"Produits\",\"item\":\"https:\\\/\\\/repliquemangacine.fr\\\/boutique\\\/\"},{\"@type\":\"ListItem\",\"position\":3,\"name\":\"Pendentif Oeil d\u2019Agamotto Dr Strange\"}]},{\"@type\":\"WebSite\",\"@id\":\"https:\\\/\\\/repliquemangacine.fr\\\/#website\",\"url\":\"https:\\\/\\\/repliquemangacine.fr\\\/\",\"name\":\"R\u00e9plique Manga Cin\u00e9\",\"description\":\"\",\"publisher\":{\"@id\":\"https:\\\/\\\/repliquemangacine.fr\\\/#organization\"},\"potentialAction\":[{\"@type\":\"SearchAction\",\"target\":{\"@type\":\"EntryPoint\",\"urlTemplate\":\"https:\\\/\\\/repliquemangacine.fr\\\/?s={search_term_string}\"},\"query-input\":{\"@type\":\"PropertyValueSpecification\",\"valueRequired\":true,\"valueName\":\"search_term_string\"}}],\"inLanguage\":\"de\"},{\"@type\":\"Organization\",\"@id\":\"https:\\\/\\\/repliquemangacine.fr\\\/#organization\",\"name\":\"R\u00e9plique Manga Cin\u00e9\",\"url\":\"https:\\\/\\\/repliquemangacine.fr\\\/\",\"logo\":{\"@type\":\"ImageObject\",\"inLanguage\":\"de\",\"@id\":\"https:\\\/\\\/repliquemangacine.fr\\\/#\\\/schema\\\/logo\\\/image\\\/\",\"url\":\"https:\\\/\\\/repliquemangacine.fr\\\/wp-content\\\/uploads\\\/2023\\\/10\\\/RMC-500250.png\",\"contentUrl\":\"https:\\\/\\\/repliquemangacine.fr\\\/wp-content\\\/uploads\\\/2023\\\/10\\\/RMC-500250.png\",\"width\":500,\"height\":250,\"caption\":\"R\u00e9plique Manga Cin\u00e9\"},\"image\":{\"@id\":\"https:\\\/\\\/repliquemangacine.fr\\\/#\\\/schema\\\/logo\\\/image\\\/\"},\"sameAs\":[\"https:\\\/\\\/www.facebook.com\\\/RepliqueMangaCine\",\"https:\\\/\\\/www.instagram.com\\\/repliquemangacine.fr\\\/\"]}]}<\/script>\n<!-- \/ Yoast SEO plugin. -->","yoast_head_json":{"title":"Agamotto-Auge-Anh\u00e4nger - Dr. Strange - R\u00e9plique Manga Cin\u00e9","description":"Wundersch\u00f6nes Amulett Anh\u00e4nger Auge des Agamotto in Avengers. Aus gealtertem Metall. Sehr sch\u00f6ne Verarbeitung. Eine tolle Geschenkidee f\u00fcr alle Fans!","robots":{"index":"index","follow":"follow","max-snippet":"max-snippet:-1","max-image-preview":"max-image-preview:large","max-video-preview":"max-video-preview:-1"},"canonical":"https:\/\/repliquemangacine.fr\/de\/ausverkauf\/dagamotto-augenanhanger-von-dr-strange\/","og_locale":"de_DE","og_type":"article","og_title":"Pendentif Oeil d\u2019Agamotto - Dr Strange - R\u00e9plique Manga Cin\u00e9","og_description":"Superbe amulette Pendentif Oeil d\u2019Agamotto dans Avengers. En m\u00e9tal vieilli. Tr\u00e8s belle finition. Une id\u00e9e cadeau pour tous les fans !","og_url":"https:\/\/repliquemangacine.fr\/de\/ausverkauf\/dagamotto-augenanhanger-von-dr-strange\/","og_site_name":"R\u00e9plique Manga Cin\u00e9","article_publisher":"https:\/\/www.facebook.com\/RepliqueMangaCine","article_modified_time":"2025-11-30T18:19:27+00:00","og_image":[{"width":800,"height":800,"url":"https:\/\/repliquemangacine.fr\/wp-content\/uploads\/2023\/10\/collier-oeil.jpg","type":"image\/jpeg"}],"twitter_card":"summary_large_image","twitter_misc":{"Gesch\u00e4tzte Lesezeit":"1\u00a0Minute"},"schema":{"@context":"https:\/\/schema.org","@graph":[{"@type":"WebPage","@id":"https:\/\/repliquemangacine.fr\/soldes\/pendentif-oeil-dagamotto-du-dr-strange\/","url":"https:\/\/repliquemangacine.fr\/soldes\/pendentif-oeil-dagamotto-du-dr-strange\/","name":"Agamotto-Auge-Anh\u00e4nger - Dr. Strange - R\u00e9plique Manga Cin\u00e9","isPartOf":{"@id":"https:\/\/repliquemangacine.fr\/#website"},"primaryImageOfPage":{"@id":"https:\/\/repliquemangacine.fr\/soldes\/pendentif-oeil-dagamotto-du-dr-strange\/#primaryimage"},"image":{"@id":"https:\/\/repliquemangacine.fr\/soldes\/pendentif-oeil-dagamotto-du-dr-strange\/#primaryimage"},"thumbnailUrl":"https:\/\/repliquemangacine.fr\/wp-content\/uploads\/2023\/10\/collier-oeil.jpg","datePublished":"2021-07-22T15:28:45+00:00","dateModified":"2025-11-30T18:19:27+00:00","description":"Wundersch\u00f6nes Amulett Anh\u00e4nger Auge des Agamotto in Avengers. Aus gealtertem Metall. Sehr sch\u00f6ne Verarbeitung. Eine tolle Geschenkidee f\u00fcr alle Fans!","breadcrumb":{"@id":"https:\/\/repliquemangacine.fr\/soldes\/pendentif-oeil-dagamotto-du-dr-strange\/#breadcrumb"},"inLanguage":"de","potentialAction":[{"@type":"ReadAction","target":["https:\/\/repliquemangacine.fr\/soldes\/pendentif-oeil-dagamotto-du-dr-strange\/"]}]},{"@type":"ImageObject","inLanguage":"de","@id":"https:\/\/repliquemangacine.fr\/soldes\/pendentif-oeil-dagamotto-du-dr-strange\/#primaryimage","url":"https:\/\/repliquemangacine.fr\/wp-content\/uploads\/2023\/10\/collier-oeil.jpg","contentUrl":"https:\/\/repliquemangacine.fr\/wp-content\/uploads\/2023\/10\/collier-oeil.jpg","width":800,"height":800,"caption":"Pendentif Oeil d\u2019Agamotto Dr Strange"},{"@type":"BreadcrumbList","@id":"https:\/\/repliquemangacine.fr\/soldes\/pendentif-oeil-dagamotto-du-dr-strange\/#breadcrumb","itemListElement":[{"@type":"ListItem","position":1,"name":"Accueil","item":"https:\/\/repliquemangacine.fr\/"},{"@type":"ListItem","position":2,"name":"Produits","item":"https:\/\/repliquemangacine.fr\/boutique\/"},{"@type":"ListItem","position":3,"name":"Pendentif Oeil d\u2019Agamotto Dr Strange"}]},{"@type":"WebSite","@id":"https:\/\/repliquemangacine.fr\/#website","url":"https:\/\/repliquemangacine.fr\/","name":"R\u00e9plique Manga Cin\u00e9","description":"","publisher":{"@id":"https:\/\/repliquemangacine.fr\/#organization"},"potentialAction":[{"@type":"SearchAction","target":{"@type":"EntryPoint","urlTemplate":"https:\/\/repliquemangacine.fr\/?s={search_term_string}"},"query-input":{"@type":"PropertyValueSpecification","valueRequired":true,"valueName":"search_term_string"}}],"inLanguage":"de"},{"@type":"Organization","@id":"https:\/\/repliquemangacine.fr\/#organization","name":"R\u00e9plique Manga Cin\u00e9","url":"https:\/\/repliquemangacine.fr\/","logo":{"@type":"ImageObject","inLanguage":"de","@id":"https:\/\/repliquemangacine.fr\/#\/schema\/logo\/image\/","url":"https:\/\/repliquemangacine.fr\/wp-content\/uploads\/2023\/10\/RMC-500250.png","contentUrl":"https:\/\/repliquemangacine.fr\/wp-content\/uploads\/2023\/10\/RMC-500250.png","width":500,"height":250,"caption":"R\u00e9plique Manga Cin\u00e9"},"image":{"@id":"https:\/\/repliquemangacine.fr\/#\/schema\/logo\/image\/"},"sameAs":["https:\/\/www.facebook.com\/RepliqueMangaCine","https:\/\/www.instagram.com\/repliquemangacine.fr\/"]}]}},"_links":{"self":[{"href":"https:\/\/repliquemangacine.fr\/de\/wp-json\/wp\/v2\/product\/41446","targetHints":{"allow":["GET"]}}],"collection":[{"href":"https:\/\/repliquemangacine.fr\/de\/wp-json\/wp\/v2\/product"}],"about":[{"href":"https:\/\/repliquemangacine.fr\/de\/wp-json\/wp\/v2\/types\/product"}],"wp:featuredmedia":[{"embeddable":true,"href":"https:\/\/repliquemangacine.fr\/de\/wp-json\/wp\/v2\/media\/41447"}],"wp:attachment":[{"href":"https:\/\/repliquemangacine.fr\/de\/wp-json\/wp\/v2\/media?parent=41446"}],"wp:term":[{"taxonomy":"product_brand","embeddable":true,"href":"https:\/\/repliquemangacine.fr\/de\/wp-json\/wp\/v2\/product_brand?post=41446"},{"taxonomy":"product_cat","embeddable":true,"href":"https:\/\/repliquemangacine.fr\/de\/wp-json\/wp\/v2\/product_cat?post=41446"},{"taxonomy":"product_tag","embeddable":true,"href":"https:\/\/repliquemangacine.fr\/de\/wp-json\/wp\/v2\/product_tag?post=41446"}],"curies":[{"name":"wp","href":"https:\/\/api.w.org\/{rel}","templated":true}]}}