





{"id":41442,"date":"2021-07-22T16:58:44","date_gmt":"2021-07-22T14:58:44","guid":{"rendered":"https:\/\/repliquemangacine.fr\/?post_type=product&#038;p=41442"},"modified":"2025-11-10T14:48:25","modified_gmt":"2025-11-10T13:48:25","slug":"schlusselanhanger-augen-dagamotto-dr-strange","status":"publish","type":"product","link":"https:\/\/repliquemangacine.fr\/de\/porte-cles-goodies\/porte-cles-oeil-dagamotto-dr-strange\/","title":{"rendered":"Dr. Strange Agamottos Auge Schl\u00fcsselanh\u00e4nger"},"content":{"rendered":"<h2>Replik Version Schl\u00fcsselanh\u00e4nger Agamottos Auge Dr. Strange aus dem Marvel-Universum.<\/h2>\n<p>Der Schl\u00fcsselanh\u00e4nger Agamottos Auge ist bemerkenswert realistisch.<\/p>\n<p>Das Auge von Agamotto ist ein m\u00e4chtiges Relikt, das von Agamotto, dem ersten obersten Zauberer, als Einschlie\u00dfungsvorrichtung f\u00fcr den Stein der Zeit geschaffen wurde. Das Auge wurde \u00fcber Generationen hinweg von den Meistern der mystischen K\u00fcnste besch\u00fctzt.<\/p>\n<p>Als Beh\u00e4lter des Zeitsteins ist die<a href=\"https:\/\/universcinematographiquemarvel.fandom.com\/fr\/wiki\/\u0152il_d'Agamotto\">Agamottos Auge<\/a> erm\u00f6glicht es seinem Tr\u00e4ger, die Macht des Infinity-Steins zu nutzen, ohne ihn k\u00f6rperlich ber\u00fchren zu m\u00fcssen. Durch den Infinity-Stein gest\u00e4rkt, verf\u00fcgt das Auge \u00fcber enorme zeitbasierte Kr\u00e4fte. Es ist in der Lage, den Fluss der Zeit in kleinem oder gro\u00dfem Ma\u00dfstab zu kontrollieren. Im gro\u00dfen Ma\u00dfstab kann der Stein die Zeit zur\u00fcckdrehen, um ganze Ereignisse r\u00fcckg\u00e4ngig zu machen, sogar so weit, dass er Tote wieder zum Leben erweckt, indem er zu einem Punkt vor ihrem Tod reist.<\/p>\n<p>Agamotto war der erste oberste Zauberer der Erde, der Gr\u00fcnder der Meister der mystischen K\u00fcnste, der Erbauer der Sanctums und der Sch\u00f6pfer des Auges des Agamotto. Als erster oberster Zauberer und Gr\u00fcnder der Meister der mystischen K\u00fcnste. Agamotto ist ein immens m\u00e4chtiger Zaubermeister, wahrscheinlich der gr\u00f6\u00dfte Zauberer in der Geschichte. Sein Verst\u00e4ndnis von Magie ist so gro\u00df, dass er m\u00e4chtige magische Relikte wie das Auge des Agamotto erschaffen kann. Damit k\u00f6nnen Zauberer die Macht eines Infinity-Steins nutzen.<\/p>\n<p>Er errichtete auch die Sanctums, ganze Strukturen, die eine m\u00e4chtige Barriere erzeugen k\u00f6nnen. In der Lage, die Erde vor extradimensionalen Bedrohungen zu sch\u00fctzen, die so m\u00e4chtig sind wie Dormammu.<\/p>\n<h3>Wir bieten Ihnen eine gro\u00dfe Auswahl an Repliken Ihrer Superhelden aus dem Marvel-Universum.<\/h3>\n<p>Zun\u00e4chst einmal,<\/p>\n<ul>\n<li>Die <a href=\"https:\/\/repliquemangacine.fr\/de\/superheld\/justice-league-replica-aquamans-dreizack-186-cm\/\">Aquamans Dreizack<\/a> in Offiziell, aber im Ma\u00dfstab 1:1, vertrieben von Noble Collection.<\/li>\n<li>Es gibt auch den <a href=\"https:\/\/repliquemangacine.fr\/de\/superheld\/schlusselanhanger-stormbreaker-von-thor\/\">Schl\u00fcsselanh\u00e4nger der Hammeraxt der Stormbreaker.<\/a><\/li>\n<li>Sowie das <a href=\"https:\/\/repliquemangacine.fr\/de\/superheld\/koffer-marvel-avengers-set-11-pieces\/\">Marvel Collector's Box<\/a> von 11 St\u00fcck Schl\u00fcsselanh\u00e4nger oder Anh\u00e4nger.<\/li>\n<li>Und noch viel mehr!<\/li>\n<\/ul>\n<p>Hier ist eine tolle Geschenkidee f\u00fcr alle Marvel-Fans.<\/p>\n<h3>Sie k\u00f6nnen den Dr. Strange Agamotto Eye Keychain auch im Alltag verwenden.<\/h3>\n<p>Vor allem sind die Dr. Strange Agamotto Eye Schl\u00fcsselanh\u00e4nger auch Sammlerst\u00fccke und Dekorationen.<\/p>\n<p>Unverzichtbares Objekt f\u00fcr Marvel-Fans. Viel Spa\u00df beim St\u00f6bern<\/p>\n<p>R\u00e9plique Manga Cin\u00e9 ist ein franz\u00f6sisches Familienunternehmen.<\/p>","protected":false},"excerpt":{"rendered":"<p>Wundersch\u00f6ner Schl\u00fcsselanh\u00e4nger von Dr. Strange das Auge von Agamotto in Avengers.<\/p>\n<ul>\n<li>Vollst\u00e4ndig aus gealtertem Stahl mit Bronzefinish.<\/li>\n<li>Die Vorderseite ist hohl und durchbrochen, mit einer gr\u00fcnen Harzperle im Inneren.<\/li>\n<li>Auf der R\u00fcckseite finden Sie das Monogramm \"Doctor Strange\" als \u00dcberdruck.<\/li>\n<li>Der Ring ist aus gl\u00e4nzendem Stahl mit einem Durchmesser von ca. 3 cm.<\/li>\n<li>Wird in einer Vitrinenblisterpackung mit dem Bild der Avengers geliefert.<\/li>\n<li>Breite des Auges: 4.5cm - Gesamtl\u00e4nge mit Ring: 10 cm - Gewicht: 20 gr<\/li>\n<\/ul>","protected":false},"featured_media":41443,"template":"","meta":[],"product_brand":[896],"product_cat":[24,94,96,101,59],"product_tag":[],"class_list":{"0":"post-41442","1":"product","2":"type-product","3":"status-publish","4":"has-post-thumbnail","6":"product_brand-replique-manga-cine","7":"product_cat-films-series-tv-vente-de-katana-epee-et-produits-derives","8":"product_cat-goodies","9":"product_cat-porte-cles-goodies","10":"product_cat-soldes","11":"product_cat-super-heros-marvel","13":"first","14":"instock","15":"sale","16":"taxable","17":"shipping-taxable","18":"purchasable","19":"product-type-simple"},"yoast_head":"<!-- This site is optimized with the Yoast SEO plugin v27.5 - https:\/\/yoast.com\/product\/yoast-seo-wordpress\/ -->\n<title>Porte-cl\u00e9s Oeil d\u2019Agamotto - Dr Strange - R\u00e9plique Manga Cin\u00e9<\/title>\n<meta name=\"description\" content=\"Superbe Porte-cl\u00e9s Oeil d\u2019Agamotto dans Avengers. En m\u00e9tal vieilli bronze, perle verte \u00e0 l&#039;int\u00e9rieur, un cadeau bien utile !\" \/>\n<meta name=\"robots\" content=\"index, follow, max-snippet:-1, max-image-preview:large, max-video-preview:-1\" \/>\n<link rel=\"canonical\" href=\"https:\/\/repliquemangacine.fr\/de\/ausverkauf\/schlusselanhanger-augen-dagamotto-dr-strange\/\" \/>\n<meta property=\"og:locale\" content=\"de_DE\" \/>\n<meta property=\"og:type\" content=\"article\" \/>\n<meta property=\"og:title\" content=\"Porte-cl\u00e9s Oeil d\u2019Agamotto - Dr Strange - R\u00e9plique Manga Cin\u00e9\" \/>\n<meta property=\"og:description\" content=\"Superbe Porte-cl\u00e9s Oeil d\u2019Agamotto dans Avengers. En m\u00e9tal vieilli bronze, perle verte \u00e0 l&#039;int\u00e9rieur, un cadeau bien utile !\" \/>\n<meta property=\"og:url\" content=\"https:\/\/repliquemangacine.fr\/de\/ausverkauf\/schlusselanhanger-augen-dagamotto-dr-strange\/\" \/>\n<meta property=\"og:site_name\" content=\"R\u00e9plique Manga Cin\u00e9\" \/>\n<meta property=\"article:publisher\" content=\"https:\/\/www.facebook.com\/RepliqueMangaCine\" \/>\n<meta property=\"article:modified_time\" content=\"2025-11-10T13:48:25+00:00\" \/>\n<meta property=\"og:image\" content=\"https:\/\/repliquemangacine.fr\/wp-content\/uploads\/2023\/10\/porte-cle-oeil.jpg\" \/>\n\t<meta property=\"og:image:width\" content=\"800\" \/>\n\t<meta property=\"og:image:height\" content=\"800\" \/>\n\t<meta property=\"og:image:type\" content=\"image\/jpeg\" \/>\n<meta name=\"twitter:card\" content=\"summary_large_image\" \/>\n<meta name=\"twitter:label1\" content=\"Gesch\u00e4tzte Lesezeit\" \/>\n\t<meta name=\"twitter:data1\" content=\"1\u00a0Minute\" \/>\n<script type=\"application\/ld+json\" class=\"yoast-schema-graph\">{\"@context\":\"https:\\\/\\\/schema.org\",\"@graph\":[{\"@type\":\"WebPage\",\"@id\":\"https:\\\/\\\/repliquemangacine.fr\\\/soldes\\\/porte-cles-oeil-dagamotto-dr-strange\\\/\",\"url\":\"https:\\\/\\\/repliquemangacine.fr\\\/soldes\\\/porte-cles-oeil-dagamotto-dr-strange\\\/\",\"name\":\"Porte-cl\u00e9s Oeil d\u2019Agamotto - Dr Strange - R\u00e9plique Manga Cin\u00e9\",\"isPartOf\":{\"@id\":\"https:\\\/\\\/repliquemangacine.fr\\\/#website\"},\"primaryImageOfPage\":{\"@id\":\"https:\\\/\\\/repliquemangacine.fr\\\/soldes\\\/porte-cles-oeil-dagamotto-dr-strange\\\/#primaryimage\"},\"image\":{\"@id\":\"https:\\\/\\\/repliquemangacine.fr\\\/soldes\\\/porte-cles-oeil-dagamotto-dr-strange\\\/#primaryimage\"},\"thumbnailUrl\":\"https:\\\/\\\/repliquemangacine.fr\\\/wp-content\\\/uploads\\\/2023\\\/10\\\/porte-cle-oeil.jpg\",\"datePublished\":\"2021-07-22T14:58:44+00:00\",\"dateModified\":\"2025-11-10T13:48:25+00:00\",\"description\":\"Superbe Porte-cl\u00e9s Oeil d\u2019Agamotto dans Avengers. En m\u00e9tal vieilli bronze, perle verte \u00e0 l'int\u00e9rieur, un cadeau bien utile !\",\"breadcrumb\":{\"@id\":\"https:\\\/\\\/repliquemangacine.fr\\\/soldes\\\/porte-cles-oeil-dagamotto-dr-strange\\\/#breadcrumb\"},\"inLanguage\":\"de\",\"potentialAction\":[{\"@type\":\"ReadAction\",\"target\":[\"https:\\\/\\\/repliquemangacine.fr\\\/soldes\\\/porte-cles-oeil-dagamotto-dr-strange\\\/\"]}]},{\"@type\":\"ImageObject\",\"inLanguage\":\"de\",\"@id\":\"https:\\\/\\\/repliquemangacine.fr\\\/soldes\\\/porte-cles-oeil-dagamotto-dr-strange\\\/#primaryimage\",\"url\":\"https:\\\/\\\/repliquemangacine.fr\\\/wp-content\\\/uploads\\\/2023\\\/10\\\/porte-cle-oeil.jpg\",\"contentUrl\":\"https:\\\/\\\/repliquemangacine.fr\\\/wp-content\\\/uploads\\\/2023\\\/10\\\/porte-cle-oeil.jpg\",\"width\":800,\"height\":800,\"caption\":\"Porte cl\u00e9s Oeil d\u2019Agamotto Dr Strange\"},{\"@type\":\"BreadcrumbList\",\"@id\":\"https:\\\/\\\/repliquemangacine.fr\\\/soldes\\\/porte-cles-oeil-dagamotto-dr-strange\\\/#breadcrumb\",\"itemListElement\":[{\"@type\":\"ListItem\",\"position\":1,\"name\":\"Accueil\",\"item\":\"https:\\\/\\\/repliquemangacine.fr\\\/\"},{\"@type\":\"ListItem\",\"position\":2,\"name\":\"Produits\",\"item\":\"https:\\\/\\\/repliquemangacine.fr\\\/boutique\\\/\"},{\"@type\":\"ListItem\",\"position\":3,\"name\":\"Porte-cl\u00e9s Oeil d\u2019Agamotto Dr Strange\"}]},{\"@type\":\"WebSite\",\"@id\":\"https:\\\/\\\/repliquemangacine.fr\\\/#website\",\"url\":\"https:\\\/\\\/repliquemangacine.fr\\\/\",\"name\":\"R\u00e9plique Manga Cin\u00e9\",\"description\":\"\",\"publisher\":{\"@id\":\"https:\\\/\\\/repliquemangacine.fr\\\/#organization\"},\"potentialAction\":[{\"@type\":\"SearchAction\",\"target\":{\"@type\":\"EntryPoint\",\"urlTemplate\":\"https:\\\/\\\/repliquemangacine.fr\\\/?s={search_term_string}\"},\"query-input\":{\"@type\":\"PropertyValueSpecification\",\"valueRequired\":true,\"valueName\":\"search_term_string\"}}],\"inLanguage\":\"de\"},{\"@type\":\"Organization\",\"@id\":\"https:\\\/\\\/repliquemangacine.fr\\\/#organization\",\"name\":\"R\u00e9plique Manga Cin\u00e9\",\"url\":\"https:\\\/\\\/repliquemangacine.fr\\\/\",\"logo\":{\"@type\":\"ImageObject\",\"inLanguage\":\"de\",\"@id\":\"https:\\\/\\\/repliquemangacine.fr\\\/#\\\/schema\\\/logo\\\/image\\\/\",\"url\":\"https:\\\/\\\/repliquemangacine.fr\\\/wp-content\\\/uploads\\\/2023\\\/10\\\/RMC-500250.png\",\"contentUrl\":\"https:\\\/\\\/repliquemangacine.fr\\\/wp-content\\\/uploads\\\/2023\\\/10\\\/RMC-500250.png\",\"width\":500,\"height\":250,\"caption\":\"R\u00e9plique Manga Cin\u00e9\"},\"image\":{\"@id\":\"https:\\\/\\\/repliquemangacine.fr\\\/#\\\/schema\\\/logo\\\/image\\\/\"},\"sameAs\":[\"https:\\\/\\\/www.facebook.com\\\/RepliqueMangaCine\",\"https:\\\/\\\/www.instagram.com\\\/repliquemangacine.fr\\\/\"]}]}<\/script>\n<!-- \/ Yoast SEO plugin. -->","yoast_head_json":{"title":"Schl\u00fcsselanh\u00e4nger Agamottos Auge - Dr. Strange - R\u00e9plique Manga Cin\u00e9","description":"Wundersch\u00f6ner Schl\u00fcsselanh\u00e4nger Agamottos Auge aus \"Avengers\". Aus bronzefarbenem Altmetall, gr\u00fcne Perle im Inneren, ein n\u00fctzliches Geschenk!","robots":{"index":"index","follow":"follow","max-snippet":"max-snippet:-1","max-image-preview":"max-image-preview:large","max-video-preview":"max-video-preview:-1"},"canonical":"https:\/\/repliquemangacine.fr\/de\/ausverkauf\/schlusselanhanger-augen-dagamotto-dr-strange\/","og_locale":"de_DE","og_type":"article","og_title":"Porte-cl\u00e9s Oeil d\u2019Agamotto - Dr Strange - R\u00e9plique Manga Cin\u00e9","og_description":"Superbe Porte-cl\u00e9s Oeil d\u2019Agamotto dans Avengers. En m\u00e9tal vieilli bronze, perle verte \u00e0 l'int\u00e9rieur, un cadeau bien utile !","og_url":"https:\/\/repliquemangacine.fr\/de\/ausverkauf\/schlusselanhanger-augen-dagamotto-dr-strange\/","og_site_name":"R\u00e9plique Manga Cin\u00e9","article_publisher":"https:\/\/www.facebook.com\/RepliqueMangaCine","article_modified_time":"2025-11-10T13:48:25+00:00","og_image":[{"width":800,"height":800,"url":"https:\/\/repliquemangacine.fr\/wp-content\/uploads\/2023\/10\/porte-cle-oeil.jpg","type":"image\/jpeg"}],"twitter_card":"summary_large_image","twitter_misc":{"Gesch\u00e4tzte Lesezeit":"1\u00a0Minute"},"schema":{"@context":"https:\/\/schema.org","@graph":[{"@type":"WebPage","@id":"https:\/\/repliquemangacine.fr\/soldes\/porte-cles-oeil-dagamotto-dr-strange\/","url":"https:\/\/repliquemangacine.fr\/soldes\/porte-cles-oeil-dagamotto-dr-strange\/","name":"Schl\u00fcsselanh\u00e4nger Agamottos Auge - Dr. Strange - R\u00e9plique Manga Cin\u00e9","isPartOf":{"@id":"https:\/\/repliquemangacine.fr\/#website"},"primaryImageOfPage":{"@id":"https:\/\/repliquemangacine.fr\/soldes\/porte-cles-oeil-dagamotto-dr-strange\/#primaryimage"},"image":{"@id":"https:\/\/repliquemangacine.fr\/soldes\/porte-cles-oeil-dagamotto-dr-strange\/#primaryimage"},"thumbnailUrl":"https:\/\/repliquemangacine.fr\/wp-content\/uploads\/2023\/10\/porte-cle-oeil.jpg","datePublished":"2021-07-22T14:58:44+00:00","dateModified":"2025-11-10T13:48:25+00:00","description":"Wundersch\u00f6ner Schl\u00fcsselanh\u00e4nger Agamottos Auge aus \"Avengers\". Aus bronzefarbenem Altmetall, gr\u00fcne Perle im Inneren, ein n\u00fctzliches Geschenk!","breadcrumb":{"@id":"https:\/\/repliquemangacine.fr\/soldes\/porte-cles-oeil-dagamotto-dr-strange\/#breadcrumb"},"inLanguage":"de","potentialAction":[{"@type":"ReadAction","target":["https:\/\/repliquemangacine.fr\/soldes\/porte-cles-oeil-dagamotto-dr-strange\/"]}]},{"@type":"ImageObject","inLanguage":"de","@id":"https:\/\/repliquemangacine.fr\/soldes\/porte-cles-oeil-dagamotto-dr-strange\/#primaryimage","url":"https:\/\/repliquemangacine.fr\/wp-content\/uploads\/2023\/10\/porte-cle-oeil.jpg","contentUrl":"https:\/\/repliquemangacine.fr\/wp-content\/uploads\/2023\/10\/porte-cle-oeil.jpg","width":800,"height":800,"caption":"Porte cl\u00e9s Oeil d\u2019Agamotto Dr Strange"},{"@type":"BreadcrumbList","@id":"https:\/\/repliquemangacine.fr\/soldes\/porte-cles-oeil-dagamotto-dr-strange\/#breadcrumb","itemListElement":[{"@type":"ListItem","position":1,"name":"Accueil","item":"https:\/\/repliquemangacine.fr\/"},{"@type":"ListItem","position":2,"name":"Produits","item":"https:\/\/repliquemangacine.fr\/boutique\/"},{"@type":"ListItem","position":3,"name":"Porte-cl\u00e9s Oeil d\u2019Agamotto Dr Strange"}]},{"@type":"WebSite","@id":"https:\/\/repliquemangacine.fr\/#website","url":"https:\/\/repliquemangacine.fr\/","name":"R\u00e9plique Manga Cin\u00e9","description":"","publisher":{"@id":"https:\/\/repliquemangacine.fr\/#organization"},"potentialAction":[{"@type":"SearchAction","target":{"@type":"EntryPoint","urlTemplate":"https:\/\/repliquemangacine.fr\/?s={search_term_string}"},"query-input":{"@type":"PropertyValueSpecification","valueRequired":true,"valueName":"search_term_string"}}],"inLanguage":"de"},{"@type":"Organization","@id":"https:\/\/repliquemangacine.fr\/#organization","name":"R\u00e9plique Manga Cin\u00e9","url":"https:\/\/repliquemangacine.fr\/","logo":{"@type":"ImageObject","inLanguage":"de","@id":"https:\/\/repliquemangacine.fr\/#\/schema\/logo\/image\/","url":"https:\/\/repliquemangacine.fr\/wp-content\/uploads\/2023\/10\/RMC-500250.png","contentUrl":"https:\/\/repliquemangacine.fr\/wp-content\/uploads\/2023\/10\/RMC-500250.png","width":500,"height":250,"caption":"R\u00e9plique Manga Cin\u00e9"},"image":{"@id":"https:\/\/repliquemangacine.fr\/#\/schema\/logo\/image\/"},"sameAs":["https:\/\/www.facebook.com\/RepliqueMangaCine","https:\/\/www.instagram.com\/repliquemangacine.fr\/"]}]}},"_links":{"self":[{"href":"https:\/\/repliquemangacine.fr\/de\/wp-json\/wp\/v2\/product\/41442","targetHints":{"allow":["GET"]}}],"collection":[{"href":"https:\/\/repliquemangacine.fr\/de\/wp-json\/wp\/v2\/product"}],"about":[{"href":"https:\/\/repliquemangacine.fr\/de\/wp-json\/wp\/v2\/types\/product"}],"wp:featuredmedia":[{"embeddable":true,"href":"https:\/\/repliquemangacine.fr\/de\/wp-json\/wp\/v2\/media\/41443"}],"wp:attachment":[{"href":"https:\/\/repliquemangacine.fr\/de\/wp-json\/wp\/v2\/media?parent=41442"}],"wp:term":[{"taxonomy":"product_brand","embeddable":true,"href":"https:\/\/repliquemangacine.fr\/de\/wp-json\/wp\/v2\/product_brand?post=41442"},{"taxonomy":"product_cat","embeddable":true,"href":"https:\/\/repliquemangacine.fr\/de\/wp-json\/wp\/v2\/product_cat?post=41442"},{"taxonomy":"product_tag","embeddable":true,"href":"https:\/\/repliquemangacine.fr\/de\/wp-json\/wp\/v2\/product_tag?post=41442"}],"curies":[{"name":"wp","href":"https:\/\/api.w.org\/{rel}","templated":true}]}}