





{"id":41432,"date":"2021-07-22T15:04:36","date_gmt":"2021-07-22T13:04:36","guid":{"rendered":"https:\/\/repliquemangacine.fr\/?post_type=product&#038;p=41432"},"modified":"2026-01-14T00:42:30","modified_gmt":"2026-01-13T23:42:30","slug":"koffer-figurine-frostmourne-et-socle-arthas","status":"publish","type":"product","link":"https:\/\/repliquemangacine.fr\/de\/goodies\/coffret-figurine-frostmourne-et-socle-arthas\/","title":{"rendered":"Set Figurine Frostmourne und Sockel"},"content":{"rendered":"<h2>Set Figurine Frostmourne mit Sockel.<\/h2>\n<p>Zun\u00e4chst einmal ist dieses Frostmourne Figurenset von der zweiten Erweiterung von Wow: Wrath of the Lich King inspiriert, die am 13. November 2008 ver\u00f6ffentlicht wurde.<\/p>\n<p>Die Macht der <a href=\"https:\/\/wowwiki.fandom.com\/fr\/wiki\/Deuillegivre\" target=\"_blank\" rel=\"noopener noreferrer\">Frostmourne<\/a> erm\u00f6glicht es Arthas, w\u00e4hrend der K\u00e4mpfe Seelen einzufangen, um immer m\u00e4chtiger und gef\u00e4hrlicher zu werden.<\/p>\n<p>Andererseits zerfrisst die Klinge die Seele ihres Tr\u00e4gers, insbesondere durch die telepathische Verbindung mit dem Erlk\u00f6nig, was sich durch ein st\u00e4ndiges Fl\u00fcstern auszeichnet, das zum Wahnsinn f\u00fchrt. Sie ist au\u00dferdem verzaubert, ihr Metall ist extrem leicht und ihre Kraft entspricht der der schwersten Waffen.<\/p>\n<p>Deuillegivre, legend\u00e4re Waffe, ist das Runenschwert des Todesritters Arthas Menethil.<\/p>\n<h2>Ihr Frostmourne Figuren-Set zum besten Preis.<\/h2>\n<p>Wir bieten Ihnen eine gro\u00dfe Auswahl an Schwertern aus der Welt von World of Warcraft.<\/p>\n<p>Zun\u00e4chst einmal,<\/p>\n<ul>\n<li>Die beeindruckenden <a href=\"https:\/\/repliquemangacine.fr\/de\/schwerter-world-of-warcraft\/zwillingsklingen-von-azzinoth-legendares-schwert-von-illidan\/\">Zwillingsklingen von Azzintoh<\/a> legend\u00e4ren Waffen von Illidan.<\/li>\n<li>Es gibt auch das legend\u00e4re Schwert des Paladins Alexandros Mograine den Ashbringer<\/li>\n<li>Ebenso wie die Zweihandaxt, die Shadowmourne von K\u00f6nig Arthas.<\/li>\n<li>Und noch viel mehr gibt es in unserem Online-Shop zu entdecken!<\/li>\n<\/ul>\n<p>Deshalb ist dies eine tolle Geschenkidee f\u00fcr WoW-Fans<\/p>\n<p>Abschlie\u00dfend k\u00f6nnen Sie den <strong>Set Figurine Frostmourne<\/strong> im allt\u00e4glichen Leben. Vor allem aber ist es ein Sammler- und Dekorationsst\u00fcck.<\/p>\n<h2>Wie pflegt man die Klinge seines World of Warcraft-Schwerts?<\/h2>\n<p>Katanas f\u00fcr Sammlungen und Dekorationen werden auf vereinfachte Weise hergestellt und zusammengebaut. Da sie zu Dekorationszwecken verwendet werden, fehlen ihnen die Sicherheitsmerkmale, die ein japanisches Schwert f\u00fcr Trainingszwecke aufweisen muss.<\/p>\n<p>Allerdings hat Ihr Figurenset Frostmourne keine Stahlklinge, sodass Sie sie nicht pflegen m\u00fcssen, damit sie nicht mit der Zeit abgenutzt wird. Wenn Sie Ihr Katana ausstellen, werden Ihre Freunde neugierig sein, die Klinge zu sehen und sie zu ber\u00fchren. Hier ist Vorsicht geboten, denn Sie m\u00fcssen wissen, dass die S\u00e4ure der Finger dem Stahl sehr schadet, egal wie gut er ist.<\/p>\n<p>Wenn dies jedoch passiert, keine Panik, Sie brauchen nur ein Tuch, das mit etwas \u00d6l befeuchtet ist, und wischen die Fingerabdr\u00fccke ab. Wenn Sie dies tun, werden Sie Ihr Schwert sehr lange behalten.<\/p>","protected":false},"excerpt":{"rendered":"<p>Absolut gro\u00dfartig f\u00fcr alle Wow-Liebhaber!<\/p>\n<ul>\n<li>Der leuchtende Sockel imitiert einen Eisblock aus Kunstharz (Batterie im Lieferumfang enthalten).<\/li>\n<li>Frostmourne aus geformtem ABS mit einer Gesamtl\u00e4nge von 17 cm.<\/li>\n<li>Sammler-Vitrinenbox in den Farben von Wow.<\/li>\n<li>H\u00f6he Sockel+Figur: 29cm - Gewicht der Box: 500 grs<\/li>\n<\/ul>","protected":false},"featured_media":41433,"template":"","meta":[],"product_brand":[896],"product_cat":[98,94,23,101,60],"product_tag":[],"class_list":{"0":"post-41432","1":"product","2":"type-product","3":"status-publish","4":"has-post-thumbnail","6":"product_brand-replique-manga-cine","7":"product_cat-divers-goodies","8":"product_cat-goodies","9":"product_cat-repliques-manga-jeux-video","10":"product_cat-soldes","11":"product_cat-epees-world-of-warcraft","13":"first","14":"instock","15":"sale","16":"taxable","17":"shipping-taxable","18":"purchasable","19":"product-type-simple"},"yoast_head":"<!-- This site is optimized with the Yoast SEO plugin v27.5 - https:\/\/yoast.com\/product\/yoast-seo-wordpress\/ -->\n<title>Coffret Figurine Frostmourne et socle - Boutique en ligne - RMC<\/title>\n<meta name=\"description\" content=\"Offrez-vous ce superbe coffret figurine Frostmourne au meilleur prix. Socle lumineux en r\u00e9sine - Hauteur : 29cm - Coffret vitrine Collector - Envoi 24\/48h\" \/>\n<meta name=\"robots\" content=\"index, follow, max-snippet:-1, max-image-preview:large, max-video-preview:-1\" \/>\n<link rel=\"canonical\" href=\"https:\/\/repliquemangacine.fr\/de\/goodies\/koffer-figurine-frostmourne-et-socle-arthas\/\" \/>\n<meta property=\"og:locale\" content=\"de_DE\" \/>\n<meta property=\"og:type\" content=\"article\" \/>\n<meta property=\"og:title\" content=\"Coffret Figurine Frostmourne et socle - Boutique en ligne - RMC\" \/>\n<meta property=\"og:description\" content=\"Offrez-vous ce superbe coffret figurine Frostmourne au meilleur prix. Socle lumineux en r\u00e9sine - Hauteur : 29cm - Coffret vitrine Collector - Envoi 24\/48h\" \/>\n<meta property=\"og:url\" content=\"https:\/\/repliquemangacine.fr\/de\/goodies\/koffer-figurine-frostmourne-et-socle-arthas\/\" \/>\n<meta property=\"og:site_name\" content=\"R\u00e9plique Manga Cin\u00e9\" \/>\n<meta property=\"article:publisher\" content=\"https:\/\/www.facebook.com\/RepliqueMangaCine\" \/>\n<meta property=\"article:modified_time\" content=\"2026-01-13T23:42:30+00:00\" \/>\n<meta property=\"og:image\" content=\"https:\/\/repliquemangacine.fr\/wp-content\/uploads\/2023\/10\/wow-4.jpg\" \/>\n\t<meta property=\"og:image:width\" content=\"800\" \/>\n\t<meta property=\"og:image:height\" content=\"800\" \/>\n\t<meta property=\"og:image:type\" content=\"image\/jpeg\" \/>\n<meta name=\"twitter:card\" content=\"summary_large_image\" \/>\n<meta name=\"twitter:label1\" content=\"Gesch\u00e4tzte Lesezeit\" \/>\n\t<meta name=\"twitter:data1\" content=\"3\u00a0Minuten\" \/>\n<script type=\"application\/ld+json\" class=\"yoast-schema-graph\">{\"@context\":\"https:\\\/\\\/schema.org\",\"@graph\":[{\"@type\":\"WebPage\",\"@id\":\"https:\\\/\\\/repliquemangacine.fr\\\/goodies\\\/coffret-figurine-frostmourne-et-socle-arthas\\\/\",\"url\":\"https:\\\/\\\/repliquemangacine.fr\\\/goodies\\\/coffret-figurine-frostmourne-et-socle-arthas\\\/\",\"name\":\"Coffret Figurine Frostmourne et socle - Boutique en ligne - RMC\",\"isPartOf\":{\"@id\":\"https:\\\/\\\/repliquemangacine.fr\\\/#website\"},\"primaryImageOfPage\":{\"@id\":\"https:\\\/\\\/repliquemangacine.fr\\\/goodies\\\/coffret-figurine-frostmourne-et-socle-arthas\\\/#primaryimage\"},\"image\":{\"@id\":\"https:\\\/\\\/repliquemangacine.fr\\\/goodies\\\/coffret-figurine-frostmourne-et-socle-arthas\\\/#primaryimage\"},\"thumbnailUrl\":\"https:\\\/\\\/repliquemangacine.fr\\\/wp-content\\\/uploads\\\/2023\\\/10\\\/wow-4.jpg\",\"datePublished\":\"2021-07-22T13:04:36+00:00\",\"dateModified\":\"2026-01-13T23:42:30+00:00\",\"description\":\"Offrez-vous ce superbe coffret figurine Frostmourne au meilleur prix. Socle lumineux en r\u00e9sine - Hauteur : 29cm - Coffret vitrine Collector - Envoi 24\\\/48h\",\"breadcrumb\":{\"@id\":\"https:\\\/\\\/repliquemangacine.fr\\\/goodies\\\/coffret-figurine-frostmourne-et-socle-arthas\\\/#breadcrumb\"},\"inLanguage\":\"de\",\"potentialAction\":[{\"@type\":\"ReadAction\",\"target\":[\"https:\\\/\\\/repliquemangacine.fr\\\/goodies\\\/coffret-figurine-frostmourne-et-socle-arthas\\\/\"]}]},{\"@type\":\"ImageObject\",\"inLanguage\":\"de\",\"@id\":\"https:\\\/\\\/repliquemangacine.fr\\\/goodies\\\/coffret-figurine-frostmourne-et-socle-arthas\\\/#primaryimage\",\"url\":\"https:\\\/\\\/repliquemangacine.fr\\\/wp-content\\\/uploads\\\/2023\\\/10\\\/wow-4.jpg\",\"contentUrl\":\"https:\\\/\\\/repliquemangacine.fr\\\/wp-content\\\/uploads\\\/2023\\\/10\\\/wow-4.jpg\",\"width\":800,\"height\":800,\"caption\":\"Coffret figurine Frostmourne World of Warcraft\"},{\"@type\":\"BreadcrumbList\",\"@id\":\"https:\\\/\\\/repliquemangacine.fr\\\/goodies\\\/coffret-figurine-frostmourne-et-socle-arthas\\\/#breadcrumb\",\"itemListElement\":[{\"@type\":\"ListItem\",\"position\":1,\"name\":\"Accueil\",\"item\":\"https:\\\/\\\/repliquemangacine.fr\\\/\"},{\"@type\":\"ListItem\",\"position\":2,\"name\":\"Produits\",\"item\":\"https:\\\/\\\/repliquemangacine.fr\\\/boutique\\\/\"},{\"@type\":\"ListItem\",\"position\":3,\"name\":\"Coffret Figurine Frostmourne et socle\"}]},{\"@type\":\"WebSite\",\"@id\":\"https:\\\/\\\/repliquemangacine.fr\\\/#website\",\"url\":\"https:\\\/\\\/repliquemangacine.fr\\\/\",\"name\":\"R\u00e9plique Manga Cin\u00e9\",\"description\":\"\",\"publisher\":{\"@id\":\"https:\\\/\\\/repliquemangacine.fr\\\/#organization\"},\"potentialAction\":[{\"@type\":\"SearchAction\",\"target\":{\"@type\":\"EntryPoint\",\"urlTemplate\":\"https:\\\/\\\/repliquemangacine.fr\\\/?s={search_term_string}\"},\"query-input\":{\"@type\":\"PropertyValueSpecification\",\"valueRequired\":true,\"valueName\":\"search_term_string\"}}],\"inLanguage\":\"de\"},{\"@type\":\"Organization\",\"@id\":\"https:\\\/\\\/repliquemangacine.fr\\\/#organization\",\"name\":\"R\u00e9plique Manga Cin\u00e9\",\"url\":\"https:\\\/\\\/repliquemangacine.fr\\\/\",\"logo\":{\"@type\":\"ImageObject\",\"inLanguage\":\"de\",\"@id\":\"https:\\\/\\\/repliquemangacine.fr\\\/#\\\/schema\\\/logo\\\/image\\\/\",\"url\":\"https:\\\/\\\/repliquemangacine.fr\\\/wp-content\\\/uploads\\\/2023\\\/10\\\/RMC-500250.png\",\"contentUrl\":\"https:\\\/\\\/repliquemangacine.fr\\\/wp-content\\\/uploads\\\/2023\\\/10\\\/RMC-500250.png\",\"width\":500,\"height\":250,\"caption\":\"R\u00e9plique Manga Cin\u00e9\"},\"image\":{\"@id\":\"https:\\\/\\\/repliquemangacine.fr\\\/#\\\/schema\\\/logo\\\/image\\\/\"},\"sameAs\":[\"https:\\\/\\\/www.facebook.com\\\/RepliqueMangaCine\",\"https:\\\/\\\/www.instagram.com\\\/repliquemangacine.fr\\\/\"]}]}<\/script>\n<!-- \/ Yoast SEO plugin. -->","yoast_head_json":{"title":"Set Frostmourne Figurine und Sockel - Online-Shop - RMC","description":"G\u00f6nnen Sie sich diese wundersch\u00f6ne Frostmourne Figurenbox zum besten Preis. Leuchtender Sockel aus Kunstharz - H\u00f6he: 29cm - Collector's Vitrine Box - Versand 24\/48h","robots":{"index":"index","follow":"follow","max-snippet":"max-snippet:-1","max-image-preview":"max-image-preview:large","max-video-preview":"max-video-preview:-1"},"canonical":"https:\/\/repliquemangacine.fr\/de\/goodies\/koffer-figurine-frostmourne-et-socle-arthas\/","og_locale":"de_DE","og_type":"article","og_title":"Coffret Figurine Frostmourne et socle - Boutique en ligne - RMC","og_description":"Offrez-vous ce superbe coffret figurine Frostmourne au meilleur prix. Socle lumineux en r\u00e9sine - Hauteur : 29cm - Coffret vitrine Collector - Envoi 24\/48h","og_url":"https:\/\/repliquemangacine.fr\/de\/goodies\/koffer-figurine-frostmourne-et-socle-arthas\/","og_site_name":"R\u00e9plique Manga Cin\u00e9","article_publisher":"https:\/\/www.facebook.com\/RepliqueMangaCine","article_modified_time":"2026-01-13T23:42:30+00:00","og_image":[{"width":800,"height":800,"url":"https:\/\/repliquemangacine.fr\/wp-content\/uploads\/2023\/10\/wow-4.jpg","type":"image\/jpeg"}],"twitter_card":"summary_large_image","twitter_misc":{"Gesch\u00e4tzte Lesezeit":"3\u00a0Minuten"},"schema":{"@context":"https:\/\/schema.org","@graph":[{"@type":"WebPage","@id":"https:\/\/repliquemangacine.fr\/goodies\/coffret-figurine-frostmourne-et-socle-arthas\/","url":"https:\/\/repliquemangacine.fr\/goodies\/coffret-figurine-frostmourne-et-socle-arthas\/","name":"Set Frostmourne Figurine und Sockel - Online-Shop - RMC","isPartOf":{"@id":"https:\/\/repliquemangacine.fr\/#website"},"primaryImageOfPage":{"@id":"https:\/\/repliquemangacine.fr\/goodies\/coffret-figurine-frostmourne-et-socle-arthas\/#primaryimage"},"image":{"@id":"https:\/\/repliquemangacine.fr\/goodies\/coffret-figurine-frostmourne-et-socle-arthas\/#primaryimage"},"thumbnailUrl":"https:\/\/repliquemangacine.fr\/wp-content\/uploads\/2023\/10\/wow-4.jpg","datePublished":"2021-07-22T13:04:36+00:00","dateModified":"2026-01-13T23:42:30+00:00","description":"G\u00f6nnen Sie sich diese wundersch\u00f6ne Frostmourne Figurenbox zum besten Preis. Leuchtender Sockel aus Kunstharz - H\u00f6he: 29cm - Collector's Vitrine Box - Versand 24\/48h","breadcrumb":{"@id":"https:\/\/repliquemangacine.fr\/goodies\/coffret-figurine-frostmourne-et-socle-arthas\/#breadcrumb"},"inLanguage":"de","potentialAction":[{"@type":"ReadAction","target":["https:\/\/repliquemangacine.fr\/goodies\/coffret-figurine-frostmourne-et-socle-arthas\/"]}]},{"@type":"ImageObject","inLanguage":"de","@id":"https:\/\/repliquemangacine.fr\/goodies\/coffret-figurine-frostmourne-et-socle-arthas\/#primaryimage","url":"https:\/\/repliquemangacine.fr\/wp-content\/uploads\/2023\/10\/wow-4.jpg","contentUrl":"https:\/\/repliquemangacine.fr\/wp-content\/uploads\/2023\/10\/wow-4.jpg","width":800,"height":800,"caption":"Coffret figurine Frostmourne World of Warcraft"},{"@type":"BreadcrumbList","@id":"https:\/\/repliquemangacine.fr\/goodies\/coffret-figurine-frostmourne-et-socle-arthas\/#breadcrumb","itemListElement":[{"@type":"ListItem","position":1,"name":"Accueil","item":"https:\/\/repliquemangacine.fr\/"},{"@type":"ListItem","position":2,"name":"Produits","item":"https:\/\/repliquemangacine.fr\/boutique\/"},{"@type":"ListItem","position":3,"name":"Coffret Figurine Frostmourne et socle"}]},{"@type":"WebSite","@id":"https:\/\/repliquemangacine.fr\/#website","url":"https:\/\/repliquemangacine.fr\/","name":"R\u00e9plique Manga Cin\u00e9","description":"","publisher":{"@id":"https:\/\/repliquemangacine.fr\/#organization"},"potentialAction":[{"@type":"SearchAction","target":{"@type":"EntryPoint","urlTemplate":"https:\/\/repliquemangacine.fr\/?s={search_term_string}"},"query-input":{"@type":"PropertyValueSpecification","valueRequired":true,"valueName":"search_term_string"}}],"inLanguage":"de"},{"@type":"Organization","@id":"https:\/\/repliquemangacine.fr\/#organization","name":"R\u00e9plique Manga Cin\u00e9","url":"https:\/\/repliquemangacine.fr\/","logo":{"@type":"ImageObject","inLanguage":"de","@id":"https:\/\/repliquemangacine.fr\/#\/schema\/logo\/image\/","url":"https:\/\/repliquemangacine.fr\/wp-content\/uploads\/2023\/10\/RMC-500250.png","contentUrl":"https:\/\/repliquemangacine.fr\/wp-content\/uploads\/2023\/10\/RMC-500250.png","width":500,"height":250,"caption":"R\u00e9plique Manga Cin\u00e9"},"image":{"@id":"https:\/\/repliquemangacine.fr\/#\/schema\/logo\/image\/"},"sameAs":["https:\/\/www.facebook.com\/RepliqueMangaCine","https:\/\/www.instagram.com\/repliquemangacine.fr\/"]}]}},"_links":{"self":[{"href":"https:\/\/repliquemangacine.fr\/de\/wp-json\/wp\/v2\/product\/41432","targetHints":{"allow":["GET"]}}],"collection":[{"href":"https:\/\/repliquemangacine.fr\/de\/wp-json\/wp\/v2\/product"}],"about":[{"href":"https:\/\/repliquemangacine.fr\/de\/wp-json\/wp\/v2\/types\/product"}],"wp:featuredmedia":[{"embeddable":true,"href":"https:\/\/repliquemangacine.fr\/de\/wp-json\/wp\/v2\/media\/41433"}],"wp:attachment":[{"href":"https:\/\/repliquemangacine.fr\/de\/wp-json\/wp\/v2\/media?parent=41432"}],"wp:term":[{"taxonomy":"product_brand","embeddable":true,"href":"https:\/\/repliquemangacine.fr\/de\/wp-json\/wp\/v2\/product_brand?post=41432"},{"taxonomy":"product_cat","embeddable":true,"href":"https:\/\/repliquemangacine.fr\/de\/wp-json\/wp\/v2\/product_cat?post=41432"},{"taxonomy":"product_tag","embeddable":true,"href":"https:\/\/repliquemangacine.fr\/de\/wp-json\/wp\/v2\/product_tag?post=41432"}],"curies":[{"name":"wp","href":"https:\/\/api.w.org\/{rel}","templated":true}]}}