





{"id":41410,"date":"2021-07-21T18:56:13","date_gmt":"2021-07-21T16:56:13","guid":{"rendered":"https:\/\/repliquemangacine.fr\/?post_type=product&#038;p=41410"},"modified":"2025-09-23T18:02:37","modified_gmt":"2025-09-23T16:02:37","slug":"schlusselanhanger-stormbreaker-von-thor","status":"publish","type":"product","link":"https:\/\/repliquemangacine.fr\/de\/porte-cles-goodies\/porte-cles-stormbreaker-de-thor\/","title":{"rendered":"Thors Schl\u00fcsselanh\u00e4nger Stormbreaker"},"content":{"rendered":"<h2>Replica Schl\u00fcsselanh\u00e4nger Stormbreaker von Thor aus Metall.<\/h2>\n<p>Der Schl\u00fcsselanh\u00e4nger Stormbreaker von <a href=\"https:\/\/universcinematographiquemarvel.fandom.com\/fr\/wiki\/Thor_Odinson\">Thor<\/a>Dieser Axtkasten ist aus Metall gefertigt.<\/p>\n<p>Stormbreaker ist eine verzauberte Axt aus zwergischer Herstellung, die aus Uru auf Nidavellir geschmiedet wurde und die F\u00e4higkeit besitzt, den Bifr\u00f6st zu beschw\u00f6ren. Nach der Zerst\u00f6rung von Mj\u00f8lnir wurde die Waffe von Thor benutzt.<\/p>\n<p>Der Stormbreaker ist im Film Avengers, Infinity War zu sehen. Aber auch im letzten Film Thor: Love And Thunder.<\/p>\n<p>Stormbreaker ist in der Lage, Thors Kr\u00e4fte zu b\u00fcndeln und zu verst\u00e4rken. Aufgrund seiner Zusammensetzung aus Uru ist die Waffe nahezu unzerst\u00f6rbar und in der Lage, den von den Infinity-Steinen erzeugten Energieexplosionen zu widerstehen. Sie ist au\u00dferdem in der Lage, Dimensionsenergie zu kanalisieren und den Bifr\u00f6st zu beschw\u00f6ren, wodurch sich Thor, Rocket Raccoon und Groot nach Wakanda teleportieren konnten.<\/p>\n<p>Wie Mj\u00f8lnir vor ihm wird auch Stormbreaker in Thors Hand zur\u00fcckkehren, wenn er beschworen wird, und seine Gegner mit massiver Kraft treffen. Er kann mit einer blauen Flamme aus einer anderen Welt leuchten, die vor Elektrizit\u00e4t knistert, und scheint die F\u00e4higkeit zu haben, auf ein Ziel zuzusteuern, wenn Thor es will. Au\u00dferdem erm\u00f6glicht die Waffe dem Benutzer, m\u00fchelos zu fliegen, w\u00e4hrend er sie benutzt, im Gegensatz zu Mj\u00f8lnir, bei dem der Benutzer die Waffe mit hoher Geschwindigkeit drehen musste, um sie vom Boden abzuheben.<\/p>\n<p>Aufgrund seiner gr\u00f6\u00dferen Gr\u00f6\u00dfe und Masse, die sowohl die Klinge einer Axt als auch den Kopf eines Hammers in ihrer Konstruktion hat, sowie einem verl\u00e4ngerten Griff, der es erm\u00f6glicht, die Waffe mit zwei H\u00e4nden zu f\u00fchren, ist es eine deutlich st\u00e4rkere Nahkampfwaffe als Mj\u00f8lnir. Eitri ging sogar so weit zu sagen, dass Sturmbreaker die m\u00e4chtigste Waffe in der Geschichte Asgards sein soll.<\/p>\n<h3>Wir bieten Ihnen eine gro\u00dfe Auswahl an Repliken Ihrer Superhelden aus dem Marvel-Universum.<\/h3>\n<p>Zun\u00e4chst einmal,<\/p>\n<ul>\n<li>Die <a href=\"https:\/\/repliquemangacine.fr\/de\/superheld\/schlusselanhanger-schild-captain-america\/\">Schl\u00fcsselanh\u00e4nger f\u00fcr Captain Americas Schild<\/a> inoffiziell.<\/li>\n<li>Es gibt auch den <a href=\"https:\/\/repliquemangacine.fr\/de\/superheld\/koffer-marvel-avengers-set-11-pieces\/\">Marvel Collector's Box<\/a> aus 11 Teilen.<\/li>\n<li>Sowie das Original <a href=\"https:\/\/repliquemangacine.fr\/de\/superheld\/tasse-handschuh-von-thanos-marvel\/\">Tasse Tasse des Handschuhs von Thanos<\/a> in Avengers Endgame.<\/li>\n<li>Und noch viel mehr!<\/li>\n<\/ul>\n<p>Hier ist eine tolle Geschenkidee f\u00fcr alle Marvel-Fans.<\/p>\n<h3>Sie k\u00f6nnen auch diesen Schl\u00fcsselanh\u00e4nger Stormbreaker von Thor f\u00fcr Ihre Schl\u00fcssel verwenden.<\/h3>\n<p>Vor allem ist dieser Schl\u00fcsselanh\u00e4nger, auch ein Sammlerst\u00fcck.<\/p>\n<p>Guter Besuch f\u00fcr alle<\/p>\n<p>R\u00e9plique Manga Cin\u00e9 ist ein franz\u00f6sisches Familienunternehmen.<\/p>","protected":false},"excerpt":{"rendered":"<p>Wundersch\u00f6ner Schl\u00fcsselanh\u00e4nger mit der Darstellung des Axthammers, dem Stormbreaker, den Thor in den Avengers verwendet.<\/p>\n<ul>\n<li>Ganz aus gealtertem Metall in Bronzeoptik, makellose Verarbeitung.<\/li>\n<li>Ring ganz aus Vollstahl mit einem Durchmesser von 3 cm.<\/li>\n<li>Wird in einem Vitrinenblister mit dem Bild der Avengers geliefert<\/li>\n<li>Ein Muss f\u00fcr alle Fans des Marvel-Universums!<\/li>\n<li>L\u00e4nge des Hammers: 6 cm - Gesamtl\u00e4nge mit Ring: 12 cm - Gewicht: 15 g<\/li>\n<\/ul>","protected":false},"featured_media":41411,"template":"","meta":[],"product_brand":[896],"product_cat":[24,94,96,101,59],"product_tag":[],"class_list":{"0":"post-41410","1":"product","2":"type-product","3":"status-publish","4":"has-post-thumbnail","6":"product_brand-replique-manga-cine","7":"product_cat-films-series-tv-vente-de-katana-epee-et-produits-derives","8":"product_cat-goodies","9":"product_cat-porte-cles-goodies","10":"product_cat-soldes","11":"product_cat-super-heros-marvel","13":"first","14":"instock","15":"sale","16":"taxable","17":"shipping-taxable","18":"purchasable","19":"product-type-simple"},"yoast_head":"<!-- This site is optimized with the Yoast SEO plugin v27.5 - https:\/\/yoast.com\/product\/yoast-seo-wordpress\/ -->\n<title>Porte cl\u00e9s Stormbreaker de Thor-Avengers - R\u00e9plique Manga Cin\u00e9<\/title>\n<meta name=\"description\" content=\"Porte cl\u00e9s Stormbreaker utilis\u00e9 par Thor dans les Avengers. Les fans de l&#039;univers Marvel vont \u00eatre ravis ! Un cadeau utile\" \/>\n<meta name=\"robots\" content=\"index, follow, max-snippet:-1, max-image-preview:large, max-video-preview:-1\" \/>\n<link rel=\"canonical\" href=\"https:\/\/repliquemangacine.fr\/de\/ausverkauf\/schlusselanhanger-stormbreaker-von-thor\/\" \/>\n<meta property=\"og:locale\" content=\"de_DE\" \/>\n<meta property=\"og:type\" content=\"article\" \/>\n<meta property=\"og:title\" content=\"Porte cl\u00e9s Stormbreaker de Thor-Avengers - R\u00e9plique Manga Cin\u00e9\" \/>\n<meta property=\"og:description\" content=\"Porte cl\u00e9s Stormbreaker utilis\u00e9 par Thor dans les Avengers. Les fans de l&#039;univers Marvel vont \u00eatre ravis ! Un cadeau utile\" \/>\n<meta property=\"og:url\" content=\"https:\/\/repliquemangacine.fr\/de\/ausverkauf\/schlusselanhanger-stormbreaker-von-thor\/\" \/>\n<meta property=\"og:site_name\" content=\"R\u00e9plique Manga Cin\u00e9\" \/>\n<meta property=\"article:publisher\" content=\"https:\/\/www.facebook.com\/RepliqueMangaCine\" \/>\n<meta property=\"article:modified_time\" content=\"2025-09-23T16:02:37+00:00\" \/>\n<meta property=\"og:image\" content=\"https:\/\/repliquemangacine.fr\/wp-content\/uploads\/2023\/10\/porte-cles-marteau-hache.jpg\" \/>\n\t<meta property=\"og:image:width\" content=\"800\" \/>\n\t<meta property=\"og:image:height\" content=\"800\" \/>\n\t<meta property=\"og:image:type\" content=\"image\/jpeg\" \/>\n<meta name=\"twitter:card\" content=\"summary_large_image\" \/>\n<meta name=\"twitter:label1\" content=\"Gesch\u00e4tzte Lesezeit\" \/>\n\t<meta name=\"twitter:data1\" content=\"1\u00a0Minute\" \/>\n<script type=\"application\/ld+json\" class=\"yoast-schema-graph\">{\"@context\":\"https:\\\/\\\/schema.org\",\"@graph\":[{\"@type\":\"WebPage\",\"@id\":\"https:\\\/\\\/repliquemangacine.fr\\\/soldes\\\/porte-cles-stormbreaker-de-thor\\\/\",\"url\":\"https:\\\/\\\/repliquemangacine.fr\\\/soldes\\\/porte-cles-stormbreaker-de-thor\\\/\",\"name\":\"Porte cl\u00e9s Stormbreaker de Thor-Avengers - R\u00e9plique Manga Cin\u00e9\",\"isPartOf\":{\"@id\":\"https:\\\/\\\/repliquemangacine.fr\\\/#website\"},\"primaryImageOfPage\":{\"@id\":\"https:\\\/\\\/repliquemangacine.fr\\\/soldes\\\/porte-cles-stormbreaker-de-thor\\\/#primaryimage\"},\"image\":{\"@id\":\"https:\\\/\\\/repliquemangacine.fr\\\/soldes\\\/porte-cles-stormbreaker-de-thor\\\/#primaryimage\"},\"thumbnailUrl\":\"https:\\\/\\\/repliquemangacine.fr\\\/wp-content\\\/uploads\\\/2023\\\/10\\\/porte-cles-marteau-hache.jpg\",\"datePublished\":\"2021-07-21T16:56:13+00:00\",\"dateModified\":\"2025-09-23T16:02:37+00:00\",\"description\":\"Porte cl\u00e9s Stormbreaker utilis\u00e9 par Thor dans les Avengers. Les fans de l'univers Marvel vont \u00eatre ravis ! Un cadeau utile\",\"breadcrumb\":{\"@id\":\"https:\\\/\\\/repliquemangacine.fr\\\/soldes\\\/porte-cles-stormbreaker-de-thor\\\/#breadcrumb\"},\"inLanguage\":\"de\",\"potentialAction\":[{\"@type\":\"ReadAction\",\"target\":[\"https:\\\/\\\/repliquemangacine.fr\\\/soldes\\\/porte-cles-stormbreaker-de-thor\\\/\"]}]},{\"@type\":\"ImageObject\",\"inLanguage\":\"de\",\"@id\":\"https:\\\/\\\/repliquemangacine.fr\\\/soldes\\\/porte-cles-stormbreaker-de-thor\\\/#primaryimage\",\"url\":\"https:\\\/\\\/repliquemangacine.fr\\\/wp-content\\\/uploads\\\/2023\\\/10\\\/porte-cles-marteau-hache.jpg\",\"contentUrl\":\"https:\\\/\\\/repliquemangacine.fr\\\/wp-content\\\/uploads\\\/2023\\\/10\\\/porte-cles-marteau-hache.jpg\",\"width\":800,\"height\":800,\"caption\":\"Porte cl\u00e9s Stormbreaker - Thor\"},{\"@type\":\"BreadcrumbList\",\"@id\":\"https:\\\/\\\/repliquemangacine.fr\\\/soldes\\\/porte-cles-stormbreaker-de-thor\\\/#breadcrumb\",\"itemListElement\":[{\"@type\":\"ListItem\",\"position\":1,\"name\":\"Accueil\",\"item\":\"https:\\\/\\\/repliquemangacine.fr\\\/\"},{\"@type\":\"ListItem\",\"position\":2,\"name\":\"Produits\",\"item\":\"https:\\\/\\\/repliquemangacine.fr\\\/boutique\\\/\"},{\"@type\":\"ListItem\",\"position\":3,\"name\":\"Porte cl\u00e9s Stormbreaker de Thor\"}]},{\"@type\":\"WebSite\",\"@id\":\"https:\\\/\\\/repliquemangacine.fr\\\/#website\",\"url\":\"https:\\\/\\\/repliquemangacine.fr\\\/\",\"name\":\"R\u00e9plique Manga Cin\u00e9\",\"description\":\"\",\"publisher\":{\"@id\":\"https:\\\/\\\/repliquemangacine.fr\\\/#organization\"},\"potentialAction\":[{\"@type\":\"SearchAction\",\"target\":{\"@type\":\"EntryPoint\",\"urlTemplate\":\"https:\\\/\\\/repliquemangacine.fr\\\/?s={search_term_string}\"},\"query-input\":{\"@type\":\"PropertyValueSpecification\",\"valueRequired\":true,\"valueName\":\"search_term_string\"}}],\"inLanguage\":\"de\"},{\"@type\":\"Organization\",\"@id\":\"https:\\\/\\\/repliquemangacine.fr\\\/#organization\",\"name\":\"R\u00e9plique Manga Cin\u00e9\",\"url\":\"https:\\\/\\\/repliquemangacine.fr\\\/\",\"logo\":{\"@type\":\"ImageObject\",\"inLanguage\":\"de\",\"@id\":\"https:\\\/\\\/repliquemangacine.fr\\\/#\\\/schema\\\/logo\\\/image\\\/\",\"url\":\"https:\\\/\\\/repliquemangacine.fr\\\/wp-content\\\/uploads\\\/2023\\\/10\\\/RMC-500250.png\",\"contentUrl\":\"https:\\\/\\\/repliquemangacine.fr\\\/wp-content\\\/uploads\\\/2023\\\/10\\\/RMC-500250.png\",\"width\":500,\"height\":250,\"caption\":\"R\u00e9plique Manga Cin\u00e9\"},\"image\":{\"@id\":\"https:\\\/\\\/repliquemangacine.fr\\\/#\\\/schema\\\/logo\\\/image\\\/\"},\"sameAs\":[\"https:\\\/\\\/www.facebook.com\\\/RepliqueMangaCine\",\"https:\\\/\\\/www.instagram.com\\\/repliquemangacine.fr\\\/\"]}]}<\/script>\n<!-- \/ Yoast SEO plugin. -->","yoast_head_json":{"title":"Schl\u00fcsselanh\u00e4nger Stormbreaker von Thor-Avengers - R\u00e9plique Manga Cin\u00e9","description":"Stormbreaker-Schl\u00fcsselanh\u00e4nger, der von Thor in \"The Avengers\" verwendet wird. Fans des Marvel-Universums werden begeistert sein! Ein n\u00fctzliches Geschenk","robots":{"index":"index","follow":"follow","max-snippet":"max-snippet:-1","max-image-preview":"max-image-preview:large","max-video-preview":"max-video-preview:-1"},"canonical":"https:\/\/repliquemangacine.fr\/de\/ausverkauf\/schlusselanhanger-stormbreaker-von-thor\/","og_locale":"de_DE","og_type":"article","og_title":"Porte cl\u00e9s Stormbreaker de Thor-Avengers - R\u00e9plique Manga Cin\u00e9","og_description":"Porte cl\u00e9s Stormbreaker utilis\u00e9 par Thor dans les Avengers. Les fans de l'univers Marvel vont \u00eatre ravis ! Un cadeau utile","og_url":"https:\/\/repliquemangacine.fr\/de\/ausverkauf\/schlusselanhanger-stormbreaker-von-thor\/","og_site_name":"R\u00e9plique Manga Cin\u00e9","article_publisher":"https:\/\/www.facebook.com\/RepliqueMangaCine","article_modified_time":"2025-09-23T16:02:37+00:00","og_image":[{"width":800,"height":800,"url":"https:\/\/repliquemangacine.fr\/wp-content\/uploads\/2023\/10\/porte-cles-marteau-hache.jpg","type":"image\/jpeg"}],"twitter_card":"summary_large_image","twitter_misc":{"Gesch\u00e4tzte Lesezeit":"1\u00a0Minute"},"schema":{"@context":"https:\/\/schema.org","@graph":[{"@type":"WebPage","@id":"https:\/\/repliquemangacine.fr\/soldes\/porte-cles-stormbreaker-de-thor\/","url":"https:\/\/repliquemangacine.fr\/soldes\/porte-cles-stormbreaker-de-thor\/","name":"Schl\u00fcsselanh\u00e4nger Stormbreaker von Thor-Avengers - R\u00e9plique Manga Cin\u00e9","isPartOf":{"@id":"https:\/\/repliquemangacine.fr\/#website"},"primaryImageOfPage":{"@id":"https:\/\/repliquemangacine.fr\/soldes\/porte-cles-stormbreaker-de-thor\/#primaryimage"},"image":{"@id":"https:\/\/repliquemangacine.fr\/soldes\/porte-cles-stormbreaker-de-thor\/#primaryimage"},"thumbnailUrl":"https:\/\/repliquemangacine.fr\/wp-content\/uploads\/2023\/10\/porte-cles-marteau-hache.jpg","datePublished":"2021-07-21T16:56:13+00:00","dateModified":"2025-09-23T16:02:37+00:00","description":"Stormbreaker-Schl\u00fcsselanh\u00e4nger, der von Thor in \"The Avengers\" verwendet wird. Fans des Marvel-Universums werden begeistert sein! Ein n\u00fctzliches Geschenk","breadcrumb":{"@id":"https:\/\/repliquemangacine.fr\/soldes\/porte-cles-stormbreaker-de-thor\/#breadcrumb"},"inLanguage":"de","potentialAction":[{"@type":"ReadAction","target":["https:\/\/repliquemangacine.fr\/soldes\/porte-cles-stormbreaker-de-thor\/"]}]},{"@type":"ImageObject","inLanguage":"de","@id":"https:\/\/repliquemangacine.fr\/soldes\/porte-cles-stormbreaker-de-thor\/#primaryimage","url":"https:\/\/repliquemangacine.fr\/wp-content\/uploads\/2023\/10\/porte-cles-marteau-hache.jpg","contentUrl":"https:\/\/repliquemangacine.fr\/wp-content\/uploads\/2023\/10\/porte-cles-marteau-hache.jpg","width":800,"height":800,"caption":"Porte cl\u00e9s Stormbreaker - Thor"},{"@type":"BreadcrumbList","@id":"https:\/\/repliquemangacine.fr\/soldes\/porte-cles-stormbreaker-de-thor\/#breadcrumb","itemListElement":[{"@type":"ListItem","position":1,"name":"Accueil","item":"https:\/\/repliquemangacine.fr\/"},{"@type":"ListItem","position":2,"name":"Produits","item":"https:\/\/repliquemangacine.fr\/boutique\/"},{"@type":"ListItem","position":3,"name":"Porte cl\u00e9s Stormbreaker de Thor"}]},{"@type":"WebSite","@id":"https:\/\/repliquemangacine.fr\/#website","url":"https:\/\/repliquemangacine.fr\/","name":"R\u00e9plique Manga Cin\u00e9","description":"","publisher":{"@id":"https:\/\/repliquemangacine.fr\/#organization"},"potentialAction":[{"@type":"SearchAction","target":{"@type":"EntryPoint","urlTemplate":"https:\/\/repliquemangacine.fr\/?s={search_term_string}"},"query-input":{"@type":"PropertyValueSpecification","valueRequired":true,"valueName":"search_term_string"}}],"inLanguage":"de"},{"@type":"Organization","@id":"https:\/\/repliquemangacine.fr\/#organization","name":"R\u00e9plique Manga Cin\u00e9","url":"https:\/\/repliquemangacine.fr\/","logo":{"@type":"ImageObject","inLanguage":"de","@id":"https:\/\/repliquemangacine.fr\/#\/schema\/logo\/image\/","url":"https:\/\/repliquemangacine.fr\/wp-content\/uploads\/2023\/10\/RMC-500250.png","contentUrl":"https:\/\/repliquemangacine.fr\/wp-content\/uploads\/2023\/10\/RMC-500250.png","width":500,"height":250,"caption":"R\u00e9plique Manga Cin\u00e9"},"image":{"@id":"https:\/\/repliquemangacine.fr\/#\/schema\/logo\/image\/"},"sameAs":["https:\/\/www.facebook.com\/RepliqueMangaCine","https:\/\/www.instagram.com\/repliquemangacine.fr\/"]}]}},"_links":{"self":[{"href":"https:\/\/repliquemangacine.fr\/de\/wp-json\/wp\/v2\/product\/41410","targetHints":{"allow":["GET"]}}],"collection":[{"href":"https:\/\/repliquemangacine.fr\/de\/wp-json\/wp\/v2\/product"}],"about":[{"href":"https:\/\/repliquemangacine.fr\/de\/wp-json\/wp\/v2\/types\/product"}],"wp:featuredmedia":[{"embeddable":true,"href":"https:\/\/repliquemangacine.fr\/de\/wp-json\/wp\/v2\/media\/41411"}],"wp:attachment":[{"href":"https:\/\/repliquemangacine.fr\/de\/wp-json\/wp\/v2\/media?parent=41410"}],"wp:term":[{"taxonomy":"product_brand","embeddable":true,"href":"https:\/\/repliquemangacine.fr\/de\/wp-json\/wp\/v2\/product_brand?post=41410"},{"taxonomy":"product_cat","embeddable":true,"href":"https:\/\/repliquemangacine.fr\/de\/wp-json\/wp\/v2\/product_cat?post=41410"},{"taxonomy":"product_tag","embeddable":true,"href":"https:\/\/repliquemangacine.fr\/de\/wp-json\/wp\/v2\/product_tag?post=41410"}],"curies":[{"name":"wp","href":"https:\/\/api.w.org\/{rel}","templated":true}]}}