





{"id":41405,"date":"2021-07-21T18:24:46","date_gmt":"2021-07-21T16:24:46","guid":{"rendered":"https:\/\/repliquemangacine.fr\/?post_type=product&#038;p=41405"},"modified":"2026-04-22T20:25:25","modified_gmt":"2026-04-22T18:25:25","slug":"schlusselanhanger-schild-captain-america","status":"publish","type":"product","link":"https:\/\/repliquemangacine.fr\/de\/porte-cles-goodies\/porte-cles-bouclier-captain-america\/","title":{"rendered":"Schl\u00fcsselanh\u00e4nger Schild Captain America"},"content":{"rendered":"<h2>Replik Captain America Schild-Schl\u00fcsselanh\u00e4nger aus Metall.<\/h2>\n<p>Der Captain-America-Schild-Schl\u00fcsselanh\u00e4nger ist komplett aus Metall.<\/p>\n<p>Der Captain-America-Schild ist die Hauptwaffe von Rogers. Er wird ausschlie\u00dflich aus Vibranium hergestellt und ist daher nahezu unzerst\u00f6rbar. Die Zusammensetzung von Vibranium erm\u00f6glicht es dem Schild, die kinetische Energie von St\u00f6\u00dfen zu absorbieren und zu reflektieren. Fast alle Arten von menschlichen Waffen k\u00f6nnen ihn nicht einmal besch\u00e4digen, da Kugeln von ihm abprallen. Der Schild ist auch stark genug, um magische und mystische Waffen wie Thors Hammer Mj\u00f8lnir zu bek\u00e4mpfen.<\/p>\n<p>Veteran des Zweiten Weltkriegs, <a href=\"https:\/\/universcinematographiquemarvel.fandom.com\/fr\/wiki\/Steve_Rogers?so=search#Pouvoirs_et_comp\u00e9tences\">Steve Rogers<\/a> ist ein Gr\u00fcndungsmitglied der Avengers und der erste bekannte Superheld der Erde. Nachdem er sich trotz mehrerer Versuche geweigert hatte, in der US-Armee zu dienen, meldete er sich freiwillig f\u00fcr das Renaissance-Projekt. Rogers erh\u00e4lt als einziger das von Abraham Erskine entwickelte Supersoldaten-Serum. Dadurch verbesserten sich seine k\u00f6rperlichen F\u00e4higkeiten erheblich auf \u00fcbermenschliche Werte.<\/p>\n<p>Steve Rogers, der von vielen als der erste und gr\u00f6\u00dfte Superheld der Welt angesehen wird, wurde durch seinen Mut, seinen Patriotismus und seine Geradlinigkeit definiert. Rogers hatte immer einen edlen und ehrlichen Geist, der gegen\u00fcber Ungerechtigkeit und Machtmissbrauch intolerant war.<\/p>\n<h3>Wir bieten Ihnen eine gro\u00dfe Auswahl an Repliken Ihrer Superhelden aus dem Marvel-Universum.<\/h3>\n<p>Zun\u00e4chst einmal,<\/p>\n<ul>\n<li>Die <a href=\"https:\/\/repliquemangacine.fr\/de\/superheld\/captain-america-schild-luxusversion\/\">Schild von Captain America<\/a> nicht offiziell, aber im Ma\u00dfstab 1:1.<\/li>\n<li>Es gibt auch die <a href=\"https:\/\/repliquemangacine.fr\/de\/superheld\/harley-quinn-baseballschlager\/\">Harley Quinns Schlagstock<\/a> ganz aus Holz.<\/li>\n<li>Sowie das <a href=\"https:\/\/repliquemangacine.fr\/de\/superheld\/mug-batman-dc-comics\/\">Batman-Tasse<\/a> Dc Comics aus Keramik in Form einer B\u00fcste.<\/li>\n<li>Und noch viel mehr!<\/li>\n<\/ul>\n<p>Hier ist eine tolle Geschenkidee f\u00fcr alle Marvel-Fans.<\/p>\n<h3>Sie k\u00f6nnen diesen Captain-America-Schild-Schl\u00fcsselanh\u00e4nger auch f\u00fcr den t\u00e4glichen Bedarf verwenden.<\/h3>\n<p>Vor allem ist dieser Schl\u00fcsselanh\u00e4nger, auch ein Sammler- und Dekorationsst\u00fcck.<\/p>\n<p>Guter Besuch f\u00fcr alle<\/p>\n<p>R\u00e9plique Manga Cin\u00e9 ist ein franz\u00f6sisches Familienunternehmen.<\/p>\n<p>&nbsp;<\/p>","protected":false},"excerpt":{"rendered":"<p>Dies ist ein n\u00fctzliches kleines Geschenk f\u00fcr alle Fans des Marvel-Universums.<\/p>\n<p>Wundersch\u00f6ner Schl\u00fcsselanh\u00e4nger, der das Captain-America-Schild zeigt. Ganz aus Metall mit der Aufschrift \"Captain Am\u00e9rica\", auf der R\u00fcckseite finden Sie ebenfalls diese Aufschrift mit Marvel als Zusatz. Ring ganz aus Vollstahl mit einem Durchmesser von 3 cm.<\/p>\n<p>Ein Muss f\u00fcr alle Fans der Avengers!<\/p>\n<p>Durchmesser: 5cm - Gesamtl\u00e4nge mit Ring: 11cm - Gewicht: 23 Grs<\/p>","protected":false},"featured_media":41406,"template":"","meta":[],"product_brand":[896],"product_cat":[24,94,96,59],"product_tag":[],"class_list":{"0":"post-41405","1":"product","2":"type-product","3":"status-publish","4":"has-post-thumbnail","6":"product_brand-replique-manga-cine","7":"product_cat-films-series-tv-vente-de-katana-epee-et-produits-derives","8":"product_cat-goodies","9":"product_cat-porte-cles-goodies","10":"product_cat-super-heros-marvel","12":"first","13":"instock","14":"sale","15":"taxable","16":"shipping-taxable","17":"purchasable","18":"product-type-simple"},"yoast_head":"<!-- This site is optimized with the Yoast SEO plugin v27.5 - https:\/\/yoast.com\/product\/yoast-seo-wordpress\/ -->\n<title>Porte-cl\u00e9s Bouclier Captain America - R\u00e9plique Manga Cin\u00e9<\/title>\n<meta name=\"description\" content=\"Venez d\u00e9couvrir ce superbe Porte-cl\u00e9s Bouclier Captain America. Tout en m\u00e9tal. Un cadeau bien utile pour les fans de l&#039;univers Marvel !\" \/>\n<meta name=\"robots\" content=\"index, follow, max-snippet:-1, max-image-preview:large, max-video-preview:-1\" \/>\n<link rel=\"canonical\" href=\"https:\/\/repliquemangacine.fr\/de\/schlusselanhanger-goodies\/schlusselanhanger-schild-captain-america\/\" \/>\n<meta property=\"og:locale\" content=\"de_DE\" \/>\n<meta property=\"og:type\" content=\"article\" \/>\n<meta property=\"og:title\" content=\"Porte-cl\u00e9s Bouclier Captain America - R\u00e9plique Manga Cin\u00e9\" \/>\n<meta property=\"og:description\" content=\"Venez d\u00e9couvrir ce superbe Porte-cl\u00e9s Bouclier Captain America. Tout en m\u00e9tal. Un cadeau bien utile pour les fans de l&#039;univers Marvel !\" \/>\n<meta property=\"og:url\" content=\"https:\/\/repliquemangacine.fr\/de\/schlusselanhanger-goodies\/schlusselanhanger-schild-captain-america\/\" \/>\n<meta property=\"og:site_name\" content=\"R\u00e9plique Manga Cin\u00e9\" \/>\n<meta property=\"article:publisher\" content=\"https:\/\/www.facebook.com\/RepliqueMangaCine\" \/>\n<meta property=\"article:modified_time\" content=\"2026-04-22T18:25:25+00:00\" \/>\n<meta property=\"og:image\" content=\"https:\/\/repliquemangacine.fr\/wp-content\/uploads\/2023\/10\/pc-captain.jpg\" \/>\n\t<meta property=\"og:image:width\" content=\"800\" \/>\n\t<meta property=\"og:image:height\" content=\"800\" \/>\n\t<meta property=\"og:image:type\" content=\"image\/jpeg\" \/>\n<meta name=\"twitter:card\" content=\"summary_large_image\" \/>\n<meta name=\"twitter:label1\" content=\"Gesch\u00e4tzte Lesezeit\" \/>\n\t<meta name=\"twitter:data1\" content=\"1\u00a0Minute\" \/>\n<script type=\"application\/ld+json\" class=\"yoast-schema-graph\">{\"@context\":\"https:\\\/\\\/schema.org\",\"@graph\":[{\"@type\":\"WebPage\",\"@id\":\"https:\\\/\\\/repliquemangacine.fr\\\/porte-cles-goodies\\\/porte-cles-bouclier-captain-america\\\/\",\"url\":\"https:\\\/\\\/repliquemangacine.fr\\\/porte-cles-goodies\\\/porte-cles-bouclier-captain-america\\\/\",\"name\":\"Porte-cl\u00e9s Bouclier Captain America - R\u00e9plique Manga Cin\u00e9\",\"isPartOf\":{\"@id\":\"https:\\\/\\\/repliquemangacine.fr\\\/#website\"},\"primaryImageOfPage\":{\"@id\":\"https:\\\/\\\/repliquemangacine.fr\\\/porte-cles-goodies\\\/porte-cles-bouclier-captain-america\\\/#primaryimage\"},\"image\":{\"@id\":\"https:\\\/\\\/repliquemangacine.fr\\\/porte-cles-goodies\\\/porte-cles-bouclier-captain-america\\\/#primaryimage\"},\"thumbnailUrl\":\"https:\\\/\\\/repliquemangacine.fr\\\/wp-content\\\/uploads\\\/2023\\\/10\\\/pc-captain.jpg\",\"datePublished\":\"2021-07-21T16:24:46+00:00\",\"dateModified\":\"2026-04-22T18:25:25+00:00\",\"description\":\"Venez d\u00e9couvrir ce superbe Porte-cl\u00e9s Bouclier Captain America. Tout en m\u00e9tal. Un cadeau bien utile pour les fans de l'univers Marvel !\",\"breadcrumb\":{\"@id\":\"https:\\\/\\\/repliquemangacine.fr\\\/porte-cles-goodies\\\/porte-cles-bouclier-captain-america\\\/#breadcrumb\"},\"inLanguage\":\"de\",\"potentialAction\":[{\"@type\":\"ReadAction\",\"target\":[\"https:\\\/\\\/repliquemangacine.fr\\\/porte-cles-goodies\\\/porte-cles-bouclier-captain-america\\\/\"]}]},{\"@type\":\"ImageObject\",\"inLanguage\":\"de\",\"@id\":\"https:\\\/\\\/repliquemangacine.fr\\\/porte-cles-goodies\\\/porte-cles-bouclier-captain-america\\\/#primaryimage\",\"url\":\"https:\\\/\\\/repliquemangacine.fr\\\/wp-content\\\/uploads\\\/2023\\\/10\\\/pc-captain.jpg\",\"contentUrl\":\"https:\\\/\\\/repliquemangacine.fr\\\/wp-content\\\/uploads\\\/2023\\\/10\\\/pc-captain.jpg\",\"width\":800,\"height\":800,\"caption\":\"Porte-cl\u00e9s Bouclier Captain America\"},{\"@type\":\"BreadcrumbList\",\"@id\":\"https:\\\/\\\/repliquemangacine.fr\\\/porte-cles-goodies\\\/porte-cles-bouclier-captain-america\\\/#breadcrumb\",\"itemListElement\":[{\"@type\":\"ListItem\",\"position\":1,\"name\":\"Accueil\",\"item\":\"https:\\\/\\\/repliquemangacine.fr\\\/\"},{\"@type\":\"ListItem\",\"position\":2,\"name\":\"Produits\",\"item\":\"https:\\\/\\\/repliquemangacine.fr\\\/boutique\\\/\"},{\"@type\":\"ListItem\",\"position\":3,\"name\":\"Porte Cl\u00e9s Bouclier Captain Am\u00e9rica\"}]},{\"@type\":\"WebSite\",\"@id\":\"https:\\\/\\\/repliquemangacine.fr\\\/#website\",\"url\":\"https:\\\/\\\/repliquemangacine.fr\\\/\",\"name\":\"R\u00e9plique Manga Cin\u00e9\",\"description\":\"\",\"publisher\":{\"@id\":\"https:\\\/\\\/repliquemangacine.fr\\\/#organization\"},\"potentialAction\":[{\"@type\":\"SearchAction\",\"target\":{\"@type\":\"EntryPoint\",\"urlTemplate\":\"https:\\\/\\\/repliquemangacine.fr\\\/?s={search_term_string}\"},\"query-input\":{\"@type\":\"PropertyValueSpecification\",\"valueRequired\":true,\"valueName\":\"search_term_string\"}}],\"inLanguage\":\"de\"},{\"@type\":\"Organization\",\"@id\":\"https:\\\/\\\/repliquemangacine.fr\\\/#organization\",\"name\":\"R\u00e9plique Manga Cin\u00e9\",\"url\":\"https:\\\/\\\/repliquemangacine.fr\\\/\",\"logo\":{\"@type\":\"ImageObject\",\"inLanguage\":\"de\",\"@id\":\"https:\\\/\\\/repliquemangacine.fr\\\/#\\\/schema\\\/logo\\\/image\\\/\",\"url\":\"https:\\\/\\\/repliquemangacine.fr\\\/wp-content\\\/uploads\\\/2023\\\/10\\\/RMC-500250.png\",\"contentUrl\":\"https:\\\/\\\/repliquemangacine.fr\\\/wp-content\\\/uploads\\\/2023\\\/10\\\/RMC-500250.png\",\"width\":500,\"height\":250,\"caption\":\"R\u00e9plique Manga Cin\u00e9\"},\"image\":{\"@id\":\"https:\\\/\\\/repliquemangacine.fr\\\/#\\\/schema\\\/logo\\\/image\\\/\"},\"sameAs\":[\"https:\\\/\\\/www.facebook.com\\\/RepliqueMangaCine\",\"https:\\\/\\\/www.instagram.com\\\/repliquemangacine.fr\\\/\"]}]}<\/script>\n<!-- \/ Yoast SEO plugin. -->","yoast_head_json":{"title":"Captain America Schild-Schl\u00fcsselanh\u00e4nger - R\u00e9plique Manga Cin\u00e9","description":"Entdecken Sie diesen tollen Captain America Schild-Schl\u00fcsselanh\u00e4nger. Ganz aus Metall gefertigt. Ein n\u00fctzliches Geschenk f\u00fcr Fans des Marvel-Universums!","robots":{"index":"index","follow":"follow","max-snippet":"max-snippet:-1","max-image-preview":"max-image-preview:large","max-video-preview":"max-video-preview:-1"},"canonical":"https:\/\/repliquemangacine.fr\/de\/schlusselanhanger-goodies\/schlusselanhanger-schild-captain-america\/","og_locale":"de_DE","og_type":"article","og_title":"Porte-cl\u00e9s Bouclier Captain America - R\u00e9plique Manga Cin\u00e9","og_description":"Venez d\u00e9couvrir ce superbe Porte-cl\u00e9s Bouclier Captain America. Tout en m\u00e9tal. Un cadeau bien utile pour les fans de l'univers Marvel !","og_url":"https:\/\/repliquemangacine.fr\/de\/schlusselanhanger-goodies\/schlusselanhanger-schild-captain-america\/","og_site_name":"R\u00e9plique Manga Cin\u00e9","article_publisher":"https:\/\/www.facebook.com\/RepliqueMangaCine","article_modified_time":"2026-04-22T18:25:25+00:00","og_image":[{"width":800,"height":800,"url":"https:\/\/repliquemangacine.fr\/wp-content\/uploads\/2023\/10\/pc-captain.jpg","type":"image\/jpeg"}],"twitter_card":"summary_large_image","twitter_misc":{"Gesch\u00e4tzte Lesezeit":"1\u00a0Minute"},"schema":{"@context":"https:\/\/schema.org","@graph":[{"@type":"WebPage","@id":"https:\/\/repliquemangacine.fr\/porte-cles-goodies\/porte-cles-bouclier-captain-america\/","url":"https:\/\/repliquemangacine.fr\/porte-cles-goodies\/porte-cles-bouclier-captain-america\/","name":"Captain America Schild-Schl\u00fcsselanh\u00e4nger - R\u00e9plique Manga Cin\u00e9","isPartOf":{"@id":"https:\/\/repliquemangacine.fr\/#website"},"primaryImageOfPage":{"@id":"https:\/\/repliquemangacine.fr\/porte-cles-goodies\/porte-cles-bouclier-captain-america\/#primaryimage"},"image":{"@id":"https:\/\/repliquemangacine.fr\/porte-cles-goodies\/porte-cles-bouclier-captain-america\/#primaryimage"},"thumbnailUrl":"https:\/\/repliquemangacine.fr\/wp-content\/uploads\/2023\/10\/pc-captain.jpg","datePublished":"2021-07-21T16:24:46+00:00","dateModified":"2026-04-22T18:25:25+00:00","description":"Entdecken Sie diesen tollen Captain America Schild-Schl\u00fcsselanh\u00e4nger. Ganz aus Metall gefertigt. Ein n\u00fctzliches Geschenk f\u00fcr Fans des Marvel-Universums!","breadcrumb":{"@id":"https:\/\/repliquemangacine.fr\/porte-cles-goodies\/porte-cles-bouclier-captain-america\/#breadcrumb"},"inLanguage":"de","potentialAction":[{"@type":"ReadAction","target":["https:\/\/repliquemangacine.fr\/porte-cles-goodies\/porte-cles-bouclier-captain-america\/"]}]},{"@type":"ImageObject","inLanguage":"de","@id":"https:\/\/repliquemangacine.fr\/porte-cles-goodies\/porte-cles-bouclier-captain-america\/#primaryimage","url":"https:\/\/repliquemangacine.fr\/wp-content\/uploads\/2023\/10\/pc-captain.jpg","contentUrl":"https:\/\/repliquemangacine.fr\/wp-content\/uploads\/2023\/10\/pc-captain.jpg","width":800,"height":800,"caption":"Porte-cl\u00e9s Bouclier Captain America"},{"@type":"BreadcrumbList","@id":"https:\/\/repliquemangacine.fr\/porte-cles-goodies\/porte-cles-bouclier-captain-america\/#breadcrumb","itemListElement":[{"@type":"ListItem","position":1,"name":"Accueil","item":"https:\/\/repliquemangacine.fr\/"},{"@type":"ListItem","position":2,"name":"Produits","item":"https:\/\/repliquemangacine.fr\/boutique\/"},{"@type":"ListItem","position":3,"name":"Porte Cl\u00e9s Bouclier Captain Am\u00e9rica"}]},{"@type":"WebSite","@id":"https:\/\/repliquemangacine.fr\/#website","url":"https:\/\/repliquemangacine.fr\/","name":"R\u00e9plique Manga Cin\u00e9","description":"","publisher":{"@id":"https:\/\/repliquemangacine.fr\/#organization"},"potentialAction":[{"@type":"SearchAction","target":{"@type":"EntryPoint","urlTemplate":"https:\/\/repliquemangacine.fr\/?s={search_term_string}"},"query-input":{"@type":"PropertyValueSpecification","valueRequired":true,"valueName":"search_term_string"}}],"inLanguage":"de"},{"@type":"Organization","@id":"https:\/\/repliquemangacine.fr\/#organization","name":"R\u00e9plique Manga Cin\u00e9","url":"https:\/\/repliquemangacine.fr\/","logo":{"@type":"ImageObject","inLanguage":"de","@id":"https:\/\/repliquemangacine.fr\/#\/schema\/logo\/image\/","url":"https:\/\/repliquemangacine.fr\/wp-content\/uploads\/2023\/10\/RMC-500250.png","contentUrl":"https:\/\/repliquemangacine.fr\/wp-content\/uploads\/2023\/10\/RMC-500250.png","width":500,"height":250,"caption":"R\u00e9plique Manga Cin\u00e9"},"image":{"@id":"https:\/\/repliquemangacine.fr\/#\/schema\/logo\/image\/"},"sameAs":["https:\/\/www.facebook.com\/RepliqueMangaCine","https:\/\/www.instagram.com\/repliquemangacine.fr\/"]}]}},"_links":{"self":[{"href":"https:\/\/repliquemangacine.fr\/de\/wp-json\/wp\/v2\/product\/41405","targetHints":{"allow":["GET"]}}],"collection":[{"href":"https:\/\/repliquemangacine.fr\/de\/wp-json\/wp\/v2\/product"}],"about":[{"href":"https:\/\/repliquemangacine.fr\/de\/wp-json\/wp\/v2\/types\/product"}],"wp:featuredmedia":[{"embeddable":true,"href":"https:\/\/repliquemangacine.fr\/de\/wp-json\/wp\/v2\/media\/41406"}],"wp:attachment":[{"href":"https:\/\/repliquemangacine.fr\/de\/wp-json\/wp\/v2\/media?parent=41405"}],"wp:term":[{"taxonomy":"product_brand","embeddable":true,"href":"https:\/\/repliquemangacine.fr\/de\/wp-json\/wp\/v2\/product_brand?post=41405"},{"taxonomy":"product_cat","embeddable":true,"href":"https:\/\/repliquemangacine.fr\/de\/wp-json\/wp\/v2\/product_cat?post=41405"},{"taxonomy":"product_tag","embeddable":true,"href":"https:\/\/repliquemangacine.fr\/de\/wp-json\/wp\/v2\/product_tag?post=41405"}],"curies":[{"name":"wp","href":"https:\/\/api.w.org\/{rel}","templated":true}]}}