





{"id":41373,"date":"2021-07-20T19:27:38","date_gmt":"2021-07-20T17:27:38","guid":{"rendered":"https:\/\/repliquemangacine.fr\/?post_type=product&#038;p=41373"},"modified":"2025-11-13T11:49:32","modified_gmt":"2025-11-13T10:49:32","slug":"schlusselanhanger-logo-monogramm-harry-potter","status":"publish","type":"product","link":"https:\/\/repliquemangacine.fr\/de\/porte-cles-goodies\/porte-cles-logo-monogramme-harry-potter\/","title":{"rendered":"Harry Potter-Schl\u00fcsselanh\u00e4nger"},"content":{"rendered":"<p>Dies ist eine tolle Geschenkidee f\u00fcr Fans der Harry-Potter-Saga. Vor allem ist es ein Sammlerst\u00fcck, aber Sie k\u00f6nnen es auch benutzen.<\/p>\n<p>&nbsp;<\/p>","protected":false},"excerpt":{"rendered":"<p>Wundersch\u00f6ner Sammler-Schl\u00fcsselanh\u00e4nger mit dem Monogramm-Logo aus der Harry-Potter-Saga. Er besteht aus Edelstahl in drei Farbt\u00f6nen: Schwarz, Grau und Gold. \u00dcber dem Namen Potter befindet sich au\u00dferdem das goldene Lebendgewicht. Dieses Sammlerst\u00fcck wird von einer Minikette gehalten und mit einem Ring oder einem kleinen Karabinerhaken f\u00fcr die Schl\u00fcssel abgeschlossen. Die Lieferung erfolgt in einer Blisterverpackung mit dem Bild des Films.<\/p>\n<p>Ein ideales Geschenk f\u00fcr alle Fans.<\/p>\n<p>L\u00e4nge des Logos: 6 cm - Gesamtl\u00e4nge: 12 bis 15 cm - Gewicht: 33 g<\/p>\n<p>&nbsp;<\/p>","protected":false},"featured_media":41374,"template":"","meta":[],"product_brand":[896],"product_cat":[87,24,94,41,96,101],"product_tag":[],"class_list":{"0":"post-41373","1":"product","2":"type-product","3":"status-publish","4":"has-post-thumbnail","6":"product_brand-replique-manga-cine","7":"product_cat-collectors-et-goodies-harry-potter","8":"product_cat-films-series-tv-vente-de-katana-epee-et-produits-derives","9":"product_cat-goodies","10":"product_cat-baguettes-et-goodies-harry-potter","11":"product_cat-porte-cles-goodies","12":"product_cat-soldes","14":"first","15":"instock","16":"sale","17":"taxable","18":"shipping-taxable","19":"purchasable","20":"product-type-simple"},"yoast_head":"<!-- This site is optimized with the Yoast SEO plugin v27.4 - https:\/\/yoast.com\/product\/yoast-seo-wordpress\/ -->\n<title>Porte-Cl\u00e9s logo Monogramme et vif d&#039;or Harry Potter<\/title>\n<meta name=\"description\" content=\"Superbe porte-cl\u00e9s collector du logo monogramme avec vif d&#039;or de la saga Harry Potter. Un cadeau id\u00e9al pour les fans de cette saga..\" \/>\n<meta name=\"robots\" content=\"index, follow, max-snippet:-1, max-image-preview:large, max-video-preview:-1\" \/>\n<link rel=\"canonical\" href=\"https:\/\/repliquemangacine.fr\/de\/ausverkauf\/schlusselanhanger-logo-monogramm-harry-potter\/\" \/>\n<meta property=\"og:locale\" content=\"de_DE\" \/>\n<meta property=\"og:type\" content=\"article\" \/>\n<meta property=\"og:title\" content=\"Porte-Cl\u00e9s logo Monogramme et vif d&#039;or Harry Potter\" \/>\n<meta property=\"og:description\" content=\"Superbe porte-cl\u00e9s collector du logo monogramme avec vif d&#039;or de la saga Harry Potter. Un cadeau id\u00e9al pour les fans de cette saga..\" \/>\n<meta property=\"og:url\" content=\"https:\/\/repliquemangacine.fr\/de\/ausverkauf\/schlusselanhanger-logo-monogramm-harry-potter\/\" \/>\n<meta property=\"og:site_name\" content=\"R\u00e9plique Manga Cin\u00e9\" \/>\n<meta property=\"article:publisher\" content=\"https:\/\/www.facebook.com\/RepliqueMangaCine\" \/>\n<meta property=\"article:modified_time\" content=\"2025-11-13T10:49:32+00:00\" \/>\n<meta property=\"og:image\" content=\"https:\/\/repliquemangacine.fr\/wp-content\/uploads\/2023\/10\/porte-cles-hp.jpg\" \/>\n\t<meta property=\"og:image:width\" content=\"800\" \/>\n\t<meta property=\"og:image:height\" content=\"800\" \/>\n\t<meta property=\"og:image:type\" content=\"image\/jpeg\" \/>\n<meta name=\"twitter:card\" content=\"summary_large_image\" \/>\n<meta name=\"twitter:label1\" content=\"Gesch\u00e4tzte Lesezeit\" \/>\n\t<meta name=\"twitter:data1\" content=\"1\u00a0Minute\" \/>\n<script type=\"application\/ld+json\" class=\"yoast-schema-graph\">{\"@context\":\"https:\\\/\\\/schema.org\",\"@graph\":[{\"@type\":\"WebPage\",\"@id\":\"https:\\\/\\\/repliquemangacine.fr\\\/en\\\/balances\\\/harry-potter-monogram-key-ring\\\/\",\"url\":\"https:\\\/\\\/repliquemangacine.fr\\\/en\\\/balances\\\/harry-potter-monogram-key-ring\\\/\",\"name\":\"Porte-Cl\u00e9s logo Monogramme et vif d'or Harry Potter\",\"isPartOf\":{\"@id\":\"https:\\\/\\\/repliquemangacine.fr\\\/#website\"},\"primaryImageOfPage\":{\"@id\":\"https:\\\/\\\/repliquemangacine.fr\\\/en\\\/balances\\\/harry-potter-monogram-key-ring\\\/#primaryimage\"},\"image\":{\"@id\":\"https:\\\/\\\/repliquemangacine.fr\\\/en\\\/balances\\\/harry-potter-monogram-key-ring\\\/#primaryimage\"},\"thumbnailUrl\":\"https:\\\/\\\/repliquemangacine.fr\\\/wp-content\\\/uploads\\\/2023\\\/10\\\/porte-cles-hp.jpg\",\"datePublished\":\"2021-07-20T17:27:38+00:00\",\"dateModified\":\"2025-11-13T10:49:32+00:00\",\"description\":\"Superbe porte-cl\u00e9s collector du logo monogramme avec vif d'or de la saga Harry Potter. Un cadeau id\u00e9al pour les fans de cette saga..\",\"breadcrumb\":{\"@id\":\"https:\\\/\\\/repliquemangacine.fr\\\/en\\\/balances\\\/harry-potter-monogram-key-ring\\\/#breadcrumb\"},\"inLanguage\":\"de\",\"potentialAction\":[{\"@type\":\"ReadAction\",\"target\":[\"https:\\\/\\\/repliquemangacine.fr\\\/en\\\/balances\\\/harry-potter-monogram-key-ring\\\/\"]}]},{\"@type\":\"ImageObject\",\"inLanguage\":\"de\",\"@id\":\"https:\\\/\\\/repliquemangacine.fr\\\/en\\\/balances\\\/harry-potter-monogram-key-ring\\\/#primaryimage\",\"url\":\"https:\\\/\\\/repliquemangacine.fr\\\/wp-content\\\/uploads\\\/2023\\\/10\\\/porte-cles-hp.jpg\",\"contentUrl\":\"https:\\\/\\\/repliquemangacine.fr\\\/wp-content\\\/uploads\\\/2023\\\/10\\\/porte-cles-hp.jpg\",\"width\":800,\"height\":800,\"caption\":\"porte-cles collector Harry Potter\"},{\"@type\":\"BreadcrumbList\",\"@id\":\"https:\\\/\\\/repliquemangacine.fr\\\/en\\\/balances\\\/harry-potter-monogram-key-ring\\\/#breadcrumb\",\"itemListElement\":[{\"@type\":\"ListItem\",\"position\":1,\"name\":\"Accueil\",\"item\":\"https:\\\/\\\/repliquemangacine.fr\\\/\"},{\"@type\":\"ListItem\",\"position\":2,\"name\":\"Produits\",\"item\":\"https:\\\/\\\/repliquemangacine.fr\\\/boutique\\\/\"},{\"@type\":\"ListItem\",\"position\":3,\"name\":\"Porte Cl\u00e9s Harry Potter\"}]},{\"@type\":\"WebSite\",\"@id\":\"https:\\\/\\\/repliquemangacine.fr\\\/#website\",\"url\":\"https:\\\/\\\/repliquemangacine.fr\\\/\",\"name\":\"R\u00e9plique Manga Cin\u00e9\",\"description\":\"\",\"publisher\":{\"@id\":\"https:\\\/\\\/repliquemangacine.fr\\\/#organization\"},\"potentialAction\":[{\"@type\":\"SearchAction\",\"target\":{\"@type\":\"EntryPoint\",\"urlTemplate\":\"https:\\\/\\\/repliquemangacine.fr\\\/?s={search_term_string}\"},\"query-input\":{\"@type\":\"PropertyValueSpecification\",\"valueRequired\":true,\"valueName\":\"search_term_string\"}}],\"inLanguage\":\"de\"},{\"@type\":\"Organization\",\"@id\":\"https:\\\/\\\/repliquemangacine.fr\\\/#organization\",\"name\":\"R\u00e9plique Manga Cin\u00e9\",\"url\":\"https:\\\/\\\/repliquemangacine.fr\\\/\",\"logo\":{\"@type\":\"ImageObject\",\"inLanguage\":\"de\",\"@id\":\"https:\\\/\\\/repliquemangacine.fr\\\/#\\\/schema\\\/logo\\\/image\\\/\",\"url\":\"https:\\\/\\\/repliquemangacine.fr\\\/wp-content\\\/uploads\\\/2023\\\/10\\\/RMC-500250.png\",\"contentUrl\":\"https:\\\/\\\/repliquemangacine.fr\\\/wp-content\\\/uploads\\\/2023\\\/10\\\/RMC-500250.png\",\"width\":500,\"height\":250,\"caption\":\"R\u00e9plique Manga Cin\u00e9\"},\"image\":{\"@id\":\"https:\\\/\\\/repliquemangacine.fr\\\/#\\\/schema\\\/logo\\\/image\\\/\"},\"sameAs\":[\"https:\\\/\\\/www.facebook.com\\\/RepliqueMangaCine\",\"https:\\\/\\\/www.instagram.com\\\/repliquemangacine.fr\\\/\"]}]}<\/script>\n<!-- \/ Yoast SEO plugin. -->","yoast_head_json":{"title":"Harry Potter-Logo-Schl\u00fcsselanh\u00e4nger Monogramm und Goldflitter","description":"Wundersch\u00f6ner Sammler-Schl\u00fcsselanh\u00e4nger mit dem Monogramm-Logo mit Goldflitter aus der Harry-Potter-Saga. Ein ideales Geschenk f\u00fcr Fans dieser Saga....","robots":{"index":"index","follow":"follow","max-snippet":"max-snippet:-1","max-image-preview":"max-image-preview:large","max-video-preview":"max-video-preview:-1"},"canonical":"https:\/\/repliquemangacine.fr\/de\/ausverkauf\/schlusselanhanger-logo-monogramm-harry-potter\/","og_locale":"de_DE","og_type":"article","og_title":"Porte-Cl\u00e9s logo Monogramme et vif d'or Harry Potter","og_description":"Superbe porte-cl\u00e9s collector du logo monogramme avec vif d'or de la saga Harry Potter. Un cadeau id\u00e9al pour les fans de cette saga..","og_url":"https:\/\/repliquemangacine.fr\/de\/ausverkauf\/schlusselanhanger-logo-monogramm-harry-potter\/","og_site_name":"R\u00e9plique Manga Cin\u00e9","article_publisher":"https:\/\/www.facebook.com\/RepliqueMangaCine","article_modified_time":"2025-11-13T10:49:32+00:00","og_image":[{"width":800,"height":800,"url":"https:\/\/repliquemangacine.fr\/wp-content\/uploads\/2023\/10\/porte-cles-hp.jpg","type":"image\/jpeg"}],"twitter_card":"summary_large_image","twitter_misc":{"Gesch\u00e4tzte Lesezeit":"1\u00a0Minute"},"schema":{"@context":"https:\/\/schema.org","@graph":[{"@type":"WebPage","@id":"https:\/\/repliquemangacine.fr\/en\/balances\/harry-potter-monogram-key-ring\/","url":"https:\/\/repliquemangacine.fr\/en\/balances\/harry-potter-monogram-key-ring\/","name":"Harry Potter-Logo-Schl\u00fcsselanh\u00e4nger Monogramm und Goldflitter","isPartOf":{"@id":"https:\/\/repliquemangacine.fr\/#website"},"primaryImageOfPage":{"@id":"https:\/\/repliquemangacine.fr\/en\/balances\/harry-potter-monogram-key-ring\/#primaryimage"},"image":{"@id":"https:\/\/repliquemangacine.fr\/en\/balances\/harry-potter-monogram-key-ring\/#primaryimage"},"thumbnailUrl":"https:\/\/repliquemangacine.fr\/wp-content\/uploads\/2023\/10\/porte-cles-hp.jpg","datePublished":"2021-07-20T17:27:38+00:00","dateModified":"2025-11-13T10:49:32+00:00","description":"Wundersch\u00f6ner Sammler-Schl\u00fcsselanh\u00e4nger mit dem Monogramm-Logo mit Goldflitter aus der Harry-Potter-Saga. Ein ideales Geschenk f\u00fcr Fans dieser Saga....","breadcrumb":{"@id":"https:\/\/repliquemangacine.fr\/en\/balances\/harry-potter-monogram-key-ring\/#breadcrumb"},"inLanguage":"de","potentialAction":[{"@type":"ReadAction","target":["https:\/\/repliquemangacine.fr\/en\/balances\/harry-potter-monogram-key-ring\/"]}]},{"@type":"ImageObject","inLanguage":"de","@id":"https:\/\/repliquemangacine.fr\/en\/balances\/harry-potter-monogram-key-ring\/#primaryimage","url":"https:\/\/repliquemangacine.fr\/wp-content\/uploads\/2023\/10\/porte-cles-hp.jpg","contentUrl":"https:\/\/repliquemangacine.fr\/wp-content\/uploads\/2023\/10\/porte-cles-hp.jpg","width":800,"height":800,"caption":"porte-cles collector Harry Potter"},{"@type":"BreadcrumbList","@id":"https:\/\/repliquemangacine.fr\/en\/balances\/harry-potter-monogram-key-ring\/#breadcrumb","itemListElement":[{"@type":"ListItem","position":1,"name":"Accueil","item":"https:\/\/repliquemangacine.fr\/"},{"@type":"ListItem","position":2,"name":"Produits","item":"https:\/\/repliquemangacine.fr\/boutique\/"},{"@type":"ListItem","position":3,"name":"Porte Cl\u00e9s Harry Potter"}]},{"@type":"WebSite","@id":"https:\/\/repliquemangacine.fr\/#website","url":"https:\/\/repliquemangacine.fr\/","name":"R\u00e9plique Manga Cin\u00e9","description":"","publisher":{"@id":"https:\/\/repliquemangacine.fr\/#organization"},"potentialAction":[{"@type":"SearchAction","target":{"@type":"EntryPoint","urlTemplate":"https:\/\/repliquemangacine.fr\/?s={search_term_string}"},"query-input":{"@type":"PropertyValueSpecification","valueRequired":true,"valueName":"search_term_string"}}],"inLanguage":"de"},{"@type":"Organization","@id":"https:\/\/repliquemangacine.fr\/#organization","name":"R\u00e9plique Manga Cin\u00e9","url":"https:\/\/repliquemangacine.fr\/","logo":{"@type":"ImageObject","inLanguage":"de","@id":"https:\/\/repliquemangacine.fr\/#\/schema\/logo\/image\/","url":"https:\/\/repliquemangacine.fr\/wp-content\/uploads\/2023\/10\/RMC-500250.png","contentUrl":"https:\/\/repliquemangacine.fr\/wp-content\/uploads\/2023\/10\/RMC-500250.png","width":500,"height":250,"caption":"R\u00e9plique Manga Cin\u00e9"},"image":{"@id":"https:\/\/repliquemangacine.fr\/#\/schema\/logo\/image\/"},"sameAs":["https:\/\/www.facebook.com\/RepliqueMangaCine","https:\/\/www.instagram.com\/repliquemangacine.fr\/"]}]}},"_links":{"self":[{"href":"https:\/\/repliquemangacine.fr\/de\/wp-json\/wp\/v2\/product\/41373","targetHints":{"allow":["GET"]}}],"collection":[{"href":"https:\/\/repliquemangacine.fr\/de\/wp-json\/wp\/v2\/product"}],"about":[{"href":"https:\/\/repliquemangacine.fr\/de\/wp-json\/wp\/v2\/types\/product"}],"wp:featuredmedia":[{"embeddable":true,"href":"https:\/\/repliquemangacine.fr\/de\/wp-json\/wp\/v2\/media\/41374"}],"wp:attachment":[{"href":"https:\/\/repliquemangacine.fr\/de\/wp-json\/wp\/v2\/media?parent=41373"}],"wp:term":[{"taxonomy":"product_brand","embeddable":true,"href":"https:\/\/repliquemangacine.fr\/de\/wp-json\/wp\/v2\/product_brand?post=41373"},{"taxonomy":"product_cat","embeddable":true,"href":"https:\/\/repliquemangacine.fr\/de\/wp-json\/wp\/v2\/product_cat?post=41373"},{"taxonomy":"product_tag","embeddable":true,"href":"https:\/\/repliquemangacine.fr\/de\/wp-json\/wp\/v2\/product_tag?post=41373"}],"curies":[{"name":"wp","href":"https:\/\/api.w.org\/{rel}","templated":true}]}}