





{"id":41367,"date":"2021-07-20T18:12:07","date_gmt":"2021-07-20T16:12:07","guid":{"rendered":"https:\/\/repliquemangacine.fr\/?post_type=product&#038;p=41367"},"modified":"2026-03-19T05:49:19","modified_gmt":"2026-03-19T04:49:19","slug":"schlusselanhanger-wikinger-symbol-v-serie-viking","status":"publish","type":"product","link":"https:\/\/repliquemangacine.fr\/de\/porte-cles-goodies\/porte-cles-vikings-symbole-v-serie-viking\/","title":{"rendered":"Schl\u00fcsselanh\u00e4nger Vikings Symbol V Serie Viking"},"content":{"rendered":"<p>Die Bedeutung des skandinavischen Symbols Valknut steht in Verbindung mit Wotan und Odin.<br \/>\nHier ist eine gro\u00dfartige Geschenkidee f\u00fcr Fans der Serie Vikings. In erster Linie handelt es sich um ein Sammlerst\u00fcck, aber Sie k\u00f6nnen es auch verwenden.<\/p>","protected":false},"excerpt":{"rendered":"<p>Wundersch\u00f6ner Vikings-Schl\u00fcsselanh\u00e4nger ganz aus Edelstahl mit einem antikisierenden Aussehen. Dieser Schl\u00fcsselanh\u00e4nger zeigt das V-Symbol, das Logo der Fernsehserie, in einem wundersch\u00f6nen Finish.                            Das V wird von einer Minikette gehalten und endet mit dem Schl\u00fcsselring. Die Lieferung erfolgt in einer Blisterverpackung in den Farben der Serie.<\/p>\n<p>H\u00f6he des Symbols: 5cm - Gesamtl\u00e4nge des Schl\u00fcsselanh\u00e4ngers: 10cm - Gewicht 20 grs<\/p>","protected":false},"featured_media":41368,"template":"","meta":[],"product_brand":[896],"product_cat":[24,94,96,57],"product_tag":[],"class_list":{"0":"post-41367","1":"product","2":"type-product","3":"status-publish","4":"has-post-thumbnail","6":"product_brand-replique-manga-cine","7":"product_cat-films-series-tv-vente-de-katana-epee-et-produits-derives","8":"product_cat-goodies","9":"product_cat-porte-cles-goodies","10":"product_cat-armes-vikings","12":"first","13":"instock","14":"sale","15":"taxable","16":"shipping-taxable","17":"purchasable","18":"product-type-simple"},"yoast_head":"<!-- This site is optimized with the Yoast SEO plugin v27.5 - https:\/\/yoast.com\/product\/yoast-seo-wordpress\/ -->\n<title>Vikings - Porte-cl\u00e9s symbole de la s\u00e9rie t\u00e9l\u00e9vis\u00e9e - Vente de goodies<\/title>\n<meta name=\"description\" content=\"Retrouvez l&#039;univers de la s\u00e9rie Viking avec ce superbe porte-cl\u00e9s tout en m\u00e9tal vieilli finement travaill\u00e9. Pour les fans de Ragnar Lodbrok.\" \/>\n<meta name=\"robots\" content=\"index, follow, max-snippet:-1, max-image-preview:large, max-video-preview:-1\" \/>\n<link rel=\"canonical\" href=\"https:\/\/repliquemangacine.fr\/de\/schlusselanhanger-goodies\/schlusselanhanger-wikinger-symbol-v-serie-viking\/\" \/>\n<meta property=\"og:locale\" content=\"de_DE\" \/>\n<meta property=\"og:type\" content=\"article\" \/>\n<meta property=\"og:title\" content=\"Vikings - Porte-cl\u00e9s symbole de la s\u00e9rie t\u00e9l\u00e9vis\u00e9e - Vente de goodies\" \/>\n<meta property=\"og:description\" content=\"Retrouvez l&#039;univers de la s\u00e9rie Viking avec ce superbe porte-cl\u00e9s tout en m\u00e9tal vieilli finement travaill\u00e9. Pour les fans de Ragnar Lodbrok.\" \/>\n<meta property=\"og:url\" content=\"https:\/\/repliquemangacine.fr\/de\/schlusselanhanger-goodies\/schlusselanhanger-wikinger-symbol-v-serie-viking\/\" \/>\n<meta property=\"og:site_name\" content=\"R\u00e9plique Manga Cin\u00e9\" \/>\n<meta property=\"article:publisher\" content=\"https:\/\/www.facebook.com\/RepliqueMangaCine\" \/>\n<meta property=\"article:modified_time\" content=\"2026-03-19T04:49:19+00:00\" \/>\n<meta property=\"og:image\" content=\"https:\/\/repliquemangacine.fr\/wp-content\/uploads\/2023\/10\/porte-cles-viking-.jpg\" \/>\n\t<meta property=\"og:image:width\" content=\"800\" \/>\n\t<meta property=\"og:image:height\" content=\"800\" \/>\n\t<meta property=\"og:image:type\" content=\"image\/jpeg\" \/>\n<meta name=\"twitter:card\" content=\"summary_large_image\" \/>\n<meta name=\"twitter:label1\" content=\"Gesch\u00e4tzte Lesezeit\" \/>\n\t<meta name=\"twitter:data1\" content=\"1\u00a0Minute\" \/>\n<script type=\"application\/ld+json\" class=\"yoast-schema-graph\">{\"@context\":\"https:\\\/\\\/schema.org\",\"@graph\":[{\"@type\":\"WebPage\",\"@id\":\"https:\\\/\\\/repliquemangacine.fr\\\/de\\\/schlusselanhanger-goodies\\\/schlusselanhanger-wikinger-symbol-v-serie-viking\\\/\",\"url\":\"https:\\\/\\\/repliquemangacine.fr\\\/de\\\/schlusselanhanger-goodies\\\/schlusselanhanger-wikinger-symbol-v-serie-viking\\\/\",\"name\":\"Vikings - Porte-cl\u00e9s symbole de la s\u00e9rie t\u00e9l\u00e9vis\u00e9e - Vente de goodies\",\"isPartOf\":{\"@id\":\"https:\\\/\\\/repliquemangacine.fr\\\/#website\"},\"primaryImageOfPage\":{\"@id\":\"https:\\\/\\\/repliquemangacine.fr\\\/de\\\/schlusselanhanger-goodies\\\/schlusselanhanger-wikinger-symbol-v-serie-viking\\\/#primaryimage\"},\"image\":{\"@id\":\"https:\\\/\\\/repliquemangacine.fr\\\/de\\\/schlusselanhanger-goodies\\\/schlusselanhanger-wikinger-symbol-v-serie-viking\\\/#primaryimage\"},\"thumbnailUrl\":\"https:\\\/\\\/repliquemangacine.fr\\\/wp-content\\\/uploads\\\/2023\\\/10\\\/porte-cles-viking-.jpg\",\"datePublished\":\"2021-07-20T16:12:07+00:00\",\"dateModified\":\"2026-03-19T04:49:19+00:00\",\"description\":\"Retrouvez l'univers de la s\u00e9rie Viking avec ce superbe porte-cl\u00e9s tout en m\u00e9tal vieilli finement travaill\u00e9. Pour les fans de Ragnar Lodbrok.\",\"breadcrumb\":{\"@id\":\"https:\\\/\\\/repliquemangacine.fr\\\/de\\\/schlusselanhanger-goodies\\\/schlusselanhanger-wikinger-symbol-v-serie-viking\\\/#breadcrumb\"},\"inLanguage\":\"de\",\"potentialAction\":[{\"@type\":\"ReadAction\",\"target\":[\"https:\\\/\\\/repliquemangacine.fr\\\/de\\\/schlusselanhanger-goodies\\\/schlusselanhanger-wikinger-symbol-v-serie-viking\\\/\"]}]},{\"@type\":\"ImageObject\",\"inLanguage\":\"de\",\"@id\":\"https:\\\/\\\/repliquemangacine.fr\\\/de\\\/schlusselanhanger-goodies\\\/schlusselanhanger-wikinger-symbol-v-serie-viking\\\/#primaryimage\",\"url\":\"https:\\\/\\\/repliquemangacine.fr\\\/wp-content\\\/uploads\\\/2023\\\/10\\\/porte-cles-viking-.jpg\",\"contentUrl\":\"https:\\\/\\\/repliquemangacine.fr\\\/wp-content\\\/uploads\\\/2023\\\/10\\\/porte-cles-viking-.jpg\",\"width\":800,\"height\":800,\"caption\":\"Porte-cl\u00e9s-Vikings symbole\"},{\"@type\":\"BreadcrumbList\",\"@id\":\"https:\\\/\\\/repliquemangacine.fr\\\/de\\\/schlusselanhanger-goodies\\\/schlusselanhanger-wikinger-symbol-v-serie-viking\\\/#breadcrumb\",\"itemListElement\":[{\"@type\":\"ListItem\",\"position\":1,\"name\":\"Accueil\",\"item\":\"https:\\\/\\\/repliquemangacine.fr\\\/\"},{\"@type\":\"ListItem\",\"position\":2,\"name\":\"Produits\",\"item\":\"https:\\\/\\\/repliquemangacine.fr\\\/boutique\\\/\"},{\"@type\":\"ListItem\",\"position\":3,\"name\":\"Porte cl\u00e9s Vikings Symbole V S\u00e9rie Viking\"}]},{\"@type\":\"WebSite\",\"@id\":\"https:\\\/\\\/repliquemangacine.fr\\\/#website\",\"url\":\"https:\\\/\\\/repliquemangacine.fr\\\/\",\"name\":\"R\u00e9plique Manga Cin\u00e9\",\"description\":\"\",\"publisher\":{\"@id\":\"https:\\\/\\\/repliquemangacine.fr\\\/#organization\"},\"potentialAction\":[{\"@type\":\"SearchAction\",\"target\":{\"@type\":\"EntryPoint\",\"urlTemplate\":\"https:\\\/\\\/repliquemangacine.fr\\\/?s={search_term_string}\"},\"query-input\":{\"@type\":\"PropertyValueSpecification\",\"valueRequired\":true,\"valueName\":\"search_term_string\"}}],\"inLanguage\":\"de\"},{\"@type\":\"Organization\",\"@id\":\"https:\\\/\\\/repliquemangacine.fr\\\/#organization\",\"name\":\"R\u00e9plique Manga Cin\u00e9\",\"url\":\"https:\\\/\\\/repliquemangacine.fr\\\/\",\"logo\":{\"@type\":\"ImageObject\",\"inLanguage\":\"de\",\"@id\":\"https:\\\/\\\/repliquemangacine.fr\\\/#\\\/schema\\\/logo\\\/image\\\/\",\"url\":\"https:\\\/\\\/repliquemangacine.fr\\\/wp-content\\\/uploads\\\/2023\\\/10\\\/RMC-500250.png\",\"contentUrl\":\"https:\\\/\\\/repliquemangacine.fr\\\/wp-content\\\/uploads\\\/2023\\\/10\\\/RMC-500250.png\",\"width\":500,\"height\":250,\"caption\":\"R\u00e9plique Manga Cin\u00e9\"},\"image\":{\"@id\":\"https:\\\/\\\/repliquemangacine.fr\\\/#\\\/schema\\\/logo\\\/image\\\/\"},\"sameAs\":[\"https:\\\/\\\/www.facebook.com\\\/RepliqueMangaCine\",\"https:\\\/\\\/www.instagram.com\\\/repliquemangacine.fr\\\/\"]}]}<\/script>\n<!-- \/ Yoast SEO plugin. -->","yoast_head_json":{"title":"Vikings - Schl\u00fcsselanh\u00e4nger Symbol aus der Fernsehserie - Goodies verkaufen","description":"Entdecken Sie die Welt der Wikingerserie mit diesem wundersch\u00f6nen Schl\u00fcsselanh\u00e4nger, der ganz aus fein gearbeitetem, gealtertem Metall besteht. F\u00fcr Fans von Ragnar Lodbrok.","robots":{"index":"index","follow":"follow","max-snippet":"max-snippet:-1","max-image-preview":"max-image-preview:large","max-video-preview":"max-video-preview:-1"},"canonical":"https:\/\/repliquemangacine.fr\/de\/schlusselanhanger-goodies\/schlusselanhanger-wikinger-symbol-v-serie-viking\/","og_locale":"de_DE","og_type":"article","og_title":"Vikings - Porte-cl\u00e9s symbole de la s\u00e9rie t\u00e9l\u00e9vis\u00e9e - Vente de goodies","og_description":"Retrouvez l'univers de la s\u00e9rie Viking avec ce superbe porte-cl\u00e9s tout en m\u00e9tal vieilli finement travaill\u00e9. Pour les fans de Ragnar Lodbrok.","og_url":"https:\/\/repliquemangacine.fr\/de\/schlusselanhanger-goodies\/schlusselanhanger-wikinger-symbol-v-serie-viking\/","og_site_name":"R\u00e9plique Manga Cin\u00e9","article_publisher":"https:\/\/www.facebook.com\/RepliqueMangaCine","article_modified_time":"2026-03-19T04:49:19+00:00","og_image":[{"width":800,"height":800,"url":"https:\/\/repliquemangacine.fr\/wp-content\/uploads\/2023\/10\/porte-cles-viking-.jpg","type":"image\/jpeg"}],"twitter_card":"summary_large_image","twitter_misc":{"Gesch\u00e4tzte Lesezeit":"1\u00a0Minute"},"schema":{"@context":"https:\/\/schema.org","@graph":[{"@type":"WebPage","@id":"https:\/\/repliquemangacine.fr\/de\/schlusselanhanger-goodies\/schlusselanhanger-wikinger-symbol-v-serie-viking\/","url":"https:\/\/repliquemangacine.fr\/de\/schlusselanhanger-goodies\/schlusselanhanger-wikinger-symbol-v-serie-viking\/","name":"Vikings - Schl\u00fcsselanh\u00e4nger Symbol aus der Fernsehserie - Goodies verkaufen","isPartOf":{"@id":"https:\/\/repliquemangacine.fr\/#website"},"primaryImageOfPage":{"@id":"https:\/\/repliquemangacine.fr\/de\/schlusselanhanger-goodies\/schlusselanhanger-wikinger-symbol-v-serie-viking\/#primaryimage"},"image":{"@id":"https:\/\/repliquemangacine.fr\/de\/schlusselanhanger-goodies\/schlusselanhanger-wikinger-symbol-v-serie-viking\/#primaryimage"},"thumbnailUrl":"https:\/\/repliquemangacine.fr\/wp-content\/uploads\/2023\/10\/porte-cles-viking-.jpg","datePublished":"2021-07-20T16:12:07+00:00","dateModified":"2026-03-19T04:49:19+00:00","description":"Entdecken Sie die Welt der Wikingerserie mit diesem wundersch\u00f6nen Schl\u00fcsselanh\u00e4nger, der ganz aus fein gearbeitetem, gealtertem Metall besteht. F\u00fcr Fans von Ragnar Lodbrok.","breadcrumb":{"@id":"https:\/\/repliquemangacine.fr\/de\/schlusselanhanger-goodies\/schlusselanhanger-wikinger-symbol-v-serie-viking\/#breadcrumb"},"inLanguage":"de","potentialAction":[{"@type":"ReadAction","target":["https:\/\/repliquemangacine.fr\/de\/schlusselanhanger-goodies\/schlusselanhanger-wikinger-symbol-v-serie-viking\/"]}]},{"@type":"ImageObject","inLanguage":"de","@id":"https:\/\/repliquemangacine.fr\/de\/schlusselanhanger-goodies\/schlusselanhanger-wikinger-symbol-v-serie-viking\/#primaryimage","url":"https:\/\/repliquemangacine.fr\/wp-content\/uploads\/2023\/10\/porte-cles-viking-.jpg","contentUrl":"https:\/\/repliquemangacine.fr\/wp-content\/uploads\/2023\/10\/porte-cles-viking-.jpg","width":800,"height":800,"caption":"Porte-cl\u00e9s-Vikings symbole"},{"@type":"BreadcrumbList","@id":"https:\/\/repliquemangacine.fr\/de\/schlusselanhanger-goodies\/schlusselanhanger-wikinger-symbol-v-serie-viking\/#breadcrumb","itemListElement":[{"@type":"ListItem","position":1,"name":"Accueil","item":"https:\/\/repliquemangacine.fr\/"},{"@type":"ListItem","position":2,"name":"Produits","item":"https:\/\/repliquemangacine.fr\/boutique\/"},{"@type":"ListItem","position":3,"name":"Porte cl\u00e9s Vikings Symbole V S\u00e9rie Viking"}]},{"@type":"WebSite","@id":"https:\/\/repliquemangacine.fr\/#website","url":"https:\/\/repliquemangacine.fr\/","name":"R\u00e9plique Manga Cin\u00e9","description":"","publisher":{"@id":"https:\/\/repliquemangacine.fr\/#organization"},"potentialAction":[{"@type":"SearchAction","target":{"@type":"EntryPoint","urlTemplate":"https:\/\/repliquemangacine.fr\/?s={search_term_string}"},"query-input":{"@type":"PropertyValueSpecification","valueRequired":true,"valueName":"search_term_string"}}],"inLanguage":"de"},{"@type":"Organization","@id":"https:\/\/repliquemangacine.fr\/#organization","name":"R\u00e9plique Manga Cin\u00e9","url":"https:\/\/repliquemangacine.fr\/","logo":{"@type":"ImageObject","inLanguage":"de","@id":"https:\/\/repliquemangacine.fr\/#\/schema\/logo\/image\/","url":"https:\/\/repliquemangacine.fr\/wp-content\/uploads\/2023\/10\/RMC-500250.png","contentUrl":"https:\/\/repliquemangacine.fr\/wp-content\/uploads\/2023\/10\/RMC-500250.png","width":500,"height":250,"caption":"R\u00e9plique Manga Cin\u00e9"},"image":{"@id":"https:\/\/repliquemangacine.fr\/#\/schema\/logo\/image\/"},"sameAs":["https:\/\/www.facebook.com\/RepliqueMangaCine","https:\/\/www.instagram.com\/repliquemangacine.fr\/"]}]}},"_links":{"self":[{"href":"https:\/\/repliquemangacine.fr\/de\/wp-json\/wp\/v2\/product\/41367","targetHints":{"allow":["GET"]}}],"collection":[{"href":"https:\/\/repliquemangacine.fr\/de\/wp-json\/wp\/v2\/product"}],"about":[{"href":"https:\/\/repliquemangacine.fr\/de\/wp-json\/wp\/v2\/types\/product"}],"wp:featuredmedia":[{"embeddable":true,"href":"https:\/\/repliquemangacine.fr\/de\/wp-json\/wp\/v2\/media\/41368"}],"wp:attachment":[{"href":"https:\/\/repliquemangacine.fr\/de\/wp-json\/wp\/v2\/media?parent=41367"}],"wp:term":[{"taxonomy":"product_brand","embeddable":true,"href":"https:\/\/repliquemangacine.fr\/de\/wp-json\/wp\/v2\/product_brand?post=41367"},{"taxonomy":"product_cat","embeddable":true,"href":"https:\/\/repliquemangacine.fr\/de\/wp-json\/wp\/v2\/product_cat?post=41367"},{"taxonomy":"product_tag","embeddable":true,"href":"https:\/\/repliquemangacine.fr\/de\/wp-json\/wp\/v2\/product_tag?post=41367"}],"curies":[{"name":"wp","href":"https:\/\/api.w.org\/{rel}","templated":true}]}}