





{"id":41358,"date":"2021-07-20T16:37:44","date_gmt":"2021-07-20T14:37:44","guid":{"rendered":"https:\/\/repliquemangacine.fr\/?post_type=product&#038;p=41358"},"modified":"2025-09-23T18:02:36","modified_gmt":"2025-09-23T16:02:36","slug":"schlusselanhanger-zenitsu-agatsuma","status":"publish","type":"product","link":"https:\/\/repliquemangacine.fr\/de\/porte-cles-goodies\/porte-cles-zenitsu-agatsuma\/","title":{"rendered":"Schl\u00fcsselanh\u00e4nger Zenitsu Agatsuma"},"content":{"rendered":"<p>Schl\u00fcsselanh\u00e4nger Zenitsu Agatsuma - Kimetsu no Yaiba oder Demon Slayer erz\u00e4hlt die Geschichte von Tanjiro. Ein junger Mann, dessen Vater verstorben ist. Eines Tages, als er sich auf den Weg macht, um im nahe gelegenen Dorf Kohle zu verkaufen, findet er seine gesamte Familie ermordet vor. Die einzige \u00dcberlebende ist seine Schwester Nezuko, die in einen D\u00e4mon verwandelt wurde. Sie scheint sich noch einige menschliche Gedanken bewahrt zu haben. ( Gesammelt von <a href=\"https:\/\/kimetsu-no-yaiba.fandom.com\/fr\/wiki\/Zenitsu_Agatsuma\">Fandom<\/a> ).<\/p>\n<p>Tanjiro begibt sich daraufhin auf eine lange Reise, um einen Weg zu finden, seine Schwester wieder in einen Menschen zu verwandeln und seine Familie zu r\u00e4chen...<\/p>\n<p>Es sei darauf hingewiesen, dass D\u00e9mon Slayer mit \u00fcber 12 Millionen verkauften Exemplaren der meistverkaufte Manga des Jahres 2019 ist und damit vor One Piece liegt. ( Interview von Fandom )<\/p>\n<p>Abschlie\u00dfend l\u00e4sst sich sagen, dass Zenitsu Agatsuma eine der Hauptfiguren des Mangas ist, der f\u00fcr seine Schnelligkeit und sein elektrisches Schwert bekannt ist. Er ist D\u00e4monenj\u00e4ger und ein Reisebegleiter von Tanjir\u014d.<\/p>\n<p>Wir bieten Ihnen auch alle Katanas aus Demon Slayer an. Wie das <a href=\"https:\/\/repliquemangacine.fr\/de\/demon-slayer\/katana-von-shinobu-demon-slayer\/\">Katana von Shinobu Koch\u014d<\/a> mit seiner modifizierten Klinge, die \u00fcber die gesamte L\u00e4nge verschwindet und in einer Spitze endet. Es gibt auch, den <a href=\"https:\/\/repliquemangacine.fr\/de\/demon-slayer\/katana-von-zenitsu-agatsuma-demon-slayer\/\">Katana von Zenitsu Agatsuma<\/a> und seine goldfarbene, im Siebdruckverfahren hergestellte Klinge, die einen elektrischen Lichtstrahl imitiert und wunderbar zu Ihrem Schl\u00fcsselanh\u00e4nger passt. Und noch viel mehr zu entdecken.<\/p>\n<p>F\u00fcr einen Ausflug mit der ganzen Familie gibt es auch das<a href=\"https:\/\/repliquemangacine.fr\/de\/demon-slayer\/puzzle-demon-slayer-1000-pieces-poster\/\"> Demon Slayer Puzzle<\/a> 1000 St\u00fcck mit einem Poster als Bonus f\u00fcr Fans.<\/p>\n<p>Hier ist eine tolle Geschenkidee f\u00fcr Fans von Demon Slayer: der Zenitsu Agatsuma Schl\u00fcsselanh\u00e4nger.<\/p>","protected":false},"excerpt":{"rendered":"<p>Zenitsu Agatsuma Schl\u00fcsselanh\u00e4nger - Demon Slayer<\/p>\n<p>Wundersch\u00f6ner Schl\u00fcsselanh\u00e4nger, der von der Figur Zenitsu Agatsuma aus \"Demon Slayer\" inspiriert wurde.<br \/>\nDie Chibi-Figur ist aus weichem Gummi und wird von einer Minikette gehalten, die mit einem Ring f\u00fcr die Schl\u00fcssel endet. Die beiden Seiten sind identisch.<br \/>\nWird in einem Vitrinenblister geliefert<\/p>\n<p>H\u00f6he der Figur: 8.5cm - Gesamtl\u00e4nge des Schl\u00fcsselanh\u00e4ngers: 13.5cm - Gewicht 20 grs<\/p>","protected":false},"featured_media":41359,"template":"","meta":[],"product_brand":[896],"product_cat":[63,94,23,96,101],"product_tag":[],"class_list":{"0":"post-41358","1":"product","2":"type-product","3":"status-publish","4":"has-post-thumbnail","6":"product_brand-replique-manga-cine","7":"product_cat-katana-demon-slayer","8":"product_cat-goodies","9":"product_cat-repliques-manga-jeux-video","10":"product_cat-porte-cles-goodies","11":"product_cat-soldes","13":"first","14":"outofstock","15":"sale","16":"taxable","17":"shipping-taxable","18":"purchasable","19":"product-type-simple"},"yoast_head":"<!-- This site is optimized with the Yoast SEO plugin v27.5 - https:\/\/yoast.com\/product\/yoast-seo-wordpress\/ -->\n<title>Porte-cl\u00e9s Zenitsu Agatsuma - Vente de Goodies - R\u00e9plique Manga Cine<\/title>\n<meta name=\"description\" content=\"Exclusivit\u00e9 ! Venez d\u00e9couvrir le Porte-cl\u00e9s Zenitsu Agatsuma en figurine chibi dans D\u00e9mon Slayer. Pour les fans...\" \/>\n<meta name=\"robots\" content=\"index, follow, max-snippet:-1, max-image-preview:large, max-video-preview:-1\" \/>\n<link rel=\"canonical\" href=\"https:\/\/repliquemangacine.fr\/de\/ausverkauf\/schlusselanhanger-zenitsu-agatsuma\/\" \/>\n<meta property=\"og:locale\" content=\"de_DE\" \/>\n<meta property=\"og:type\" content=\"article\" \/>\n<meta property=\"og:title\" content=\"Porte-cl\u00e9s Zenitsu Agatsuma - Vente de Goodies - R\u00e9plique Manga Cine\" \/>\n<meta property=\"og:description\" content=\"Exclusivit\u00e9 ! Venez d\u00e9couvrir le Porte-cl\u00e9s Zenitsu Agatsuma en figurine chibi dans D\u00e9mon Slayer. Pour les fans...\" \/>\n<meta property=\"og:url\" content=\"https:\/\/repliquemangacine.fr\/de\/ausverkauf\/schlusselanhanger-zenitsu-agatsuma\/\" \/>\n<meta property=\"og:site_name\" content=\"R\u00e9plique Manga Cin\u00e9\" \/>\n<meta property=\"article:publisher\" content=\"https:\/\/www.facebook.com\/RepliqueMangaCine\" \/>\n<meta property=\"article:modified_time\" content=\"2025-09-23T16:02:36+00:00\" \/>\n<meta property=\"og:image\" content=\"https:\/\/repliquemangacine.fr\/wp-content\/uploads\/2023\/10\/porte-cles-demon-slayers-1.jpg\" \/>\n\t<meta property=\"og:image:width\" content=\"800\" \/>\n\t<meta property=\"og:image:height\" content=\"800\" \/>\n\t<meta property=\"og:image:type\" content=\"image\/jpeg\" \/>\n<meta name=\"twitter:card\" content=\"summary_large_image\" \/>\n<meta name=\"twitter:label1\" content=\"Gesch\u00e4tzte Lesezeit\" \/>\n\t<meta name=\"twitter:data1\" content=\"1\u00a0Minute\" \/>\n<script type=\"application\/ld+json\" class=\"yoast-schema-graph\">{\"@context\":\"https:\\\/\\\/schema.org\",\"@graph\":[{\"@type\":\"WebPage\",\"@id\":\"https:\\\/\\\/repliquemangacine.fr\\\/en\\\/balances\\\/keyring-zenitsu-agatsuma\\\/\",\"url\":\"https:\\\/\\\/repliquemangacine.fr\\\/en\\\/balances\\\/keyring-zenitsu-agatsuma\\\/\",\"name\":\"Porte-cl\u00e9s Zenitsu Agatsuma - Vente de Goodies - R\u00e9plique Manga Cine\",\"isPartOf\":{\"@id\":\"https:\\\/\\\/repliquemangacine.fr\\\/#website\"},\"primaryImageOfPage\":{\"@id\":\"https:\\\/\\\/repliquemangacine.fr\\\/en\\\/balances\\\/keyring-zenitsu-agatsuma\\\/#primaryimage\"},\"image\":{\"@id\":\"https:\\\/\\\/repliquemangacine.fr\\\/en\\\/balances\\\/keyring-zenitsu-agatsuma\\\/#primaryimage\"},\"thumbnailUrl\":\"https:\\\/\\\/repliquemangacine.fr\\\/wp-content\\\/uploads\\\/2023\\\/10\\\/porte-cles-demon-slayers-1.jpg\",\"datePublished\":\"2021-07-20T14:37:44+00:00\",\"dateModified\":\"2025-09-23T16:02:36+00:00\",\"description\":\"Exclusivit\u00e9 ! Venez d\u00e9couvrir le Porte-cl\u00e9s Zenitsu Agatsuma en figurine chibi dans D\u00e9mon Slayer. Pour les fans...\",\"breadcrumb\":{\"@id\":\"https:\\\/\\\/repliquemangacine.fr\\\/en\\\/balances\\\/keyring-zenitsu-agatsuma\\\/#breadcrumb\"},\"inLanguage\":\"de\",\"potentialAction\":[{\"@type\":\"ReadAction\",\"target\":[\"https:\\\/\\\/repliquemangacine.fr\\\/en\\\/balances\\\/keyring-zenitsu-agatsuma\\\/\"]}]},{\"@type\":\"ImageObject\",\"inLanguage\":\"de\",\"@id\":\"https:\\\/\\\/repliquemangacine.fr\\\/en\\\/balances\\\/keyring-zenitsu-agatsuma\\\/#primaryimage\",\"url\":\"https:\\\/\\\/repliquemangacine.fr\\\/wp-content\\\/uploads\\\/2023\\\/10\\\/porte-cles-demon-slayers-1.jpg\",\"contentUrl\":\"https:\\\/\\\/repliquemangacine.fr\\\/wp-content\\\/uploads\\\/2023\\\/10\\\/porte-cles-demon-slayers-1.jpg\",\"width\":800,\"height\":800,\"caption\":\"Porte-Cl\u00e9s Zenitsu Agatsuma Demon Slayer\"},{\"@type\":\"BreadcrumbList\",\"@id\":\"https:\\\/\\\/repliquemangacine.fr\\\/en\\\/balances\\\/keyring-zenitsu-agatsuma\\\/#breadcrumb\",\"itemListElement\":[{\"@type\":\"ListItem\",\"position\":1,\"name\":\"Accueil\",\"item\":\"https:\\\/\\\/repliquemangacine.fr\\\/\"},{\"@type\":\"ListItem\",\"position\":2,\"name\":\"Produits\",\"item\":\"https:\\\/\\\/repliquemangacine.fr\\\/boutique\\\/\"},{\"@type\":\"ListItem\",\"position\":3,\"name\":\"Porte-cl\u00e9s Zenitsu Agatsuma\"}]},{\"@type\":\"WebSite\",\"@id\":\"https:\\\/\\\/repliquemangacine.fr\\\/#website\",\"url\":\"https:\\\/\\\/repliquemangacine.fr\\\/\",\"name\":\"R\u00e9plique Manga Cin\u00e9\",\"description\":\"\",\"publisher\":{\"@id\":\"https:\\\/\\\/repliquemangacine.fr\\\/#organization\"},\"potentialAction\":[{\"@type\":\"SearchAction\",\"target\":{\"@type\":\"EntryPoint\",\"urlTemplate\":\"https:\\\/\\\/repliquemangacine.fr\\\/?s={search_term_string}\"},\"query-input\":{\"@type\":\"PropertyValueSpecification\",\"valueRequired\":true,\"valueName\":\"search_term_string\"}}],\"inLanguage\":\"de\"},{\"@type\":\"Organization\",\"@id\":\"https:\\\/\\\/repliquemangacine.fr\\\/#organization\",\"name\":\"R\u00e9plique Manga Cin\u00e9\",\"url\":\"https:\\\/\\\/repliquemangacine.fr\\\/\",\"logo\":{\"@type\":\"ImageObject\",\"inLanguage\":\"de\",\"@id\":\"https:\\\/\\\/repliquemangacine.fr\\\/#\\\/schema\\\/logo\\\/image\\\/\",\"url\":\"https:\\\/\\\/repliquemangacine.fr\\\/wp-content\\\/uploads\\\/2023\\\/10\\\/RMC-500250.png\",\"contentUrl\":\"https:\\\/\\\/repliquemangacine.fr\\\/wp-content\\\/uploads\\\/2023\\\/10\\\/RMC-500250.png\",\"width\":500,\"height\":250,\"caption\":\"R\u00e9plique Manga Cin\u00e9\"},\"image\":{\"@id\":\"https:\\\/\\\/repliquemangacine.fr\\\/#\\\/schema\\\/logo\\\/image\\\/\"},\"sameAs\":[\"https:\\\/\\\/www.facebook.com\\\/RepliqueMangaCine\",\"https:\\\/\\\/www.instagram.com\\\/repliquemangacine.fr\\\/\"]}]}<\/script>\n<!-- \/ Yoast SEO plugin. -->","yoast_head_json":{"title":"Zenitsu Agatsuma Schl\u00fcsselanh\u00e4nger - Goodies Verkauf - Manga Cine Replica","description":"Exklusiv f\u00fcr Sie! Erleben Sie den Zenitsu Agatsuma Schl\u00fcsselanh\u00e4nger als Chibi Figur in Demon Slayer. F\u00fcr alle Fans ...","robots":{"index":"index","follow":"follow","max-snippet":"max-snippet:-1","max-image-preview":"max-image-preview:large","max-video-preview":"max-video-preview:-1"},"canonical":"https:\/\/repliquemangacine.fr\/de\/ausverkauf\/schlusselanhanger-zenitsu-agatsuma\/","og_locale":"de_DE","og_type":"article","og_title":"Porte-cl\u00e9s Zenitsu Agatsuma - Vente de Goodies - R\u00e9plique Manga Cine","og_description":"Exclusivit\u00e9 ! Venez d\u00e9couvrir le Porte-cl\u00e9s Zenitsu Agatsuma en figurine chibi dans D\u00e9mon Slayer. Pour les fans...","og_url":"https:\/\/repliquemangacine.fr\/de\/ausverkauf\/schlusselanhanger-zenitsu-agatsuma\/","og_site_name":"R\u00e9plique Manga Cin\u00e9","article_publisher":"https:\/\/www.facebook.com\/RepliqueMangaCine","article_modified_time":"2025-09-23T16:02:36+00:00","og_image":[{"width":800,"height":800,"url":"https:\/\/repliquemangacine.fr\/wp-content\/uploads\/2023\/10\/porte-cles-demon-slayers-1.jpg","type":"image\/jpeg"}],"twitter_card":"summary_large_image","twitter_misc":{"Gesch\u00e4tzte Lesezeit":"1\u00a0Minute"},"schema":{"@context":"https:\/\/schema.org","@graph":[{"@type":"WebPage","@id":"https:\/\/repliquemangacine.fr\/en\/balances\/keyring-zenitsu-agatsuma\/","url":"https:\/\/repliquemangacine.fr\/en\/balances\/keyring-zenitsu-agatsuma\/","name":"Zenitsu Agatsuma Schl\u00fcsselanh\u00e4nger - Goodies Verkauf - Manga Cine Replica","isPartOf":{"@id":"https:\/\/repliquemangacine.fr\/#website"},"primaryImageOfPage":{"@id":"https:\/\/repliquemangacine.fr\/en\/balances\/keyring-zenitsu-agatsuma\/#primaryimage"},"image":{"@id":"https:\/\/repliquemangacine.fr\/en\/balances\/keyring-zenitsu-agatsuma\/#primaryimage"},"thumbnailUrl":"https:\/\/repliquemangacine.fr\/wp-content\/uploads\/2023\/10\/porte-cles-demon-slayers-1.jpg","datePublished":"2021-07-20T14:37:44+00:00","dateModified":"2025-09-23T16:02:36+00:00","description":"Exklusiv f\u00fcr Sie! Erleben Sie den Zenitsu Agatsuma Schl\u00fcsselanh\u00e4nger als Chibi Figur in Demon Slayer. F\u00fcr alle Fans ...","breadcrumb":{"@id":"https:\/\/repliquemangacine.fr\/en\/balances\/keyring-zenitsu-agatsuma\/#breadcrumb"},"inLanguage":"de","potentialAction":[{"@type":"ReadAction","target":["https:\/\/repliquemangacine.fr\/en\/balances\/keyring-zenitsu-agatsuma\/"]}]},{"@type":"ImageObject","inLanguage":"de","@id":"https:\/\/repliquemangacine.fr\/en\/balances\/keyring-zenitsu-agatsuma\/#primaryimage","url":"https:\/\/repliquemangacine.fr\/wp-content\/uploads\/2023\/10\/porte-cles-demon-slayers-1.jpg","contentUrl":"https:\/\/repliquemangacine.fr\/wp-content\/uploads\/2023\/10\/porte-cles-demon-slayers-1.jpg","width":800,"height":800,"caption":"Porte-Cl\u00e9s Zenitsu Agatsuma Demon Slayer"},{"@type":"BreadcrumbList","@id":"https:\/\/repliquemangacine.fr\/en\/balances\/keyring-zenitsu-agatsuma\/#breadcrumb","itemListElement":[{"@type":"ListItem","position":1,"name":"Accueil","item":"https:\/\/repliquemangacine.fr\/"},{"@type":"ListItem","position":2,"name":"Produits","item":"https:\/\/repliquemangacine.fr\/boutique\/"},{"@type":"ListItem","position":3,"name":"Porte-cl\u00e9s Zenitsu Agatsuma"}]},{"@type":"WebSite","@id":"https:\/\/repliquemangacine.fr\/#website","url":"https:\/\/repliquemangacine.fr\/","name":"R\u00e9plique Manga Cin\u00e9","description":"","publisher":{"@id":"https:\/\/repliquemangacine.fr\/#organization"},"potentialAction":[{"@type":"SearchAction","target":{"@type":"EntryPoint","urlTemplate":"https:\/\/repliquemangacine.fr\/?s={search_term_string}"},"query-input":{"@type":"PropertyValueSpecification","valueRequired":true,"valueName":"search_term_string"}}],"inLanguage":"de"},{"@type":"Organization","@id":"https:\/\/repliquemangacine.fr\/#organization","name":"R\u00e9plique Manga Cin\u00e9","url":"https:\/\/repliquemangacine.fr\/","logo":{"@type":"ImageObject","inLanguage":"de","@id":"https:\/\/repliquemangacine.fr\/#\/schema\/logo\/image\/","url":"https:\/\/repliquemangacine.fr\/wp-content\/uploads\/2023\/10\/RMC-500250.png","contentUrl":"https:\/\/repliquemangacine.fr\/wp-content\/uploads\/2023\/10\/RMC-500250.png","width":500,"height":250,"caption":"R\u00e9plique Manga Cin\u00e9"},"image":{"@id":"https:\/\/repliquemangacine.fr\/#\/schema\/logo\/image\/"},"sameAs":["https:\/\/www.facebook.com\/RepliqueMangaCine","https:\/\/www.instagram.com\/repliquemangacine.fr\/"]}]}},"_links":{"self":[{"href":"https:\/\/repliquemangacine.fr\/de\/wp-json\/wp\/v2\/product\/41358","targetHints":{"allow":["GET"]}}],"collection":[{"href":"https:\/\/repliquemangacine.fr\/de\/wp-json\/wp\/v2\/product"}],"about":[{"href":"https:\/\/repliquemangacine.fr\/de\/wp-json\/wp\/v2\/types\/product"}],"wp:featuredmedia":[{"embeddable":true,"href":"https:\/\/repliquemangacine.fr\/de\/wp-json\/wp\/v2\/media\/41359"}],"wp:attachment":[{"href":"https:\/\/repliquemangacine.fr\/de\/wp-json\/wp\/v2\/media?parent=41358"}],"wp:term":[{"taxonomy":"product_brand","embeddable":true,"href":"https:\/\/repliquemangacine.fr\/de\/wp-json\/wp\/v2\/product_brand?post=41358"},{"taxonomy":"product_cat","embeddable":true,"href":"https:\/\/repliquemangacine.fr\/de\/wp-json\/wp\/v2\/product_cat?post=41358"},{"taxonomy":"product_tag","embeddable":true,"href":"https:\/\/repliquemangacine.fr\/de\/wp-json\/wp\/v2\/product_tag?post=41358"}],"curies":[{"name":"wp","href":"https:\/\/api.w.org\/{rel}","templated":true}]}}