





{"id":41355,"date":"2021-07-20T16:29:10","date_gmt":"2021-07-20T14:29:10","guid":{"rendered":"https:\/\/repliquemangacine.fr\/?post_type=product&#038;p=41355"},"modified":"2025-09-23T18:02:36","modified_gmt":"2025-09-23T16:02:36","slug":"schlusselanhanger-inosuke-hashibira-demon-slayer","status":"publish","type":"product","link":"https:\/\/repliquemangacine.fr\/de\/porte-cles-goodies\/porte-cles-inosuke-hashibira-demon-slayer\/","title":{"rendered":"Schl\u00fcsselanh\u00e4nger Inosuke Hashibira"},"content":{"rendered":"<p>Schl\u00fcsselanh\u00e4nger Inosuke Hashibira - Kimetsu no Yaiba oder Demon Slayer erz\u00e4hlt die Geschichte von Tanjiro. Ein junger Mann, dessen Vater verstorben ist. Eines Tages, als er sich auf den Weg macht, um im nahe gelegenen Dorf Kohle zu verkaufen, findet er seine gesamte Familie ermordet vor. Die einzige \u00dcberlebende ist seine Schwester Nezuko, die in einen D\u00e4mon verwandelt wurde. Sie scheint sich noch einige menschliche Gedanken bewahrt zu haben. ( Gesammelt von <a href=\"https:\/\/kimetsu-no-yaiba.fandom.com\/fr\/wiki\/Inosuke_Hashibira\">Fandom<\/a> ).<\/p>\n<p>Tanjiro begibt sich daraufhin auf eine lange Reise, um einen Weg zu finden, seine Schwester wieder in einen Menschen zu verwandeln und seine Familie zu r\u00e4chen...<\/p>\n<p>Es sei darauf hingewiesen, dass D\u00e9mon Slayer mit \u00fcber 12 Millionen verkauften Exemplaren der meistverkaufte Manga des Jahres 2019 ist und damit vor One Piece liegt. ( Interview von Fandom )<\/p>\n<p>Abschlie\u00dfend l\u00e4sst sich sagen, dass Inosuke Hashibira der Reisebegleiter von Tanjir\u014d ist, er ist j\u00e4hzornig und stolz. Sein Kampfstil ist \u201cAtem des Tieres\u201d.\u201d<\/p>\n<p>Wir bieten Ihnen auch alle Katanas aus Demon Slayer an. Wie das <a href=\"https:\/\/repliquemangacine.fr\/de\/demon-slayer\/katana-tanjiro-kamado-demon-slayer\/\">Katana von Tanjiro Kamado<\/a> und seinem runden Metallschutz in Form einer Blume. Es gibt auch, den <a href=\"https:\/\/repliquemangacine.fr\/de\/demon-slayer\/katana-von-inosuke-hashibira-demon-slayer\/\">Katana Inosuke Hashibira<\/a> mit seiner Klinge voller Kerben, die wunderbar zu Ihrem Schl\u00fcsselanh\u00e4nger passt. Und vieles mehr zu entdecken.<\/p>\n<p>F\u00fcr einen Ausflug mit der ganzen Familie gibt es auch das <a href=\"https:\/\/repliquemangacine.fr\/de\/demon-slayer\/puzzle-demon-slayer-1000-pieces-poster\/\">Demon Slayer Puzzle<\/a> 1000 St\u00fcck mit einem Poster als Bonus f\u00fcr Fans.<\/p>\n<p>Hier ist eine gro\u00dfartige Geschenkidee f\u00fcr Fans von Demon Slayer: der Schl\u00fcsselanh\u00e4nger Inosuke Hashibira.<\/p>","protected":false},"excerpt":{"rendered":"<p>Wundersch\u00f6ner Schl\u00fcsselanh\u00e4nger, der von der Figur Inosuke Hashibira aus \"Demon Slayer\" inspiriert wurde.<br \/>\nDie Chibi-Figur ist aus weichem Gummi und wird von einer Minikette gehalten, die mit einem Ring f\u00fcr die Schl\u00fcssel endet. Die beiden Seiten sind identisch.<br \/>\nWird in einem Vitrinenblister geliefert<\/p>\n<p>H\u00f6he der Figur: 8.5cm - Gesamtl\u00e4nge des Schl\u00fcsselanh\u00e4ngers: 13.5cm - Gewicht 20 grs<\/p>","protected":false},"featured_media":41356,"template":"","meta":[],"product_brand":[896],"product_cat":[63,94,23,96],"product_tag":[],"class_list":{"0":"post-41355","1":"product","2":"type-product","3":"status-publish","4":"has-post-thumbnail","6":"product_brand-replique-manga-cine","7":"product_cat-katana-demon-slayer","8":"product_cat-goodies","9":"product_cat-repliques-manga-jeux-video","10":"product_cat-porte-cles-goodies","12":"first","13":"instock","14":"sale","15":"taxable","16":"shipping-taxable","17":"purchasable","18":"product-type-simple"},"yoast_head":"<!-- This site is optimized with the Yoast SEO plugin v27.5 - https:\/\/yoast.com\/product\/yoast-seo-wordpress\/ -->\n<title>Porte-cl\u00e9s Inosuke Hashibira-Demon Slayer - R\u00e9plique Manga Cine<\/title>\n<meta name=\"description\" content=\"Commandez vite ! Ce superbe Porte-cl\u00e9s Inosuke Hashibira dans D\u00e9mon Slayer. Cette petite figurine chibi vous sera tr\u00e8s utile !\" \/>\n<meta name=\"robots\" content=\"index, follow, max-snippet:-1, max-image-preview:large, max-video-preview:-1\" \/>\n<link rel=\"canonical\" href=\"https:\/\/repliquemangacine.fr\/de\/schlusselanhanger-goodies\/schlusselanhanger-inosuke-hashibira-demon-slayer\/\" \/>\n<meta property=\"og:locale\" content=\"de_DE\" \/>\n<meta property=\"og:type\" content=\"article\" \/>\n<meta property=\"og:title\" content=\"Porte-cl\u00e9s Inosuke Hashibira-Demon Slayer - R\u00e9plique Manga Cine\" \/>\n<meta property=\"og:description\" content=\"Commandez vite ! Ce superbe Porte-cl\u00e9s Inosuke Hashibira dans D\u00e9mon Slayer. Cette petite figurine chibi vous sera tr\u00e8s utile !\" \/>\n<meta property=\"og:url\" content=\"https:\/\/repliquemangacine.fr\/de\/schlusselanhanger-goodies\/schlusselanhanger-inosuke-hashibira-demon-slayer\/\" \/>\n<meta property=\"og:site_name\" content=\"R\u00e9plique Manga Cin\u00e9\" \/>\n<meta property=\"article:publisher\" content=\"https:\/\/www.facebook.com\/RepliqueMangaCine\" \/>\n<meta property=\"article:modified_time\" content=\"2025-09-23T16:02:36+00:00\" \/>\n<meta property=\"og:image\" content=\"https:\/\/repliquemangacine.fr\/wp-content\/uploads\/2023\/10\/porte-cles-demon-slayers.jpg\" \/>\n\t<meta property=\"og:image:width\" content=\"800\" \/>\n\t<meta property=\"og:image:height\" content=\"800\" \/>\n\t<meta property=\"og:image:type\" content=\"image\/jpeg\" \/>\n<meta name=\"twitter:card\" content=\"summary_large_image\" \/>\n<meta name=\"twitter:label1\" content=\"Gesch\u00e4tzte Lesezeit\" \/>\n\t<meta name=\"twitter:data1\" content=\"1\u00a0Minute\" \/>\n<script type=\"application\/ld+json\" class=\"yoast-schema-graph\">{\"@context\":\"https:\\\/\\\/schema.org\",\"@graph\":[{\"@type\":\"WebPage\",\"@id\":\"https:\\\/\\\/repliquemangacine.fr\\\/en\\\/key-ring-goodies\\\/key-ring-inosuke-hashibira-demon-slayer\\\/\",\"url\":\"https:\\\/\\\/repliquemangacine.fr\\\/en\\\/key-ring-goodies\\\/key-ring-inosuke-hashibira-demon-slayer\\\/\",\"name\":\"Porte-cl\u00e9s Inosuke Hashibira-Demon Slayer - R\u00e9plique Manga Cine\",\"isPartOf\":{\"@id\":\"https:\\\/\\\/repliquemangacine.fr\\\/#website\"},\"primaryImageOfPage\":{\"@id\":\"https:\\\/\\\/repliquemangacine.fr\\\/en\\\/key-ring-goodies\\\/key-ring-inosuke-hashibira-demon-slayer\\\/#primaryimage\"},\"image\":{\"@id\":\"https:\\\/\\\/repliquemangacine.fr\\\/en\\\/key-ring-goodies\\\/key-ring-inosuke-hashibira-demon-slayer\\\/#primaryimage\"},\"thumbnailUrl\":\"https:\\\/\\\/repliquemangacine.fr\\\/wp-content\\\/uploads\\\/2023\\\/10\\\/porte-cles-demon-slayers.jpg\",\"datePublished\":\"2021-07-20T14:29:10+00:00\",\"dateModified\":\"2025-09-23T16:02:36+00:00\",\"description\":\"Commandez vite ! Ce superbe Porte-cl\u00e9s Inosuke Hashibira dans D\u00e9mon Slayer. Cette petite figurine chibi vous sera tr\u00e8s utile !\",\"breadcrumb\":{\"@id\":\"https:\\\/\\\/repliquemangacine.fr\\\/en\\\/key-ring-goodies\\\/key-ring-inosuke-hashibira-demon-slayer\\\/#breadcrumb\"},\"inLanguage\":\"de\",\"potentialAction\":[{\"@type\":\"ReadAction\",\"target\":[\"https:\\\/\\\/repliquemangacine.fr\\\/en\\\/key-ring-goodies\\\/key-ring-inosuke-hashibira-demon-slayer\\\/\"]}]},{\"@type\":\"ImageObject\",\"inLanguage\":\"de\",\"@id\":\"https:\\\/\\\/repliquemangacine.fr\\\/en\\\/key-ring-goodies\\\/key-ring-inosuke-hashibira-demon-slayer\\\/#primaryimage\",\"url\":\"https:\\\/\\\/repliquemangacine.fr\\\/wp-content\\\/uploads\\\/2023\\\/10\\\/porte-cles-demon-slayers.jpg\",\"contentUrl\":\"https:\\\/\\\/repliquemangacine.fr\\\/wp-content\\\/uploads\\\/2023\\\/10\\\/porte-cles-demon-slayers.jpg\",\"width\":800,\"height\":800,\"caption\":\"Porte-cl\u00e9s Inosuke Hashibira D\u00e9mon Slayer\"},{\"@type\":\"BreadcrumbList\",\"@id\":\"https:\\\/\\\/repliquemangacine.fr\\\/en\\\/key-ring-goodies\\\/key-ring-inosuke-hashibira-demon-slayer\\\/#breadcrumb\",\"itemListElement\":[{\"@type\":\"ListItem\",\"position\":1,\"name\":\"Accueil\",\"item\":\"https:\\\/\\\/repliquemangacine.fr\\\/\"},{\"@type\":\"ListItem\",\"position\":2,\"name\":\"Produits\",\"item\":\"https:\\\/\\\/repliquemangacine.fr\\\/boutique\\\/\"},{\"@type\":\"ListItem\",\"position\":3,\"name\":\"Porte-cl\u00e9s Inosuke Hashibira\"}]},{\"@type\":\"WebSite\",\"@id\":\"https:\\\/\\\/repliquemangacine.fr\\\/#website\",\"url\":\"https:\\\/\\\/repliquemangacine.fr\\\/\",\"name\":\"R\u00e9plique Manga Cin\u00e9\",\"description\":\"\",\"publisher\":{\"@id\":\"https:\\\/\\\/repliquemangacine.fr\\\/#organization\"},\"potentialAction\":[{\"@type\":\"SearchAction\",\"target\":{\"@type\":\"EntryPoint\",\"urlTemplate\":\"https:\\\/\\\/repliquemangacine.fr\\\/?s={search_term_string}\"},\"query-input\":{\"@type\":\"PropertyValueSpecification\",\"valueRequired\":true,\"valueName\":\"search_term_string\"}}],\"inLanguage\":\"de\"},{\"@type\":\"Organization\",\"@id\":\"https:\\\/\\\/repliquemangacine.fr\\\/#organization\",\"name\":\"R\u00e9plique Manga Cin\u00e9\",\"url\":\"https:\\\/\\\/repliquemangacine.fr\\\/\",\"logo\":{\"@type\":\"ImageObject\",\"inLanguage\":\"de\",\"@id\":\"https:\\\/\\\/repliquemangacine.fr\\\/#\\\/schema\\\/logo\\\/image\\\/\",\"url\":\"https:\\\/\\\/repliquemangacine.fr\\\/wp-content\\\/uploads\\\/2023\\\/10\\\/RMC-500250.png\",\"contentUrl\":\"https:\\\/\\\/repliquemangacine.fr\\\/wp-content\\\/uploads\\\/2023\\\/10\\\/RMC-500250.png\",\"width\":500,\"height\":250,\"caption\":\"R\u00e9plique Manga Cin\u00e9\"},\"image\":{\"@id\":\"https:\\\/\\\/repliquemangacine.fr\\\/#\\\/schema\\\/logo\\\/image\\\/\"},\"sameAs\":[\"https:\\\/\\\/www.facebook.com\\\/RepliqueMangaCine\",\"https:\\\/\\\/www.instagram.com\\\/repliquemangacine.fr\\\/\"]}]}<\/script>\n<!-- \/ Yoast SEO plugin. -->","yoast_head_json":{"title":"Inosuke Hashibira-Demon Slayer Schl\u00fcsselanh\u00e4nger - Manga Cine Replik","description":"Bestellen Sie schnell! Dieser tolle Schl\u00fcsselanh\u00e4nger von Inosuke Hashibira aus \"Demon Slayer\". Diese kleine Chibi-Figur wird Ihnen sehr n\u00fctzlich sein!","robots":{"index":"index","follow":"follow","max-snippet":"max-snippet:-1","max-image-preview":"max-image-preview:large","max-video-preview":"max-video-preview:-1"},"canonical":"https:\/\/repliquemangacine.fr\/de\/schlusselanhanger-goodies\/schlusselanhanger-inosuke-hashibira-demon-slayer\/","og_locale":"de_DE","og_type":"article","og_title":"Porte-cl\u00e9s Inosuke Hashibira-Demon Slayer - R\u00e9plique Manga Cine","og_description":"Commandez vite ! Ce superbe Porte-cl\u00e9s Inosuke Hashibira dans D\u00e9mon Slayer. Cette petite figurine chibi vous sera tr\u00e8s utile !","og_url":"https:\/\/repliquemangacine.fr\/de\/schlusselanhanger-goodies\/schlusselanhanger-inosuke-hashibira-demon-slayer\/","og_site_name":"R\u00e9plique Manga Cin\u00e9","article_publisher":"https:\/\/www.facebook.com\/RepliqueMangaCine","article_modified_time":"2025-09-23T16:02:36+00:00","og_image":[{"width":800,"height":800,"url":"https:\/\/repliquemangacine.fr\/wp-content\/uploads\/2023\/10\/porte-cles-demon-slayers.jpg","type":"image\/jpeg"}],"twitter_card":"summary_large_image","twitter_misc":{"Gesch\u00e4tzte Lesezeit":"1\u00a0Minute"},"schema":{"@context":"https:\/\/schema.org","@graph":[{"@type":"WebPage","@id":"https:\/\/repliquemangacine.fr\/en\/key-ring-goodies\/key-ring-inosuke-hashibira-demon-slayer\/","url":"https:\/\/repliquemangacine.fr\/en\/key-ring-goodies\/key-ring-inosuke-hashibira-demon-slayer\/","name":"Inosuke Hashibira-Demon Slayer Schl\u00fcsselanh\u00e4nger - Manga Cine Replik","isPartOf":{"@id":"https:\/\/repliquemangacine.fr\/#website"},"primaryImageOfPage":{"@id":"https:\/\/repliquemangacine.fr\/en\/key-ring-goodies\/key-ring-inosuke-hashibira-demon-slayer\/#primaryimage"},"image":{"@id":"https:\/\/repliquemangacine.fr\/en\/key-ring-goodies\/key-ring-inosuke-hashibira-demon-slayer\/#primaryimage"},"thumbnailUrl":"https:\/\/repliquemangacine.fr\/wp-content\/uploads\/2023\/10\/porte-cles-demon-slayers.jpg","datePublished":"2021-07-20T14:29:10+00:00","dateModified":"2025-09-23T16:02:36+00:00","description":"Bestellen Sie schnell! Dieser tolle Schl\u00fcsselanh\u00e4nger von Inosuke Hashibira aus \"Demon Slayer\". Diese kleine Chibi-Figur wird Ihnen sehr n\u00fctzlich sein!","breadcrumb":{"@id":"https:\/\/repliquemangacine.fr\/en\/key-ring-goodies\/key-ring-inosuke-hashibira-demon-slayer\/#breadcrumb"},"inLanguage":"de","potentialAction":[{"@type":"ReadAction","target":["https:\/\/repliquemangacine.fr\/en\/key-ring-goodies\/key-ring-inosuke-hashibira-demon-slayer\/"]}]},{"@type":"ImageObject","inLanguage":"de","@id":"https:\/\/repliquemangacine.fr\/en\/key-ring-goodies\/key-ring-inosuke-hashibira-demon-slayer\/#primaryimage","url":"https:\/\/repliquemangacine.fr\/wp-content\/uploads\/2023\/10\/porte-cles-demon-slayers.jpg","contentUrl":"https:\/\/repliquemangacine.fr\/wp-content\/uploads\/2023\/10\/porte-cles-demon-slayers.jpg","width":800,"height":800,"caption":"Porte-cl\u00e9s Inosuke Hashibira D\u00e9mon Slayer"},{"@type":"BreadcrumbList","@id":"https:\/\/repliquemangacine.fr\/en\/key-ring-goodies\/key-ring-inosuke-hashibira-demon-slayer\/#breadcrumb","itemListElement":[{"@type":"ListItem","position":1,"name":"Accueil","item":"https:\/\/repliquemangacine.fr\/"},{"@type":"ListItem","position":2,"name":"Produits","item":"https:\/\/repliquemangacine.fr\/boutique\/"},{"@type":"ListItem","position":3,"name":"Porte-cl\u00e9s Inosuke Hashibira"}]},{"@type":"WebSite","@id":"https:\/\/repliquemangacine.fr\/#website","url":"https:\/\/repliquemangacine.fr\/","name":"R\u00e9plique Manga Cin\u00e9","description":"","publisher":{"@id":"https:\/\/repliquemangacine.fr\/#organization"},"potentialAction":[{"@type":"SearchAction","target":{"@type":"EntryPoint","urlTemplate":"https:\/\/repliquemangacine.fr\/?s={search_term_string}"},"query-input":{"@type":"PropertyValueSpecification","valueRequired":true,"valueName":"search_term_string"}}],"inLanguage":"de"},{"@type":"Organization","@id":"https:\/\/repliquemangacine.fr\/#organization","name":"R\u00e9plique Manga Cin\u00e9","url":"https:\/\/repliquemangacine.fr\/","logo":{"@type":"ImageObject","inLanguage":"de","@id":"https:\/\/repliquemangacine.fr\/#\/schema\/logo\/image\/","url":"https:\/\/repliquemangacine.fr\/wp-content\/uploads\/2023\/10\/RMC-500250.png","contentUrl":"https:\/\/repliquemangacine.fr\/wp-content\/uploads\/2023\/10\/RMC-500250.png","width":500,"height":250,"caption":"R\u00e9plique Manga Cin\u00e9"},"image":{"@id":"https:\/\/repliquemangacine.fr\/#\/schema\/logo\/image\/"},"sameAs":["https:\/\/www.facebook.com\/RepliqueMangaCine","https:\/\/www.instagram.com\/repliquemangacine.fr\/"]}]}},"_links":{"self":[{"href":"https:\/\/repliquemangacine.fr\/de\/wp-json\/wp\/v2\/product\/41355","targetHints":{"allow":["GET"]}}],"collection":[{"href":"https:\/\/repliquemangacine.fr\/de\/wp-json\/wp\/v2\/product"}],"about":[{"href":"https:\/\/repliquemangacine.fr\/de\/wp-json\/wp\/v2\/types\/product"}],"wp:featuredmedia":[{"embeddable":true,"href":"https:\/\/repliquemangacine.fr\/de\/wp-json\/wp\/v2\/media\/41356"}],"wp:attachment":[{"href":"https:\/\/repliquemangacine.fr\/de\/wp-json\/wp\/v2\/media?parent=41355"}],"wp:term":[{"taxonomy":"product_brand","embeddable":true,"href":"https:\/\/repliquemangacine.fr\/de\/wp-json\/wp\/v2\/product_brand?post=41355"},{"taxonomy":"product_cat","embeddable":true,"href":"https:\/\/repliquemangacine.fr\/de\/wp-json\/wp\/v2\/product_cat?post=41355"},{"taxonomy":"product_tag","embeddable":true,"href":"https:\/\/repliquemangacine.fr\/de\/wp-json\/wp\/v2\/product_tag?post=41355"}],"curies":[{"name":"wp","href":"https:\/\/api.w.org\/{rel}","templated":true}]}}