





{"id":41339,"date":"2021-07-20T13:50:11","date_gmt":"2021-07-20T11:50:11","guid":{"rendered":"https:\/\/repliquemangacine.fr\/?post_type=product&#038;p=41339"},"modified":"2025-11-07T15:57:39","modified_gmt":"2025-11-07T14:57:39","slug":"tasse-handschuh-von-thanos-marvel","status":"publish","type":"product","link":"https:\/\/repliquemangacine.fr\/de\/mugs-manga\/mug-gant-de-thanos-marvel\/","title":{"rendered":"Tasse Thanos-Handschuh Marvel"},"content":{"rendered":"<h2>Tasse Thanos' Handschuh aus Keramik aus dem Marvel-Universum.<\/h2>\n<p>Der Becher Thanos' Handschuh ist ganz aus Keramik mit Infinity-Steinen in allen Farben.<\/p>\n<p>Thanos ist ein Superschurke aus dem Marvel-Universum, der auch als verr\u00fcckter Titan bezeichnet wird.<\/p>\n<p>Wird von allen als die ultimative Verk\u00f6rperung des Sadismus angesehen, <a href=\"https:\/\/universcinematographiquemarvel.fandom.com\/fr\/wiki\/Thanos#Personnalit\u00e9\">Thanos<\/a> ist in Wirklichkeit eine gequ\u00e4lte Seele mit seiner traumatischen Vergangenheit.Extrem selbstbewusst mit Arroganz, schien fast unm\u00f6glich einzusch\u00fcchtern. Trotz der Grausamkeit von Thanos war er nicht ohne Mitgef\u00fchl, vor allem gegen\u00fcber Kindern.<\/p>\n<p>Thanos ist ein immens m\u00e4chtiger Titan, der in der gesamten Galaxie als eines der m\u00e4chtigsten Wesen des Universums gef\u00fcrchtet wird. Er kann mit Leichtigkeit gegen andere m\u00e4chtige Wesen wie Thor und Hulk k\u00e4mpfen. Selbst Thor hat erkannt, dass er Stormbreaker braucht, wenn er Thanos gegen\u00fcbertreten muss, da ein Kampf gegen ihn ohne Stormbreaker selbstm\u00f6rderisch w\u00e4re.<\/p>\n<p>Als Thanos schlie\u00dflich von Iron Man besiegt wird, l\u00e4chelt ihm der Tod zu. Als er den Sonnenaufgang sieht, ist Thanos sichtlich verwirrt und findet ein wenig Trost. Er genie\u00dft ihn, ohne sich zu sch\u00e4men, und nimmt seine Niederlage und sein Schicksal mit W\u00fcrde an.<\/p>\n<h3>Wir bieten Ihnen eine gro\u00dfe Auswahl an Repliken aus dem Marvel-Universum.<\/h3>\n<p>Zun\u00e4chst einmal,<\/p>\n<ul>\n<li>L'<a href=\"https:\/\/repliquemangacine.fr\/de\/superheld\/double-epee-de-thanos-avengers-endgame\/\">Doppelklingenschwert<\/a> des m\u00e4chtigen Thanos ganz aus Glasfaser.<\/li>\n<li>Anschlie\u00dfend wird der <a href=\"https:\/\/repliquemangacine.fr\/de\/superheld\/marteau-de-thor-mjoellnir-en-metal-avec-base\/\">Thors Hammer Mj\u00f6llnir<\/a> in seiner Luxusausf\u00fchrung ganz aus Metall und seiner Pr\u00e4sentationsbasis, gibt es auch in Kunstharz.<\/li>\n<li>Es gibt auch das ber\u00fchmte <a href=\"https:\/\/repliquemangacine.fr\/de\/superheld\/captain-america-schild-luxusversion\/\">Captain Americas Schild<\/a> im Ma\u00dfstab 1:1 ganz aus Metall.<\/li>\n<li>Sowie die Replik des Amulett-Anh\u00e4ngers von Dr. Strange die<a href=\"https:\/\/repliquemangacine.fr\/de\/superheld\/agamotto-auge-amulett-anhanger-dr-strange\/\">Agamottos Auge<\/a> in Avengers.<\/li>\n<li>Und viele andere mehr!<\/li>\n<\/ul>\n<p>Hier ist eine tolle Geschenkidee f\u00fcr alle Fans von Marvels Superhelden.<\/p>\n<h3>Sie k\u00f6nnen die Tasse Thanos' Handschuh im Alltag verwenden.<\/h3>\n<p>Vor allem ist diese Tasse ein Sammler- und Dekorationsst\u00fcck.<\/p>","protected":false},"excerpt":{"rendered":"<p>Exklusiv f\u00fcr R\u00e9plique Manga Cin\u00e9!<\/p>\n<ul>\n<li>Wundersch\u00f6ne Keramiktasse in Form des Handschuhs von Thanos mit seinen Infinity-Steinen in allen Farben.<\/li>\n<li>Breiter Henkel f\u00fcr guten Halt in der Hand.<\/li>\n<li>Wird in einer Schachtel mit den Farben der Avengers geliefert.<\/li>\n<li>Ein reines Wunder f\u00fcr Fans!<\/li>\n<li>H\u00f6he des Bechers: 11cm - Breite mit Henkel: 16.5cm - Durchmesser: 8.5cm - Gewicht: 565 grs<\/li>\n<\/ul>","protected":false},"featured_media":41340,"template":"","meta":[],"product_brand":[896],"product_cat":[24,94,95,101,59],"product_tag":[],"class_list":{"0":"post-41339","1":"product","2":"type-product","3":"status-publish","4":"has-post-thumbnail","6":"product_brand-replique-manga-cine","7":"product_cat-films-series-tv-vente-de-katana-epee-et-produits-derives","8":"product_cat-goodies","9":"product_cat-mugs-manga","10":"product_cat-soldes","11":"product_cat-super-heros-marvel","13":"first","14":"instock","15":"sale","16":"taxable","17":"shipping-taxable","18":"purchasable","19":"product-type-simple"},"yoast_head":"<!-- This site is optimized with the Yoast SEO plugin v27.5 - https:\/\/yoast.com\/product\/yoast-seo-wordpress\/ -->\n<title>Mug Gant de Thanos- Avengers Infinity War - R\u00e9plique Manga Cin\u00e9<\/title>\n<meta name=\"description\" content=\"Magnifique Mug Gant de Thanos en c\u00e9ramic et pierre de l&#039;infinity de chez Marvel. Cette tasse de collection vous ira a ravir !\" \/>\n<meta name=\"robots\" content=\"index, follow, max-snippet:-1, max-image-preview:large, max-video-preview:-1\" \/>\n<link rel=\"canonical\" href=\"https:\/\/repliquemangacine.fr\/de\/ausverkauf\/tasse-handschuh-von-thanos-marvel\/\" \/>\n<meta property=\"og:locale\" content=\"de_DE\" \/>\n<meta property=\"og:type\" content=\"article\" \/>\n<meta property=\"og:title\" content=\"Mug Gant de Thanos- Avengers Infinity War - R\u00e9plique Manga Cin\u00e9\" \/>\n<meta property=\"og:description\" content=\"Magnifique Mug Gant de Thanos en c\u00e9ramic et pierre de l&#039;infinity de chez Marvel. Cette tasse de collection vous ira a ravir !\" \/>\n<meta property=\"og:url\" content=\"https:\/\/repliquemangacine.fr\/de\/ausverkauf\/tasse-handschuh-von-thanos-marvel\/\" \/>\n<meta property=\"og:site_name\" content=\"R\u00e9plique Manga Cin\u00e9\" \/>\n<meta property=\"article:publisher\" content=\"https:\/\/www.facebook.com\/RepliqueMangaCine\" \/>\n<meta property=\"article:modified_time\" content=\"2025-11-07T14:57:39+00:00\" \/>\n<meta property=\"og:image\" content=\"https:\/\/repliquemangacine.fr\/wp-content\/uploads\/2023\/10\/tasse-thanos.jpg\" \/>\n\t<meta property=\"og:image:width\" content=\"800\" \/>\n\t<meta property=\"og:image:height\" content=\"800\" \/>\n\t<meta property=\"og:image:type\" content=\"image\/jpeg\" \/>\n<meta name=\"twitter:card\" content=\"summary_large_image\" \/>\n<meta name=\"twitter:label1\" content=\"Gesch\u00e4tzte Lesezeit\" \/>\n\t<meta name=\"twitter:data1\" content=\"1\u00a0Minute\" \/>\n<script type=\"application\/ld+json\" class=\"yoast-schema-graph\">{\"@context\":\"https:\\\/\\\/schema.org\",\"@graph\":[{\"@type\":\"WebPage\",\"@id\":\"https:\\\/\\\/repliquemangacine.fr\\\/soldes\\\/mug-gant-de-thanos-marvel\\\/\",\"url\":\"https:\\\/\\\/repliquemangacine.fr\\\/soldes\\\/mug-gant-de-thanos-marvel\\\/\",\"name\":\"Mug Gant de Thanos- Avengers Infinity War - R\u00e9plique Manga Cin\u00e9\",\"isPartOf\":{\"@id\":\"https:\\\/\\\/repliquemangacine.fr\\\/#website\"},\"primaryImageOfPage\":{\"@id\":\"https:\\\/\\\/repliquemangacine.fr\\\/soldes\\\/mug-gant-de-thanos-marvel\\\/#primaryimage\"},\"image\":{\"@id\":\"https:\\\/\\\/repliquemangacine.fr\\\/soldes\\\/mug-gant-de-thanos-marvel\\\/#primaryimage\"},\"thumbnailUrl\":\"https:\\\/\\\/repliquemangacine.fr\\\/wp-content\\\/uploads\\\/2023\\\/10\\\/tasse-thanos.jpg\",\"datePublished\":\"2021-07-20T11:50:11+00:00\",\"dateModified\":\"2025-11-07T14:57:39+00:00\",\"description\":\"Magnifique Mug Gant de Thanos en c\u00e9ramic et pierre de l'infinity de chez Marvel. Cette tasse de collection vous ira a ravir !\",\"breadcrumb\":{\"@id\":\"https:\\\/\\\/repliquemangacine.fr\\\/soldes\\\/mug-gant-de-thanos-marvel\\\/#breadcrumb\"},\"inLanguage\":\"de\",\"potentialAction\":[{\"@type\":\"ReadAction\",\"target\":[\"https:\\\/\\\/repliquemangacine.fr\\\/soldes\\\/mug-gant-de-thanos-marvel\\\/\"]}]},{\"@type\":\"ImageObject\",\"inLanguage\":\"de\",\"@id\":\"https:\\\/\\\/repliquemangacine.fr\\\/soldes\\\/mug-gant-de-thanos-marvel\\\/#primaryimage\",\"url\":\"https:\\\/\\\/repliquemangacine.fr\\\/wp-content\\\/uploads\\\/2023\\\/10\\\/tasse-thanos.jpg\",\"contentUrl\":\"https:\\\/\\\/repliquemangacine.fr\\\/wp-content\\\/uploads\\\/2023\\\/10\\\/tasse-thanos.jpg\",\"width\":800,\"height\":800,\"caption\":\"Mug gant de thanos Marvel\"},{\"@type\":\"BreadcrumbList\",\"@id\":\"https:\\\/\\\/repliquemangacine.fr\\\/soldes\\\/mug-gant-de-thanos-marvel\\\/#breadcrumb\",\"itemListElement\":[{\"@type\":\"ListItem\",\"position\":1,\"name\":\"Accueil\",\"item\":\"https:\\\/\\\/repliquemangacine.fr\\\/\"},{\"@type\":\"ListItem\",\"position\":2,\"name\":\"Produits\",\"item\":\"https:\\\/\\\/repliquemangacine.fr\\\/boutique\\\/\"},{\"@type\":\"ListItem\",\"position\":3,\"name\":\"Mug Gant de Thanos Marvel\"}]},{\"@type\":\"WebSite\",\"@id\":\"https:\\\/\\\/repliquemangacine.fr\\\/#website\",\"url\":\"https:\\\/\\\/repliquemangacine.fr\\\/\",\"name\":\"R\u00e9plique Manga Cin\u00e9\",\"description\":\"\",\"publisher\":{\"@id\":\"https:\\\/\\\/repliquemangacine.fr\\\/#organization\"},\"potentialAction\":[{\"@type\":\"SearchAction\",\"target\":{\"@type\":\"EntryPoint\",\"urlTemplate\":\"https:\\\/\\\/repliquemangacine.fr\\\/?s={search_term_string}\"},\"query-input\":{\"@type\":\"PropertyValueSpecification\",\"valueRequired\":true,\"valueName\":\"search_term_string\"}}],\"inLanguage\":\"de\"},{\"@type\":\"Organization\",\"@id\":\"https:\\\/\\\/repliquemangacine.fr\\\/#organization\",\"name\":\"R\u00e9plique Manga Cin\u00e9\",\"url\":\"https:\\\/\\\/repliquemangacine.fr\\\/\",\"logo\":{\"@type\":\"ImageObject\",\"inLanguage\":\"de\",\"@id\":\"https:\\\/\\\/repliquemangacine.fr\\\/#\\\/schema\\\/logo\\\/image\\\/\",\"url\":\"https:\\\/\\\/repliquemangacine.fr\\\/wp-content\\\/uploads\\\/2023\\\/10\\\/RMC-500250.png\",\"contentUrl\":\"https:\\\/\\\/repliquemangacine.fr\\\/wp-content\\\/uploads\\\/2023\\\/10\\\/RMC-500250.png\",\"width\":500,\"height\":250,\"caption\":\"R\u00e9plique Manga Cin\u00e9\"},\"image\":{\"@id\":\"https:\\\/\\\/repliquemangacine.fr\\\/#\\\/schema\\\/logo\\\/image\\\/\"},\"sameAs\":[\"https:\\\/\\\/www.facebook.com\\\/RepliqueMangaCine\",\"https:\\\/\\\/www.instagram.com\\\/repliquemangacine.fr\\\/\"]}]}<\/script>\n<!-- \/ Yoast SEO plugin. -->","yoast_head_json":{"title":"Tasse Thanos' Handschuh- Avengers Infinity War - R\u00e9plique Manga Cin\u00e9","description":"Wundersch\u00f6ne Tasse Handschuh von Thanos aus Keramik und Infinity-Stein von Marvel. Diese Sammeltasse wird Ihnen gut stehen!","robots":{"index":"index","follow":"follow","max-snippet":"max-snippet:-1","max-image-preview":"max-image-preview:large","max-video-preview":"max-video-preview:-1"},"canonical":"https:\/\/repliquemangacine.fr\/de\/ausverkauf\/tasse-handschuh-von-thanos-marvel\/","og_locale":"de_DE","og_type":"article","og_title":"Mug Gant de Thanos- Avengers Infinity War - R\u00e9plique Manga Cin\u00e9","og_description":"Magnifique Mug Gant de Thanos en c\u00e9ramic et pierre de l'infinity de chez Marvel. Cette tasse de collection vous ira a ravir !","og_url":"https:\/\/repliquemangacine.fr\/de\/ausverkauf\/tasse-handschuh-von-thanos-marvel\/","og_site_name":"R\u00e9plique Manga Cin\u00e9","article_publisher":"https:\/\/www.facebook.com\/RepliqueMangaCine","article_modified_time":"2025-11-07T14:57:39+00:00","og_image":[{"width":800,"height":800,"url":"https:\/\/repliquemangacine.fr\/wp-content\/uploads\/2023\/10\/tasse-thanos.jpg","type":"image\/jpeg"}],"twitter_card":"summary_large_image","twitter_misc":{"Gesch\u00e4tzte Lesezeit":"1\u00a0Minute"},"schema":{"@context":"https:\/\/schema.org","@graph":[{"@type":"WebPage","@id":"https:\/\/repliquemangacine.fr\/soldes\/mug-gant-de-thanos-marvel\/","url":"https:\/\/repliquemangacine.fr\/soldes\/mug-gant-de-thanos-marvel\/","name":"Tasse Thanos' Handschuh- Avengers Infinity War - R\u00e9plique Manga Cin\u00e9","isPartOf":{"@id":"https:\/\/repliquemangacine.fr\/#website"},"primaryImageOfPage":{"@id":"https:\/\/repliquemangacine.fr\/soldes\/mug-gant-de-thanos-marvel\/#primaryimage"},"image":{"@id":"https:\/\/repliquemangacine.fr\/soldes\/mug-gant-de-thanos-marvel\/#primaryimage"},"thumbnailUrl":"https:\/\/repliquemangacine.fr\/wp-content\/uploads\/2023\/10\/tasse-thanos.jpg","datePublished":"2021-07-20T11:50:11+00:00","dateModified":"2025-11-07T14:57:39+00:00","description":"Wundersch\u00f6ne Tasse Handschuh von Thanos aus Keramik und Infinity-Stein von Marvel. Diese Sammeltasse wird Ihnen gut stehen!","breadcrumb":{"@id":"https:\/\/repliquemangacine.fr\/soldes\/mug-gant-de-thanos-marvel\/#breadcrumb"},"inLanguage":"de","potentialAction":[{"@type":"ReadAction","target":["https:\/\/repliquemangacine.fr\/soldes\/mug-gant-de-thanos-marvel\/"]}]},{"@type":"ImageObject","inLanguage":"de","@id":"https:\/\/repliquemangacine.fr\/soldes\/mug-gant-de-thanos-marvel\/#primaryimage","url":"https:\/\/repliquemangacine.fr\/wp-content\/uploads\/2023\/10\/tasse-thanos.jpg","contentUrl":"https:\/\/repliquemangacine.fr\/wp-content\/uploads\/2023\/10\/tasse-thanos.jpg","width":800,"height":800,"caption":"Mug gant de thanos Marvel"},{"@type":"BreadcrumbList","@id":"https:\/\/repliquemangacine.fr\/soldes\/mug-gant-de-thanos-marvel\/#breadcrumb","itemListElement":[{"@type":"ListItem","position":1,"name":"Accueil","item":"https:\/\/repliquemangacine.fr\/"},{"@type":"ListItem","position":2,"name":"Produits","item":"https:\/\/repliquemangacine.fr\/boutique\/"},{"@type":"ListItem","position":3,"name":"Mug Gant de Thanos Marvel"}]},{"@type":"WebSite","@id":"https:\/\/repliquemangacine.fr\/#website","url":"https:\/\/repliquemangacine.fr\/","name":"R\u00e9plique Manga Cin\u00e9","description":"","publisher":{"@id":"https:\/\/repliquemangacine.fr\/#organization"},"potentialAction":[{"@type":"SearchAction","target":{"@type":"EntryPoint","urlTemplate":"https:\/\/repliquemangacine.fr\/?s={search_term_string}"},"query-input":{"@type":"PropertyValueSpecification","valueRequired":true,"valueName":"search_term_string"}}],"inLanguage":"de"},{"@type":"Organization","@id":"https:\/\/repliquemangacine.fr\/#organization","name":"R\u00e9plique Manga Cin\u00e9","url":"https:\/\/repliquemangacine.fr\/","logo":{"@type":"ImageObject","inLanguage":"de","@id":"https:\/\/repliquemangacine.fr\/#\/schema\/logo\/image\/","url":"https:\/\/repliquemangacine.fr\/wp-content\/uploads\/2023\/10\/RMC-500250.png","contentUrl":"https:\/\/repliquemangacine.fr\/wp-content\/uploads\/2023\/10\/RMC-500250.png","width":500,"height":250,"caption":"R\u00e9plique Manga Cin\u00e9"},"image":{"@id":"https:\/\/repliquemangacine.fr\/#\/schema\/logo\/image\/"},"sameAs":["https:\/\/www.facebook.com\/RepliqueMangaCine","https:\/\/www.instagram.com\/repliquemangacine.fr\/"]}]}},"_links":{"self":[{"href":"https:\/\/repliquemangacine.fr\/de\/wp-json\/wp\/v2\/product\/41339","targetHints":{"allow":["GET"]}}],"collection":[{"href":"https:\/\/repliquemangacine.fr\/de\/wp-json\/wp\/v2\/product"}],"about":[{"href":"https:\/\/repliquemangacine.fr\/de\/wp-json\/wp\/v2\/types\/product"}],"wp:featuredmedia":[{"embeddable":true,"href":"https:\/\/repliquemangacine.fr\/de\/wp-json\/wp\/v2\/media\/41340"}],"wp:attachment":[{"href":"https:\/\/repliquemangacine.fr\/de\/wp-json\/wp\/v2\/media?parent=41339"}],"wp:term":[{"taxonomy":"product_brand","embeddable":true,"href":"https:\/\/repliquemangacine.fr\/de\/wp-json\/wp\/v2\/product_brand?post=41339"},{"taxonomy":"product_cat","embeddable":true,"href":"https:\/\/repliquemangacine.fr\/de\/wp-json\/wp\/v2\/product_cat?post=41339"},{"taxonomy":"product_tag","embeddable":true,"href":"https:\/\/repliquemangacine.fr\/de\/wp-json\/wp\/v2\/product_tag?post=41339"}],"curies":[{"name":"wp","href":"https:\/\/api.w.org\/{rel}","templated":true}]}}