





{"id":41084,"date":"2021-07-07T20:25:16","date_gmt":"2021-07-07T18:25:16","guid":{"rendered":"https:\/\/repliquemangacine.fr\/?post_type=product&#038;p=41084"},"modified":"2025-09-23T18:02:36","modified_gmt":"2025-09-23T16:02:36","slug":"liz-schwert-in-seven-deadly-sins","status":"publish","type":"product","link":"https:\/\/repliquemangacine.fr\/de\/epees-seven-deadly-sins\/epee-de-liz-dans-seven-deadly-sins\/","title":{"rendered":"LIZ-SCHWERT SEVEN DEADLY SINS"},"content":{"rendered":"<h2>Liz' Schwert Seven Deadly Sins<\/h2>\n<p>Zu Beginn wird die<strong>Liz' Schwert<\/strong> scheint relativ gew\u00f6hnlich zu sein, aber Meliodas steigert seine F\u00e4higkeiten durch den Umgang damit exponentiell.<\/p>\n<p>Ihre Begegnung mit Meliodas, einem Jungen mit au\u00dfergew\u00f6hnlichen Kr\u00e4ften, und Hawk, seinem Schwein, markiert den Beginn einer abenteuerreichen Reise voller \u00dcberraschungen, auf der Magie und K\u00e4mpfe nicht fehlen d\u00fcrfen!<\/p>\n<p><a href=\"https:\/\/seven-deadly-sins.fandom.com\/fr\/wiki\/Meliodas#Armes\" target=\"_blank\" rel=\"noopener noreferrer\">Meliodas<\/a> ist der Drache des Zorns, der die Seven Deadly Sins anf\u00fchrt. Er ist der Hauptprotagonist der Serie und Besitzer der ber\u00fchmten Taverne Boar Hat. Sein Heiliger Schatz ist die D\u00e4monenschneiderin Lostvayne und seine Hauptf\u00e4higkeit ist der Totaler Konter.<\/p>\n<p>Das Schwert von Liz war urspr\u00fcnglich ein Geschenk von Liz an Meliodas, aber dieser lehnte es ab. W\u00e4hrend des Kampfes gegen Dale (in D\u00e4monengestalt) bietet Elizabeth Meliodas das Schwert erneut an, diesmal nimmt er es an.<\/p>\n<h2>Ihr Schwert von Liz in Seven Deadly sins zum besten Preis<\/h2>\n<p>Wir bieten Ihnen eine gro\u00dfe Auswahl an Repliken von Nanatsu no Taizai.<\/p>\n<p>Zun\u00e4chst einmal,<\/p>\n<ul>\n<li>L'<a href=\"https:\/\/repliquemangacine.fr\/de\/anderer-manga\/drachenschwert-meliodas\/\">Drachenschwert<\/a> oder Meliodas' zerbrochenes Schwert aus dem Manga Seven Deadly sins.<\/li>\n<li>Es gibt auch die Nachbildung des<a href=\"https:\/\/repliquemangacine.fr\/de\/anderer-manga\/schwert-des-meliodas-heiliger-tresor-lostvayne\/\">Schwert heiliger Schatz des Meliodas<\/a>.<\/li>\n<li>Sowie das <a href=\"https:\/\/repliquemangacine.fr\/de\/verschiedene-goodies\/mauspad-60-x-40-the-seven-deadly\/\">Mauspad aus Seven Deadly Sins<\/a> ( Nanatsu no taizai).<\/li>\n<li>Und noch viel mehr gibt es in unserem Online-Shop zu entdecken!<\/li>\n<\/ul>\n<p>Deshalb gibt es hier tolle Geschenkideen f\u00fcr alle Fans des Anime-Mangas.<\/p>\n<p>Abschlie\u00dfend k\u00f6nnen Sie den<strong>Liz' Schwert<\/strong> f\u00fcr Ihre Cosplay-Paraden. Vor allem aber ist dieses Schwert ein Sammler- und Dekorationsst\u00fcck.<\/p>\n<h2>Wie pflegt man die Klinge seines Seven Deadly Sins-Schwerts?<\/h2>\n<p>Sammlungs- und Dekorationsschwerter werden in vereinfachter Form hergestellt und zusammengebaut. Da sie zu Dekorationszwecken verwendet werden, fehlen ihnen die Sicherheitselemente, die ein japanisches Schwert f\u00fcr Trainingszwecke aufweisen muss.<\/p>\n<p>Allerdings ist Ihr <strong>Liz' Schwert<\/strong> zu einer Stahlklinge, die gepflegt werden muss, damit sie nicht mit der Zeit abgenutzt wird. Denn wenn du dein Katana ausstellst, werden deine Freunde neugierig sein, die Klinge zu sehen und sie zu ber\u00fchren. Hier ist Vorsicht geboten, denn Sie sollten wissen, dass die S\u00e4ure der Finger dem Stahl unabh\u00e4ngig von seiner Qualit\u00e4t sehr schadet.<\/p>\n<p>Wenn dies jedoch passiert, keine Panik, Sie brauchen nur ein Tuch, das mit etwas \u00d6l befeuchtet ist, und wischen die Fingerabdr\u00fccke ab. Wenn Sie dies tun, werden Sie Ihr Schwert sehr lange behalten.<\/p>\n<p><strong>\u00a0<\/strong><\/p>","protected":false},"excerpt":{"rendered":"<p>Replik von Liz' Schwert, das Meliodas geschenkt wurde.<\/p>\n<ul>\n<li>Klinge aus 440er Stahl mit \u00c4tzungen entlang der gesamten Klinge.<\/li>\n<li>Garde und Knauf aus verziertem Metall.<\/li>\n<li>Roter ABS-Griff.<\/li>\n<li>Scheide aus schwarzem Holz.<\/li>\n<li>Gesamtl\u00e4nge: 82 cm - Klingenl\u00e4nge: 41 cm - Gewicht: 1800 grs<\/li>\n<\/ul>","protected":false},"featured_media":41085,"template":"","meta":[],"product_brand":[896],"product_cat":[23,110],"product_tag":[],"class_list":{"0":"post-41084","1":"product","2":"type-product","3":"status-publish","4":"has-post-thumbnail","6":"product_brand-replique-manga-cine","7":"product_cat-repliques-manga-jeux-video","8":"product_cat-epees-seven-deadly-sins","10":"first","11":"instock","12":"sale","13":"taxable","14":"shipping-taxable","15":"purchasable","16":"product-type-simple"},"yoast_head":"<!-- This site is optimized with the Yoast SEO plugin v27.4 - https:\/\/yoast.com\/product\/yoast-seo-wordpress\/ -->\n<title>Ep\u00e9e de Liz - Seven Deadly Sins - R\u00e9plique Manga Cin\u00e9<\/title>\n<meta name=\"description\" content=\"Commandez vite ! Cette superbe r\u00e9plique de l&#039; Ep\u00e9e de Liz donn\u00e9e \u00e0 Meliodas dans Seven Deadly Sins. Lame en acier avec gravure, garde m\u00e9tal...\" \/>\n<meta name=\"robots\" content=\"index, follow, max-snippet:-1, max-image-preview:large, max-video-preview:-1\" \/>\n<link rel=\"canonical\" href=\"https:\/\/repliquemangacine.fr\/de\/epees-seven-deadly-sins\/liz-schwert-in-seven-deadly-sins\/\" \/>\n<meta property=\"og:locale\" content=\"de_DE\" \/>\n<meta property=\"og:type\" content=\"article\" \/>\n<meta property=\"og:title\" content=\"Ep\u00e9e de Liz - Seven Deadly Sins - R\u00e9plique Manga Cin\u00e9\" \/>\n<meta property=\"og:description\" content=\"Commandez vite ! Cette superbe r\u00e9plique de l&#039; Ep\u00e9e de Liz donn\u00e9e \u00e0 Meliodas dans Seven Deadly Sins. Lame en acier avec gravure, garde m\u00e9tal...\" \/>\n<meta property=\"og:url\" content=\"https:\/\/repliquemangacine.fr\/de\/epees-seven-deadly-sins\/liz-schwert-in-seven-deadly-sins\/\" \/>\n<meta property=\"og:site_name\" content=\"R\u00e9plique Manga Cin\u00e9\" \/>\n<meta property=\"article:publisher\" content=\"https:\/\/www.facebook.com\/RepliqueMangaCine\" \/>\n<meta property=\"article:modified_time\" content=\"2025-09-23T16:02:36+00:00\" \/>\n<meta property=\"og:image\" content=\"https:\/\/repliquemangacine.fr\/wp-content\/uploads\/2023\/10\/epee-de-liz-4.jpg\" \/>\n\t<meta property=\"og:image:width\" content=\"800\" \/>\n\t<meta property=\"og:image:height\" content=\"800\" \/>\n\t<meta property=\"og:image:type\" content=\"image\/jpeg\" \/>\n<meta name=\"twitter:card\" content=\"summary_large_image\" \/>\n<meta name=\"twitter:label1\" content=\"Gesch\u00e4tzte Lesezeit\" \/>\n\t<meta name=\"twitter:data1\" content=\"1\u00a0Minute\" \/>\n<script type=\"application\/ld+json\" class=\"yoast-schema-graph\">{\"@context\":\"https:\\\/\\\/schema.org\",\"@graph\":[{\"@type\":\"WebPage\",\"@id\":\"https:\\\/\\\/repliquemangacine.fr\\\/de\\\/epees-seven-deadly-sins\\\/liz-schwert-in-seven-deadly-sins\\\/\",\"url\":\"https:\\\/\\\/repliquemangacine.fr\\\/de\\\/epees-seven-deadly-sins\\\/liz-schwert-in-seven-deadly-sins\\\/\",\"name\":\"Ep\u00e9e de Liz - Seven Deadly Sins - R\u00e9plique Manga Cin\u00e9\",\"isPartOf\":{\"@id\":\"https:\\\/\\\/repliquemangacine.fr\\\/#website\"},\"primaryImageOfPage\":{\"@id\":\"https:\\\/\\\/repliquemangacine.fr\\\/de\\\/epees-seven-deadly-sins\\\/liz-schwert-in-seven-deadly-sins\\\/#primaryimage\"},\"image\":{\"@id\":\"https:\\\/\\\/repliquemangacine.fr\\\/de\\\/epees-seven-deadly-sins\\\/liz-schwert-in-seven-deadly-sins\\\/#primaryimage\"},\"thumbnailUrl\":\"https:\\\/\\\/repliquemangacine.fr\\\/wp-content\\\/uploads\\\/2023\\\/10\\\/epee-de-liz-4.jpg\",\"datePublished\":\"2021-07-07T18:25:16+00:00\",\"dateModified\":\"2025-09-23T16:02:36+00:00\",\"description\":\"Commandez vite ! Cette superbe r\u00e9plique de l' Ep\u00e9e de Liz donn\u00e9e \u00e0 Meliodas dans Seven Deadly Sins. Lame en acier avec gravure, garde m\u00e9tal...\",\"breadcrumb\":{\"@id\":\"https:\\\/\\\/repliquemangacine.fr\\\/de\\\/epees-seven-deadly-sins\\\/liz-schwert-in-seven-deadly-sins\\\/#breadcrumb\"},\"inLanguage\":\"de\",\"potentialAction\":[{\"@type\":\"ReadAction\",\"target\":[\"https:\\\/\\\/repliquemangacine.fr\\\/de\\\/epees-seven-deadly-sins\\\/liz-schwert-in-seven-deadly-sins\\\/\"]}]},{\"@type\":\"ImageObject\",\"inLanguage\":\"de\",\"@id\":\"https:\\\/\\\/repliquemangacine.fr\\\/de\\\/epees-seven-deadly-sins\\\/liz-schwert-in-seven-deadly-sins\\\/#primaryimage\",\"url\":\"https:\\\/\\\/repliquemangacine.fr\\\/wp-content\\\/uploads\\\/2023\\\/10\\\/epee-de-liz-4.jpg\",\"contentUrl\":\"https:\\\/\\\/repliquemangacine.fr\\\/wp-content\\\/uploads\\\/2023\\\/10\\\/epee-de-liz-4.jpg\",\"width\":800,\"height\":800,\"caption\":\"Seven Deadly Sins \u00e9p\u00e9e de liz\"},{\"@type\":\"BreadcrumbList\",\"@id\":\"https:\\\/\\\/repliquemangacine.fr\\\/de\\\/epees-seven-deadly-sins\\\/liz-schwert-in-seven-deadly-sins\\\/#breadcrumb\",\"itemListElement\":[{\"@type\":\"ListItem\",\"position\":1,\"name\":\"Accueil\",\"item\":\"https:\\\/\\\/repliquemangacine.fr\\\/\"},{\"@type\":\"ListItem\",\"position\":2,\"name\":\"Produits\",\"item\":\"https:\\\/\\\/repliquemangacine.fr\\\/boutique\\\/\"},{\"@type\":\"ListItem\",\"position\":3,\"name\":\"EPEE DE LIZ SEVEN DEADLY SINS\"}]},{\"@type\":\"WebSite\",\"@id\":\"https:\\\/\\\/repliquemangacine.fr\\\/#website\",\"url\":\"https:\\\/\\\/repliquemangacine.fr\\\/\",\"name\":\"R\u00e9plique Manga Cin\u00e9\",\"description\":\"\",\"publisher\":{\"@id\":\"https:\\\/\\\/repliquemangacine.fr\\\/#organization\"},\"potentialAction\":[{\"@type\":\"SearchAction\",\"target\":{\"@type\":\"EntryPoint\",\"urlTemplate\":\"https:\\\/\\\/repliquemangacine.fr\\\/?s={search_term_string}\"},\"query-input\":{\"@type\":\"PropertyValueSpecification\",\"valueRequired\":true,\"valueName\":\"search_term_string\"}}],\"inLanguage\":\"de\"},{\"@type\":\"Organization\",\"@id\":\"https:\\\/\\\/repliquemangacine.fr\\\/#organization\",\"name\":\"R\u00e9plique Manga Cin\u00e9\",\"url\":\"https:\\\/\\\/repliquemangacine.fr\\\/\",\"logo\":{\"@type\":\"ImageObject\",\"inLanguage\":\"de\",\"@id\":\"https:\\\/\\\/repliquemangacine.fr\\\/#\\\/schema\\\/logo\\\/image\\\/\",\"url\":\"https:\\\/\\\/repliquemangacine.fr\\\/wp-content\\\/uploads\\\/2023\\\/10\\\/RMC-500250.png\",\"contentUrl\":\"https:\\\/\\\/repliquemangacine.fr\\\/wp-content\\\/uploads\\\/2023\\\/10\\\/RMC-500250.png\",\"width\":500,\"height\":250,\"caption\":\"R\u00e9plique Manga Cin\u00e9\"},\"image\":{\"@id\":\"https:\\\/\\\/repliquemangacine.fr\\\/#\\\/schema\\\/logo\\\/image\\\/\"},\"sameAs\":[\"https:\\\/\\\/www.facebook.com\\\/RepliqueMangaCine\",\"https:\\\/\\\/www.instagram.com\\\/repliquemangacine.fr\\\/\"]}]}<\/script>\n<!-- \/ Yoast SEO plugin. -->","yoast_head_json":{"title":"Liz' Schwert - Seven Deadly Sins - R\u00e9plique Manga Cin\u00e9","description":"Bestellen Sie schnell! Diese wundersch\u00f6ne Replik von Liz' Schwert, das sie Meliodas in Seven Deadly Sins gegeben hat. Stahlklinge mit Gravur, Metallschutz...","robots":{"index":"index","follow":"follow","max-snippet":"max-snippet:-1","max-image-preview":"max-image-preview:large","max-video-preview":"max-video-preview:-1"},"canonical":"https:\/\/repliquemangacine.fr\/de\/epees-seven-deadly-sins\/liz-schwert-in-seven-deadly-sins\/","og_locale":"de_DE","og_type":"article","og_title":"Ep\u00e9e de Liz - Seven Deadly Sins - R\u00e9plique Manga Cin\u00e9","og_description":"Commandez vite ! Cette superbe r\u00e9plique de l' Ep\u00e9e de Liz donn\u00e9e \u00e0 Meliodas dans Seven Deadly Sins. Lame en acier avec gravure, garde m\u00e9tal...","og_url":"https:\/\/repliquemangacine.fr\/de\/epees-seven-deadly-sins\/liz-schwert-in-seven-deadly-sins\/","og_site_name":"R\u00e9plique Manga Cin\u00e9","article_publisher":"https:\/\/www.facebook.com\/RepliqueMangaCine","article_modified_time":"2025-09-23T16:02:36+00:00","og_image":[{"width":800,"height":800,"url":"https:\/\/repliquemangacine.fr\/wp-content\/uploads\/2023\/10\/epee-de-liz-4.jpg","type":"image\/jpeg"}],"twitter_card":"summary_large_image","twitter_misc":{"Gesch\u00e4tzte Lesezeit":"1\u00a0Minute"},"schema":{"@context":"https:\/\/schema.org","@graph":[{"@type":"WebPage","@id":"https:\/\/repliquemangacine.fr\/de\/epees-seven-deadly-sins\/liz-schwert-in-seven-deadly-sins\/","url":"https:\/\/repliquemangacine.fr\/de\/epees-seven-deadly-sins\/liz-schwert-in-seven-deadly-sins\/","name":"Liz' Schwert - Seven Deadly Sins - R\u00e9plique Manga Cin\u00e9","isPartOf":{"@id":"https:\/\/repliquemangacine.fr\/#website"},"primaryImageOfPage":{"@id":"https:\/\/repliquemangacine.fr\/de\/epees-seven-deadly-sins\/liz-schwert-in-seven-deadly-sins\/#primaryimage"},"image":{"@id":"https:\/\/repliquemangacine.fr\/de\/epees-seven-deadly-sins\/liz-schwert-in-seven-deadly-sins\/#primaryimage"},"thumbnailUrl":"https:\/\/repliquemangacine.fr\/wp-content\/uploads\/2023\/10\/epee-de-liz-4.jpg","datePublished":"2021-07-07T18:25:16+00:00","dateModified":"2025-09-23T16:02:36+00:00","description":"Bestellen Sie schnell! Diese wundersch\u00f6ne Replik von Liz' Schwert, das sie Meliodas in Seven Deadly Sins gegeben hat. Stahlklinge mit Gravur, Metallschutz...","breadcrumb":{"@id":"https:\/\/repliquemangacine.fr\/de\/epees-seven-deadly-sins\/liz-schwert-in-seven-deadly-sins\/#breadcrumb"},"inLanguage":"de","potentialAction":[{"@type":"ReadAction","target":["https:\/\/repliquemangacine.fr\/de\/epees-seven-deadly-sins\/liz-schwert-in-seven-deadly-sins\/"]}]},{"@type":"ImageObject","inLanguage":"de","@id":"https:\/\/repliquemangacine.fr\/de\/epees-seven-deadly-sins\/liz-schwert-in-seven-deadly-sins\/#primaryimage","url":"https:\/\/repliquemangacine.fr\/wp-content\/uploads\/2023\/10\/epee-de-liz-4.jpg","contentUrl":"https:\/\/repliquemangacine.fr\/wp-content\/uploads\/2023\/10\/epee-de-liz-4.jpg","width":800,"height":800,"caption":"Seven Deadly Sins \u00e9p\u00e9e de liz"},{"@type":"BreadcrumbList","@id":"https:\/\/repliquemangacine.fr\/de\/epees-seven-deadly-sins\/liz-schwert-in-seven-deadly-sins\/#breadcrumb","itemListElement":[{"@type":"ListItem","position":1,"name":"Accueil","item":"https:\/\/repliquemangacine.fr\/"},{"@type":"ListItem","position":2,"name":"Produits","item":"https:\/\/repliquemangacine.fr\/boutique\/"},{"@type":"ListItem","position":3,"name":"EPEE DE LIZ SEVEN DEADLY SINS"}]},{"@type":"WebSite","@id":"https:\/\/repliquemangacine.fr\/#website","url":"https:\/\/repliquemangacine.fr\/","name":"R\u00e9plique Manga Cin\u00e9","description":"","publisher":{"@id":"https:\/\/repliquemangacine.fr\/#organization"},"potentialAction":[{"@type":"SearchAction","target":{"@type":"EntryPoint","urlTemplate":"https:\/\/repliquemangacine.fr\/?s={search_term_string}"},"query-input":{"@type":"PropertyValueSpecification","valueRequired":true,"valueName":"search_term_string"}}],"inLanguage":"de"},{"@type":"Organization","@id":"https:\/\/repliquemangacine.fr\/#organization","name":"R\u00e9plique Manga Cin\u00e9","url":"https:\/\/repliquemangacine.fr\/","logo":{"@type":"ImageObject","inLanguage":"de","@id":"https:\/\/repliquemangacine.fr\/#\/schema\/logo\/image\/","url":"https:\/\/repliquemangacine.fr\/wp-content\/uploads\/2023\/10\/RMC-500250.png","contentUrl":"https:\/\/repliquemangacine.fr\/wp-content\/uploads\/2023\/10\/RMC-500250.png","width":500,"height":250,"caption":"R\u00e9plique Manga Cin\u00e9"},"image":{"@id":"https:\/\/repliquemangacine.fr\/#\/schema\/logo\/image\/"},"sameAs":["https:\/\/www.facebook.com\/RepliqueMangaCine","https:\/\/www.instagram.com\/repliquemangacine.fr\/"]}]}},"_links":{"self":[{"href":"https:\/\/repliquemangacine.fr\/de\/wp-json\/wp\/v2\/product\/41084","targetHints":{"allow":["GET"]}}],"collection":[{"href":"https:\/\/repliquemangacine.fr\/de\/wp-json\/wp\/v2\/product"}],"about":[{"href":"https:\/\/repliquemangacine.fr\/de\/wp-json\/wp\/v2\/types\/product"}],"wp:featuredmedia":[{"embeddable":true,"href":"https:\/\/repliquemangacine.fr\/de\/wp-json\/wp\/v2\/media\/41085"}],"wp:attachment":[{"href":"https:\/\/repliquemangacine.fr\/de\/wp-json\/wp\/v2\/media?parent=41084"}],"wp:term":[{"taxonomy":"product_brand","embeddable":true,"href":"https:\/\/repliquemangacine.fr\/de\/wp-json\/wp\/v2\/product_brand?post=41084"},{"taxonomy":"product_cat","embeddable":true,"href":"https:\/\/repliquemangacine.fr\/de\/wp-json\/wp\/v2\/product_cat?post=41084"},{"taxonomy":"product_tag","embeddable":true,"href":"https:\/\/repliquemangacine.fr\/de\/wp-json\/wp\/v2\/product_tag?post=41084"}],"curies":[{"name":"wp","href":"https:\/\/api.w.org\/{rel}","templated":true}]}}