





{"id":40383,"date":"2021-05-21T13:36:57","date_gmt":"2021-05-21T11:36:57","guid":{"rendered":"https:\/\/repliquemangacine.fr\/?post_type=product&#038;p=40383"},"modified":"2025-12-01T19:08:21","modified_gmt":"2025-12-01T18:08:21","slug":"replika-maschinengewehr-mg34-mit-stativen-denix","status":"publish","type":"product","link":"https:\/\/repliquemangacine.fr\/de\/reproductions-armes-seconde-guerre-mondiale-denix\/replique-mitrailleuse-mg34-avec-trepieds-denix\/","title":{"rendered":"Maschinengewehr MG-34 Denix"},"content":{"rendered":"<h2>Replik Maschinengewehr MG34 - Denix.<\/h2>\n<p>Zu Beginn wird die <strong>Maschinengewehr MG34<\/strong> oder Maschinengewehr 34, deutsches luftgek\u00fchltes Maschinengewehr mit R\u00fccksto\u00dfladung, das im Zweiten Weltkrieg eingesetzt wurde.<\/p>\n<p>Die revolution\u00e4re Vielseitigkeit des Gewehrs erm\u00f6glichte es, es auf seinem Zweibein zu verwenden, um Luftabwehr zu betreiben. Au\u00dferdem hatte das Zweibein zwei Positionen.<\/p>\n<p>Das Maschinengewehr besa\u00df einen Feuerwahlschalter, der es erm\u00f6glichte, Einzelfeuer zu feuern, wenn der Abzug bet\u00e4tigt wurde.<\/p>\n<p>Sie wurde bis zur Massenproduktion des MG 42 verwendet, das billiger und weniger anf\u00e4llig f\u00fcr Verschmutzungen war. Das MG 34 wurde dennoch w\u00e4hrend des gesamten Krieges eingesetzt, und zwar in seiner auf Panzern montierten Version mit schwerem Lauf, dem MG 34T.<\/p>\n<p>Deutschland war es gelungen, das wahrscheinlich beste Maschinengewehr des Zweiten Weltkriegs zu bauen.<\/p>\n<h2>Ihr MG34 Maschinengewehr zum besten Preis.<\/h2>\n<p>Wir bieten Ihnen eine gro\u00dfe Auswahl an Reproduktionen historischer Waffen.<\/p>\n<p>Zun\u00e4chst einmal,<\/p>\n<ul>\n<li>Das Maschinengewehr, das <a href=\"https:\/\/repliquemangacine.fr\/de\/darmsreproduktionen\/pistolet-mitrailleur-mp40-denix\/\">MP40<\/a> von den Alliierten als \"Schmeisser\" bezeichnet.<\/li>\n<li>Sowie das ikonische Gewehr <a href=\"https:\/\/repliquemangacine.fr\/de\/historische-waffen\/fusil-garand-m1\/\">M1 Garand<\/a> der amerikanischen GIs.<\/li>\n<li>Es gibt auch das Englische Gewehr <a href=\"https:\/\/repliquemangacine.fr\/de\/darmsreproduktionen\/lee-enfield-smle-mark-iii-englisches-gewehr\/\">Lee-Enfield SMLE<\/a> Mark II<\/li>\n<li>Und noch viel mehr gibt es in unserem Online-Shop zu entdecken!<\/li>\n<\/ul>\n<p>Deshalb ist dies eine gro\u00dfartige Geschenkidee f\u00fcr alle Liebhaber historischer Waffen.<\/p>\n<p>Abschlie\u00dfend k\u00f6nnen Sie diese <strong>Maschinengewehr MG34<\/strong> f\u00fcr Ihre historischen Nachstellungen. Vor allem aber ist diese Waffe ein Sammler- und Dekorationsst\u00fcck.<\/p>\n<p>R\u00e9plique Manga Cin\u00e9 ist ein franz\u00f6sisches Unternehmen und offizieller Vertriebspartner der Marke <a href=\"https:\/\/www.denix.fr\/fr\/catalogue\/guerres-mondiales-1914-1945\/mitraillettes-et-mitrailleuses\/1317\/\" target=\"_blank\" rel=\"noopener noreferrer\">Denix<\/a>.<\/p>\n<h2>Wie werden Denix-Waffenrepliken hergestellt?<\/h2>\n<p>Werden in historischen Rekonstruktionen, Filmen und Serien sowie von Sammlern verwendet. Denix-Waffenreproduktionen, die aus hochwertigen Materialien hergestellt werden. Sorgf\u00e4ltig bearbeitet und zusammengesetzt, um realistische Sammlerwaffen zu schaffen.<\/p>\n<ul>\n<li>Die Metalle sind in einer Metalllegierung, die als Zamac bekannt ist und deren Grundzusammensetzung Zink in 95% ist.<\/li>\n<li>Die Kunststoffteile der Repliken aus geformtem ABS, das eine hohe Widerstandsf\u00e4higkeit bietet.<\/li>\n<li>Holz, das aufgrund seiner Sch\u00f6nheit und Haltbarkeit ausgew\u00e4hlt wird, wie z. B. Mahagoni, Olivenholz oder Walnuss, verleiht Ihren Sch\u00e4ften und F\u00e4ssern ein elegantes und authentisches Aussehen.<\/li>\n<\/ul>\n<p>Es ist zu betonen, dass alle Nachbildungen von Denix-Waffen mit den Originalen identisch sind, wie Ihr <strong>Maschinengewehr MG34<\/strong>.<\/p>","protected":false},"excerpt":{"rendered":"<p>Identisch mit dem Original, diese Nachbildung des Maschinengewehrs MG-34.<\/p>\n<ul>\n<li>Schaft aus Massivholz.<\/li>\n<li>Karkasse und Metallteile aus Zamak.<\/li>\n<li>Bewaffnet sich und schl\u00e4gt ein wie ein echtes MG34.<\/li>\n<li>Ungeeignet zum Schie\u00dfen.<\/li>\n<li>Beweglicher Zweibeiner.<\/li>\n<li>Gesamtl\u00e4nge: 122 cm - Gewicht: 6940 Grs<\/li>\n<li><strong>Unterliegt keiner Genehmigungspflicht. Verkauf und Besitz frei<\/strong><\/li>\n<\/ul>\n<p><iframe title=\"YouTube-Videoplayer\" src=\"https:\/\/www.youtube.com\/embed\/IY47UBjv7lU\" width=\"560\" height=\"315\" frameborder=\"0\" allowfullscreen=\"allowfullscreen\"><\/iframe><\/p>\n<p><strong>\u00a0<\/strong><\/p>","protected":false},"featured_media":40384,"template":"","meta":[],"product_brand":[896],"product_cat":[25,102,46,54,28,76],"product_tag":[],"class_list":{"0":"post-40383","1":"product","2":"type-product","3":"status-publish","4":"has-post-thumbnail","6":"product_brand-replique-manga-cine","7":"product_cat-armes-historiques","8":"product_cat-denix","9":"product_cat-fusil-d-assaut-fusil-moderne","10":"product_cat-armes-accessoires-guerre-mondiale","11":"product_cat-repliques-darmes","12":"product_cat-reproductions-armes-seconde-guerre-mondiale-denix","14":"first","15":"instock","16":"taxable","17":"shipping-taxable","18":"purchasable","19":"product-type-simple"},"yoast_head":"<!-- This site is optimized with the Yoast SEO plugin v27.5 - https:\/\/yoast.com\/product\/yoast-seo-wordpress\/ -->\n<title>Mitrailleuse MG34 avec Bipieds - Denix - R\u00e9plique Manga Cin\u00e9<\/title>\n<meta name=\"description\" content=\"Offrez-vous la Mitrailleuse MG34 de Denix au meilleur prix - Tout en acier Zamac - M\u00e9canisme fonctionnel - Bipieds - Inapte au tir - Longueur : 122 cm\" \/>\n<meta name=\"robots\" content=\"index, follow, max-snippet:-1, max-image-preview:large, max-video-preview:-1\" \/>\n<link rel=\"canonical\" href=\"https:\/\/repliquemangacine.fr\/de\/denix\/replika-maschinengewehr-mg34-mit-stativen-denix\/\" \/>\n<meta property=\"og:locale\" content=\"de_DE\" \/>\n<meta property=\"og:type\" content=\"article\" \/>\n<meta property=\"og:title\" content=\"Mitrailleuse MG34 avec Bipieds - Denix - R\u00e9plique Manga Cin\u00e9\" \/>\n<meta property=\"og:description\" content=\"Offrez-vous la Mitrailleuse MG34 de Denix au meilleur prix - Tout en acier Zamac - M\u00e9canisme fonctionnel - Bipieds - Inapte au tir - Longueur : 122 cm\" \/>\n<meta property=\"og:url\" content=\"https:\/\/repliquemangacine.fr\/de\/denix\/replika-maschinengewehr-mg34-mit-stativen-denix\/\" \/>\n<meta property=\"og:site_name\" content=\"R\u00e9plique Manga Cin\u00e9\" \/>\n<meta property=\"article:publisher\" content=\"https:\/\/www.facebook.com\/RepliqueMangaCine\" \/>\n<meta property=\"article:modified_time\" content=\"2025-12-01T18:08:21+00:00\" \/>\n<meta property=\"og:image\" content=\"https:\/\/repliquemangacine.fr\/wp-content\/uploads\/2023\/10\/mitrailleuse-mg-34-denix.jpg\" \/>\n\t<meta property=\"og:image:width\" content=\"600\" \/>\n\t<meta property=\"og:image:height\" content=\"600\" \/>\n\t<meta property=\"og:image:type\" content=\"image\/jpeg\" \/>\n<meta name=\"twitter:card\" content=\"summary_large_image\" \/>\n<meta name=\"twitter:label1\" content=\"Gesch\u00e4tzte Lesezeit\" \/>\n\t<meta name=\"twitter:data1\" content=\"3\u00a0Minuten\" \/>\n<script type=\"application\/ld+json\" class=\"yoast-schema-graph\">{\"@context\":\"https:\\\/\\\/schema.org\",\"@graph\":[{\"@type\":\"WebPage\",\"@id\":\"https:\\\/\\\/repliquemangacine.fr\\\/de\\\/denix\\\/replika-maschinengewehr-mg34-mit-stativen-denix\\\/\",\"url\":\"https:\\\/\\\/repliquemangacine.fr\\\/de\\\/denix\\\/replika-maschinengewehr-mg34-mit-stativen-denix\\\/\",\"name\":\"Mitrailleuse MG34 avec Bipieds - Denix - R\u00e9plique Manga Cin\u00e9\",\"isPartOf\":{\"@id\":\"https:\\\/\\\/repliquemangacine.fr\\\/#website\"},\"primaryImageOfPage\":{\"@id\":\"https:\\\/\\\/repliquemangacine.fr\\\/de\\\/denix\\\/replika-maschinengewehr-mg34-mit-stativen-denix\\\/#primaryimage\"},\"image\":{\"@id\":\"https:\\\/\\\/repliquemangacine.fr\\\/de\\\/denix\\\/replika-maschinengewehr-mg34-mit-stativen-denix\\\/#primaryimage\"},\"thumbnailUrl\":\"https:\\\/\\\/repliquemangacine.fr\\\/wp-content\\\/uploads\\\/2023\\\/10\\\/mitrailleuse-mg-34-denix.jpg\",\"datePublished\":\"2021-05-21T11:36:57+00:00\",\"dateModified\":\"2025-12-01T18:08:21+00:00\",\"description\":\"Offrez-vous la Mitrailleuse MG34 de Denix au meilleur prix - Tout en acier Zamac - M\u00e9canisme fonctionnel - Bipieds - Inapte au tir - Longueur : 122 cm\",\"breadcrumb\":{\"@id\":\"https:\\\/\\\/repliquemangacine.fr\\\/de\\\/denix\\\/replika-maschinengewehr-mg34-mit-stativen-denix\\\/#breadcrumb\"},\"inLanguage\":\"de\",\"potentialAction\":[{\"@type\":\"ReadAction\",\"target\":[\"https:\\\/\\\/repliquemangacine.fr\\\/de\\\/denix\\\/replika-maschinengewehr-mg34-mit-stativen-denix\\\/\"]}]},{\"@type\":\"ImageObject\",\"inLanguage\":\"de\",\"@id\":\"https:\\\/\\\/repliquemangacine.fr\\\/de\\\/denix\\\/replika-maschinengewehr-mg34-mit-stativen-denix\\\/#primaryimage\",\"url\":\"https:\\\/\\\/repliquemangacine.fr\\\/wp-content\\\/uploads\\\/2023\\\/10\\\/mitrailleuse-mg-34-denix.jpg\",\"contentUrl\":\"https:\\\/\\\/repliquemangacine.fr\\\/wp-content\\\/uploads\\\/2023\\\/10\\\/mitrailleuse-mg-34-denix.jpg\",\"width\":600,\"height\":600,\"caption\":\"mitrailleuse-mg-34-denix\"},{\"@type\":\"BreadcrumbList\",\"@id\":\"https:\\\/\\\/repliquemangacine.fr\\\/de\\\/denix\\\/replika-maschinengewehr-mg34-mit-stativen-denix\\\/#breadcrumb\",\"itemListElement\":[{\"@type\":\"ListItem\",\"position\":1,\"name\":\"Accueil\",\"item\":\"https:\\\/\\\/repliquemangacine.fr\\\/\"},{\"@type\":\"ListItem\",\"position\":2,\"name\":\"Produits\",\"item\":\"https:\\\/\\\/repliquemangacine.fr\\\/boutique\\\/\"},{\"@type\":\"ListItem\",\"position\":3,\"name\":\"Mitrailleuse MG-34 Denix\"}]},{\"@type\":\"WebSite\",\"@id\":\"https:\\\/\\\/repliquemangacine.fr\\\/#website\",\"url\":\"https:\\\/\\\/repliquemangacine.fr\\\/\",\"name\":\"R\u00e9plique Manga Cin\u00e9\",\"description\":\"\",\"publisher\":{\"@id\":\"https:\\\/\\\/repliquemangacine.fr\\\/#organization\"},\"potentialAction\":[{\"@type\":\"SearchAction\",\"target\":{\"@type\":\"EntryPoint\",\"urlTemplate\":\"https:\\\/\\\/repliquemangacine.fr\\\/?s={search_term_string}\"},\"query-input\":{\"@type\":\"PropertyValueSpecification\",\"valueRequired\":true,\"valueName\":\"search_term_string\"}}],\"inLanguage\":\"de\"},{\"@type\":\"Organization\",\"@id\":\"https:\\\/\\\/repliquemangacine.fr\\\/#organization\",\"name\":\"R\u00e9plique Manga Cin\u00e9\",\"url\":\"https:\\\/\\\/repliquemangacine.fr\\\/\",\"logo\":{\"@type\":\"ImageObject\",\"inLanguage\":\"de\",\"@id\":\"https:\\\/\\\/repliquemangacine.fr\\\/#\\\/schema\\\/logo\\\/image\\\/\",\"url\":\"https:\\\/\\\/repliquemangacine.fr\\\/wp-content\\\/uploads\\\/2023\\\/10\\\/RMC-500250.png\",\"contentUrl\":\"https:\\\/\\\/repliquemangacine.fr\\\/wp-content\\\/uploads\\\/2023\\\/10\\\/RMC-500250.png\",\"width\":500,\"height\":250,\"caption\":\"R\u00e9plique Manga Cin\u00e9\"},\"image\":{\"@id\":\"https:\\\/\\\/repliquemangacine.fr\\\/#\\\/schema\\\/logo\\\/image\\\/\"},\"sameAs\":[\"https:\\\/\\\/www.facebook.com\\\/RepliqueMangaCine\",\"https:\\\/\\\/www.instagram.com\\\/repliquemangacine.fr\\\/\"]}]}<\/script>\n<!-- \/ Yoast SEO plugin. -->","yoast_head_json":{"title":"Maschinengewehr MG34 mit Zweibein - Denix - R\u00e9plique Manga Cin\u00e9","description":"Bieten Sie das Maschinengewehr MG34 von Denix zum besten Preis an - Ganz aus Zamakstahl - Funktionaler Mechanismus - Zweibeiner - Schie\u00dfuntauglich - L\u00e4nge: 122 cm","robots":{"index":"index","follow":"follow","max-snippet":"max-snippet:-1","max-image-preview":"max-image-preview:large","max-video-preview":"max-video-preview:-1"},"canonical":"https:\/\/repliquemangacine.fr\/de\/denix\/replika-maschinengewehr-mg34-mit-stativen-denix\/","og_locale":"de_DE","og_type":"article","og_title":"Mitrailleuse MG34 avec Bipieds - Denix - R\u00e9plique Manga Cin\u00e9","og_description":"Offrez-vous la Mitrailleuse MG34 de Denix au meilleur prix - Tout en acier Zamac - M\u00e9canisme fonctionnel - Bipieds - Inapte au tir - Longueur : 122 cm","og_url":"https:\/\/repliquemangacine.fr\/de\/denix\/replika-maschinengewehr-mg34-mit-stativen-denix\/","og_site_name":"R\u00e9plique Manga Cin\u00e9","article_publisher":"https:\/\/www.facebook.com\/RepliqueMangaCine","article_modified_time":"2025-12-01T18:08:21+00:00","og_image":[{"width":600,"height":600,"url":"https:\/\/repliquemangacine.fr\/wp-content\/uploads\/2023\/10\/mitrailleuse-mg-34-denix.jpg","type":"image\/jpeg"}],"twitter_card":"summary_large_image","twitter_misc":{"Gesch\u00e4tzte Lesezeit":"3\u00a0Minuten"},"schema":{"@context":"https:\/\/schema.org","@graph":[{"@type":"WebPage","@id":"https:\/\/repliquemangacine.fr\/de\/denix\/replika-maschinengewehr-mg34-mit-stativen-denix\/","url":"https:\/\/repliquemangacine.fr\/de\/denix\/replika-maschinengewehr-mg34-mit-stativen-denix\/","name":"Maschinengewehr MG34 mit Zweibein - Denix - R\u00e9plique Manga Cin\u00e9","isPartOf":{"@id":"https:\/\/repliquemangacine.fr\/#website"},"primaryImageOfPage":{"@id":"https:\/\/repliquemangacine.fr\/de\/denix\/replika-maschinengewehr-mg34-mit-stativen-denix\/#primaryimage"},"image":{"@id":"https:\/\/repliquemangacine.fr\/de\/denix\/replika-maschinengewehr-mg34-mit-stativen-denix\/#primaryimage"},"thumbnailUrl":"https:\/\/repliquemangacine.fr\/wp-content\/uploads\/2023\/10\/mitrailleuse-mg-34-denix.jpg","datePublished":"2021-05-21T11:36:57+00:00","dateModified":"2025-12-01T18:08:21+00:00","description":"Bieten Sie das Maschinengewehr MG34 von Denix zum besten Preis an - Ganz aus Zamakstahl - Funktionaler Mechanismus - Zweibeiner - Schie\u00dfuntauglich - L\u00e4nge: 122 cm","breadcrumb":{"@id":"https:\/\/repliquemangacine.fr\/de\/denix\/replika-maschinengewehr-mg34-mit-stativen-denix\/#breadcrumb"},"inLanguage":"de","potentialAction":[{"@type":"ReadAction","target":["https:\/\/repliquemangacine.fr\/de\/denix\/replika-maschinengewehr-mg34-mit-stativen-denix\/"]}]},{"@type":"ImageObject","inLanguage":"de","@id":"https:\/\/repliquemangacine.fr\/de\/denix\/replika-maschinengewehr-mg34-mit-stativen-denix\/#primaryimage","url":"https:\/\/repliquemangacine.fr\/wp-content\/uploads\/2023\/10\/mitrailleuse-mg-34-denix.jpg","contentUrl":"https:\/\/repliquemangacine.fr\/wp-content\/uploads\/2023\/10\/mitrailleuse-mg-34-denix.jpg","width":600,"height":600,"caption":"mitrailleuse-mg-34-denix"},{"@type":"BreadcrumbList","@id":"https:\/\/repliquemangacine.fr\/de\/denix\/replika-maschinengewehr-mg34-mit-stativen-denix\/#breadcrumb","itemListElement":[{"@type":"ListItem","position":1,"name":"Accueil","item":"https:\/\/repliquemangacine.fr\/"},{"@type":"ListItem","position":2,"name":"Produits","item":"https:\/\/repliquemangacine.fr\/boutique\/"},{"@type":"ListItem","position":3,"name":"Mitrailleuse MG-34 Denix"}]},{"@type":"WebSite","@id":"https:\/\/repliquemangacine.fr\/#website","url":"https:\/\/repliquemangacine.fr\/","name":"R\u00e9plique Manga Cin\u00e9","description":"","publisher":{"@id":"https:\/\/repliquemangacine.fr\/#organization"},"potentialAction":[{"@type":"SearchAction","target":{"@type":"EntryPoint","urlTemplate":"https:\/\/repliquemangacine.fr\/?s={search_term_string}"},"query-input":{"@type":"PropertyValueSpecification","valueRequired":true,"valueName":"search_term_string"}}],"inLanguage":"de"},{"@type":"Organization","@id":"https:\/\/repliquemangacine.fr\/#organization","name":"R\u00e9plique Manga Cin\u00e9","url":"https:\/\/repliquemangacine.fr\/","logo":{"@type":"ImageObject","inLanguage":"de","@id":"https:\/\/repliquemangacine.fr\/#\/schema\/logo\/image\/","url":"https:\/\/repliquemangacine.fr\/wp-content\/uploads\/2023\/10\/RMC-500250.png","contentUrl":"https:\/\/repliquemangacine.fr\/wp-content\/uploads\/2023\/10\/RMC-500250.png","width":500,"height":250,"caption":"R\u00e9plique Manga Cin\u00e9"},"image":{"@id":"https:\/\/repliquemangacine.fr\/#\/schema\/logo\/image\/"},"sameAs":["https:\/\/www.facebook.com\/RepliqueMangaCine","https:\/\/www.instagram.com\/repliquemangacine.fr\/"]}]}},"_links":{"self":[{"href":"https:\/\/repliquemangacine.fr\/de\/wp-json\/wp\/v2\/product\/40383","targetHints":{"allow":["GET"]}}],"collection":[{"href":"https:\/\/repliquemangacine.fr\/de\/wp-json\/wp\/v2\/product"}],"about":[{"href":"https:\/\/repliquemangacine.fr\/de\/wp-json\/wp\/v2\/types\/product"}],"wp:featuredmedia":[{"embeddable":true,"href":"https:\/\/repliquemangacine.fr\/de\/wp-json\/wp\/v2\/media\/40384"}],"wp:attachment":[{"href":"https:\/\/repliquemangacine.fr\/de\/wp-json\/wp\/v2\/media?parent=40383"}],"wp:term":[{"taxonomy":"product_brand","embeddable":true,"href":"https:\/\/repliquemangacine.fr\/de\/wp-json\/wp\/v2\/product_brand?post=40383"},{"taxonomy":"product_cat","embeddable":true,"href":"https:\/\/repliquemangacine.fr\/de\/wp-json\/wp\/v2\/product_cat?post=40383"},{"taxonomy":"product_tag","embeddable":true,"href":"https:\/\/repliquemangacine.fr\/de\/wp-json\/wp\/v2\/product_tag?post=40383"}],"curies":[{"name":"wp","href":"https:\/\/api.w.org\/{rel}","templated":true}]}}