





{"id":29336,"date":"2021-03-18T14:21:43","date_gmt":"2021-03-18T13:21:43","guid":{"rendered":"https:\/\/repliquemangacine.fr\/?post_type=product&#038;p=29336"},"modified":"2026-03-12T12:09:49","modified_gmt":"2026-03-12T11:09:49","slug":"harley-quinn-baseballschlager","status":"publish","type":"product","link":"https:\/\/repliquemangacine.fr\/de\/super-heros-marvel\/harley-quinn-batte-de-baseball\/","title":{"rendered":"Harley Quinn - Baseballschl\u00e4ger"},"content":{"rendered":"<h2>Harley Quinns Baseballschl\u00e4ger in Suicide Squad DC.<\/h2>\n<p>Zum Auftakt Harley Quinns Baseballschl\u00e4ger in Suicide Squad, offiziell lizenziert von Suicide Squad DC comics vertrieben von <a href=\"https:\/\/noblecollection.fr\/harley-quinn-batte-baseball-suicide-squad-comics-p-5546.html\" target=\"_blank\" rel=\"noopener noreferrer\">The Noble Collection<\/a>.<\/p>\n<p>Die junge Psychiaterin Harleen Frances Quinzel arbeitet bis zu ihrer Begegnung mit dem Joker an der Rehabilitation von Patienten auf dem Gel\u00e4nde des Arkham Asylum.<\/p>\n<p>Harleen verliebt sich in den Psychopathen. Sie hilft ihm mehrmals bei der Flucht, bevor sie entdeckt wird. Als sie widerrufen wird, bekommt sie eine eigene Zelle in der Anstalt.<\/p>\n<p>Ihre Liebesbeziehung mit dem Joker ist von Exzess und Missbrauch gepr\u00e4gt. Je nach Version wird sie von ihrem \"K\u00e4fer\" oder ihrer \"Ente\" psychisch und physisch misshandelt, kehrt jedoch immer wieder zu ihm zur\u00fcck. Diese Beziehung ist auch durchzogen von langen Trennungsmomenten oder von den regelm\u00e4\u00dfigen Konflikten, die dieses Paar pr\u00e4gen.<\/p>\n<h2>Ihr Harley Quinn-Schl\u00e4ger zum besten Preis.<\/h2>\n<p>Wir bieten dir alle Repliken von Sammlerst\u00fccken deiner Lieblingssuperhelden an.<\/p>\n<p>Zun\u00e4chst einmal,<\/p>\n<ul>\n<li>Die ber\u00fchmte <a href=\"https:\/\/repliquemangacine.fr\/de\/superheld\/der-stock-von-joker-suicide-squad\/\">Joker Stock<\/a> mit seinen Strasssteinen am Griff.<\/li>\n<li>Au\u00dferdem gibt es die <a href=\"https:\/\/repliquemangacine.fr\/de\/superheld\/leuchtstab-black-widow-schwarz\/\">Black Widows Leuchtst\u00e4be<\/a> mit Schaltertaste an den Griffen.<\/li>\n<li>Sowie die riesige <a href=\"https:\/\/repliquemangacine.fr\/de\/superheld\/double-epee-de-thanos-avengers-endgame\/\">Thanos-Schwert<\/a> aus Glasfaser.<\/li>\n<li>Und viele weitere aus dem Marvel-Universum.<\/li>\n<\/ul>\n<p>Deshalb ist dies eine tolle Geschenkidee f\u00fcr Fans von Batman und Suicide Squad.<\/p>\n<p>Zusammenfassend l\u00e4sst sich sagen, dass Sie diesen Harley Quinn Suicide Squad Baseballschl\u00e4ger in Ihren Cosplay-Paraden auf Ihren Conventions verwenden k\u00f6nnen. In erster Linie ist er jedoch ein Sammler- und Dekorationsst\u00fcck.<\/p>\n<h2>Wie werden unsere Marvel-Merchandise-Artikel hergestellt?<\/h2>\n<p>Zun\u00e4chst einmal sind alle unsere Produkte von hoher Qualit\u00e4t und werden mit besonderer Sorgfalt hergestellt. Die Herstellung erfolgt zum Teil von Hand, um jedes noch so kleine Detail zu reproduzieren. Gr\u00f6\u00dfere Teile werden von pr\u00e4zisen Maschinen bearbeitet. Die Gravuren werden in der Regel mit einer Diamantspitze oder einem Laser ausgef\u00fchrt.<\/p>\n<p>Ihr Harley-Quinn-Schl\u00e4ger wurde so hergestellt, dass er jedes Detail genau wiedergibt. Abgenutzter und verschmutzter Stoffklebestreifen kleidet den Griff. Inschrift \"Good Night\" in Gro\u00dfbuchstaben.<\/p>\n<p>Abschlie\u00dfend sei gesagt, dass unsere Repliken, die aus China oder Spanien importiert wurden, Sie in Erstaunen versetzen werden!<\/p>\n<p>R\u00e9plique Manga Cin\u00e9 ist ein franz\u00f6sisches Familienunternehmen.<\/p>\n<p>Wir w\u00fcnschen allen einen guten Besuch.<\/p>","protected":false},"excerpt":{"rendered":"<p>Authentisches Replikat des Schl\u00e4gers von Harley Quinn aus dem Film \"Suicide Squad\".<\/p>\n<ul>\n<li>Inschriften rundherum sowie \"Good Night\" in Gro\u00dfbuchstaben.<\/li>\n<li>Ganz aus Holz.<\/li>\n<li>Abgenutzter und verschmutzter Stoffklebestreifen kleidet den Griff.<\/li>\n<li>Sammlerbox in den Farben des Films.<\/li>\n<li>Unter offizieller Lizenz Suicide Squad -DC Comics<\/li>\n<li>Tats\u00e4chliche Gr\u00f6\u00dfe 80 cm - Gewicht 1.4 Kg<\/li>\n<\/ul>","protected":false},"featured_media":29337,"template":"","meta":[],"product_brand":[896],"product_cat":[24,59],"product_tag":[],"class_list":{"0":"post-29336","1":"product","2":"type-product","3":"status-publish","4":"has-post-thumbnail","6":"product_brand-replique-manga-cine","7":"product_cat-films-series-tv-vente-de-katana-epee-et-produits-derives","8":"product_cat-super-heros-marvel","10":"first","11":"instock","12":"taxable","13":"shipping-taxable","14":"purchasable","15":"product-type-simple"},"yoast_head":"<!-- This site is optimized with the Yoast SEO plugin v27.5 - https:\/\/yoast.com\/product\/yoast-seo-wordpress\/ -->\n<title>Batte de Harley Quinn - Suicide Squad - R\u00e9plique Manga Cin\u00e9<\/title>\n<meta name=\"description\" content=\"D\u00e9couvrez la Batte de Harley Quinn dans Suicide Squad au meilleur prix. Tout en bois - Boite collector - Licence Officielle - Longueur : 80 cm\" \/>\n<meta name=\"robots\" content=\"index, follow, max-snippet:-1, max-image-preview:large, max-video-preview:-1\" \/>\n<link rel=\"canonical\" href=\"https:\/\/repliquemangacine.fr\/de\/marvel-super-heros\/harley-quinn-baseballschlager\/\" \/>\n<meta property=\"og:locale\" content=\"de_DE\" \/>\n<meta property=\"og:type\" content=\"article\" \/>\n<meta property=\"og:title\" content=\"Batte de Harley Quinn - Suicide Squad - R\u00e9plique Manga Cin\u00e9\" \/>\n<meta property=\"og:description\" content=\"D\u00e9couvrez la Batte de Harley Quinn dans Suicide Squad au meilleur prix. Tout en bois - Boite collector - Licence Officielle - Longueur : 80 cm\" \/>\n<meta property=\"og:url\" content=\"https:\/\/repliquemangacine.fr\/de\/marvel-super-heros\/harley-quinn-baseballschlager\/\" \/>\n<meta property=\"og:site_name\" content=\"R\u00e9plique Manga Cin\u00e9\" \/>\n<meta property=\"article:publisher\" content=\"https:\/\/www.facebook.com\/RepliqueMangaCine\" \/>\n<meta property=\"article:modified_time\" content=\"2026-03-12T11:09:49+00:00\" \/>\n<meta property=\"og:image\" content=\"https:\/\/repliquemangacine.fr\/wp-content\/uploads\/2023\/10\/4016-batte-de-baseball-harley-quinn.jpg\" \/>\n\t<meta property=\"og:image:width\" content=\"800\" \/>\n\t<meta property=\"og:image:height\" content=\"800\" \/>\n\t<meta property=\"og:image:type\" content=\"image\/jpeg\" \/>\n<meta name=\"twitter:card\" content=\"summary_large_image\" \/>\n<meta name=\"twitter:label1\" content=\"Gesch\u00e4tzte Lesezeit\" \/>\n\t<meta name=\"twitter:data1\" content=\"3\u00a0Minuten\" \/>\n<script type=\"application\/ld+json\" class=\"yoast-schema-graph\">{\"@context\":\"https:\\\/\\\/schema.org\",\"@graph\":[{\"@type\":\"WebPage\",\"@id\":\"https:\\\/\\\/repliquemangacine.fr\\\/super-heros-marvel\\\/harley-quinn-batte-de-baseball\\\/\",\"url\":\"https:\\\/\\\/repliquemangacine.fr\\\/super-heros-marvel\\\/harley-quinn-batte-de-baseball\\\/\",\"name\":\"Batte de Harley Quinn - Suicide Squad - R\u00e9plique Manga Cin\u00e9\",\"isPartOf\":{\"@id\":\"https:\\\/\\\/repliquemangacine.fr\\\/#website\"},\"primaryImageOfPage\":{\"@id\":\"https:\\\/\\\/repliquemangacine.fr\\\/super-heros-marvel\\\/harley-quinn-batte-de-baseball\\\/#primaryimage\"},\"image\":{\"@id\":\"https:\\\/\\\/repliquemangacine.fr\\\/super-heros-marvel\\\/harley-quinn-batte-de-baseball\\\/#primaryimage\"},\"thumbnailUrl\":\"https:\\\/\\\/repliquemangacine.fr\\\/wp-content\\\/uploads\\\/2023\\\/10\\\/4016-batte-de-baseball-harley-quinn.jpg\",\"datePublished\":\"2021-03-18T13:21:43+00:00\",\"dateModified\":\"2026-03-12T11:09:49+00:00\",\"description\":\"D\u00e9couvrez la Batte de Harley Quinn dans Suicide Squad au meilleur prix. Tout en bois - Boite collector - Licence Officielle - Longueur : 80 cm\",\"breadcrumb\":{\"@id\":\"https:\\\/\\\/repliquemangacine.fr\\\/super-heros-marvel\\\/harley-quinn-batte-de-baseball\\\/#breadcrumb\"},\"inLanguage\":\"de\",\"potentialAction\":[{\"@type\":\"ReadAction\",\"target\":[\"https:\\\/\\\/repliquemangacine.fr\\\/super-heros-marvel\\\/harley-quinn-batte-de-baseball\\\/\"]}]},{\"@type\":\"ImageObject\",\"inLanguage\":\"de\",\"@id\":\"https:\\\/\\\/repliquemangacine.fr\\\/super-heros-marvel\\\/harley-quinn-batte-de-baseball\\\/#primaryimage\",\"url\":\"https:\\\/\\\/repliquemangacine.fr\\\/wp-content\\\/uploads\\\/2023\\\/10\\\/4016-batte-de-baseball-harley-quinn.jpg\",\"contentUrl\":\"https:\\\/\\\/repliquemangacine.fr\\\/wp-content\\\/uploads\\\/2023\\\/10\\\/4016-batte-de-baseball-harley-quinn.jpg\",\"width\":800,\"height\":800,\"caption\":\"batte de baseball harley quinn\"},{\"@type\":\"BreadcrumbList\",\"@id\":\"https:\\\/\\\/repliquemangacine.fr\\\/super-heros-marvel\\\/harley-quinn-batte-de-baseball\\\/#breadcrumb\",\"itemListElement\":[{\"@type\":\"ListItem\",\"position\":1,\"name\":\"Accueil\",\"item\":\"https:\\\/\\\/repliquemangacine.fr\\\/\"},{\"@type\":\"ListItem\",\"position\":2,\"name\":\"Produits\",\"item\":\"https:\\\/\\\/repliquemangacine.fr\\\/boutique\\\/\"},{\"@type\":\"ListItem\",\"position\":3,\"name\":\"Harley Quinn &#8211; Batte de Baseball\"}]},{\"@type\":\"WebSite\",\"@id\":\"https:\\\/\\\/repliquemangacine.fr\\\/#website\",\"url\":\"https:\\\/\\\/repliquemangacine.fr\\\/\",\"name\":\"R\u00e9plique Manga Cin\u00e9\",\"description\":\"\",\"publisher\":{\"@id\":\"https:\\\/\\\/repliquemangacine.fr\\\/#organization\"},\"potentialAction\":[{\"@type\":\"SearchAction\",\"target\":{\"@type\":\"EntryPoint\",\"urlTemplate\":\"https:\\\/\\\/repliquemangacine.fr\\\/?s={search_term_string}\"},\"query-input\":{\"@type\":\"PropertyValueSpecification\",\"valueRequired\":true,\"valueName\":\"search_term_string\"}}],\"inLanguage\":\"de\"},{\"@type\":\"Organization\",\"@id\":\"https:\\\/\\\/repliquemangacine.fr\\\/#organization\",\"name\":\"R\u00e9plique Manga Cin\u00e9\",\"url\":\"https:\\\/\\\/repliquemangacine.fr\\\/\",\"logo\":{\"@type\":\"ImageObject\",\"inLanguage\":\"de\",\"@id\":\"https:\\\/\\\/repliquemangacine.fr\\\/#\\\/schema\\\/logo\\\/image\\\/\",\"url\":\"https:\\\/\\\/repliquemangacine.fr\\\/wp-content\\\/uploads\\\/2023\\\/10\\\/RMC-500250.png\",\"contentUrl\":\"https:\\\/\\\/repliquemangacine.fr\\\/wp-content\\\/uploads\\\/2023\\\/10\\\/RMC-500250.png\",\"width\":500,\"height\":250,\"caption\":\"R\u00e9plique Manga Cin\u00e9\"},\"image\":{\"@id\":\"https:\\\/\\\/repliquemangacine.fr\\\/#\\\/schema\\\/logo\\\/image\\\/\"},\"sameAs\":[\"https:\\\/\\\/www.facebook.com\\\/RepliqueMangaCine\",\"https:\\\/\\\/www.instagram.com\\\/repliquemangacine.fr\\\/\"]}]}<\/script>\n<!-- \/ Yoast SEO plugin. -->","yoast_head_json":{"title":"Harley Quinns Schlagstock - Suicide Squad - R\u00e9plique Manga Cin\u00e9","description":"Entdecken Sie den Schl\u00e4ger von Harley Quinn aus Suicide Squad zum besten Preis. Ganz aus Holz - Sammlerbox - Offizielle Lizenz - L\u00e4nge: 80 cm","robots":{"index":"index","follow":"follow","max-snippet":"max-snippet:-1","max-image-preview":"max-image-preview:large","max-video-preview":"max-video-preview:-1"},"canonical":"https:\/\/repliquemangacine.fr\/de\/marvel-super-heros\/harley-quinn-baseballschlager\/","og_locale":"de_DE","og_type":"article","og_title":"Batte de Harley Quinn - Suicide Squad - R\u00e9plique Manga Cin\u00e9","og_description":"D\u00e9couvrez la Batte de Harley Quinn dans Suicide Squad au meilleur prix. Tout en bois - Boite collector - Licence Officielle - Longueur : 80 cm","og_url":"https:\/\/repliquemangacine.fr\/de\/marvel-super-heros\/harley-quinn-baseballschlager\/","og_site_name":"R\u00e9plique Manga Cin\u00e9","article_publisher":"https:\/\/www.facebook.com\/RepliqueMangaCine","article_modified_time":"2026-03-12T11:09:49+00:00","og_image":[{"width":800,"height":800,"url":"https:\/\/repliquemangacine.fr\/wp-content\/uploads\/2023\/10\/4016-batte-de-baseball-harley-quinn.jpg","type":"image\/jpeg"}],"twitter_card":"summary_large_image","twitter_misc":{"Gesch\u00e4tzte Lesezeit":"3\u00a0Minuten"},"schema":{"@context":"https:\/\/schema.org","@graph":[{"@type":"WebPage","@id":"https:\/\/repliquemangacine.fr\/super-heros-marvel\/harley-quinn-batte-de-baseball\/","url":"https:\/\/repliquemangacine.fr\/super-heros-marvel\/harley-quinn-batte-de-baseball\/","name":"Harley Quinns Schlagstock - Suicide Squad - R\u00e9plique Manga Cin\u00e9","isPartOf":{"@id":"https:\/\/repliquemangacine.fr\/#website"},"primaryImageOfPage":{"@id":"https:\/\/repliquemangacine.fr\/super-heros-marvel\/harley-quinn-batte-de-baseball\/#primaryimage"},"image":{"@id":"https:\/\/repliquemangacine.fr\/super-heros-marvel\/harley-quinn-batte-de-baseball\/#primaryimage"},"thumbnailUrl":"https:\/\/repliquemangacine.fr\/wp-content\/uploads\/2023\/10\/4016-batte-de-baseball-harley-quinn.jpg","datePublished":"2021-03-18T13:21:43+00:00","dateModified":"2026-03-12T11:09:49+00:00","description":"Entdecken Sie den Schl\u00e4ger von Harley Quinn aus Suicide Squad zum besten Preis. Ganz aus Holz - Sammlerbox - Offizielle Lizenz - L\u00e4nge: 80 cm","breadcrumb":{"@id":"https:\/\/repliquemangacine.fr\/super-heros-marvel\/harley-quinn-batte-de-baseball\/#breadcrumb"},"inLanguage":"de","potentialAction":[{"@type":"ReadAction","target":["https:\/\/repliquemangacine.fr\/super-heros-marvel\/harley-quinn-batte-de-baseball\/"]}]},{"@type":"ImageObject","inLanguage":"de","@id":"https:\/\/repliquemangacine.fr\/super-heros-marvel\/harley-quinn-batte-de-baseball\/#primaryimage","url":"https:\/\/repliquemangacine.fr\/wp-content\/uploads\/2023\/10\/4016-batte-de-baseball-harley-quinn.jpg","contentUrl":"https:\/\/repliquemangacine.fr\/wp-content\/uploads\/2023\/10\/4016-batte-de-baseball-harley-quinn.jpg","width":800,"height":800,"caption":"batte de baseball harley quinn"},{"@type":"BreadcrumbList","@id":"https:\/\/repliquemangacine.fr\/super-heros-marvel\/harley-quinn-batte-de-baseball\/#breadcrumb","itemListElement":[{"@type":"ListItem","position":1,"name":"Accueil","item":"https:\/\/repliquemangacine.fr\/"},{"@type":"ListItem","position":2,"name":"Produits","item":"https:\/\/repliquemangacine.fr\/boutique\/"},{"@type":"ListItem","position":3,"name":"Harley Quinn &#8211; Batte de Baseball"}]},{"@type":"WebSite","@id":"https:\/\/repliquemangacine.fr\/#website","url":"https:\/\/repliquemangacine.fr\/","name":"R\u00e9plique Manga Cin\u00e9","description":"","publisher":{"@id":"https:\/\/repliquemangacine.fr\/#organization"},"potentialAction":[{"@type":"SearchAction","target":{"@type":"EntryPoint","urlTemplate":"https:\/\/repliquemangacine.fr\/?s={search_term_string}"},"query-input":{"@type":"PropertyValueSpecification","valueRequired":true,"valueName":"search_term_string"}}],"inLanguage":"de"},{"@type":"Organization","@id":"https:\/\/repliquemangacine.fr\/#organization","name":"R\u00e9plique Manga Cin\u00e9","url":"https:\/\/repliquemangacine.fr\/","logo":{"@type":"ImageObject","inLanguage":"de","@id":"https:\/\/repliquemangacine.fr\/#\/schema\/logo\/image\/","url":"https:\/\/repliquemangacine.fr\/wp-content\/uploads\/2023\/10\/RMC-500250.png","contentUrl":"https:\/\/repliquemangacine.fr\/wp-content\/uploads\/2023\/10\/RMC-500250.png","width":500,"height":250,"caption":"R\u00e9plique Manga Cin\u00e9"},"image":{"@id":"https:\/\/repliquemangacine.fr\/#\/schema\/logo\/image\/"},"sameAs":["https:\/\/www.facebook.com\/RepliqueMangaCine","https:\/\/www.instagram.com\/repliquemangacine.fr\/"]}]}},"_links":{"self":[{"href":"https:\/\/repliquemangacine.fr\/de\/wp-json\/wp\/v2\/product\/29336","targetHints":{"allow":["GET"]}}],"collection":[{"href":"https:\/\/repliquemangacine.fr\/de\/wp-json\/wp\/v2\/product"}],"about":[{"href":"https:\/\/repliquemangacine.fr\/de\/wp-json\/wp\/v2\/types\/product"}],"wp:featuredmedia":[{"embeddable":true,"href":"https:\/\/repliquemangacine.fr\/de\/wp-json\/wp\/v2\/media\/29337"}],"wp:attachment":[{"href":"https:\/\/repliquemangacine.fr\/de\/wp-json\/wp\/v2\/media?parent=29336"}],"wp:term":[{"taxonomy":"product_brand","embeddable":true,"href":"https:\/\/repliquemangacine.fr\/de\/wp-json\/wp\/v2\/product_brand?post=29336"},{"taxonomy":"product_cat","embeddable":true,"href":"https:\/\/repliquemangacine.fr\/de\/wp-json\/wp\/v2\/product_cat?post=29336"},{"taxonomy":"product_tag","embeddable":true,"href":"https:\/\/repliquemangacine.fr\/de\/wp-json\/wp\/v2\/product_tag?post=29336"}],"curies":[{"name":"wp","href":"https:\/\/api.w.org\/{rel}","templated":true}]}}