





{"id":29310,"date":"2021-02-03T15:39:18","date_gmt":"2021-02-03T14:39:18","guid":{"rendered":"https:\/\/repliquemangacine.fr\/?post_type=product&#038;p=29310"},"modified":"2026-03-01T20:23:07","modified_gmt":"2026-03-01T19:23:07","slug":"wikingerschwert-ironside","status":"publish","type":"product","link":"https:\/\/repliquemangacine.fr\/de\/epees-serie-tv-vikings\/epee-viking-ironside\/","title":{"rendered":"Wikingerschwert Ironside"},"content":{"rendered":"<h2>Wikingerschwert Ironside von Condor<\/h2>\n<p>Zu Beginn wird die<strong>Wikingerschwert Ironside<\/strong> de Condor ist nach Bj\u00f6rn Ironside benannt - dem legend\u00e4ren Wikingerk\u00f6nig, der im 9. Jahrhundert in Upsal in Schweden regierte. Er war der erste Sohn des mythischen Ragnar Lodbrok.<\/p>\n<p>\u00dcber 100 Jahre lang f\u00fchrten die Wikinger zahlreiche m\u00f6rderische Raubz\u00fcge in Frankreich durch. Diese aus Norwegen stammenden Krieger errangen zahlreiche Siege. Sie konnten sich sogar dauerhaft in der Normandie niederlassen, einer Region, die ihren Namen diesen Invasoren verdankt.<\/p>\n<p>Die Wikinger sind hervorragende Seefahrer und dringen im Jahr 844 auch bis zur Iberischen Halbinsel vor. Die Wikinger dringen \u00fcber die Stra\u00dfe von Gibraltar in das Mittelmeer ein.<\/p>\n<p>Die Wikinger, die als furchtbare Krieger bekannt sind, haben es nie geschafft, eine richtige Armee zu bilden.<\/p>\n<h2>Ihr Ironside Viking Sword zum besten Preis.<\/h2>\n<p>Wir bieten Ihnen eine gro\u00dfe Auswahl an Schwertern sowie Helmen und Schilden aus der Wikingerzeit.<\/p>\n<p>Zun\u00e4chst einmal,<\/p>\n<ul>\n<li>die <a href=\"https:\/\/repliquemangacine.fr\/de\/wikingerwaffen\/axt-aus-der-wikinger-serie-axt-des-ragnar-lothbrok\/\">einh\u00e4ndige Axt von Ragnar Lothbrok<\/a> aus der Viking-Serie.<\/li>\n<li>Es gibt auch den <a href=\"https:\/\/repliquemangacine.fr\/de\/viking\/wikingerschild-rund-dekorativ\/\">Rundschild<\/a> aus Holz, mit vernieteten Zierbeschl\u00e4gen.<\/li>\n<li>Und viele andere mehr!<\/li>\n<li>Wenn Sie ein Armband, einen Ring oder sogar ein Tattoo suchen, gehen Sie auf Entdeckungsreise im Partnershop <a href=\"https:\/\/www.viking-clan.com\/\" target=\"_blank\" rel=\"noopener noreferrer\">Viking Clan<\/a>.<\/li>\n<\/ul>\n<p>Deshalb ist dies eine tolle Geschenkidee f\u00fcr Fans der Wikingerzeit, aber auch f\u00fcr Fans der ber\u00fchmten Serie.<\/p>\n<p>Schlie\u00dflich k\u00f6nnen Sie dieses Schwert auch f\u00fcr Ihre Cosplay-Paraden oder historische Reenactments verwenden. Vor allem aber ist das<strong>Wikingerschwert Ironside<\/strong>Das Buch ist ein Sammlerst\u00fcck und dient als Dekoration.<\/p>\n<h2>Wie pflegt man die Klinge seines Schwertes?<\/h2>\n<p>Sammlungs- und Dekorationsschwerter werden in vereinfachter Form hergestellt und zusammengebaut. Da sie zu Dekorationszwecken verwendet werden, fehlen ihnen die Sicherheitselemente, die ein japanisches Schwert f\u00fcr Trainingszwecke aufweisen muss.<\/p>\n<p>Allerdings ist Ihr <strong>Wikingerschwert Ironside<\/strong> zu einer Stahlklinge, die gepflegt werden muss, damit sie nicht mit der Zeit abgenutzt wird. Denn wenn du dein Katana ausstellst, werden deine Freunde neugierig sein, die Klinge zu sehen und sie zu ber\u00fchren. Hier ist Vorsicht geboten, denn Sie sollten wissen, dass die S\u00e4ure der Finger dem Stahl unabh\u00e4ngig von seiner Qualit\u00e4t sehr schadet.<\/p>\n<p>Wenn dies jedoch passiert, keine Panik, Sie brauchen nur ein Tuch, das mit etwas \u00d6l befeuchtet ist, und wischen die Fingerabdr\u00fccke ab. Wenn Sie dies tun, werden Sie Ihr Schwert sehr lange behalten.<\/p>","protected":false},"excerpt":{"rendered":"<p>Wundersch\u00f6ne Replik des Wikingerschwerts Ironside<\/p>\n<ul>\n<li>Geschliffene Klinge aus Stahl, hoher Kohlenstoffgehalt, poliert 1075.<\/li>\n<li>Garde und Knauf aus geh\u00e4mmertem, altem Stahl.<\/li>\n<li>Griff aus Hartholz mit Lederbezug.<\/li>\n<li>Mit Leder \u00fcberzogene Scheide.<\/li>\n<li>L\u00e4nge der Klinge: 77 cm - Gesamtl\u00e4nge: 93 cm - Gewicht: 1810 grs<\/li>\n<\/ul>","protected":false},"featured_media":29311,"template":"","meta":[],"product_brand":[896],"product_cat":[25,112,24,103,57],"product_tag":[],"class_list":{"0":"post-29310","1":"product","2":"type-product","3":"status-publish","4":"has-post-thumbnail","6":"product_brand-replique-manga-cine","7":"product_cat-armes-historiques","8":"product_cat-epees-serie-tv-vikings","9":"product_cat-films-series-tv-vente-de-katana-epee-et-produits-derives","10":"product_cat-armes-et-accessoires-vikings","11":"product_cat-armes-vikings","13":"first","14":"outofstock","15":"taxable","16":"shipping-taxable","17":"purchasable","18":"product-type-simple"},"yoast_head":"<!-- This site is optimized with the Yoast SEO plugin v27.5 - https:\/\/yoast.com\/product\/yoast-seo-wordpress\/ -->\n<title>Ep\u00e9e Viking Ironside - Vente Ep\u00e9es Vikings - R\u00e9plique Manga Cin\u00e9<\/title>\n<meta name=\"description\" content=\"Commandez vite ! Cette r\u00e9plique de l&#039;Ep\u00e9e Viking Ironside au meilleur prix. Lame en acier poli - Haute teneur en carbone - Fourreau cuir - Longueur : 93 cm\" \/>\n<meta name=\"robots\" content=\"index, follow, max-snippet:-1, max-image-preview:large, max-video-preview:-1\" \/>\n<link rel=\"canonical\" href=\"https:\/\/repliquemangacine.fr\/de\/schwerter-tv-serie-vikings\/wikingerschwert-ironside\/\" \/>\n<meta property=\"og:locale\" content=\"de_DE\" \/>\n<meta property=\"og:type\" content=\"article\" \/>\n<meta property=\"og:title\" content=\"Ep\u00e9e Viking Ironside - Vente Ep\u00e9es Vikings - R\u00e9plique Manga Cin\u00e9\" \/>\n<meta property=\"og:description\" content=\"Commandez vite ! Cette r\u00e9plique de l&#039;Ep\u00e9e Viking Ironside au meilleur prix. Lame en acier poli - Haute teneur en carbone - Fourreau cuir - Longueur : 93 cm\" \/>\n<meta property=\"og:url\" content=\"https:\/\/repliquemangacine.fr\/de\/schwerter-tv-serie-vikings\/wikingerschwert-ironside\/\" \/>\n<meta property=\"og:site_name\" content=\"R\u00e9plique Manga Cin\u00e9\" \/>\n<meta property=\"article:publisher\" content=\"https:\/\/www.facebook.com\/RepliqueMangaCine\" \/>\n<meta property=\"article:modified_time\" content=\"2026-03-01T19:23:07+00:00\" \/>\n<meta property=\"og:image\" content=\"https:\/\/repliquemangacine.fr\/wp-content\/uploads\/2023\/10\/3983-Epee-Viking-Ironside.jpg\" \/>\n\t<meta property=\"og:image:width\" content=\"800\" \/>\n\t<meta property=\"og:image:height\" content=\"800\" \/>\n\t<meta property=\"og:image:type\" content=\"image\/jpeg\" \/>\n<meta name=\"twitter:card\" content=\"summary_large_image\" \/>\n<meta name=\"twitter:label1\" content=\"Gesch\u00e4tzte Lesezeit\" \/>\n\t<meta name=\"twitter:data1\" content=\"1\u00a0Minute\" \/>\n<script type=\"application\/ld+json\" class=\"yoast-schema-graph\">{\"@context\":\"https:\\\/\\\/schema.org\",\"@graph\":[{\"@type\":\"WebPage\",\"@id\":\"https:\\\/\\\/repliquemangacine.fr\\\/en\\\/swords-tv-series-vikings\\\/ironside-viking-sword\\\/\",\"url\":\"https:\\\/\\\/repliquemangacine.fr\\\/en\\\/swords-tv-series-vikings\\\/ironside-viking-sword\\\/\",\"name\":\"Ep\u00e9e Viking Ironside - Vente Ep\u00e9es Vikings - R\u00e9plique Manga Cin\u00e9\",\"isPartOf\":{\"@id\":\"https:\\\/\\\/repliquemangacine.fr\\\/#website\"},\"primaryImageOfPage\":{\"@id\":\"https:\\\/\\\/repliquemangacine.fr\\\/en\\\/swords-tv-series-vikings\\\/ironside-viking-sword\\\/#primaryimage\"},\"image\":{\"@id\":\"https:\\\/\\\/repliquemangacine.fr\\\/en\\\/swords-tv-series-vikings\\\/ironside-viking-sword\\\/#primaryimage\"},\"thumbnailUrl\":\"https:\\\/\\\/repliquemangacine.fr\\\/wp-content\\\/uploads\\\/2023\\\/10\\\/3983-Epee-Viking-Ironside.jpg\",\"datePublished\":\"2021-02-03T14:39:18+00:00\",\"dateModified\":\"2026-03-01T19:23:07+00:00\",\"description\":\"Commandez vite ! Cette r\u00e9plique de l'Ep\u00e9e Viking Ironside au meilleur prix. Lame en acier poli - Haute teneur en carbone - Fourreau cuir - Longueur : 93 cm\",\"breadcrumb\":{\"@id\":\"https:\\\/\\\/repliquemangacine.fr\\\/en\\\/swords-tv-series-vikings\\\/ironside-viking-sword\\\/#breadcrumb\"},\"inLanguage\":\"de\",\"potentialAction\":[{\"@type\":\"ReadAction\",\"target\":[\"https:\\\/\\\/repliquemangacine.fr\\\/en\\\/swords-tv-series-vikings\\\/ironside-viking-sword\\\/\"]}]},{\"@type\":\"ImageObject\",\"inLanguage\":\"de\",\"@id\":\"https:\\\/\\\/repliquemangacine.fr\\\/en\\\/swords-tv-series-vikings\\\/ironside-viking-sword\\\/#primaryimage\",\"url\":\"https:\\\/\\\/repliquemangacine.fr\\\/wp-content\\\/uploads\\\/2023\\\/10\\\/3983-Epee-Viking-Ironside.jpg\",\"contentUrl\":\"https:\\\/\\\/repliquemangacine.fr\\\/wp-content\\\/uploads\\\/2023\\\/10\\\/3983-Epee-Viking-Ironside.jpg\",\"width\":800,\"height\":800,\"caption\":\"Ep\u00e9e Viking Ironside\"},{\"@type\":\"BreadcrumbList\",\"@id\":\"https:\\\/\\\/repliquemangacine.fr\\\/en\\\/swords-tv-series-vikings\\\/ironside-viking-sword\\\/#breadcrumb\",\"itemListElement\":[{\"@type\":\"ListItem\",\"position\":1,\"name\":\"Accueil\",\"item\":\"https:\\\/\\\/repliquemangacine.fr\\\/\"},{\"@type\":\"ListItem\",\"position\":2,\"name\":\"Produits\",\"item\":\"https:\\\/\\\/repliquemangacine.fr\\\/boutique\\\/\"},{\"@type\":\"ListItem\",\"position\":3,\"name\":\"Ep\u00e9e Viking Ironside\"}]},{\"@type\":\"WebSite\",\"@id\":\"https:\\\/\\\/repliquemangacine.fr\\\/#website\",\"url\":\"https:\\\/\\\/repliquemangacine.fr\\\/\",\"name\":\"R\u00e9plique Manga Cin\u00e9\",\"description\":\"\",\"publisher\":{\"@id\":\"https:\\\/\\\/repliquemangacine.fr\\\/#organization\"},\"potentialAction\":[{\"@type\":\"SearchAction\",\"target\":{\"@type\":\"EntryPoint\",\"urlTemplate\":\"https:\\\/\\\/repliquemangacine.fr\\\/?s={search_term_string}\"},\"query-input\":{\"@type\":\"PropertyValueSpecification\",\"valueRequired\":true,\"valueName\":\"search_term_string\"}}],\"inLanguage\":\"de\"},{\"@type\":\"Organization\",\"@id\":\"https:\\\/\\\/repliquemangacine.fr\\\/#organization\",\"name\":\"R\u00e9plique Manga Cin\u00e9\",\"url\":\"https:\\\/\\\/repliquemangacine.fr\\\/\",\"logo\":{\"@type\":\"ImageObject\",\"inLanguage\":\"de\",\"@id\":\"https:\\\/\\\/repliquemangacine.fr\\\/#\\\/schema\\\/logo\\\/image\\\/\",\"url\":\"https:\\\/\\\/repliquemangacine.fr\\\/wp-content\\\/uploads\\\/2023\\\/10\\\/RMC-500250.png\",\"contentUrl\":\"https:\\\/\\\/repliquemangacine.fr\\\/wp-content\\\/uploads\\\/2023\\\/10\\\/RMC-500250.png\",\"width\":500,\"height\":250,\"caption\":\"R\u00e9plique Manga Cin\u00e9\"},\"image\":{\"@id\":\"https:\\\/\\\/repliquemangacine.fr\\\/#\\\/schema\\\/logo\\\/image\\\/\"},\"sameAs\":[\"https:\\\/\\\/www.facebook.com\\\/RepliqueMangaCine\",\"https:\\\/\\\/www.instagram.com\\\/repliquemangacine.fr\\\/\"]}]}<\/script>\n<!-- \/ Yoast SEO plugin. -->","yoast_head_json":{"title":"Ironside Viking Schwert - Wikinger Schwerter Verkauf - R\u00e9plique Manga Cin\u00e9","description":"Bestellen Sie schnell! Diese Replik des Ironside Viking Sword zum besten Preis. Klinge aus poliertem Stahl - Hoher Kohlenstoffgehalt - Lederscheide - L\u00e4nge: 93 cm","robots":{"index":"index","follow":"follow","max-snippet":"max-snippet:-1","max-image-preview":"max-image-preview:large","max-video-preview":"max-video-preview:-1"},"canonical":"https:\/\/repliquemangacine.fr\/de\/schwerter-tv-serie-vikings\/wikingerschwert-ironside\/","og_locale":"de_DE","og_type":"article","og_title":"Ep\u00e9e Viking Ironside - Vente Ep\u00e9es Vikings - R\u00e9plique Manga Cin\u00e9","og_description":"Commandez vite ! Cette r\u00e9plique de l'Ep\u00e9e Viking Ironside au meilleur prix. Lame en acier poli - Haute teneur en carbone - Fourreau cuir - Longueur : 93 cm","og_url":"https:\/\/repliquemangacine.fr\/de\/schwerter-tv-serie-vikings\/wikingerschwert-ironside\/","og_site_name":"R\u00e9plique Manga Cin\u00e9","article_publisher":"https:\/\/www.facebook.com\/RepliqueMangaCine","article_modified_time":"2026-03-01T19:23:07+00:00","og_image":[{"width":800,"height":800,"url":"https:\/\/repliquemangacine.fr\/wp-content\/uploads\/2023\/10\/3983-Epee-Viking-Ironside.jpg","type":"image\/jpeg"}],"twitter_card":"summary_large_image","twitter_misc":{"Gesch\u00e4tzte Lesezeit":"1\u00a0Minute"},"schema":{"@context":"https:\/\/schema.org","@graph":[{"@type":"WebPage","@id":"https:\/\/repliquemangacine.fr\/en\/swords-tv-series-vikings\/ironside-viking-sword\/","url":"https:\/\/repliquemangacine.fr\/en\/swords-tv-series-vikings\/ironside-viking-sword\/","name":"Ironside Viking Schwert - Wikinger Schwerter Verkauf - R\u00e9plique Manga Cin\u00e9","isPartOf":{"@id":"https:\/\/repliquemangacine.fr\/#website"},"primaryImageOfPage":{"@id":"https:\/\/repliquemangacine.fr\/en\/swords-tv-series-vikings\/ironside-viking-sword\/#primaryimage"},"image":{"@id":"https:\/\/repliquemangacine.fr\/en\/swords-tv-series-vikings\/ironside-viking-sword\/#primaryimage"},"thumbnailUrl":"https:\/\/repliquemangacine.fr\/wp-content\/uploads\/2023\/10\/3983-Epee-Viking-Ironside.jpg","datePublished":"2021-02-03T14:39:18+00:00","dateModified":"2026-03-01T19:23:07+00:00","description":"Bestellen Sie schnell! Diese Replik des Ironside Viking Sword zum besten Preis. Klinge aus poliertem Stahl - Hoher Kohlenstoffgehalt - Lederscheide - L\u00e4nge: 93 cm","breadcrumb":{"@id":"https:\/\/repliquemangacine.fr\/en\/swords-tv-series-vikings\/ironside-viking-sword\/#breadcrumb"},"inLanguage":"de","potentialAction":[{"@type":"ReadAction","target":["https:\/\/repliquemangacine.fr\/en\/swords-tv-series-vikings\/ironside-viking-sword\/"]}]},{"@type":"ImageObject","inLanguage":"de","@id":"https:\/\/repliquemangacine.fr\/en\/swords-tv-series-vikings\/ironside-viking-sword\/#primaryimage","url":"https:\/\/repliquemangacine.fr\/wp-content\/uploads\/2023\/10\/3983-Epee-Viking-Ironside.jpg","contentUrl":"https:\/\/repliquemangacine.fr\/wp-content\/uploads\/2023\/10\/3983-Epee-Viking-Ironside.jpg","width":800,"height":800,"caption":"Ep\u00e9e Viking Ironside"},{"@type":"BreadcrumbList","@id":"https:\/\/repliquemangacine.fr\/en\/swords-tv-series-vikings\/ironside-viking-sword\/#breadcrumb","itemListElement":[{"@type":"ListItem","position":1,"name":"Accueil","item":"https:\/\/repliquemangacine.fr\/"},{"@type":"ListItem","position":2,"name":"Produits","item":"https:\/\/repliquemangacine.fr\/boutique\/"},{"@type":"ListItem","position":3,"name":"Ep\u00e9e Viking Ironside"}]},{"@type":"WebSite","@id":"https:\/\/repliquemangacine.fr\/#website","url":"https:\/\/repliquemangacine.fr\/","name":"R\u00e9plique Manga Cin\u00e9","description":"","publisher":{"@id":"https:\/\/repliquemangacine.fr\/#organization"},"potentialAction":[{"@type":"SearchAction","target":{"@type":"EntryPoint","urlTemplate":"https:\/\/repliquemangacine.fr\/?s={search_term_string}"},"query-input":{"@type":"PropertyValueSpecification","valueRequired":true,"valueName":"search_term_string"}}],"inLanguage":"de"},{"@type":"Organization","@id":"https:\/\/repliquemangacine.fr\/#organization","name":"R\u00e9plique Manga Cin\u00e9","url":"https:\/\/repliquemangacine.fr\/","logo":{"@type":"ImageObject","inLanguage":"de","@id":"https:\/\/repliquemangacine.fr\/#\/schema\/logo\/image\/","url":"https:\/\/repliquemangacine.fr\/wp-content\/uploads\/2023\/10\/RMC-500250.png","contentUrl":"https:\/\/repliquemangacine.fr\/wp-content\/uploads\/2023\/10\/RMC-500250.png","width":500,"height":250,"caption":"R\u00e9plique Manga Cin\u00e9"},"image":{"@id":"https:\/\/repliquemangacine.fr\/#\/schema\/logo\/image\/"},"sameAs":["https:\/\/www.facebook.com\/RepliqueMangaCine","https:\/\/www.instagram.com\/repliquemangacine.fr\/"]}]}},"_links":{"self":[{"href":"https:\/\/repliquemangacine.fr\/de\/wp-json\/wp\/v2\/product\/29310","targetHints":{"allow":["GET"]}}],"collection":[{"href":"https:\/\/repliquemangacine.fr\/de\/wp-json\/wp\/v2\/product"}],"about":[{"href":"https:\/\/repliquemangacine.fr\/de\/wp-json\/wp\/v2\/types\/product"}],"wp:featuredmedia":[{"embeddable":true,"href":"https:\/\/repliquemangacine.fr\/de\/wp-json\/wp\/v2\/media\/29311"}],"wp:attachment":[{"href":"https:\/\/repliquemangacine.fr\/de\/wp-json\/wp\/v2\/media?parent=29310"}],"wp:term":[{"taxonomy":"product_brand","embeddable":true,"href":"https:\/\/repliquemangacine.fr\/de\/wp-json\/wp\/v2\/product_brand?post=29310"},{"taxonomy":"product_cat","embeddable":true,"href":"https:\/\/repliquemangacine.fr\/de\/wp-json\/wp\/v2\/product_cat?post=29310"},{"taxonomy":"product_tag","embeddable":true,"href":"https:\/\/repliquemangacine.fr\/de\/wp-json\/wp\/v2\/product_tag?post=29310"}],"curies":[{"name":"wp","href":"https:\/\/api.w.org\/{rel}","templated":true}]}}