





{"id":29300,"date":"2021-01-29T15:11:57","date_gmt":"2021-01-29T14:11:57","guid":{"rendered":"https:\/\/repliquemangacine.fr\/?post_type=product&#038;p=29300"},"modified":"2025-09-23T18:02:36","modified_gmt":"2025-09-23T16:02:36","slug":"drachenschwert-meliodas","status":"publish","type":"product","link":"https:\/\/repliquemangacine.fr\/de\/epees-seven-deadly-sins\/epee-du-dragon-meliodas\/","title":{"rendered":"Drachenschwert Meliodas"},"content":{"rendered":"<h2>Schwert des Drachen Meliodas in Seven Deadly Sins<\/h2>\n<p>Zu Beginn wird die<strong>Schwert des Drachen Meliodas<\/strong>Sie ist eines der f\u00fcnf Fragmente des Sargs der ewigen Finsternis.<\/p>\n<p>Meliodas ist der Drachen des Zorns, der die Seven deadly sins anf\u00fchrt. Er ist der Hauptprotagonist der Serie und Besitzer des ber\u00fchmten Boar Hat, einer Taverne. Sein heiliger Schatz ist der Lostvayne-D\u00e4monenschlitzer und seine Hauptfertigkeit ist der Totalkonter.<\/p>\n<p>Die <a href=\"https:\/\/seven-deadly-sins.fandom.com\/fr\/wiki\/Poign\u00e9e_du_Dragon\" target=\"_blank\" rel=\"noopener noreferrer\">Drachengriff<\/a> war zu Beginn der Serie Meliodas' Hauptwaffe, bis es ihm von Helbram gestohlen wurde. Als Waffe an sich nutzlos, konnte Meliodas das zerbrochene Schwert dennoch in Verbindung mit seinem Totalkontra einsetzen. Der Drachengriff wurde erst sp\u00e4ter als urspr\u00fcnglich geplant enth\u00fcllt und war keine Waffe, sondern ein Fragment des Sarges der Ewigen Finsternis.<\/p>\n<h2>Ihr Meliodas-Drachenschwert zum besten Preis<\/h2>\n<p>Wir bieten dir eine gro\u00dfe Auswahl an Repliken deiner Lieblingsmangas.<\/p>\n<p>Zun\u00e4chst einmal,<\/p>\n<ul>\n<li>L'<a href=\"https:\/\/repliquemangacine.fr\/de\/anderer-manga\/schwert-des-meliodas-heiliger-tresor-lostvayne\/\">Lostvayne-Schwert<\/a> Meliodas' D\u00e4monenschneider aus dem Manga \"Seven Deadly sins\".<\/li>\n<li>Es gibt auch die Nachbildung des<a href=\"https:\/\/repliquemangacine.fr\/de\/anderer-manga\/epee-de-liz-dans-seven-deadly-sins-epee-meliodas\/\">Liz' Schwert<\/a> die Meliodas gegeben wurde.<\/li>\n<li>Sowie das <a href=\"https:\/\/repliquemangacine.fr\/de\/anderer-manga\/coffret-porte-cles-armes-the-seven-deadly-sins\/\">Schl\u00fcsselanh\u00e4nger-Box aus Seven Deadly Sins<\/a> ( Nanatsu no taizai).<\/li>\n<li>Und noch viel mehr gibt es in unserem Online-Shop zu entdecken!<\/li>\n<\/ul>\n<p>Deshalb gibt es hier tolle Geschenkideen f\u00fcr alle Fans des Anime-Mangas.<\/p>\n<p>Abschlie\u00dfend k\u00f6nnen Sie den<strong>Schwert des Drachen Meliodas<\/strong> f\u00fcr Ihre Cosplay-Paraden. Vor allem aber ist dieses Schwert ein Sammler- und Dekorationsst\u00fcck.<\/p>\n<h2>Wie pflegt man die Klinge seines Seven Deadly sins Schwertes?<\/h2>\n<p>Sammlungs- und Dekorationsschwerter werden in vereinfachter Form hergestellt und zusammengebaut. Da sie zu Dekorationszwecken verwendet werden, fehlen ihnen die Sicherheitselemente, die ein japanisches Schwert f\u00fcr Trainingszwecke aufweisen muss.<\/p>\n<p>Allerdings ist Ihr <strong>Drachenschwert Meliodas<\/strong> zu einer Stahlklinge, die gepflegt werden muss, damit sie nicht mit der Zeit abgenutzt wird. Denn wenn du dein Katana ausstellst, werden deine Freunde neugierig sein, die Klinge zu sehen und sie zu ber\u00fchren. Hier ist Vorsicht geboten, denn Sie sollten wissen, dass die S\u00e4ure der Finger dem Stahl unabh\u00e4ngig von seiner Qualit\u00e4t sehr schadet.<\/p>\n<p>Wenn dies jedoch passiert, keine Panik, Sie brauchen nur ein Tuch, das mit etwas \u00d6l befeuchtet ist, und wischen die Fingerabdr\u00fccke ab. Wenn Sie dies tun, werden Sie Ihr Schwert sehr lange behalten.<\/p>","protected":false},"excerpt":{"rendered":"<p>Replik des Drachenschwerts oder des zerbrochenen Schwerts von Meliodas in Seven Deadly sins.<\/p>\n<ul>\n<li>Speziell geformter Metallgriff, geriffelt wie Drachenschuppen.<\/li>\n<li>Knauf bildet den Kopf des Drachen.<\/li>\n<li>Gebrochene Klinge genau wie im Manga.<\/li>\n<li>Scheide aus braunem Abs.<\/li>\n<li>L\u00e4nge des Griffs mit seiner gebrochenen Klinge: 34 cm<\/li>\n<li>Gesamtl\u00e4nge: 73cm<\/li>\n<\/ul>","protected":false},"featured_media":29301,"template":"","meta":[],"product_brand":[896],"product_cat":[23,110],"product_tag":[],"class_list":{"0":"post-29300","1":"product","2":"type-product","3":"status-publish","4":"has-post-thumbnail","6":"product_brand-replique-manga-cine","7":"product_cat-repliques-manga-jeux-video","8":"product_cat-epees-seven-deadly-sins","10":"first","11":"instock","12":"sale","13":"taxable","14":"shipping-taxable","15":"purchasable","16":"product-type-simple"},"yoast_head":"<!-- This site is optimized with the Yoast SEO plugin v27.4 - https:\/\/yoast.com\/product\/yoast-seo-wordpress\/ -->\n<title>Ep\u00e9e du Dragon M\u00e9liodas - Ep\u00e9e bris\u00e9e - Boutique en ligne | RMC<\/title>\n<meta name=\"description\" content=\"Offrez-vous l&#039;Ep\u00e9e du Dragon M\u00e9liodas au meilleur prix. Lame en m\u00e9tal. Fourreau - Echelle 1\/1 - Longueur totale : 73cm - Envoi 24\/48h\" \/>\n<meta name=\"robots\" content=\"index, follow, max-snippet:-1, max-image-preview:large, max-video-preview:-1\" \/>\n<link rel=\"canonical\" href=\"https:\/\/repliquemangacine.fr\/de\/epees-seven-deadly-sins\/drachenschwert-meliodas\/\" \/>\n<meta property=\"og:locale\" content=\"de_DE\" \/>\n<meta property=\"og:type\" content=\"article\" \/>\n<meta property=\"og:title\" content=\"Ep\u00e9e du Dragon M\u00e9liodas - Ep\u00e9e bris\u00e9e - Boutique en ligne | RMC\" \/>\n<meta property=\"og:description\" content=\"Offrez-vous l&#039;Ep\u00e9e du Dragon M\u00e9liodas au meilleur prix. Lame en m\u00e9tal. Fourreau - Echelle 1\/1 - Longueur totale : 73cm - Envoi 24\/48h\" \/>\n<meta property=\"og:url\" content=\"https:\/\/repliquemangacine.fr\/de\/epees-seven-deadly-sins\/drachenschwert-meliodas\/\" \/>\n<meta property=\"og:site_name\" content=\"R\u00e9plique Manga Cin\u00e9\" \/>\n<meta property=\"article:publisher\" content=\"https:\/\/www.facebook.com\/RepliqueMangaCine\" \/>\n<meta property=\"article:modified_time\" content=\"2025-09-23T16:02:36+00:00\" \/>\n<meta property=\"og:image\" content=\"https:\/\/repliquemangacine.fr\/wp-content\/uploads\/2023\/10\/3976-Epee-du-dragon-Meliodas.jpg\" \/>\n\t<meta property=\"og:image:width\" content=\"800\" \/>\n\t<meta property=\"og:image:height\" content=\"800\" \/>\n\t<meta property=\"og:image:type\" content=\"image\/jpeg\" \/>\n<meta name=\"twitter:card\" content=\"summary_large_image\" \/>\n<meta name=\"twitter:label1\" content=\"Gesch\u00e4tzte Lesezeit\" \/>\n\t<meta name=\"twitter:data1\" content=\"1\u00a0Minute\" \/>\n<script type=\"application\/ld+json\" class=\"yoast-schema-graph\">{\"@context\":\"https:\\\/\\\/schema.org\",\"@graph\":[{\"@type\":\"WebPage\",\"@id\":\"https:\\\/\\\/repliquemangacine.fr\\\/epees-seven-deadly-sins\\\/epee-du-dragon-meliodas\\\/\",\"url\":\"https:\\\/\\\/repliquemangacine.fr\\\/epees-seven-deadly-sins\\\/epee-du-dragon-meliodas\\\/\",\"name\":\"Ep\u00e9e du Dragon M\u00e9liodas - Ep\u00e9e bris\u00e9e - Boutique en ligne | RMC\",\"isPartOf\":{\"@id\":\"https:\\\/\\\/repliquemangacine.fr\\\/#website\"},\"primaryImageOfPage\":{\"@id\":\"https:\\\/\\\/repliquemangacine.fr\\\/epees-seven-deadly-sins\\\/epee-du-dragon-meliodas\\\/#primaryimage\"},\"image\":{\"@id\":\"https:\\\/\\\/repliquemangacine.fr\\\/epees-seven-deadly-sins\\\/epee-du-dragon-meliodas\\\/#primaryimage\"},\"thumbnailUrl\":\"https:\\\/\\\/repliquemangacine.fr\\\/wp-content\\\/uploads\\\/2023\\\/10\\\/3976-Epee-du-dragon-Meliodas.jpg\",\"datePublished\":\"2021-01-29T14:11:57+00:00\",\"dateModified\":\"2025-09-23T16:02:36+00:00\",\"description\":\"Offrez-vous l'Ep\u00e9e du Dragon M\u00e9liodas au meilleur prix. Lame en m\u00e9tal. Fourreau - Echelle 1\\\/1 - Longueur totale : 73cm - Envoi 24\\\/48h\",\"breadcrumb\":{\"@id\":\"https:\\\/\\\/repliquemangacine.fr\\\/epees-seven-deadly-sins\\\/epee-du-dragon-meliodas\\\/#breadcrumb\"},\"inLanguage\":\"de\",\"potentialAction\":[{\"@type\":\"ReadAction\",\"target\":[\"https:\\\/\\\/repliquemangacine.fr\\\/epees-seven-deadly-sins\\\/epee-du-dragon-meliodas\\\/\"]}]},{\"@type\":\"ImageObject\",\"inLanguage\":\"de\",\"@id\":\"https:\\\/\\\/repliquemangacine.fr\\\/epees-seven-deadly-sins\\\/epee-du-dragon-meliodas\\\/#primaryimage\",\"url\":\"https:\\\/\\\/repliquemangacine.fr\\\/wp-content\\\/uploads\\\/2023\\\/10\\\/3976-Epee-du-dragon-Meliodas.jpg\",\"contentUrl\":\"https:\\\/\\\/repliquemangacine.fr\\\/wp-content\\\/uploads\\\/2023\\\/10\\\/3976-Epee-du-dragon-Meliodas.jpg\",\"width\":800,\"height\":800,\"caption\":\"Ep\u00e9e du dragon Meliodas\"},{\"@type\":\"BreadcrumbList\",\"@id\":\"https:\\\/\\\/repliquemangacine.fr\\\/epees-seven-deadly-sins\\\/epee-du-dragon-meliodas\\\/#breadcrumb\",\"itemListElement\":[{\"@type\":\"ListItem\",\"position\":1,\"name\":\"Accueil\",\"item\":\"https:\\\/\\\/repliquemangacine.fr\\\/\"},{\"@type\":\"ListItem\",\"position\":2,\"name\":\"Produits\",\"item\":\"https:\\\/\\\/repliquemangacine.fr\\\/boutique\\\/\"},{\"@type\":\"ListItem\",\"position\":3,\"name\":\"Ep\u00e9e du dragon Meliodas\"}]},{\"@type\":\"WebSite\",\"@id\":\"https:\\\/\\\/repliquemangacine.fr\\\/#website\",\"url\":\"https:\\\/\\\/repliquemangacine.fr\\\/\",\"name\":\"R\u00e9plique Manga Cin\u00e9\",\"description\":\"\",\"publisher\":{\"@id\":\"https:\\\/\\\/repliquemangacine.fr\\\/#organization\"},\"potentialAction\":[{\"@type\":\"SearchAction\",\"target\":{\"@type\":\"EntryPoint\",\"urlTemplate\":\"https:\\\/\\\/repliquemangacine.fr\\\/?s={search_term_string}\"},\"query-input\":{\"@type\":\"PropertyValueSpecification\",\"valueRequired\":true,\"valueName\":\"search_term_string\"}}],\"inLanguage\":\"de\"},{\"@type\":\"Organization\",\"@id\":\"https:\\\/\\\/repliquemangacine.fr\\\/#organization\",\"name\":\"R\u00e9plique Manga Cin\u00e9\",\"url\":\"https:\\\/\\\/repliquemangacine.fr\\\/\",\"logo\":{\"@type\":\"ImageObject\",\"inLanguage\":\"de\",\"@id\":\"https:\\\/\\\/repliquemangacine.fr\\\/#\\\/schema\\\/logo\\\/image\\\/\",\"url\":\"https:\\\/\\\/repliquemangacine.fr\\\/wp-content\\\/uploads\\\/2023\\\/10\\\/RMC-500250.png\",\"contentUrl\":\"https:\\\/\\\/repliquemangacine.fr\\\/wp-content\\\/uploads\\\/2023\\\/10\\\/RMC-500250.png\",\"width\":500,\"height\":250,\"caption\":\"R\u00e9plique Manga Cin\u00e9\"},\"image\":{\"@id\":\"https:\\\/\\\/repliquemangacine.fr\\\/#\\\/schema\\\/logo\\\/image\\\/\"},\"sameAs\":[\"https:\\\/\\\/www.facebook.com\\\/RepliqueMangaCine\",\"https:\\\/\\\/www.instagram.com\\\/repliquemangacine.fr\\\/\"]}]}<\/script>\n<!-- \/ Yoast SEO plugin. -->","yoast_head_json":{"title":"Drachenschwert Meliodas - Gebrochenes Schwert - Online Shop | RMC","description":"G\u00f6nnen Sie sich das Drachenschwert Meliodas zum besten Preis. Klinge aus Metall. Scheide - Ma\u00dfstab 1\/1 - Gesamtl\u00e4nge: 73cm - Versand 24\/48h","robots":{"index":"index","follow":"follow","max-snippet":"max-snippet:-1","max-image-preview":"max-image-preview:large","max-video-preview":"max-video-preview:-1"},"canonical":"https:\/\/repliquemangacine.fr\/de\/epees-seven-deadly-sins\/drachenschwert-meliodas\/","og_locale":"de_DE","og_type":"article","og_title":"Ep\u00e9e du Dragon M\u00e9liodas - Ep\u00e9e bris\u00e9e - Boutique en ligne | RMC","og_description":"Offrez-vous l'Ep\u00e9e du Dragon M\u00e9liodas au meilleur prix. Lame en m\u00e9tal. Fourreau - Echelle 1\/1 - Longueur totale : 73cm - Envoi 24\/48h","og_url":"https:\/\/repliquemangacine.fr\/de\/epees-seven-deadly-sins\/drachenschwert-meliodas\/","og_site_name":"R\u00e9plique Manga Cin\u00e9","article_publisher":"https:\/\/www.facebook.com\/RepliqueMangaCine","article_modified_time":"2025-09-23T16:02:36+00:00","og_image":[{"width":800,"height":800,"url":"https:\/\/repliquemangacine.fr\/wp-content\/uploads\/2023\/10\/3976-Epee-du-dragon-Meliodas.jpg","type":"image\/jpeg"}],"twitter_card":"summary_large_image","twitter_misc":{"Gesch\u00e4tzte Lesezeit":"1\u00a0Minute"},"schema":{"@context":"https:\/\/schema.org","@graph":[{"@type":"WebPage","@id":"https:\/\/repliquemangacine.fr\/epees-seven-deadly-sins\/epee-du-dragon-meliodas\/","url":"https:\/\/repliquemangacine.fr\/epees-seven-deadly-sins\/epee-du-dragon-meliodas\/","name":"Drachenschwert Meliodas - Gebrochenes Schwert - Online Shop | RMC","isPartOf":{"@id":"https:\/\/repliquemangacine.fr\/#website"},"primaryImageOfPage":{"@id":"https:\/\/repliquemangacine.fr\/epees-seven-deadly-sins\/epee-du-dragon-meliodas\/#primaryimage"},"image":{"@id":"https:\/\/repliquemangacine.fr\/epees-seven-deadly-sins\/epee-du-dragon-meliodas\/#primaryimage"},"thumbnailUrl":"https:\/\/repliquemangacine.fr\/wp-content\/uploads\/2023\/10\/3976-Epee-du-dragon-Meliodas.jpg","datePublished":"2021-01-29T14:11:57+00:00","dateModified":"2025-09-23T16:02:36+00:00","description":"G\u00f6nnen Sie sich das Drachenschwert Meliodas zum besten Preis. Klinge aus Metall. Scheide - Ma\u00dfstab 1\/1 - Gesamtl\u00e4nge: 73cm - Versand 24\/48h","breadcrumb":{"@id":"https:\/\/repliquemangacine.fr\/epees-seven-deadly-sins\/epee-du-dragon-meliodas\/#breadcrumb"},"inLanguage":"de","potentialAction":[{"@type":"ReadAction","target":["https:\/\/repliquemangacine.fr\/epees-seven-deadly-sins\/epee-du-dragon-meliodas\/"]}]},{"@type":"ImageObject","inLanguage":"de","@id":"https:\/\/repliquemangacine.fr\/epees-seven-deadly-sins\/epee-du-dragon-meliodas\/#primaryimage","url":"https:\/\/repliquemangacine.fr\/wp-content\/uploads\/2023\/10\/3976-Epee-du-dragon-Meliodas.jpg","contentUrl":"https:\/\/repliquemangacine.fr\/wp-content\/uploads\/2023\/10\/3976-Epee-du-dragon-Meliodas.jpg","width":800,"height":800,"caption":"Ep\u00e9e du dragon Meliodas"},{"@type":"BreadcrumbList","@id":"https:\/\/repliquemangacine.fr\/epees-seven-deadly-sins\/epee-du-dragon-meliodas\/#breadcrumb","itemListElement":[{"@type":"ListItem","position":1,"name":"Accueil","item":"https:\/\/repliquemangacine.fr\/"},{"@type":"ListItem","position":2,"name":"Produits","item":"https:\/\/repliquemangacine.fr\/boutique\/"},{"@type":"ListItem","position":3,"name":"Ep\u00e9e du dragon Meliodas"}]},{"@type":"WebSite","@id":"https:\/\/repliquemangacine.fr\/#website","url":"https:\/\/repliquemangacine.fr\/","name":"R\u00e9plique Manga Cin\u00e9","description":"","publisher":{"@id":"https:\/\/repliquemangacine.fr\/#organization"},"potentialAction":[{"@type":"SearchAction","target":{"@type":"EntryPoint","urlTemplate":"https:\/\/repliquemangacine.fr\/?s={search_term_string}"},"query-input":{"@type":"PropertyValueSpecification","valueRequired":true,"valueName":"search_term_string"}}],"inLanguage":"de"},{"@type":"Organization","@id":"https:\/\/repliquemangacine.fr\/#organization","name":"R\u00e9plique Manga Cin\u00e9","url":"https:\/\/repliquemangacine.fr\/","logo":{"@type":"ImageObject","inLanguage":"de","@id":"https:\/\/repliquemangacine.fr\/#\/schema\/logo\/image\/","url":"https:\/\/repliquemangacine.fr\/wp-content\/uploads\/2023\/10\/RMC-500250.png","contentUrl":"https:\/\/repliquemangacine.fr\/wp-content\/uploads\/2023\/10\/RMC-500250.png","width":500,"height":250,"caption":"R\u00e9plique Manga Cin\u00e9"},"image":{"@id":"https:\/\/repliquemangacine.fr\/#\/schema\/logo\/image\/"},"sameAs":["https:\/\/www.facebook.com\/RepliqueMangaCine","https:\/\/www.instagram.com\/repliquemangacine.fr\/"]}]}},"_links":{"self":[{"href":"https:\/\/repliquemangacine.fr\/de\/wp-json\/wp\/v2\/product\/29300","targetHints":{"allow":["GET"]}}],"collection":[{"href":"https:\/\/repliquemangacine.fr\/de\/wp-json\/wp\/v2\/product"}],"about":[{"href":"https:\/\/repliquemangacine.fr\/de\/wp-json\/wp\/v2\/types\/product"}],"wp:featuredmedia":[{"embeddable":true,"href":"https:\/\/repliquemangacine.fr\/de\/wp-json\/wp\/v2\/media\/29301"}],"wp:attachment":[{"href":"https:\/\/repliquemangacine.fr\/de\/wp-json\/wp\/v2\/media?parent=29300"}],"wp:term":[{"taxonomy":"product_brand","embeddable":true,"href":"https:\/\/repliquemangacine.fr\/de\/wp-json\/wp\/v2\/product_brand?post=29300"},{"taxonomy":"product_cat","embeddable":true,"href":"https:\/\/repliquemangacine.fr\/de\/wp-json\/wp\/v2\/product_cat?post=29300"},{"taxonomy":"product_tag","embeddable":true,"href":"https:\/\/repliquemangacine.fr\/de\/wp-json\/wp\/v2\/product_tag?post=29300"}],"curies":[{"name":"wp","href":"https:\/\/api.w.org\/{rel}","templated":true}]}}