





{"id":29291,"date":"2021-01-28T14:01:42","date_gmt":"2021-01-28T13:01:42","guid":{"rendered":"https:\/\/repliquemangacine.fr\/?post_type=product&#038;p=29291"},"modified":"2025-11-26T10:59:55","modified_gmt":"2025-11-26T09:59:55","slug":"katana-schmiede-ewiger-schnee","status":"publish","type":"product","link":"https:\/\/repliquemangacine.fr\/de\/katana-forge\/katana-forge-neige-eternelle\/","title":{"rendered":"Geschmiedetes Katana Ewiger Schnee"},"content":{"rendered":"<h2>Replik des geschmiedeten Katana Schnee f\u00fcr das Schneidetraining.<\/h2>\n<p>Das geschmiedete Katana Neige wird nach der Technik eines Schmiedemeisters hergestellt.<\/p>\n<p>Das japanische Schwert (Nihonto) bezeichnet eine Reihe von Blankwaffen, die nach japanischer Technik hergestellt werden. Zu dieser Bezeichnung geh\u00f6ren das Tachi, das Wakizashi, das Tanto und nat\u00fcrlich das ber\u00fchmte Katana. Man muss wissen, dass das japanische Schwert f\u00fcr den Kriegseinsatz geschaffen wurde. Heute gilt es als eigenst\u00e4ndiges Kunstwerk.<\/p>\n<p>Das Katana ist das beliebteste japanische Schwert. Es wurde von den japanischen Samurai getragen und hat mehrere Generationen \u00fcberdauert. Aus diesem Grund gibt es <a href=\"https:\/\/www.touken.or.jp\/english\/\">Museen<\/a> in Japan.<\/p>\n<p>Beginnen wir mit den Klingen. Es ist wichtig zu wissen, wof\u00fcr Sie Ihr Katana verwenden m\u00f6chten.<\/p>\n<ul>\n<li>F\u00fcr Anf\u00e4nger ist der Stahl 1045 (0,45% Kohlenstoff) vorgesehen, der f\u00fcr die Einf\u00fchrung in das Schneiden von weichen Gegenst\u00e4nden vorgesehen ist.<\/li>\n<li>Zum Trainieren des Schneidens ist der Stahl 1060 (0,60% Kohlenstoff) ideal f\u00fcr traditionelle Medien.<\/li>\n<li>F\u00fcr den intensiven Gebrauch ist der Stahl 1095 (0,95% Kohlenstoff) f\u00fcr erfahrene Personen auf Tatami oder gr\u00fcnem Bambus reserviert.<\/li>\n<\/ul>\n<p>Ihr Schwert muss au\u00dferdem eine Kehle (Bo-Hi) haben, die das Gewicht Ihrer Klinge um 150 bis 200 Gramm verringert.<\/p>\n<p>Dann gibt es noch die Scheide (Saya), die die Klinge vor St\u00f6\u00dfen sch\u00fctzt. Die Scheide muss sich der Form der Klinge anpassen. In der Regel ist sie mit Lack \u00fcberzogen, dessen Farbe je nach Mode der Zeit und Handwerker variieren kann.<\/p>\n<p>Schlie\u00dflich ist die Parierstange (Tsuba) das zweite, worauf man nach der Klinge achtet. Urspr\u00fcnglich hatte die Tsuba nur einen defensiven Zweck, n\u00e4mlich die H\u00e4nde des K\u00e4mpfers zu sch\u00fctzen und zu verhindern, dass die H\u00e4nde vom Griff (Tsuka) zur Klinge rutschen konnten. Mit der Zeit wurde die Parierstange jedoch zu einem Symbol f\u00fcr den sozialen Status. Man begann also, Tsuba mit einer viel ausgefeilteren \u00c4sthetik zu schmieden.<\/p>\n<h3>Wir bieten Ihnen eine gro\u00dfe Auswahl an japanischen Schwertern f\u00fcr Ihr Training, aber auch zu Dekorationszwecken.<\/h3>\n<p>Zun\u00e4chst einmal,<\/p>\n<ul>\n<li>Die <a href=\"https:\/\/repliquemangacine.fr\/de\/demon-slayer\/schneidendes-katana-kyojuro\/\">Kyojuros schneidendes Katana<\/a> in dem Anime-Manga \"Demon Slayer\".<\/li>\n<li>Aber auch das <a href=\"https:\/\/repliquemangacine.fr\/de\/bleach\/bankai-ichigo-tensa-zangetsu-schneidend-142cm\/\">Katana von Ichigo<\/a> in Bleach mit seiner langen Klinge.<\/li>\n<li>Und noch viel mehr!<\/li>\n<\/ul>\n<p>Hier ist eine tolle Geschenkidee f\u00fcr Kampfkunstliebhaber.<\/p>\n<h3>Sie k\u00f6nnen dieses Geschmiedete Katana Schnee auch f\u00fcr Ihre Anf\u00e4nge beim Schneiden oder f\u00fcr Ihre Sammlung verwenden.<\/h3>\n<p>Vor allem ist das geschmiedete Katana Schnee, auch ein Sammler- und Dekorationsst\u00fcck<\/p>\n<p><strong>WARNUNG<\/strong><\/p>\n<p><strong>Alle Katanas der Marke Fudoshin sind ausschlie\u00dflich zur Dekoration oder zum \u00dcben des Schneidens auf Rollen aus geflochtenem Reisstroh bestimmt. Wenn der K\u00e4ufer oder Besitzer dieses Produkts es f\u00fcr einen anderen Zweck verwendet, tr\u00e4gt er das volle Risiko und die volle Verantwortung f\u00fcr den Missbrauch dieses Produkts.<\/strong><\/p>","protected":false},"excerpt":{"rendered":"<p>Wundersch\u00f6nes Schnittkatana der Marke Fudoshin.<\/p>\n<ul>\n<li>Handgeschmiedete Klinge mit scharfer Kehle aus Maru-Stahl.<\/li>\n<li>Stahlsorte 1045 (harter Stahl, 0.45% Kohlenstoff.<\/li>\n<li>Griff (Same) aus Rochenleder.<\/li>\n<li>Garde (Tsuba) aus Legierung, kupferfarben und geschw\u00e4rzt.<\/li>\n<li>Scheide aus wei\u00df lackiertem Holz.<\/li>\n<li>Zu Wartungszwecken zerlegbar.<\/li>\n<li>Wird in einer Box geliefert, die Folgendes enth\u00e4lt: 1 Schutzh\u00fclle, 1 St\u00e4nder, 1 Benutzerhandbuch.<\/li>\n<li>Echtheitszertifikat.<\/li>\n<\/ul>\n<p>L\u00e4nge der Klinge: 67.5cm - Dicke: 7\/5.5 mm<\/p>\n<p>Gewicht des Katana ohne Scheide: 995 gs - Gewicht der Scheide allein: 235 gs<\/p>\n<p><strong>Verkauf an Minderj\u00e4hrige strengstens verboten.<\/strong><\/p>","protected":false},"featured_media":29292,"template":"","meta":[],"product_brand":[896],"product_cat":[26,38],"product_tag":[],"class_list":{"0":"post-29291","1":"product","2":"type-product","3":"status-publish","4":"has-post-thumbnail","6":"product_brand-replique-manga-cine","7":"product_cat-katana-epee","8":"product_cat-katana-forge","10":"first","11":"outofstock","12":"taxable","13":"shipping-taxable","14":"purchasable","15":"product-type-simple"},"yoast_head":"<!-- This site is optimized with the Yoast SEO plugin v27.5 - https:\/\/yoast.com\/product\/yoast-seo-wordpress\/ -->\n<title>Katana Forg\u00e9 Neige - Fudoshin - R\u00e9plique Manga Cin\u00e9<\/title>\n<meta name=\"description\" content=\"Commandez vite ! ce magnifique Katana Forg\u00e9 Neige. Fait d&#039;une seule pi\u00e8ce. Lame \u00e0 gorge tranchante Maru. Livr\u00e9 avec certificat d&#039;authenticit\u00e9\" \/>\n<meta name=\"robots\" content=\"index, follow, max-snippet:-1, max-image-preview:large, max-video-preview:-1\" \/>\n<link rel=\"canonical\" href=\"https:\/\/repliquemangacine.fr\/de\/katana-schmiede\/katana-schmiede-ewiger-schnee\/\" \/>\n<meta property=\"og:locale\" content=\"de_DE\" \/>\n<meta property=\"og:type\" content=\"article\" \/>\n<meta property=\"og:title\" content=\"Katana Forg\u00e9 Neige - Fudoshin - R\u00e9plique Manga Cin\u00e9\" \/>\n<meta property=\"og:description\" content=\"Commandez vite ! ce magnifique Katana Forg\u00e9 Neige. Fait d&#039;une seule pi\u00e8ce. Lame \u00e0 gorge tranchante Maru. Livr\u00e9 avec certificat d&#039;authenticit\u00e9\" \/>\n<meta property=\"og:url\" content=\"https:\/\/repliquemangacine.fr\/de\/katana-schmiede\/katana-schmiede-ewiger-schnee\/\" \/>\n<meta property=\"og:site_name\" content=\"R\u00e9plique Manga Cin\u00e9\" \/>\n<meta property=\"article:publisher\" content=\"https:\/\/www.facebook.com\/RepliqueMangaCine\" \/>\n<meta property=\"article:modified_time\" content=\"2025-11-26T09:59:55+00:00\" \/>\n<meta property=\"og:image\" content=\"https:\/\/repliquemangacine.fr\/wp-content\/uploads\/2023\/10\/3967-Katana-forge-main.jpg\" \/>\n\t<meta property=\"og:image:width\" content=\"800\" \/>\n\t<meta property=\"og:image:height\" content=\"800\" \/>\n\t<meta property=\"og:image:type\" content=\"image\/jpeg\" \/>\n<meta name=\"twitter:card\" content=\"summary_large_image\" \/>\n<meta name=\"twitter:label1\" content=\"Gesch\u00e4tzte Lesezeit\" \/>\n\t<meta name=\"twitter:data1\" content=\"2\u00a0Minuten\" \/>\n<script type=\"application\/ld+json\" class=\"yoast-schema-graph\">{\"@context\":\"https:\\\/\\\/schema.org\",\"@graph\":[{\"@type\":\"WebPage\",\"@id\":\"https:\\\/\\\/repliquemangacine.fr\\\/katana-forge\\\/katana-forge-neige-eternelle\\\/\",\"url\":\"https:\\\/\\\/repliquemangacine.fr\\\/katana-forge\\\/katana-forge-neige-eternelle\\\/\",\"name\":\"Katana Forg\u00e9 Neige - Fudoshin - R\u00e9plique Manga Cin\u00e9\",\"isPartOf\":{\"@id\":\"https:\\\/\\\/repliquemangacine.fr\\\/#website\"},\"primaryImageOfPage\":{\"@id\":\"https:\\\/\\\/repliquemangacine.fr\\\/katana-forge\\\/katana-forge-neige-eternelle\\\/#primaryimage\"},\"image\":{\"@id\":\"https:\\\/\\\/repliquemangacine.fr\\\/katana-forge\\\/katana-forge-neige-eternelle\\\/#primaryimage\"},\"thumbnailUrl\":\"https:\\\/\\\/repliquemangacine.fr\\\/wp-content\\\/uploads\\\/2023\\\/10\\\/3967-Katana-forge-main.jpg\",\"datePublished\":\"2021-01-28T13:01:42+00:00\",\"dateModified\":\"2025-11-26T09:59:55+00:00\",\"description\":\"Commandez vite ! ce magnifique Katana Forg\u00e9 Neige. Fait d'une seule pi\u00e8ce. Lame \u00e0 gorge tranchante Maru. Livr\u00e9 avec certificat d'authenticit\u00e9\",\"breadcrumb\":{\"@id\":\"https:\\\/\\\/repliquemangacine.fr\\\/katana-forge\\\/katana-forge-neige-eternelle\\\/#breadcrumb\"},\"inLanguage\":\"de\",\"potentialAction\":[{\"@type\":\"ReadAction\",\"target\":[\"https:\\\/\\\/repliquemangacine.fr\\\/katana-forge\\\/katana-forge-neige-eternelle\\\/\"]}]},{\"@type\":\"ImageObject\",\"inLanguage\":\"de\",\"@id\":\"https:\\\/\\\/repliquemangacine.fr\\\/katana-forge\\\/katana-forge-neige-eternelle\\\/#primaryimage\",\"url\":\"https:\\\/\\\/repliquemangacine.fr\\\/wp-content\\\/uploads\\\/2023\\\/10\\\/3967-Katana-forge-main.jpg\",\"contentUrl\":\"https:\\\/\\\/repliquemangacine.fr\\\/wp-content\\\/uploads\\\/2023\\\/10\\\/3967-Katana-forge-main.jpg\",\"width\":800,\"height\":800,\"caption\":\"Katana forg\u00e9 main\"},{\"@type\":\"BreadcrumbList\",\"@id\":\"https:\\\/\\\/repliquemangacine.fr\\\/katana-forge\\\/katana-forge-neige-eternelle\\\/#breadcrumb\",\"itemListElement\":[{\"@type\":\"ListItem\",\"position\":1,\"name\":\"Accueil\",\"item\":\"https:\\\/\\\/repliquemangacine.fr\\\/\"},{\"@type\":\"ListItem\",\"position\":2,\"name\":\"Produits\",\"item\":\"https:\\\/\\\/repliquemangacine.fr\\\/boutique\\\/\"},{\"@type\":\"ListItem\",\"position\":3,\"name\":\"Katana forg\u00e9 Neige Eternelle\"}]},{\"@type\":\"WebSite\",\"@id\":\"https:\\\/\\\/repliquemangacine.fr\\\/#website\",\"url\":\"https:\\\/\\\/repliquemangacine.fr\\\/\",\"name\":\"R\u00e9plique Manga Cin\u00e9\",\"description\":\"\",\"publisher\":{\"@id\":\"https:\\\/\\\/repliquemangacine.fr\\\/#organization\"},\"potentialAction\":[{\"@type\":\"SearchAction\",\"target\":{\"@type\":\"EntryPoint\",\"urlTemplate\":\"https:\\\/\\\/repliquemangacine.fr\\\/?s={search_term_string}\"},\"query-input\":{\"@type\":\"PropertyValueSpecification\",\"valueRequired\":true,\"valueName\":\"search_term_string\"}}],\"inLanguage\":\"de\"},{\"@type\":\"Organization\",\"@id\":\"https:\\\/\\\/repliquemangacine.fr\\\/#organization\",\"name\":\"R\u00e9plique Manga Cin\u00e9\",\"url\":\"https:\\\/\\\/repliquemangacine.fr\\\/\",\"logo\":{\"@type\":\"ImageObject\",\"inLanguage\":\"de\",\"@id\":\"https:\\\/\\\/repliquemangacine.fr\\\/#\\\/schema\\\/logo\\\/image\\\/\",\"url\":\"https:\\\/\\\/repliquemangacine.fr\\\/wp-content\\\/uploads\\\/2023\\\/10\\\/RMC-500250.png\",\"contentUrl\":\"https:\\\/\\\/repliquemangacine.fr\\\/wp-content\\\/uploads\\\/2023\\\/10\\\/RMC-500250.png\",\"width\":500,\"height\":250,\"caption\":\"R\u00e9plique Manga Cin\u00e9\"},\"image\":{\"@id\":\"https:\\\/\\\/repliquemangacine.fr\\\/#\\\/schema\\\/logo\\\/image\\\/\"},\"sameAs\":[\"https:\\\/\\\/www.facebook.com\\\/RepliqueMangaCine\",\"https:\\\/\\\/www.instagram.com\\\/repliquemangacine.fr\\\/\"]}]}<\/script>\n<!-- \/ Yoast SEO plugin. -->","yoast_head_json":{"title":"Katana Geschmiedet Schnee - Fudoshin - R\u00e9plique Manga Cin\u00e9","description":"Bestellen Sie schnell! Diese wundersch\u00f6ne Katana Geschmiedet Schnee. Aus einem St\u00fcck gefertigt. Klinge mit scharfer Maru-Kehle. Wird mit Echtheitszertifikat geliefert.","robots":{"index":"index","follow":"follow","max-snippet":"max-snippet:-1","max-image-preview":"max-image-preview:large","max-video-preview":"max-video-preview:-1"},"canonical":"https:\/\/repliquemangacine.fr\/de\/katana-schmiede\/katana-schmiede-ewiger-schnee\/","og_locale":"de_DE","og_type":"article","og_title":"Katana Forg\u00e9 Neige - Fudoshin - R\u00e9plique Manga Cin\u00e9","og_description":"Commandez vite ! ce magnifique Katana Forg\u00e9 Neige. Fait d'une seule pi\u00e8ce. Lame \u00e0 gorge tranchante Maru. Livr\u00e9 avec certificat d'authenticit\u00e9","og_url":"https:\/\/repliquemangacine.fr\/de\/katana-schmiede\/katana-schmiede-ewiger-schnee\/","og_site_name":"R\u00e9plique Manga Cin\u00e9","article_publisher":"https:\/\/www.facebook.com\/RepliqueMangaCine","article_modified_time":"2025-11-26T09:59:55+00:00","og_image":[{"width":800,"height":800,"url":"https:\/\/repliquemangacine.fr\/wp-content\/uploads\/2023\/10\/3967-Katana-forge-main.jpg","type":"image\/jpeg"}],"twitter_card":"summary_large_image","twitter_misc":{"Gesch\u00e4tzte Lesezeit":"2\u00a0Minuten"},"schema":{"@context":"https:\/\/schema.org","@graph":[{"@type":"WebPage","@id":"https:\/\/repliquemangacine.fr\/katana-forge\/katana-forge-neige-eternelle\/","url":"https:\/\/repliquemangacine.fr\/katana-forge\/katana-forge-neige-eternelle\/","name":"Katana Geschmiedet Schnee - Fudoshin - R\u00e9plique Manga Cin\u00e9","isPartOf":{"@id":"https:\/\/repliquemangacine.fr\/#website"},"primaryImageOfPage":{"@id":"https:\/\/repliquemangacine.fr\/katana-forge\/katana-forge-neige-eternelle\/#primaryimage"},"image":{"@id":"https:\/\/repliquemangacine.fr\/katana-forge\/katana-forge-neige-eternelle\/#primaryimage"},"thumbnailUrl":"https:\/\/repliquemangacine.fr\/wp-content\/uploads\/2023\/10\/3967-Katana-forge-main.jpg","datePublished":"2021-01-28T13:01:42+00:00","dateModified":"2025-11-26T09:59:55+00:00","description":"Bestellen Sie schnell! Diese wundersch\u00f6ne Katana Geschmiedet Schnee. Aus einem St\u00fcck gefertigt. Klinge mit scharfer Maru-Kehle. Wird mit Echtheitszertifikat geliefert.","breadcrumb":{"@id":"https:\/\/repliquemangacine.fr\/katana-forge\/katana-forge-neige-eternelle\/#breadcrumb"},"inLanguage":"de","potentialAction":[{"@type":"ReadAction","target":["https:\/\/repliquemangacine.fr\/katana-forge\/katana-forge-neige-eternelle\/"]}]},{"@type":"ImageObject","inLanguage":"de","@id":"https:\/\/repliquemangacine.fr\/katana-forge\/katana-forge-neige-eternelle\/#primaryimage","url":"https:\/\/repliquemangacine.fr\/wp-content\/uploads\/2023\/10\/3967-Katana-forge-main.jpg","contentUrl":"https:\/\/repliquemangacine.fr\/wp-content\/uploads\/2023\/10\/3967-Katana-forge-main.jpg","width":800,"height":800,"caption":"Katana forg\u00e9 main"},{"@type":"BreadcrumbList","@id":"https:\/\/repliquemangacine.fr\/katana-forge\/katana-forge-neige-eternelle\/#breadcrumb","itemListElement":[{"@type":"ListItem","position":1,"name":"Accueil","item":"https:\/\/repliquemangacine.fr\/"},{"@type":"ListItem","position":2,"name":"Produits","item":"https:\/\/repliquemangacine.fr\/boutique\/"},{"@type":"ListItem","position":3,"name":"Katana forg\u00e9 Neige Eternelle"}]},{"@type":"WebSite","@id":"https:\/\/repliquemangacine.fr\/#website","url":"https:\/\/repliquemangacine.fr\/","name":"R\u00e9plique Manga Cin\u00e9","description":"","publisher":{"@id":"https:\/\/repliquemangacine.fr\/#organization"},"potentialAction":[{"@type":"SearchAction","target":{"@type":"EntryPoint","urlTemplate":"https:\/\/repliquemangacine.fr\/?s={search_term_string}"},"query-input":{"@type":"PropertyValueSpecification","valueRequired":true,"valueName":"search_term_string"}}],"inLanguage":"de"},{"@type":"Organization","@id":"https:\/\/repliquemangacine.fr\/#organization","name":"R\u00e9plique Manga Cin\u00e9","url":"https:\/\/repliquemangacine.fr\/","logo":{"@type":"ImageObject","inLanguage":"de","@id":"https:\/\/repliquemangacine.fr\/#\/schema\/logo\/image\/","url":"https:\/\/repliquemangacine.fr\/wp-content\/uploads\/2023\/10\/RMC-500250.png","contentUrl":"https:\/\/repliquemangacine.fr\/wp-content\/uploads\/2023\/10\/RMC-500250.png","width":500,"height":250,"caption":"R\u00e9plique Manga Cin\u00e9"},"image":{"@id":"https:\/\/repliquemangacine.fr\/#\/schema\/logo\/image\/"},"sameAs":["https:\/\/www.facebook.com\/RepliqueMangaCine","https:\/\/www.instagram.com\/repliquemangacine.fr\/"]}]}},"_links":{"self":[{"href":"https:\/\/repliquemangacine.fr\/de\/wp-json\/wp\/v2\/product\/29291","targetHints":{"allow":["GET"]}}],"collection":[{"href":"https:\/\/repliquemangacine.fr\/de\/wp-json\/wp\/v2\/product"}],"about":[{"href":"https:\/\/repliquemangacine.fr\/de\/wp-json\/wp\/v2\/types\/product"}],"wp:featuredmedia":[{"embeddable":true,"href":"https:\/\/repliquemangacine.fr\/de\/wp-json\/wp\/v2\/media\/29292"}],"wp:attachment":[{"href":"https:\/\/repliquemangacine.fr\/de\/wp-json\/wp\/v2\/media?parent=29291"}],"wp:term":[{"taxonomy":"product_brand","embeddable":true,"href":"https:\/\/repliquemangacine.fr\/de\/wp-json\/wp\/v2\/product_brand?post=29291"},{"taxonomy":"product_cat","embeddable":true,"href":"https:\/\/repliquemangacine.fr\/de\/wp-json\/wp\/v2\/product_cat?post=29291"},{"taxonomy":"product_tag","embeddable":true,"href":"https:\/\/repliquemangacine.fr\/de\/wp-json\/wp\/v2\/product_tag?post=29291"}],"curies":[{"name":"wp","href":"https:\/\/api.w.org\/{rel}","templated":true}]}}