





{"id":29277,"date":"2021-01-22T13:17:23","date_gmt":"2021-01-22T12:17:23","guid":{"rendered":"https:\/\/repliquemangacine.fr\/?post_type=product&#038;p=29277"},"modified":"2026-04-03T14:50:13","modified_gmt":"2026-04-03T12:50:13","slug":"spatha-romische-kavallerie","status":"publish","type":"product","link":"https:\/\/repliquemangacine.fr\/de\/epees-glaives-antique\/spatha-cavalerie-romaine\/","title":{"rendered":"Spatha R\u00f6mische Kavallerie"},"content":{"rendered":"<h2>Schwert Spatha R\u00f6mische Kavallerie<\/h2>\n<p>Zu Beginn wird die<strong>Schwert Spatha R\u00f6mische Kavallerie<\/strong> ist keltischen Ursprungs. Diese Art von r\u00f6mischem Kavallerie-Schwert, misst normalerweise zwischen 65 und 100 Zentimetern. Damit es von der Kavallerie effektiv eingesetzt und sp\u00e4ter von der Infanterie \u00fcbernommen werden konnte. Das genaue Ma\u00df der Spatha ist nicht genau bekannt. Sie zeichnet sich durch eine breite Klinge sowie eine schmale Deckung aus.<\/p>\n<p>Das 2. Jahrhundert n. Chr., eine Zeit gro\u00dfer Ver\u00e4nderungen. Das Kurzschwert verschwindet und wird durch ein Kavallerieschwert ersetzt, eine Waffe mit l\u00e4ngerer Taille, die Spatha genannt wird.<\/p>\n<p>Sie wurde nach dem Fall Roms mehrere Jahrhunderte lang in Nordeuropa verwendet und zwischen 800 und 1100 sogar von den Wikingern benutzt. Aufgrund ihrer Form und Gr\u00f6\u00dfe ist die Spatha das evolution\u00e4re Bindeglied zwischen dem r\u00f6mischen Gladius und dem mittelalterlichen Schwert.<\/p>\n<h2>Ihr Spatha Schwert R\u00f6mische Kavallerie zum besten Preis.<\/h2>\n<p>Wir bieten Ihnen eine gro\u00dfe Auswahl an Schwertern und Gladiolen aus der Zeit der Antike.<\/p>\n<p>Zun\u00e4chst einmal,<\/p>\n<ul>\n<li>Die <a href=\"https:\/\/repliquemangacine.fr\/de\/historische-waffen\/glaive-jules-cesar-schwarz\/\">r\u00f6misches Schwert<\/a> von Kaiser Julius Cesar unterzeichnet <a href=\"https:\/\/www.denix.fr\/\" target=\"_blank\" rel=\"noopener noreferrer\">Denix<\/a><\/li>\n<li>Es gibt auch die<a href=\"https:\/\/repliquemangacine.fr\/de\/schwerter-glaven\/tiberisches-schwert-mainz-gladius\/\">Schwert des Tiberius<\/a> Mainz Gladius.<\/li>\n<li>Sowie die<a href=\"https:\/\/repliquemangacine.fr\/de\/schwerter-glaven\/feltwell-schwert\/\">Feltwell-Schwert<\/a> authentische Replik mit der Unterschrift von Deepeeka.<\/li>\n<li>Und viele andere, die es in unserem Online-Shop zu entdecken gibt!<\/li>\n<\/ul>\n<p>Deshalb ist dies eine tolle Geschenkidee f\u00fcr alle, die sich f\u00fcr die Antike begeistern.<\/p>\n<p>Abschlie\u00dfend k\u00f6nnen Sie den<strong>Schwert Spatha R\u00f6mische Kavallerie<\/strong> bei Ihren historischen Reenactments oder Themenabenden. Vor allem aber ist es ein Sammlerst\u00fcck.<\/p>\n<h2>Wie pflegt man die Klinge seines antiken Schwertes?<\/h2>\n<p>Sammlungs- und Dekorationsschwerter werden in vereinfachter Form hergestellt und zusammengebaut. Da sie zu Dekorationszwecken verwendet werden, fehlen ihnen die Sicherheitselemente, die ein japanisches Schwert f\u00fcr Trainingszwecke aufweisen muss.<\/p>\n<p>Allerdings ist Ihr <strong>Schwert Spatha R\u00f6mische Kavallerie<\/strong> zu einer Stahlklinge, die gepflegt werden muss, damit sie nicht mit der Zeit abgenutzt wird. Denn wenn du dein Katana ausstellst, werden deine Freunde neugierig sein, die Klinge zu sehen und sie zu ber\u00fchren. Hier ist Vorsicht geboten, denn Sie sollten wissen, dass die S\u00e4ure der Finger dem Stahl unabh\u00e4ngig von seiner Qualit\u00e4t sehr schadet.<\/p>\n<p>Wenn dies jedoch passiert, keine Panik, Sie brauchen nur ein Tuch, das mit etwas \u00d6l befeuchtet ist, und wischen die Fingerabdr\u00fccke ab. Wenn Sie dies tun, werden Sie Ihr Schwert sehr lange behalten.<\/p>","protected":false},"excerpt":{"rendered":"<p>Replik eines r\u00f6mischen Kavallerie-Schwerts, auch Spatha genannt.<\/p>\n<ul>\n<li>Breite Klinge aus Stahl.<\/li>\n<li>Griff aus geformtem ABS in Knochenoptik.<\/li>\n<li>Holzgriff und -knauf mit vergoldeten ABS-Verzierungen.<\/li>\n<li>Holzscheide mit braunem Leder \u00fcberzogen und mit Verzierungen versehen.<\/li>\n<li>L\u00e4nge der Klinge: 76 cm - Gesamtl\u00e4nge: 104cm<\/li>\n<\/ul>","protected":false},"featured_media":29278,"template":"","meta":[],"product_brand":[896],"product_cat":[31,25,73],"product_tag":[],"class_list":{"0":"post-29277","1":"product","2":"type-product","3":"status-publish","4":"has-post-thumbnail","6":"product_brand-replique-manga-cine","7":"product_cat-armes-antiques","8":"product_cat-armes-historiques","9":"product_cat-epees-glaives-antique","11":"first","12":"instock","13":"sale","14":"taxable","15":"shipping-taxable","16":"purchasable","17":"product-type-simple"},"yoast_head":"<!-- This site is optimized with the Yoast SEO plugin v27.5 - https:\/\/yoast.com\/product\/yoast-seo-wordpress\/ -->\n<title>Ep\u00e9e Spatha Cavalerie Romaine - Vente Glaive Antique | RMC<\/title>\n<meta name=\"description\" content=\"D\u00e9couvrez votre Ep\u00e9e Spatha Cavalerie Romaine au meilleur prix - Lame en acier - Fourreau en cuir marron - Longueur totale 104 cm - Envoi 24\/48h\" \/>\n<meta name=\"robots\" content=\"index, follow, max-snippet:-1, max-image-preview:large, max-video-preview:-1\" \/>\n<link rel=\"canonical\" href=\"https:\/\/repliquemangacine.fr\/de\/antike-schwerter\/spatha-romische-kavallerie\/\" \/>\n<meta property=\"og:locale\" content=\"de_DE\" \/>\n<meta property=\"og:type\" content=\"article\" \/>\n<meta property=\"og:title\" content=\"Ep\u00e9e Spatha Cavalerie Romaine - Vente Glaive Antique | RMC\" \/>\n<meta property=\"og:description\" content=\"D\u00e9couvrez votre Ep\u00e9e Spatha Cavalerie Romaine au meilleur prix - Lame en acier - Fourreau en cuir marron - Longueur totale 104 cm - Envoi 24\/48h\" \/>\n<meta property=\"og:url\" content=\"https:\/\/repliquemangacine.fr\/de\/antike-schwerter\/spatha-romische-kavallerie\/\" \/>\n<meta property=\"og:site_name\" content=\"R\u00e9plique Manga Cin\u00e9\" \/>\n<meta property=\"article:publisher\" content=\"https:\/\/www.facebook.com\/RepliqueMangaCine\" \/>\n<meta property=\"article:modified_time\" content=\"2026-04-03T12:50:13+00:00\" \/>\n<meta property=\"og:image\" content=\"https:\/\/repliquemangacine.fr\/wp-content\/uploads\/2023\/10\/glaive.jpg\" \/>\n\t<meta property=\"og:image:width\" content=\"500\" \/>\n\t<meta property=\"og:image:height\" content=\"500\" \/>\n\t<meta property=\"og:image:type\" content=\"image\/jpeg\" \/>\n<meta name=\"twitter:card\" content=\"summary_large_image\" \/>\n<meta name=\"twitter:label1\" content=\"Gesch\u00e4tzte Lesezeit\" \/>\n\t<meta name=\"twitter:data1\" content=\"2\u00a0Minuten\" \/>\n<script type=\"application\/ld+json\" class=\"yoast-schema-graph\">{\"@context\":\"https:\\\/\\\/schema.org\",\"@graph\":[{\"@type\":\"WebPage\",\"@id\":\"https:\\\/\\\/repliquemangacine.fr\\\/epees-glaives-antique\\\/spatha-cavalerie-romaine\\\/\",\"url\":\"https:\\\/\\\/repliquemangacine.fr\\\/epees-glaives-antique\\\/spatha-cavalerie-romaine\\\/\",\"name\":\"Ep\u00e9e Spatha Cavalerie Romaine - Vente Glaive Antique | RMC\",\"isPartOf\":{\"@id\":\"https:\\\/\\\/repliquemangacine.fr\\\/#website\"},\"primaryImageOfPage\":{\"@id\":\"https:\\\/\\\/repliquemangacine.fr\\\/epees-glaives-antique\\\/spatha-cavalerie-romaine\\\/#primaryimage\"},\"image\":{\"@id\":\"https:\\\/\\\/repliquemangacine.fr\\\/epees-glaives-antique\\\/spatha-cavalerie-romaine\\\/#primaryimage\"},\"thumbnailUrl\":\"https:\\\/\\\/repliquemangacine.fr\\\/wp-content\\\/uploads\\\/2023\\\/10\\\/glaive.jpg\",\"datePublished\":\"2021-01-22T12:17:23+00:00\",\"dateModified\":\"2026-04-03T12:50:13+00:00\",\"description\":\"D\u00e9couvrez votre Ep\u00e9e Spatha Cavalerie Romaine au meilleur prix - Lame en acier - Fourreau en cuir marron - Longueur totale 104 cm - Envoi 24\\\/48h\",\"breadcrumb\":{\"@id\":\"https:\\\/\\\/repliquemangacine.fr\\\/epees-glaives-antique\\\/spatha-cavalerie-romaine\\\/#breadcrumb\"},\"inLanguage\":\"de\",\"potentialAction\":[{\"@type\":\"ReadAction\",\"target\":[\"https:\\\/\\\/repliquemangacine.fr\\\/epees-glaives-antique\\\/spatha-cavalerie-romaine\\\/\"]}]},{\"@type\":\"ImageObject\",\"inLanguage\":\"de\",\"@id\":\"https:\\\/\\\/repliquemangacine.fr\\\/epees-glaives-antique\\\/spatha-cavalerie-romaine\\\/#primaryimage\",\"url\":\"https:\\\/\\\/repliquemangacine.fr\\\/wp-content\\\/uploads\\\/2023\\\/10\\\/glaive.jpg\",\"contentUrl\":\"https:\\\/\\\/repliquemangacine.fr\\\/wp-content\\\/uploads\\\/2023\\\/10\\\/glaive.jpg\",\"width\":500,\"height\":500,\"caption\":\"Spatha Cavalerie Romaine fourreau\"},{\"@type\":\"BreadcrumbList\",\"@id\":\"https:\\\/\\\/repliquemangacine.fr\\\/epees-glaives-antique\\\/spatha-cavalerie-romaine\\\/#breadcrumb\",\"itemListElement\":[{\"@type\":\"ListItem\",\"position\":1,\"name\":\"Accueil\",\"item\":\"https:\\\/\\\/repliquemangacine.fr\\\/\"},{\"@type\":\"ListItem\",\"position\":2,\"name\":\"Produits\",\"item\":\"https:\\\/\\\/repliquemangacine.fr\\\/boutique\\\/\"},{\"@type\":\"ListItem\",\"position\":3,\"name\":\"Spatha Cavalerie Romaine\"}]},{\"@type\":\"WebSite\",\"@id\":\"https:\\\/\\\/repliquemangacine.fr\\\/#website\",\"url\":\"https:\\\/\\\/repliquemangacine.fr\\\/\",\"name\":\"R\u00e9plique Manga Cin\u00e9\",\"description\":\"\",\"publisher\":{\"@id\":\"https:\\\/\\\/repliquemangacine.fr\\\/#organization\"},\"potentialAction\":[{\"@type\":\"SearchAction\",\"target\":{\"@type\":\"EntryPoint\",\"urlTemplate\":\"https:\\\/\\\/repliquemangacine.fr\\\/?s={search_term_string}\"},\"query-input\":{\"@type\":\"PropertyValueSpecification\",\"valueRequired\":true,\"valueName\":\"search_term_string\"}}],\"inLanguage\":\"de\"},{\"@type\":\"Organization\",\"@id\":\"https:\\\/\\\/repliquemangacine.fr\\\/#organization\",\"name\":\"R\u00e9plique Manga Cin\u00e9\",\"url\":\"https:\\\/\\\/repliquemangacine.fr\\\/\",\"logo\":{\"@type\":\"ImageObject\",\"inLanguage\":\"de\",\"@id\":\"https:\\\/\\\/repliquemangacine.fr\\\/#\\\/schema\\\/logo\\\/image\\\/\",\"url\":\"https:\\\/\\\/repliquemangacine.fr\\\/wp-content\\\/uploads\\\/2023\\\/10\\\/RMC-500250.png\",\"contentUrl\":\"https:\\\/\\\/repliquemangacine.fr\\\/wp-content\\\/uploads\\\/2023\\\/10\\\/RMC-500250.png\",\"width\":500,\"height\":250,\"caption\":\"R\u00e9plique Manga Cin\u00e9\"},\"image\":{\"@id\":\"https:\\\/\\\/repliquemangacine.fr\\\/#\\\/schema\\\/logo\\\/image\\\/\"},\"sameAs\":[\"https:\\\/\\\/www.facebook.com\\\/RepliqueMangaCine\",\"https:\\\/\\\/www.instagram.com\\\/repliquemangacine.fr\\\/\"]}]}<\/script>\n<!-- \/ Yoast SEO plugin. -->","yoast_head_json":{"title":"Spatha Schwert R\u00f6mische Kavallerie - Antike Glaive Verkauf | RMC","description":"Entdecken Sie Ihr Spatha Schwert R\u00f6mische Kavallerie zum besten Preis - Klinge aus Stahl - Scheide aus braunem Leder - Gesamtl\u00e4nge 104 cm - Versand 24\/48h","robots":{"index":"index","follow":"follow","max-snippet":"max-snippet:-1","max-image-preview":"max-image-preview:large","max-video-preview":"max-video-preview:-1"},"canonical":"https:\/\/repliquemangacine.fr\/de\/antike-schwerter\/spatha-romische-kavallerie\/","og_locale":"de_DE","og_type":"article","og_title":"Ep\u00e9e Spatha Cavalerie Romaine - Vente Glaive Antique | RMC","og_description":"D\u00e9couvrez votre Ep\u00e9e Spatha Cavalerie Romaine au meilleur prix - Lame en acier - Fourreau en cuir marron - Longueur totale 104 cm - Envoi 24\/48h","og_url":"https:\/\/repliquemangacine.fr\/de\/antike-schwerter\/spatha-romische-kavallerie\/","og_site_name":"R\u00e9plique Manga Cin\u00e9","article_publisher":"https:\/\/www.facebook.com\/RepliqueMangaCine","article_modified_time":"2026-04-03T12:50:13+00:00","og_image":[{"width":500,"height":500,"url":"https:\/\/repliquemangacine.fr\/wp-content\/uploads\/2023\/10\/glaive.jpg","type":"image\/jpeg"}],"twitter_card":"summary_large_image","twitter_misc":{"Gesch\u00e4tzte Lesezeit":"2\u00a0Minuten"},"schema":{"@context":"https:\/\/schema.org","@graph":[{"@type":"WebPage","@id":"https:\/\/repliquemangacine.fr\/epees-glaives-antique\/spatha-cavalerie-romaine\/","url":"https:\/\/repliquemangacine.fr\/epees-glaives-antique\/spatha-cavalerie-romaine\/","name":"Spatha Schwert R\u00f6mische Kavallerie - Antike Glaive Verkauf | RMC","isPartOf":{"@id":"https:\/\/repliquemangacine.fr\/#website"},"primaryImageOfPage":{"@id":"https:\/\/repliquemangacine.fr\/epees-glaives-antique\/spatha-cavalerie-romaine\/#primaryimage"},"image":{"@id":"https:\/\/repliquemangacine.fr\/epees-glaives-antique\/spatha-cavalerie-romaine\/#primaryimage"},"thumbnailUrl":"https:\/\/repliquemangacine.fr\/wp-content\/uploads\/2023\/10\/glaive.jpg","datePublished":"2021-01-22T12:17:23+00:00","dateModified":"2026-04-03T12:50:13+00:00","description":"Entdecken Sie Ihr Spatha Schwert R\u00f6mische Kavallerie zum besten Preis - Klinge aus Stahl - Scheide aus braunem Leder - Gesamtl\u00e4nge 104 cm - Versand 24\/48h","breadcrumb":{"@id":"https:\/\/repliquemangacine.fr\/epees-glaives-antique\/spatha-cavalerie-romaine\/#breadcrumb"},"inLanguage":"de","potentialAction":[{"@type":"ReadAction","target":["https:\/\/repliquemangacine.fr\/epees-glaives-antique\/spatha-cavalerie-romaine\/"]}]},{"@type":"ImageObject","inLanguage":"de","@id":"https:\/\/repliquemangacine.fr\/epees-glaives-antique\/spatha-cavalerie-romaine\/#primaryimage","url":"https:\/\/repliquemangacine.fr\/wp-content\/uploads\/2023\/10\/glaive.jpg","contentUrl":"https:\/\/repliquemangacine.fr\/wp-content\/uploads\/2023\/10\/glaive.jpg","width":500,"height":500,"caption":"Spatha Cavalerie Romaine fourreau"},{"@type":"BreadcrumbList","@id":"https:\/\/repliquemangacine.fr\/epees-glaives-antique\/spatha-cavalerie-romaine\/#breadcrumb","itemListElement":[{"@type":"ListItem","position":1,"name":"Accueil","item":"https:\/\/repliquemangacine.fr\/"},{"@type":"ListItem","position":2,"name":"Produits","item":"https:\/\/repliquemangacine.fr\/boutique\/"},{"@type":"ListItem","position":3,"name":"Spatha Cavalerie Romaine"}]},{"@type":"WebSite","@id":"https:\/\/repliquemangacine.fr\/#website","url":"https:\/\/repliquemangacine.fr\/","name":"R\u00e9plique Manga Cin\u00e9","description":"","publisher":{"@id":"https:\/\/repliquemangacine.fr\/#organization"},"potentialAction":[{"@type":"SearchAction","target":{"@type":"EntryPoint","urlTemplate":"https:\/\/repliquemangacine.fr\/?s={search_term_string}"},"query-input":{"@type":"PropertyValueSpecification","valueRequired":true,"valueName":"search_term_string"}}],"inLanguage":"de"},{"@type":"Organization","@id":"https:\/\/repliquemangacine.fr\/#organization","name":"R\u00e9plique Manga Cin\u00e9","url":"https:\/\/repliquemangacine.fr\/","logo":{"@type":"ImageObject","inLanguage":"de","@id":"https:\/\/repliquemangacine.fr\/#\/schema\/logo\/image\/","url":"https:\/\/repliquemangacine.fr\/wp-content\/uploads\/2023\/10\/RMC-500250.png","contentUrl":"https:\/\/repliquemangacine.fr\/wp-content\/uploads\/2023\/10\/RMC-500250.png","width":500,"height":250,"caption":"R\u00e9plique Manga Cin\u00e9"},"image":{"@id":"https:\/\/repliquemangacine.fr\/#\/schema\/logo\/image\/"},"sameAs":["https:\/\/www.facebook.com\/RepliqueMangaCine","https:\/\/www.instagram.com\/repliquemangacine.fr\/"]}]}},"_links":{"self":[{"href":"https:\/\/repliquemangacine.fr\/de\/wp-json\/wp\/v2\/product\/29277","targetHints":{"allow":["GET"]}}],"collection":[{"href":"https:\/\/repliquemangacine.fr\/de\/wp-json\/wp\/v2\/product"}],"about":[{"href":"https:\/\/repliquemangacine.fr\/de\/wp-json\/wp\/v2\/types\/product"}],"wp:featuredmedia":[{"embeddable":true,"href":"https:\/\/repliquemangacine.fr\/de\/wp-json\/wp\/v2\/media\/29278"}],"wp:attachment":[{"href":"https:\/\/repliquemangacine.fr\/de\/wp-json\/wp\/v2\/media?parent=29277"}],"wp:term":[{"taxonomy":"product_brand","embeddable":true,"href":"https:\/\/repliquemangacine.fr\/de\/wp-json\/wp\/v2\/product_brand?post=29277"},{"taxonomy":"product_cat","embeddable":true,"href":"https:\/\/repliquemangacine.fr\/de\/wp-json\/wp\/v2\/product_cat?post=29277"},{"taxonomy":"product_tag","embeddable":true,"href":"https:\/\/repliquemangacine.fr\/de\/wp-json\/wp\/v2\/product_tag?post=29277"}],"curies":[{"name":"wp","href":"https:\/\/api.w.org\/{rel}","templated":true}]}}