





{"id":29265,"date":"2021-01-08T14:55:59","date_gmt":"2021-01-08T13:55:59","guid":{"rendered":"https:\/\/repliquemangacine.fr\/?post_type=product&#038;p=29265"},"modified":"2025-12-20T18:01:52","modified_gmt":"2025-12-20T17:01:52","slug":"replik-des-nano-gauntlet-version-hulk","status":"publish","type":"product","link":"https:\/\/repliquemangacine.fr\/de\/super-heros-marvel\/replique-du-nano-gauntlet-version-hulk\/","title":{"rendered":"Nano Handschuh Hulk Avengers"},"content":{"rendered":"<h2>Nano Handschuh Hulk aus dem Marvel-Universum<\/h2>\n<p>Zu Beginn wird der <strong>Nanohandschuh Hulk<\/strong> ist eine von Bruce Banner, Tony Stark und Rocket geschaffene Version des Infinity-Handschuhs, die urspr\u00fcnglich dazu verwendet wurde, die Auswirkungen des Snaps umzukehren. Als sich das Ende der Schlacht um die Erde n\u00e4herte, trug Thanos den besch\u00e4digten Handschuh und versuchte, ihn f\u00fcr die Umsetzung seines endg\u00fcltigen Plans zu verwenden.<\/p>\n<p>Die Gauntlet-Replik erwies sich als ebenso n\u00fctzlich wie ihr zwergisches Gegenst\u00fcck. Da er in der Lage war, Captain Marvel f\u00fcr eine gewisse Zeit festzuhalten, bevor er den Stein der Macht einsetzen musste, um ihn anzugreifen.<\/p>\n<p>Nach einem kurzen Streit mit Stark <a href=\"https:\/\/universcinematographiquemarvel.fandom.com\/fr\/wiki\/Thanos#Armes\" target=\"_blank\" rel=\"noopener noreferrer\">Thanos<\/a> prahlerisch versuchte, den Handschuh zu benutzen, aber nichts passierte, da Stark die Infinity-Steine in seine eigene R\u00fcstung assimilieren konnte.<\/p>\n<h2>Ihr Nano Handschuh Hulk zum besten Preis.<\/h2>\n<p>Wir bieten Ihnen eine gro\u00dfe Auswahl an Repliken aus dem Marvel-Universum.<\/p>\n<p>Zun\u00e4chst einmal,<\/p>\n<ul>\n<li>Die <a href=\"https:\/\/repliquemangacine.fr\/de\/superheld\/dolch-des-loki\/\">Dolch von Loki<\/a> mit seiner speziellen Klinge mit Verzierungen.<\/li>\n<li>Es gibt auch den ber\u00fchmten L'Arc<a href=\"https:\/\/repliquemangacine.fr\/de\/superheld\/arc-reactor-mk1-iron-man-herz-reaktor\/\"> Reaktor<\/a> von Iron Man in der MK1-Version.<\/li>\n<li>Sowie die Replik der beiden <a href=\"https:\/\/repliquemangacine.fr\/de\/superheld\/duo-de-deux-sabres-deadpool\/\">Deadpools Schwerter<\/a> mit seinem Etui, um sie auf dem R\u00fccken zu tragen.<\/li>\n<li>Und viele andere, die es in unserem Online-Shop zu entdecken gibt!<\/li>\n<\/ul>\n<p>Deshalb hier eine tolle Geschenkidee f\u00fcr alle Fans von Marvels Superhelden<\/p>\n<p>Abschlie\u00dfend k\u00f6nnen Sie <strong>Nano Handschuh Hulk<\/strong> bei Ihren Cosplay-Paraden. Vor allem aber ist diese Doppelklinge ein Sammler- und Dekorationsst\u00fcck.<\/p>\n<h2>Wie werden unsere Marvel Avengers-Merchandise-Artikel hergestellt?<\/h2>\n<p>Zun\u00e4chst einmal sind alle unsere Produkte von hoher Qualit\u00e4t und werden mit besonderer Sorgfalt hergestellt. Die Herstellung erfolgt zum Teil von Hand, um jedes noch so kleine Detail zu reproduzieren. Gr\u00f6\u00dfere Teile werden von pr\u00e4zisen Maschinen bearbeitet. Die Gravuren werden in der Regel mit einer Diamantspitze oder einem Laser vorgenommen.<\/p>\n<p>Ihre <strong>Nano Handschuh Hulk<\/strong> wurde hergestellt, um jedes Detail genau zu reproduzieren. LED-System, hell, funktioniert in drei Modi: ein Dauermodus, ein Blinkmodus und ein Modus, in dem die Steine einzeln aufleuchten.<\/p>\n<p>Abschlie\u00dfend sei gesagt, dass unsere Repliken, die aus China oder Spanien importiert wurden, Sie in Erstaunen versetzen werden!<\/p>\n<p>R\u00e9plique Manga Cin\u00e9 ist ein franz\u00f6sisches Familienunternehmen.<\/p>","protected":false},"excerpt":{"rendered":"<p>Replik des \"Nano Gauntlet Hulk\", den der Hulk im Film \"Avengers Endgame\" tr\u00e4gt.<\/p>\n<ul>\n<li>Aus geformtem ABS, das mit roter Metallfarbe beschichtet ist.<\/li>\n<li>Innenseite aus kompensiertem Schaumstoff f\u00fcr absoluten Komfort.<\/li>\n<li>Integriertes LED-System, das die Steine der Unendlichkeit zum Leuchten bringt.<\/li>\n<li>Funktioniert in drei Modi: einem Dauermodus, einem Blinkmodus und einem Modus, in dem die Steine einzeln aufleuchten.<\/li>\n<li>Konnektivit\u00e4t.<\/li>\n<li>Sockel f\u00fcr die Pr\u00e4sentation.<\/li>\n<\/ul>\n<p>H\u00f6he des Handschuhs ohne Sockel: 41 cm - Breite: 16 cm - Gewicht: 3.4 kg<\/p>\n<p>Abmessungen des St\u00e4nders: 23 X18 X31 cm - Gesamth\u00f6he von Handschuh und St\u00e4nder: 72 cm<\/p>","protected":false},"featured_media":29266,"template":"","meta":[],"product_brand":[896],"product_cat":[24,59],"product_tag":[],"class_list":{"0":"post-29265","1":"product","2":"type-product","3":"status-publish","4":"has-post-thumbnail","6":"product_brand-replique-manga-cine","7":"product_cat-films-series-tv-vente-de-katana-epee-et-produits-derives","8":"product_cat-super-heros-marvel","10":"first","11":"instock","12":"taxable","13":"shipping-taxable","14":"purchasable","15":"product-type-simple"},"yoast_head":"<!-- This site is optimized with the Yoast SEO plugin v27.5 - https:\/\/yoast.com\/product\/yoast-seo-wordpress\/ -->\n<title>Nano Gantelet Hulk - Avengers - R\u00e9plique Manga Cin\u00e9<\/title>\n<meta name=\"description\" content=\"Commandez le Nano Gantelet Hulk au meilleur prix - Tout en ABS - \u00c9chelle 1\/1- Pierre de l&#039;infini en r\u00e9sine - Syst\u00e8me Led - Hauteur totale : 72 cm\" \/>\n<meta name=\"robots\" content=\"index, follow, max-snippet:-1, max-image-preview:large, max-video-preview:-1\" \/>\n<link rel=\"canonical\" href=\"https:\/\/repliquemangacine.fr\/de\/marvel-super-heros\/replik-des-nano-gauntlet-version-hulk\/\" \/>\n<meta property=\"og:locale\" content=\"de_DE\" \/>\n<meta property=\"og:type\" content=\"article\" \/>\n<meta property=\"og:title\" content=\"Nano Gantelet Hulk - Avengers - R\u00e9plique Manga Cin\u00e9\" \/>\n<meta property=\"og:description\" content=\"Commandez le Nano Gantelet Hulk au meilleur prix - Tout en ABS - \u00c9chelle 1\/1- Pierre de l&#039;infini en r\u00e9sine - Syst\u00e8me Led - Hauteur totale : 72 cm\" \/>\n<meta property=\"og:url\" content=\"https:\/\/repliquemangacine.fr\/de\/marvel-super-heros\/replik-des-nano-gauntlet-version-hulk\/\" \/>\n<meta property=\"og:site_name\" content=\"R\u00e9plique Manga Cin\u00e9\" \/>\n<meta property=\"article:publisher\" content=\"https:\/\/www.facebook.com\/RepliqueMangaCine\" \/>\n<meta property=\"article:modified_time\" content=\"2025-12-20T17:01:52+00:00\" \/>\n<meta property=\"og:image\" content=\"https:\/\/repliquemangacine.fr\/wp-content\/uploads\/2023\/10\/3943-Nano-Gauntlet-Version-Hulk.jpg\" \/>\n\t<meta property=\"og:image:width\" content=\"800\" \/>\n\t<meta property=\"og:image:height\" content=\"800\" \/>\n\t<meta property=\"og:image:type\" content=\"image\/jpeg\" \/>\n<meta name=\"twitter:card\" content=\"summary_large_image\" \/>\n<meta name=\"twitter:label1\" content=\"Gesch\u00e4tzte Lesezeit\" \/>\n\t<meta name=\"twitter:data1\" content=\"2\u00a0Minuten\" \/>\n<script type=\"application\/ld+json\" class=\"yoast-schema-graph\">{\"@context\":\"https:\\\/\\\/schema.org\",\"@graph\":[{\"@type\":\"WebPage\",\"@id\":\"https:\\\/\\\/repliquemangacine.fr\\\/super-heros-marvel\\\/replique-du-nano-gauntlet-version-hulk\\\/\",\"url\":\"https:\\\/\\\/repliquemangacine.fr\\\/super-heros-marvel\\\/replique-du-nano-gauntlet-version-hulk\\\/\",\"name\":\"Nano Gantelet Hulk - Avengers - R\u00e9plique Manga Cin\u00e9\",\"isPartOf\":{\"@id\":\"https:\\\/\\\/repliquemangacine.fr\\\/#website\"},\"primaryImageOfPage\":{\"@id\":\"https:\\\/\\\/repliquemangacine.fr\\\/super-heros-marvel\\\/replique-du-nano-gauntlet-version-hulk\\\/#primaryimage\"},\"image\":{\"@id\":\"https:\\\/\\\/repliquemangacine.fr\\\/super-heros-marvel\\\/replique-du-nano-gauntlet-version-hulk\\\/#primaryimage\"},\"thumbnailUrl\":\"https:\\\/\\\/repliquemangacine.fr\\\/wp-content\\\/uploads\\\/2023\\\/10\\\/3943-Nano-Gauntlet-Version-Hulk.jpg\",\"datePublished\":\"2021-01-08T13:55:59+00:00\",\"dateModified\":\"2025-12-20T17:01:52+00:00\",\"description\":\"Commandez le Nano Gantelet Hulk au meilleur prix - Tout en ABS - \u00c9chelle 1\\\/1- Pierre de l'infini en r\u00e9sine - Syst\u00e8me Led - Hauteur totale : 72 cm\",\"breadcrumb\":{\"@id\":\"https:\\\/\\\/repliquemangacine.fr\\\/super-heros-marvel\\\/replique-du-nano-gauntlet-version-hulk\\\/#breadcrumb\"},\"inLanguage\":\"de\",\"potentialAction\":[{\"@type\":\"ReadAction\",\"target\":[\"https:\\\/\\\/repliquemangacine.fr\\\/super-heros-marvel\\\/replique-du-nano-gauntlet-version-hulk\\\/\"]}]},{\"@type\":\"ImageObject\",\"inLanguage\":\"de\",\"@id\":\"https:\\\/\\\/repliquemangacine.fr\\\/super-heros-marvel\\\/replique-du-nano-gauntlet-version-hulk\\\/#primaryimage\",\"url\":\"https:\\\/\\\/repliquemangacine.fr\\\/wp-content\\\/uploads\\\/2023\\\/10\\\/3943-Nano-Gauntlet-Version-Hulk.jpg\",\"contentUrl\":\"https:\\\/\\\/repliquemangacine.fr\\\/wp-content\\\/uploads\\\/2023\\\/10\\\/3943-Nano-Gauntlet-Version-Hulk.jpg\",\"width\":800,\"height\":800,\"caption\":\"Nano Gauntlet Version Hulk\"},{\"@type\":\"BreadcrumbList\",\"@id\":\"https:\\\/\\\/repliquemangacine.fr\\\/super-heros-marvel\\\/replique-du-nano-gauntlet-version-hulk\\\/#breadcrumb\",\"itemListElement\":[{\"@type\":\"ListItem\",\"position\":1,\"name\":\"Accueil\",\"item\":\"https:\\\/\\\/repliquemangacine.fr\\\/\"},{\"@type\":\"ListItem\",\"position\":2,\"name\":\"Produits\",\"item\":\"https:\\\/\\\/repliquemangacine.fr\\\/boutique\\\/\"},{\"@type\":\"ListItem\",\"position\":3,\"name\":\"Nano Gantelet Hulk Avengers\"}]},{\"@type\":\"WebSite\",\"@id\":\"https:\\\/\\\/repliquemangacine.fr\\\/#website\",\"url\":\"https:\\\/\\\/repliquemangacine.fr\\\/\",\"name\":\"R\u00e9plique Manga Cin\u00e9\",\"description\":\"\",\"publisher\":{\"@id\":\"https:\\\/\\\/repliquemangacine.fr\\\/#organization\"},\"potentialAction\":[{\"@type\":\"SearchAction\",\"target\":{\"@type\":\"EntryPoint\",\"urlTemplate\":\"https:\\\/\\\/repliquemangacine.fr\\\/?s={search_term_string}\"},\"query-input\":{\"@type\":\"PropertyValueSpecification\",\"valueRequired\":true,\"valueName\":\"search_term_string\"}}],\"inLanguage\":\"de\"},{\"@type\":\"Organization\",\"@id\":\"https:\\\/\\\/repliquemangacine.fr\\\/#organization\",\"name\":\"R\u00e9plique Manga Cin\u00e9\",\"url\":\"https:\\\/\\\/repliquemangacine.fr\\\/\",\"logo\":{\"@type\":\"ImageObject\",\"inLanguage\":\"de\",\"@id\":\"https:\\\/\\\/repliquemangacine.fr\\\/#\\\/schema\\\/logo\\\/image\\\/\",\"url\":\"https:\\\/\\\/repliquemangacine.fr\\\/wp-content\\\/uploads\\\/2023\\\/10\\\/RMC-500250.png\",\"contentUrl\":\"https:\\\/\\\/repliquemangacine.fr\\\/wp-content\\\/uploads\\\/2023\\\/10\\\/RMC-500250.png\",\"width\":500,\"height\":250,\"caption\":\"R\u00e9plique Manga Cin\u00e9\"},\"image\":{\"@id\":\"https:\\\/\\\/repliquemangacine.fr\\\/#\\\/schema\\\/logo\\\/image\\\/\"},\"sameAs\":[\"https:\\\/\\\/www.facebook.com\\\/RepliqueMangaCine\",\"https:\\\/\\\/www.instagram.com\\\/repliquemangacine.fr\\\/\"]}]}<\/script>\n<!-- \/ Yoast SEO plugin. -->","yoast_head_json":{"title":"Nano Handschuh Hulk - Avengers - R\u00e9plique Manga Cin\u00e9","description":"Bestellen Sie den Nano Handschuh Hulk zum besten Preis - Komplett aus ABS - Ma\u00dfstab 1:1- Infinity-Stein aus Kunstharz - Led-System - Gesamth\u00f6he: 72 cm","robots":{"index":"index","follow":"follow","max-snippet":"max-snippet:-1","max-image-preview":"max-image-preview:large","max-video-preview":"max-video-preview:-1"},"canonical":"https:\/\/repliquemangacine.fr\/de\/marvel-super-heros\/replik-des-nano-gauntlet-version-hulk\/","og_locale":"de_DE","og_type":"article","og_title":"Nano Gantelet Hulk - Avengers - R\u00e9plique Manga Cin\u00e9","og_description":"Commandez le Nano Gantelet Hulk au meilleur prix - Tout en ABS - \u00c9chelle 1\/1- Pierre de l'infini en r\u00e9sine - Syst\u00e8me Led - Hauteur totale : 72 cm","og_url":"https:\/\/repliquemangacine.fr\/de\/marvel-super-heros\/replik-des-nano-gauntlet-version-hulk\/","og_site_name":"R\u00e9plique Manga Cin\u00e9","article_publisher":"https:\/\/www.facebook.com\/RepliqueMangaCine","article_modified_time":"2025-12-20T17:01:52+00:00","og_image":[{"width":800,"height":800,"url":"https:\/\/repliquemangacine.fr\/wp-content\/uploads\/2023\/10\/3943-Nano-Gauntlet-Version-Hulk.jpg","type":"image\/jpeg"}],"twitter_card":"summary_large_image","twitter_misc":{"Gesch\u00e4tzte Lesezeit":"2\u00a0Minuten"},"schema":{"@context":"https:\/\/schema.org","@graph":[{"@type":"WebPage","@id":"https:\/\/repliquemangacine.fr\/super-heros-marvel\/replique-du-nano-gauntlet-version-hulk\/","url":"https:\/\/repliquemangacine.fr\/super-heros-marvel\/replique-du-nano-gauntlet-version-hulk\/","name":"Nano Handschuh Hulk - Avengers - R\u00e9plique Manga Cin\u00e9","isPartOf":{"@id":"https:\/\/repliquemangacine.fr\/#website"},"primaryImageOfPage":{"@id":"https:\/\/repliquemangacine.fr\/super-heros-marvel\/replique-du-nano-gauntlet-version-hulk\/#primaryimage"},"image":{"@id":"https:\/\/repliquemangacine.fr\/super-heros-marvel\/replique-du-nano-gauntlet-version-hulk\/#primaryimage"},"thumbnailUrl":"https:\/\/repliquemangacine.fr\/wp-content\/uploads\/2023\/10\/3943-Nano-Gauntlet-Version-Hulk.jpg","datePublished":"2021-01-08T13:55:59+00:00","dateModified":"2025-12-20T17:01:52+00:00","description":"Bestellen Sie den Nano Handschuh Hulk zum besten Preis - Komplett aus ABS - Ma\u00dfstab 1:1- Infinity-Stein aus Kunstharz - Led-System - Gesamth\u00f6he: 72 cm","breadcrumb":{"@id":"https:\/\/repliquemangacine.fr\/super-heros-marvel\/replique-du-nano-gauntlet-version-hulk\/#breadcrumb"},"inLanguage":"de","potentialAction":[{"@type":"ReadAction","target":["https:\/\/repliquemangacine.fr\/super-heros-marvel\/replique-du-nano-gauntlet-version-hulk\/"]}]},{"@type":"ImageObject","inLanguage":"de","@id":"https:\/\/repliquemangacine.fr\/super-heros-marvel\/replique-du-nano-gauntlet-version-hulk\/#primaryimage","url":"https:\/\/repliquemangacine.fr\/wp-content\/uploads\/2023\/10\/3943-Nano-Gauntlet-Version-Hulk.jpg","contentUrl":"https:\/\/repliquemangacine.fr\/wp-content\/uploads\/2023\/10\/3943-Nano-Gauntlet-Version-Hulk.jpg","width":800,"height":800,"caption":"Nano Gauntlet Version Hulk"},{"@type":"BreadcrumbList","@id":"https:\/\/repliquemangacine.fr\/super-heros-marvel\/replique-du-nano-gauntlet-version-hulk\/#breadcrumb","itemListElement":[{"@type":"ListItem","position":1,"name":"Accueil","item":"https:\/\/repliquemangacine.fr\/"},{"@type":"ListItem","position":2,"name":"Produits","item":"https:\/\/repliquemangacine.fr\/boutique\/"},{"@type":"ListItem","position":3,"name":"Nano Gantelet Hulk Avengers"}]},{"@type":"WebSite","@id":"https:\/\/repliquemangacine.fr\/#website","url":"https:\/\/repliquemangacine.fr\/","name":"R\u00e9plique Manga Cin\u00e9","description":"","publisher":{"@id":"https:\/\/repliquemangacine.fr\/#organization"},"potentialAction":[{"@type":"SearchAction","target":{"@type":"EntryPoint","urlTemplate":"https:\/\/repliquemangacine.fr\/?s={search_term_string}"},"query-input":{"@type":"PropertyValueSpecification","valueRequired":true,"valueName":"search_term_string"}}],"inLanguage":"de"},{"@type":"Organization","@id":"https:\/\/repliquemangacine.fr\/#organization","name":"R\u00e9plique Manga Cin\u00e9","url":"https:\/\/repliquemangacine.fr\/","logo":{"@type":"ImageObject","inLanguage":"de","@id":"https:\/\/repliquemangacine.fr\/#\/schema\/logo\/image\/","url":"https:\/\/repliquemangacine.fr\/wp-content\/uploads\/2023\/10\/RMC-500250.png","contentUrl":"https:\/\/repliquemangacine.fr\/wp-content\/uploads\/2023\/10\/RMC-500250.png","width":500,"height":250,"caption":"R\u00e9plique Manga Cin\u00e9"},"image":{"@id":"https:\/\/repliquemangacine.fr\/#\/schema\/logo\/image\/"},"sameAs":["https:\/\/www.facebook.com\/RepliqueMangaCine","https:\/\/www.instagram.com\/repliquemangacine.fr\/"]}]}},"_links":{"self":[{"href":"https:\/\/repliquemangacine.fr\/de\/wp-json\/wp\/v2\/product\/29265","targetHints":{"allow":["GET"]}}],"collection":[{"href":"https:\/\/repliquemangacine.fr\/de\/wp-json\/wp\/v2\/product"}],"about":[{"href":"https:\/\/repliquemangacine.fr\/de\/wp-json\/wp\/v2\/types\/product"}],"wp:featuredmedia":[{"embeddable":true,"href":"https:\/\/repliquemangacine.fr\/de\/wp-json\/wp\/v2\/media\/29266"}],"wp:attachment":[{"href":"https:\/\/repliquemangacine.fr\/de\/wp-json\/wp\/v2\/media?parent=29265"}],"wp:term":[{"taxonomy":"product_brand","embeddable":true,"href":"https:\/\/repliquemangacine.fr\/de\/wp-json\/wp\/v2\/product_brand?post=29265"},{"taxonomy":"product_cat","embeddable":true,"href":"https:\/\/repliquemangacine.fr\/de\/wp-json\/wp\/v2\/product_cat?post=29265"},{"taxonomy":"product_tag","embeddable":true,"href":"https:\/\/repliquemangacine.fr\/de\/wp-json\/wp\/v2\/product_tag?post=29265"}],"curies":[{"name":"wp","href":"https:\/\/api.w.org\/{rel}","templated":true}]}}