





{"id":29254,"date":"2021-01-06T15:27:22","date_gmt":"2021-01-06T14:27:22","guid":{"rendered":"https:\/\/repliquemangacine.fr\/?post_type=product&#038;p=29254"},"modified":"2025-11-14T10:48:42","modified_gmt":"2025-11-14T09:48:42","slug":"leuchtstab-black-widow-schwarz","status":"publish","type":"product","link":"https:\/\/repliquemangacine.fr\/de\/super-heros-marvel\/baton-lumineux-black-widow-noir\/","title":{"rendered":"Black Widow Stock schwarz"},"content":{"rendered":"<h2>Black Widows St\u00e4be aus dem Avengers-Universum.<\/h2>\n<p>Zu Beginn <strong>Black Widows St\u00e4be<\/strong>Elektroschockwaffen, die starke elektrische Schl\u00e4ge abgeben k\u00f6nnen, um ihre Ziele zu neutralisieren. Sie leuchten in einem blauen Licht und sind eine Erweiterung von Black Widows Biss.<\/p>\n<p>Einige Zeit vor Ultrons Offensive erhielt Natasha Romanoff die St\u00f6cke von Tony Stark. W\u00e4hrend der Schlacht um Sokovia setzte sie die St\u00f6cke ein, um ein Dutzend von Ultrons W\u00e4chtern mit einer Mischung aus ihren Kampfsportk\u00fcnsten und ihren Waffen au\u00dfer Gefecht zu setzen.<\/p>\n<p><a href=\"https:\/\/universcinematographiquemarvel.fandom.com\/fr\/wiki\/Natasha_Romanoff#Personnalit\u00e9\" target=\"_blank\" rel=\"noopener noreferrer\">Natasha Romanoff<\/a> ist eine der talentiertesten Spione und Attent\u00e4terinnen der Welt und eines der Gr\u00fcndungsmitglieder der Avengers. Da sie die Kampfk\u00fcnste beherrscht und mit ihrem Biss bewaffnet ist, wurde Natasha zu einer der effektivsten Agentinnen von S.H.I.E.L.D..<\/p>\n<h2>Ihre Black-Widow-St\u00f6cke zum besten Preis.<\/h2>\n<p>Wir bieten Ihnen eine gro\u00dfe Auswahl an Repliken Ihrer Superhelden aus dem Marvel-Universum.<\/p>\n<p>Zun\u00e4chst einmal,<\/p>\n<ul>\n<li>Die <a href=\"https:\/\/repliquemangacine.fr\/de\/superheld\/justice-league-replica-aquamans-dreizack-186-cm\/\">Aquamans Dreizack<\/a> in Offiziell, aber im Ma\u00dfstab 1:1, der von Noble Collection vertrieben wird.<\/li>\n<li>Es gibt auch den <a href=\"https:\/\/repliquemangacine.fr\/de\/superheld\/arc-reactor-mk1-iron-man-herz-reaktor\/\">Reactor Arc von Iron Man<\/a> MK1-Version.<\/li>\n<li>Sowie das gro\u00dfartige <a href=\"https:\/\/repliquemangacine.fr\/de\/filme-tv-serien-verkauf-von-katana-schwertern-und-derivaten\/thor-hammer-mjoellnir-replik-hammer-marvel\/\">Thors Hammer<\/a> ganz aus Harz.<\/li>\n<li>Und noch viel mehr gibt es in unserem Online-Shop zu entdecken!<\/li>\n<\/ul>\n<p>Deshalb ist dies eine tolle Geschenkidee f\u00fcr alle Marvel-Fans.<\/p>\n<p>Abschlie\u00dfend k\u00f6nnen Sie auch die <strong>Black Widows St\u00e4be<\/strong> f\u00fcr Ihre Cosplay-Paraden. Vor allem aber ist es auch ein Sammler- und Dekorationsst\u00fcck.<\/p>\n<h2>Wie werden unsere Marvel Avengers-Merchandise-Artikel hergestellt?<\/h2>\n<p>Zun\u00e4chst einmal sind alle unsere Produkte von hoher Qualit\u00e4t und werden mit besonderer Sorgfalt hergestellt. Die Herstellung erfolgt zum Teil von Hand, um jedes noch so kleine Detail zu reproduzieren. Gr\u00f6\u00dfere Teile werden von pr\u00e4zisen Maschinen bearbeitet. Die Gravuren werden in der Regel mit einer Diamantspitze oder einem Laser vorgenommen.<\/p>\n<p>Ihre <strong>Black Widows St\u00e4be<\/strong> hergestellt, um jedes Detail genau zu reproduzieren. Von maschinell bearbeiteten Metall- oder ABS-Teilen bis hin zu hochintensiven LEDs.<\/p>\n<p>Abschlie\u00dfend sei gesagt, dass unsere Repliken, die aus China oder Spanien importiert wurden, Sie in Erstaunen versetzen werden!<\/p>\n<p>R\u00e9plique Manga Cin\u00e9 ist ein franz\u00f6sisches Familienunternehmen.<\/p>\n<p>Wir w\u00fcnschen allen einen guten Besuch.<\/p>","protected":false},"excerpt":{"rendered":"<p>Replik der Leuchtst\u00e4be, die von Black Widow benutzt werden.<\/p>\n<ul>\n<li>Beide St\u00f6cke bestehen aus geformtem ABS und Metall.<\/li>\n<li>Metallgarden sowie die Griffe mit kleinen Rillen.<\/li>\n<li>Schaltertaste zum Beleuchten der St\u00f6cke.<\/li>\n<li>3 LR3-Batterien (im Lieferumfang enthalten).<\/li>\n<li>Es besteht die M\u00f6glichkeit, beide St\u00f6cke miteinander zu kombinieren.<\/li>\n<li>Achtung: Wenn die beiden St\u00f6cke zusammengesetzt sind, leuchten sie nicht.<\/li>\n<li>Zwei Metallzylinder f\u00fcr mehr Steifigkeit und Ver\u00e4nderung des Aussehens.<\/li>\n<li>L\u00e4nge der einzelnen St\u00f6cke: 65 cm und 130 cm zusammengesetzt<\/li>\n<\/ul>","protected":false},"featured_media":29255,"template":"","meta":[],"product_brand":[896],"product_cat":[24,59],"product_tag":[],"class_list":{"0":"post-29254","1":"product","2":"type-product","3":"status-publish","4":"has-post-thumbnail","6":"product_brand-replique-manga-cine","7":"product_cat-films-series-tv-vente-de-katana-epee-et-produits-derives","8":"product_cat-super-heros-marvel","10":"first","11":"instock","12":"taxable","13":"shipping-taxable","14":"purchasable","15":"product-type-simple"},"yoast_head":"<!-- This site is optimized with the Yoast SEO plugin v27.5 - https:\/\/yoast.com\/product\/yoast-seo-wordpress\/ -->\n<title>B\u00e2tons de Black Widow - Vente Produits d\u00e9riv\u00e9s Avengers - RMC<\/title>\n<meta name=\"description\" content=\"En Exclusivit\u00e9 ! Les B\u00e2tons de Black Widow dans l&#039;univers Marvel au meilleur prix. En m\u00e9tal et ABS - Lumineux - Longueur chacun : 65cm - Assembl\u00e9 : 130 cm\" \/>\n<meta name=\"robots\" content=\"index, follow, max-snippet:-1, max-image-preview:large, max-video-preview:-1\" \/>\n<link rel=\"canonical\" href=\"https:\/\/repliquemangacine.fr\/de\/marvel-super-heros\/leuchtstab-black-widow-schwarz\/\" \/>\n<meta property=\"og:locale\" content=\"de_DE\" \/>\n<meta property=\"og:type\" content=\"article\" \/>\n<meta property=\"og:title\" content=\"B\u00e2tons de Black Widow - Vente Produits d\u00e9riv\u00e9s Avengers - RMC\" \/>\n<meta property=\"og:description\" content=\"En Exclusivit\u00e9 ! Les B\u00e2tons de Black Widow dans l&#039;univers Marvel au meilleur prix. En m\u00e9tal et ABS - Lumineux - Longueur chacun : 65cm - Assembl\u00e9 : 130 cm\" \/>\n<meta property=\"og:url\" content=\"https:\/\/repliquemangacine.fr\/de\/marvel-super-heros\/leuchtstab-black-widow-schwarz\/\" \/>\n<meta property=\"og:site_name\" content=\"R\u00e9plique Manga Cin\u00e9\" \/>\n<meta property=\"article:publisher\" content=\"https:\/\/www.facebook.com\/RepliqueMangaCine\" \/>\n<meta property=\"article:modified_time\" content=\"2025-11-14T09:48:42+00:00\" \/>\n<meta property=\"og:image\" content=\"https:\/\/repliquemangacine.fr\/wp-content\/uploads\/2023\/10\/3935-Baton-lumineux-Black-Widow.jpg\" \/>\n\t<meta property=\"og:image:width\" content=\"800\" \/>\n\t<meta property=\"og:image:height\" content=\"800\" \/>\n\t<meta property=\"og:image:type\" content=\"image\/jpeg\" \/>\n<meta name=\"twitter:card\" content=\"summary_large_image\" \/>\n<meta name=\"twitter:label1\" content=\"Gesch\u00e4tzte Lesezeit\" \/>\n\t<meta name=\"twitter:data1\" content=\"2\u00a0Minuten\" \/>\n<script type=\"application\/ld+json\" class=\"yoast-schema-graph\">{\"@context\":\"https:\\\/\\\/schema.org\",\"@graph\":[{\"@type\":\"WebPage\",\"@id\":\"https:\\\/\\\/repliquemangacine.fr\\\/super-heros-marvel\\\/baton-lumineux-black-widow-noir\\\/\",\"url\":\"https:\\\/\\\/repliquemangacine.fr\\\/super-heros-marvel\\\/baton-lumineux-black-widow-noir\\\/\",\"name\":\"B\u00e2tons de Black Widow - Vente Produits d\u00e9riv\u00e9s Avengers - RMC\",\"isPartOf\":{\"@id\":\"https:\\\/\\\/repliquemangacine.fr\\\/#website\"},\"primaryImageOfPage\":{\"@id\":\"https:\\\/\\\/repliquemangacine.fr\\\/super-heros-marvel\\\/baton-lumineux-black-widow-noir\\\/#primaryimage\"},\"image\":{\"@id\":\"https:\\\/\\\/repliquemangacine.fr\\\/super-heros-marvel\\\/baton-lumineux-black-widow-noir\\\/#primaryimage\"},\"thumbnailUrl\":\"https:\\\/\\\/repliquemangacine.fr\\\/wp-content\\\/uploads\\\/2023\\\/10\\\/3935-Baton-lumineux-Black-Widow.jpg\",\"datePublished\":\"2021-01-06T14:27:22+00:00\",\"dateModified\":\"2025-11-14T09:48:42+00:00\",\"description\":\"En Exclusivit\u00e9 ! Les B\u00e2tons de Black Widow dans l'univers Marvel au meilleur prix. En m\u00e9tal et ABS - Lumineux - Longueur chacun : 65cm - Assembl\u00e9 : 130 cm\",\"breadcrumb\":{\"@id\":\"https:\\\/\\\/repliquemangacine.fr\\\/super-heros-marvel\\\/baton-lumineux-black-widow-noir\\\/#breadcrumb\"},\"inLanguage\":\"de\",\"potentialAction\":[{\"@type\":\"ReadAction\",\"target\":[\"https:\\\/\\\/repliquemangacine.fr\\\/super-heros-marvel\\\/baton-lumineux-black-widow-noir\\\/\"]}]},{\"@type\":\"ImageObject\",\"inLanguage\":\"de\",\"@id\":\"https:\\\/\\\/repliquemangacine.fr\\\/super-heros-marvel\\\/baton-lumineux-black-widow-noir\\\/#primaryimage\",\"url\":\"https:\\\/\\\/repliquemangacine.fr\\\/wp-content\\\/uploads\\\/2023\\\/10\\\/3935-Baton-lumineux-Black-Widow.jpg\",\"contentUrl\":\"https:\\\/\\\/repliquemangacine.fr\\\/wp-content\\\/uploads\\\/2023\\\/10\\\/3935-Baton-lumineux-Black-Widow.jpg\",\"width\":800,\"height\":800,\"caption\":\"B\u00e2ton lumineux Black Widow\"},{\"@type\":\"BreadcrumbList\",\"@id\":\"https:\\\/\\\/repliquemangacine.fr\\\/super-heros-marvel\\\/baton-lumineux-black-widow-noir\\\/#breadcrumb\",\"itemListElement\":[{\"@type\":\"ListItem\",\"position\":1,\"name\":\"Accueil\",\"item\":\"https:\\\/\\\/repliquemangacine.fr\\\/\"},{\"@type\":\"ListItem\",\"position\":2,\"name\":\"Produits\",\"item\":\"https:\\\/\\\/repliquemangacine.fr\\\/boutique\\\/\"},{\"@type\":\"ListItem\",\"position\":3,\"name\":\"B\u00e2ton Black Widow noir\"}]},{\"@type\":\"WebSite\",\"@id\":\"https:\\\/\\\/repliquemangacine.fr\\\/#website\",\"url\":\"https:\\\/\\\/repliquemangacine.fr\\\/\",\"name\":\"R\u00e9plique Manga Cin\u00e9\",\"description\":\"\",\"publisher\":{\"@id\":\"https:\\\/\\\/repliquemangacine.fr\\\/#organization\"},\"potentialAction\":[{\"@type\":\"SearchAction\",\"target\":{\"@type\":\"EntryPoint\",\"urlTemplate\":\"https:\\\/\\\/repliquemangacine.fr\\\/?s={search_term_string}\"},\"query-input\":{\"@type\":\"PropertyValueSpecification\",\"valueRequired\":true,\"valueName\":\"search_term_string\"}}],\"inLanguage\":\"de\"},{\"@type\":\"Organization\",\"@id\":\"https:\\\/\\\/repliquemangacine.fr\\\/#organization\",\"name\":\"R\u00e9plique Manga Cin\u00e9\",\"url\":\"https:\\\/\\\/repliquemangacine.fr\\\/\",\"logo\":{\"@type\":\"ImageObject\",\"inLanguage\":\"de\",\"@id\":\"https:\\\/\\\/repliquemangacine.fr\\\/#\\\/schema\\\/logo\\\/image\\\/\",\"url\":\"https:\\\/\\\/repliquemangacine.fr\\\/wp-content\\\/uploads\\\/2023\\\/10\\\/RMC-500250.png\",\"contentUrl\":\"https:\\\/\\\/repliquemangacine.fr\\\/wp-content\\\/uploads\\\/2023\\\/10\\\/RMC-500250.png\",\"width\":500,\"height\":250,\"caption\":\"R\u00e9plique Manga Cin\u00e9\"},\"image\":{\"@id\":\"https:\\\/\\\/repliquemangacine.fr\\\/#\\\/schema\\\/logo\\\/image\\\/\"},\"sameAs\":[\"https:\\\/\\\/www.facebook.com\\\/RepliqueMangaCine\",\"https:\\\/\\\/www.instagram.com\\\/repliquemangacine.fr\\\/\"]}]}<\/script>\n<!-- \/ Yoast SEO plugin. -->","yoast_head_json":{"title":"Black Widow St\u00f6cke - Avengers Merchandise Verkauf - RMC","description":"Nur bei uns erh\u00e4ltlich! Die Black Widow St\u00f6cke aus dem Marvel-Universum zum besten Preis. Aus Metall und ABS - Leuchtend - L\u00e4nge jeweils: 65cm - Zusammengesetzt: 130 cm","robots":{"index":"index","follow":"follow","max-snippet":"max-snippet:-1","max-image-preview":"max-image-preview:large","max-video-preview":"max-video-preview:-1"},"canonical":"https:\/\/repliquemangacine.fr\/de\/marvel-super-heros\/leuchtstab-black-widow-schwarz\/","og_locale":"de_DE","og_type":"article","og_title":"B\u00e2tons de Black Widow - Vente Produits d\u00e9riv\u00e9s Avengers - RMC","og_description":"En Exclusivit\u00e9 ! Les B\u00e2tons de Black Widow dans l'univers Marvel au meilleur prix. En m\u00e9tal et ABS - Lumineux - Longueur chacun : 65cm - Assembl\u00e9 : 130 cm","og_url":"https:\/\/repliquemangacine.fr\/de\/marvel-super-heros\/leuchtstab-black-widow-schwarz\/","og_site_name":"R\u00e9plique Manga Cin\u00e9","article_publisher":"https:\/\/www.facebook.com\/RepliqueMangaCine","article_modified_time":"2025-11-14T09:48:42+00:00","og_image":[{"width":800,"height":800,"url":"https:\/\/repliquemangacine.fr\/wp-content\/uploads\/2023\/10\/3935-Baton-lumineux-Black-Widow.jpg","type":"image\/jpeg"}],"twitter_card":"summary_large_image","twitter_misc":{"Gesch\u00e4tzte Lesezeit":"2\u00a0Minuten"},"schema":{"@context":"https:\/\/schema.org","@graph":[{"@type":"WebPage","@id":"https:\/\/repliquemangacine.fr\/super-heros-marvel\/baton-lumineux-black-widow-noir\/","url":"https:\/\/repliquemangacine.fr\/super-heros-marvel\/baton-lumineux-black-widow-noir\/","name":"Black Widow St\u00f6cke - Avengers Merchandise Verkauf - RMC","isPartOf":{"@id":"https:\/\/repliquemangacine.fr\/#website"},"primaryImageOfPage":{"@id":"https:\/\/repliquemangacine.fr\/super-heros-marvel\/baton-lumineux-black-widow-noir\/#primaryimage"},"image":{"@id":"https:\/\/repliquemangacine.fr\/super-heros-marvel\/baton-lumineux-black-widow-noir\/#primaryimage"},"thumbnailUrl":"https:\/\/repliquemangacine.fr\/wp-content\/uploads\/2023\/10\/3935-Baton-lumineux-Black-Widow.jpg","datePublished":"2021-01-06T14:27:22+00:00","dateModified":"2025-11-14T09:48:42+00:00","description":"Nur bei uns erh\u00e4ltlich! Die Black Widow St\u00f6cke aus dem Marvel-Universum zum besten Preis. Aus Metall und ABS - Leuchtend - L\u00e4nge jeweils: 65cm - Zusammengesetzt: 130 cm","breadcrumb":{"@id":"https:\/\/repliquemangacine.fr\/super-heros-marvel\/baton-lumineux-black-widow-noir\/#breadcrumb"},"inLanguage":"de","potentialAction":[{"@type":"ReadAction","target":["https:\/\/repliquemangacine.fr\/super-heros-marvel\/baton-lumineux-black-widow-noir\/"]}]},{"@type":"ImageObject","inLanguage":"de","@id":"https:\/\/repliquemangacine.fr\/super-heros-marvel\/baton-lumineux-black-widow-noir\/#primaryimage","url":"https:\/\/repliquemangacine.fr\/wp-content\/uploads\/2023\/10\/3935-Baton-lumineux-Black-Widow.jpg","contentUrl":"https:\/\/repliquemangacine.fr\/wp-content\/uploads\/2023\/10\/3935-Baton-lumineux-Black-Widow.jpg","width":800,"height":800,"caption":"B\u00e2ton lumineux Black Widow"},{"@type":"BreadcrumbList","@id":"https:\/\/repliquemangacine.fr\/super-heros-marvel\/baton-lumineux-black-widow-noir\/#breadcrumb","itemListElement":[{"@type":"ListItem","position":1,"name":"Accueil","item":"https:\/\/repliquemangacine.fr\/"},{"@type":"ListItem","position":2,"name":"Produits","item":"https:\/\/repliquemangacine.fr\/boutique\/"},{"@type":"ListItem","position":3,"name":"B\u00e2ton Black Widow noir"}]},{"@type":"WebSite","@id":"https:\/\/repliquemangacine.fr\/#website","url":"https:\/\/repliquemangacine.fr\/","name":"R\u00e9plique Manga Cin\u00e9","description":"","publisher":{"@id":"https:\/\/repliquemangacine.fr\/#organization"},"potentialAction":[{"@type":"SearchAction","target":{"@type":"EntryPoint","urlTemplate":"https:\/\/repliquemangacine.fr\/?s={search_term_string}"},"query-input":{"@type":"PropertyValueSpecification","valueRequired":true,"valueName":"search_term_string"}}],"inLanguage":"de"},{"@type":"Organization","@id":"https:\/\/repliquemangacine.fr\/#organization","name":"R\u00e9plique Manga Cin\u00e9","url":"https:\/\/repliquemangacine.fr\/","logo":{"@type":"ImageObject","inLanguage":"de","@id":"https:\/\/repliquemangacine.fr\/#\/schema\/logo\/image\/","url":"https:\/\/repliquemangacine.fr\/wp-content\/uploads\/2023\/10\/RMC-500250.png","contentUrl":"https:\/\/repliquemangacine.fr\/wp-content\/uploads\/2023\/10\/RMC-500250.png","width":500,"height":250,"caption":"R\u00e9plique Manga Cin\u00e9"},"image":{"@id":"https:\/\/repliquemangacine.fr\/#\/schema\/logo\/image\/"},"sameAs":["https:\/\/www.facebook.com\/RepliqueMangaCine","https:\/\/www.instagram.com\/repliquemangacine.fr\/"]}]}},"_links":{"self":[{"href":"https:\/\/repliquemangacine.fr\/de\/wp-json\/wp\/v2\/product\/29254","targetHints":{"allow":["GET"]}}],"collection":[{"href":"https:\/\/repliquemangacine.fr\/de\/wp-json\/wp\/v2\/product"}],"about":[{"href":"https:\/\/repliquemangacine.fr\/de\/wp-json\/wp\/v2\/types\/product"}],"wp:featuredmedia":[{"embeddable":true,"href":"https:\/\/repliquemangacine.fr\/de\/wp-json\/wp\/v2\/media\/29255"}],"wp:attachment":[{"href":"https:\/\/repliquemangacine.fr\/de\/wp-json\/wp\/v2\/media?parent=29254"}],"wp:term":[{"taxonomy":"product_brand","embeddable":true,"href":"https:\/\/repliquemangacine.fr\/de\/wp-json\/wp\/v2\/product_brand?post=29254"},{"taxonomy":"product_cat","embeddable":true,"href":"https:\/\/repliquemangacine.fr\/de\/wp-json\/wp\/v2\/product_cat?post=29254"},{"taxonomy":"product_tag","embeddable":true,"href":"https:\/\/repliquemangacine.fr\/de\/wp-json\/wp\/v2\/product_tag?post=29254"}],"curies":[{"name":"wp","href":"https:\/\/api.w.org\/{rel}","templated":true}]}}