





{"id":29238,"date":"2020-12-30T14:42:23","date_gmt":"2020-12-30T13:42:23","guid":{"rendered":"https:\/\/repliquemangacine.fr\/?post_type=product&#038;p=29238"},"modified":"2025-12-21T22:15:06","modified_gmt":"2025-12-21T21:15:06","slug":"schwert-hexer-geralt-de-riv-the-witcher-saison-2","status":"publish","type":"product","link":"https:\/\/repliquemangacine.fr\/de\/epee-the-witcher\/epee-sorceleur-geralt-de-riv-the-witcher-saison-2\/","title":{"rendered":"Schwert Hexer Geralt de Riv The Witcher"},"content":{"rendered":"<h2>Schwert Hexer Geralt de Riv The Witcher.<\/h2>\n<p>Zu Beginn wird die<strong>Schwert Hexer Geralt de riv<\/strong> in The Witcher ist das Hauptschwert von Geralt in der zweiten Staffel der Netflix-Serie.<\/p>\n<p><a href=\"https:\/\/witcher-archive.fandom.com\/fr\/wiki\/The_Witcher_(s\u00e9rie)\" target=\"_blank\" rel=\"noopener noreferrer\">The Witcher<\/a>, eine von Lauren Schmidt Hissrich geschaffene Fernsehserie, die seit dem 20. Dezember 2019 auf Netflix ausgestrahlt wird. Basiert auf der Witcher-Serie von Andrzej Sapkowski, der selbst als kreativer Berater f\u00fcr die Serie fungieren wird.<\/p>\n<p>Der Hexer Geralt, ein mutierter Monsterj\u00e4ger, k\u00e4mpft um seinen Platz in einer Welt, in der sich die Menschen oft als b\u00f6sartiger erweisen als die Bestien.<\/p>\n<p>Am 25. September 2021 wurde die Serie um eine dritte Staffel verl\u00e4ngert. 2022 wird bekannt gegeben, dass Henry Cavill die Produktion von The Witcher nach dieser Staffel verl\u00e4sst und Liam Hemsworth ab der vierten Staffel wieder in die Rolle des Geralt de Riv schl\u00fcpfen wird.<\/p>\n<h2>Dein Geralt de Riv Sorcerer Schwert zum besten Preis<\/h2>\n<p>Wir bieten Ihnen alle Spr\u00fcche aus der Netlix-Serie The Witcher, aber auch aus dem Videospiel The Witcher3.<\/p>\n<p>Zun\u00e4chst einmal,<\/p>\n<ul>\n<li>L'<a href=\"https:\/\/repliquemangacine.fr\/de\/schwert-the-witcher\/twin-wolf-schwert-geralt-de-riv-the-witcher-3-mit-medaillon-als-geschenk\/\">Twin Wolf-Schwert<\/a> der zum T\u00f6ten von Monstern verwendet wird.<\/li>\n<li>Sowie das <a href=\"https:\/\/repliquemangacine.fr\/de\/schwert-the-witcher\/medaillon-the-witcher\/\">The Witcher-Medaillon<\/a> die Geralt tr\u00e4gt .<\/li>\n<li>Und viele andere, die es in unserem Online-Shop zu entdecken gibt!<\/li>\n<\/ul>\n<p>Deshalb gibt es hier tolle Geschenkideen f\u00fcr Fans von The Witcher<\/p>\n<p>Abschlie\u00dfend k\u00f6nnen Sie auch diesen <strong>Schwert Hexer Geralt de Riv<\/strong> The Witcher f\u00fcr Ihre Cosplay-Paraden oder Themenpartys. Aber vor allem ist dieses Schwert The Witcher, ein Sammler- und Dekorationsst\u00fcck<\/p>\n<p>R\u00e9plique Manga Cin\u00e9 ist ein franz\u00f6sisches Unternehmen<\/p>\n<h2>Wie pflegt man die Klinge seines The Witcher-Schwerts?<\/h2>\n<p>Sammlungs- und Dekorationsschwerter werden in vereinfachter Form hergestellt und zusammengebaut. Da sie zu Dekorationszwecken verwendet werden, fehlen ihnen die Sicherheitselemente, die ein japanisches Schwert f\u00fcr Trainingszwecke aufweisen muss.<\/p>\n<p>Allerdings ist Ihr <strong>Schwert Hexer Geralt de Riv<\/strong> zu einer Stahlklinge, die gepflegt werden muss, damit sie nicht mit der Zeit abgenutzt wird. Denn wenn du dein Katana ausstellst, werden deine Freunde neugierig sein, die Klinge zu sehen und sie zu ber\u00fchren. Hier ist Vorsicht geboten, denn Sie sollten wissen, dass die S\u00e4ure der Finger dem Stahl unabh\u00e4ngig von seiner Qualit\u00e4t sehr schadet.<\/p>\n<p>Wenn dies jedoch passiert, keine Panik, Sie brauchen nur ein Tuch, das mit etwas \u00d6l befeuchtet ist, und wischen die Fingerabdr\u00fccke ab. Wenn Sie dies tun, werden Sie Ihr Schwert sehr lange behalten.<\/p>","protected":false},"excerpt":{"rendered":"<p>Replik des Schwertes von Gerald de Riv in der Netflix-Serie The Witcher Staffel 2.<\/p>\n<ul>\n<li>Klinge aus 440er Stahl mit Hohlkehle und \u00c4tzung.<\/li>\n<li>Stahlgarde mit Verzierungen.<\/li>\n<li>Griff aus geformtem ABS.<\/li>\n<li>Verzierter Vollstahlknauf.<\/li>\n<li>Mit schwarzem Leder \u00fcberzogene Scheide.<\/li>\n<li>L\u00e4nge der Klinge: 81 cm - Gesamtl\u00e4nge: 119cm<\/li>\n<\/ul>\n<p>&nbsp;<\/p>","protected":false},"featured_media":29239,"template":"","meta":[],"product_brand":[896],"product_cat":[23,58],"product_tag":[],"class_list":{"0":"post-29238","1":"product","2":"type-product","3":"status-publish","4":"has-post-thumbnail","6":"product_brand-replique-manga-cine","7":"product_cat-repliques-manga-jeux-video","8":"product_cat-epee-the-witcher","10":"first","11":"instock","12":"taxable","13":"shipping-taxable","14":"purchasable","15":"product-type-simple"},"yoast_head":"<!-- This site is optimized with the Yoast SEO plugin v27.5 - https:\/\/yoast.com\/product\/yoast-seo-wordpress\/ -->\n<title>Ep\u00e9e Sorceleur Geralt de Riv - The Witcher - Vente en ligne | RMC<\/title>\n<meta name=\"description\" content=\"D\u00e9couvrez la nouvelle Ep\u00e9e Sorceleur Geralt de Riv dans The Witcher saison 2 au meilleur prix - Lame acier - Echelle 1\/1 - Longueur 119 cm - Envoi 24\/48h\" \/>\n<meta name=\"robots\" content=\"index, follow, max-snippet:-1, max-image-preview:large, max-video-preview:-1\" \/>\n<link rel=\"canonical\" href=\"https:\/\/repliquemangacine.fr\/de\/schwert-the-witcher\/schwert-hexer-geralt-de-riv-the-witcher-saison-2\/\" \/>\n<meta property=\"og:locale\" content=\"de_DE\" \/>\n<meta property=\"og:type\" content=\"article\" \/>\n<meta property=\"og:title\" content=\"Ep\u00e9e Sorceleur Geralt de Riv - The Witcher - Vente en ligne | RMC\" \/>\n<meta property=\"og:description\" content=\"D\u00e9couvrez la nouvelle Ep\u00e9e Sorceleur Geralt de Riv dans The Witcher saison 2 au meilleur prix - Lame acier - Echelle 1\/1 - Longueur 119 cm - Envoi 24\/48h\" \/>\n<meta property=\"og:url\" content=\"https:\/\/repliquemangacine.fr\/de\/schwert-the-witcher\/schwert-hexer-geralt-de-riv-the-witcher-saison-2\/\" \/>\n<meta property=\"og:site_name\" content=\"R\u00e9plique Manga Cin\u00e9\" \/>\n<meta property=\"article:publisher\" content=\"https:\/\/www.facebook.com\/RepliqueMangaCine\" \/>\n<meta property=\"article:modified_time\" content=\"2025-12-21T21:15:06+00:00\" \/>\n<meta property=\"og:image\" content=\"https:\/\/repliquemangacine.fr\/wp-content\/uploads\/2023\/10\/3918-epee-the-witchergarde.jpg\" \/>\n\t<meta property=\"og:image:width\" content=\"800\" \/>\n\t<meta property=\"og:image:height\" content=\"800\" \/>\n\t<meta property=\"og:image:type\" content=\"image\/jpeg\" \/>\n<meta name=\"twitter:card\" content=\"summary_large_image\" \/>\n<meta name=\"twitter:label1\" content=\"Gesch\u00e4tzte Lesezeit\" \/>\n\t<meta name=\"twitter:data1\" content=\"1\u00a0Minute\" \/>\n<script type=\"application\/ld+json\" class=\"yoast-schema-graph\">{\"@context\":\"https:\\\/\\\/schema.org\",\"@graph\":[{\"@type\":\"WebPage\",\"@id\":\"https:\\\/\\\/repliquemangacine.fr\\\/epee-the-witcher\\\/epee-sorceleur-geralt-de-riv-the-witcher-saison-2\\\/\",\"url\":\"https:\\\/\\\/repliquemangacine.fr\\\/epee-the-witcher\\\/epee-sorceleur-geralt-de-riv-the-witcher-saison-2\\\/\",\"name\":\"Ep\u00e9e Sorceleur Geralt de Riv - The Witcher - Vente en ligne | RMC\",\"isPartOf\":{\"@id\":\"https:\\\/\\\/repliquemangacine.fr\\\/#website\"},\"primaryImageOfPage\":{\"@id\":\"https:\\\/\\\/repliquemangacine.fr\\\/epee-the-witcher\\\/epee-sorceleur-geralt-de-riv-the-witcher-saison-2\\\/#primaryimage\"},\"image\":{\"@id\":\"https:\\\/\\\/repliquemangacine.fr\\\/epee-the-witcher\\\/epee-sorceleur-geralt-de-riv-the-witcher-saison-2\\\/#primaryimage\"},\"thumbnailUrl\":\"https:\\\/\\\/repliquemangacine.fr\\\/wp-content\\\/uploads\\\/2023\\\/10\\\/3918-epee-the-witchergarde.jpg\",\"datePublished\":\"2020-12-30T13:42:23+00:00\",\"dateModified\":\"2025-12-21T21:15:06+00:00\",\"description\":\"D\u00e9couvrez la nouvelle Ep\u00e9e Sorceleur Geralt de Riv dans The Witcher saison 2 au meilleur prix - Lame acier - Echelle 1\\\/1 - Longueur 119 cm - Envoi 24\\\/48h\",\"breadcrumb\":{\"@id\":\"https:\\\/\\\/repliquemangacine.fr\\\/epee-the-witcher\\\/epee-sorceleur-geralt-de-riv-the-witcher-saison-2\\\/#breadcrumb\"},\"inLanguage\":\"de\",\"potentialAction\":[{\"@type\":\"ReadAction\",\"target\":[\"https:\\\/\\\/repliquemangacine.fr\\\/epee-the-witcher\\\/epee-sorceleur-geralt-de-riv-the-witcher-saison-2\\\/\"]}]},{\"@type\":\"ImageObject\",\"inLanguage\":\"de\",\"@id\":\"https:\\\/\\\/repliquemangacine.fr\\\/epee-the-witcher\\\/epee-sorceleur-geralt-de-riv-the-witcher-saison-2\\\/#primaryimage\",\"url\":\"https:\\\/\\\/repliquemangacine.fr\\\/wp-content\\\/uploads\\\/2023\\\/10\\\/3918-epee-the-witchergarde.jpg\",\"contentUrl\":\"https:\\\/\\\/repliquemangacine.fr\\\/wp-content\\\/uploads\\\/2023\\\/10\\\/3918-epee-the-witchergarde.jpg\",\"width\":800,\"height\":800,\"caption\":\"Ep\u00e9e Sorceleur The Witcher s2\"},{\"@type\":\"BreadcrumbList\",\"@id\":\"https:\\\/\\\/repliquemangacine.fr\\\/epee-the-witcher\\\/epee-sorceleur-geralt-de-riv-the-witcher-saison-2\\\/#breadcrumb\",\"itemListElement\":[{\"@type\":\"ListItem\",\"position\":1,\"name\":\"Accueil\",\"item\":\"https:\\\/\\\/repliquemangacine.fr\\\/\"},{\"@type\":\"ListItem\",\"position\":2,\"name\":\"Produits\",\"item\":\"https:\\\/\\\/repliquemangacine.fr\\\/boutique\\\/\"},{\"@type\":\"ListItem\",\"position\":3,\"name\":\"Ep\u00e9e Sorceleur Geralt de Riv The Witcher\"}]},{\"@type\":\"WebSite\",\"@id\":\"https:\\\/\\\/repliquemangacine.fr\\\/#website\",\"url\":\"https:\\\/\\\/repliquemangacine.fr\\\/\",\"name\":\"R\u00e9plique Manga Cin\u00e9\",\"description\":\"\",\"publisher\":{\"@id\":\"https:\\\/\\\/repliquemangacine.fr\\\/#organization\"},\"potentialAction\":[{\"@type\":\"SearchAction\",\"target\":{\"@type\":\"EntryPoint\",\"urlTemplate\":\"https:\\\/\\\/repliquemangacine.fr\\\/?s={search_term_string}\"},\"query-input\":{\"@type\":\"PropertyValueSpecification\",\"valueRequired\":true,\"valueName\":\"search_term_string\"}}],\"inLanguage\":\"de\"},{\"@type\":\"Organization\",\"@id\":\"https:\\\/\\\/repliquemangacine.fr\\\/#organization\",\"name\":\"R\u00e9plique Manga Cin\u00e9\",\"url\":\"https:\\\/\\\/repliquemangacine.fr\\\/\",\"logo\":{\"@type\":\"ImageObject\",\"inLanguage\":\"de\",\"@id\":\"https:\\\/\\\/repliquemangacine.fr\\\/#\\\/schema\\\/logo\\\/image\\\/\",\"url\":\"https:\\\/\\\/repliquemangacine.fr\\\/wp-content\\\/uploads\\\/2023\\\/10\\\/RMC-500250.png\",\"contentUrl\":\"https:\\\/\\\/repliquemangacine.fr\\\/wp-content\\\/uploads\\\/2023\\\/10\\\/RMC-500250.png\",\"width\":500,\"height\":250,\"caption\":\"R\u00e9plique Manga Cin\u00e9\"},\"image\":{\"@id\":\"https:\\\/\\\/repliquemangacine.fr\\\/#\\\/schema\\\/logo\\\/image\\\/\"},\"sameAs\":[\"https:\\\/\\\/www.facebook.com\\\/RepliqueMangaCine\",\"https:\\\/\\\/www.instagram.com\\\/repliquemangacine.fr\\\/\"]}]}<\/script>\n<!-- \/ Yoast SEO plugin. -->","yoast_head_json":{"title":"Schwert Hexer Geralt de Riv - The Witcher - Online Verkauf | RMC","description":"Entdecken Sie das neue Schwert Hexer Geralt de Riv in The Witcher Saison 2 zum besten Preis - Stahlklinge - Ma\u00dfstab 1\/1 - L\u00e4nge 119 cm - Versand 24\/48h","robots":{"index":"index","follow":"follow","max-snippet":"max-snippet:-1","max-image-preview":"max-image-preview:large","max-video-preview":"max-video-preview:-1"},"canonical":"https:\/\/repliquemangacine.fr\/de\/schwert-the-witcher\/schwert-hexer-geralt-de-riv-the-witcher-saison-2\/","og_locale":"de_DE","og_type":"article","og_title":"Ep\u00e9e Sorceleur Geralt de Riv - The Witcher - Vente en ligne | RMC","og_description":"D\u00e9couvrez la nouvelle Ep\u00e9e Sorceleur Geralt de Riv dans The Witcher saison 2 au meilleur prix - Lame acier - Echelle 1\/1 - Longueur 119 cm - Envoi 24\/48h","og_url":"https:\/\/repliquemangacine.fr\/de\/schwert-the-witcher\/schwert-hexer-geralt-de-riv-the-witcher-saison-2\/","og_site_name":"R\u00e9plique Manga Cin\u00e9","article_publisher":"https:\/\/www.facebook.com\/RepliqueMangaCine","article_modified_time":"2025-12-21T21:15:06+00:00","og_image":[{"width":800,"height":800,"url":"https:\/\/repliquemangacine.fr\/wp-content\/uploads\/2023\/10\/3918-epee-the-witchergarde.jpg","type":"image\/jpeg"}],"twitter_card":"summary_large_image","twitter_misc":{"Gesch\u00e4tzte Lesezeit":"1\u00a0Minute"},"schema":{"@context":"https:\/\/schema.org","@graph":[{"@type":"WebPage","@id":"https:\/\/repliquemangacine.fr\/epee-the-witcher\/epee-sorceleur-geralt-de-riv-the-witcher-saison-2\/","url":"https:\/\/repliquemangacine.fr\/epee-the-witcher\/epee-sorceleur-geralt-de-riv-the-witcher-saison-2\/","name":"Schwert Hexer Geralt de Riv - The Witcher - Online Verkauf | RMC","isPartOf":{"@id":"https:\/\/repliquemangacine.fr\/#website"},"primaryImageOfPage":{"@id":"https:\/\/repliquemangacine.fr\/epee-the-witcher\/epee-sorceleur-geralt-de-riv-the-witcher-saison-2\/#primaryimage"},"image":{"@id":"https:\/\/repliquemangacine.fr\/epee-the-witcher\/epee-sorceleur-geralt-de-riv-the-witcher-saison-2\/#primaryimage"},"thumbnailUrl":"https:\/\/repliquemangacine.fr\/wp-content\/uploads\/2023\/10\/3918-epee-the-witchergarde.jpg","datePublished":"2020-12-30T13:42:23+00:00","dateModified":"2025-12-21T21:15:06+00:00","description":"Entdecken Sie das neue Schwert Hexer Geralt de Riv in The Witcher Saison 2 zum besten Preis - Stahlklinge - Ma\u00dfstab 1\/1 - L\u00e4nge 119 cm - Versand 24\/48h","breadcrumb":{"@id":"https:\/\/repliquemangacine.fr\/epee-the-witcher\/epee-sorceleur-geralt-de-riv-the-witcher-saison-2\/#breadcrumb"},"inLanguage":"de","potentialAction":[{"@type":"ReadAction","target":["https:\/\/repliquemangacine.fr\/epee-the-witcher\/epee-sorceleur-geralt-de-riv-the-witcher-saison-2\/"]}]},{"@type":"ImageObject","inLanguage":"de","@id":"https:\/\/repliquemangacine.fr\/epee-the-witcher\/epee-sorceleur-geralt-de-riv-the-witcher-saison-2\/#primaryimage","url":"https:\/\/repliquemangacine.fr\/wp-content\/uploads\/2023\/10\/3918-epee-the-witchergarde.jpg","contentUrl":"https:\/\/repliquemangacine.fr\/wp-content\/uploads\/2023\/10\/3918-epee-the-witchergarde.jpg","width":800,"height":800,"caption":"Ep\u00e9e Sorceleur The Witcher s2"},{"@type":"BreadcrumbList","@id":"https:\/\/repliquemangacine.fr\/epee-the-witcher\/epee-sorceleur-geralt-de-riv-the-witcher-saison-2\/#breadcrumb","itemListElement":[{"@type":"ListItem","position":1,"name":"Accueil","item":"https:\/\/repliquemangacine.fr\/"},{"@type":"ListItem","position":2,"name":"Produits","item":"https:\/\/repliquemangacine.fr\/boutique\/"},{"@type":"ListItem","position":3,"name":"Ep\u00e9e Sorceleur Geralt de Riv The Witcher"}]},{"@type":"WebSite","@id":"https:\/\/repliquemangacine.fr\/#website","url":"https:\/\/repliquemangacine.fr\/","name":"R\u00e9plique Manga Cin\u00e9","description":"","publisher":{"@id":"https:\/\/repliquemangacine.fr\/#organization"},"potentialAction":[{"@type":"SearchAction","target":{"@type":"EntryPoint","urlTemplate":"https:\/\/repliquemangacine.fr\/?s={search_term_string}"},"query-input":{"@type":"PropertyValueSpecification","valueRequired":true,"valueName":"search_term_string"}}],"inLanguage":"de"},{"@type":"Organization","@id":"https:\/\/repliquemangacine.fr\/#organization","name":"R\u00e9plique Manga Cin\u00e9","url":"https:\/\/repliquemangacine.fr\/","logo":{"@type":"ImageObject","inLanguage":"de","@id":"https:\/\/repliquemangacine.fr\/#\/schema\/logo\/image\/","url":"https:\/\/repliquemangacine.fr\/wp-content\/uploads\/2023\/10\/RMC-500250.png","contentUrl":"https:\/\/repliquemangacine.fr\/wp-content\/uploads\/2023\/10\/RMC-500250.png","width":500,"height":250,"caption":"R\u00e9plique Manga Cin\u00e9"},"image":{"@id":"https:\/\/repliquemangacine.fr\/#\/schema\/logo\/image\/"},"sameAs":["https:\/\/www.facebook.com\/RepliqueMangaCine","https:\/\/www.instagram.com\/repliquemangacine.fr\/"]}]}},"_links":{"self":[{"href":"https:\/\/repliquemangacine.fr\/de\/wp-json\/wp\/v2\/product\/29238","targetHints":{"allow":["GET"]}}],"collection":[{"href":"https:\/\/repliquemangacine.fr\/de\/wp-json\/wp\/v2\/product"}],"about":[{"href":"https:\/\/repliquemangacine.fr\/de\/wp-json\/wp\/v2\/types\/product"}],"wp:featuredmedia":[{"embeddable":true,"href":"https:\/\/repliquemangacine.fr\/de\/wp-json\/wp\/v2\/media\/29239"}],"wp:attachment":[{"href":"https:\/\/repliquemangacine.fr\/de\/wp-json\/wp\/v2\/media?parent=29238"}],"wp:term":[{"taxonomy":"product_brand","embeddable":true,"href":"https:\/\/repliquemangacine.fr\/de\/wp-json\/wp\/v2\/product_brand?post=29238"},{"taxonomy":"product_cat","embeddable":true,"href":"https:\/\/repliquemangacine.fr\/de\/wp-json\/wp\/v2\/product_cat?post=29238"},{"taxonomy":"product_tag","embeddable":true,"href":"https:\/\/repliquemangacine.fr\/de\/wp-json\/wp\/v2\/product_tag?post=29238"}],"curies":[{"name":"wp","href":"https:\/\/api.w.org\/{rel}","templated":true}]}}