





{"id":29232,"date":"2020-12-01T16:03:01","date_gmt":"2020-12-01T15:03:01","guid":{"rendered":"https:\/\/repliquemangacine.fr\/?post_type=product&#038;p=29232"},"modified":"2026-01-10T16:57:28","modified_gmt":"2026-01-10T15:57:28","slug":"ricks-axt-cold-steel","status":"publish","type":"product","link":"https:\/\/repliquemangacine.fr\/de\/haches-de-guerre-medievale-et-accessoire-medievaux\/hache-de-rick-cold-steel\/","title":{"rendered":"Rick Grimes Cold Steel Axt"},"content":{"rendered":"<h2>Rick Grimes Cold Steel Axt<\/h2>\n<p>Zun\u00e4chst einmal tauchte die Rick Grimes Cold Steel Axt ab Staffel 3 im Gef\u00e4ngnis der Kultserie The Walking Dead auf.<\/p>\n<p>Jahrelang hat Cold Steel\u00ae versucht, eine der verheerenden \u00c4xte im chinesischen Stil auf den Markt zu bringen, die mit so beeindruckender Wirkung in zahllosen Kung-Fu-Filmen verwendet wurden. Die Cold Steel\u00ae-Version, die Axe Gang\u00ae Hatchet, ist eine authentisch furchteinfl\u00f6\u00dfende Waffe und nicht nur ein Requisit f\u00fcr die Kamera.<\/p>\n<p>Mehrere Mitglieder des Cold Steel Teams arbeiten als Waffenberater, Stuntmen und Kampfchoreografen eng mit Hollywood zusammen.<\/p>\n<p>Die Axt ist ebenfalls eine sehr starke traditionelle Kurzwaffe, die in einigen chinesischen Kampfkunststilen paarweise eingesetzt wird, z. B. im <a href=\"https:\/\/www.mansuriakungfu.com\/history.php\" target=\"_blank\" rel=\"noopener noreferrer\">Mansuria Kung Fu<\/a>.<\/p>\n<h2>Ihre Rick Grimes Axt zum besten Preis.<\/h2>\n<p>Wir bieten Ihnen eine gro\u00dfe Auswahl an Reproduktionen von Waffen aus der TV-Serie The Walking Dead.<\/p>\n<p>Zun\u00e4chst einmal,<\/p>\n<ul>\n<li>Die Replik des <a href=\"https:\/\/repliquemangacine.fr\/de\/the-walking-dead\/colt-python-rick-grimes\/\">Pythonrevolver<\/a> die Rick Grimes' Hauptwaffe in der Fernsehserie \"The Walking Dead\" ist.<\/li>\n<li>Sowie das <a href=\"https:\/\/repliquemangacine.fr\/de\/the-walking-dead\/dolch-carol-walking-dead\/\">Dolch Schlagring<\/a> den Carole in der TWD-Serie verwendet Holzstielversion.<\/li>\n<li>Es gibt auch den <a href=\"https:\/\/repliquemangacine.fr\/de\/the-walking-dead\/michonnes-katana\/\">Michonnes Katana<\/a> in zwei Versionen scharf und nicht scharf.<\/li>\n<li>Und noch viel mehr gibt es in unserem Online-Shop zu entdecken!<\/li>\n<\/ul>\n<p>Deshalb ist dies eine gro\u00dfartige Geschenkidee f\u00fcr alle Liebhaber historischer Waffen.<\/p>\n<p>Abschlie\u00dfend k\u00f6nnen Sie diese <strong>Axt von Rick Grimes<\/strong> Cold Steel f\u00fcr Ihre Kampfkunstpraxis. Vor allem aber ist diese Waffe ein Sammler- und Dekorationsst\u00fcck.<\/p>\n<h2>Wie pflegt man die Klinge seiner Axt?<\/h2>\n<p>Sammlungs- und Dekorations\u00e4xte werden in vereinfachter Form hergestellt und zusammengebaut. Da sie zu Dekorationszwecken verwendet werden, fehlen ihnen die Sicherheitsmerkmale, die ein japanisches Schwert f\u00fcr Trainingszwecke aufweisen muss.<\/p>\n<p>Allerdings ist Ihr <strong>Axt von Rick Grimes<\/strong> zu einer Stahlklinge, die gepflegt werden muss, damit sie nicht mit der Zeit abgenutzt wird. Denn wenn du dein Katana ausstellst, werden deine Freunde neugierig sein, die Klinge zu sehen und sie zu ber\u00fchren. Hier ist Vorsicht geboten, denn Sie sollten wissen, dass die S\u00e4ure der Finger dem Stahl unabh\u00e4ngig von seiner Qualit\u00e4t sehr schadet.<\/p>\n<p>Wenn dies jedoch passiert, keine Panik, Sie brauchen nur ein Tuch, das mit etwas \u00d6l befeuchtet ist, und wischen die Fingerabdr\u00fccke ab. Wenn Sie dies tun, werden Sie Ihr Schwert sehr lange behalten.<\/p>","protected":false},"excerpt":{"rendered":"<p>Ricks Axt in The Walking Dead Version Cold Steel.<\/p>\n<ul>\n<li>Axt mit geschmiedetem Kopf aus 1055 kohlenstoffreichem Stahl.<\/li>\n<li>Mit einer differenziellen W\u00e4rmebehandlung.<\/li>\n<li>Griff aus amerikanischem Walnussholz mit den Kanji-Schriftzeichen, die f\u00fcr Axe Gang\u00ae stehen<\/li>\n<li>Gesamtl\u00e4nge: ca. 51,4 cm - Gewicht: 1 kg<\/li>\n<\/ul>","protected":false},"featured_media":29233,"template":"","meta":[],"product_brand":[896],"product_cat":[25,24,92,43,62],"product_tag":[],"class_list":{"0":"post-29232","1":"product","2":"type-product","3":"status-publish","4":"has-post-thumbnail","6":"product_brand-replique-manga-cine","7":"product_cat-armes-historiques","8":"product_cat-films-series-tv-vente-de-katana-epee-et-produits-derives","9":"product_cat-haches-de-guerre-medievale-et-accessoire-medievaux","10":"product_cat-reproductions-d-armes-et-accessoires-medievales","11":"product_cat-armes-the-walking-dead","13":"first","14":"outofstock","15":"sale","16":"taxable","17":"shipping-taxable","18":"purchasable","19":"product-type-simple"},"yoast_head":"<!-- This site is optimized with the Yoast SEO plugin v27.5 - https:\/\/yoast.com\/product\/yoast-seo-wordpress\/ -->\n<title>Hache de Rick Grimes - Cold Steel - R\u00e9plique Manga Cin\u00e9<\/title>\n<meta name=\"description\" content=\"Offrez-vous la Hache de Rick Grimes dans la s\u00e9rie The Walking Dead au meilleur prix. T\u00eate en acier forg\u00e9 1055 - Haute teneur en carbone. Bois Am\u00e9ricain.\" \/>\n<meta name=\"robots\" content=\"index, follow, max-snippet:-1, max-image-preview:large, max-video-preview:-1\" \/>\n<link rel=\"canonical\" href=\"https:\/\/repliquemangacine.fr\/de\/mittelalterliche-kriegsaxte-und-mittelalterliches-zubehor\/ricks-axt-cold-steel\/\" \/>\n<meta property=\"og:locale\" content=\"de_DE\" \/>\n<meta property=\"og:type\" content=\"article\" \/>\n<meta property=\"og:title\" content=\"Hache de Rick Grimes - Cold Steel - R\u00e9plique Manga Cin\u00e9\" \/>\n<meta property=\"og:description\" content=\"Offrez-vous la Hache de Rick Grimes dans la s\u00e9rie The Walking Dead au meilleur prix. T\u00eate en acier forg\u00e9 1055 - Haute teneur en carbone. Bois Am\u00e9ricain.\" \/>\n<meta property=\"og:url\" content=\"https:\/\/repliquemangacine.fr\/de\/mittelalterliche-kriegsaxte-und-mittelalterliches-zubehor\/ricks-axt-cold-steel\/\" \/>\n<meta property=\"og:site_name\" content=\"R\u00e9plique Manga Cin\u00e9\" \/>\n<meta property=\"article:publisher\" content=\"https:\/\/www.facebook.com\/RepliqueMangaCine\" \/>\n<meta property=\"article:modified_time\" content=\"2026-01-10T15:57:28+00:00\" \/>\n<meta property=\"og:image\" content=\"https:\/\/repliquemangacine.fr\/wp-content\/uploads\/2023\/10\/3913-Hache-de-Rick.jpg\" \/>\n\t<meta property=\"og:image:width\" content=\"800\" \/>\n\t<meta property=\"og:image:height\" content=\"800\" \/>\n\t<meta property=\"og:image:type\" content=\"image\/jpeg\" \/>\n<meta name=\"twitter:card\" content=\"summary_large_image\" \/>\n<meta name=\"twitter:label1\" content=\"Gesch\u00e4tzte Lesezeit\" \/>\n\t<meta name=\"twitter:data1\" content=\"1\u00a0Minute\" \/>\n<script type=\"application\/ld+json\" class=\"yoast-schema-graph\">{\"@context\":\"https:\\\/\\\/schema.org\",\"@graph\":[{\"@type\":\"WebPage\",\"@id\":\"https:\\\/\\\/repliquemangacine.fr\\\/haches-de-guerre-medievale-et-accessoire-medievaux\\\/hache-de-rick-cold-steel\\\/\",\"url\":\"https:\\\/\\\/repliquemangacine.fr\\\/haches-de-guerre-medievale-et-accessoire-medievaux\\\/hache-de-rick-cold-steel\\\/\",\"name\":\"Hache de Rick Grimes - Cold Steel - R\u00e9plique Manga Cin\u00e9\",\"isPartOf\":{\"@id\":\"https:\\\/\\\/repliquemangacine.fr\\\/#website\"},\"primaryImageOfPage\":{\"@id\":\"https:\\\/\\\/repliquemangacine.fr\\\/haches-de-guerre-medievale-et-accessoire-medievaux\\\/hache-de-rick-cold-steel\\\/#primaryimage\"},\"image\":{\"@id\":\"https:\\\/\\\/repliquemangacine.fr\\\/haches-de-guerre-medievale-et-accessoire-medievaux\\\/hache-de-rick-cold-steel\\\/#primaryimage\"},\"thumbnailUrl\":\"https:\\\/\\\/repliquemangacine.fr\\\/wp-content\\\/uploads\\\/2023\\\/10\\\/3913-Hache-de-Rick.jpg\",\"datePublished\":\"2020-12-01T15:03:01+00:00\",\"dateModified\":\"2026-01-10T15:57:28+00:00\",\"description\":\"Offrez-vous la Hache de Rick Grimes dans la s\u00e9rie The Walking Dead au meilleur prix. T\u00eate en acier forg\u00e9 1055 - Haute teneur en carbone. Bois Am\u00e9ricain.\",\"breadcrumb\":{\"@id\":\"https:\\\/\\\/repliquemangacine.fr\\\/haches-de-guerre-medievale-et-accessoire-medievaux\\\/hache-de-rick-cold-steel\\\/#breadcrumb\"},\"inLanguage\":\"de\",\"potentialAction\":[{\"@type\":\"ReadAction\",\"target\":[\"https:\\\/\\\/repliquemangacine.fr\\\/haches-de-guerre-medievale-et-accessoire-medievaux\\\/hache-de-rick-cold-steel\\\/\"]}]},{\"@type\":\"ImageObject\",\"inLanguage\":\"de\",\"@id\":\"https:\\\/\\\/repliquemangacine.fr\\\/haches-de-guerre-medievale-et-accessoire-medievaux\\\/hache-de-rick-cold-steel\\\/#primaryimage\",\"url\":\"https:\\\/\\\/repliquemangacine.fr\\\/wp-content\\\/uploads\\\/2023\\\/10\\\/3913-Hache-de-Rick.jpg\",\"contentUrl\":\"https:\\\/\\\/repliquemangacine.fr\\\/wp-content\\\/uploads\\\/2023\\\/10\\\/3913-Hache-de-Rick.jpg\",\"width\":800,\"height\":800,\"caption\":\"Hache de Rick\"},{\"@type\":\"BreadcrumbList\",\"@id\":\"https:\\\/\\\/repliquemangacine.fr\\\/haches-de-guerre-medievale-et-accessoire-medievaux\\\/hache-de-rick-cold-steel\\\/#breadcrumb\",\"itemListElement\":[{\"@type\":\"ListItem\",\"position\":1,\"name\":\"Accueil\",\"item\":\"https:\\\/\\\/repliquemangacine.fr\\\/\"},{\"@type\":\"ListItem\",\"position\":2,\"name\":\"Produits\",\"item\":\"https:\\\/\\\/repliquemangacine.fr\\\/boutique\\\/\"},{\"@type\":\"ListItem\",\"position\":3,\"name\":\"Hache de Rick Grimes Cold Steel\"}]},{\"@type\":\"WebSite\",\"@id\":\"https:\\\/\\\/repliquemangacine.fr\\\/#website\",\"url\":\"https:\\\/\\\/repliquemangacine.fr\\\/\",\"name\":\"R\u00e9plique Manga Cin\u00e9\",\"description\":\"\",\"publisher\":{\"@id\":\"https:\\\/\\\/repliquemangacine.fr\\\/#organization\"},\"potentialAction\":[{\"@type\":\"SearchAction\",\"target\":{\"@type\":\"EntryPoint\",\"urlTemplate\":\"https:\\\/\\\/repliquemangacine.fr\\\/?s={search_term_string}\"},\"query-input\":{\"@type\":\"PropertyValueSpecification\",\"valueRequired\":true,\"valueName\":\"search_term_string\"}}],\"inLanguage\":\"de\"},{\"@type\":\"Organization\",\"@id\":\"https:\\\/\\\/repliquemangacine.fr\\\/#organization\",\"name\":\"R\u00e9plique Manga Cin\u00e9\",\"url\":\"https:\\\/\\\/repliquemangacine.fr\\\/\",\"logo\":{\"@type\":\"ImageObject\",\"inLanguage\":\"de\",\"@id\":\"https:\\\/\\\/repliquemangacine.fr\\\/#\\\/schema\\\/logo\\\/image\\\/\",\"url\":\"https:\\\/\\\/repliquemangacine.fr\\\/wp-content\\\/uploads\\\/2023\\\/10\\\/RMC-500250.png\",\"contentUrl\":\"https:\\\/\\\/repliquemangacine.fr\\\/wp-content\\\/uploads\\\/2023\\\/10\\\/RMC-500250.png\",\"width\":500,\"height\":250,\"caption\":\"R\u00e9plique Manga Cin\u00e9\"},\"image\":{\"@id\":\"https:\\\/\\\/repliquemangacine.fr\\\/#\\\/schema\\\/logo\\\/image\\\/\"},\"sameAs\":[\"https:\\\/\\\/www.facebook.com\\\/RepliqueMangaCine\",\"https:\\\/\\\/www.instagram.com\\\/repliquemangacine.fr\\\/\"]}]}<\/script>\n<!-- \/ Yoast SEO plugin. -->","yoast_head_json":{"title":"Axt von Rick Grimes - Cold Steel - R\u00e9plique Manga Cin\u00e9","description":"G\u00f6nnen Sie sich die Axt von Rick Grimes aus der Serie The Walking Dead zum besten Preis. Kopf aus geschmiedetem Stahl 1055 - Hoher Kohlenstoffgehalt. Amerikanisches Holz.","robots":{"index":"index","follow":"follow","max-snippet":"max-snippet:-1","max-image-preview":"max-image-preview:large","max-video-preview":"max-video-preview:-1"},"canonical":"https:\/\/repliquemangacine.fr\/de\/mittelalterliche-kriegsaxte-und-mittelalterliches-zubehor\/ricks-axt-cold-steel\/","og_locale":"de_DE","og_type":"article","og_title":"Hache de Rick Grimes - Cold Steel - R\u00e9plique Manga Cin\u00e9","og_description":"Offrez-vous la Hache de Rick Grimes dans la s\u00e9rie The Walking Dead au meilleur prix. T\u00eate en acier forg\u00e9 1055 - Haute teneur en carbone. Bois Am\u00e9ricain.","og_url":"https:\/\/repliquemangacine.fr\/de\/mittelalterliche-kriegsaxte-und-mittelalterliches-zubehor\/ricks-axt-cold-steel\/","og_site_name":"R\u00e9plique Manga Cin\u00e9","article_publisher":"https:\/\/www.facebook.com\/RepliqueMangaCine","article_modified_time":"2026-01-10T15:57:28+00:00","og_image":[{"width":800,"height":800,"url":"https:\/\/repliquemangacine.fr\/wp-content\/uploads\/2023\/10\/3913-Hache-de-Rick.jpg","type":"image\/jpeg"}],"twitter_card":"summary_large_image","twitter_misc":{"Gesch\u00e4tzte Lesezeit":"1\u00a0Minute"},"schema":{"@context":"https:\/\/schema.org","@graph":[{"@type":"WebPage","@id":"https:\/\/repliquemangacine.fr\/haches-de-guerre-medievale-et-accessoire-medievaux\/hache-de-rick-cold-steel\/","url":"https:\/\/repliquemangacine.fr\/haches-de-guerre-medievale-et-accessoire-medievaux\/hache-de-rick-cold-steel\/","name":"Axt von Rick Grimes - Cold Steel - R\u00e9plique Manga Cin\u00e9","isPartOf":{"@id":"https:\/\/repliquemangacine.fr\/#website"},"primaryImageOfPage":{"@id":"https:\/\/repliquemangacine.fr\/haches-de-guerre-medievale-et-accessoire-medievaux\/hache-de-rick-cold-steel\/#primaryimage"},"image":{"@id":"https:\/\/repliquemangacine.fr\/haches-de-guerre-medievale-et-accessoire-medievaux\/hache-de-rick-cold-steel\/#primaryimage"},"thumbnailUrl":"https:\/\/repliquemangacine.fr\/wp-content\/uploads\/2023\/10\/3913-Hache-de-Rick.jpg","datePublished":"2020-12-01T15:03:01+00:00","dateModified":"2026-01-10T15:57:28+00:00","description":"G\u00f6nnen Sie sich die Axt von Rick Grimes aus der Serie The Walking Dead zum besten Preis. Kopf aus geschmiedetem Stahl 1055 - Hoher Kohlenstoffgehalt. Amerikanisches Holz.","breadcrumb":{"@id":"https:\/\/repliquemangacine.fr\/haches-de-guerre-medievale-et-accessoire-medievaux\/hache-de-rick-cold-steel\/#breadcrumb"},"inLanguage":"de","potentialAction":[{"@type":"ReadAction","target":["https:\/\/repliquemangacine.fr\/haches-de-guerre-medievale-et-accessoire-medievaux\/hache-de-rick-cold-steel\/"]}]},{"@type":"ImageObject","inLanguage":"de","@id":"https:\/\/repliquemangacine.fr\/haches-de-guerre-medievale-et-accessoire-medievaux\/hache-de-rick-cold-steel\/#primaryimage","url":"https:\/\/repliquemangacine.fr\/wp-content\/uploads\/2023\/10\/3913-Hache-de-Rick.jpg","contentUrl":"https:\/\/repliquemangacine.fr\/wp-content\/uploads\/2023\/10\/3913-Hache-de-Rick.jpg","width":800,"height":800,"caption":"Hache de Rick"},{"@type":"BreadcrumbList","@id":"https:\/\/repliquemangacine.fr\/haches-de-guerre-medievale-et-accessoire-medievaux\/hache-de-rick-cold-steel\/#breadcrumb","itemListElement":[{"@type":"ListItem","position":1,"name":"Accueil","item":"https:\/\/repliquemangacine.fr\/"},{"@type":"ListItem","position":2,"name":"Produits","item":"https:\/\/repliquemangacine.fr\/boutique\/"},{"@type":"ListItem","position":3,"name":"Hache de Rick Grimes Cold Steel"}]},{"@type":"WebSite","@id":"https:\/\/repliquemangacine.fr\/#website","url":"https:\/\/repliquemangacine.fr\/","name":"R\u00e9plique Manga Cin\u00e9","description":"","publisher":{"@id":"https:\/\/repliquemangacine.fr\/#organization"},"potentialAction":[{"@type":"SearchAction","target":{"@type":"EntryPoint","urlTemplate":"https:\/\/repliquemangacine.fr\/?s={search_term_string}"},"query-input":{"@type":"PropertyValueSpecification","valueRequired":true,"valueName":"search_term_string"}}],"inLanguage":"de"},{"@type":"Organization","@id":"https:\/\/repliquemangacine.fr\/#organization","name":"R\u00e9plique Manga Cin\u00e9","url":"https:\/\/repliquemangacine.fr\/","logo":{"@type":"ImageObject","inLanguage":"de","@id":"https:\/\/repliquemangacine.fr\/#\/schema\/logo\/image\/","url":"https:\/\/repliquemangacine.fr\/wp-content\/uploads\/2023\/10\/RMC-500250.png","contentUrl":"https:\/\/repliquemangacine.fr\/wp-content\/uploads\/2023\/10\/RMC-500250.png","width":500,"height":250,"caption":"R\u00e9plique Manga Cin\u00e9"},"image":{"@id":"https:\/\/repliquemangacine.fr\/#\/schema\/logo\/image\/"},"sameAs":["https:\/\/www.facebook.com\/RepliqueMangaCine","https:\/\/www.instagram.com\/repliquemangacine.fr\/"]}]}},"_links":{"self":[{"href":"https:\/\/repliquemangacine.fr\/de\/wp-json\/wp\/v2\/product\/29232","targetHints":{"allow":["GET"]}}],"collection":[{"href":"https:\/\/repliquemangacine.fr\/de\/wp-json\/wp\/v2\/product"}],"about":[{"href":"https:\/\/repliquemangacine.fr\/de\/wp-json\/wp\/v2\/types\/product"}],"wp:featuredmedia":[{"embeddable":true,"href":"https:\/\/repliquemangacine.fr\/de\/wp-json\/wp\/v2\/media\/29233"}],"wp:attachment":[{"href":"https:\/\/repliquemangacine.fr\/de\/wp-json\/wp\/v2\/media?parent=29232"}],"wp:term":[{"taxonomy":"product_brand","embeddable":true,"href":"https:\/\/repliquemangacine.fr\/de\/wp-json\/wp\/v2\/product_brand?post=29232"},{"taxonomy":"product_cat","embeddable":true,"href":"https:\/\/repliquemangacine.fr\/de\/wp-json\/wp\/v2\/product_cat?post=29232"},{"taxonomy":"product_tag","embeddable":true,"href":"https:\/\/repliquemangacine.fr\/de\/wp-json\/wp\/v2\/product_tag?post=29232"}],"curies":[{"name":"wp","href":"https:\/\/api.w.org\/{rel}","templated":true}]}}