





{"id":29222,"date":"2020-11-15T15:10:07","date_gmt":"2020-11-15T14:10:07","guid":{"rendered":"https:\/\/repliquemangacine.fr\/?post_type=product&#038;p=29222"},"modified":"2025-09-23T18:02:35","modified_gmt":"2025-09-23T16:02:35","slug":"dolch-zanpakuto-zangetsu-ichigo-bleach","status":"publish","type":"product","link":"https:\/\/repliquemangacine.fr\/de\/katana-bleach\/poignard-zanpakuto-zangetsu-ichigo-bleach\/","title":{"rendered":"Dolch Zangetsu Ichigo Bleach"},"content":{"rendered":"<h2>Ichigo Bleachs kurzer Zanpakuto Zangetsu-Dolch<\/h2>\n<p>Zun\u00e4chst einmal ist Ichigo Bleachs kurzes Zanpakuto Zangetsu sein befreites Zanpakuto. In Form von zwei Schwertern, von denen eines seine Hollow-Kr\u00e4fte durch das von Aizen erschaffene White und das andere seine Quincy-Kr\u00e4fte durch Yhwachs Geist repr\u00e4sentiert, h\u00e4lt er sie noch unter st\u00e4ndiger Freisetzung.<\/p>\n<p><a href=\"https:\/\/bleach.fandom.com\/fr\/wiki\/Ichigo_Kurosaki#Zanpakut\u014d\" target=\"_blank\" rel=\"noopener noreferrer\">Ichigo Kurosaki<\/a> ist ein Mensch, der die au\u00dfergew\u00f6hnliche F\u00e4higkeit besitzt, Geister zu unterscheiden. Sein Leben \u00e4ndert sich, als er Rukia Kuchiki kennenlernt, die ihm ihre Shinigami-Kr\u00e4fte verleiht, um ihre Familie vor einem Hollow zu retten. Er ist der Hauptprotagonist des Mangas Bleach.<\/p>\n<p>Ichigo ist ein sehr starker K\u00e4mpfer, schon in menschlicher Form, wo er ohne Probleme vier oder f\u00fcnf Schl\u00e4ger einsch\u00fcchtern kann, einer Person mit einem einzigen Faustschlag sieben Z\u00e4hne ausschl\u00e4gt oder sogar einen Arrancar mit einem Tritt zum Fliegen bringt.<\/p>\n<h2>Ihr Zanpakuto Zangetsu court d'Ichigo zum besten Preis<\/h2>\n<p>Wir bieten Ihnen eine gro\u00dfe Auswahl an Repliken Ihres Lieblings-Animationsmangas Bleach<\/p>\n<p>Zun\u00e4chst einmal,<\/p>\n<ul>\n<li>Die <a href=\"https:\/\/repliquemangacine.fr\/de\/katana-bleach\/katana-byakuya-senbonzakura-bleach\/\">Katana von Byakuya<\/a> Senbonzakura mit seiner Wei\u00dfen Scheide und seinem speziellen Schutz.<\/li>\n<li>Es gibt auch den <a href=\"https:\/\/repliquemangacine.fr\/de\/katana-bleach\/zangetsu-ichigo-bleach\/\">Ichigos Zanpakuto Zangetsu<\/a> dem letzten.<\/li>\n<li>Sowie die <a href=\"https:\/\/repliquemangacine.fr\/de\/katana-bleach\/canne-benihime-kisuke-urahara-bleach\/\">Schwertstock Benihime<\/a> von Kisuk\u00e9 Urahara .<\/li>\n<li>Und viele andere, die es in unserem Online-Shop zu entdecken gibt!<\/li>\n<\/ul>\n<p>Deshalb gibt es hier tolle Geschenkideen f\u00fcr alle Fans des Anime-Mangas Bleach.<\/p>\n<p>Zusammenfassend l\u00e4sst sich sagen, dass Sie den Dolch bestellen k\u00f6nnen. <strong>Zanpakuto Zangetsu Kurz von Ichigo<\/strong> f\u00fcr Ihre Cosplay-Paraden. Vor allem aber ist es ein Sammler- und Dekorationsst\u00fcck.<\/p>\n<h2>Wie pflegt man die Klinge seines Katanas aus Bleach?<\/h2>\n<p>Katanas f\u00fcr Sammlungen und Dekorationen werden auf vereinfachte Weise hergestellt und zusammengebaut. Da sie zu Dekorationszwecken verwendet werden, fehlen ihnen die Sicherheitsmerkmale, die ein japanisches Schwert f\u00fcr Trainingszwecke aufweisen muss.<\/p>\n<p>Allerdings ist Ihr <strong>Zanpakuto Zangetsu Kurz von Ichigo<\/strong> zu einer Stahlklinge, die gepflegt werden muss, damit sie nicht mit der Zeit abgenutzt wird. Denn wenn du dein Katana ausstellst, werden deine Freunde neugierig sein, die Klinge zu sehen und sie zu ber\u00fchren. Hier ist Vorsicht geboten, denn Sie sollten wissen, dass die S\u00e4ure der Finger dem Stahl unabh\u00e4ngig von seiner Qualit\u00e4t sehr schadet.<\/p>\n<p>Wenn dies jedoch passiert, keine Panik, Sie brauchen nur ein Tuch, das mit etwas \u00d6l befeuchtet ist, und wischen die Fingerabdr\u00fccke ab. Wenn Sie dies tun, werden Sie Ihr Schwert sehr lange behalten.<\/p>","protected":false},"excerpt":{"rendered":"<p>Letzte zanpakuto zangetsu Version Dolch, die von Ichigo in Bleach benutzt wurde.<\/p>\n<ul>\n<li>Vorgeschliffene, breite, nicht scharfe Klinge aus 440er Stahl.<\/li>\n<li>Griff mit schwarzem Baumwollgeflecht \u00fcberzogen.<\/li>\n<li>Scheide aus schwarzem gebranntem Kunstleder.<\/li>\n<li>L\u00e4nge der Klinge: 43cm - Gesamtl\u00e4nge: 59cm - Breite der Klinge: 8cm<\/li>\n<\/ul>\n<p><strong>\u00a0<\/strong><\/p>","protected":false},"featured_media":29223,"template":"","meta":[],"product_brand":[896],"product_cat":[30,23],"product_tag":[],"class_list":{"0":"post-29222","1":"product","2":"type-product","3":"status-publish","4":"has-post-thumbnail","6":"product_brand-replique-manga-cine","7":"product_cat-katana-bleach","8":"product_cat-repliques-manga-jeux-video","10":"first","11":"instock","12":"taxable","13":"shipping-taxable","14":"purchasable","15":"product-type-simple"},"yoast_head":"<!-- This site is optimized with the Yoast SEO plugin v27.5 - https:\/\/yoast.com\/product\/yoast-seo-wordpress\/ -->\n<title>Zanpakuto Zangetsu court Ichigo - Boutique en ligne | RMC<\/title>\n<meta name=\"description\" content=\"Commandez vite ! Le Zanpakuto Zangetsu court d&#039;Ichigo dans Bleach. Lame acier - Fourreau - Longueur totale : 59cm - Envoi 24\/48h\" \/>\n<meta name=\"robots\" content=\"index, follow, max-snippet:-1, max-image-preview:large, max-video-preview:-1\" \/>\n<link rel=\"canonical\" href=\"https:\/\/repliquemangacine.fr\/de\/katana-bleach\/dolch-zanpakuto-zangetsu-ichigo-bleach\/\" \/>\n<meta property=\"og:locale\" content=\"de_DE\" \/>\n<meta property=\"og:type\" content=\"article\" \/>\n<meta property=\"og:title\" content=\"Zanpakuto Zangetsu court Ichigo - Boutique en ligne | RMC\" \/>\n<meta property=\"og:description\" content=\"Commandez vite ! Le Zanpakuto Zangetsu court d&#039;Ichigo dans Bleach. Lame acier - Fourreau - Longueur totale : 59cm - Envoi 24\/48h\" \/>\n<meta property=\"og:url\" content=\"https:\/\/repliquemangacine.fr\/de\/katana-bleach\/dolch-zanpakuto-zangetsu-ichigo-bleach\/\" \/>\n<meta property=\"og:site_name\" content=\"R\u00e9plique Manga Cin\u00e9\" \/>\n<meta property=\"article:publisher\" content=\"https:\/\/www.facebook.com\/RepliqueMangaCine\" \/>\n<meta property=\"article:modified_time\" content=\"2025-09-23T16:02:35+00:00\" \/>\n<meta property=\"og:image\" content=\"https:\/\/repliquemangacine.fr\/wp-content\/uploads\/2023\/10\/3906-epee-poignard-ichigo.jpg\" \/>\n\t<meta property=\"og:image:width\" content=\"800\" \/>\n\t<meta property=\"og:image:height\" content=\"800\" \/>\n\t<meta property=\"og:image:type\" content=\"image\/jpeg\" \/>\n<meta name=\"twitter:card\" content=\"summary_large_image\" \/>\n<meta name=\"twitter:label1\" content=\"Gesch\u00e4tzte Lesezeit\" \/>\n\t<meta name=\"twitter:data1\" content=\"1\u00a0Minute\" \/>\n<script type=\"application\/ld+json\" class=\"yoast-schema-graph\">{\"@context\":\"https:\\\/\\\/schema.org\",\"@graph\":[{\"@type\":\"WebPage\",\"@id\":\"https:\\\/\\\/repliquemangacine.fr\\\/en\\\/katana-bleach\\\/zanpakuto-zangetsu-ichigo-bleach-dagger\\\/\",\"url\":\"https:\\\/\\\/repliquemangacine.fr\\\/en\\\/katana-bleach\\\/zanpakuto-zangetsu-ichigo-bleach-dagger\\\/\",\"name\":\"Zanpakuto Zangetsu court Ichigo - Boutique en ligne | RMC\",\"isPartOf\":{\"@id\":\"https:\\\/\\\/repliquemangacine.fr\\\/#website\"},\"primaryImageOfPage\":{\"@id\":\"https:\\\/\\\/repliquemangacine.fr\\\/en\\\/katana-bleach\\\/zanpakuto-zangetsu-ichigo-bleach-dagger\\\/#primaryimage\"},\"image\":{\"@id\":\"https:\\\/\\\/repliquemangacine.fr\\\/en\\\/katana-bleach\\\/zanpakuto-zangetsu-ichigo-bleach-dagger\\\/#primaryimage\"},\"thumbnailUrl\":\"https:\\\/\\\/repliquemangacine.fr\\\/wp-content\\\/uploads\\\/2023\\\/10\\\/3906-epee-poignard-ichigo.jpg\",\"datePublished\":\"2020-11-15T14:10:07+00:00\",\"dateModified\":\"2025-09-23T16:02:35+00:00\",\"description\":\"Commandez vite ! Le Zanpakuto Zangetsu court d'Ichigo dans Bleach. Lame acier - Fourreau - Longueur totale : 59cm - Envoi 24\\\/48h\",\"breadcrumb\":{\"@id\":\"https:\\\/\\\/repliquemangacine.fr\\\/en\\\/katana-bleach\\\/zanpakuto-zangetsu-ichigo-bleach-dagger\\\/#breadcrumb\"},\"inLanguage\":\"de\",\"potentialAction\":[{\"@type\":\"ReadAction\",\"target\":[\"https:\\\/\\\/repliquemangacine.fr\\\/en\\\/katana-bleach\\\/zanpakuto-zangetsu-ichigo-bleach-dagger\\\/\"]}]},{\"@type\":\"ImageObject\",\"inLanguage\":\"de\",\"@id\":\"https:\\\/\\\/repliquemangacine.fr\\\/en\\\/katana-bleach\\\/zanpakuto-zangetsu-ichigo-bleach-dagger\\\/#primaryimage\",\"url\":\"https:\\\/\\\/repliquemangacine.fr\\\/wp-content\\\/uploads\\\/2023\\\/10\\\/3906-epee-poignard-ichigo.jpg\",\"contentUrl\":\"https:\\\/\\\/repliquemangacine.fr\\\/wp-content\\\/uploads\\\/2023\\\/10\\\/3906-epee-poignard-ichigo.jpg\",\"width\":800,\"height\":800,\"caption\":\"Poignard Zangetsu Ichigo Bleach\"},{\"@type\":\"BreadcrumbList\",\"@id\":\"https:\\\/\\\/repliquemangacine.fr\\\/en\\\/katana-bleach\\\/zanpakuto-zangetsu-ichigo-bleach-dagger\\\/#breadcrumb\",\"itemListElement\":[{\"@type\":\"ListItem\",\"position\":1,\"name\":\"Accueil\",\"item\":\"https:\\\/\\\/repliquemangacine.fr\\\/\"},{\"@type\":\"ListItem\",\"position\":2,\"name\":\"Produits\",\"item\":\"https:\\\/\\\/repliquemangacine.fr\\\/boutique\\\/\"},{\"@type\":\"ListItem\",\"position\":3,\"name\":\"Poignard Zangetsu Ichigo Bleach\"}]},{\"@type\":\"WebSite\",\"@id\":\"https:\\\/\\\/repliquemangacine.fr\\\/#website\",\"url\":\"https:\\\/\\\/repliquemangacine.fr\\\/\",\"name\":\"R\u00e9plique Manga Cin\u00e9\",\"description\":\"\",\"publisher\":{\"@id\":\"https:\\\/\\\/repliquemangacine.fr\\\/#organization\"},\"potentialAction\":[{\"@type\":\"SearchAction\",\"target\":{\"@type\":\"EntryPoint\",\"urlTemplate\":\"https:\\\/\\\/repliquemangacine.fr\\\/?s={search_term_string}\"},\"query-input\":{\"@type\":\"PropertyValueSpecification\",\"valueRequired\":true,\"valueName\":\"search_term_string\"}}],\"inLanguage\":\"de\"},{\"@type\":\"Organization\",\"@id\":\"https:\\\/\\\/repliquemangacine.fr\\\/#organization\",\"name\":\"R\u00e9plique Manga Cin\u00e9\",\"url\":\"https:\\\/\\\/repliquemangacine.fr\\\/\",\"logo\":{\"@type\":\"ImageObject\",\"inLanguage\":\"de\",\"@id\":\"https:\\\/\\\/repliquemangacine.fr\\\/#\\\/schema\\\/logo\\\/image\\\/\",\"url\":\"https:\\\/\\\/repliquemangacine.fr\\\/wp-content\\\/uploads\\\/2023\\\/10\\\/RMC-500250.png\",\"contentUrl\":\"https:\\\/\\\/repliquemangacine.fr\\\/wp-content\\\/uploads\\\/2023\\\/10\\\/RMC-500250.png\",\"width\":500,\"height\":250,\"caption\":\"R\u00e9plique Manga Cin\u00e9\"},\"image\":{\"@id\":\"https:\\\/\\\/repliquemangacine.fr\\\/#\\\/schema\\\/logo\\\/image\\\/\"},\"sameAs\":[\"https:\\\/\\\/www.facebook.com\\\/RepliqueMangaCine\",\"https:\\\/\\\/www.instagram.com\\\/repliquemangacine.fr\\\/\"]}]}<\/script>\n<!-- \/ Yoast SEO plugin. -->","yoast_head_json":{"title":"Zanpakuto Zangetsu court Ichigo - Online-Shop | RMC","description":"Bestellen Sie schnell! Das kurze Zanpakuto Zangetsu von Ichigo in Bleach. Stahlklinge - Scheide - Gesamtl\u00e4nge: 59cm - Versand 24\/48h","robots":{"index":"index","follow":"follow","max-snippet":"max-snippet:-1","max-image-preview":"max-image-preview:large","max-video-preview":"max-video-preview:-1"},"canonical":"https:\/\/repliquemangacine.fr\/de\/katana-bleach\/dolch-zanpakuto-zangetsu-ichigo-bleach\/","og_locale":"de_DE","og_type":"article","og_title":"Zanpakuto Zangetsu court Ichigo - Boutique en ligne | RMC","og_description":"Commandez vite ! Le Zanpakuto Zangetsu court d'Ichigo dans Bleach. Lame acier - Fourreau - Longueur totale : 59cm - Envoi 24\/48h","og_url":"https:\/\/repliquemangacine.fr\/de\/katana-bleach\/dolch-zanpakuto-zangetsu-ichigo-bleach\/","og_site_name":"R\u00e9plique Manga Cin\u00e9","article_publisher":"https:\/\/www.facebook.com\/RepliqueMangaCine","article_modified_time":"2025-09-23T16:02:35+00:00","og_image":[{"width":800,"height":800,"url":"https:\/\/repliquemangacine.fr\/wp-content\/uploads\/2023\/10\/3906-epee-poignard-ichigo.jpg","type":"image\/jpeg"}],"twitter_card":"summary_large_image","twitter_misc":{"Gesch\u00e4tzte Lesezeit":"1\u00a0Minute"},"schema":{"@context":"https:\/\/schema.org","@graph":[{"@type":"WebPage","@id":"https:\/\/repliquemangacine.fr\/en\/katana-bleach\/zanpakuto-zangetsu-ichigo-bleach-dagger\/","url":"https:\/\/repliquemangacine.fr\/en\/katana-bleach\/zanpakuto-zangetsu-ichigo-bleach-dagger\/","name":"Zanpakuto Zangetsu court Ichigo - Online-Shop | RMC","isPartOf":{"@id":"https:\/\/repliquemangacine.fr\/#website"},"primaryImageOfPage":{"@id":"https:\/\/repliquemangacine.fr\/en\/katana-bleach\/zanpakuto-zangetsu-ichigo-bleach-dagger\/#primaryimage"},"image":{"@id":"https:\/\/repliquemangacine.fr\/en\/katana-bleach\/zanpakuto-zangetsu-ichigo-bleach-dagger\/#primaryimage"},"thumbnailUrl":"https:\/\/repliquemangacine.fr\/wp-content\/uploads\/2023\/10\/3906-epee-poignard-ichigo.jpg","datePublished":"2020-11-15T14:10:07+00:00","dateModified":"2025-09-23T16:02:35+00:00","description":"Bestellen Sie schnell! Das kurze Zanpakuto Zangetsu von Ichigo in Bleach. Stahlklinge - Scheide - Gesamtl\u00e4nge: 59cm - Versand 24\/48h","breadcrumb":{"@id":"https:\/\/repliquemangacine.fr\/en\/katana-bleach\/zanpakuto-zangetsu-ichigo-bleach-dagger\/#breadcrumb"},"inLanguage":"de","potentialAction":[{"@type":"ReadAction","target":["https:\/\/repliquemangacine.fr\/en\/katana-bleach\/zanpakuto-zangetsu-ichigo-bleach-dagger\/"]}]},{"@type":"ImageObject","inLanguage":"de","@id":"https:\/\/repliquemangacine.fr\/en\/katana-bleach\/zanpakuto-zangetsu-ichigo-bleach-dagger\/#primaryimage","url":"https:\/\/repliquemangacine.fr\/wp-content\/uploads\/2023\/10\/3906-epee-poignard-ichigo.jpg","contentUrl":"https:\/\/repliquemangacine.fr\/wp-content\/uploads\/2023\/10\/3906-epee-poignard-ichigo.jpg","width":800,"height":800,"caption":"Poignard Zangetsu Ichigo Bleach"},{"@type":"BreadcrumbList","@id":"https:\/\/repliquemangacine.fr\/en\/katana-bleach\/zanpakuto-zangetsu-ichigo-bleach-dagger\/#breadcrumb","itemListElement":[{"@type":"ListItem","position":1,"name":"Accueil","item":"https:\/\/repliquemangacine.fr\/"},{"@type":"ListItem","position":2,"name":"Produits","item":"https:\/\/repliquemangacine.fr\/boutique\/"},{"@type":"ListItem","position":3,"name":"Poignard Zangetsu Ichigo Bleach"}]},{"@type":"WebSite","@id":"https:\/\/repliquemangacine.fr\/#website","url":"https:\/\/repliquemangacine.fr\/","name":"R\u00e9plique Manga Cin\u00e9","description":"","publisher":{"@id":"https:\/\/repliquemangacine.fr\/#organization"},"potentialAction":[{"@type":"SearchAction","target":{"@type":"EntryPoint","urlTemplate":"https:\/\/repliquemangacine.fr\/?s={search_term_string}"},"query-input":{"@type":"PropertyValueSpecification","valueRequired":true,"valueName":"search_term_string"}}],"inLanguage":"de"},{"@type":"Organization","@id":"https:\/\/repliquemangacine.fr\/#organization","name":"R\u00e9plique Manga Cin\u00e9","url":"https:\/\/repliquemangacine.fr\/","logo":{"@type":"ImageObject","inLanguage":"de","@id":"https:\/\/repliquemangacine.fr\/#\/schema\/logo\/image\/","url":"https:\/\/repliquemangacine.fr\/wp-content\/uploads\/2023\/10\/RMC-500250.png","contentUrl":"https:\/\/repliquemangacine.fr\/wp-content\/uploads\/2023\/10\/RMC-500250.png","width":500,"height":250,"caption":"R\u00e9plique Manga Cin\u00e9"},"image":{"@id":"https:\/\/repliquemangacine.fr\/#\/schema\/logo\/image\/"},"sameAs":["https:\/\/www.facebook.com\/RepliqueMangaCine","https:\/\/www.instagram.com\/repliquemangacine.fr\/"]}]}},"_links":{"self":[{"href":"https:\/\/repliquemangacine.fr\/de\/wp-json\/wp\/v2\/product\/29222","targetHints":{"allow":["GET"]}}],"collection":[{"href":"https:\/\/repliquemangacine.fr\/de\/wp-json\/wp\/v2\/product"}],"about":[{"href":"https:\/\/repliquemangacine.fr\/de\/wp-json\/wp\/v2\/types\/product"}],"wp:featuredmedia":[{"embeddable":true,"href":"https:\/\/repliquemangacine.fr\/de\/wp-json\/wp\/v2\/media\/29223"}],"wp:attachment":[{"href":"https:\/\/repliquemangacine.fr\/de\/wp-json\/wp\/v2\/media?parent=29222"}],"wp:term":[{"taxonomy":"product_brand","embeddable":true,"href":"https:\/\/repliquemangacine.fr\/de\/wp-json\/wp\/v2\/product_brand?post=29222"},{"taxonomy":"product_cat","embeddable":true,"href":"https:\/\/repliquemangacine.fr\/de\/wp-json\/wp\/v2\/product_cat?post=29222"},{"taxonomy":"product_tag","embeddable":true,"href":"https:\/\/repliquemangacine.fr\/de\/wp-json\/wp\/v2\/product_tag?post=29222"}],"curies":[{"name":"wp","href":"https:\/\/api.w.org\/{rel}","templated":true}]}}