





{"id":29217,"date":"2020-11-15T14:36:07","date_gmt":"2020-11-15T13:36:07","guid":{"rendered":"https:\/\/repliquemangacine.fr\/?post_type=product&#038;p=29217"},"modified":"2026-04-14T12:13:37","modified_gmt":"2026-04-14T10:13:37","slug":"zangetsu-ichigo-bleach-epee-zanpakuto-ichigo","status":"publish","type":"product","link":"https:\/\/repliquemangacine.fr\/de\/katana-bleach\/zangetsu-ichigo-bleach-epee-zanpakuto-ichigo\/","title":{"rendered":"Zangetsu Ichigo Bleach"},"content":{"rendered":"<h2>Zanpakuto Zangetsu Schwert von Ichigo in Bleach<\/h2>\n<p>Zu Beginn wird der <strong>Zanpakuto Zangetsu Schwert Ichigo<\/strong> Bleach ist sein befreites Shikai. Das eine repr\u00e4sentiert seine Hollow-Kr\u00e4fte durch Aizens White und das andere seine Quincy-Kr\u00e4fte aus Yhwachs Geist.<\/p>\n<p><a href=\"https:\/\/bleach.fandom.com\/fr\/wiki\/Ichigo_Kurosaki#Zanpakut\u014d\" target=\"_blank\" rel=\"noopener noreferrer\">Ichigo Kurosaki<\/a> ist ein Mensch, der die au\u00dfergew\u00f6hnliche F\u00e4higkeit besitzt, Geister zu unterscheiden. Sein Leben \u00e4ndert sich, als er Rukia Kuchiki kennenlernt, die ihm ihre Shinigami-Kr\u00e4fte verleiht, um ihre Familie vor einem Hollow zu retten. Er ist der Hauptprotagonist des Mangas Bleach.<\/p>\n<p>Ichigo ist ein sehr starker K\u00e4mpfer, schon in menschlicher Form, wo er ohne Probleme vier oder f\u00fcnf Schl\u00e4ger einsch\u00fcchtern kann, einer Person mit einem einzigen Faustschlag sieben Z\u00e4hne ausschl\u00e4gt oder sogar einen Arrancar mit einem Tritt zum Fliegen bringt.<\/p>\n<h2>Ihr Zanpakuto Zangetsu Schwert von Ichigo zum besten Preis.<\/h2>\n<p>Wir bieten Ihnen eine gro\u00dfe Auswahl an Repliken Ihres Lieblings-Animationsmangas Bleach<\/p>\n<p>Zun\u00e4chst einmal,<\/p>\n<ul>\n<li>Die <a href=\"https:\/\/repliquemangacine.fr\/de\/katana-bleach\/zanpakuto-shirayuki-shikai-rukia-kuchiki\/\">Rukias Katana<\/a> der als der sch\u00f6nste Zanpakut\u00f4 gilt, den es in der Soul Society gibt.<\/li>\n<li>Es gibt auch den <a href=\"https:\/\/repliquemangacine.fr\/de\/katana-bleach\/zanpakuto-hyorinmaru-hitsugaya-toshiro\/\">Zanpakuto Hyorinmaru<\/a> von Toshiro Hitsugaya, dem j\u00fcngsten Kapit\u00e4n der Gotei 13.<\/li>\n<li>Sowie das <a href=\"https:\/\/repliquemangacine.fr\/de\/katana-bleach\/epee-poignard-ichigo\/\">Ichigos Zangetsu-Dolch<\/a>.<\/li>\n<li>Und viele andere, die es in unserem Online-Shop zu entdecken gibt!<\/li>\n<\/ul>\n<p>Deshalb gibt es hier tolle Geschenkideen f\u00fcr alle Fans des Anime-Mangas Bleach.<\/p>\n<p>Abschlie\u00dfend k\u00f6nnen Sie den<strong> Zanpakuto Zangetsu Schwert von Ichigo<\/strong> f\u00fcr Ihre Cosplay-Paraden und erweitern Sie Ihre Sammlung. Vor allem aber ist dieser Shikai ein Sammlerst\u00fcck und dient der Dekoration. Verkauf an Minderj\u00e4hrige verboten.<\/p>\n<h2>Wie pflegt man die Klinge seines Katanas aus Bleach?<\/h2>\n<p>Katanas f\u00fcr Sammlungen und Dekorationen werden auf vereinfachte Weise hergestellt und zusammengebaut. Da sie zu Dekorationszwecken verwendet werden, fehlen ihnen die Sicherheitsmerkmale, die ein japanisches Schwert f\u00fcr Trainingszwecke aufweisen muss.<\/p>\n<p>Allerdings ist Ihr <strong>Zanpakuto Zangetsu Schwert von Ichigo<\/strong> zu einer Stahlklinge, die gepflegt werden muss, damit sie nicht mit der Zeit abgenutzt wird. Denn wenn du dein Katana ausstellst, werden deine Freunde neugierig sein, die Klinge zu sehen und sie zu ber\u00fchren. Hier ist Vorsicht geboten, denn Sie sollten wissen, dass die S\u00e4ure der Finger dem Stahl unabh\u00e4ngig von seiner Qualit\u00e4t sehr schadet.<\/p>\n<p>Wenn dies jedoch passiert, keine Panik, Sie brauchen nur ein Tuch, das mit etwas \u00d6l befeuchtet ist, und wischen die Fingerabdr\u00fccke ab. Wenn Sie dies tun, werden Sie Ihr Schwert sehr lange behalten.<\/p>","protected":false},"excerpt":{"rendered":"<p>Das letzte Shikai Zangetsu, das Ichigo in Bleach verwendet hat.<\/p>\n<ul>\n<li>Breite, in der Mitte durchbrochene Klinge.<\/li>\n<li>Vorgesch\u00e4rft nicht-scharf aus 440er Stahl.<\/li>\n<li>Griff mit schwarzem Baumwollgeflecht \u00fcberzogen.<\/li>\n<li>Scheide aus Kunstleder.<\/li>\n<li>L\u00e4nge der Klinge: 71cm - Gesamtl\u00e4nge: 103cm - Breite der Klinge: 8,5cm<\/li>\n<\/ul>","protected":false},"featured_media":29218,"template":"","meta":[],"product_brand":[896],"product_cat":[30,23],"product_tag":[],"class_list":{"0":"post-29217","1":"product","2":"type-product","3":"status-publish","4":"has-post-thumbnail","6":"product_brand-replique-manga-cine","7":"product_cat-katana-bleach","8":"product_cat-repliques-manga-jeux-video","10":"first","11":"instock","12":"taxable","13":"shipping-taxable","14":"purchasable","15":"product-type-simple"},"yoast_head":"<!-- This site is optimized with the Yoast SEO plugin v27.5 - https:\/\/yoast.com\/product\/yoast-seo-wordpress\/ -->\n<title>Zanpakuto Zangetsu Ep\u00e9e Ichigo - Boutique en ligne | RMC<\/title>\n<meta name=\"description\" content=\"Commandez vite ! Cette r\u00e9plique du Zanpakuto Zangetsu Ep\u00e9e d&#039;Ichigo au meilleur prix. Lame large en acier - Longueur totale : 103 cm - Envoi 24\/48h\" \/>\n<meta name=\"robots\" content=\"index, follow, max-snippet:-1, max-image-preview:large, max-video-preview:-1\" \/>\n<link rel=\"canonical\" href=\"https:\/\/repliquemangacine.fr\/de\/katana-bleach\/zangetsu-ichigo-bleach-epee-zanpakuto-ichigo\/\" \/>\n<meta property=\"og:locale\" content=\"de_DE\" \/>\n<meta property=\"og:type\" content=\"article\" \/>\n<meta property=\"og:title\" content=\"Zanpakuto Zangetsu Ep\u00e9e Ichigo - Boutique en ligne | RMC\" \/>\n<meta property=\"og:description\" content=\"Commandez vite ! Cette r\u00e9plique du Zanpakuto Zangetsu Ep\u00e9e d&#039;Ichigo au meilleur prix. Lame large en acier - Longueur totale : 103 cm - Envoi 24\/48h\" \/>\n<meta property=\"og:url\" content=\"https:\/\/repliquemangacine.fr\/de\/katana-bleach\/zangetsu-ichigo-bleach-epee-zanpakuto-ichigo\/\" \/>\n<meta property=\"og:site_name\" content=\"R\u00e9plique Manga Cin\u00e9\" \/>\n<meta property=\"article:publisher\" content=\"https:\/\/www.facebook.com\/RepliqueMangaCine\" \/>\n<meta property=\"article:modified_time\" content=\"2026-04-14T10:13:37+00:00\" \/>\n<meta property=\"og:image\" content=\"https:\/\/repliquemangacine.fr\/wp-content\/uploads\/2023\/10\/3902-epee-Ichigo.jpg\" \/>\n\t<meta property=\"og:image:width\" content=\"800\" \/>\n\t<meta property=\"og:image:height\" content=\"800\" \/>\n\t<meta property=\"og:image:type\" content=\"image\/jpeg\" \/>\n<meta name=\"twitter:card\" content=\"summary_large_image\" \/>\n<meta name=\"twitter:label1\" content=\"Gesch\u00e4tzte Lesezeit\" \/>\n\t<meta name=\"twitter:data1\" content=\"1\u00a0Minute\" \/>\n<script type=\"application\/ld+json\" class=\"yoast-schema-graph\">{\"@context\":\"https:\\\/\\\/schema.org\",\"@graph\":[{\"@type\":\"WebPage\",\"@id\":\"https:\\\/\\\/repliquemangacine.fr\\\/katana-bleach\\\/zangetsu-ichigo-bleach-epee-zanpakuto-ichigo\\\/\",\"url\":\"https:\\\/\\\/repliquemangacine.fr\\\/katana-bleach\\\/zangetsu-ichigo-bleach-epee-zanpakuto-ichigo\\\/\",\"name\":\"Zanpakuto Zangetsu Ep\u00e9e Ichigo - Boutique en ligne | RMC\",\"isPartOf\":{\"@id\":\"https:\\\/\\\/repliquemangacine.fr\\\/#website\"},\"primaryImageOfPage\":{\"@id\":\"https:\\\/\\\/repliquemangacine.fr\\\/katana-bleach\\\/zangetsu-ichigo-bleach-epee-zanpakuto-ichigo\\\/#primaryimage\"},\"image\":{\"@id\":\"https:\\\/\\\/repliquemangacine.fr\\\/katana-bleach\\\/zangetsu-ichigo-bleach-epee-zanpakuto-ichigo\\\/#primaryimage\"},\"thumbnailUrl\":\"https:\\\/\\\/repliquemangacine.fr\\\/wp-content\\\/uploads\\\/2023\\\/10\\\/3902-epee-Ichigo.jpg\",\"datePublished\":\"2020-11-15T13:36:07+00:00\",\"dateModified\":\"2026-04-14T10:13:37+00:00\",\"description\":\"Commandez vite ! Cette r\u00e9plique du Zanpakuto Zangetsu Ep\u00e9e d'Ichigo au meilleur prix. Lame large en acier - Longueur totale : 103 cm - Envoi 24\\\/48h\",\"breadcrumb\":{\"@id\":\"https:\\\/\\\/repliquemangacine.fr\\\/katana-bleach\\\/zangetsu-ichigo-bleach-epee-zanpakuto-ichigo\\\/#breadcrumb\"},\"inLanguage\":\"de\",\"potentialAction\":[{\"@type\":\"ReadAction\",\"target\":[\"https:\\\/\\\/repliquemangacine.fr\\\/katana-bleach\\\/zangetsu-ichigo-bleach-epee-zanpakuto-ichigo\\\/\"]}]},{\"@type\":\"ImageObject\",\"inLanguage\":\"de\",\"@id\":\"https:\\\/\\\/repliquemangacine.fr\\\/katana-bleach\\\/zangetsu-ichigo-bleach-epee-zanpakuto-ichigo\\\/#primaryimage\",\"url\":\"https:\\\/\\\/repliquemangacine.fr\\\/wp-content\\\/uploads\\\/2023\\\/10\\\/3902-epee-Ichigo.jpg\",\"contentUrl\":\"https:\\\/\\\/repliquemangacine.fr\\\/wp-content\\\/uploads\\\/2023\\\/10\\\/3902-epee-Ichigo.jpg\",\"width\":800,\"height\":800,\"caption\":\"Zangetsu Ichigo Bleach Zanpakuto\"},{\"@type\":\"BreadcrumbList\",\"@id\":\"https:\\\/\\\/repliquemangacine.fr\\\/katana-bleach\\\/zangetsu-ichigo-bleach-epee-zanpakuto-ichigo\\\/#breadcrumb\",\"itemListElement\":[{\"@type\":\"ListItem\",\"position\":1,\"name\":\"Accueil\",\"item\":\"https:\\\/\\\/repliquemangacine.fr\\\/\"},{\"@type\":\"ListItem\",\"position\":2,\"name\":\"Produits\",\"item\":\"https:\\\/\\\/repliquemangacine.fr\\\/boutique\\\/\"},{\"@type\":\"ListItem\",\"position\":3,\"name\":\"Zangetsu Ichigo Bleach\"}]},{\"@type\":\"WebSite\",\"@id\":\"https:\\\/\\\/repliquemangacine.fr\\\/#website\",\"url\":\"https:\\\/\\\/repliquemangacine.fr\\\/\",\"name\":\"R\u00e9plique Manga Cin\u00e9\",\"description\":\"\",\"publisher\":{\"@id\":\"https:\\\/\\\/repliquemangacine.fr\\\/#organization\"},\"potentialAction\":[{\"@type\":\"SearchAction\",\"target\":{\"@type\":\"EntryPoint\",\"urlTemplate\":\"https:\\\/\\\/repliquemangacine.fr\\\/?s={search_term_string}\"},\"query-input\":{\"@type\":\"PropertyValueSpecification\",\"valueRequired\":true,\"valueName\":\"search_term_string\"}}],\"inLanguage\":\"de\"},{\"@type\":\"Organization\",\"@id\":\"https:\\\/\\\/repliquemangacine.fr\\\/#organization\",\"name\":\"R\u00e9plique Manga Cin\u00e9\",\"url\":\"https:\\\/\\\/repliquemangacine.fr\\\/\",\"logo\":{\"@type\":\"ImageObject\",\"inLanguage\":\"de\",\"@id\":\"https:\\\/\\\/repliquemangacine.fr\\\/#\\\/schema\\\/logo\\\/image\\\/\",\"url\":\"https:\\\/\\\/repliquemangacine.fr\\\/wp-content\\\/uploads\\\/2023\\\/10\\\/RMC-500250.png\",\"contentUrl\":\"https:\\\/\\\/repliquemangacine.fr\\\/wp-content\\\/uploads\\\/2023\\\/10\\\/RMC-500250.png\",\"width\":500,\"height\":250,\"caption\":\"R\u00e9plique Manga Cin\u00e9\"},\"image\":{\"@id\":\"https:\\\/\\\/repliquemangacine.fr\\\/#\\\/schema\\\/logo\\\/image\\\/\"},\"sameAs\":[\"https:\\\/\\\/www.facebook.com\\\/RepliqueMangaCine\",\"https:\\\/\\\/www.instagram.com\\\/repliquemangacine.fr\\\/\"]}]}<\/script>\n<!-- \/ Yoast SEO plugin. -->","yoast_head_json":{"title":"Zanpakuto Zangetsu Schwert Ichigo - Online Shop | RMC","description":"Bestellen Sie schnell! Diese Replik des Zanpakuto Zangetsu Schwert von Ichigo zum besten Preis. Breite Klinge aus Stahl - Gesamtl\u00e4nge: 103 cm - Versand 24\/48h","robots":{"index":"index","follow":"follow","max-snippet":"max-snippet:-1","max-image-preview":"max-image-preview:large","max-video-preview":"max-video-preview:-1"},"canonical":"https:\/\/repliquemangacine.fr\/de\/katana-bleach\/zangetsu-ichigo-bleach-epee-zanpakuto-ichigo\/","og_locale":"de_DE","og_type":"article","og_title":"Zanpakuto Zangetsu Ep\u00e9e Ichigo - Boutique en ligne | RMC","og_description":"Commandez vite ! Cette r\u00e9plique du Zanpakuto Zangetsu Ep\u00e9e d'Ichigo au meilleur prix. Lame large en acier - Longueur totale : 103 cm - Envoi 24\/48h","og_url":"https:\/\/repliquemangacine.fr\/de\/katana-bleach\/zangetsu-ichigo-bleach-epee-zanpakuto-ichigo\/","og_site_name":"R\u00e9plique Manga Cin\u00e9","article_publisher":"https:\/\/www.facebook.com\/RepliqueMangaCine","article_modified_time":"2026-04-14T10:13:37+00:00","og_image":[{"width":800,"height":800,"url":"https:\/\/repliquemangacine.fr\/wp-content\/uploads\/2023\/10\/3902-epee-Ichigo.jpg","type":"image\/jpeg"}],"twitter_card":"summary_large_image","twitter_misc":{"Gesch\u00e4tzte Lesezeit":"1\u00a0Minute"},"schema":{"@context":"https:\/\/schema.org","@graph":[{"@type":"WebPage","@id":"https:\/\/repliquemangacine.fr\/katana-bleach\/zangetsu-ichigo-bleach-epee-zanpakuto-ichigo\/","url":"https:\/\/repliquemangacine.fr\/katana-bleach\/zangetsu-ichigo-bleach-epee-zanpakuto-ichigo\/","name":"Zanpakuto Zangetsu Schwert Ichigo - Online Shop | RMC","isPartOf":{"@id":"https:\/\/repliquemangacine.fr\/#website"},"primaryImageOfPage":{"@id":"https:\/\/repliquemangacine.fr\/katana-bleach\/zangetsu-ichigo-bleach-epee-zanpakuto-ichigo\/#primaryimage"},"image":{"@id":"https:\/\/repliquemangacine.fr\/katana-bleach\/zangetsu-ichigo-bleach-epee-zanpakuto-ichigo\/#primaryimage"},"thumbnailUrl":"https:\/\/repliquemangacine.fr\/wp-content\/uploads\/2023\/10\/3902-epee-Ichigo.jpg","datePublished":"2020-11-15T13:36:07+00:00","dateModified":"2026-04-14T10:13:37+00:00","description":"Bestellen Sie schnell! Diese Replik des Zanpakuto Zangetsu Schwert von Ichigo zum besten Preis. Breite Klinge aus Stahl - Gesamtl\u00e4nge: 103 cm - Versand 24\/48h","breadcrumb":{"@id":"https:\/\/repliquemangacine.fr\/katana-bleach\/zangetsu-ichigo-bleach-epee-zanpakuto-ichigo\/#breadcrumb"},"inLanguage":"de","potentialAction":[{"@type":"ReadAction","target":["https:\/\/repliquemangacine.fr\/katana-bleach\/zangetsu-ichigo-bleach-epee-zanpakuto-ichigo\/"]}]},{"@type":"ImageObject","inLanguage":"de","@id":"https:\/\/repliquemangacine.fr\/katana-bleach\/zangetsu-ichigo-bleach-epee-zanpakuto-ichigo\/#primaryimage","url":"https:\/\/repliquemangacine.fr\/wp-content\/uploads\/2023\/10\/3902-epee-Ichigo.jpg","contentUrl":"https:\/\/repliquemangacine.fr\/wp-content\/uploads\/2023\/10\/3902-epee-Ichigo.jpg","width":800,"height":800,"caption":"Zangetsu Ichigo Bleach Zanpakuto"},{"@type":"BreadcrumbList","@id":"https:\/\/repliquemangacine.fr\/katana-bleach\/zangetsu-ichigo-bleach-epee-zanpakuto-ichigo\/#breadcrumb","itemListElement":[{"@type":"ListItem","position":1,"name":"Accueil","item":"https:\/\/repliquemangacine.fr\/"},{"@type":"ListItem","position":2,"name":"Produits","item":"https:\/\/repliquemangacine.fr\/boutique\/"},{"@type":"ListItem","position":3,"name":"Zangetsu Ichigo Bleach"}]},{"@type":"WebSite","@id":"https:\/\/repliquemangacine.fr\/#website","url":"https:\/\/repliquemangacine.fr\/","name":"R\u00e9plique Manga Cin\u00e9","description":"","publisher":{"@id":"https:\/\/repliquemangacine.fr\/#organization"},"potentialAction":[{"@type":"SearchAction","target":{"@type":"EntryPoint","urlTemplate":"https:\/\/repliquemangacine.fr\/?s={search_term_string}"},"query-input":{"@type":"PropertyValueSpecification","valueRequired":true,"valueName":"search_term_string"}}],"inLanguage":"de"},{"@type":"Organization","@id":"https:\/\/repliquemangacine.fr\/#organization","name":"R\u00e9plique Manga Cin\u00e9","url":"https:\/\/repliquemangacine.fr\/","logo":{"@type":"ImageObject","inLanguage":"de","@id":"https:\/\/repliquemangacine.fr\/#\/schema\/logo\/image\/","url":"https:\/\/repliquemangacine.fr\/wp-content\/uploads\/2023\/10\/RMC-500250.png","contentUrl":"https:\/\/repliquemangacine.fr\/wp-content\/uploads\/2023\/10\/RMC-500250.png","width":500,"height":250,"caption":"R\u00e9plique Manga Cin\u00e9"},"image":{"@id":"https:\/\/repliquemangacine.fr\/#\/schema\/logo\/image\/"},"sameAs":["https:\/\/www.facebook.com\/RepliqueMangaCine","https:\/\/www.instagram.com\/repliquemangacine.fr\/"]}]}},"_links":{"self":[{"href":"https:\/\/repliquemangacine.fr\/de\/wp-json\/wp\/v2\/product\/29217","targetHints":{"allow":["GET"]}}],"collection":[{"href":"https:\/\/repliquemangacine.fr\/de\/wp-json\/wp\/v2\/product"}],"about":[{"href":"https:\/\/repliquemangacine.fr\/de\/wp-json\/wp\/v2\/types\/product"}],"wp:featuredmedia":[{"embeddable":true,"href":"https:\/\/repliquemangacine.fr\/de\/wp-json\/wp\/v2\/media\/29218"}],"wp:attachment":[{"href":"https:\/\/repliquemangacine.fr\/de\/wp-json\/wp\/v2\/media?parent=29217"}],"wp:term":[{"taxonomy":"product_brand","embeddable":true,"href":"https:\/\/repliquemangacine.fr\/de\/wp-json\/wp\/v2\/product_brand?post=29217"},{"taxonomy":"product_cat","embeddable":true,"href":"https:\/\/repliquemangacine.fr\/de\/wp-json\/wp\/v2\/product_cat?post=29217"},{"taxonomy":"product_tag","embeddable":true,"href":"https:\/\/repliquemangacine.fr\/de\/wp-json\/wp\/v2\/product_tag?post=29217"}],"curies":[{"name":"wp","href":"https:\/\/api.w.org\/{rel}","templated":true}]}}