





{"id":29208,"date":"2020-11-14T18:15:24","date_gmt":"2020-11-14T17:15:24","guid":{"rendered":"https:\/\/repliquemangacine.fr\/?post_type=product&#038;p=29208"},"modified":"2026-04-15T12:56:59","modified_gmt":"2026-04-15T10:56:59","slug":"doppellaufiges-gewehr-schnitt-coach-gun-1868","status":"publish","type":"product","link":"https:\/\/repliquemangacine.fr\/de\/repliques-carabine-winchester-western\/fusil-double-canon-coupe-coach-gun-1868\/","title":{"rendered":"Doppelgewehr mit abges\u00e4gtem Lauf"},"content":{"rendered":"<h2>Doppelflinte mit abges\u00e4gtem Lauf 1868 Wyatt Earp - Denix<\/h2>\n<p>Zu Beginn wird der <strong>Doppelgewehr mit abges\u00e4gtem Lauf<\/strong> 1868: Wird von Wyatt Earp benutzt, um Frank Stilwell zu t\u00f6ten. Einer der M\u00f6rder seines Bruders Morgan. Coach Gun bezeichnet diese Gewehre als bevorzugte Waffen der Postkutschenfahrer in den USA.<\/p>\n<p>Marshal Wyatt Earp, der im Westen der USA f\u00fcr seine extreme Hartn\u00e4ckigkeit gegen\u00fcber Gesetzesbrechern bekannt ist. Teilnehmer an der Schie\u00dferei am O.K Corral in Tombstone mit Doc Holliday und seinen Br\u00fcdern.<\/p>\n<p>Hollywood greift dieses Modell auf. Man sieht es in Abrechnung am OK Corral mit Kirk Douglas, danach Tombstone und nat\u00fcrlich der Film Wyatt Earp unter anderem.<\/p>\n<p>Schlie\u00dflich wurde die Version mit abgeschnittenem Lauf von dem ber\u00fchmten Hilfssheriff Doc Holliday verwendet. Er verwendete ein Modell mit abges\u00e4gten L\u00e4ufen bei einer L\u00e4nge von 25 cm, bis um 1900 Schrotflinten aufkamen.<\/p>\n<h2>Ihr Doppelgewehr mit abges\u00e4gtem Lauf zum besten Preis.<\/h2>\n<p>Wir bieten Ihnen eine gro\u00dfe Auswahl an Reproduktionen von Westernwaffen.<\/p>\n<p>Zun\u00e4chst einmal,<\/p>\n<ul>\n<li>Die <a href=\"https:\/\/repliquemangacine.fr\/de\/winchester-gewehr-western-country\/fusil-kentucky-148cm-denix\/\">Kentucky-Gewehr 148 cm<\/a> ist die typische Waffe von Trappern.<\/li>\n<li>Sowie der ber\u00fchmte <a href=\"https:\/\/repliquemangacine.fr\/de\/winchester-gewehr\/gewehr-henry-burgerkrieg-usa-1860\/\">Henry-Gewehr 1860<\/a> des US-B\u00fcrgerkriegs.<\/li>\n<li>Und noch viel mehr gibt es in unserem Online-Shop zu entdecken!<\/li>\n<\/ul>\n<p>Deshalb gibt es hier tolle Geschenkideen f\u00fcr alle Westernfans.<\/p>\n<p>Abschlie\u00dfend k\u00f6nnen Sie den <strong>Doppelgewehr mit abges\u00e4gtem Lauf<\/strong> 1868 f\u00fcr Ihre Westerndarstellungen. Vor allem aber ist diese Reproduktion eine Sammler- und Dekorationswaffe.<\/p>\n<p>R\u00e9plique Manga Cin\u00e9 ist ein franz\u00f6sisches Familienunternehmen, offizieller Vertriebspartner <a href=\"https:\/\/www.denix.fr\/fr\/catalogue\/guerre-civile-occidentale-et-americaine-1861-1899\/pistolets\/1114\/\" target=\"_blank\" rel=\"noopener noreferrer\">Denix<\/a>.<\/p>\n<h2>Wie werden Denix-Waffenrepliken hergestellt?<\/h2>\n<p>Werden in historischen Rekonstruktionen, Filmen und Serien sowie von Sammlern verwendet. Denix-Waffenreproduktionen, die aus hochwertigen Materialien hergestellt werden. Sorgf\u00e4ltig bearbeitet und zusammengesetzt, um realistische Sammlerwaffen zu schaffen.<\/p>\n<ul>\n<li>Die Metalle sind in einer Metalllegierung, die als Zamac bekannt ist und deren Grundzusammensetzung Zink in 95% ist.<\/li>\n<li>Die Kunststoffteile der Repliken aus geformtem ABS, das eine hohe Widerstandsf\u00e4higkeit bietet.<\/li>\n<li>Holz, das aufgrund seiner Sch\u00f6nheit und Haltbarkeit ausgew\u00e4hlt wird, wie z. B. Mahagoni, Olivenholz oder Walnuss, verleiht Ihren Sch\u00e4ften und F\u00e4ssern ein elegantes und authentisches Aussehen.<\/li>\n<\/ul>\n<p>Es ist zu betonen, dass alle Nachbildungen von Denix-Waffen mit den Originalen identisch sind, wie Ihr <strong>Doppelgewehr mit abges\u00e4gtem Lauf<\/strong>.<\/p>","protected":false},"excerpt":{"rendered":"<p>Identisch mit dem Original, Nachbildung der Coach Gun L\u00e4ufe ges\u00e4gt.<\/p>\n<ul>\n<li>Schaft aus Massivholz.<\/li>\n<li>Nebeneinander liegender, abges\u00e4gter und kippbarer Lauf aus Metall.<\/li>\n<li>Entspannung und mobiler Hund.<\/li>\n<li>Bewaffnet sich und rammt.<\/li>\n<li>Ungeeignet zum Schie\u00dfen.<\/li>\n<li>Unterliegt keiner Genehmigungspflicht. Verkauf und Besitz frei.<\/li>\n<li>L\u00e4nge: 52.5 cm - Gewicht: 1.834 g<\/li>\n<\/ul>","protected":false},"featured_media":29209,"template":"","meta":[],"product_brand":[896],"product_cat":[34,39,86,33,102,28,101,27],"product_tag":[],"class_list":{"0":"post-29208","1":"product","2":"type-product","3":"status-publish","4":"has-post-thumbnail","6":"product_brand-replique-manga-cine","7":"product_cat-armes-westerns","8":"product_cat-carabine-winchester","9":"product_cat-repliques-carabine-winchester-western","10":"product_cat-colt-pistolet","11":"product_cat-denix","12":"product_cat-repliques-darmes","13":"product_cat-soldes","14":"product_cat-armes-et-accessoires-western","16":"first","17":"instock","18":"sale","19":"taxable","20":"shipping-taxable","21":"purchasable","22":"product-type-simple"},"yoast_head":"<!-- This site is optimized with the Yoast SEO plugin v27.5 - https:\/\/yoast.com\/product\/yoast-seo-wordpress\/ -->\n<title>Fusil double canon sci\u00e9 - Coach Gun | R\u00e9plique Manga Cin\u00e9<\/title>\n<meta name=\"description\" content=\"Offrez-lui ! Cette reproduction du Fusil double canon sci\u00e9 au meilleur prix - Carcasse en zamac - Crosse en bois - Canon sci\u00e9 - Longueur totale : 52.5 cm\" \/>\n<meta name=\"robots\" content=\"index, follow, max-snippet:-1, max-image-preview:large, max-video-preview:-1\" \/>\n<link rel=\"canonical\" href=\"https:\/\/repliquemangacine.fr\/de\/repliken-gewehr-winchester-western\/doppellaufiges-gewehr-schnitt-coach-gun-1868\/\" \/>\n<meta property=\"og:locale\" content=\"de_DE\" \/>\n<meta property=\"og:type\" content=\"article\" \/>\n<meta property=\"og:title\" content=\"Fusil double canon sci\u00e9 - Coach Gun | R\u00e9plique Manga Cin\u00e9\" \/>\n<meta property=\"og:description\" content=\"Offrez-lui ! Cette reproduction du Fusil double canon sci\u00e9 au meilleur prix - Carcasse en zamac - Crosse en bois - Canon sci\u00e9 - Longueur totale : 52.5 cm\" \/>\n<meta property=\"og:url\" content=\"https:\/\/repliquemangacine.fr\/de\/repliken-gewehr-winchester-western\/doppellaufiges-gewehr-schnitt-coach-gun-1868\/\" \/>\n<meta property=\"og:site_name\" content=\"R\u00e9plique Manga Cin\u00e9\" \/>\n<meta property=\"article:publisher\" content=\"https:\/\/www.facebook.com\/RepliqueMangaCine\" \/>\n<meta property=\"article:modified_time\" content=\"2026-04-15T10:56:59+00:00\" \/>\n<meta property=\"og:image\" content=\"https:\/\/repliquemangacine.fr\/wp-content\/uploads\/2023\/10\/3893-Coach-Gun-USA-1868.jpg\" \/>\n\t<meta property=\"og:image:width\" content=\"800\" \/>\n\t<meta property=\"og:image:height\" content=\"800\" \/>\n\t<meta property=\"og:image:type\" content=\"image\/jpeg\" \/>\n<meta name=\"twitter:card\" content=\"summary_large_image\" \/>\n<meta name=\"twitter:label1\" content=\"Gesch\u00e4tzte Lesezeit\" \/>\n\t<meta name=\"twitter:data1\" content=\"2\u00a0Minuten\" \/>\n<script type=\"application\/ld+json\" class=\"yoast-schema-graph\">{\"@context\":\"https:\\\/\\\/schema.org\",\"@graph\":[{\"@type\":\"WebPage\",\"@id\":\"https:\\\/\\\/repliquemangacine.fr\\\/repliques-carabine-winchester-western\\\/fusil-double-canon-coupe-coach-gun-1868\\\/\",\"url\":\"https:\\\/\\\/repliquemangacine.fr\\\/repliques-carabine-winchester-western\\\/fusil-double-canon-coupe-coach-gun-1868\\\/\",\"name\":\"Fusil double canon sci\u00e9 - Coach Gun | R\u00e9plique Manga Cin\u00e9\",\"isPartOf\":{\"@id\":\"https:\\\/\\\/repliquemangacine.fr\\\/#website\"},\"primaryImageOfPage\":{\"@id\":\"https:\\\/\\\/repliquemangacine.fr\\\/repliques-carabine-winchester-western\\\/fusil-double-canon-coupe-coach-gun-1868\\\/#primaryimage\"},\"image\":{\"@id\":\"https:\\\/\\\/repliquemangacine.fr\\\/repliques-carabine-winchester-western\\\/fusil-double-canon-coupe-coach-gun-1868\\\/#primaryimage\"},\"thumbnailUrl\":\"https:\\\/\\\/repliquemangacine.fr\\\/wp-content\\\/uploads\\\/2023\\\/10\\\/3893-Coach-Gun-USA-1868.jpg\",\"datePublished\":\"2020-11-14T17:15:24+00:00\",\"dateModified\":\"2026-04-15T10:56:59+00:00\",\"description\":\"Offrez-lui ! Cette reproduction du Fusil double canon sci\u00e9 au meilleur prix - Carcasse en zamac - Crosse en bois - Canon sci\u00e9 - Longueur totale : 52.5 cm\",\"breadcrumb\":{\"@id\":\"https:\\\/\\\/repliquemangacine.fr\\\/repliques-carabine-winchester-western\\\/fusil-double-canon-coupe-coach-gun-1868\\\/#breadcrumb\"},\"inLanguage\":\"de\",\"potentialAction\":[{\"@type\":\"ReadAction\",\"target\":[\"https:\\\/\\\/repliquemangacine.fr\\\/repliques-carabine-winchester-western\\\/fusil-double-canon-coupe-coach-gun-1868\\\/\"]}]},{\"@type\":\"ImageObject\",\"inLanguage\":\"de\",\"@id\":\"https:\\\/\\\/repliquemangacine.fr\\\/repliques-carabine-winchester-western\\\/fusil-double-canon-coupe-coach-gun-1868\\\/#primaryimage\",\"url\":\"https:\\\/\\\/repliquemangacine.fr\\\/wp-content\\\/uploads\\\/2023\\\/10\\\/3893-Coach-Gun-USA-1868.jpg\",\"contentUrl\":\"https:\\\/\\\/repliquemangacine.fr\\\/wp-content\\\/uploads\\\/2023\\\/10\\\/3893-Coach-Gun-USA-1868.jpg\",\"width\":800,\"height\":800,\"caption\":\"Fusil double canon coup\u00e9 Coach Gun USA 1868\"},{\"@type\":\"BreadcrumbList\",\"@id\":\"https:\\\/\\\/repliquemangacine.fr\\\/repliques-carabine-winchester-western\\\/fusil-double-canon-coupe-coach-gun-1868\\\/#breadcrumb\",\"itemListElement\":[{\"@type\":\"ListItem\",\"position\":1,\"name\":\"Accueil\",\"item\":\"https:\\\/\\\/repliquemangacine.fr\\\/\"},{\"@type\":\"ListItem\",\"position\":2,\"name\":\"Produits\",\"item\":\"https:\\\/\\\/repliquemangacine.fr\\\/boutique\\\/\"},{\"@type\":\"ListItem\",\"position\":3,\"name\":\"Fusil double canon sci\u00e9\"}]},{\"@type\":\"WebSite\",\"@id\":\"https:\\\/\\\/repliquemangacine.fr\\\/#website\",\"url\":\"https:\\\/\\\/repliquemangacine.fr\\\/\",\"name\":\"R\u00e9plique Manga Cin\u00e9\",\"description\":\"\",\"publisher\":{\"@id\":\"https:\\\/\\\/repliquemangacine.fr\\\/#organization\"},\"potentialAction\":[{\"@type\":\"SearchAction\",\"target\":{\"@type\":\"EntryPoint\",\"urlTemplate\":\"https:\\\/\\\/repliquemangacine.fr\\\/?s={search_term_string}\"},\"query-input\":{\"@type\":\"PropertyValueSpecification\",\"valueRequired\":true,\"valueName\":\"search_term_string\"}}],\"inLanguage\":\"de\"},{\"@type\":\"Organization\",\"@id\":\"https:\\\/\\\/repliquemangacine.fr\\\/#organization\",\"name\":\"R\u00e9plique Manga Cin\u00e9\",\"url\":\"https:\\\/\\\/repliquemangacine.fr\\\/\",\"logo\":{\"@type\":\"ImageObject\",\"inLanguage\":\"de\",\"@id\":\"https:\\\/\\\/repliquemangacine.fr\\\/#\\\/schema\\\/logo\\\/image\\\/\",\"url\":\"https:\\\/\\\/repliquemangacine.fr\\\/wp-content\\\/uploads\\\/2023\\\/10\\\/RMC-500250.png\",\"contentUrl\":\"https:\\\/\\\/repliquemangacine.fr\\\/wp-content\\\/uploads\\\/2023\\\/10\\\/RMC-500250.png\",\"width\":500,\"height\":250,\"caption\":\"R\u00e9plique Manga Cin\u00e9\"},\"image\":{\"@id\":\"https:\\\/\\\/repliquemangacine.fr\\\/#\\\/schema\\\/logo\\\/image\\\/\"},\"sameAs\":[\"https:\\\/\\\/www.facebook.com\\\/RepliqueMangaCine\",\"https:\\\/\\\/www.instagram.com\\\/repliquemangacine.fr\\\/\"]}]}<\/script>\n<!-- \/ Yoast SEO plugin. -->","yoast_head_json":{"title":"Doppelgewehr mit abges\u00e4gtem Lauf - Coach Gun | R\u00e9plique Manga Cin\u00e9","description":"Schenken Sie es ihm! Diese Reproduktion des Doppelgewehrs mit ges\u00e4gtem Lauf zum besten Preis - Geh\u00e4use aus Zamak - Holzschaft - Ges\u00e4gter Lauf - Gesamtl\u00e4nge: 52.5 cm","robots":{"index":"index","follow":"follow","max-snippet":"max-snippet:-1","max-image-preview":"max-image-preview:large","max-video-preview":"max-video-preview:-1"},"canonical":"https:\/\/repliquemangacine.fr\/de\/repliken-gewehr-winchester-western\/doppellaufiges-gewehr-schnitt-coach-gun-1868\/","og_locale":"de_DE","og_type":"article","og_title":"Fusil double canon sci\u00e9 - Coach Gun | R\u00e9plique Manga Cin\u00e9","og_description":"Offrez-lui ! Cette reproduction du Fusil double canon sci\u00e9 au meilleur prix - Carcasse en zamac - Crosse en bois - Canon sci\u00e9 - Longueur totale : 52.5 cm","og_url":"https:\/\/repliquemangacine.fr\/de\/repliken-gewehr-winchester-western\/doppellaufiges-gewehr-schnitt-coach-gun-1868\/","og_site_name":"R\u00e9plique Manga Cin\u00e9","article_publisher":"https:\/\/www.facebook.com\/RepliqueMangaCine","article_modified_time":"2026-04-15T10:56:59+00:00","og_image":[{"width":800,"height":800,"url":"https:\/\/repliquemangacine.fr\/wp-content\/uploads\/2023\/10\/3893-Coach-Gun-USA-1868.jpg","type":"image\/jpeg"}],"twitter_card":"summary_large_image","twitter_misc":{"Gesch\u00e4tzte Lesezeit":"2\u00a0Minuten"},"schema":{"@context":"https:\/\/schema.org","@graph":[{"@type":"WebPage","@id":"https:\/\/repliquemangacine.fr\/repliques-carabine-winchester-western\/fusil-double-canon-coupe-coach-gun-1868\/","url":"https:\/\/repliquemangacine.fr\/repliques-carabine-winchester-western\/fusil-double-canon-coupe-coach-gun-1868\/","name":"Doppelgewehr mit abges\u00e4gtem Lauf - Coach Gun | R\u00e9plique Manga Cin\u00e9","isPartOf":{"@id":"https:\/\/repliquemangacine.fr\/#website"},"primaryImageOfPage":{"@id":"https:\/\/repliquemangacine.fr\/repliques-carabine-winchester-western\/fusil-double-canon-coupe-coach-gun-1868\/#primaryimage"},"image":{"@id":"https:\/\/repliquemangacine.fr\/repliques-carabine-winchester-western\/fusil-double-canon-coupe-coach-gun-1868\/#primaryimage"},"thumbnailUrl":"https:\/\/repliquemangacine.fr\/wp-content\/uploads\/2023\/10\/3893-Coach-Gun-USA-1868.jpg","datePublished":"2020-11-14T17:15:24+00:00","dateModified":"2026-04-15T10:56:59+00:00","description":"Schenken Sie es ihm! Diese Reproduktion des Doppelgewehrs mit ges\u00e4gtem Lauf zum besten Preis - Geh\u00e4use aus Zamak - Holzschaft - Ges\u00e4gter Lauf - Gesamtl\u00e4nge: 52.5 cm","breadcrumb":{"@id":"https:\/\/repliquemangacine.fr\/repliques-carabine-winchester-western\/fusil-double-canon-coupe-coach-gun-1868\/#breadcrumb"},"inLanguage":"de","potentialAction":[{"@type":"ReadAction","target":["https:\/\/repliquemangacine.fr\/repliques-carabine-winchester-western\/fusil-double-canon-coupe-coach-gun-1868\/"]}]},{"@type":"ImageObject","inLanguage":"de","@id":"https:\/\/repliquemangacine.fr\/repliques-carabine-winchester-western\/fusil-double-canon-coupe-coach-gun-1868\/#primaryimage","url":"https:\/\/repliquemangacine.fr\/wp-content\/uploads\/2023\/10\/3893-Coach-Gun-USA-1868.jpg","contentUrl":"https:\/\/repliquemangacine.fr\/wp-content\/uploads\/2023\/10\/3893-Coach-Gun-USA-1868.jpg","width":800,"height":800,"caption":"Fusil double canon coup\u00e9 Coach Gun USA 1868"},{"@type":"BreadcrumbList","@id":"https:\/\/repliquemangacine.fr\/repliques-carabine-winchester-western\/fusil-double-canon-coupe-coach-gun-1868\/#breadcrumb","itemListElement":[{"@type":"ListItem","position":1,"name":"Accueil","item":"https:\/\/repliquemangacine.fr\/"},{"@type":"ListItem","position":2,"name":"Produits","item":"https:\/\/repliquemangacine.fr\/boutique\/"},{"@type":"ListItem","position":3,"name":"Fusil double canon sci\u00e9"}]},{"@type":"WebSite","@id":"https:\/\/repliquemangacine.fr\/#website","url":"https:\/\/repliquemangacine.fr\/","name":"R\u00e9plique Manga Cin\u00e9","description":"","publisher":{"@id":"https:\/\/repliquemangacine.fr\/#organization"},"potentialAction":[{"@type":"SearchAction","target":{"@type":"EntryPoint","urlTemplate":"https:\/\/repliquemangacine.fr\/?s={search_term_string}"},"query-input":{"@type":"PropertyValueSpecification","valueRequired":true,"valueName":"search_term_string"}}],"inLanguage":"de"},{"@type":"Organization","@id":"https:\/\/repliquemangacine.fr\/#organization","name":"R\u00e9plique Manga Cin\u00e9","url":"https:\/\/repliquemangacine.fr\/","logo":{"@type":"ImageObject","inLanguage":"de","@id":"https:\/\/repliquemangacine.fr\/#\/schema\/logo\/image\/","url":"https:\/\/repliquemangacine.fr\/wp-content\/uploads\/2023\/10\/RMC-500250.png","contentUrl":"https:\/\/repliquemangacine.fr\/wp-content\/uploads\/2023\/10\/RMC-500250.png","width":500,"height":250,"caption":"R\u00e9plique Manga Cin\u00e9"},"image":{"@id":"https:\/\/repliquemangacine.fr\/#\/schema\/logo\/image\/"},"sameAs":["https:\/\/www.facebook.com\/RepliqueMangaCine","https:\/\/www.instagram.com\/repliquemangacine.fr\/"]}]}},"_links":{"self":[{"href":"https:\/\/repliquemangacine.fr\/de\/wp-json\/wp\/v2\/product\/29208","targetHints":{"allow":["GET"]}}],"collection":[{"href":"https:\/\/repliquemangacine.fr\/de\/wp-json\/wp\/v2\/product"}],"about":[{"href":"https:\/\/repliquemangacine.fr\/de\/wp-json\/wp\/v2\/types\/product"}],"wp:featuredmedia":[{"embeddable":true,"href":"https:\/\/repliquemangacine.fr\/de\/wp-json\/wp\/v2\/media\/29209"}],"wp:attachment":[{"href":"https:\/\/repliquemangacine.fr\/de\/wp-json\/wp\/v2\/media?parent=29208"}],"wp:term":[{"taxonomy":"product_brand","embeddable":true,"href":"https:\/\/repliquemangacine.fr\/de\/wp-json\/wp\/v2\/product_brand?post=29208"},{"taxonomy":"product_cat","embeddable":true,"href":"https:\/\/repliquemangacine.fr\/de\/wp-json\/wp\/v2\/product_cat?post=29208"},{"taxonomy":"product_tag","embeddable":true,"href":"https:\/\/repliquemangacine.fr\/de\/wp-json\/wp\/v2\/product_tag?post=29208"}],"curies":[{"name":"wp","href":"https:\/\/api.w.org\/{rel}","templated":true}]}}