





{"id":29192,"date":"2020-11-07T18:42:28","date_gmt":"2020-11-07T17:42:28","guid":{"rendered":"https:\/\/repliquemangacine.fr\/?post_type=product&#038;p=29192"},"modified":"2026-03-21T07:42:54","modified_gmt":"2026-03-21T06:42:54","slug":"bajonett-mauser-k98","status":"publish","type":"product","link":"https:\/\/repliquemangacine.fr\/de\/dagues-et-accessoires-seconde-guerre-mondiale-materiels-militaria\/baionnette-mauser-k98\/","title":{"rendered":"BAJONETT MAUSER K98"},"content":{"rendered":"<h2>Mauser-Bajonett k98<\/h2>\n<p>Zu Beginn wird die <strong>Mauser-Bajonett k98<\/strong>, Das unverzichtbare Zubeh\u00f6r f\u00fcr Ihr deutsches Gewehr.<\/p>\n<p>Mit der Einf\u00fchrung des Gewehrs K98 k entwickelten die Deutschen ein neues Bajonett, dessen erste Exemplare 1934 verf\u00fcgbar waren. Die Produktion wurde 1936 intensiviert und es wurde an alle Soldaten der Wehrmacht und der Waffen-SS ausgegeben.<\/p>\n<p>Es sei darauf hingewiesen, dass das Mauser-Gewehr k98 oder Karabiner 98k (oft abgek\u00fcrzt als K98k, K98) eine von der Firma Mauser Waffenfabrik hergestellte manuelle Repetierwaffe mit Verschluss ist. Es wurde 1935 von der deutschen Armee eingef\u00fchrt.<\/p>\n<p>\u00dcbrigens sind alle deutschen Soldaten mit dem Gewehr K98 ausger\u00fcstet. Eine sichere und zuverl\u00e4ssige Waffe, die problemlos funktioniert.<\/p>\n<h2>Ihr Mauser K98 Bajonett zum besten Preis.<\/h2>\n<p>Wir bieten Ihnen eine gro\u00dfe Auswahl an Militaria-Accessoires aus dem Zweiten Weltkrieg.<\/p>\n<p>Zun\u00e4chst einmal,<\/p>\n<ul>\n<li>Die <a href=\"https:\/\/repliquemangacine.fr\/de\/waffen-zweiter-weltkrieg\/mauser-gewehr-k98\/\">Mauser-Gewehr K98<\/a> der deutschen Armee f\u00fcr Ihr Bajonettmesser.<\/li>\n<li>Sowie Mauser-Kugelattrappen, um Ihre Artillerie zu vervollst\u00e4ndigen.<\/li>\n<li>Und noch viel mehr gibt es in unserem Online-Shop zu entdecken!<\/li>\n<\/ul>\n<p>Deshalb ist dies eine gro\u00dfartige Geschenkidee f\u00fcr alle Liebhaber von Geschichten.<\/p>\n<p>Abschlie\u00dfend k\u00f6nnen Sie die <strong>Mauser-Bajonett K98<\/strong> f\u00fcr Ihre Cosplay-Paraden oder Themenabende. Vor allem aber ist dieses Schwert ein Sammler- und Dekorationsst\u00fcck.<\/p>\n<p>R\u00e9plique Manga Cin\u00e9 ist ein franz\u00f6sisches Familienunternehmen, offizieller Vertriebspartner <a href=\"https:\/\/www.denix.fr\/\" target=\"_blank\" rel=\"noopener noreferrer\">Denix<\/a><\/p>\n<h2>Wie pflegt man die Klinge eines Messers?<\/h2>\n<p>Sammler- und Dekorationsmesser werden auf vereinfachte Weise hergestellt und zusammengesetzt. Da sie zu Dekorationszwecken verwendet werden, verf\u00fcgen sie nicht \u00fcber die Sicherheitselemente, die f\u00fcr ein japanisches Schwert zum Training erforderlich sind.<\/p>\n<p>Allerdings ist Ihr <strong>Mauser-Bajonett K98<\/strong> eine Stahlklinge, die gepflegt werden muss, damit sie mit der Zeit nicht besch\u00e4digt wird. Denn Sie werden Ihr Messer vorzeigen, Ihre Freunde werden neugierig sein, die Klinge zu sehen und anzufassen. Hier ist Vorsicht geboten, denn Sie sollten wissen, dass die S\u00e4ure der Finger f\u00fcr Stahl jeder Qualit\u00e4t sehr sch\u00e4dlich ist.<\/p>\n<p>Sollte dies dennoch passieren, keine Panik, Sie brauchen nur ein mit etwas \u00d6l befeuchtetes Tuch und wischen die Fingerabdr\u00fccke ab. Auf diese Weise bleibt Ihr Messer sehr lange erhalten.<\/p>","protected":false},"excerpt":{"rendered":"<p>Dem Originalmodell entsprechende Replik des deutschen Bajonetts.<\/p>\n<ul>\n<li>Stahlklinge mit Hohlkehle.<\/li>\n<li>Griff mit Metallspitze.<\/li>\n<li>Einkerbung, um sie an das Gewehr anzupassen.<\/li>\n<li>Scheide aus Metall mit Clip.<\/li>\n<\/ul>\n<p>Klingenl\u00e4nge: 24 cm - Gesamtl\u00e4nge: 38 cm - Gewicht: 500 Grs<\/p>\n<p><strong>Verkauf an Minderj\u00e4hrige verboten<\/strong><\/p>","protected":false},"featured_media":29193,"template":"","meta":[],"product_brand":[896],"product_cat":[25,54,85],"product_tag":[],"class_list":{"0":"post-29192","1":"product","2":"type-product","3":"status-publish","4":"has-post-thumbnail","6":"product_brand-replique-manga-cine","7":"product_cat-armes-historiques","8":"product_cat-armes-accessoires-guerre-mondiale","9":"product_cat-dagues-et-accessoires-seconde-guerre-mondiale-materiels-militaria","11":"first","12":"outofstock","13":"taxable","14":"shipping-taxable","15":"purchasable","16":"product-type-simple"},"yoast_head":"<!-- This site is optimized with the Yoast SEO plugin v27.5 - https:\/\/yoast.com\/product\/yoast-seo-wordpress\/ -->\n<title>Ba\u00efonnette Mauser K98 - Boutique en ligne | R\u00e9plique Manga Cin\u00e9<\/title>\n<meta name=\"description\" content=\"Offrez-vous votre Ba\u00efonnette Mauser K98 au meilleur prix - Lame en acier avec gorge - Fourreau m\u00e9tal avec clip - Longueur totale : 38 cm - Poids : 500 grs\" \/>\n<meta name=\"robots\" content=\"index, follow, max-snippet:-1, max-image-preview:large, max-video-preview:-1\" \/>\n<link rel=\"canonical\" href=\"https:\/\/repliquemangacine.fr\/de\/dolche-und-zubehor-zweiter-weltkrieg-militarisches-material\/bajonett-mauser-k98\/\" \/>\n<meta property=\"og:locale\" content=\"de_DE\" \/>\n<meta property=\"og:type\" content=\"article\" \/>\n<meta property=\"og:title\" content=\"Ba\u00efonnette Mauser K98 - Boutique en ligne | R\u00e9plique Manga Cin\u00e9\" \/>\n<meta property=\"og:description\" content=\"Offrez-vous votre Ba\u00efonnette Mauser K98 au meilleur prix - Lame en acier avec gorge - Fourreau m\u00e9tal avec clip - Longueur totale : 38 cm - Poids : 500 grs\" \/>\n<meta property=\"og:url\" content=\"https:\/\/repliquemangacine.fr\/de\/dolche-und-zubehor-zweiter-weltkrieg-militarisches-material\/bajonett-mauser-k98\/\" \/>\n<meta property=\"og:site_name\" content=\"R\u00e9plique Manga Cin\u00e9\" \/>\n<meta property=\"article:publisher\" content=\"https:\/\/www.facebook.com\/RepliqueMangaCine\" \/>\n<meta property=\"article:modified_time\" content=\"2026-03-21T06:42:54+00:00\" \/>\n<meta property=\"og:image\" content=\"https:\/\/repliquemangacine.fr\/wp-content\/uploads\/2023\/10\/3876-Baionnette-Mauser-K98.jpg\" \/>\n\t<meta property=\"og:image:width\" content=\"800\" \/>\n\t<meta property=\"og:image:height\" content=\"800\" \/>\n\t<meta property=\"og:image:type\" content=\"image\/jpeg\" \/>\n<meta name=\"twitter:card\" content=\"summary_large_image\" \/>\n<meta name=\"twitter:label1\" content=\"Gesch\u00e4tzte Lesezeit\" \/>\n\t<meta name=\"twitter:data1\" content=\"2\u00a0Minuten\" \/>\n<script type=\"application\/ld+json\" class=\"yoast-schema-graph\">{\"@context\":\"https:\\\/\\\/schema.org\",\"@graph\":[{\"@type\":\"WebPage\",\"@id\":\"https:\\\/\\\/repliquemangacine.fr\\\/en\\\/daggers-and-accessories-world-war-ii-militaria-materiel\\\/mauser-k98-bayonet\\\/\",\"url\":\"https:\\\/\\\/repliquemangacine.fr\\\/en\\\/daggers-and-accessories-world-war-ii-militaria-materiel\\\/mauser-k98-bayonet\\\/\",\"name\":\"Ba\u00efonnette Mauser K98 - Boutique en ligne | R\u00e9plique Manga Cin\u00e9\",\"isPartOf\":{\"@id\":\"https:\\\/\\\/repliquemangacine.fr\\\/#website\"},\"primaryImageOfPage\":{\"@id\":\"https:\\\/\\\/repliquemangacine.fr\\\/en\\\/daggers-and-accessories-world-war-ii-militaria-materiel\\\/mauser-k98-bayonet\\\/#primaryimage\"},\"image\":{\"@id\":\"https:\\\/\\\/repliquemangacine.fr\\\/en\\\/daggers-and-accessories-world-war-ii-militaria-materiel\\\/mauser-k98-bayonet\\\/#primaryimage\"},\"thumbnailUrl\":\"https:\\\/\\\/repliquemangacine.fr\\\/wp-content\\\/uploads\\\/2023\\\/10\\\/3876-Baionnette-Mauser-K98.jpg\",\"datePublished\":\"2020-11-07T17:42:28+00:00\",\"dateModified\":\"2026-03-21T06:42:54+00:00\",\"description\":\"Offrez-vous votre Ba\u00efonnette Mauser K98 au meilleur prix - Lame en acier avec gorge - Fourreau m\u00e9tal avec clip - Longueur totale : 38 cm - Poids : 500 grs\",\"breadcrumb\":{\"@id\":\"https:\\\/\\\/repliquemangacine.fr\\\/en\\\/daggers-and-accessories-world-war-ii-militaria-materiel\\\/mauser-k98-bayonet\\\/#breadcrumb\"},\"inLanguage\":\"de\",\"potentialAction\":[{\"@type\":\"ReadAction\",\"target\":[\"https:\\\/\\\/repliquemangacine.fr\\\/en\\\/daggers-and-accessories-world-war-ii-militaria-materiel\\\/mauser-k98-bayonet\\\/\"]}]},{\"@type\":\"ImageObject\",\"inLanguage\":\"de\",\"@id\":\"https:\\\/\\\/repliquemangacine.fr\\\/en\\\/daggers-and-accessories-world-war-ii-militaria-materiel\\\/mauser-k98-bayonet\\\/#primaryimage\",\"url\":\"https:\\\/\\\/repliquemangacine.fr\\\/wp-content\\\/uploads\\\/2023\\\/10\\\/3876-Baionnette-Mauser-K98.jpg\",\"contentUrl\":\"https:\\\/\\\/repliquemangacine.fr\\\/wp-content\\\/uploads\\\/2023\\\/10\\\/3876-Baionnette-Mauser-K98.jpg\",\"width\":800,\"height\":800,\"caption\":\"Ba\u00efonnette Mauser K98\"},{\"@type\":\"BreadcrumbList\",\"@id\":\"https:\\\/\\\/repliquemangacine.fr\\\/en\\\/daggers-and-accessories-world-war-ii-militaria-materiel\\\/mauser-k98-bayonet\\\/#breadcrumb\",\"itemListElement\":[{\"@type\":\"ListItem\",\"position\":1,\"name\":\"Accueil\",\"item\":\"https:\\\/\\\/repliquemangacine.fr\\\/\"},{\"@type\":\"ListItem\",\"position\":2,\"name\":\"Produits\",\"item\":\"https:\\\/\\\/repliquemangacine.fr\\\/boutique\\\/\"},{\"@type\":\"ListItem\",\"position\":3,\"name\":\"BAIONNETTE MAUSER K98\"}]},{\"@type\":\"WebSite\",\"@id\":\"https:\\\/\\\/repliquemangacine.fr\\\/#website\",\"url\":\"https:\\\/\\\/repliquemangacine.fr\\\/\",\"name\":\"R\u00e9plique Manga Cin\u00e9\",\"description\":\"\",\"publisher\":{\"@id\":\"https:\\\/\\\/repliquemangacine.fr\\\/#organization\"},\"potentialAction\":[{\"@type\":\"SearchAction\",\"target\":{\"@type\":\"EntryPoint\",\"urlTemplate\":\"https:\\\/\\\/repliquemangacine.fr\\\/?s={search_term_string}\"},\"query-input\":{\"@type\":\"PropertyValueSpecification\",\"valueRequired\":true,\"valueName\":\"search_term_string\"}}],\"inLanguage\":\"de\"},{\"@type\":\"Organization\",\"@id\":\"https:\\\/\\\/repliquemangacine.fr\\\/#organization\",\"name\":\"R\u00e9plique Manga Cin\u00e9\",\"url\":\"https:\\\/\\\/repliquemangacine.fr\\\/\",\"logo\":{\"@type\":\"ImageObject\",\"inLanguage\":\"de\",\"@id\":\"https:\\\/\\\/repliquemangacine.fr\\\/#\\\/schema\\\/logo\\\/image\\\/\",\"url\":\"https:\\\/\\\/repliquemangacine.fr\\\/wp-content\\\/uploads\\\/2023\\\/10\\\/RMC-500250.png\",\"contentUrl\":\"https:\\\/\\\/repliquemangacine.fr\\\/wp-content\\\/uploads\\\/2023\\\/10\\\/RMC-500250.png\",\"width\":500,\"height\":250,\"caption\":\"R\u00e9plique Manga Cin\u00e9\"},\"image\":{\"@id\":\"https:\\\/\\\/repliquemangacine.fr\\\/#\\\/schema\\\/logo\\\/image\\\/\"},\"sameAs\":[\"https:\\\/\\\/www.facebook.com\\\/RepliqueMangaCine\",\"https:\\\/\\\/www.instagram.com\\\/repliquemangacine.fr\\\/\"]}]}<\/script>\n<!-- \/ Yoast SEO plugin. -->","yoast_head_json":{"title":"Mauser K98 Bajonett - Online Shop | R\u00e9plique Manga Cin\u00e9","description":"G\u00f6nnen Sie sich Ihr Mauser Bajonett K98 zum besten Preis - Stahlklinge mit Hohlkehle - Metallscheide mit Clip - Gesamtl\u00e4nge: 38 cm - Gewicht: 500 grs","robots":{"index":"index","follow":"follow","max-snippet":"max-snippet:-1","max-image-preview":"max-image-preview:large","max-video-preview":"max-video-preview:-1"},"canonical":"https:\/\/repliquemangacine.fr\/de\/dolche-und-zubehor-zweiter-weltkrieg-militarisches-material\/bajonett-mauser-k98\/","og_locale":"de_DE","og_type":"article","og_title":"Ba\u00efonnette Mauser K98 - Boutique en ligne | R\u00e9plique Manga Cin\u00e9","og_description":"Offrez-vous votre Ba\u00efonnette Mauser K98 au meilleur prix - Lame en acier avec gorge - Fourreau m\u00e9tal avec clip - Longueur totale : 38 cm - Poids : 500 grs","og_url":"https:\/\/repliquemangacine.fr\/de\/dolche-und-zubehor-zweiter-weltkrieg-militarisches-material\/bajonett-mauser-k98\/","og_site_name":"R\u00e9plique Manga Cin\u00e9","article_publisher":"https:\/\/www.facebook.com\/RepliqueMangaCine","article_modified_time":"2026-03-21T06:42:54+00:00","og_image":[{"width":800,"height":800,"url":"https:\/\/repliquemangacine.fr\/wp-content\/uploads\/2023\/10\/3876-Baionnette-Mauser-K98.jpg","type":"image\/jpeg"}],"twitter_card":"summary_large_image","twitter_misc":{"Gesch\u00e4tzte Lesezeit":"2\u00a0Minuten"},"schema":{"@context":"https:\/\/schema.org","@graph":[{"@type":"WebPage","@id":"https:\/\/repliquemangacine.fr\/en\/daggers-and-accessories-world-war-ii-militaria-materiel\/mauser-k98-bayonet\/","url":"https:\/\/repliquemangacine.fr\/en\/daggers-and-accessories-world-war-ii-militaria-materiel\/mauser-k98-bayonet\/","name":"Mauser K98 Bajonett - Online Shop | R\u00e9plique Manga Cin\u00e9","isPartOf":{"@id":"https:\/\/repliquemangacine.fr\/#website"},"primaryImageOfPage":{"@id":"https:\/\/repliquemangacine.fr\/en\/daggers-and-accessories-world-war-ii-militaria-materiel\/mauser-k98-bayonet\/#primaryimage"},"image":{"@id":"https:\/\/repliquemangacine.fr\/en\/daggers-and-accessories-world-war-ii-militaria-materiel\/mauser-k98-bayonet\/#primaryimage"},"thumbnailUrl":"https:\/\/repliquemangacine.fr\/wp-content\/uploads\/2023\/10\/3876-Baionnette-Mauser-K98.jpg","datePublished":"2020-11-07T17:42:28+00:00","dateModified":"2026-03-21T06:42:54+00:00","description":"G\u00f6nnen Sie sich Ihr Mauser Bajonett K98 zum besten Preis - Stahlklinge mit Hohlkehle - Metallscheide mit Clip - Gesamtl\u00e4nge: 38 cm - Gewicht: 500 grs","breadcrumb":{"@id":"https:\/\/repliquemangacine.fr\/en\/daggers-and-accessories-world-war-ii-militaria-materiel\/mauser-k98-bayonet\/#breadcrumb"},"inLanguage":"de","potentialAction":[{"@type":"ReadAction","target":["https:\/\/repliquemangacine.fr\/en\/daggers-and-accessories-world-war-ii-militaria-materiel\/mauser-k98-bayonet\/"]}]},{"@type":"ImageObject","inLanguage":"de","@id":"https:\/\/repliquemangacine.fr\/en\/daggers-and-accessories-world-war-ii-militaria-materiel\/mauser-k98-bayonet\/#primaryimage","url":"https:\/\/repliquemangacine.fr\/wp-content\/uploads\/2023\/10\/3876-Baionnette-Mauser-K98.jpg","contentUrl":"https:\/\/repliquemangacine.fr\/wp-content\/uploads\/2023\/10\/3876-Baionnette-Mauser-K98.jpg","width":800,"height":800,"caption":"Ba\u00efonnette Mauser K98"},{"@type":"BreadcrumbList","@id":"https:\/\/repliquemangacine.fr\/en\/daggers-and-accessories-world-war-ii-militaria-materiel\/mauser-k98-bayonet\/#breadcrumb","itemListElement":[{"@type":"ListItem","position":1,"name":"Accueil","item":"https:\/\/repliquemangacine.fr\/"},{"@type":"ListItem","position":2,"name":"Produits","item":"https:\/\/repliquemangacine.fr\/boutique\/"},{"@type":"ListItem","position":3,"name":"BAIONNETTE MAUSER K98"}]},{"@type":"WebSite","@id":"https:\/\/repliquemangacine.fr\/#website","url":"https:\/\/repliquemangacine.fr\/","name":"R\u00e9plique Manga Cin\u00e9","description":"","publisher":{"@id":"https:\/\/repliquemangacine.fr\/#organization"},"potentialAction":[{"@type":"SearchAction","target":{"@type":"EntryPoint","urlTemplate":"https:\/\/repliquemangacine.fr\/?s={search_term_string}"},"query-input":{"@type":"PropertyValueSpecification","valueRequired":true,"valueName":"search_term_string"}}],"inLanguage":"de"},{"@type":"Organization","@id":"https:\/\/repliquemangacine.fr\/#organization","name":"R\u00e9plique Manga Cin\u00e9","url":"https:\/\/repliquemangacine.fr\/","logo":{"@type":"ImageObject","inLanguage":"de","@id":"https:\/\/repliquemangacine.fr\/#\/schema\/logo\/image\/","url":"https:\/\/repliquemangacine.fr\/wp-content\/uploads\/2023\/10\/RMC-500250.png","contentUrl":"https:\/\/repliquemangacine.fr\/wp-content\/uploads\/2023\/10\/RMC-500250.png","width":500,"height":250,"caption":"R\u00e9plique Manga Cin\u00e9"},"image":{"@id":"https:\/\/repliquemangacine.fr\/#\/schema\/logo\/image\/"},"sameAs":["https:\/\/www.facebook.com\/RepliqueMangaCine","https:\/\/www.instagram.com\/repliquemangacine.fr\/"]}]}},"_links":{"self":[{"href":"https:\/\/repliquemangacine.fr\/de\/wp-json\/wp\/v2\/product\/29192","targetHints":{"allow":["GET"]}}],"collection":[{"href":"https:\/\/repliquemangacine.fr\/de\/wp-json\/wp\/v2\/product"}],"about":[{"href":"https:\/\/repliquemangacine.fr\/de\/wp-json\/wp\/v2\/types\/product"}],"wp:featuredmedia":[{"embeddable":true,"href":"https:\/\/repliquemangacine.fr\/de\/wp-json\/wp\/v2\/media\/29193"}],"wp:attachment":[{"href":"https:\/\/repliquemangacine.fr\/de\/wp-json\/wp\/v2\/media?parent=29192"}],"wp:term":[{"taxonomy":"product_brand","embeddable":true,"href":"https:\/\/repliquemangacine.fr\/de\/wp-json\/wp\/v2\/product_brand?post=29192"},{"taxonomy":"product_cat","embeddable":true,"href":"https:\/\/repliquemangacine.fr\/de\/wp-json\/wp\/v2\/product_cat?post=29192"},{"taxonomy":"product_tag","embeddable":true,"href":"https:\/\/repliquemangacine.fr\/de\/wp-json\/wp\/v2\/product_tag?post=29192"}],"curies":[{"name":"wp","href":"https:\/\/api.w.org\/{rel}","templated":true}]}}