





{"id":29157,"date":"2020-11-07T10:52:05","date_gmt":"2020-11-07T09:52:05","guid":{"rendered":"https:\/\/repliquemangacine.fr\/?post_type=product&#038;p=29157"},"modified":"2026-05-05T13:11:08","modified_gmt":"2026-05-05T11:11:08","slug":"beutel-mit-6-attrappen-kugeln-kaliber-45","status":"publish","type":"product","link":"https:\/\/repliquemangacine.fr\/de\/holster-accessoires-western\/sachet-de-6-balles-factices-calibre-45\/","title":{"rendered":"Faktische Kugeln Kaliber 45"},"content":{"rendered":"<h2>Replik von 6 einfachen Kugeln Kaliber .45<\/h2>\n<p>Zu Beginn <strong>Faktische Kugeln Kaliber 45<\/strong> oder eine Kugelimitation, ein Gegenstand, der manchmal sehr realistisch echte Munition imitiert. Imitationswaffen und -kugeln sind meist Spielzeug oder Repliken f\u00fcr Sammler.<\/p>\n<p>Die Revolver von Denix sind alle handgefertigt und von hoher Qualit\u00e4t. Mit Mechanismus, Lade- und Schie\u00dfsimulator.<\/p>\n<p>Es ist zu betonen, dass die Kugeln aus massivem Stahl in Goldfarbe hergestellt sind. Diese Attrappen sind v\u00f6llig ungef\u00e4hrlich und enthalten keinen Sprengstoff. Sie k\u00f6nnen die Kugeln in den Lauf Ihres Colts stecken oder sie neben ihm ausstellen, um Ihre Sammlung zu vervollst\u00e4ndigen.<\/p>\n<p>Abschlie\u00dfend sei gesagt, dass die Attrappen eine wichtige Erg\u00e4nzung sind, um Ihrem Denix Colt mehr Realismus zu verleihen.<\/p>\n<h2>Ihr Westernzubeh\u00f6r zum besten Preis.<\/h2>\n<p>Wir bieten Ihnen eine gro\u00dfe Auswahl an Reproduktionen von Kolser- und Denix-Attrappenwaffen.<\/p>\n<p>Zun\u00e4chst einmal,<\/p>\n<ul>\n<li>Die Reproduktion des <a href=\"https:\/\/repliquemangacine.fr\/de\/colts-revolver\/peacemaker-kolser-5-5-snake\/\">Revolver Peacemaker 5.5<\/a> aus Messing mit seinem mit einer Schlange gravierten Schaft.<\/li>\n<li>Sowie der Colt 45, genannt der <a href=\"https:\/\/repliquemangacine.fr\/de\/kolser-waffe\/koffer-peacemaker-5-5-poliert-kolser\/\">Peacekeeper 5.5<\/a> handpoliert und in seiner Schatulle<\/li>\n<li>Es gibt auch den <a href=\"https:\/\/repliquemangacine.fr\/de\/westernzubehor\/blister-de-96-amorces-pour-pistolet-kolser\/\">Blisterpackung mit Primern<\/a> Knallk\u00f6rper, damit Sie sich sicher am\u00fcsieren k\u00f6nnen.<\/li>\n<li>Und noch viel mehr gibt es in unserem Online-Shop zu entdecken!<\/li>\n<\/ul>\n<p>Deshalb ist dies eine gro\u00dfartige Geschenkidee f\u00fcr alle Liebhaber historischer Waffen.<\/p>\n<p>Abschlie\u00dfend k\u00f6nnen Sie diese <strong>Faktische Kugeln Kaliber 45<\/strong> f\u00fcr Ihre historischen Dekorationen. Diese Waffe ist in erster Linie ein Sammler- und Dekorationsst\u00fcck.<\/p>\n<p>R\u00e9plique Manga Cin\u00e9 ist ein franz\u00f6sisches Unternehmen und offizieller Vertriebspartner der Marke <a href=\"https:\/\/www.denix.fr\/\" target=\"_blank\" rel=\"noopener noreferrer\">Denix<\/a>.<\/p>\n<p><strong>\u00a0<\/strong><\/p>","protected":false},"excerpt":{"rendered":"<p>Beutel mit 6 Factices-Kugeln Kaliber 45.<\/p>\n<ul>\n<li>Vollst\u00e4ndig aus vergoldetem Metall gefertigt, mit einer Spitze aus versilbertem Metall f\u00fcr mehr Realismus.<\/li>\n<li>Diese Kugeln enthalten keine Sprengladungen.<\/li>\n<li>Sie ist eine wichtige Erg\u00e4nzung zur Western Collection.<\/li>\n<li>B\u00e4lle nur zur Dekoration.<\/li>\n<li>Kann nicht in eine Replik eingef\u00fcgt werden.<\/li>\n<li>Verpackt in Beuteln mit 6 B\u00e4llen.<\/li>\n<\/ul>","protected":false},"featured_media":29158,"template":"","meta":[],"product_brand":[896],"product_cat":[51,102,90,28,27],"product_tag":[],"class_list":{"0":"post-29157","1":"product","2":"type-product","3":"status-publish","4":"has-post-thumbnail","6":"product_brand-replique-manga-cine","7":"product_cat-accessoires-western","8":"product_cat-denix","9":"product_cat-holster-accessoires-western","10":"product_cat-repliques-darmes","11":"product_cat-armes-et-accessoires-western","13":"first","14":"outofstock","15":"taxable","16":"shipping-taxable","17":"purchasable","18":"product-type-simple"},"yoast_head":"<!-- This site is optimized with the Yoast SEO plugin v27.5 - https:\/\/yoast.com\/product\/yoast-seo-wordpress\/ -->\n<title>Balles Factices calibre 45 - Colt Denix | R\u00e9plique Manga Cin\u00e9<\/title>\n<meta name=\"description\" content=\"Votre sachet de 6 Balles Factices calibre 45 au meilleur prix - Aucune charge explosive - Balle en acier avec embout argent\u00e9 pour plus de r\u00e9alisme. Denix\" \/>\n<meta name=\"robots\" content=\"index, follow, max-snippet:-1, max-image-preview:large, max-video-preview:-1\" \/>\n<link rel=\"canonical\" href=\"https:\/\/repliquemangacine.fr\/de\/holster-westernzubehor\/beutel-mit-6-attrappen-kugeln-kaliber-45\/\" \/>\n<meta property=\"og:locale\" content=\"de_DE\" \/>\n<meta property=\"og:type\" content=\"article\" \/>\n<meta property=\"og:title\" content=\"Balles Factices calibre 45 - Colt Denix | R\u00e9plique Manga Cin\u00e9\" \/>\n<meta property=\"og:description\" content=\"Votre sachet de 6 Balles Factices calibre 45 au meilleur prix - Aucune charge explosive - Balle en acier avec embout argent\u00e9 pour plus de r\u00e9alisme. Denix\" \/>\n<meta property=\"og:url\" content=\"https:\/\/repliquemangacine.fr\/de\/holster-westernzubehor\/beutel-mit-6-attrappen-kugeln-kaliber-45\/\" \/>\n<meta property=\"og:site_name\" content=\"R\u00e9plique Manga Cin\u00e9\" \/>\n<meta property=\"article:publisher\" content=\"https:\/\/www.facebook.com\/RepliqueMangaCine\" \/>\n<meta property=\"article:modified_time\" content=\"2026-05-05T11:11:08+00:00\" \/>\n<meta property=\"og:image\" content=\"https:\/\/repliquemangacine.fr\/wp-content\/uploads\/2023\/10\/3850-Balle-factice-calibre-45-pour-colt.jpg\" \/>\n\t<meta property=\"og:image:width\" content=\"800\" \/>\n\t<meta property=\"og:image:height\" content=\"800\" \/>\n\t<meta property=\"og:image:type\" content=\"image\/jpeg\" \/>\n<meta name=\"twitter:card\" content=\"summary_large_image\" \/>\n<meta name=\"twitter:label1\" content=\"Gesch\u00e4tzte Lesezeit\" \/>\n\t<meta name=\"twitter:data1\" content=\"1\u00a0Minute\" \/>\n<script type=\"application\/ld+json\" class=\"yoast-schema-graph\">{\"@context\":\"https:\\\/\\\/schema.org\",\"@graph\":[{\"@type\":\"WebPage\",\"@id\":\"https:\\\/\\\/repliquemangacine.fr\\\/holster-accessoires-western\\\/sachet-de-6-balles-factices-calibre-45\\\/\",\"url\":\"https:\\\/\\\/repliquemangacine.fr\\\/holster-accessoires-western\\\/sachet-de-6-balles-factices-calibre-45\\\/\",\"name\":\"Balles Factices calibre 45 - Colt Denix | R\u00e9plique Manga Cin\u00e9\",\"isPartOf\":{\"@id\":\"https:\\\/\\\/repliquemangacine.fr\\\/#website\"},\"primaryImageOfPage\":{\"@id\":\"https:\\\/\\\/repliquemangacine.fr\\\/holster-accessoires-western\\\/sachet-de-6-balles-factices-calibre-45\\\/#primaryimage\"},\"image\":{\"@id\":\"https:\\\/\\\/repliquemangacine.fr\\\/holster-accessoires-western\\\/sachet-de-6-balles-factices-calibre-45\\\/#primaryimage\"},\"thumbnailUrl\":\"https:\\\/\\\/repliquemangacine.fr\\\/wp-content\\\/uploads\\\/2023\\\/10\\\/3850-Balle-factice-calibre-45-pour-colt.jpg\",\"datePublished\":\"2020-11-07T09:52:05+00:00\",\"dateModified\":\"2026-05-05T11:11:08+00:00\",\"description\":\"Votre sachet de 6 Balles Factices calibre 45 au meilleur prix - Aucune charge explosive - Balle en acier avec embout argent\u00e9 pour plus de r\u00e9alisme. Denix\",\"breadcrumb\":{\"@id\":\"https:\\\/\\\/repliquemangacine.fr\\\/holster-accessoires-western\\\/sachet-de-6-balles-factices-calibre-45\\\/#breadcrumb\"},\"inLanguage\":\"de\",\"potentialAction\":[{\"@type\":\"ReadAction\",\"target\":[\"https:\\\/\\\/repliquemangacine.fr\\\/holster-accessoires-western\\\/sachet-de-6-balles-factices-calibre-45\\\/\"]}]},{\"@type\":\"ImageObject\",\"inLanguage\":\"de\",\"@id\":\"https:\\\/\\\/repliquemangacine.fr\\\/holster-accessoires-western\\\/sachet-de-6-balles-factices-calibre-45\\\/#primaryimage\",\"url\":\"https:\\\/\\\/repliquemangacine.fr\\\/wp-content\\\/uploads\\\/2023\\\/10\\\/3850-Balle-factice-calibre-45-pour-colt.jpg\",\"contentUrl\":\"https:\\\/\\\/repliquemangacine.fr\\\/wp-content\\\/uploads\\\/2023\\\/10\\\/3850-Balle-factice-calibre-45-pour-colt.jpg\",\"width\":800,\"height\":800,\"caption\":\"Balle factice calibre 45 pour colt\"},{\"@type\":\"BreadcrumbList\",\"@id\":\"https:\\\/\\\/repliquemangacine.fr\\\/holster-accessoires-western\\\/sachet-de-6-balles-factices-calibre-45\\\/#breadcrumb\",\"itemListElement\":[{\"@type\":\"ListItem\",\"position\":1,\"name\":\"Accueil\",\"item\":\"https:\\\/\\\/repliquemangacine.fr\\\/\"},{\"@type\":\"ListItem\",\"position\":2,\"name\":\"Produits\",\"item\":\"https:\\\/\\\/repliquemangacine.fr\\\/boutique\\\/\"},{\"@type\":\"ListItem\",\"position\":3,\"name\":\"Balles Factices calibre 45\"}]},{\"@type\":\"WebSite\",\"@id\":\"https:\\\/\\\/repliquemangacine.fr\\\/#website\",\"url\":\"https:\\\/\\\/repliquemangacine.fr\\\/\",\"name\":\"R\u00e9plique Manga Cin\u00e9\",\"description\":\"\",\"publisher\":{\"@id\":\"https:\\\/\\\/repliquemangacine.fr\\\/#organization\"},\"potentialAction\":[{\"@type\":\"SearchAction\",\"target\":{\"@type\":\"EntryPoint\",\"urlTemplate\":\"https:\\\/\\\/repliquemangacine.fr\\\/?s={search_term_string}\"},\"query-input\":{\"@type\":\"PropertyValueSpecification\",\"valueRequired\":true,\"valueName\":\"search_term_string\"}}],\"inLanguage\":\"de\"},{\"@type\":\"Organization\",\"@id\":\"https:\\\/\\\/repliquemangacine.fr\\\/#organization\",\"name\":\"R\u00e9plique Manga Cin\u00e9\",\"url\":\"https:\\\/\\\/repliquemangacine.fr\\\/\",\"logo\":{\"@type\":\"ImageObject\",\"inLanguage\":\"de\",\"@id\":\"https:\\\/\\\/repliquemangacine.fr\\\/#\\\/schema\\\/logo\\\/image\\\/\",\"url\":\"https:\\\/\\\/repliquemangacine.fr\\\/wp-content\\\/uploads\\\/2023\\\/10\\\/RMC-500250.png\",\"contentUrl\":\"https:\\\/\\\/repliquemangacine.fr\\\/wp-content\\\/uploads\\\/2023\\\/10\\\/RMC-500250.png\",\"width\":500,\"height\":250,\"caption\":\"R\u00e9plique Manga Cin\u00e9\"},\"image\":{\"@id\":\"https:\\\/\\\/repliquemangacine.fr\\\/#\\\/schema\\\/logo\\\/image\\\/\"},\"sameAs\":[\"https:\\\/\\\/www.facebook.com\\\/RepliqueMangaCine\",\"https:\\\/\\\/www.instagram.com\\\/repliquemangacine.fr\\\/\"]}]}<\/script>\n<!-- \/ Yoast SEO plugin. -->","yoast_head_json":{"title":"Faktische Kugeln Kaliber 45 - Colt Denix | R\u00e9plique Manga Cin\u00e9","description":"Ihr Beutel mit 6 Factitiy Balls Kaliber 45 zum besten Preis - Keine Sprengladung - Stahlkugel mit silberner Spitze f\u00fcr mehr Realismus. Denix","robots":{"index":"index","follow":"follow","max-snippet":"max-snippet:-1","max-image-preview":"max-image-preview:large","max-video-preview":"max-video-preview:-1"},"canonical":"https:\/\/repliquemangacine.fr\/de\/holster-westernzubehor\/beutel-mit-6-attrappen-kugeln-kaliber-45\/","og_locale":"de_DE","og_type":"article","og_title":"Balles Factices calibre 45 - Colt Denix | R\u00e9plique Manga Cin\u00e9","og_description":"Votre sachet de 6 Balles Factices calibre 45 au meilleur prix - Aucune charge explosive - Balle en acier avec embout argent\u00e9 pour plus de r\u00e9alisme. Denix","og_url":"https:\/\/repliquemangacine.fr\/de\/holster-westernzubehor\/beutel-mit-6-attrappen-kugeln-kaliber-45\/","og_site_name":"R\u00e9plique Manga Cin\u00e9","article_publisher":"https:\/\/www.facebook.com\/RepliqueMangaCine","article_modified_time":"2026-05-05T11:11:08+00:00","og_image":[{"width":800,"height":800,"url":"https:\/\/repliquemangacine.fr\/wp-content\/uploads\/2023\/10\/3850-Balle-factice-calibre-45-pour-colt.jpg","type":"image\/jpeg"}],"twitter_card":"summary_large_image","twitter_misc":{"Gesch\u00e4tzte Lesezeit":"1\u00a0Minute"},"schema":{"@context":"https:\/\/schema.org","@graph":[{"@type":"WebPage","@id":"https:\/\/repliquemangacine.fr\/holster-accessoires-western\/sachet-de-6-balles-factices-calibre-45\/","url":"https:\/\/repliquemangacine.fr\/holster-accessoires-western\/sachet-de-6-balles-factices-calibre-45\/","name":"Faktische Kugeln Kaliber 45 - Colt Denix | R\u00e9plique Manga Cin\u00e9","isPartOf":{"@id":"https:\/\/repliquemangacine.fr\/#website"},"primaryImageOfPage":{"@id":"https:\/\/repliquemangacine.fr\/holster-accessoires-western\/sachet-de-6-balles-factices-calibre-45\/#primaryimage"},"image":{"@id":"https:\/\/repliquemangacine.fr\/holster-accessoires-western\/sachet-de-6-balles-factices-calibre-45\/#primaryimage"},"thumbnailUrl":"https:\/\/repliquemangacine.fr\/wp-content\/uploads\/2023\/10\/3850-Balle-factice-calibre-45-pour-colt.jpg","datePublished":"2020-11-07T09:52:05+00:00","dateModified":"2026-05-05T11:11:08+00:00","description":"Ihr Beutel mit 6 Factitiy Balls Kaliber 45 zum besten Preis - Keine Sprengladung - Stahlkugel mit silberner Spitze f\u00fcr mehr Realismus. Denix","breadcrumb":{"@id":"https:\/\/repliquemangacine.fr\/holster-accessoires-western\/sachet-de-6-balles-factices-calibre-45\/#breadcrumb"},"inLanguage":"de","potentialAction":[{"@type":"ReadAction","target":["https:\/\/repliquemangacine.fr\/holster-accessoires-western\/sachet-de-6-balles-factices-calibre-45\/"]}]},{"@type":"ImageObject","inLanguage":"de","@id":"https:\/\/repliquemangacine.fr\/holster-accessoires-western\/sachet-de-6-balles-factices-calibre-45\/#primaryimage","url":"https:\/\/repliquemangacine.fr\/wp-content\/uploads\/2023\/10\/3850-Balle-factice-calibre-45-pour-colt.jpg","contentUrl":"https:\/\/repliquemangacine.fr\/wp-content\/uploads\/2023\/10\/3850-Balle-factice-calibre-45-pour-colt.jpg","width":800,"height":800,"caption":"Balle factice calibre 45 pour colt"},{"@type":"BreadcrumbList","@id":"https:\/\/repliquemangacine.fr\/holster-accessoires-western\/sachet-de-6-balles-factices-calibre-45\/#breadcrumb","itemListElement":[{"@type":"ListItem","position":1,"name":"Accueil","item":"https:\/\/repliquemangacine.fr\/"},{"@type":"ListItem","position":2,"name":"Produits","item":"https:\/\/repliquemangacine.fr\/boutique\/"},{"@type":"ListItem","position":3,"name":"Balles Factices calibre 45"}]},{"@type":"WebSite","@id":"https:\/\/repliquemangacine.fr\/#website","url":"https:\/\/repliquemangacine.fr\/","name":"R\u00e9plique Manga Cin\u00e9","description":"","publisher":{"@id":"https:\/\/repliquemangacine.fr\/#organization"},"potentialAction":[{"@type":"SearchAction","target":{"@type":"EntryPoint","urlTemplate":"https:\/\/repliquemangacine.fr\/?s={search_term_string}"},"query-input":{"@type":"PropertyValueSpecification","valueRequired":true,"valueName":"search_term_string"}}],"inLanguage":"de"},{"@type":"Organization","@id":"https:\/\/repliquemangacine.fr\/#organization","name":"R\u00e9plique Manga Cin\u00e9","url":"https:\/\/repliquemangacine.fr\/","logo":{"@type":"ImageObject","inLanguage":"de","@id":"https:\/\/repliquemangacine.fr\/#\/schema\/logo\/image\/","url":"https:\/\/repliquemangacine.fr\/wp-content\/uploads\/2023\/10\/RMC-500250.png","contentUrl":"https:\/\/repliquemangacine.fr\/wp-content\/uploads\/2023\/10\/RMC-500250.png","width":500,"height":250,"caption":"R\u00e9plique Manga Cin\u00e9"},"image":{"@id":"https:\/\/repliquemangacine.fr\/#\/schema\/logo\/image\/"},"sameAs":["https:\/\/www.facebook.com\/RepliqueMangaCine","https:\/\/www.instagram.com\/repliquemangacine.fr\/"]}]}},"_links":{"self":[{"href":"https:\/\/repliquemangacine.fr\/de\/wp-json\/wp\/v2\/product\/29157","targetHints":{"allow":["GET"]}}],"collection":[{"href":"https:\/\/repliquemangacine.fr\/de\/wp-json\/wp\/v2\/product"}],"about":[{"href":"https:\/\/repliquemangacine.fr\/de\/wp-json\/wp\/v2\/types\/product"}],"wp:featuredmedia":[{"embeddable":true,"href":"https:\/\/repliquemangacine.fr\/de\/wp-json\/wp\/v2\/media\/29158"}],"wp:attachment":[{"href":"https:\/\/repliquemangacine.fr\/de\/wp-json\/wp\/v2\/media?parent=29157"}],"wp:term":[{"taxonomy":"product_brand","embeddable":true,"href":"https:\/\/repliquemangacine.fr\/de\/wp-json\/wp\/v2\/product_brand?post=29157"},{"taxonomy":"product_cat","embeddable":true,"href":"https:\/\/repliquemangacine.fr\/de\/wp-json\/wp\/v2\/product_cat?post=29157"},{"taxonomy":"product_tag","embeddable":true,"href":"https:\/\/repliquemangacine.fr\/de\/wp-json\/wp\/v2\/product_tag?post=29157"}],"curies":[{"name":"wp","href":"https:\/\/api.w.org\/{rel}","templated":true}]}}