





{"id":29151,"date":"2020-11-04T15:13:38","date_gmt":"2020-11-04T14:13:38","guid":{"rendered":"https:\/\/repliquemangacine.fr\/?post_type=product&#038;p=29151"},"modified":"2025-09-23T18:02:34","modified_gmt":"2025-09-23T16:02:34","slug":"papierschnitt-schwert-narsil","status":"publish","type":"product","link":"https:\/\/repliquemangacine.fr\/de\/epees-seigneur-des-anneaux\/coupe-papier-epee-narsil\/","title":{"rendered":"Papierschneider Narsil"},"content":{"rendered":"<h2>Brief\u00f6ffner Schwert Narsil Herr der Ringe<\/h2>\n<p>Zu Beginn wird der <strong>Brief\u00f6ffner Schwert Narsil<\/strong> ist vom Schwert Elendils inspiriert.<\/p>\n<p>Narsil ist das Schwert von K\u00f6nig Elendil, der im Zweiten Zeitalter nach der Versenkung der Insel N\u00famenor durch die <a href=\"https:\/\/lotr.fandom.com\/fr\/wiki\/Valar\" target=\"_blank\" rel=\"noopener noreferrer\">Valar<\/a>.<\/p>\n<p>Elendil benutzt Narsil w\u00e4hrend der Belagerung von Barad-d\u00fbr gegen Maia Sauron im Krieg des Letzten B\u00fcndnisses der Elben und Menschen. Doch Sauron t\u00f6tet Elendil und das Schwert zerbricht unter ihm in zwei Teile, als er f\u00e4llt.<\/p>\n<p>Elendils \u00e4ltester Sohn Isildur nimmt daraufhin das Teilst\u00fcck des Schwertes seines Vaters und schneidet damit den Finger von Saurons Hand ab, der den Einen Ring tr\u00e4gt.<br \/>\nIsildur bringt die Teile von Narsil anschlie\u00dfend mit nach Hause.<\/p>\n<h2>Ihr Narsil Brief\u00f6ffner zum besten Preis.<\/h2>\n<p>Wir bieten Ihnen eine gro\u00dfe Auswahl an Repliken aus Der Herr der Ringe.<\/p>\n<p>Zun\u00e4chst einmal,<\/p>\n<ul>\n<li>Beginnen wir mit dem<a href=\"https:\/\/repliquemangacine.fr\/de\/der-herr-der-ringe\/narsil-schwert-von-elendil\/\">Narsil-Schwert<\/a> in voller Gr\u00f6\u00dfe<\/li>\n<li>Sowie das neu geschmiedete Schwert, das<a href=\"https:\/\/repliquemangacine.fr\/de\/herr-der-ringe-schwerter\/anduril-schwert-aragorn-der-herr-der-ringe\/\">Anduril<\/a> von Aragorn<\/li>\n<li>Es gibt auch die<a href=\"https:\/\/repliquemangacine.fr\/de\/herr-der-ringe-schwerter\/boromirs-schwert\/\">Boromirs Schwert<\/a><\/li>\n<li>Und noch viel mehr gibt es in unserem Online-Shop zu entdecken!<\/li>\n<\/ul>\n<p>Deshalb hier eine g\u00fcnstige Geschenkidee f\u00fcr Fans der Trilogie Der Herr der Ringe.<\/p>\n<p>Abschlie\u00dfend k\u00f6nnen Sie diesen <strong>Brief\u00f6ffner Schwert Narsil<\/strong> im Alltag. Vor allem aber ist es ein Sammler- und Dekorationsst\u00fcck.<\/p>\n<p>R\u00e9plique Manga Cin\u00e9 ist ein franz\u00f6sisches Familienunternehmen.<\/p>\n<h2>Wie pflegt man die Klinge seines \"Herr der Ringe\"-Schwerts?<\/h2>\n<p>Sammlungs- und Dekorationsschwerter werden in vereinfachter Form hergestellt und zusammengebaut. Da sie zu Dekorationszwecken verwendet werden, fehlen ihnen die Sicherheitselemente, die ein japanisches Schwert f\u00fcr Trainingszwecke aufweisen muss.<\/p>\n<p>Allerdings ist Ihr <strong>Brief\u00f6ffner Schwert Narsil<\/strong> zu einer Stahlklinge, die gepflegt werden muss, damit sie nicht mit der Zeit abgenutzt wird. Denn wenn du dein Katana ausstellst, werden deine Freunde neugierig sein, die Klinge zu sehen und sie zu ber\u00fchren. Hier ist Vorsicht geboten, denn Sie sollten wissen, dass die S\u00e4ure der Finger dem Stahl unabh\u00e4ngig von seiner Qualit\u00e4t sehr schadet.<\/p>\n<p>Wenn dies jedoch passiert, keine Panik, Sie brauchen nur ein Tuch, das mit etwas \u00d6l befeuchtet ist, und wischen die Fingerabdr\u00fccke ab. Wenn Sie dies tun, werden Sie Ihr Schwert sehr lange behalten.<\/p>","protected":false},"excerpt":{"rendered":"<p>Brief\u00f6ffner-Replik des Narsil-Schwerts aus \"Der Herr der Ringe\".<\/p>\n<ul>\n<li>Klinge aus 440er Stahl.<\/li>\n<li>Scheide aus ABS.<\/li>\n<li>Garde und Knauf aus gealtertem Vollstahl.<\/li>\n<li>L\u00e4nge der Klinge: 19 cm- Gesamtl\u00e4nge: 34.5 cm - Gewicht: 150 grs<\/li>\n<\/ul>","protected":false},"featured_media":29152,"template":"","meta":[],"product_brand":[896],"product_cat":[68,24,29],"product_tag":[],"class_list":{"0":"post-29151","1":"product","2":"type-product","3":"status-publish","4":"has-post-thumbnail","6":"product_brand-replique-manga-cine","7":"product_cat-epees-seigneur-des-anneaux","8":"product_cat-films-series-tv-vente-de-katana-epee-et-produits-derives","9":"product_cat-le-seigneur-des-anneaux","11":"first","12":"instock","13":"taxable","14":"shipping-taxable","15":"purchasable","16":"product-type-simple"},"yoast_head":"<!-- This site is optimized with the Yoast SEO plugin v27.5 - https:\/\/yoast.com\/product\/yoast-seo-wordpress\/ -->\n<title>Coupe-papier \u00e9p\u00e9e Narsil - Le Seigneur des Anneaux | RMC<\/title>\n<meta name=\"description\" content=\"Commandez votre coupe-papier \u00e9p\u00e9e Narsil dans Le Seigneur des Anneaux au meilleur prix - Lame acier - Fourreau - Longueur totale :34.5 cm - Envoi 24\/48h\" \/>\n<meta name=\"robots\" content=\"index, follow, max-snippet:-1, max-image-preview:large, max-video-preview:-1\" \/>\n<link rel=\"canonical\" href=\"https:\/\/repliquemangacine.fr\/de\/herr-der-ringe-schwerter\/papierschnitt-schwert-narsil\/\" \/>\n<meta property=\"og:locale\" content=\"de_DE\" \/>\n<meta property=\"og:type\" content=\"article\" \/>\n<meta property=\"og:title\" content=\"Coupe-papier \u00e9p\u00e9e Narsil - Le Seigneur des Anneaux | RMC\" \/>\n<meta property=\"og:description\" content=\"Commandez votre coupe-papier \u00e9p\u00e9e Narsil dans Le Seigneur des Anneaux au meilleur prix - Lame acier - Fourreau - Longueur totale :34.5 cm - Envoi 24\/48h\" \/>\n<meta property=\"og:url\" content=\"https:\/\/repliquemangacine.fr\/de\/herr-der-ringe-schwerter\/papierschnitt-schwert-narsil\/\" \/>\n<meta property=\"og:site_name\" content=\"R\u00e9plique Manga Cin\u00e9\" \/>\n<meta property=\"article:publisher\" content=\"https:\/\/www.facebook.com\/RepliqueMangaCine\" \/>\n<meta property=\"article:modified_time\" content=\"2025-09-23T16:02:34+00:00\" \/>\n<meta property=\"og:image\" content=\"https:\/\/repliquemangacine.fr\/wp-content\/uploads\/2023\/10\/3844-Dague-epee-Narsil.jpg\" \/>\n\t<meta property=\"og:image:width\" content=\"800\" \/>\n\t<meta property=\"og:image:height\" content=\"800\" \/>\n\t<meta property=\"og:image:type\" content=\"image\/jpeg\" \/>\n<meta name=\"twitter:card\" content=\"summary_large_image\" \/>\n<meta name=\"twitter:label1\" content=\"Gesch\u00e4tzte Lesezeit\" \/>\n\t<meta name=\"twitter:data1\" content=\"2\u00a0Minuten\" \/>\n<script type=\"application\/ld+json\" class=\"yoast-schema-graph\">{\"@context\":\"https:\\\/\\\/schema.org\",\"@graph\":[{\"@type\":\"WebPage\",\"@id\":\"https:\\\/\\\/repliquemangacine.fr\\\/en\\\/lord-of-the-rings-swords\\\/paper-cutter-sword-narsil\\\/\",\"url\":\"https:\\\/\\\/repliquemangacine.fr\\\/en\\\/lord-of-the-rings-swords\\\/paper-cutter-sword-narsil\\\/\",\"name\":\"Coupe-papier \u00e9p\u00e9e Narsil - Le Seigneur des Anneaux | RMC\",\"isPartOf\":{\"@id\":\"https:\\\/\\\/repliquemangacine.fr\\\/#website\"},\"primaryImageOfPage\":{\"@id\":\"https:\\\/\\\/repliquemangacine.fr\\\/en\\\/lord-of-the-rings-swords\\\/paper-cutter-sword-narsil\\\/#primaryimage\"},\"image\":{\"@id\":\"https:\\\/\\\/repliquemangacine.fr\\\/en\\\/lord-of-the-rings-swords\\\/paper-cutter-sword-narsil\\\/#primaryimage\"},\"thumbnailUrl\":\"https:\\\/\\\/repliquemangacine.fr\\\/wp-content\\\/uploads\\\/2023\\\/10\\\/3844-Dague-epee-Narsil.jpg\",\"datePublished\":\"2020-11-04T14:13:38+00:00\",\"dateModified\":\"2025-09-23T16:02:34+00:00\",\"description\":\"Commandez votre coupe-papier \u00e9p\u00e9e Narsil dans Le Seigneur des Anneaux au meilleur prix - Lame acier - Fourreau - Longueur totale :34.5 cm - Envoi 24\\\/48h\",\"breadcrumb\":{\"@id\":\"https:\\\/\\\/repliquemangacine.fr\\\/en\\\/lord-of-the-rings-swords\\\/paper-cutter-sword-narsil\\\/#breadcrumb\"},\"inLanguage\":\"de\",\"potentialAction\":[{\"@type\":\"ReadAction\",\"target\":[\"https:\\\/\\\/repliquemangacine.fr\\\/en\\\/lord-of-the-rings-swords\\\/paper-cutter-sword-narsil\\\/\"]}]},{\"@type\":\"ImageObject\",\"inLanguage\":\"de\",\"@id\":\"https:\\\/\\\/repliquemangacine.fr\\\/en\\\/lord-of-the-rings-swords\\\/paper-cutter-sword-narsil\\\/#primaryimage\",\"url\":\"https:\\\/\\\/repliquemangacine.fr\\\/wp-content\\\/uploads\\\/2023\\\/10\\\/3844-Dague-epee-Narsil.jpg\",\"contentUrl\":\"https:\\\/\\\/repliquemangacine.fr\\\/wp-content\\\/uploads\\\/2023\\\/10\\\/3844-Dague-epee-Narsil.jpg\",\"width\":800,\"height\":800,\"caption\":\"Dague \u00e9p\u00e9e Narsil\"},{\"@type\":\"BreadcrumbList\",\"@id\":\"https:\\\/\\\/repliquemangacine.fr\\\/en\\\/lord-of-the-rings-swords\\\/paper-cutter-sword-narsil\\\/#breadcrumb\",\"itemListElement\":[{\"@type\":\"ListItem\",\"position\":1,\"name\":\"Accueil\",\"item\":\"https:\\\/\\\/repliquemangacine.fr\\\/\"},{\"@type\":\"ListItem\",\"position\":2,\"name\":\"Produits\",\"item\":\"https:\\\/\\\/repliquemangacine.fr\\\/boutique\\\/\"},{\"@type\":\"ListItem\",\"position\":3,\"name\":\"Coupe Papier Narsil\"}]},{\"@type\":\"WebSite\",\"@id\":\"https:\\\/\\\/repliquemangacine.fr\\\/#website\",\"url\":\"https:\\\/\\\/repliquemangacine.fr\\\/\",\"name\":\"R\u00e9plique Manga Cin\u00e9\",\"description\":\"\",\"publisher\":{\"@id\":\"https:\\\/\\\/repliquemangacine.fr\\\/#organization\"},\"potentialAction\":[{\"@type\":\"SearchAction\",\"target\":{\"@type\":\"EntryPoint\",\"urlTemplate\":\"https:\\\/\\\/repliquemangacine.fr\\\/?s={search_term_string}\"},\"query-input\":{\"@type\":\"PropertyValueSpecification\",\"valueRequired\":true,\"valueName\":\"search_term_string\"}}],\"inLanguage\":\"de\"},{\"@type\":\"Organization\",\"@id\":\"https:\\\/\\\/repliquemangacine.fr\\\/#organization\",\"name\":\"R\u00e9plique Manga Cin\u00e9\",\"url\":\"https:\\\/\\\/repliquemangacine.fr\\\/\",\"logo\":{\"@type\":\"ImageObject\",\"inLanguage\":\"de\",\"@id\":\"https:\\\/\\\/repliquemangacine.fr\\\/#\\\/schema\\\/logo\\\/image\\\/\",\"url\":\"https:\\\/\\\/repliquemangacine.fr\\\/wp-content\\\/uploads\\\/2023\\\/10\\\/RMC-500250.png\",\"contentUrl\":\"https:\\\/\\\/repliquemangacine.fr\\\/wp-content\\\/uploads\\\/2023\\\/10\\\/RMC-500250.png\",\"width\":500,\"height\":250,\"caption\":\"R\u00e9plique Manga Cin\u00e9\"},\"image\":{\"@id\":\"https:\\\/\\\/repliquemangacine.fr\\\/#\\\/schema\\\/logo\\\/image\\\/\"},\"sameAs\":[\"https:\\\/\\\/www.facebook.com\\\/RepliqueMangaCine\",\"https:\\\/\\\/www.instagram.com\\\/repliquemangacine.fr\\\/\"]}]}<\/script>\n<!-- \/ Yoast SEO plugin. -->","yoast_head_json":{"title":"Brief\u00f6ffner Schwert Narsil - Der Herr der Ringe | RMC","description":"Bestellen Sie Ihren Brief\u00f6ffner Schwert Narsil in Der Herr der Ringe zum besten Preis - Stahlklinge - Scheide - Gesamtl\u00e4nge:34.5 cm - Versand 24\/48h","robots":{"index":"index","follow":"follow","max-snippet":"max-snippet:-1","max-image-preview":"max-image-preview:large","max-video-preview":"max-video-preview:-1"},"canonical":"https:\/\/repliquemangacine.fr\/de\/herr-der-ringe-schwerter\/papierschnitt-schwert-narsil\/","og_locale":"de_DE","og_type":"article","og_title":"Coupe-papier \u00e9p\u00e9e Narsil - Le Seigneur des Anneaux | RMC","og_description":"Commandez votre coupe-papier \u00e9p\u00e9e Narsil dans Le Seigneur des Anneaux au meilleur prix - Lame acier - Fourreau - Longueur totale :34.5 cm - Envoi 24\/48h","og_url":"https:\/\/repliquemangacine.fr\/de\/herr-der-ringe-schwerter\/papierschnitt-schwert-narsil\/","og_site_name":"R\u00e9plique Manga Cin\u00e9","article_publisher":"https:\/\/www.facebook.com\/RepliqueMangaCine","article_modified_time":"2025-09-23T16:02:34+00:00","og_image":[{"width":800,"height":800,"url":"https:\/\/repliquemangacine.fr\/wp-content\/uploads\/2023\/10\/3844-Dague-epee-Narsil.jpg","type":"image\/jpeg"}],"twitter_card":"summary_large_image","twitter_misc":{"Gesch\u00e4tzte Lesezeit":"2\u00a0Minuten"},"schema":{"@context":"https:\/\/schema.org","@graph":[{"@type":"WebPage","@id":"https:\/\/repliquemangacine.fr\/en\/lord-of-the-rings-swords\/paper-cutter-sword-narsil\/","url":"https:\/\/repliquemangacine.fr\/en\/lord-of-the-rings-swords\/paper-cutter-sword-narsil\/","name":"Brief\u00f6ffner Schwert Narsil - Der Herr der Ringe | RMC","isPartOf":{"@id":"https:\/\/repliquemangacine.fr\/#website"},"primaryImageOfPage":{"@id":"https:\/\/repliquemangacine.fr\/en\/lord-of-the-rings-swords\/paper-cutter-sword-narsil\/#primaryimage"},"image":{"@id":"https:\/\/repliquemangacine.fr\/en\/lord-of-the-rings-swords\/paper-cutter-sword-narsil\/#primaryimage"},"thumbnailUrl":"https:\/\/repliquemangacine.fr\/wp-content\/uploads\/2023\/10\/3844-Dague-epee-Narsil.jpg","datePublished":"2020-11-04T14:13:38+00:00","dateModified":"2025-09-23T16:02:34+00:00","description":"Bestellen Sie Ihren Brief\u00f6ffner Schwert Narsil in Der Herr der Ringe zum besten Preis - Stahlklinge - Scheide - Gesamtl\u00e4nge:34.5 cm - Versand 24\/48h","breadcrumb":{"@id":"https:\/\/repliquemangacine.fr\/en\/lord-of-the-rings-swords\/paper-cutter-sword-narsil\/#breadcrumb"},"inLanguage":"de","potentialAction":[{"@type":"ReadAction","target":["https:\/\/repliquemangacine.fr\/en\/lord-of-the-rings-swords\/paper-cutter-sword-narsil\/"]}]},{"@type":"ImageObject","inLanguage":"de","@id":"https:\/\/repliquemangacine.fr\/en\/lord-of-the-rings-swords\/paper-cutter-sword-narsil\/#primaryimage","url":"https:\/\/repliquemangacine.fr\/wp-content\/uploads\/2023\/10\/3844-Dague-epee-Narsil.jpg","contentUrl":"https:\/\/repliquemangacine.fr\/wp-content\/uploads\/2023\/10\/3844-Dague-epee-Narsil.jpg","width":800,"height":800,"caption":"Dague \u00e9p\u00e9e Narsil"},{"@type":"BreadcrumbList","@id":"https:\/\/repliquemangacine.fr\/en\/lord-of-the-rings-swords\/paper-cutter-sword-narsil\/#breadcrumb","itemListElement":[{"@type":"ListItem","position":1,"name":"Accueil","item":"https:\/\/repliquemangacine.fr\/"},{"@type":"ListItem","position":2,"name":"Produits","item":"https:\/\/repliquemangacine.fr\/boutique\/"},{"@type":"ListItem","position":3,"name":"Coupe Papier Narsil"}]},{"@type":"WebSite","@id":"https:\/\/repliquemangacine.fr\/#website","url":"https:\/\/repliquemangacine.fr\/","name":"R\u00e9plique Manga Cin\u00e9","description":"","publisher":{"@id":"https:\/\/repliquemangacine.fr\/#organization"},"potentialAction":[{"@type":"SearchAction","target":{"@type":"EntryPoint","urlTemplate":"https:\/\/repliquemangacine.fr\/?s={search_term_string}"},"query-input":{"@type":"PropertyValueSpecification","valueRequired":true,"valueName":"search_term_string"}}],"inLanguage":"de"},{"@type":"Organization","@id":"https:\/\/repliquemangacine.fr\/#organization","name":"R\u00e9plique Manga Cin\u00e9","url":"https:\/\/repliquemangacine.fr\/","logo":{"@type":"ImageObject","inLanguage":"de","@id":"https:\/\/repliquemangacine.fr\/#\/schema\/logo\/image\/","url":"https:\/\/repliquemangacine.fr\/wp-content\/uploads\/2023\/10\/RMC-500250.png","contentUrl":"https:\/\/repliquemangacine.fr\/wp-content\/uploads\/2023\/10\/RMC-500250.png","width":500,"height":250,"caption":"R\u00e9plique Manga Cin\u00e9"},"image":{"@id":"https:\/\/repliquemangacine.fr\/#\/schema\/logo\/image\/"},"sameAs":["https:\/\/www.facebook.com\/RepliqueMangaCine","https:\/\/www.instagram.com\/repliquemangacine.fr\/"]}]}},"_links":{"self":[{"href":"https:\/\/repliquemangacine.fr\/de\/wp-json\/wp\/v2\/product\/29151","targetHints":{"allow":["GET"]}}],"collection":[{"href":"https:\/\/repliquemangacine.fr\/de\/wp-json\/wp\/v2\/product"}],"about":[{"href":"https:\/\/repliquemangacine.fr\/de\/wp-json\/wp\/v2\/types\/product"}],"wp:featuredmedia":[{"embeddable":true,"href":"https:\/\/repliquemangacine.fr\/de\/wp-json\/wp\/v2\/media\/29152"}],"wp:attachment":[{"href":"https:\/\/repliquemangacine.fr\/de\/wp-json\/wp\/v2\/media?parent=29151"}],"wp:term":[{"taxonomy":"product_brand","embeddable":true,"href":"https:\/\/repliquemangacine.fr\/de\/wp-json\/wp\/v2\/product_brand?post=29151"},{"taxonomy":"product_cat","embeddable":true,"href":"https:\/\/repliquemangacine.fr\/de\/wp-json\/wp\/v2\/product_cat?post=29151"},{"taxonomy":"product_tag","embeddable":true,"href":"https:\/\/repliquemangacine.fr\/de\/wp-json\/wp\/v2\/product_tag?post=29151"}],"curies":[{"name":"wp","href":"https:\/\/api.w.org\/{rel}","templated":true}]}}