





{"id":29048,"date":"2020-08-27T11:00:26","date_gmt":"2020-08-27T09:00:26","guid":{"rendered":"https:\/\/repliquemangacine.fr\/?post_type=product&#038;p=29048"},"modified":"2025-09-23T18:02:33","modified_gmt":"2025-09-23T16:02:33","slug":"helm-der-templerritter","status":"publish","type":"product","link":"https:\/\/repliquemangacine.fr\/de\/heaume-casque-chevalier-templier\/heaume-des-chevaliers-templiers\/","title":{"rendered":"Helm der Tempelritter"},"content":{"rendered":"<h2>Helm der Tempelritter<\/h2>\n<p>Zun\u00e4chst einmal ist der Helm der Tempelritter ein mittelalterlicher Reiterhelm aus Stahl, der symbolisch f\u00fcr die Ritterlichkeit steht und den gesamten Kopf sch\u00fctzt.<\/p>\n<p>Das Patentkreuz zeigt die Zugeh\u00f6rigkeit der Templer zum Christentum an, und die rote Farbe erinnerte an das von Christus vergossene Blut. Dieses Kreuz dr\u00fcckte auch das st\u00e4ndige Gel\u00fcbde eines Kreuzzuges aus, an dem die Templer jederzeit teilnehmen wollten.<\/p>\n<p>Die Templer sind ein christlicher Milit\u00e4r- und Religionsorden, der zwischen 1118 und 1120 in Jerusalem gegr\u00fcndet wurde. Sein Ziel ist es, Pilger zu sch\u00fctzen, die nach Jerusalem zum Grab Jesu (dem Heiligen Grab) pilgern. Die Templer sind sowohl M\u00f6nche als auch Soldaten. Der Orden untersteht dem Papst.<\/p>\n<h2>Ihr Helm der Tempelritter zum besten Preis.<\/h2>\n<p>Wir bieten Ihnen eine gro\u00dfe Auswahl an historischen Repliken aus dem Mittelalter.<\/p>\n<p>Zun\u00e4chst einmal,<\/p>\n<ul>\n<li>L'<a href=\"https:\/\/repliquemangacine.fr\/de\/mittelalterliches-schwert\/schwert-des-templers-jacques-de-molay\/\">Templerschwert<\/a> des letzten gro\u00dfen Templermeisters Jacques de Molay.<\/li>\n<li>Aber auch die <a href=\"https:\/\/repliquemangacine.fr\/de\/historische-waffen\/schlagschwert-mittelalterliches-kampfschwert\/\">Mittelalterliches Kampfschwert<\/a> ist ein Schlagschwert, hergestellt von <a href=\"https:\/\/deepeeka.in\/\" target=\"_blank\" rel=\"noopener noreferrer\">Deepeeka<\/a>.<\/li>\n<li>Und noch viel mehr gibt es in unserem Online-Shop zu entdecken!<\/li>\n<\/ul>\n<p>Deshalb ist dies eine tolle Geschenkidee f\u00fcr alle, die sich f\u00fcr die Zeit des Mittelalters begeistern.<\/p>\n<p>Abschlie\u00dfend k\u00f6nnen Sie auch diesen <strong>Helm der Tempelritter<\/strong> f\u00fcr Ihre historischen Nachstellungen. Vor allem aber ist dieser Helm ein Sammler- und Dekorationsst\u00fcck<\/p>\n<h2>Wie werden Ihre Sammelobjekte hergestellt?<\/h2>\n<p>Zun\u00e4chst einmal sind alle unsere Produkte von hoher Qualit\u00e4t und werden mit besonderer Sorgfalt hergestellt. Die Herstellung erfolgt zum Teil von Hand, um jedes noch so kleine Detail zu reproduzieren. Gr\u00f6\u00dfere Teile werden von pr\u00e4zisen Maschinen bearbeitet. Die Gravuren werden in der Regel mit einer Diamantspitze oder einem Laser ausgef\u00fchrt.<\/p>\n<p>Ihre <strong>Helm der Tempelritter<\/strong>Die Kunstwerke werden so hergestellt, dass sie jedes Detail genau wiedergeben. Um dem Erbe der originalen Meisterwerke gerecht zu werden. Der Schwerpunkt liegt auf der Herstellung von hochwertigen Repliken, die so historisch genau wie m\u00f6glich sind.<\/p>\n<p>Abschlie\u00dfend sei gesagt, dass unsere Repliken, die aus China, Spanien oder Indien importiert wurden, Sie in Erstaunen versetzen werden!<\/p>\n<p>R\u00e9plique Manga Cin\u00e9 ist ein franz\u00f6sisches Familienunternehmen.<\/p>","protected":false},"excerpt":{"rendered":"<p>Helm der Tempelritter<\/p>\n<ul>\n<li>Ganz aus poliertem Stahl mit einer kreuzf\u00f6rmigen Perforation.<\/li>\n<li>Ausgestattet mit einem sogenannten Tempelkreuz (patted cross).<\/li>\n<li>Ein kleines Kreuz aus Messing.<\/li>\n<li>Kopfschutzkappe aus Baumwolle.<\/li>\n<li><span class=\"tlid-translation translation\" lang=\"fr\" xml:lang=\"fr\"><span title=\"\">H\u00f6he: 34 cm - <\/span><span title=\"\">Breite: 21 cm- <\/span><span title=\"\">Tiefe: 25 cm- <\/span><span title=\"\">Gewicht: ca. 1950g<br \/>\n<\/span><\/span><\/li>\n<\/ul>","protected":false},"featured_media":69771,"template":"","meta":[],"product_brand":[896],"product_cat":[25,89,43],"product_tag":[],"class_list":{"0":"post-29048","1":"product","2":"type-product","3":"status-publish","4":"has-post-thumbnail","6":"product_brand-replique-manga-cine","7":"product_cat-armes-historiques","8":"product_cat-heaume-casque-chevalier-templier","9":"product_cat-reproductions-d-armes-et-accessoires-medievales","11":"first","12":"outofstock","13":"taxable","14":"shipping-taxable","15":"purchasable","16":"product-type-simple"},"yoast_head":"<!-- This site is optimized with the Yoast SEO plugin v27.4 - https:\/\/yoast.com\/product\/yoast-seo-wordpress\/ -->\n<title>Heaume des Chevaliers Templiers - Casque m\u00e9di\u00e9val | RMC<\/title>\n<meta name=\"description\" content=\"Retrouvez ce Heaume des Chevaliers Templiers au meilleur prix - En acier - Croix patt\u00e9e - Coiffe coton - Fonctionnel - Dimensions : 34 X 21 X25 cm\" \/>\n<meta name=\"robots\" content=\"index, follow, max-snippet:-1, max-image-preview:large, max-video-preview:-1\" \/>\n<link rel=\"canonical\" href=\"https:\/\/repliquemangacine.fr\/de\/helm-helm-ritter-templer\/helm-der-templerritter\/\" \/>\n<meta property=\"og:locale\" content=\"de_DE\" \/>\n<meta property=\"og:type\" content=\"article\" \/>\n<meta property=\"og:title\" content=\"Heaume des Chevaliers Templiers - Casque m\u00e9di\u00e9val | RMC\" \/>\n<meta property=\"og:description\" content=\"Retrouvez ce Heaume des Chevaliers Templiers au meilleur prix - En acier - Croix patt\u00e9e - Coiffe coton - Fonctionnel - Dimensions : 34 X 21 X25 cm\" \/>\n<meta property=\"og:url\" content=\"https:\/\/repliquemangacine.fr\/de\/helm-helm-ritter-templer\/helm-der-templerritter\/\" \/>\n<meta property=\"og:site_name\" content=\"R\u00e9plique Manga Cin\u00e9\" \/>\n<meta property=\"article:publisher\" content=\"https:\/\/www.facebook.com\/RepliqueMangaCine\" \/>\n<meta property=\"article:modified_time\" content=\"2025-09-23T16:02:33+00:00\" \/>\n<meta property=\"og:image\" content=\"https:\/\/repliquemangacine.fr\/wp-content\/uploads\/2020\/08\/casque-des-templiers.jpg\" \/>\n\t<meta property=\"og:image:width\" content=\"500\" \/>\n\t<meta property=\"og:image:height\" content=\"500\" \/>\n\t<meta property=\"og:image:type\" content=\"image\/jpeg\" \/>\n<meta name=\"twitter:card\" content=\"summary_large_image\" \/>\n<meta name=\"twitter:label1\" content=\"Gesch\u00e4tzte Lesezeit\" \/>\n\t<meta name=\"twitter:data1\" content=\"2\u00a0Minuten\" \/>\n<script type=\"application\/ld+json\" class=\"yoast-schema-graph\">{\"@context\":\"https:\\\/\\\/schema.org\",\"@graph\":[{\"@type\":\"WebPage\",\"@id\":\"https:\\\/\\\/repliquemangacine.fr\\\/de\\\/helm-helm-ritter-templer\\\/helm-der-templerritter\\\/\",\"url\":\"https:\\\/\\\/repliquemangacine.fr\\\/de\\\/helm-helm-ritter-templer\\\/helm-der-templerritter\\\/\",\"name\":\"Heaume des Chevaliers Templiers - Casque m\u00e9di\u00e9val | RMC\",\"isPartOf\":{\"@id\":\"https:\\\/\\\/repliquemangacine.fr\\\/#website\"},\"primaryImageOfPage\":{\"@id\":\"https:\\\/\\\/repliquemangacine.fr\\\/de\\\/helm-helm-ritter-templer\\\/helm-der-templerritter\\\/#primaryimage\"},\"image\":{\"@id\":\"https:\\\/\\\/repliquemangacine.fr\\\/de\\\/helm-helm-ritter-templer\\\/helm-der-templerritter\\\/#primaryimage\"},\"thumbnailUrl\":\"https:\\\/\\\/repliquemangacine.fr\\\/wp-content\\\/uploads\\\/2020\\\/08\\\/casque-des-templiers.jpg\",\"datePublished\":\"2020-08-27T09:00:26+00:00\",\"dateModified\":\"2025-09-23T16:02:33+00:00\",\"description\":\"Retrouvez ce Heaume des Chevaliers Templiers au meilleur prix - En acier - Croix patt\u00e9e - Coiffe coton - Fonctionnel - Dimensions : 34 X 21 X25 cm\",\"breadcrumb\":{\"@id\":\"https:\\\/\\\/repliquemangacine.fr\\\/de\\\/helm-helm-ritter-templer\\\/helm-der-templerritter\\\/#breadcrumb\"},\"inLanguage\":\"de\",\"potentialAction\":[{\"@type\":\"ReadAction\",\"target\":[\"https:\\\/\\\/repliquemangacine.fr\\\/de\\\/helm-helm-ritter-templer\\\/helm-der-templerritter\\\/\"]}]},{\"@type\":\"ImageObject\",\"inLanguage\":\"de\",\"@id\":\"https:\\\/\\\/repliquemangacine.fr\\\/de\\\/helm-helm-ritter-templer\\\/helm-der-templerritter\\\/#primaryimage\",\"url\":\"https:\\\/\\\/repliquemangacine.fr\\\/wp-content\\\/uploads\\\/2020\\\/08\\\/casque-des-templiers.jpg\",\"contentUrl\":\"https:\\\/\\\/repliquemangacine.fr\\\/wp-content\\\/uploads\\\/2020\\\/08\\\/casque-des-templiers.jpg\",\"width\":500,\"height\":500,\"caption\":\"casque-des-templiers\"},{\"@type\":\"BreadcrumbList\",\"@id\":\"https:\\\/\\\/repliquemangacine.fr\\\/de\\\/helm-helm-ritter-templer\\\/helm-der-templerritter\\\/#breadcrumb\",\"itemListElement\":[{\"@type\":\"ListItem\",\"position\":1,\"name\":\"Accueil\",\"item\":\"https:\\\/\\\/repliquemangacine.fr\\\/\"},{\"@type\":\"ListItem\",\"position\":2,\"name\":\"Produits\",\"item\":\"https:\\\/\\\/repliquemangacine.fr\\\/boutique\\\/\"},{\"@type\":\"ListItem\",\"position\":3,\"name\":\"Heaume des Chevaliers Templiers\"}]},{\"@type\":\"WebSite\",\"@id\":\"https:\\\/\\\/repliquemangacine.fr\\\/#website\",\"url\":\"https:\\\/\\\/repliquemangacine.fr\\\/\",\"name\":\"R\u00e9plique Manga Cin\u00e9\",\"description\":\"\",\"publisher\":{\"@id\":\"https:\\\/\\\/repliquemangacine.fr\\\/#organization\"},\"potentialAction\":[{\"@type\":\"SearchAction\",\"target\":{\"@type\":\"EntryPoint\",\"urlTemplate\":\"https:\\\/\\\/repliquemangacine.fr\\\/?s={search_term_string}\"},\"query-input\":{\"@type\":\"PropertyValueSpecification\",\"valueRequired\":true,\"valueName\":\"search_term_string\"}}],\"inLanguage\":\"de\"},{\"@type\":\"Organization\",\"@id\":\"https:\\\/\\\/repliquemangacine.fr\\\/#organization\",\"name\":\"R\u00e9plique Manga Cin\u00e9\",\"url\":\"https:\\\/\\\/repliquemangacine.fr\\\/\",\"logo\":{\"@type\":\"ImageObject\",\"inLanguage\":\"de\",\"@id\":\"https:\\\/\\\/repliquemangacine.fr\\\/#\\\/schema\\\/logo\\\/image\\\/\",\"url\":\"https:\\\/\\\/repliquemangacine.fr\\\/wp-content\\\/uploads\\\/2023\\\/10\\\/RMC-500250.png\",\"contentUrl\":\"https:\\\/\\\/repliquemangacine.fr\\\/wp-content\\\/uploads\\\/2023\\\/10\\\/RMC-500250.png\",\"width\":500,\"height\":250,\"caption\":\"R\u00e9plique Manga Cin\u00e9\"},\"image\":{\"@id\":\"https:\\\/\\\/repliquemangacine.fr\\\/#\\\/schema\\\/logo\\\/image\\\/\"},\"sameAs\":[\"https:\\\/\\\/www.facebook.com\\\/RepliqueMangaCine\",\"https:\\\/\\\/www.instagram.com\\\/repliquemangacine.fr\\\/\"]}]}<\/script>\n<!-- \/ Yoast SEO plugin. -->","yoast_head_json":{"title":"Helm der Tempelritter - Mittelalterlicher Helm | RMC","description":"Finden Sie diesen Helm der Tempelritter zum besten Preis - Aus Stahl - Gepatchtes Kreuz - Kopfschmuck aus Baumwolle - Funktionell - Ma\u00dfe: 34 X 21 X25 cm","robots":{"index":"index","follow":"follow","max-snippet":"max-snippet:-1","max-image-preview":"max-image-preview:large","max-video-preview":"max-video-preview:-1"},"canonical":"https:\/\/repliquemangacine.fr\/de\/helm-helm-ritter-templer\/helm-der-templerritter\/","og_locale":"de_DE","og_type":"article","og_title":"Heaume des Chevaliers Templiers - Casque m\u00e9di\u00e9val | RMC","og_description":"Retrouvez ce Heaume des Chevaliers Templiers au meilleur prix - En acier - Croix patt\u00e9e - Coiffe coton - Fonctionnel - Dimensions : 34 X 21 X25 cm","og_url":"https:\/\/repliquemangacine.fr\/de\/helm-helm-ritter-templer\/helm-der-templerritter\/","og_site_name":"R\u00e9plique Manga Cin\u00e9","article_publisher":"https:\/\/www.facebook.com\/RepliqueMangaCine","article_modified_time":"2025-09-23T16:02:33+00:00","og_image":[{"width":500,"height":500,"url":"https:\/\/repliquemangacine.fr\/wp-content\/uploads\/2020\/08\/casque-des-templiers.jpg","type":"image\/jpeg"}],"twitter_card":"summary_large_image","twitter_misc":{"Gesch\u00e4tzte Lesezeit":"2\u00a0Minuten"},"schema":{"@context":"https:\/\/schema.org","@graph":[{"@type":"WebPage","@id":"https:\/\/repliquemangacine.fr\/de\/helm-helm-ritter-templer\/helm-der-templerritter\/","url":"https:\/\/repliquemangacine.fr\/de\/helm-helm-ritter-templer\/helm-der-templerritter\/","name":"Helm der Tempelritter - Mittelalterlicher Helm | RMC","isPartOf":{"@id":"https:\/\/repliquemangacine.fr\/#website"},"primaryImageOfPage":{"@id":"https:\/\/repliquemangacine.fr\/de\/helm-helm-ritter-templer\/helm-der-templerritter\/#primaryimage"},"image":{"@id":"https:\/\/repliquemangacine.fr\/de\/helm-helm-ritter-templer\/helm-der-templerritter\/#primaryimage"},"thumbnailUrl":"https:\/\/repliquemangacine.fr\/wp-content\/uploads\/2020\/08\/casque-des-templiers.jpg","datePublished":"2020-08-27T09:00:26+00:00","dateModified":"2025-09-23T16:02:33+00:00","description":"Finden Sie diesen Helm der Tempelritter zum besten Preis - Aus Stahl - Gepatchtes Kreuz - Kopfschmuck aus Baumwolle - Funktionell - Ma\u00dfe: 34 X 21 X25 cm","breadcrumb":{"@id":"https:\/\/repliquemangacine.fr\/de\/helm-helm-ritter-templer\/helm-der-templerritter\/#breadcrumb"},"inLanguage":"de","potentialAction":[{"@type":"ReadAction","target":["https:\/\/repliquemangacine.fr\/de\/helm-helm-ritter-templer\/helm-der-templerritter\/"]}]},{"@type":"ImageObject","inLanguage":"de","@id":"https:\/\/repliquemangacine.fr\/de\/helm-helm-ritter-templer\/helm-der-templerritter\/#primaryimage","url":"https:\/\/repliquemangacine.fr\/wp-content\/uploads\/2020\/08\/casque-des-templiers.jpg","contentUrl":"https:\/\/repliquemangacine.fr\/wp-content\/uploads\/2020\/08\/casque-des-templiers.jpg","width":500,"height":500,"caption":"casque-des-templiers"},{"@type":"BreadcrumbList","@id":"https:\/\/repliquemangacine.fr\/de\/helm-helm-ritter-templer\/helm-der-templerritter\/#breadcrumb","itemListElement":[{"@type":"ListItem","position":1,"name":"Accueil","item":"https:\/\/repliquemangacine.fr\/"},{"@type":"ListItem","position":2,"name":"Produits","item":"https:\/\/repliquemangacine.fr\/boutique\/"},{"@type":"ListItem","position":3,"name":"Heaume des Chevaliers Templiers"}]},{"@type":"WebSite","@id":"https:\/\/repliquemangacine.fr\/#website","url":"https:\/\/repliquemangacine.fr\/","name":"R\u00e9plique Manga Cin\u00e9","description":"","publisher":{"@id":"https:\/\/repliquemangacine.fr\/#organization"},"potentialAction":[{"@type":"SearchAction","target":{"@type":"EntryPoint","urlTemplate":"https:\/\/repliquemangacine.fr\/?s={search_term_string}"},"query-input":{"@type":"PropertyValueSpecification","valueRequired":true,"valueName":"search_term_string"}}],"inLanguage":"de"},{"@type":"Organization","@id":"https:\/\/repliquemangacine.fr\/#organization","name":"R\u00e9plique Manga Cin\u00e9","url":"https:\/\/repliquemangacine.fr\/","logo":{"@type":"ImageObject","inLanguage":"de","@id":"https:\/\/repliquemangacine.fr\/#\/schema\/logo\/image\/","url":"https:\/\/repliquemangacine.fr\/wp-content\/uploads\/2023\/10\/RMC-500250.png","contentUrl":"https:\/\/repliquemangacine.fr\/wp-content\/uploads\/2023\/10\/RMC-500250.png","width":500,"height":250,"caption":"R\u00e9plique Manga Cin\u00e9"},"image":{"@id":"https:\/\/repliquemangacine.fr\/#\/schema\/logo\/image\/"},"sameAs":["https:\/\/www.facebook.com\/RepliqueMangaCine","https:\/\/www.instagram.com\/repliquemangacine.fr\/"]}]}},"_links":{"self":[{"href":"https:\/\/repliquemangacine.fr\/de\/wp-json\/wp\/v2\/product\/29048","targetHints":{"allow":["GET"]}}],"collection":[{"href":"https:\/\/repliquemangacine.fr\/de\/wp-json\/wp\/v2\/product"}],"about":[{"href":"https:\/\/repliquemangacine.fr\/de\/wp-json\/wp\/v2\/types\/product"}],"wp:featuredmedia":[{"embeddable":true,"href":"https:\/\/repliquemangacine.fr\/de\/wp-json\/wp\/v2\/media\/69771"}],"wp:attachment":[{"href":"https:\/\/repliquemangacine.fr\/de\/wp-json\/wp\/v2\/media?parent=29048"}],"wp:term":[{"taxonomy":"product_brand","embeddable":true,"href":"https:\/\/repliquemangacine.fr\/de\/wp-json\/wp\/v2\/product_brand?post=29048"},{"taxonomy":"product_cat","embeddable":true,"href":"https:\/\/repliquemangacine.fr\/de\/wp-json\/wp\/v2\/product_cat?post=29048"},{"taxonomy":"product_tag","embeddable":true,"href":"https:\/\/repliquemangacine.fr\/de\/wp-json\/wp\/v2\/product_tag?post=29048"}],"curies":[{"name":"wp","href":"https:\/\/api.w.org\/{rel}","templated":true}]}}