





{"id":29040,"date":"2020-08-02T15:29:38","date_gmt":"2020-08-02T13:29:38","guid":{"rendered":"https:\/\/repliquemangacine.fr\/?post_type=product&#038;p=29040"},"modified":"2026-04-23T11:23:21","modified_gmt":"2026-04-23T09:23:21","slug":"rambo-messer-5-heartstopper","status":"publish","type":"product","link":"https:\/\/repliquemangacine.fr\/de\/couteaux-rambo-poignard-john-rambo\/couteau-rambo-5-heartstopper\/","title":{"rendered":"Messer Rambo 5 Last Blood Heartstopper"},"content":{"rendered":"<h2>Replik des Messers Rambo 5 Heartstopper Last Blood<\/h2>\n<p>Das Messer Rambo 5 Heartstopper Last Blood ist genau das gleiche wie im Film. Es gibt zwar kein Echtheitszertifikat, aber die hohe Qualit\u00e4t des Messers wird alle Fans begeistern, vor allem zu diesem Preis!<\/p>\n<p>Zun\u00e4chst einmal ist Rambo eine US-amerikanische Filmreihe, die aus f\u00fcnf Filmen besteht. John James Rambo ist die Hauptfigur des Romans und der Verfilmungen. Auf der Leinwand wird er von dem Schauspieler Sylvester Stallone gespielt.<\/p>\n<p>Durch die Filme, insbesondere den ersten und vierten, <a href=\"https:\/\/heros.fandom.com\/fr\/wiki\/John_Rambo\" target=\"_blank\" rel=\"noopener noreferrer\">Rambo<\/a> wird als tragischer Held gezeigt, der unter posttraumatischem Stress leidet. Als erfahrener K\u00e4mpfer ist er in der Lage, sich allein und mit blo\u00dfen H\u00e4nden gegen mehrere Feinde durchzusetzen. Au\u00dferdem hat er eine Affinit\u00e4t zu Messern, sowohl als Waffe, um viele Feinde zu t\u00f6ten, als auch als \u00dcberlebenswerkzeug.<\/p>\n<h2>Ihr Rambo 5 Heartstopper Messer zum besten Preis.<\/h2>\n<p>Wir bieten Ihnen alle Rambo-Messer aus allen seinen Filmen an.<\/p>\n<p>Zun\u00e4chst einmal,<\/p>\n<ul>\n<li>Der beeindruckende <a href=\"https:\/\/repliquemangacine.fr\/de\/messer-rambo-dolch-john-rambo\/rambodolch-3\/\">Dolch Rambo 3<\/a> die er in diesem Opus verwendet.<\/li>\n<li>Es gibt auch die <a href=\"https:\/\/repliquemangacine.fr\/de\/messer-rambo-dolch-john-rambo\/machette-rambo-iv\/\">Machete Rambo<\/a> der in den Filmen 4 und 5 zu sehen ist<\/li>\n<li>Sowie Le <a href=\"https:\/\/repliquemangacine.fr\/de\/messer-rambo-dolch-john-rambo\/messer-rambo-first-blood\/\">Rambo-Dolch<\/a> mit seinem \u00dcberlebensset.<\/li>\n<li>Und noch viel mehr gibt es in unserem Online-Shop zu entdecken!<\/li>\n<\/ul>\n<p>Deshalb ist dies eine gro\u00dfartige Geschenkidee f\u00fcr alle Rambo-Fans.<\/p>\n<p>Abschlie\u00dfend k\u00f6nnen Sie den <strong>Messer Rambo 5 Heartstopper<\/strong> f\u00fcr Ihre Themenabende oder Cosplays. Vor allem aber ist dieses Messer ein Sammlerst\u00fcck.<\/p>\n<p>R\u00e9plique Manga Cin\u00e9 ist ein franz\u00f6sisches Familienunternehmen<\/p>\n<h2>Wie pflegt man die Klinge eines Messers?<\/h2>\n<p>Sammlungs- und Dekorationsmesser werden auf vereinfachte Weise hergestellt und zusammengesetzt. Da sie zu Dekorationszwecken verwendet werden, fehlen ihnen die Sicherheitsmerkmale, die ein japanisches Schwert f\u00fcr Trainingszwecke aufweisen muss.<\/p>\n<p>Allerdings ist Ihr <strong>Messer Rambo 5 Heartstopper<\/strong> zu einer Stahlklinge, die gepflegt werden muss, damit sie nicht mit der Zeit abgenutzt wird. Denn wenn du dein Katana ausstellst, werden deine Freunde neugierig sein, die Klinge zu sehen und sie zu ber\u00fchren. Hier ist Vorsicht geboten, denn Sie sollten wissen, dass die S\u00e4ure der Finger dem Stahl unabh\u00e4ngig von seiner Qualit\u00e4t sehr schadet.<\/p>\n<p>Sollte dies dennoch passieren, keine Panik, Sie brauchen nur ein mit etwas \u00d6l befeuchtetes Tuch und wischen die Fingerabdr\u00fccke ab. Auf diese Weise bleibt Ihr Messer sehr lange erhalten.<\/p>","protected":false},"excerpt":{"rendered":"<p>Wundersch\u00f6nes Messer aus dem Film \"Rambo - Die letzte Mission\".<\/p>\n<ul>\n<li>Aus rostfreiem Stahl 440.<\/li>\n<li>Geschliffene Klinge mit ge\u00e4tztem Rambo-Logo .<\/li>\n<li>Vernietete Pl\u00e4ttchen aus Glasfaser.<\/li>\n<li>Der Schutz hat eine bestimmte Form mit seinem Haken.<\/li>\n<li>Knauf f\u00fcr Glasbrecher.<\/li>\n<li>Lederscheide, Druckclipverschluss.<\/li>\n<li>L\u00e4nge der Klinge: 23 cm - Gesamtl\u00e4nge: 38 cm<\/li>\n<li>Gewicht: 561 Grs<\/li>\n<\/ul>","protected":false},"featured_media":29041,"template":"","meta":[],"product_brand":[896],"product_cat":[24,61],"product_tag":[],"class_list":{"0":"post-29040","1":"product","2":"type-product","3":"status-publish","4":"has-post-thumbnail","6":"product_brand-replique-manga-cine","7":"product_cat-films-series-tv-vente-de-katana-epee-et-produits-derives","8":"product_cat-couteaux-rambo-poignard-john-rambo","10":"first","11":"instock","12":"taxable","13":"shipping-taxable","14":"purchasable","15":"product-type-simple"},"yoast_head":"<!-- This site is optimized with the Yoast SEO plugin v27.4 - https:\/\/yoast.com\/product\/yoast-seo-wordpress\/ -->\n<title>Couteau Rambo 5 Heartstopper Last Blood - R\u00e9plique Manga Cin\u00e9<\/title>\n<meta name=\"description\" content=\"Offrez-vous cette r\u00e9plique du Couteau Rambo 5 Heartstopper Last Blood au meilleur prix. Lame en acier 440 - Fourreau en cuir - Longueur totale : 38 cm\" \/>\n<meta name=\"robots\" content=\"index, follow, max-snippet:-1, max-image-preview:large, max-video-preview:-1\" \/>\n<link rel=\"canonical\" href=\"https:\/\/repliquemangacine.fr\/de\/messer-rambo-dolch-john-rambo\/rambo-messer-5-heartstopper\/\" \/>\n<meta property=\"og:locale\" content=\"de_DE\" \/>\n<meta property=\"og:type\" content=\"article\" \/>\n<meta property=\"og:title\" content=\"Couteau Rambo 5 Heartstopper Last Blood - R\u00e9plique Manga Cin\u00e9\" \/>\n<meta property=\"og:description\" content=\"Offrez-vous cette r\u00e9plique du Couteau Rambo 5 Heartstopper Last Blood au meilleur prix. Lame en acier 440 - Fourreau en cuir - Longueur totale : 38 cm\" \/>\n<meta property=\"og:url\" content=\"https:\/\/repliquemangacine.fr\/de\/messer-rambo-dolch-john-rambo\/rambo-messer-5-heartstopper\/\" \/>\n<meta property=\"og:site_name\" content=\"R\u00e9plique Manga Cin\u00e9\" \/>\n<meta property=\"article:publisher\" content=\"https:\/\/www.facebook.com\/RepliqueMangaCine\" \/>\n<meta property=\"article:modified_time\" content=\"2026-04-23T09:23:21+00:00\" \/>\n<meta property=\"og:image\" content=\"https:\/\/repliquemangacine.fr\/wp-content\/uploads\/2023\/10\/3752-Couteau-Rambo-V-Last-Blood.jpg\" \/>\n\t<meta property=\"og:image:width\" content=\"800\" \/>\n\t<meta property=\"og:image:height\" content=\"800\" \/>\n\t<meta property=\"og:image:type\" content=\"image\/jpeg\" \/>\n<meta name=\"twitter:card\" content=\"summary_large_image\" \/>\n<meta name=\"twitter:label1\" content=\"Gesch\u00e4tzte Lesezeit\" \/>\n\t<meta name=\"twitter:data1\" content=\"2\u00a0Minuten\" \/>\n<script type=\"application\/ld+json\" class=\"yoast-schema-graph\">{\"@context\":\"https:\\\/\\\/schema.org\",\"@graph\":[{\"@type\":\"WebPage\",\"@id\":\"https:\\\/\\\/repliquemangacine.fr\\\/couteaux-rambo-poignard-john-rambo\\\/couteau-rambo-5-heartstopper\\\/\",\"url\":\"https:\\\/\\\/repliquemangacine.fr\\\/couteaux-rambo-poignard-john-rambo\\\/couteau-rambo-5-heartstopper\\\/\",\"name\":\"Couteau Rambo 5 Heartstopper Last Blood - R\u00e9plique Manga Cin\u00e9\",\"isPartOf\":{\"@id\":\"https:\\\/\\\/repliquemangacine.fr\\\/#website\"},\"primaryImageOfPage\":{\"@id\":\"https:\\\/\\\/repliquemangacine.fr\\\/couteaux-rambo-poignard-john-rambo\\\/couteau-rambo-5-heartstopper\\\/#primaryimage\"},\"image\":{\"@id\":\"https:\\\/\\\/repliquemangacine.fr\\\/couteaux-rambo-poignard-john-rambo\\\/couteau-rambo-5-heartstopper\\\/#primaryimage\"},\"thumbnailUrl\":\"https:\\\/\\\/repliquemangacine.fr\\\/wp-content\\\/uploads\\\/2023\\\/10\\\/3752-Couteau-Rambo-V-Last-Blood.jpg\",\"datePublished\":\"2020-08-02T13:29:38+00:00\",\"dateModified\":\"2026-04-23T09:23:21+00:00\",\"description\":\"Offrez-vous cette r\u00e9plique du Couteau Rambo 5 Heartstopper Last Blood au meilleur prix. Lame en acier 440 - Fourreau en cuir - Longueur totale : 38 cm\",\"breadcrumb\":{\"@id\":\"https:\\\/\\\/repliquemangacine.fr\\\/couteaux-rambo-poignard-john-rambo\\\/couteau-rambo-5-heartstopper\\\/#breadcrumb\"},\"inLanguage\":\"de\",\"potentialAction\":[{\"@type\":\"ReadAction\",\"target\":[\"https:\\\/\\\/repliquemangacine.fr\\\/couteaux-rambo-poignard-john-rambo\\\/couteau-rambo-5-heartstopper\\\/\"]}]},{\"@type\":\"ImageObject\",\"inLanguage\":\"de\",\"@id\":\"https:\\\/\\\/repliquemangacine.fr\\\/couteaux-rambo-poignard-john-rambo\\\/couteau-rambo-5-heartstopper\\\/#primaryimage\",\"url\":\"https:\\\/\\\/repliquemangacine.fr\\\/wp-content\\\/uploads\\\/2023\\\/10\\\/3752-Couteau-Rambo-V-Last-Blood.jpg\",\"contentUrl\":\"https:\\\/\\\/repliquemangacine.fr\\\/wp-content\\\/uploads\\\/2023\\\/10\\\/3752-Couteau-Rambo-V-Last-Blood.jpg\",\"width\":800,\"height\":800,\"caption\":\"Couteau Rambo V Last Blood\"},{\"@type\":\"BreadcrumbList\",\"@id\":\"https:\\\/\\\/repliquemangacine.fr\\\/couteaux-rambo-poignard-john-rambo\\\/couteau-rambo-5-heartstopper\\\/#breadcrumb\",\"itemListElement\":[{\"@type\":\"ListItem\",\"position\":1,\"name\":\"Accueil\",\"item\":\"https:\\\/\\\/repliquemangacine.fr\\\/\"},{\"@type\":\"ListItem\",\"position\":2,\"name\":\"Produits\",\"item\":\"https:\\\/\\\/repliquemangacine.fr\\\/boutique\\\/\"},{\"@type\":\"ListItem\",\"position\":3,\"name\":\"Couteau Rambo 5 Last Blood Heartstopper\"}]},{\"@type\":\"WebSite\",\"@id\":\"https:\\\/\\\/repliquemangacine.fr\\\/#website\",\"url\":\"https:\\\/\\\/repliquemangacine.fr\\\/\",\"name\":\"R\u00e9plique Manga Cin\u00e9\",\"description\":\"\",\"publisher\":{\"@id\":\"https:\\\/\\\/repliquemangacine.fr\\\/#organization\"},\"potentialAction\":[{\"@type\":\"SearchAction\",\"target\":{\"@type\":\"EntryPoint\",\"urlTemplate\":\"https:\\\/\\\/repliquemangacine.fr\\\/?s={search_term_string}\"},\"query-input\":{\"@type\":\"PropertyValueSpecification\",\"valueRequired\":true,\"valueName\":\"search_term_string\"}}],\"inLanguage\":\"de\"},{\"@type\":\"Organization\",\"@id\":\"https:\\\/\\\/repliquemangacine.fr\\\/#organization\",\"name\":\"R\u00e9plique Manga Cin\u00e9\",\"url\":\"https:\\\/\\\/repliquemangacine.fr\\\/\",\"logo\":{\"@type\":\"ImageObject\",\"inLanguage\":\"de\",\"@id\":\"https:\\\/\\\/repliquemangacine.fr\\\/#\\\/schema\\\/logo\\\/image\\\/\",\"url\":\"https:\\\/\\\/repliquemangacine.fr\\\/wp-content\\\/uploads\\\/2023\\\/10\\\/RMC-500250.png\",\"contentUrl\":\"https:\\\/\\\/repliquemangacine.fr\\\/wp-content\\\/uploads\\\/2023\\\/10\\\/RMC-500250.png\",\"width\":500,\"height\":250,\"caption\":\"R\u00e9plique Manga Cin\u00e9\"},\"image\":{\"@id\":\"https:\\\/\\\/repliquemangacine.fr\\\/#\\\/schema\\\/logo\\\/image\\\/\"},\"sameAs\":[\"https:\\\/\\\/www.facebook.com\\\/RepliqueMangaCine\",\"https:\\\/\\\/www.instagram.com\\\/repliquemangacine.fr\\\/\"]}]}<\/script>\n<!-- \/ Yoast SEO plugin. -->","yoast_head_json":{"title":"Messer Rambo 5 Heartstopper Last Blood - R\u00e9plique Manga Cin\u00e9","description":"G\u00f6nnen Sie sich diese Replik des Rambo 5 Heartstopper Last Blood Messers zum besten Preis. Klinge aus 440er Stahl - Lederscheide - Gesamtl\u00e4nge: 38 cm","robots":{"index":"index","follow":"follow","max-snippet":"max-snippet:-1","max-image-preview":"max-image-preview:large","max-video-preview":"max-video-preview:-1"},"canonical":"https:\/\/repliquemangacine.fr\/de\/messer-rambo-dolch-john-rambo\/rambo-messer-5-heartstopper\/","og_locale":"de_DE","og_type":"article","og_title":"Couteau Rambo 5 Heartstopper Last Blood - R\u00e9plique Manga Cin\u00e9","og_description":"Offrez-vous cette r\u00e9plique du Couteau Rambo 5 Heartstopper Last Blood au meilleur prix. Lame en acier 440 - Fourreau en cuir - Longueur totale : 38 cm","og_url":"https:\/\/repliquemangacine.fr\/de\/messer-rambo-dolch-john-rambo\/rambo-messer-5-heartstopper\/","og_site_name":"R\u00e9plique Manga Cin\u00e9","article_publisher":"https:\/\/www.facebook.com\/RepliqueMangaCine","article_modified_time":"2026-04-23T09:23:21+00:00","og_image":[{"width":800,"height":800,"url":"https:\/\/repliquemangacine.fr\/wp-content\/uploads\/2023\/10\/3752-Couteau-Rambo-V-Last-Blood.jpg","type":"image\/jpeg"}],"twitter_card":"summary_large_image","twitter_misc":{"Gesch\u00e4tzte Lesezeit":"2\u00a0Minuten"},"schema":{"@context":"https:\/\/schema.org","@graph":[{"@type":"WebPage","@id":"https:\/\/repliquemangacine.fr\/couteaux-rambo-poignard-john-rambo\/couteau-rambo-5-heartstopper\/","url":"https:\/\/repliquemangacine.fr\/couteaux-rambo-poignard-john-rambo\/couteau-rambo-5-heartstopper\/","name":"Messer Rambo 5 Heartstopper Last Blood - R\u00e9plique Manga Cin\u00e9","isPartOf":{"@id":"https:\/\/repliquemangacine.fr\/#website"},"primaryImageOfPage":{"@id":"https:\/\/repliquemangacine.fr\/couteaux-rambo-poignard-john-rambo\/couteau-rambo-5-heartstopper\/#primaryimage"},"image":{"@id":"https:\/\/repliquemangacine.fr\/couteaux-rambo-poignard-john-rambo\/couteau-rambo-5-heartstopper\/#primaryimage"},"thumbnailUrl":"https:\/\/repliquemangacine.fr\/wp-content\/uploads\/2023\/10\/3752-Couteau-Rambo-V-Last-Blood.jpg","datePublished":"2020-08-02T13:29:38+00:00","dateModified":"2026-04-23T09:23:21+00:00","description":"G\u00f6nnen Sie sich diese Replik des Rambo 5 Heartstopper Last Blood Messers zum besten Preis. Klinge aus 440er Stahl - Lederscheide - Gesamtl\u00e4nge: 38 cm","breadcrumb":{"@id":"https:\/\/repliquemangacine.fr\/couteaux-rambo-poignard-john-rambo\/couteau-rambo-5-heartstopper\/#breadcrumb"},"inLanguage":"de","potentialAction":[{"@type":"ReadAction","target":["https:\/\/repliquemangacine.fr\/couteaux-rambo-poignard-john-rambo\/couteau-rambo-5-heartstopper\/"]}]},{"@type":"ImageObject","inLanguage":"de","@id":"https:\/\/repliquemangacine.fr\/couteaux-rambo-poignard-john-rambo\/couteau-rambo-5-heartstopper\/#primaryimage","url":"https:\/\/repliquemangacine.fr\/wp-content\/uploads\/2023\/10\/3752-Couteau-Rambo-V-Last-Blood.jpg","contentUrl":"https:\/\/repliquemangacine.fr\/wp-content\/uploads\/2023\/10\/3752-Couteau-Rambo-V-Last-Blood.jpg","width":800,"height":800,"caption":"Couteau Rambo V Last Blood"},{"@type":"BreadcrumbList","@id":"https:\/\/repliquemangacine.fr\/couteaux-rambo-poignard-john-rambo\/couteau-rambo-5-heartstopper\/#breadcrumb","itemListElement":[{"@type":"ListItem","position":1,"name":"Accueil","item":"https:\/\/repliquemangacine.fr\/"},{"@type":"ListItem","position":2,"name":"Produits","item":"https:\/\/repliquemangacine.fr\/boutique\/"},{"@type":"ListItem","position":3,"name":"Couteau Rambo 5 Last Blood Heartstopper"}]},{"@type":"WebSite","@id":"https:\/\/repliquemangacine.fr\/#website","url":"https:\/\/repliquemangacine.fr\/","name":"R\u00e9plique Manga Cin\u00e9","description":"","publisher":{"@id":"https:\/\/repliquemangacine.fr\/#organization"},"potentialAction":[{"@type":"SearchAction","target":{"@type":"EntryPoint","urlTemplate":"https:\/\/repliquemangacine.fr\/?s={search_term_string}"},"query-input":{"@type":"PropertyValueSpecification","valueRequired":true,"valueName":"search_term_string"}}],"inLanguage":"de"},{"@type":"Organization","@id":"https:\/\/repliquemangacine.fr\/#organization","name":"R\u00e9plique Manga Cin\u00e9","url":"https:\/\/repliquemangacine.fr\/","logo":{"@type":"ImageObject","inLanguage":"de","@id":"https:\/\/repliquemangacine.fr\/#\/schema\/logo\/image\/","url":"https:\/\/repliquemangacine.fr\/wp-content\/uploads\/2023\/10\/RMC-500250.png","contentUrl":"https:\/\/repliquemangacine.fr\/wp-content\/uploads\/2023\/10\/RMC-500250.png","width":500,"height":250,"caption":"R\u00e9plique Manga Cin\u00e9"},"image":{"@id":"https:\/\/repliquemangacine.fr\/#\/schema\/logo\/image\/"},"sameAs":["https:\/\/www.facebook.com\/RepliqueMangaCine","https:\/\/www.instagram.com\/repliquemangacine.fr\/"]}]}},"_links":{"self":[{"href":"https:\/\/repliquemangacine.fr\/de\/wp-json\/wp\/v2\/product\/29040","targetHints":{"allow":["GET"]}}],"collection":[{"href":"https:\/\/repliquemangacine.fr\/de\/wp-json\/wp\/v2\/product"}],"about":[{"href":"https:\/\/repliquemangacine.fr\/de\/wp-json\/wp\/v2\/types\/product"}],"wp:featuredmedia":[{"embeddable":true,"href":"https:\/\/repliquemangacine.fr\/de\/wp-json\/wp\/v2\/media\/29041"}],"wp:attachment":[{"href":"https:\/\/repliquemangacine.fr\/de\/wp-json\/wp\/v2\/media?parent=29040"}],"wp:term":[{"taxonomy":"product_brand","embeddable":true,"href":"https:\/\/repliquemangacine.fr\/de\/wp-json\/wp\/v2\/product_brand?post=29040"},{"taxonomy":"product_cat","embeddable":true,"href":"https:\/\/repliquemangacine.fr\/de\/wp-json\/wp\/v2\/product_cat?post=29040"},{"taxonomy":"product_tag","embeddable":true,"href":"https:\/\/repliquemangacine.fr\/de\/wp-json\/wp\/v2\/product_tag?post=29040"}],"curies":[{"name":"wp","href":"https:\/\/api.w.org\/{rel}","templated":true}]}}