





{"id":29033,"date":"2020-08-02T15:18:31","date_gmt":"2020-08-02T13:18:31","guid":{"rendered":"https:\/\/repliquemangacine.fr\/?post_type=product&#038;p=29033"},"modified":"2026-04-23T11:23:33","modified_gmt":"2026-04-23T09:23:33","slug":"rambodolch-3","status":"publish","type":"product","link":"https:\/\/repliquemangacine.fr\/de\/couteaux-de-chasse\/poignard-rambo-3\/","title":{"rendered":"Rambo-Dolch 3"},"content":{"rendered":"<h2>Replik des Rambo 3-Dolches<\/h2>\n<p>Zu Beginn wird der <strong>Rambo-Dolch 3<\/strong> ist genau das gleiche wie im Film. Es gibt zwar kein Echtheitszertifikat, aber die hohe Qualit\u00e4t des Dolches wird alle Fans begeistern, vor allem zu diesem Preis!<\/p>\n<p>Zun\u00e4chst einmal ist Rambo eine US-amerikanische Filmreihe, die aus f\u00fcnf Filmen besteht. <a href=\"https:\/\/heros.fandom.com\/fr\/wiki\/John_Rambo\" target=\"_blank\" rel=\"noopener noreferrer\">John James Rambo<\/a> ist die Hauptfigur des Romans und der Verfilmungen. Auf der Leinwand wird er von Sylvester Stallone gespielt.<\/p>\n<p>Dar\u00fcber hinaus hat er eine Affinit\u00e4t zu Messern, sowohl als Waffe, um zahlreiche Feinde zu t\u00f6ten, als auch als \u00dcberlebenswerkzeug. Rambo ist unglaublich talentiert im Umgang mit verschiedenen Arten von Schusswaffen, aber auch mit dem Bogen, den er bevorzugt einsetzt, wenn er sich heimlich n\u00e4hern muss. Er ist sehr intelligent, spricht mehrere Sprachen, ist ein begabter Pilot und ein talentierter J\u00e4ger.<\/p>\n<h2>Ihr Rambo 3 Dolch zum besten Preis<\/h2>\n<p>Wir bieten Ihnen alle Rambo-Messer aus allen seinen Filmen an.<\/p>\n<p>Zun\u00e4chst einmal,<\/p>\n<ul>\n<li>Die <a href=\"https:\/\/repliquemangacine.fr\/de\/messer-rambo-dolch-john-rambo\/signaturdolch-rambo-2\/\">Dolch Rambo 2<\/a>\u00a0 mit der Unterschrift von Stallone selbst.<\/li>\n<li>Es gibt auch die <a href=\"https:\/\/repliquemangacine.fr\/de\/messer-rambo-dolch-john-rambo\/machette-rambo-iv\/\">Machete Rambo<\/a> der in den Filmen 4 und 5 zu sehen ist<\/li>\n<li>So auch der zuletzt <a href=\"https:\/\/repliquemangacine.fr\/de\/messer-rambo-dolch-john-rambo\/couteau-rambo-v-last-blood-couteau-rambo-heartstopper\/\">Messer Last Blood<\/a> im letzten Opus.<\/li>\n<li>Und noch viel mehr gibt es in unserem Online-Shop zu entdecken!<\/li>\n<\/ul>\n<p>Deshalb ist dies eine gro\u00dfartige Geschenkidee f\u00fcr alle Rambo-Fans.<\/p>\n<p>Abschlie\u00dfend k\u00f6nnen Sie den <strong>Rambo-Dolch 3<\/strong> f\u00fcr Ihre Themenabende oder Cosplays. Vor allem aber ist dieses Messer ein Sammlerst\u00fcck.<\/p>\n<p>R\u00e9plique Manga Cin\u00e9 ist ein franz\u00f6sisches Familienunternehmen<\/p>\n<h2>Wie pflegt man die Klinge eines Messers?<\/h2>\n<p>Sammlungs- und Dekorationsmesser werden auf vereinfachte Weise hergestellt und zusammengesetzt. Da sie zu Dekorationszwecken verwendet werden, fehlen ihnen die Sicherheitsmerkmale, die ein japanisches Schwert f\u00fcr Trainingszwecke aufweisen muss.<\/p>\n<p>Allerdings ist Ihr <strong>Rambo-Dolch 3<\/strong> zu einer Stahlklinge, die gepflegt werden muss, damit sie nicht mit der Zeit abgenutzt wird. Denn wenn du dein Katana ausstellst, werden deine Freunde neugierig sein, die Klinge zu sehen und sie zu ber\u00fchren. Hier ist Vorsicht geboten, denn Sie sollten wissen, dass die S\u00e4ure der Finger dem Stahl unabh\u00e4ngig von seiner Qualit\u00e4t sehr schadet.<\/p>\n<p>Sollte dies dennoch passieren, keine Panik, Sie brauchen nur ein mit etwas \u00d6l befeuchtetes Tuch und wischen die Fingerabdr\u00fccke ab. Auf diese Weise bleibt Ihr Messer sehr lange erhalten.<\/p>","protected":false},"excerpt":{"rendered":"<p>Nachbildung des Rambo 3-Messers in Originalgr\u00f6\u00dfe.<\/p>\n<ul>\n<li>Geschliffene, ge\u00e4tzte Klinge aus 440er Stahl im Bowie-Stil.<\/li>\n<li>Garde und Knauf und massiver Stahl.<\/li>\n<li>Griff aus Holz.<\/li>\n<li>Handgen\u00e4hte Lederscheide, Verschluss mit einem Druckknopf.<\/li>\n<li>Klingenl\u00e4nge: 28.5 cm - Gesamtl\u00e4nge: 42 cm<\/li>\n<li>Gewicht 752 grs<\/li>\n<\/ul>","protected":false},"featured_media":29034,"template":"","meta":[],"product_brand":[896],"product_cat":[890,24,61],"product_tag":[],"class_list":{"0":"post-29033","1":"product","2":"type-product","3":"status-publish","4":"has-post-thumbnail","6":"product_brand-replique-manga-cine","7":"product_cat-couteaux-de-chasse","8":"product_cat-films-series-tv-vente-de-katana-epee-et-produits-derives","9":"product_cat-couteaux-rambo-poignard-john-rambo","11":"first","12":"instock","13":"taxable","14":"shipping-taxable","15":"purchasable","16":"product-type-simple"},"yoast_head":"<!-- This site is optimized with the Yoast SEO plugin v27.5 - https:\/\/yoast.com\/product\/yoast-seo-wordpress\/ -->\n<title>Poignard Rambo 3 - Vente Couteau Rambo | R\u00e9plique Manga Cin\u00e9<\/title>\n<meta name=\"description\" content=\"Offrez-vous la r\u00e9plique exacte du Poignard Rambo 3 au meilleur prix. Lame aff\u00fbt\u00e9e et grav\u00e9e - Fourreau en cuir - Longueur totale : 42 cm - Envoi 24\/48h\" \/>\n<meta name=\"robots\" content=\"index, follow, max-snippet:-1, max-image-preview:large, max-video-preview:-1\" \/>\n<link rel=\"canonical\" href=\"https:\/\/repliquemangacine.fr\/de\/jagdmesser\/rambodolch-3\/\" \/>\n<meta property=\"og:locale\" content=\"de_DE\" \/>\n<meta property=\"og:type\" content=\"article\" \/>\n<meta property=\"og:title\" content=\"Poignard Rambo 3 - Vente Couteau Rambo | R\u00e9plique Manga Cin\u00e9\" \/>\n<meta property=\"og:description\" content=\"Offrez-vous la r\u00e9plique exacte du Poignard Rambo 3 au meilleur prix. Lame aff\u00fbt\u00e9e et grav\u00e9e - Fourreau en cuir - Longueur totale : 42 cm - Envoi 24\/48h\" \/>\n<meta property=\"og:url\" content=\"https:\/\/repliquemangacine.fr\/de\/jagdmesser\/rambodolch-3\/\" \/>\n<meta property=\"og:site_name\" content=\"R\u00e9plique Manga Cin\u00e9\" \/>\n<meta property=\"article:publisher\" content=\"https:\/\/www.facebook.com\/RepliqueMangaCine\" \/>\n<meta property=\"article:modified_time\" content=\"2026-04-23T09:23:33+00:00\" \/>\n<meta property=\"og:image\" content=\"https:\/\/repliquemangacine.fr\/wp-content\/uploads\/2023\/10\/3728-Lame-Couteau-Poignard-Rambo-III.jpg\" \/>\n\t<meta property=\"og:image:width\" content=\"800\" \/>\n\t<meta property=\"og:image:height\" content=\"800\" \/>\n\t<meta property=\"og:image:type\" content=\"image\/jpeg\" \/>\n<meta name=\"twitter:card\" content=\"summary_large_image\" \/>\n<meta name=\"twitter:label1\" content=\"Gesch\u00e4tzte Lesezeit\" \/>\n\t<meta name=\"twitter:data1\" content=\"1\u00a0Minute\" \/>\n<script type=\"application\/ld+json\" class=\"yoast-schema-graph\">{\"@context\":\"https:\\\/\\\/schema.org\",\"@graph\":[{\"@type\":\"WebPage\",\"@id\":\"https:\\\/\\\/repliquemangacine.fr\\\/couteaux-de-chasse\\\/poignard-rambo-3\\\/\",\"url\":\"https:\\\/\\\/repliquemangacine.fr\\\/couteaux-de-chasse\\\/poignard-rambo-3\\\/\",\"name\":\"Poignard Rambo 3 - Vente Couteau Rambo | R\u00e9plique Manga Cin\u00e9\",\"isPartOf\":{\"@id\":\"https:\\\/\\\/repliquemangacine.fr\\\/#website\"},\"primaryImageOfPage\":{\"@id\":\"https:\\\/\\\/repliquemangacine.fr\\\/couteaux-de-chasse\\\/poignard-rambo-3\\\/#primaryimage\"},\"image\":{\"@id\":\"https:\\\/\\\/repliquemangacine.fr\\\/couteaux-de-chasse\\\/poignard-rambo-3\\\/#primaryimage\"},\"thumbnailUrl\":\"https:\\\/\\\/repliquemangacine.fr\\\/wp-content\\\/uploads\\\/2023\\\/10\\\/3728-Lame-Couteau-Poignard-Rambo-III.jpg\",\"datePublished\":\"2020-08-02T13:18:31+00:00\",\"dateModified\":\"2026-04-23T09:23:33+00:00\",\"description\":\"Offrez-vous la r\u00e9plique exacte du Poignard Rambo 3 au meilleur prix. Lame aff\u00fbt\u00e9e et grav\u00e9e - Fourreau en cuir - Longueur totale : 42 cm - Envoi 24\\\/48h\",\"breadcrumb\":{\"@id\":\"https:\\\/\\\/repliquemangacine.fr\\\/couteaux-de-chasse\\\/poignard-rambo-3\\\/#breadcrumb\"},\"inLanguage\":\"de\",\"potentialAction\":[{\"@type\":\"ReadAction\",\"target\":[\"https:\\\/\\\/repliquemangacine.fr\\\/couteaux-de-chasse\\\/poignard-rambo-3\\\/\"]}]},{\"@type\":\"ImageObject\",\"inLanguage\":\"de\",\"@id\":\"https:\\\/\\\/repliquemangacine.fr\\\/couteaux-de-chasse\\\/poignard-rambo-3\\\/#primaryimage\",\"url\":\"https:\\\/\\\/repliquemangacine.fr\\\/wp-content\\\/uploads\\\/2023\\\/10\\\/3728-Lame-Couteau-Poignard-Rambo-III.jpg\",\"contentUrl\":\"https:\\\/\\\/repliquemangacine.fr\\\/wp-content\\\/uploads\\\/2023\\\/10\\\/3728-Lame-Couteau-Poignard-Rambo-III.jpg\",\"width\":800,\"height\":800,\"caption\":\"Lame Couteau Poignard Rambo III\"},{\"@type\":\"BreadcrumbList\",\"@id\":\"https:\\\/\\\/repliquemangacine.fr\\\/couteaux-de-chasse\\\/poignard-rambo-3\\\/#breadcrumb\",\"itemListElement\":[{\"@type\":\"ListItem\",\"position\":1,\"name\":\"Accueil\",\"item\":\"https:\\\/\\\/repliquemangacine.fr\\\/\"},{\"@type\":\"ListItem\",\"position\":2,\"name\":\"Produits\",\"item\":\"https:\\\/\\\/repliquemangacine.fr\\\/boutique\\\/\"},{\"@type\":\"ListItem\",\"position\":3,\"name\":\"Poignard Rambo 3\"}]},{\"@type\":\"WebSite\",\"@id\":\"https:\\\/\\\/repliquemangacine.fr\\\/#website\",\"url\":\"https:\\\/\\\/repliquemangacine.fr\\\/\",\"name\":\"R\u00e9plique Manga Cin\u00e9\",\"description\":\"\",\"publisher\":{\"@id\":\"https:\\\/\\\/repliquemangacine.fr\\\/#organization\"},\"potentialAction\":[{\"@type\":\"SearchAction\",\"target\":{\"@type\":\"EntryPoint\",\"urlTemplate\":\"https:\\\/\\\/repliquemangacine.fr\\\/?s={search_term_string}\"},\"query-input\":{\"@type\":\"PropertyValueSpecification\",\"valueRequired\":true,\"valueName\":\"search_term_string\"}}],\"inLanguage\":\"de\"},{\"@type\":\"Organization\",\"@id\":\"https:\\\/\\\/repliquemangacine.fr\\\/#organization\",\"name\":\"R\u00e9plique Manga Cin\u00e9\",\"url\":\"https:\\\/\\\/repliquemangacine.fr\\\/\",\"logo\":{\"@type\":\"ImageObject\",\"inLanguage\":\"de\",\"@id\":\"https:\\\/\\\/repliquemangacine.fr\\\/#\\\/schema\\\/logo\\\/image\\\/\",\"url\":\"https:\\\/\\\/repliquemangacine.fr\\\/wp-content\\\/uploads\\\/2023\\\/10\\\/RMC-500250.png\",\"contentUrl\":\"https:\\\/\\\/repliquemangacine.fr\\\/wp-content\\\/uploads\\\/2023\\\/10\\\/RMC-500250.png\",\"width\":500,\"height\":250,\"caption\":\"R\u00e9plique Manga Cin\u00e9\"},\"image\":{\"@id\":\"https:\\\/\\\/repliquemangacine.fr\\\/#\\\/schema\\\/logo\\\/image\\\/\"},\"sameAs\":[\"https:\\\/\\\/www.facebook.com\\\/RepliqueMangaCine\",\"https:\\\/\\\/www.instagram.com\\\/repliquemangacine.fr\\\/\"]}]}<\/script>\n<!-- \/ Yoast SEO plugin. -->","yoast_head_json":{"title":"Rambo Dolch 3 - Rambo Messer Verkauf | R\u00e9plique Manga Cin\u00e9","description":"G\u00f6nnen Sie sich die exakte Replik des Rambo 3-Dolches zum besten Preis. Geschliffene und ge\u00e4tzte Klinge - Lederscheide - Gesamtl\u00e4nge: 42 cm - Versand 24\/48h","robots":{"index":"index","follow":"follow","max-snippet":"max-snippet:-1","max-image-preview":"max-image-preview:large","max-video-preview":"max-video-preview:-1"},"canonical":"https:\/\/repliquemangacine.fr\/de\/jagdmesser\/rambodolch-3\/","og_locale":"de_DE","og_type":"article","og_title":"Poignard Rambo 3 - Vente Couteau Rambo | R\u00e9plique Manga Cin\u00e9","og_description":"Offrez-vous la r\u00e9plique exacte du Poignard Rambo 3 au meilleur prix. Lame aff\u00fbt\u00e9e et grav\u00e9e - Fourreau en cuir - Longueur totale : 42 cm - Envoi 24\/48h","og_url":"https:\/\/repliquemangacine.fr\/de\/jagdmesser\/rambodolch-3\/","og_site_name":"R\u00e9plique Manga Cin\u00e9","article_publisher":"https:\/\/www.facebook.com\/RepliqueMangaCine","article_modified_time":"2026-04-23T09:23:33+00:00","og_image":[{"width":800,"height":800,"url":"https:\/\/repliquemangacine.fr\/wp-content\/uploads\/2023\/10\/3728-Lame-Couteau-Poignard-Rambo-III.jpg","type":"image\/jpeg"}],"twitter_card":"summary_large_image","twitter_misc":{"Gesch\u00e4tzte Lesezeit":"1\u00a0Minute"},"schema":{"@context":"https:\/\/schema.org","@graph":[{"@type":"WebPage","@id":"https:\/\/repliquemangacine.fr\/couteaux-de-chasse\/poignard-rambo-3\/","url":"https:\/\/repliquemangacine.fr\/couteaux-de-chasse\/poignard-rambo-3\/","name":"Rambo Dolch 3 - Rambo Messer Verkauf | R\u00e9plique Manga Cin\u00e9","isPartOf":{"@id":"https:\/\/repliquemangacine.fr\/#website"},"primaryImageOfPage":{"@id":"https:\/\/repliquemangacine.fr\/couteaux-de-chasse\/poignard-rambo-3\/#primaryimage"},"image":{"@id":"https:\/\/repliquemangacine.fr\/couteaux-de-chasse\/poignard-rambo-3\/#primaryimage"},"thumbnailUrl":"https:\/\/repliquemangacine.fr\/wp-content\/uploads\/2023\/10\/3728-Lame-Couteau-Poignard-Rambo-III.jpg","datePublished":"2020-08-02T13:18:31+00:00","dateModified":"2026-04-23T09:23:33+00:00","description":"G\u00f6nnen Sie sich die exakte Replik des Rambo 3-Dolches zum besten Preis. Geschliffene und ge\u00e4tzte Klinge - Lederscheide - Gesamtl\u00e4nge: 42 cm - Versand 24\/48h","breadcrumb":{"@id":"https:\/\/repliquemangacine.fr\/couteaux-de-chasse\/poignard-rambo-3\/#breadcrumb"},"inLanguage":"de","potentialAction":[{"@type":"ReadAction","target":["https:\/\/repliquemangacine.fr\/couteaux-de-chasse\/poignard-rambo-3\/"]}]},{"@type":"ImageObject","inLanguage":"de","@id":"https:\/\/repliquemangacine.fr\/couteaux-de-chasse\/poignard-rambo-3\/#primaryimage","url":"https:\/\/repliquemangacine.fr\/wp-content\/uploads\/2023\/10\/3728-Lame-Couteau-Poignard-Rambo-III.jpg","contentUrl":"https:\/\/repliquemangacine.fr\/wp-content\/uploads\/2023\/10\/3728-Lame-Couteau-Poignard-Rambo-III.jpg","width":800,"height":800,"caption":"Lame Couteau Poignard Rambo III"},{"@type":"BreadcrumbList","@id":"https:\/\/repliquemangacine.fr\/couteaux-de-chasse\/poignard-rambo-3\/#breadcrumb","itemListElement":[{"@type":"ListItem","position":1,"name":"Accueil","item":"https:\/\/repliquemangacine.fr\/"},{"@type":"ListItem","position":2,"name":"Produits","item":"https:\/\/repliquemangacine.fr\/boutique\/"},{"@type":"ListItem","position":3,"name":"Poignard Rambo 3"}]},{"@type":"WebSite","@id":"https:\/\/repliquemangacine.fr\/#website","url":"https:\/\/repliquemangacine.fr\/","name":"R\u00e9plique Manga Cin\u00e9","description":"","publisher":{"@id":"https:\/\/repliquemangacine.fr\/#organization"},"potentialAction":[{"@type":"SearchAction","target":{"@type":"EntryPoint","urlTemplate":"https:\/\/repliquemangacine.fr\/?s={search_term_string}"},"query-input":{"@type":"PropertyValueSpecification","valueRequired":true,"valueName":"search_term_string"}}],"inLanguage":"de"},{"@type":"Organization","@id":"https:\/\/repliquemangacine.fr\/#organization","name":"R\u00e9plique Manga Cin\u00e9","url":"https:\/\/repliquemangacine.fr\/","logo":{"@type":"ImageObject","inLanguage":"de","@id":"https:\/\/repliquemangacine.fr\/#\/schema\/logo\/image\/","url":"https:\/\/repliquemangacine.fr\/wp-content\/uploads\/2023\/10\/RMC-500250.png","contentUrl":"https:\/\/repliquemangacine.fr\/wp-content\/uploads\/2023\/10\/RMC-500250.png","width":500,"height":250,"caption":"R\u00e9plique Manga Cin\u00e9"},"image":{"@id":"https:\/\/repliquemangacine.fr\/#\/schema\/logo\/image\/"},"sameAs":["https:\/\/www.facebook.com\/RepliqueMangaCine","https:\/\/www.instagram.com\/repliquemangacine.fr\/"]}]}},"_links":{"self":[{"href":"https:\/\/repliquemangacine.fr\/de\/wp-json\/wp\/v2\/product\/29033","targetHints":{"allow":["GET"]}}],"collection":[{"href":"https:\/\/repliquemangacine.fr\/de\/wp-json\/wp\/v2\/product"}],"about":[{"href":"https:\/\/repliquemangacine.fr\/de\/wp-json\/wp\/v2\/types\/product"}],"wp:featuredmedia":[{"embeddable":true,"href":"https:\/\/repliquemangacine.fr\/de\/wp-json\/wp\/v2\/media\/29034"}],"wp:attachment":[{"href":"https:\/\/repliquemangacine.fr\/de\/wp-json\/wp\/v2\/media?parent=29033"}],"wp:term":[{"taxonomy":"product_brand","embeddable":true,"href":"https:\/\/repliquemangacine.fr\/de\/wp-json\/wp\/v2\/product_brand?post=29033"},{"taxonomy":"product_cat","embeddable":true,"href":"https:\/\/repliquemangacine.fr\/de\/wp-json\/wp\/v2\/product_cat?post=29033"},{"taxonomy":"product_tag","embeddable":true,"href":"https:\/\/repliquemangacine.fr\/de\/wp-json\/wp\/v2\/product_tag?post=29033"}],"curies":[{"name":"wp","href":"https:\/\/api.w.org\/{rel}","templated":true}]}}