





{"id":29015,"date":"2020-07-25T15:14:09","date_gmt":"2020-07-25T13:14:09","guid":{"rendered":"https:\/\/repliquemangacine.fr\/?post_type=product&#038;p=29015"},"modified":"2026-04-08T19:14:19","modified_gmt":"2026-04-08T17:14:19","slug":"lucille-negan-schlager-aus-hartschaum","status":"publish","type":"product","link":"https:\/\/repliquemangacine.fr\/de\/armes-the-walking-dead\/batte-de-negan-lucille-en-mousse-rigide\/","title":{"rendered":"Neganer Schlagstock Lucille"},"content":{"rendered":"<h2>Negans Lucille-Schl\u00e4ger aus Hartschaumstoff.<\/h2>\n<p>Zu Beginn wird die <strong>Neganer Schlagstock Lucille<\/strong> besteht aus Hartschaum. <a href=\"https:\/\/thewalkingdead.fandom.com\/fr\/wiki\/Lucille_Smith\">Lucille<\/a> ist der Vorname von Negans Frau. Kurz vor der Apokalypse erfuhr sie, dass sie Krebs hatte. Lucille war aufgrund ihrer Krankheit sehr geschw\u00e4cht. Negan k\u00fcmmerte sich um sie, aber die Chemotherapie hatte ihm geschadet und er musste immer gr\u00f6\u00dfere Risiken f\u00fcr sie eingehen.<\/p>\n<p>W\u00e4hrend er weg war, beging Lucille Selbstmord, um ihren Schmerz zu lindern.<\/p>\n<p>Negan, Hauptgegner in The Walking Dead. Er taucht zum ersten Mal in Staffel 6 auf.<\/p>\n<p>Negan, Anf\u00fchrer der Saviors, wird von seiner Gruppe ebenso respektiert wie gef\u00fcrchtet. Er lebt in einer stillgelegten Fabrik namens \u201cThe Sanctuary\u201d. Bevor er seine Opfer t\u00f6tet, pr\u00e4sentiert er stets Lucille.<br \/>\nSo t\u00f6tet er in der 7. Staffel vor aller Augen den ungl\u00fccklichen Gleen und Abraham.<\/p>\n<h2>Ihr The walking Dead-Schl\u00e4ger zum besten Preis.<\/h2>\n<p>Wir bieten Ihnen eine gro\u00dfe Auswahl an Reproduktionen von Waffen aus der TV-Serie The Walking Dead.<\/p>\n<p>Zun\u00e4chst einmal,<\/p>\n<ul>\n<li>Originalgetreue Nachbildung des <a href=\"https:\/\/repliquemangacine.fr\/de\/the-walking-dead\/dolch-daryl-walking-dead\/\">Dolch von Daryl<\/a> die er gegen Lance Hornsby in Episode 18 Saison 11 einsetzt<\/li>\n<li>Sowie die Replik der <a href=\"https:\/\/repliquemangacine.fr\/de\/the-walking-dead\/ricks-axt-cold-steel\/\">Ricks Axt<\/a> in den Gef\u00e4ngnis-Episoden der Cold Steel-Version.<\/li>\n<li>Es gibt auch den <a href=\"https:\/\/repliquemangacine.fr\/de\/filme-tv-serien-verkauf-von-katana-schwertern-und-derivaten\/katana-schmiede-von-michonne\/\">Michonnes Katana<\/a> in zwei Versionen scharf und nicht scharf.<\/li>\n<li>Und noch viel mehr gibt es in unserem Shop zu entdecken!<\/li>\n<\/ul>\n<p>Deshalb ist dies eine gro\u00dfartige Geschenkidee f\u00fcr alle Liebhaber historischer Waffen.<\/p>\n<p>Abschlie\u00dfend k\u00f6nnen Sie diese <strong>Neganer Schlagstock Lucille<\/strong> f\u00fcr Ihre Inneneinrichtung oder Ihre Themenpartys.<\/p>\n<p>Vor allem ist diese Waffe ein Sammler- und Dekorationsst\u00fcck.<\/p>\n<p>&nbsp;<\/p>\n<p><strong>\u00a0<\/strong><\/p>","protected":false},"excerpt":{"rendered":"<p>Schlagstock namens Lucille, den Negan in \"The Walking Dead\" benutzt.<\/p>\n<ul>\n<li>Schlagstock aus Hartschaum vom Stiel sowie Stacheldraht.<\/li>\n<li>Es besteht also keine Verletzungsgefahr.<\/li>\n<li>Tats\u00e4chliche Gr\u00f6\u00dfe 82 cm in der L\u00e4nge und 8 cm im Durchmesser. Sein Gewicht betr\u00e4gt 400 Gramm.<\/li>\n<\/ul>","protected":false},"featured_media":29016,"template":"","meta":[],"product_brand":[896],"product_cat":[24,62],"product_tag":[],"class_list":{"0":"post-29015","1":"product","2":"type-product","3":"status-publish","4":"has-post-thumbnail","6":"product_brand-replique-manga-cine","7":"product_cat-films-series-tv-vente-de-katana-epee-et-produits-derives","8":"product_cat-armes-the-walking-dead","10":"first","11":"instock","12":"taxable","13":"shipping-taxable","14":"purchasable","15":"product-type-simple"},"yoast_head":"<!-- This site is optimized with the Yoast SEO plugin v27.5 - https:\/\/yoast.com\/product\/yoast-seo-wordpress\/ -->\n<title>Batte de N\u00e9gan Lucille - The Walking Dead - R\u00e9plique Manga Cin\u00e9<\/title>\n<meta name=\"description\" content=\"Achetez cette r\u00e9plique de la terrifiante Batte de N\u00e9gan Lucille dans The Walking Dead - Tout en mousse rigide - Longueur totale : 82 cm\" \/>\n<meta name=\"robots\" content=\"index, follow, max-snippet:-1, max-image-preview:large, max-video-preview:-1\" \/>\n<link rel=\"canonical\" href=\"https:\/\/repliquemangacine.fr\/de\/waffen-the-walking-dead\/lucille-negan-schlager-aus-hartschaum\/\" \/>\n<meta property=\"og:locale\" content=\"de_DE\" \/>\n<meta property=\"og:type\" content=\"article\" \/>\n<meta property=\"og:title\" content=\"Batte de N\u00e9gan Lucille - The Walking Dead - R\u00e9plique Manga Cin\u00e9\" \/>\n<meta property=\"og:description\" content=\"Achetez cette r\u00e9plique de la terrifiante Batte de N\u00e9gan Lucille dans The Walking Dead - Tout en mousse rigide - Longueur totale : 82 cm\" \/>\n<meta property=\"og:url\" content=\"https:\/\/repliquemangacine.fr\/de\/waffen-the-walking-dead\/lucille-negan-schlager-aus-hartschaum\/\" \/>\n<meta property=\"og:site_name\" content=\"R\u00e9plique Manga Cin\u00e9\" \/>\n<meta property=\"article:publisher\" content=\"https:\/\/www.facebook.com\/RepliqueMangaCine\" \/>\n<meta property=\"article:modified_time\" content=\"2026-04-08T17:14:19+00:00\" \/>\n<meta property=\"og:image\" content=\"https:\/\/repliquemangacine.fr\/wp-content\/uploads\/2023\/10\/3699-Batte-Mousse-Negan-Walking-Dead.jpg\" \/>\n\t<meta property=\"og:image:width\" content=\"800\" \/>\n\t<meta property=\"og:image:height\" content=\"800\" \/>\n\t<meta property=\"og:image:type\" content=\"image\/jpeg\" \/>\n<meta name=\"twitter:card\" content=\"summary_large_image\" \/>\n<meta name=\"twitter:label1\" content=\"Gesch\u00e4tzte Lesezeit\" \/>\n\t<meta name=\"twitter:data1\" content=\"2\u00a0Minuten\" \/>\n<script type=\"application\/ld+json\" class=\"yoast-schema-graph\">{\"@context\":\"https:\\\/\\\/schema.org\",\"@graph\":[{\"@type\":\"WebPage\",\"@id\":\"https:\\\/\\\/repliquemangacine.fr\\\/armes-the-walking-dead\\\/batte-de-negan-lucille-en-mousse-rigide\\\/\",\"url\":\"https:\\\/\\\/repliquemangacine.fr\\\/armes-the-walking-dead\\\/batte-de-negan-lucille-en-mousse-rigide\\\/\",\"name\":\"Batte de N\u00e9gan Lucille - The Walking Dead - R\u00e9plique Manga Cin\u00e9\",\"isPartOf\":{\"@id\":\"https:\\\/\\\/repliquemangacine.fr\\\/#website\"},\"primaryImageOfPage\":{\"@id\":\"https:\\\/\\\/repliquemangacine.fr\\\/armes-the-walking-dead\\\/batte-de-negan-lucille-en-mousse-rigide\\\/#primaryimage\"},\"image\":{\"@id\":\"https:\\\/\\\/repliquemangacine.fr\\\/armes-the-walking-dead\\\/batte-de-negan-lucille-en-mousse-rigide\\\/#primaryimage\"},\"thumbnailUrl\":\"https:\\\/\\\/repliquemangacine.fr\\\/wp-content\\\/uploads\\\/2023\\\/10\\\/3699-Batte-Mousse-Negan-Walking-Dead.jpg\",\"datePublished\":\"2020-07-25T13:14:09+00:00\",\"dateModified\":\"2026-04-08T17:14:19+00:00\",\"description\":\"Achetez cette r\u00e9plique de la terrifiante Batte de N\u00e9gan Lucille dans The Walking Dead - Tout en mousse rigide - Longueur totale : 82 cm\",\"breadcrumb\":{\"@id\":\"https:\\\/\\\/repliquemangacine.fr\\\/armes-the-walking-dead\\\/batte-de-negan-lucille-en-mousse-rigide\\\/#breadcrumb\"},\"inLanguage\":\"de\",\"potentialAction\":[{\"@type\":\"ReadAction\",\"target\":[\"https:\\\/\\\/repliquemangacine.fr\\\/armes-the-walking-dead\\\/batte-de-negan-lucille-en-mousse-rigide\\\/\"]}]},{\"@type\":\"ImageObject\",\"inLanguage\":\"de\",\"@id\":\"https:\\\/\\\/repliquemangacine.fr\\\/armes-the-walking-dead\\\/batte-de-negan-lucille-en-mousse-rigide\\\/#primaryimage\",\"url\":\"https:\\\/\\\/repliquemangacine.fr\\\/wp-content\\\/uploads\\\/2023\\\/10\\\/3699-Batte-Mousse-Negan-Walking-Dead.jpg\",\"contentUrl\":\"https:\\\/\\\/repliquemangacine.fr\\\/wp-content\\\/uploads\\\/2023\\\/10\\\/3699-Batte-Mousse-Negan-Walking-Dead.jpg\",\"width\":800,\"height\":800,\"caption\":\"Batte Mousse N\u00e9gan Walking Dead\"},{\"@type\":\"BreadcrumbList\",\"@id\":\"https:\\\/\\\/repliquemangacine.fr\\\/armes-the-walking-dead\\\/batte-de-negan-lucille-en-mousse-rigide\\\/#breadcrumb\",\"itemListElement\":[{\"@type\":\"ListItem\",\"position\":1,\"name\":\"Accueil\",\"item\":\"https:\\\/\\\/repliquemangacine.fr\\\/\"},{\"@type\":\"ListItem\",\"position\":2,\"name\":\"Produits\",\"item\":\"https:\\\/\\\/repliquemangacine.fr\\\/boutique\\\/\"},{\"@type\":\"ListItem\",\"position\":3,\"name\":\"Batte de N\u00e9gan Lucille\"}]},{\"@type\":\"WebSite\",\"@id\":\"https:\\\/\\\/repliquemangacine.fr\\\/#website\",\"url\":\"https:\\\/\\\/repliquemangacine.fr\\\/\",\"name\":\"R\u00e9plique Manga Cin\u00e9\",\"description\":\"\",\"publisher\":{\"@id\":\"https:\\\/\\\/repliquemangacine.fr\\\/#organization\"},\"potentialAction\":[{\"@type\":\"SearchAction\",\"target\":{\"@type\":\"EntryPoint\",\"urlTemplate\":\"https:\\\/\\\/repliquemangacine.fr\\\/?s={search_term_string}\"},\"query-input\":{\"@type\":\"PropertyValueSpecification\",\"valueRequired\":true,\"valueName\":\"search_term_string\"}}],\"inLanguage\":\"de\"},{\"@type\":\"Organization\",\"@id\":\"https:\\\/\\\/repliquemangacine.fr\\\/#organization\",\"name\":\"R\u00e9plique Manga Cin\u00e9\",\"url\":\"https:\\\/\\\/repliquemangacine.fr\\\/\",\"logo\":{\"@type\":\"ImageObject\",\"inLanguage\":\"de\",\"@id\":\"https:\\\/\\\/repliquemangacine.fr\\\/#\\\/schema\\\/logo\\\/image\\\/\",\"url\":\"https:\\\/\\\/repliquemangacine.fr\\\/wp-content\\\/uploads\\\/2023\\\/10\\\/RMC-500250.png\",\"contentUrl\":\"https:\\\/\\\/repliquemangacine.fr\\\/wp-content\\\/uploads\\\/2023\\\/10\\\/RMC-500250.png\",\"width\":500,\"height\":250,\"caption\":\"R\u00e9plique Manga Cin\u00e9\"},\"image\":{\"@id\":\"https:\\\/\\\/repliquemangacine.fr\\\/#\\\/schema\\\/logo\\\/image\\\/\"},\"sameAs\":[\"https:\\\/\\\/www.facebook.com\\\/RepliqueMangaCine\",\"https:\\\/\\\/www.instagram.com\\\/repliquemangacine.fr\\\/\"]}]}<\/script>\n<!-- \/ Yoast SEO plugin. -->","yoast_head_json":{"title":"Lucille Negans Schlagstock - The Walking Dead - R\u00e9plique Manga Cin\u00e9","description":"Kaufen Sie diese Replik des furchterregenden Negan Lucille-Schl\u00e4gers aus The Walking Dead - Komplett aus Hartschaum - Gesamtl\u00e4nge: 82 cm","robots":{"index":"index","follow":"follow","max-snippet":"max-snippet:-1","max-image-preview":"max-image-preview:large","max-video-preview":"max-video-preview:-1"},"canonical":"https:\/\/repliquemangacine.fr\/de\/waffen-the-walking-dead\/lucille-negan-schlager-aus-hartschaum\/","og_locale":"de_DE","og_type":"article","og_title":"Batte de N\u00e9gan Lucille - The Walking Dead - R\u00e9plique Manga Cin\u00e9","og_description":"Achetez cette r\u00e9plique de la terrifiante Batte de N\u00e9gan Lucille dans The Walking Dead - Tout en mousse rigide - Longueur totale : 82 cm","og_url":"https:\/\/repliquemangacine.fr\/de\/waffen-the-walking-dead\/lucille-negan-schlager-aus-hartschaum\/","og_site_name":"R\u00e9plique Manga Cin\u00e9","article_publisher":"https:\/\/www.facebook.com\/RepliqueMangaCine","article_modified_time":"2026-04-08T17:14:19+00:00","og_image":[{"width":800,"height":800,"url":"https:\/\/repliquemangacine.fr\/wp-content\/uploads\/2023\/10\/3699-Batte-Mousse-Negan-Walking-Dead.jpg","type":"image\/jpeg"}],"twitter_card":"summary_large_image","twitter_misc":{"Gesch\u00e4tzte Lesezeit":"2\u00a0Minuten"},"schema":{"@context":"https:\/\/schema.org","@graph":[{"@type":"WebPage","@id":"https:\/\/repliquemangacine.fr\/armes-the-walking-dead\/batte-de-negan-lucille-en-mousse-rigide\/","url":"https:\/\/repliquemangacine.fr\/armes-the-walking-dead\/batte-de-negan-lucille-en-mousse-rigide\/","name":"Lucille Negans Schlagstock - The Walking Dead - R\u00e9plique Manga Cin\u00e9","isPartOf":{"@id":"https:\/\/repliquemangacine.fr\/#website"},"primaryImageOfPage":{"@id":"https:\/\/repliquemangacine.fr\/armes-the-walking-dead\/batte-de-negan-lucille-en-mousse-rigide\/#primaryimage"},"image":{"@id":"https:\/\/repliquemangacine.fr\/armes-the-walking-dead\/batte-de-negan-lucille-en-mousse-rigide\/#primaryimage"},"thumbnailUrl":"https:\/\/repliquemangacine.fr\/wp-content\/uploads\/2023\/10\/3699-Batte-Mousse-Negan-Walking-Dead.jpg","datePublished":"2020-07-25T13:14:09+00:00","dateModified":"2026-04-08T17:14:19+00:00","description":"Kaufen Sie diese Replik des furchterregenden Negan Lucille-Schl\u00e4gers aus The Walking Dead - Komplett aus Hartschaum - Gesamtl\u00e4nge: 82 cm","breadcrumb":{"@id":"https:\/\/repliquemangacine.fr\/armes-the-walking-dead\/batte-de-negan-lucille-en-mousse-rigide\/#breadcrumb"},"inLanguage":"de","potentialAction":[{"@type":"ReadAction","target":["https:\/\/repliquemangacine.fr\/armes-the-walking-dead\/batte-de-negan-lucille-en-mousse-rigide\/"]}]},{"@type":"ImageObject","inLanguage":"de","@id":"https:\/\/repliquemangacine.fr\/armes-the-walking-dead\/batte-de-negan-lucille-en-mousse-rigide\/#primaryimage","url":"https:\/\/repliquemangacine.fr\/wp-content\/uploads\/2023\/10\/3699-Batte-Mousse-Negan-Walking-Dead.jpg","contentUrl":"https:\/\/repliquemangacine.fr\/wp-content\/uploads\/2023\/10\/3699-Batte-Mousse-Negan-Walking-Dead.jpg","width":800,"height":800,"caption":"Batte Mousse N\u00e9gan Walking Dead"},{"@type":"BreadcrumbList","@id":"https:\/\/repliquemangacine.fr\/armes-the-walking-dead\/batte-de-negan-lucille-en-mousse-rigide\/#breadcrumb","itemListElement":[{"@type":"ListItem","position":1,"name":"Accueil","item":"https:\/\/repliquemangacine.fr\/"},{"@type":"ListItem","position":2,"name":"Produits","item":"https:\/\/repliquemangacine.fr\/boutique\/"},{"@type":"ListItem","position":3,"name":"Batte de N\u00e9gan Lucille"}]},{"@type":"WebSite","@id":"https:\/\/repliquemangacine.fr\/#website","url":"https:\/\/repliquemangacine.fr\/","name":"R\u00e9plique Manga Cin\u00e9","description":"","publisher":{"@id":"https:\/\/repliquemangacine.fr\/#organization"},"potentialAction":[{"@type":"SearchAction","target":{"@type":"EntryPoint","urlTemplate":"https:\/\/repliquemangacine.fr\/?s={search_term_string}"},"query-input":{"@type":"PropertyValueSpecification","valueRequired":true,"valueName":"search_term_string"}}],"inLanguage":"de"},{"@type":"Organization","@id":"https:\/\/repliquemangacine.fr\/#organization","name":"R\u00e9plique Manga Cin\u00e9","url":"https:\/\/repliquemangacine.fr\/","logo":{"@type":"ImageObject","inLanguage":"de","@id":"https:\/\/repliquemangacine.fr\/#\/schema\/logo\/image\/","url":"https:\/\/repliquemangacine.fr\/wp-content\/uploads\/2023\/10\/RMC-500250.png","contentUrl":"https:\/\/repliquemangacine.fr\/wp-content\/uploads\/2023\/10\/RMC-500250.png","width":500,"height":250,"caption":"R\u00e9plique Manga Cin\u00e9"},"image":{"@id":"https:\/\/repliquemangacine.fr\/#\/schema\/logo\/image\/"},"sameAs":["https:\/\/www.facebook.com\/RepliqueMangaCine","https:\/\/www.instagram.com\/repliquemangacine.fr\/"]}]}},"_links":{"self":[{"href":"https:\/\/repliquemangacine.fr\/de\/wp-json\/wp\/v2\/product\/29015","targetHints":{"allow":["GET"]}}],"collection":[{"href":"https:\/\/repliquemangacine.fr\/de\/wp-json\/wp\/v2\/product"}],"about":[{"href":"https:\/\/repliquemangacine.fr\/de\/wp-json\/wp\/v2\/types\/product"}],"wp:featuredmedia":[{"embeddable":true,"href":"https:\/\/repliquemangacine.fr\/de\/wp-json\/wp\/v2\/media\/29016"}],"wp:attachment":[{"href":"https:\/\/repliquemangacine.fr\/de\/wp-json\/wp\/v2\/media?parent=29015"}],"wp:term":[{"taxonomy":"product_brand","embeddable":true,"href":"https:\/\/repliquemangacine.fr\/de\/wp-json\/wp\/v2\/product_brand?post=29015"},{"taxonomy":"product_cat","embeddable":true,"href":"https:\/\/repliquemangacine.fr\/de\/wp-json\/wp\/v2\/product_cat?post=29015"},{"taxonomy":"product_tag","embeddable":true,"href":"https:\/\/repliquemangacine.fr\/de\/wp-json\/wp\/v2\/product_tag?post=29015"}],"curies":[{"name":"wp","href":"https:\/\/api.w.org\/{rel}","templated":true}]}}