





{"id":28995,"date":"2020-07-24T10:46:35","date_gmt":"2020-07-24T08:46:35","guid":{"rendered":"https:\/\/repliquemangacine.fr\/?post_type=product&#038;p=28995"},"modified":"2026-04-15T12:57:48","modified_gmt":"2026-04-15T10:57:48","slug":"colt-m1911a1-demontabel-denix-schaft-kariert","status":"publish","type":"product","link":"https:\/\/repliquemangacine.fr\/de\/reproductions-armes-seconde-guerre-mondiale-denix\/colt-m1911a1-demontable-denix-crosse-quadrillee\/","title":{"rendered":"Colt M1911A1 Abnehmbarer karierter Griff"},"content":{"rendered":"<h2>Colt M1911A1 zerlegbar Denix USA 1911.<\/h2>\n<p>Zu Beginn wird der <strong>Colt M1911A1 zerlegbar<\/strong> Denix ist eine zuverl\u00e4ssige, automatische Einzelladerwaffe, die durch direkten R\u00fccksto\u00df bet\u00e4tigt und durch einen Stapler mit einer Patrone des Kalibers .45 angetrieben wird. Sie wurde von John M. Browning f\u00fcr den milit\u00e4rischen Gebrauch entwickelt, der auch die passende Patrone f\u00fcr die Waffe, das .45 ACP, entwarf.<\/p>\n<p>Am 29. M\u00e4rz 1911 vom US-Au\u00dfenministerium verabschiedet.<\/p>\n<p>Weit verbreitet im Ersten und Zweiten Weltkrieg, sp\u00e4ter im Korea- und Vietnamkrieg. In der US-Armee bis 1985 in kontinuierlicher Form im Dienst geblieben und durch die Beretta ersetzt. Einige Varianten werden angesichts ihrer Beliebtheit noch immer produziert, immer noch aktiv in einigen Einheiten der Spezialeinheiten, der Marine und der Marineinfanterie.<\/p>\n<h2>Ihr Colt M1911A1 zerlegbar zum besten Preis.<\/h2>\n<p>Wir bieten Ihnen eine gro\u00dfe Auswahl an Reproduktionen historischer Waffen der Marke Denix.<\/p>\n<p>Zun\u00e4chst einmal,<\/p>\n<ul>\n<li>Das Holster<a href=\"https:\/\/repliquemangacine.fr\/de\/holster-zubehor\/schulterholster-m7\/\"> M7 US ARMY<\/a> f\u00fcr Colt M1911A1 Kal. 45.<\/li>\n<li>Es gibt auch die Reproduktion des <a href=\"https:\/\/repliquemangacine.fr\/de\/darmsreproduktionen\/fusil-lee-enfield-smle\/\">Lee Enfield SMLE Gewehr<\/a>.<\/li>\n<li>Und viele andere, die es in unserem Online-Shop zu entdecken gibt!<\/li>\n<\/ul>\n<p>Deshalb gibt es hier tolle Geschenkideen f\u00fcr alle Geschichtsinteressierten und vor allem, um unsere Helden nicht zu vergessen.<\/p>\n<p>Abschlie\u00dfend k\u00f6nnen Sie den <strong>Colt M1911A1 zerlegbar<\/strong> Denix f\u00fcr Ihre historischen Rekonstruktionen. Vor allem aber ist diese Reproduktion eine Sammlerwaffe.<\/p>\n<p>R\u00e9plique Manga Cin\u00e9 ist ein franz\u00f6sisches Familienunternehmen und offizieller Vertriebspartner der Marke <a href=\"https:\/\/www.denix.fr\/\" target=\"_blank\" rel=\"noopener noreferrer\">Denix<\/a>.<\/p>\n<h2>Wie werden Denix-Waffenrepliken hergestellt?<\/h2>\n<p>Werden in historischen Rekonstruktionen, Filmen und Serien sowie von Sammlern verwendet. Denix-Waffenreproduktionen, die aus hochwertigen Materialien hergestellt werden. Sorgf\u00e4ltig bearbeitet und zusammengesetzt, um realistische Sammlerwaffen zu schaffen.<\/p>\n<ul>\n<li>Die Metalle sind in einer Metalllegierung, die als Zamac bekannt ist und deren Grundzusammensetzung Zink in 95% ist.<\/li>\n<li>Die Kunststoffteile der Repliken aus geformtem ABS, das eine hohe Widerstandsf\u00e4higkeit bietet.<\/li>\n<li>Holz, das aufgrund seiner Sch\u00f6nheit und Haltbarkeit ausgew\u00e4hlt wird, wie z. B. Mahagoni, Olivenholz oder Walnuss, verleiht Ihren Sch\u00e4ften und F\u00e4ssern ein elegantes und authentisches Aussehen.<\/li>\n<\/ul>\n<p>Es ist zu betonen, dass alle Reproduktionen von Denix-Waffen mit den Originalen identisch sind, wie Ihr <strong>Colt M1911A1 zerlegbar<\/strong>.<\/p>","protected":false},"excerpt":{"rendered":"<p>Identische Nachbildung des Originals.<\/p>\n<ul>\n<li>Zerlegbarer Lauf.<\/li>\n<li>Aus Metall ( Zamac ).<\/li>\n<li>Quadrierte Holzpl\u00e4ttchen.<\/li>\n<li>Mechanismus zur Simulation von Ladungen und Leersch\u00fcssen.<\/li>\n<li>Schiebender Zylinderkopf.<\/li>\n<li>Abnehmbare Kanone.<\/li>\n<li>Abnehmbares Ladeger\u00e4t.<\/li>\n<li>L\u00e4nge: 240 mm - Gewicht: 920 g<\/li>\n<li><strong>Unterliegt keiner Genehmigungspflicht. Verkauf und Besitz frei.<\/strong><\/li>\n<\/ul>\n<p><iframe title=\"YouTube-Videoplayer\" src=\"https:\/\/www.youtube.com\/embed\/bmhw7av8vn8\" width=\"560\" height=\"315\" frameborder=\"0\" allowfullscreen=\"allowfullscreen\"><\/iframe><\/p>","protected":false},"featured_media":28996,"template":"","meta":[],"product_brand":[896],"product_cat":[25,102,54,40,28,76],"product_tag":[],"class_list":{"0":"post-28995","1":"product","2":"type-product","3":"status-publish","4":"has-post-thumbnail","6":"product_brand-replique-manga-cine","7":"product_cat-armes-historiques","8":"product_cat-denix","9":"product_cat-armes-accessoires-guerre-mondiale","10":"product_cat-pistolet-moderne","11":"product_cat-repliques-darmes","12":"product_cat-reproductions-armes-seconde-guerre-mondiale-denix","14":"first","15":"instock","16":"sale","17":"taxable","18":"shipping-taxable","19":"purchasable","20":"product-type-simple"},"yoast_head":"<!-- This site is optimized with the Yoast SEO plugin v27.5 - https:\/\/yoast.com\/product\/yoast-seo-wordpress\/ -->\n<title>Colt M1911A1 d\u00e9montable - Crosse bois - R\u00e9plique Manga Cin\u00e9<\/title>\n<meta name=\"description\" content=\"Offrez-vous le Colt M1911A1 d\u00e9montable Denix au meilleur prix - En m\u00e9tal - Crosse quadrill\u00e9e - M\u00e9canisme fonctionnel - Inapte au tir - Longueur : 24 cm\" \/>\n<meta name=\"robots\" content=\"index, follow, max-snippet:-1, max-image-preview:large, max-video-preview:-1\" \/>\n<link rel=\"canonical\" href=\"https:\/\/repliquemangacine.fr\/de\/waffenreproduktionen-zweiter-weltkrieg-denix\/colt-m1911a1-demontabel-denix-schaft-kariert\/\" \/>\n<meta property=\"og:locale\" content=\"de_DE\" \/>\n<meta property=\"og:type\" content=\"article\" \/>\n<meta property=\"og:title\" content=\"Colt M1911A1 d\u00e9montable - Crosse bois - R\u00e9plique Manga Cin\u00e9\" \/>\n<meta property=\"og:description\" content=\"Offrez-vous le Colt M1911A1 d\u00e9montable Denix au meilleur prix - En m\u00e9tal - Crosse quadrill\u00e9e - M\u00e9canisme fonctionnel - Inapte au tir - Longueur : 24 cm\" \/>\n<meta property=\"og:url\" content=\"https:\/\/repliquemangacine.fr\/de\/waffenreproduktionen-zweiter-weltkrieg-denix\/colt-m1911a1-demontabel-denix-schaft-kariert\/\" \/>\n<meta property=\"og:site_name\" content=\"R\u00e9plique Manga Cin\u00e9\" \/>\n<meta property=\"article:publisher\" content=\"https:\/\/www.facebook.com\/RepliqueMangaCine\" \/>\n<meta property=\"article:modified_time\" content=\"2026-04-15T10:57:48+00:00\" \/>\n<meta property=\"og:image\" content=\"https:\/\/repliquemangacine.fr\/wp-content\/uploads\/2023\/10\/3676-Pistolet-M1911A1-Demontable-Crosse-Quadrillee.jpg\" \/>\n\t<meta property=\"og:image:width\" content=\"800\" \/>\n\t<meta property=\"og:image:height\" content=\"800\" \/>\n\t<meta property=\"og:image:type\" content=\"image\/jpeg\" \/>\n<meta name=\"twitter:card\" content=\"summary_large_image\" \/>\n<meta name=\"twitter:label1\" content=\"Gesch\u00e4tzte Lesezeit\" \/>\n\t<meta name=\"twitter:data1\" content=\"1\u00a0Minute\" \/>\n<script type=\"application\/ld+json\" class=\"yoast-schema-graph\">{\"@context\":\"https:\\\/\\\/schema.org\",\"@graph\":[{\"@type\":\"WebPage\",\"@id\":\"https:\\\/\\\/repliquemangacine.fr\\\/reproductions-armes-seconde-guerre-mondiale-denix\\\/colt-m1911a1-demontable-denix-crosse-quadrillee\\\/\",\"url\":\"https:\\\/\\\/repliquemangacine.fr\\\/reproductions-armes-seconde-guerre-mondiale-denix\\\/colt-m1911a1-demontable-denix-crosse-quadrillee\\\/\",\"name\":\"Colt M1911A1 d\u00e9montable - Crosse bois - R\u00e9plique Manga Cin\u00e9\",\"isPartOf\":{\"@id\":\"https:\\\/\\\/repliquemangacine.fr\\\/#website\"},\"primaryImageOfPage\":{\"@id\":\"https:\\\/\\\/repliquemangacine.fr\\\/reproductions-armes-seconde-guerre-mondiale-denix\\\/colt-m1911a1-demontable-denix-crosse-quadrillee\\\/#primaryimage\"},\"image\":{\"@id\":\"https:\\\/\\\/repliquemangacine.fr\\\/reproductions-armes-seconde-guerre-mondiale-denix\\\/colt-m1911a1-demontable-denix-crosse-quadrillee\\\/#primaryimage\"},\"thumbnailUrl\":\"https:\\\/\\\/repliquemangacine.fr\\\/wp-content\\\/uploads\\\/2023\\\/10\\\/3676-Pistolet-M1911A1-Demontable-Crosse-Quadrillee.jpg\",\"datePublished\":\"2020-07-24T08:46:35+00:00\",\"dateModified\":\"2026-04-15T10:57:48+00:00\",\"description\":\"Offrez-vous le Colt M1911A1 d\u00e9montable Denix au meilleur prix - En m\u00e9tal - Crosse quadrill\u00e9e - M\u00e9canisme fonctionnel - Inapte au tir - Longueur : 24 cm\",\"breadcrumb\":{\"@id\":\"https:\\\/\\\/repliquemangacine.fr\\\/reproductions-armes-seconde-guerre-mondiale-denix\\\/colt-m1911a1-demontable-denix-crosse-quadrillee\\\/#breadcrumb\"},\"inLanguage\":\"de\",\"potentialAction\":[{\"@type\":\"ReadAction\",\"target\":[\"https:\\\/\\\/repliquemangacine.fr\\\/reproductions-armes-seconde-guerre-mondiale-denix\\\/colt-m1911a1-demontable-denix-crosse-quadrillee\\\/\"]}]},{\"@type\":\"ImageObject\",\"inLanguage\":\"de\",\"@id\":\"https:\\\/\\\/repliquemangacine.fr\\\/reproductions-armes-seconde-guerre-mondiale-denix\\\/colt-m1911a1-demontable-denix-crosse-quadrillee\\\/#primaryimage\",\"url\":\"https:\\\/\\\/repliquemangacine.fr\\\/wp-content\\\/uploads\\\/2023\\\/10\\\/3676-Pistolet-M1911A1-Demontable-Crosse-Quadrillee.jpg\",\"contentUrl\":\"https:\\\/\\\/repliquemangacine.fr\\\/wp-content\\\/uploads\\\/2023\\\/10\\\/3676-Pistolet-M1911A1-Demontable-Crosse-Quadrillee.jpg\",\"width\":800,\"height\":800,\"caption\":\"Pistolet M1911A1 D\u00e9montable Crosse Quadrill\u00e9e\"},{\"@type\":\"BreadcrumbList\",\"@id\":\"https:\\\/\\\/repliquemangacine.fr\\\/reproductions-armes-seconde-guerre-mondiale-denix\\\/colt-m1911a1-demontable-denix-crosse-quadrillee\\\/#breadcrumb\",\"itemListElement\":[{\"@type\":\"ListItem\",\"position\":1,\"name\":\"Accueil\",\"item\":\"https:\\\/\\\/repliquemangacine.fr\\\/\"},{\"@type\":\"ListItem\",\"position\":2,\"name\":\"Produits\",\"item\":\"https:\\\/\\\/repliquemangacine.fr\\\/boutique\\\/\"},{\"@type\":\"ListItem\",\"position\":3,\"name\":\"Colt M1911A1 D\u00e9montable crosse quadrill\u00e9e\"}]},{\"@type\":\"WebSite\",\"@id\":\"https:\\\/\\\/repliquemangacine.fr\\\/#website\",\"url\":\"https:\\\/\\\/repliquemangacine.fr\\\/\",\"name\":\"R\u00e9plique Manga Cin\u00e9\",\"description\":\"\",\"publisher\":{\"@id\":\"https:\\\/\\\/repliquemangacine.fr\\\/#organization\"},\"potentialAction\":[{\"@type\":\"SearchAction\",\"target\":{\"@type\":\"EntryPoint\",\"urlTemplate\":\"https:\\\/\\\/repliquemangacine.fr\\\/?s={search_term_string}\"},\"query-input\":{\"@type\":\"PropertyValueSpecification\",\"valueRequired\":true,\"valueName\":\"search_term_string\"}}],\"inLanguage\":\"de\"},{\"@type\":\"Organization\",\"@id\":\"https:\\\/\\\/repliquemangacine.fr\\\/#organization\",\"name\":\"R\u00e9plique Manga Cin\u00e9\",\"url\":\"https:\\\/\\\/repliquemangacine.fr\\\/\",\"logo\":{\"@type\":\"ImageObject\",\"inLanguage\":\"de\",\"@id\":\"https:\\\/\\\/repliquemangacine.fr\\\/#\\\/schema\\\/logo\\\/image\\\/\",\"url\":\"https:\\\/\\\/repliquemangacine.fr\\\/wp-content\\\/uploads\\\/2023\\\/10\\\/RMC-500250.png\",\"contentUrl\":\"https:\\\/\\\/repliquemangacine.fr\\\/wp-content\\\/uploads\\\/2023\\\/10\\\/RMC-500250.png\",\"width\":500,\"height\":250,\"caption\":\"R\u00e9plique Manga Cin\u00e9\"},\"image\":{\"@id\":\"https:\\\/\\\/repliquemangacine.fr\\\/#\\\/schema\\\/logo\\\/image\\\/\"},\"sameAs\":[\"https:\\\/\\\/www.facebook.com\\\/RepliqueMangaCine\",\"https:\\\/\\\/www.instagram.com\\\/repliquemangacine.fr\\\/\"]}]}<\/script>\n<!-- \/ Yoast SEO plugin. -->","yoast_head_json":{"title":"Colt M1911A1 zerlegbar - Holzschaft - R\u00e9plique Manga Cin\u00e9","description":"Bieten Sie den Denix Colt M1911A1 zerlegbar zum besten Preis an - Aus Metall - Karierter Schaft - Funktionaler Mechanismus - Nicht schussf\u00e4hig - L\u00e4nge: 24 cm","robots":{"index":"index","follow":"follow","max-snippet":"max-snippet:-1","max-image-preview":"max-image-preview:large","max-video-preview":"max-video-preview:-1"},"canonical":"https:\/\/repliquemangacine.fr\/de\/waffenreproduktionen-zweiter-weltkrieg-denix\/colt-m1911a1-demontabel-denix-schaft-kariert\/","og_locale":"de_DE","og_type":"article","og_title":"Colt M1911A1 d\u00e9montable - Crosse bois - R\u00e9plique Manga Cin\u00e9","og_description":"Offrez-vous le Colt M1911A1 d\u00e9montable Denix au meilleur prix - En m\u00e9tal - Crosse quadrill\u00e9e - M\u00e9canisme fonctionnel - Inapte au tir - Longueur : 24 cm","og_url":"https:\/\/repliquemangacine.fr\/de\/waffenreproduktionen-zweiter-weltkrieg-denix\/colt-m1911a1-demontabel-denix-schaft-kariert\/","og_site_name":"R\u00e9plique Manga Cin\u00e9","article_publisher":"https:\/\/www.facebook.com\/RepliqueMangaCine","article_modified_time":"2026-04-15T10:57:48+00:00","og_image":[{"width":800,"height":800,"url":"https:\/\/repliquemangacine.fr\/wp-content\/uploads\/2023\/10\/3676-Pistolet-M1911A1-Demontable-Crosse-Quadrillee.jpg","type":"image\/jpeg"}],"twitter_card":"summary_large_image","twitter_misc":{"Gesch\u00e4tzte Lesezeit":"1\u00a0Minute"},"schema":{"@context":"https:\/\/schema.org","@graph":[{"@type":"WebPage","@id":"https:\/\/repliquemangacine.fr\/reproductions-armes-seconde-guerre-mondiale-denix\/colt-m1911a1-demontable-denix-crosse-quadrillee\/","url":"https:\/\/repliquemangacine.fr\/reproductions-armes-seconde-guerre-mondiale-denix\/colt-m1911a1-demontable-denix-crosse-quadrillee\/","name":"Colt M1911A1 zerlegbar - Holzschaft - R\u00e9plique Manga Cin\u00e9","isPartOf":{"@id":"https:\/\/repliquemangacine.fr\/#website"},"primaryImageOfPage":{"@id":"https:\/\/repliquemangacine.fr\/reproductions-armes-seconde-guerre-mondiale-denix\/colt-m1911a1-demontable-denix-crosse-quadrillee\/#primaryimage"},"image":{"@id":"https:\/\/repliquemangacine.fr\/reproductions-armes-seconde-guerre-mondiale-denix\/colt-m1911a1-demontable-denix-crosse-quadrillee\/#primaryimage"},"thumbnailUrl":"https:\/\/repliquemangacine.fr\/wp-content\/uploads\/2023\/10\/3676-Pistolet-M1911A1-Demontable-Crosse-Quadrillee.jpg","datePublished":"2020-07-24T08:46:35+00:00","dateModified":"2026-04-15T10:57:48+00:00","description":"Bieten Sie den Denix Colt M1911A1 zerlegbar zum besten Preis an - Aus Metall - Karierter Schaft - Funktionaler Mechanismus - Nicht schussf\u00e4hig - L\u00e4nge: 24 cm","breadcrumb":{"@id":"https:\/\/repliquemangacine.fr\/reproductions-armes-seconde-guerre-mondiale-denix\/colt-m1911a1-demontable-denix-crosse-quadrillee\/#breadcrumb"},"inLanguage":"de","potentialAction":[{"@type":"ReadAction","target":["https:\/\/repliquemangacine.fr\/reproductions-armes-seconde-guerre-mondiale-denix\/colt-m1911a1-demontable-denix-crosse-quadrillee\/"]}]},{"@type":"ImageObject","inLanguage":"de","@id":"https:\/\/repliquemangacine.fr\/reproductions-armes-seconde-guerre-mondiale-denix\/colt-m1911a1-demontable-denix-crosse-quadrillee\/#primaryimage","url":"https:\/\/repliquemangacine.fr\/wp-content\/uploads\/2023\/10\/3676-Pistolet-M1911A1-Demontable-Crosse-Quadrillee.jpg","contentUrl":"https:\/\/repliquemangacine.fr\/wp-content\/uploads\/2023\/10\/3676-Pistolet-M1911A1-Demontable-Crosse-Quadrillee.jpg","width":800,"height":800,"caption":"Pistolet M1911A1 D\u00e9montable Crosse Quadrill\u00e9e"},{"@type":"BreadcrumbList","@id":"https:\/\/repliquemangacine.fr\/reproductions-armes-seconde-guerre-mondiale-denix\/colt-m1911a1-demontable-denix-crosse-quadrillee\/#breadcrumb","itemListElement":[{"@type":"ListItem","position":1,"name":"Accueil","item":"https:\/\/repliquemangacine.fr\/"},{"@type":"ListItem","position":2,"name":"Produits","item":"https:\/\/repliquemangacine.fr\/boutique\/"},{"@type":"ListItem","position":3,"name":"Colt M1911A1 D\u00e9montable crosse quadrill\u00e9e"}]},{"@type":"WebSite","@id":"https:\/\/repliquemangacine.fr\/#website","url":"https:\/\/repliquemangacine.fr\/","name":"R\u00e9plique Manga Cin\u00e9","description":"","publisher":{"@id":"https:\/\/repliquemangacine.fr\/#organization"},"potentialAction":[{"@type":"SearchAction","target":{"@type":"EntryPoint","urlTemplate":"https:\/\/repliquemangacine.fr\/?s={search_term_string}"},"query-input":{"@type":"PropertyValueSpecification","valueRequired":true,"valueName":"search_term_string"}}],"inLanguage":"de"},{"@type":"Organization","@id":"https:\/\/repliquemangacine.fr\/#organization","name":"R\u00e9plique Manga Cin\u00e9","url":"https:\/\/repliquemangacine.fr\/","logo":{"@type":"ImageObject","inLanguage":"de","@id":"https:\/\/repliquemangacine.fr\/#\/schema\/logo\/image\/","url":"https:\/\/repliquemangacine.fr\/wp-content\/uploads\/2023\/10\/RMC-500250.png","contentUrl":"https:\/\/repliquemangacine.fr\/wp-content\/uploads\/2023\/10\/RMC-500250.png","width":500,"height":250,"caption":"R\u00e9plique Manga Cin\u00e9"},"image":{"@id":"https:\/\/repliquemangacine.fr\/#\/schema\/logo\/image\/"},"sameAs":["https:\/\/www.facebook.com\/RepliqueMangaCine","https:\/\/www.instagram.com\/repliquemangacine.fr\/"]}]}},"_links":{"self":[{"href":"https:\/\/repliquemangacine.fr\/de\/wp-json\/wp\/v2\/product\/28995","targetHints":{"allow":["GET"]}}],"collection":[{"href":"https:\/\/repliquemangacine.fr\/de\/wp-json\/wp\/v2\/product"}],"about":[{"href":"https:\/\/repliquemangacine.fr\/de\/wp-json\/wp\/v2\/types\/product"}],"wp:featuredmedia":[{"embeddable":true,"href":"https:\/\/repliquemangacine.fr\/de\/wp-json\/wp\/v2\/media\/28996"}],"wp:attachment":[{"href":"https:\/\/repliquemangacine.fr\/de\/wp-json\/wp\/v2\/media?parent=28995"}],"wp:term":[{"taxonomy":"product_brand","embeddable":true,"href":"https:\/\/repliquemangacine.fr\/de\/wp-json\/wp\/v2\/product_brand?post=28995"},{"taxonomy":"product_cat","embeddable":true,"href":"https:\/\/repliquemangacine.fr\/de\/wp-json\/wp\/v2\/product_cat?post=28995"},{"taxonomy":"product_tag","embeddable":true,"href":"https:\/\/repliquemangacine.fr\/de\/wp-json\/wp\/v2\/product_tag?post=28995"}],"curies":[{"name":"wp","href":"https:\/\/api.w.org\/{rel}","templated":true}]}}