





{"id":28967,"date":"2020-07-12T16:24:26","date_gmt":"2020-07-12T14:24:26","guid":{"rendered":"https:\/\/repliquemangacine.fr\/?post_type=product&#038;p=28967"},"modified":"2026-04-30T23:26:49","modified_gmt":"2026-04-30T21:26:49","slug":"colt-peacemaker-7-inch-kaliber-45-1873","status":"publish","type":"product","link":"https:\/\/repliquemangacine.fr\/de\/colt-revolver-western\/colt-peacemaker-7-pouces-calibre-45-1873\/","title":{"rendered":"Colt Peacemaker 7 Zoll 1873"},"content":{"rendered":"<h2>Colt Peacemaker 7 Zoll 1873 - Denix<\/h2>\n<p>Zu Beginn wird der <strong>Colt Peacemaker 7 Zoll <\/strong>1873, ist eine mit dem Original identische Reproduktion.<\/p>\n<p>Wenn es eine Waffe gibt, deren Prestige nie nachgelassen hat, sondern im Gegenteil immer weiter gewachsen ist, dann ist es der Colt Single Action. Dieser Revolver mit seiner charakteristischen, perfekt harmonischen Form wurde zur Legende.<\/p>\n<p>Es muss betont werden, dass die Single Action 1875 ihren Spitznamen Frontier erhielt, als die 44-40 Winchester-Patrone angepasst wurde. So erzwangen die beiden legend\u00e4rsten Waffen des Wilden Westens das gleiche Gesetz des Feuers.<\/p>\n<p>Nach der Eroberung des Westens beginnt f\u00fcr diese Waffe die Eroberung der Erinnerung. Das wird ihr leicht fallen, so sehr haben ihre Linien und Heldentaten die Vorstellungskraft der Menschen gepr\u00e4gt.<\/p>\n<h2>Ihr Colt Peacemaker 7 Zoll zum besten Preis<\/h2>\n<p>Wir bieten Ihnen eine gro\u00dfe Auswahl an Denix-Waffenreproduktionen zum niedrigsten Preis auf dem Markt.<\/p>\n<p>Zun\u00e4chst einmal,<\/p>\n<ul>\n<li>Der Revolver der Konf\u00f6derierten<a href=\"https:\/\/repliquemangacine.fr\/de\/colts-revolver\/revolver-griswold-gunnison-usa-1860\/\"> Griswold Gunnison<\/a> 1860 der Marke Denix.<\/li>\n<li>Sowie diese Denix-Reproduktion des <a href=\"https:\/\/repliquemangacine.fr\/de\/colts-revolver\/revolver-schofield-smith-et-wesson-1869\/\">Schofield Revolver<\/a> Smith und Wesson Kaliber 45.<\/li>\n<li>Und viele weitere Encores, die Sie in unserem Online-Shop entdecken k\u00f6nnen!<\/li>\n<\/ul>\n<p>Deshalb ist dies eine tolle Geschenkidee f\u00fcr Sammler oder Westernfans.<\/p>\n<p>Abschlie\u00dfend k\u00f6nnen Sie den <strong>Colt Peacemaker 7 Zoll<\/strong> 1873 f\u00fcr Ihre Westernvorf\u00fchrungen oder Themenabende.<\/p>\n<p>Wir m\u00f6chten Sie daran erinnern, dass es sich hierbei nur um ungef\u00e4hrliche Scheinwaffen handelt.<\/p>\n<p>R\u00e9plique Manga Cin\u00e9 ist ein franz\u00f6sisches Unternehmen, Offizieller Vertriebspartner der Marke <a href=\"https:\/\/www.denix.fr\/\" target=\"_blank\" rel=\"noopener noreferrer\">Denix<\/a>.<\/p>\n<h2>Wie werden Denix-Waffenrepliken hergestellt?<\/h2>\n<p>Werden in historischen Rekonstruktionen, Filmen und Serien sowie von Sammlern verwendet. Denix-Waffenreproduktionen, die aus hochwertigen Materialien hergestellt werden. Sorgf\u00e4ltig bearbeitet und zusammengesetzt, um realistische Sammlerwaffen zu schaffen.<\/p>\n<ul>\n<li>Die Metalle sind in einer Metalllegierung, die als Zamac bekannt ist und deren Grundzusammensetzung Zink in 95% ist.<\/li>\n<li>Die Kunststoffteile der Repliken aus geformtem ABS, das eine hohe Widerstandsf\u00e4higkeit bietet.<\/li>\n<li>Holz, das aufgrund seiner Sch\u00f6nheit und Haltbarkeit ausgew\u00e4hlt wird, wie z. B. Mahagoni, Olivenholz oder Walnuss, verleiht Ihren Sch\u00e4ften und F\u00e4ssern ein elegantes und authentisches Aussehen.<\/li>\n<\/ul>\n<p>Es ist zu betonen, dass alle Nachbildungen von Denix-Waffen mit den Originalen identisch sind, wie Ihr <strong>Colt Peacemaker 7 Zoll<\/strong>.<\/p>","protected":false},"excerpt":{"rendered":"<p>Dieses Modell mit langem Lauf 7 1\/2 Zoll (17.80 cm).<\/p>\n<ul>\n<li>Schaft aus Edelholz.<\/li>\n<li>Geh\u00e4use aus gealtertem Stahl.<\/li>\n<li>Bewaffnet sich und schl\u00e4gt auf, ist aber v\u00f6llig unf\u00e4hig zu schie\u00dfen.<\/li>\n<li>Drehen des Zylinders.<\/li>\n<li>Unterliegt keiner Genehmigungspflicht. Verkauf und Besitz frei<\/li>\n<li>Gesamtl\u00e4nge: 35 cm - Gewicht: 1020 g<\/li>\n<\/ul>\n<p>&nbsp;<\/p>","protected":false},"featured_media":28968,"template":"","meta":[],"product_brand":[896],"product_cat":[34,33,77,102,28,27],"product_tag":[],"class_list":{"0":"post-28967","1":"product","2":"type-product","3":"status-publish","4":"has-post-thumbnail","6":"product_brand-replique-manga-cine","7":"product_cat-armes-westerns","8":"product_cat-colt-pistolet","9":"product_cat-colt-revolver-western","10":"product_cat-denix","11":"product_cat-repliques-darmes","12":"product_cat-armes-et-accessoires-western","14":"first","15":"instock","16":"sale","17":"taxable","18":"shipping-taxable","19":"purchasable","20":"product-type-simple"},"yoast_head":"<!-- This site is optimized with the Yoast SEO plugin v27.5 - https:\/\/yoast.com\/product\/yoast-seo-wordpress\/ -->\n<title>Colt Peacemaker 7 pouces Cal 45 - Denix | R\u00e9plique Manga Cin\u00e9<\/title>\n<meta name=\"description\" content=\"Offre-lui ! Ce Colt Peacemaker 7 pouces au meilleur prix - En zamac et bois - M\u00e9canisme fonctionnel - Inapte aux tirs - Barillet rotatif - Longueur : 35 cm\" \/>\n<meta name=\"robots\" content=\"index, follow, max-snippet:-1, max-image-preview:large, max-video-preview:-1\" \/>\n<link rel=\"canonical\" href=\"https:\/\/repliquemangacine.fr\/de\/denix\/colt-peacemaker-7-inch-kaliber-45-1873\/\" \/>\n<meta property=\"og:locale\" content=\"de_DE\" \/>\n<meta property=\"og:type\" content=\"article\" \/>\n<meta property=\"og:title\" content=\"Colt Peacemaker 7 pouces Cal 45 - Denix | R\u00e9plique Manga Cin\u00e9\" \/>\n<meta property=\"og:description\" content=\"Offre-lui ! Ce Colt Peacemaker 7 pouces au meilleur prix - En zamac et bois - M\u00e9canisme fonctionnel - Inapte aux tirs - Barillet rotatif - Longueur : 35 cm\" \/>\n<meta property=\"og:url\" content=\"https:\/\/repliquemangacine.fr\/de\/denix\/colt-peacemaker-7-inch-kaliber-45-1873\/\" \/>\n<meta property=\"og:site_name\" content=\"R\u00e9plique Manga Cin\u00e9\" \/>\n<meta property=\"article:publisher\" content=\"https:\/\/www.facebook.com\/RepliqueMangaCine\" \/>\n<meta property=\"article:modified_time\" content=\"2026-04-30T21:26:49+00:00\" \/>\n<meta property=\"og:image\" content=\"https:\/\/repliquemangacine.fr\/wp-content\/uploads\/2023\/10\/3657-Replique-Revolver-Colt-7-Pouce-Et-Demi.jpg\" \/>\n\t<meta property=\"og:image:width\" content=\"800\" \/>\n\t<meta property=\"og:image:height\" content=\"800\" \/>\n\t<meta property=\"og:image:type\" content=\"image\/jpeg\" \/>\n<meta name=\"twitter:card\" content=\"summary_large_image\" \/>\n<meta name=\"twitter:label1\" content=\"Gesch\u00e4tzte Lesezeit\" \/>\n\t<meta name=\"twitter:data1\" content=\"2\u00a0Minuten\" \/>\n<script type=\"application\/ld+json\" class=\"yoast-schema-graph\">{\"@context\":\"https:\\\/\\\/schema.org\",\"@graph\":[{\"@type\":\"WebPage\",\"@id\":\"https:\\\/\\\/repliquemangacine.fr\\\/denix\\\/colt-peacemaker-7-pouces-calibre-45-1873\\\/\",\"url\":\"https:\\\/\\\/repliquemangacine.fr\\\/denix\\\/colt-peacemaker-7-pouces-calibre-45-1873\\\/\",\"name\":\"Colt Peacemaker 7 pouces Cal 45 - Denix | R\u00e9plique Manga Cin\u00e9\",\"isPartOf\":{\"@id\":\"https:\\\/\\\/repliquemangacine.fr\\\/#website\"},\"primaryImageOfPage\":{\"@id\":\"https:\\\/\\\/repliquemangacine.fr\\\/denix\\\/colt-peacemaker-7-pouces-calibre-45-1873\\\/#primaryimage\"},\"image\":{\"@id\":\"https:\\\/\\\/repliquemangacine.fr\\\/denix\\\/colt-peacemaker-7-pouces-calibre-45-1873\\\/#primaryimage\"},\"thumbnailUrl\":\"https:\\\/\\\/repliquemangacine.fr\\\/wp-content\\\/uploads\\\/2023\\\/10\\\/3657-Replique-Revolver-Colt-7-Pouce-Et-Demi.jpg\",\"datePublished\":\"2020-07-12T14:24:26+00:00\",\"dateModified\":\"2026-04-30T21:26:49+00:00\",\"description\":\"Offre-lui ! Ce Colt Peacemaker 7 pouces au meilleur prix - En zamac et bois - M\u00e9canisme fonctionnel - Inapte aux tirs - Barillet rotatif - Longueur : 35 cm\",\"breadcrumb\":{\"@id\":\"https:\\\/\\\/repliquemangacine.fr\\\/denix\\\/colt-peacemaker-7-pouces-calibre-45-1873\\\/#breadcrumb\"},\"inLanguage\":\"de\",\"potentialAction\":[{\"@type\":\"ReadAction\",\"target\":[\"https:\\\/\\\/repliquemangacine.fr\\\/denix\\\/colt-peacemaker-7-pouces-calibre-45-1873\\\/\"]}]},{\"@type\":\"ImageObject\",\"inLanguage\":\"de\",\"@id\":\"https:\\\/\\\/repliquemangacine.fr\\\/denix\\\/colt-peacemaker-7-pouces-calibre-45-1873\\\/#primaryimage\",\"url\":\"https:\\\/\\\/repliquemangacine.fr\\\/wp-content\\\/uploads\\\/2023\\\/10\\\/3657-Replique-Revolver-Colt-7-Pouce-Et-Demi.jpg\",\"contentUrl\":\"https:\\\/\\\/repliquemangacine.fr\\\/wp-content\\\/uploads\\\/2023\\\/10\\\/3657-Replique-Revolver-Colt-7-Pouce-Et-Demi.jpg\",\"width\":800,\"height\":800,\"caption\":\"R\u00e9plique Revolver Colt 7 Pouce Et Demi\"},{\"@type\":\"BreadcrumbList\",\"@id\":\"https:\\\/\\\/repliquemangacine.fr\\\/denix\\\/colt-peacemaker-7-pouces-calibre-45-1873\\\/#breadcrumb\",\"itemListElement\":[{\"@type\":\"ListItem\",\"position\":1,\"name\":\"Accueil\",\"item\":\"https:\\\/\\\/repliquemangacine.fr\\\/\"},{\"@type\":\"ListItem\",\"position\":2,\"name\":\"Produits\",\"item\":\"https:\\\/\\\/repliquemangacine.fr\\\/boutique\\\/\"},{\"@type\":\"ListItem\",\"position\":3,\"name\":\"Colt Peacemaker 7 pouces 1873\"}]},{\"@type\":\"WebSite\",\"@id\":\"https:\\\/\\\/repliquemangacine.fr\\\/#website\",\"url\":\"https:\\\/\\\/repliquemangacine.fr\\\/\",\"name\":\"R\u00e9plique Manga Cin\u00e9\",\"description\":\"\",\"publisher\":{\"@id\":\"https:\\\/\\\/repliquemangacine.fr\\\/#organization\"},\"potentialAction\":[{\"@type\":\"SearchAction\",\"target\":{\"@type\":\"EntryPoint\",\"urlTemplate\":\"https:\\\/\\\/repliquemangacine.fr\\\/?s={search_term_string}\"},\"query-input\":{\"@type\":\"PropertyValueSpecification\",\"valueRequired\":true,\"valueName\":\"search_term_string\"}}],\"inLanguage\":\"de\"},{\"@type\":\"Organization\",\"@id\":\"https:\\\/\\\/repliquemangacine.fr\\\/#organization\",\"name\":\"R\u00e9plique Manga Cin\u00e9\",\"url\":\"https:\\\/\\\/repliquemangacine.fr\\\/\",\"logo\":{\"@type\":\"ImageObject\",\"inLanguage\":\"de\",\"@id\":\"https:\\\/\\\/repliquemangacine.fr\\\/#\\\/schema\\\/logo\\\/image\\\/\",\"url\":\"https:\\\/\\\/repliquemangacine.fr\\\/wp-content\\\/uploads\\\/2023\\\/10\\\/RMC-500250.png\",\"contentUrl\":\"https:\\\/\\\/repliquemangacine.fr\\\/wp-content\\\/uploads\\\/2023\\\/10\\\/RMC-500250.png\",\"width\":500,\"height\":250,\"caption\":\"R\u00e9plique Manga Cin\u00e9\"},\"image\":{\"@id\":\"https:\\\/\\\/repliquemangacine.fr\\\/#\\\/schema\\\/logo\\\/image\\\/\"},\"sameAs\":[\"https:\\\/\\\/www.facebook.com\\\/RepliqueMangaCine\",\"https:\\\/\\\/www.instagram.com\\\/repliquemangacine.fr\\\/\"]}]}<\/script>\n<!-- \/ Yoast SEO plugin. -->","yoast_head_json":{"title":"Colt Peacemaker 7 Zoll Cal 45 - Denix | R\u00e9plique Manga Cin\u00e9","description":"Biete ihn an! Dieser Colt Peacemaker 7 Zoll zum besten Preis - Aus Zamak und Holz - Funktioneller Mechanismus - Schussunf\u00e4hig - Drehbarer Lauf - L\u00e4nge: 35 cm","robots":{"index":"index","follow":"follow","max-snippet":"max-snippet:-1","max-image-preview":"max-image-preview:large","max-video-preview":"max-video-preview:-1"},"canonical":"https:\/\/repliquemangacine.fr\/de\/denix\/colt-peacemaker-7-inch-kaliber-45-1873\/","og_locale":"de_DE","og_type":"article","og_title":"Colt Peacemaker 7 pouces Cal 45 - Denix | R\u00e9plique Manga Cin\u00e9","og_description":"Offre-lui ! Ce Colt Peacemaker 7 pouces au meilleur prix - En zamac et bois - M\u00e9canisme fonctionnel - Inapte aux tirs - Barillet rotatif - Longueur : 35 cm","og_url":"https:\/\/repliquemangacine.fr\/de\/denix\/colt-peacemaker-7-inch-kaliber-45-1873\/","og_site_name":"R\u00e9plique Manga Cin\u00e9","article_publisher":"https:\/\/www.facebook.com\/RepliqueMangaCine","article_modified_time":"2026-04-30T21:26:49+00:00","og_image":[{"width":800,"height":800,"url":"https:\/\/repliquemangacine.fr\/wp-content\/uploads\/2023\/10\/3657-Replique-Revolver-Colt-7-Pouce-Et-Demi.jpg","type":"image\/jpeg"}],"twitter_card":"summary_large_image","twitter_misc":{"Gesch\u00e4tzte Lesezeit":"2\u00a0Minuten"},"schema":{"@context":"https:\/\/schema.org","@graph":[{"@type":"WebPage","@id":"https:\/\/repliquemangacine.fr\/denix\/colt-peacemaker-7-pouces-calibre-45-1873\/","url":"https:\/\/repliquemangacine.fr\/denix\/colt-peacemaker-7-pouces-calibre-45-1873\/","name":"Colt Peacemaker 7 Zoll Cal 45 - Denix | R\u00e9plique Manga Cin\u00e9","isPartOf":{"@id":"https:\/\/repliquemangacine.fr\/#website"},"primaryImageOfPage":{"@id":"https:\/\/repliquemangacine.fr\/denix\/colt-peacemaker-7-pouces-calibre-45-1873\/#primaryimage"},"image":{"@id":"https:\/\/repliquemangacine.fr\/denix\/colt-peacemaker-7-pouces-calibre-45-1873\/#primaryimage"},"thumbnailUrl":"https:\/\/repliquemangacine.fr\/wp-content\/uploads\/2023\/10\/3657-Replique-Revolver-Colt-7-Pouce-Et-Demi.jpg","datePublished":"2020-07-12T14:24:26+00:00","dateModified":"2026-04-30T21:26:49+00:00","description":"Biete ihn an! Dieser Colt Peacemaker 7 Zoll zum besten Preis - Aus Zamak und Holz - Funktioneller Mechanismus - Schussunf\u00e4hig - Drehbarer Lauf - L\u00e4nge: 35 cm","breadcrumb":{"@id":"https:\/\/repliquemangacine.fr\/denix\/colt-peacemaker-7-pouces-calibre-45-1873\/#breadcrumb"},"inLanguage":"de","potentialAction":[{"@type":"ReadAction","target":["https:\/\/repliquemangacine.fr\/denix\/colt-peacemaker-7-pouces-calibre-45-1873\/"]}]},{"@type":"ImageObject","inLanguage":"de","@id":"https:\/\/repliquemangacine.fr\/denix\/colt-peacemaker-7-pouces-calibre-45-1873\/#primaryimage","url":"https:\/\/repliquemangacine.fr\/wp-content\/uploads\/2023\/10\/3657-Replique-Revolver-Colt-7-Pouce-Et-Demi.jpg","contentUrl":"https:\/\/repliquemangacine.fr\/wp-content\/uploads\/2023\/10\/3657-Replique-Revolver-Colt-7-Pouce-Et-Demi.jpg","width":800,"height":800,"caption":"R\u00e9plique Revolver Colt 7 Pouce Et Demi"},{"@type":"BreadcrumbList","@id":"https:\/\/repliquemangacine.fr\/denix\/colt-peacemaker-7-pouces-calibre-45-1873\/#breadcrumb","itemListElement":[{"@type":"ListItem","position":1,"name":"Accueil","item":"https:\/\/repliquemangacine.fr\/"},{"@type":"ListItem","position":2,"name":"Produits","item":"https:\/\/repliquemangacine.fr\/boutique\/"},{"@type":"ListItem","position":3,"name":"Colt Peacemaker 7 pouces 1873"}]},{"@type":"WebSite","@id":"https:\/\/repliquemangacine.fr\/#website","url":"https:\/\/repliquemangacine.fr\/","name":"R\u00e9plique Manga Cin\u00e9","description":"","publisher":{"@id":"https:\/\/repliquemangacine.fr\/#organization"},"potentialAction":[{"@type":"SearchAction","target":{"@type":"EntryPoint","urlTemplate":"https:\/\/repliquemangacine.fr\/?s={search_term_string}"},"query-input":{"@type":"PropertyValueSpecification","valueRequired":true,"valueName":"search_term_string"}}],"inLanguage":"de"},{"@type":"Organization","@id":"https:\/\/repliquemangacine.fr\/#organization","name":"R\u00e9plique Manga Cin\u00e9","url":"https:\/\/repliquemangacine.fr\/","logo":{"@type":"ImageObject","inLanguage":"de","@id":"https:\/\/repliquemangacine.fr\/#\/schema\/logo\/image\/","url":"https:\/\/repliquemangacine.fr\/wp-content\/uploads\/2023\/10\/RMC-500250.png","contentUrl":"https:\/\/repliquemangacine.fr\/wp-content\/uploads\/2023\/10\/RMC-500250.png","width":500,"height":250,"caption":"R\u00e9plique Manga Cin\u00e9"},"image":{"@id":"https:\/\/repliquemangacine.fr\/#\/schema\/logo\/image\/"},"sameAs":["https:\/\/www.facebook.com\/RepliqueMangaCine","https:\/\/www.instagram.com\/repliquemangacine.fr\/"]}]}},"_links":{"self":[{"href":"https:\/\/repliquemangacine.fr\/de\/wp-json\/wp\/v2\/product\/28967","targetHints":{"allow":["GET"]}}],"collection":[{"href":"https:\/\/repliquemangacine.fr\/de\/wp-json\/wp\/v2\/product"}],"about":[{"href":"https:\/\/repliquemangacine.fr\/de\/wp-json\/wp\/v2\/types\/product"}],"wp:featuredmedia":[{"embeddable":true,"href":"https:\/\/repliquemangacine.fr\/de\/wp-json\/wp\/v2\/media\/28968"}],"wp:attachment":[{"href":"https:\/\/repliquemangacine.fr\/de\/wp-json\/wp\/v2\/media?parent=28967"}],"wp:term":[{"taxonomy":"product_brand","embeddable":true,"href":"https:\/\/repliquemangacine.fr\/de\/wp-json\/wp\/v2\/product_brand?post=28967"},{"taxonomy":"product_cat","embeddable":true,"href":"https:\/\/repliquemangacine.fr\/de\/wp-json\/wp\/v2\/product_cat?post=28967"},{"taxonomy":"product_tag","embeddable":true,"href":"https:\/\/repliquemangacine.fr\/de\/wp-json\/wp\/v2\/product_tag?post=28967"}],"curies":[{"name":"wp","href":"https:\/\/api.w.org\/{rel}","templated":true}]}}