





{"id":28947,"date":"2020-04-09T14:52:29","date_gmt":"2020-04-09T12:52:29","guid":{"rendered":"https:\/\/repliquemangacine.fr\/?post_type=product&#038;p=28947"},"modified":"2025-11-19T20:32:32","modified_gmt":"2025-11-19T19:32:32","slug":"3-kunai-naruto-naruto-box","status":"publish","type":"product","link":"https:\/\/repliquemangacine.fr\/de\/kunai-et-shuriken-naruto\/3-kunai-naruto-coffret-naruto\/","title":{"rendered":"3 Kunai von Naruto"},"content":{"rendered":"<h2>Set aus 3 Naruto Kunai mit Tasche.<\/h2>\n<p>Zu Beginn wird das 3er-Set Kunai Naruto mit einer Tragetasche geliefert.<\/p>\n<p>Ein Kunai ist wie ein Shuriken eine Waffe, die h\u00e4ufig von Ninjas verwendet wird. Es handelt sich dabei um eine Blankwaffe von durchschnittlich einer Handl\u00e4nge, die f\u00fcr Verletzungen im Nahkampf bestimmt ist, obwohl sie auch als Wurfwaffe verwendet werden kann.<\/p>\n<p>Kunai k\u00f6nnen auch in einem \u00c4rmel versteckt werden. Wie die meisten Waffen kann auch ein Kunai mit Chakra durchstr\u00f6mt werden und dadurch viel gef\u00fcrchteter werden.<\/p>\n<p>Es gibt verschiedene Kunai-Stile. Minato Namikaze verwendet Kunai mit drei Klingen, denen er ein spezielles Siegel f\u00fcr seine Sofort-Bewegungstechnik verpasst hat, was ihm den Spitznamen \"Gelber Blitz von Konoha\" eingebracht hat. W\u00e4hrend der letzten Pr\u00fcfung der Ch\u00fbnin-Auswahlpr\u00fcfung benutzte Kabuto ein ringloses Kunai, um ein Mitglied des Anbu zu t\u00f6ten.<\/p>\n<h2>Ihr 3er-Set Kunai Naruto zum besten Preis<\/h2>\n<p>Wir bieten dir alle Spr\u00fcche deiner Lieblingscharaktere aus dem ber\u00fchmten Anime-Manga Naruto.<\/p>\n<p>Zun\u00e4chst einmal,<\/p>\n<ul>\n<li>Die Nachbildung des<a href=\"https:\/\/repliquemangacine.fr\/de\/katana-goodies-naruto\/schwert-von-zabuza-schwert-kubikiribocho\/\">Zabuza-Schwert<\/a> mit seinem gro\u00dfen Fleischwolf.<\/li>\n<li>Sowie das <a href=\"https:\/\/repliquemangacine.fr\/de\/katana-goodies-naruto\/naruto-koffer-28-teiliges-set\/\">Geschenkbox mit 28 Teilen<\/a> f\u00fcr Naruto-Liebhaber.<\/li>\n<li>Es gibt auch den <a href=\"https:\/\/repliquemangacine.fr\/de\/katana-goodies-naruto\/katana-boruto-sasuke-naruto\/\">Borutos Katana<\/a> Sohn von Naruto. Sasuk\u00e9 bringt ihm den Umgang damit bei.<\/li>\n<li>Und viele andere, die es in unserem Online-Shop zu entdecken gibt!<\/li>\n<\/ul>\n<p>Deshalb sind hier tolle Geschenkideen f\u00fcr Fans von <a href=\"https:\/\/naruto.fandom.com\/fr\/wiki\/Accueil\"target=\"_blank\" rel=\"noopener noreferrer\">Naruto<\/a>.<\/p>\n<p>Abschlie\u00dfend l\u00e4sst sich sagen, dass Sie mit diesem 3er-Set Kunai Naruto auch Ihre Sammlung und Ihr Zuhause versch\u00f6nern k\u00f6nnen.<\/p>\n<p>Aber in erster Linie sind die Naruto Kunai, Sammlerst\u00fccke und Dekorationen.<\/p>\n<h2>Entdecken Sie unsere neuesten g\u00fcnstigen Naruto-Neuheiten<\/h2>\n<p>Immer auf der Suche nach Neuem und in dem Bestreben, Ihre W\u00fcnsche zu erf\u00fcllen, haben wir einige kleine Nuggets, die Sie demn\u00e4chst entdecken k\u00f6nnen!<\/p>\n<p>Zum Beispiel: Das gro\u00dfe Naruto Kunai mit seinem wei\u00dfen Griff. In K\u00fcrze werden wir Ihnen auch Naruto-Figuren vorstellen.<\/p>\n<p>R\u00e9plique Manga Cin\u00e9 ist ein franz\u00f6sisches Familienunternehmen.<\/p>\n<p><strong>Wir m\u00f6chten Sie darauf hinweisen, dass alle unsere Repliken Sammlerst\u00fccke und Dekorationen sind. Sie k\u00f6nnen sie f\u00fcr historische Rekonstruktionen, Cosplay-Paraden oder als Innendekoration verwenden. Daher ist es nicht m\u00f6glich, sich mit den Repliken an \u00f6ffentlichen Orten aufzuhalten.<\/strong><\/p>","protected":false},"excerpt":{"rendered":"<p>Wundersch\u00f6ner Satz von 3 Kunai Naruto<\/p>\n<ul>\n<li>Alles aus doppelt abgeschr\u00e4gtem, vorgeschliffenem Stahl.<\/li>\n<li>Schwarzes Baumwollband am Griff.<\/li>\n<li>Wird mit einem schwarzen Cordura-Etui geliefert, das an einem G\u00fcrtel befestigt werden kann.<\/li>\n<li>Gesamtl\u00e4nge jedes Kunai: 16.5cm<\/li>\n<\/ul>","protected":false},"featured_media":28948,"template":"","meta":[],"product_brand":[896],"product_cat":[108,23,42],"product_tag":[],"class_list":{"0":"post-28947","1":"product","2":"type-product","3":"status-publish","4":"has-post-thumbnail","6":"product_brand-replique-manga-cine","7":"product_cat-kunai-et-shuriken-naruto","8":"product_cat-repliques-manga-jeux-video","9":"product_cat-katana-goodies-naruto-kunai","11":"first","12":"instock","13":"taxable","14":"shipping-taxable","15":"purchasable","16":"product-type-simple"},"yoast_head":"<!-- This site is optimized with the Yoast SEO plugin v27.5 - https:\/\/yoast.com\/product\/yoast-seo-wordpress\/ -->\n<title>3 kuna\u00ef de Naruto - Sabre, Coffret Naruto - R\u00e9plique Manga Cin\u00e9<\/title>\n<meta name=\"description\" content=\"Commandez vite! Cet ensemble de 3 Kuna\u00ef de Naruto. Tout en m\u00e9tal. Livr\u00e9 avec sa pochette. Longueur totale :16.5cm. Paiement s\u00e9curis\u00e9. Envoi 24\/48h\" \/>\n<meta name=\"robots\" content=\"index, follow, max-snippet:-1, max-image-preview:large, max-video-preview:-1\" \/>\n<link rel=\"canonical\" href=\"https:\/\/repliquemangacine.fr\/de\/kunai-und-shuriken-naruto\/3-kunai-naruto-naruto-box\/\" \/>\n<meta property=\"og:locale\" content=\"de_DE\" \/>\n<meta property=\"og:type\" content=\"article\" \/>\n<meta property=\"og:title\" content=\"3 kuna\u00ef de Naruto - Sabre, Coffret Naruto - R\u00e9plique Manga Cin\u00e9\" \/>\n<meta property=\"og:description\" content=\"Commandez vite! Cet ensemble de 3 Kuna\u00ef de Naruto. Tout en m\u00e9tal. Livr\u00e9 avec sa pochette. Longueur totale :16.5cm. Paiement s\u00e9curis\u00e9. Envoi 24\/48h\" \/>\n<meta property=\"og:url\" content=\"https:\/\/repliquemangacine.fr\/de\/kunai-und-shuriken-naruto\/3-kunai-naruto-naruto-box\/\" \/>\n<meta property=\"og:site_name\" content=\"R\u00e9plique Manga Cin\u00e9\" \/>\n<meta property=\"article:publisher\" content=\"https:\/\/www.facebook.com\/RepliqueMangaCine\" \/>\n<meta property=\"article:modified_time\" content=\"2025-11-19T19:32:32+00:00\" \/>\n<meta property=\"og:image\" content=\"https:\/\/repliquemangacine.fr\/wp-content\/uploads\/2023\/10\/3632-ensemble-de-kunai-naruto.jpg\" \/>\n\t<meta property=\"og:image:width\" content=\"800\" \/>\n\t<meta property=\"og:image:height\" content=\"800\" \/>\n\t<meta property=\"og:image:type\" content=\"image\/jpeg\" \/>\n<meta name=\"twitter:card\" content=\"summary_large_image\" \/>\n<meta name=\"twitter:label1\" content=\"Gesch\u00e4tzte Lesezeit\" \/>\n\t<meta name=\"twitter:data1\" content=\"1\u00a0Minute\" \/>\n<script type=\"application\/ld+json\" class=\"yoast-schema-graph\">{\"@context\":\"https:\\\/\\\/schema.org\",\"@graph\":[{\"@type\":\"WebPage\",\"@id\":\"https:\\\/\\\/repliquemangacine.fr\\\/kunai-et-shuriken-naruto\\\/3-kunai-naruto-coffret-naruto\\\/\",\"url\":\"https:\\\/\\\/repliquemangacine.fr\\\/kunai-et-shuriken-naruto\\\/3-kunai-naruto-coffret-naruto\\\/\",\"name\":\"3 kuna\u00ef de Naruto - Sabre, Coffret Naruto - R\u00e9plique Manga Cin\u00e9\",\"isPartOf\":{\"@id\":\"https:\\\/\\\/repliquemangacine.fr\\\/#website\"},\"primaryImageOfPage\":{\"@id\":\"https:\\\/\\\/repliquemangacine.fr\\\/kunai-et-shuriken-naruto\\\/3-kunai-naruto-coffret-naruto\\\/#primaryimage\"},\"image\":{\"@id\":\"https:\\\/\\\/repliquemangacine.fr\\\/kunai-et-shuriken-naruto\\\/3-kunai-naruto-coffret-naruto\\\/#primaryimage\"},\"thumbnailUrl\":\"https:\\\/\\\/repliquemangacine.fr\\\/wp-content\\\/uploads\\\/2023\\\/10\\\/3632-ensemble-de-kunai-naruto.jpg\",\"datePublished\":\"2020-04-09T12:52:29+00:00\",\"dateModified\":\"2025-11-19T19:32:32+00:00\",\"description\":\"Commandez vite! Cet ensemble de 3 Kuna\u00ef de Naruto. Tout en m\u00e9tal. Livr\u00e9 avec sa pochette. Longueur totale :16.5cm. Paiement s\u00e9curis\u00e9. Envoi 24\\\/48h\",\"breadcrumb\":{\"@id\":\"https:\\\/\\\/repliquemangacine.fr\\\/kunai-et-shuriken-naruto\\\/3-kunai-naruto-coffret-naruto\\\/#breadcrumb\"},\"inLanguage\":\"de\",\"potentialAction\":[{\"@type\":\"ReadAction\",\"target\":[\"https:\\\/\\\/repliquemangacine.fr\\\/kunai-et-shuriken-naruto\\\/3-kunai-naruto-coffret-naruto\\\/\"]}]},{\"@type\":\"ImageObject\",\"inLanguage\":\"de\",\"@id\":\"https:\\\/\\\/repliquemangacine.fr\\\/kunai-et-shuriken-naruto\\\/3-kunai-naruto-coffret-naruto\\\/#primaryimage\",\"url\":\"https:\\\/\\\/repliquemangacine.fr\\\/wp-content\\\/uploads\\\/2023\\\/10\\\/3632-ensemble-de-kunai-naruto.jpg\",\"contentUrl\":\"https:\\\/\\\/repliquemangacine.fr\\\/wp-content\\\/uploads\\\/2023\\\/10\\\/3632-ensemble-de-kunai-naruto.jpg\",\"width\":800,\"height\":800,\"caption\":\"ensemble de kunai naruto\"},{\"@type\":\"BreadcrumbList\",\"@id\":\"https:\\\/\\\/repliquemangacine.fr\\\/kunai-et-shuriken-naruto\\\/3-kunai-naruto-coffret-naruto\\\/#breadcrumb\",\"itemListElement\":[{\"@type\":\"ListItem\",\"position\":1,\"name\":\"Accueil\",\"item\":\"https:\\\/\\\/repliquemangacine.fr\\\/\"},{\"@type\":\"ListItem\",\"position\":2,\"name\":\"Produits\",\"item\":\"https:\\\/\\\/repliquemangacine.fr\\\/boutique\\\/\"},{\"@type\":\"ListItem\",\"position\":3,\"name\":\"3 kuna\u00ef de Naruto\"}]},{\"@type\":\"WebSite\",\"@id\":\"https:\\\/\\\/repliquemangacine.fr\\\/#website\",\"url\":\"https:\\\/\\\/repliquemangacine.fr\\\/\",\"name\":\"R\u00e9plique Manga Cin\u00e9\",\"description\":\"\",\"publisher\":{\"@id\":\"https:\\\/\\\/repliquemangacine.fr\\\/#organization\"},\"potentialAction\":[{\"@type\":\"SearchAction\",\"target\":{\"@type\":\"EntryPoint\",\"urlTemplate\":\"https:\\\/\\\/repliquemangacine.fr\\\/?s={search_term_string}\"},\"query-input\":{\"@type\":\"PropertyValueSpecification\",\"valueRequired\":true,\"valueName\":\"search_term_string\"}}],\"inLanguage\":\"de\"},{\"@type\":\"Organization\",\"@id\":\"https:\\\/\\\/repliquemangacine.fr\\\/#organization\",\"name\":\"R\u00e9plique Manga Cin\u00e9\",\"url\":\"https:\\\/\\\/repliquemangacine.fr\\\/\",\"logo\":{\"@type\":\"ImageObject\",\"inLanguage\":\"de\",\"@id\":\"https:\\\/\\\/repliquemangacine.fr\\\/#\\\/schema\\\/logo\\\/image\\\/\",\"url\":\"https:\\\/\\\/repliquemangacine.fr\\\/wp-content\\\/uploads\\\/2023\\\/10\\\/RMC-500250.png\",\"contentUrl\":\"https:\\\/\\\/repliquemangacine.fr\\\/wp-content\\\/uploads\\\/2023\\\/10\\\/RMC-500250.png\",\"width\":500,\"height\":250,\"caption\":\"R\u00e9plique Manga Cin\u00e9\"},\"image\":{\"@id\":\"https:\\\/\\\/repliquemangacine.fr\\\/#\\\/schema\\\/logo\\\/image\\\/\"},\"sameAs\":[\"https:\\\/\\\/www.facebook.com\\\/RepliqueMangaCine\",\"https:\\\/\\\/www.instagram.com\\\/repliquemangacine.fr\\\/\"]}]}<\/script>\n<!-- \/ Yoast SEO plugin. -->","yoast_head_json":{"title":"3 Kunai aus Naruto - Schwert, Naruto-Set - R\u00e9plique Manga Cin\u00e9","description":"Bestellen Sie schnell! Dieses Set besteht aus 3 Kunai von Naruto. Ganz aus Metall gefertigt. Wird mit einer Tasche geliefert. Gesamtl\u00e4nge:16.5cm. Sicheres Bezahlen. Versand 24\/48h","robots":{"index":"index","follow":"follow","max-snippet":"max-snippet:-1","max-image-preview":"max-image-preview:large","max-video-preview":"max-video-preview:-1"},"canonical":"https:\/\/repliquemangacine.fr\/de\/kunai-und-shuriken-naruto\/3-kunai-naruto-naruto-box\/","og_locale":"de_DE","og_type":"article","og_title":"3 kuna\u00ef de Naruto - Sabre, Coffret Naruto - R\u00e9plique Manga Cin\u00e9","og_description":"Commandez vite! Cet ensemble de 3 Kuna\u00ef de Naruto. Tout en m\u00e9tal. Livr\u00e9 avec sa pochette. Longueur totale :16.5cm. Paiement s\u00e9curis\u00e9. Envoi 24\/48h","og_url":"https:\/\/repliquemangacine.fr\/de\/kunai-und-shuriken-naruto\/3-kunai-naruto-naruto-box\/","og_site_name":"R\u00e9plique Manga Cin\u00e9","article_publisher":"https:\/\/www.facebook.com\/RepliqueMangaCine","article_modified_time":"2025-11-19T19:32:32+00:00","og_image":[{"width":800,"height":800,"url":"https:\/\/repliquemangacine.fr\/wp-content\/uploads\/2023\/10\/3632-ensemble-de-kunai-naruto.jpg","type":"image\/jpeg"}],"twitter_card":"summary_large_image","twitter_misc":{"Gesch\u00e4tzte Lesezeit":"1\u00a0Minute"},"schema":{"@context":"https:\/\/schema.org","@graph":[{"@type":"WebPage","@id":"https:\/\/repliquemangacine.fr\/kunai-et-shuriken-naruto\/3-kunai-naruto-coffret-naruto\/","url":"https:\/\/repliquemangacine.fr\/kunai-et-shuriken-naruto\/3-kunai-naruto-coffret-naruto\/","name":"3 Kunai aus Naruto - Schwert, Naruto-Set - R\u00e9plique Manga Cin\u00e9","isPartOf":{"@id":"https:\/\/repliquemangacine.fr\/#website"},"primaryImageOfPage":{"@id":"https:\/\/repliquemangacine.fr\/kunai-et-shuriken-naruto\/3-kunai-naruto-coffret-naruto\/#primaryimage"},"image":{"@id":"https:\/\/repliquemangacine.fr\/kunai-et-shuriken-naruto\/3-kunai-naruto-coffret-naruto\/#primaryimage"},"thumbnailUrl":"https:\/\/repliquemangacine.fr\/wp-content\/uploads\/2023\/10\/3632-ensemble-de-kunai-naruto.jpg","datePublished":"2020-04-09T12:52:29+00:00","dateModified":"2025-11-19T19:32:32+00:00","description":"Bestellen Sie schnell! Dieses Set besteht aus 3 Kunai von Naruto. Ganz aus Metall gefertigt. Wird mit einer Tasche geliefert. Gesamtl\u00e4nge:16.5cm. Sicheres Bezahlen. Versand 24\/48h","breadcrumb":{"@id":"https:\/\/repliquemangacine.fr\/kunai-et-shuriken-naruto\/3-kunai-naruto-coffret-naruto\/#breadcrumb"},"inLanguage":"de","potentialAction":[{"@type":"ReadAction","target":["https:\/\/repliquemangacine.fr\/kunai-et-shuriken-naruto\/3-kunai-naruto-coffret-naruto\/"]}]},{"@type":"ImageObject","inLanguage":"de","@id":"https:\/\/repliquemangacine.fr\/kunai-et-shuriken-naruto\/3-kunai-naruto-coffret-naruto\/#primaryimage","url":"https:\/\/repliquemangacine.fr\/wp-content\/uploads\/2023\/10\/3632-ensemble-de-kunai-naruto.jpg","contentUrl":"https:\/\/repliquemangacine.fr\/wp-content\/uploads\/2023\/10\/3632-ensemble-de-kunai-naruto.jpg","width":800,"height":800,"caption":"ensemble de kunai naruto"},{"@type":"BreadcrumbList","@id":"https:\/\/repliquemangacine.fr\/kunai-et-shuriken-naruto\/3-kunai-naruto-coffret-naruto\/#breadcrumb","itemListElement":[{"@type":"ListItem","position":1,"name":"Accueil","item":"https:\/\/repliquemangacine.fr\/"},{"@type":"ListItem","position":2,"name":"Produits","item":"https:\/\/repliquemangacine.fr\/boutique\/"},{"@type":"ListItem","position":3,"name":"3 kuna\u00ef de Naruto"}]},{"@type":"WebSite","@id":"https:\/\/repliquemangacine.fr\/#website","url":"https:\/\/repliquemangacine.fr\/","name":"R\u00e9plique Manga Cin\u00e9","description":"","publisher":{"@id":"https:\/\/repliquemangacine.fr\/#organization"},"potentialAction":[{"@type":"SearchAction","target":{"@type":"EntryPoint","urlTemplate":"https:\/\/repliquemangacine.fr\/?s={search_term_string}"},"query-input":{"@type":"PropertyValueSpecification","valueRequired":true,"valueName":"search_term_string"}}],"inLanguage":"de"},{"@type":"Organization","@id":"https:\/\/repliquemangacine.fr\/#organization","name":"R\u00e9plique Manga Cin\u00e9","url":"https:\/\/repliquemangacine.fr\/","logo":{"@type":"ImageObject","inLanguage":"de","@id":"https:\/\/repliquemangacine.fr\/#\/schema\/logo\/image\/","url":"https:\/\/repliquemangacine.fr\/wp-content\/uploads\/2023\/10\/RMC-500250.png","contentUrl":"https:\/\/repliquemangacine.fr\/wp-content\/uploads\/2023\/10\/RMC-500250.png","width":500,"height":250,"caption":"R\u00e9plique Manga Cin\u00e9"},"image":{"@id":"https:\/\/repliquemangacine.fr\/#\/schema\/logo\/image\/"},"sameAs":["https:\/\/www.facebook.com\/RepliqueMangaCine","https:\/\/www.instagram.com\/repliquemangacine.fr\/"]}]}},"_links":{"self":[{"href":"https:\/\/repliquemangacine.fr\/de\/wp-json\/wp\/v2\/product\/28947","targetHints":{"allow":["GET"]}}],"collection":[{"href":"https:\/\/repliquemangacine.fr\/de\/wp-json\/wp\/v2\/product"}],"about":[{"href":"https:\/\/repliquemangacine.fr\/de\/wp-json\/wp\/v2\/types\/product"}],"wp:featuredmedia":[{"embeddable":true,"href":"https:\/\/repliquemangacine.fr\/de\/wp-json\/wp\/v2\/media\/28948"}],"wp:attachment":[{"href":"https:\/\/repliquemangacine.fr\/de\/wp-json\/wp\/v2\/media?parent=28947"}],"wp:term":[{"taxonomy":"product_brand","embeddable":true,"href":"https:\/\/repliquemangacine.fr\/de\/wp-json\/wp\/v2\/product_brand?post=28947"},{"taxonomy":"product_cat","embeddable":true,"href":"https:\/\/repliquemangacine.fr\/de\/wp-json\/wp\/v2\/product_cat?post=28947"},{"taxonomy":"product_tag","embeddable":true,"href":"https:\/\/repliquemangacine.fr\/de\/wp-json\/wp\/v2\/product_tag?post=28947"}],"curies":[{"name":"wp","href":"https:\/\/api.w.org\/{rel}","templated":true}]}}