





{"id":28941,"date":"2020-04-09T14:33:27","date_gmt":"2020-04-09T12:33:27","guid":{"rendered":"https:\/\/repliquemangacine.fr\/?post_type=product&#038;p=28941"},"modified":"2026-04-17T20:10:24","modified_gmt":"2026-04-17T18:10:24","slug":"machete-killer-killer","status":"publish","type":"product","link":"https:\/\/repliquemangacine.fr\/de\/armes-the-walking-dead\/machette-tueuse-killer\/","title":{"rendered":"Machete Killer Killer"},"content":{"rendered":"<h2>Machete Killer Killer<\/h2>\n<p>Zu Beginn wird die <strong>Machete Killer Killer<\/strong> ist speziell f\u00fcr das T\u00f6ten von Zombies! in The Walking Dead entwickelt worden.<\/p>\n<p>Eine Machete ist ein langes, kurzstieliges Messer mit einer dicken Klinge, das etwa 40 cm lang ist und als Werkzeug zum Schneiden von Vegetation gedacht ist. \u00dcbrigens dient sie normalerweise dazu, sich einen Weg durch dichte Vegetation zu bahnen und harte N\u00fcsse wie Kokosn\u00fcsse zu \u00f6ffnen.<\/p>\n<p>Es ist hervorzuheben, dass die <a href=\"https:\/\/fr.wikipedia.org\/wiki\/Machette\">Machete<\/a> war in der zweiten H\u00e4lfte des 19. Jahrhunderts und in der ersten H\u00e4lfte des 20. Jahrhunderts unter dem Namen \"Sabre d'abattis\" in der franz\u00f6sischen Armee dotiert.<\/p>\n<p>Weit verbreitet in Filmen und Videospielen. In Assassin's Creed III: Liberation verwendet die Heldin Aveline de Grandpr\u00e9 im Nahkampf eine Machete.<\/p>\n<h2>Ihre Killer Machete Killer zum besten Preis.<\/h2>\n<p>Wir bieten Ihnen eine gro\u00dfe Auswahl an Spr\u00fcchen aus der Serie The Walking Dead.<\/p>\n<p>Zun\u00e4chst einmal,<\/p>\n<ul>\n<li>Die identische Nachbildung des <a href=\"https:\/\/repliquemangacine.fr\/de\/the-walking-dead\/dolch-daryl-walking-dead\/\">Dolch<\/a> die Daryl in Episode 18 Staffel 11 gegen Lance Hornsby einsetzt.<\/li>\n<li>Es gibt auch die <a href=\"https:\/\/repliquemangacine.fr\/de\/the-walking-dead\/axt-von-rick-grimes-the-walking-dead\/\">Ricks Axt<\/a> Grimes.<\/li>\n<li>Und noch viel mehr gibt es in unserem Online-Shop zu entdecken!<\/li>\n<\/ul>\n<p>Deshalb ist dies eine tolle Geschenkidee f\u00fcr alle Fans der Serie The Walking Dead.<\/p>\n<p>Abschlie\u00dfend k\u00f6nnen Sie auch diesen <strong>Machete Killer Zombie Killer<\/strong> f\u00fcr Ihre Halloweens oder Themenabende. Vor allem aber ist sie ein Sammler- und Dekorationsst\u00fcck.<\/p>\n<h2>Wie pflegt man die Klinge seines Schwertes?<\/h2>\n<p>Sammlungs- und Dekorationsmacheten werden in vereinfachter Form hergestellt und zusammengebaut. Da sie zu Dekorationszwecken verwendet werden, fehlen ihnen die Sicherheitselemente, die ein japanisches Schwert f\u00fcr Trainingszwecke aufweisen muss.<\/p>\n<p>Allerdings ist Ihr <strong>Machete Killer Zombie Killer<\/strong> zu einer Stahlklinge, die gepflegt werden muss, damit sie nicht mit der Zeit abgenutzt wird. Denn wenn du dein Katana ausstellst, werden deine Freunde neugierig sein, die Klinge zu sehen und sie zu ber\u00fchren. Hier ist Vorsicht geboten, denn Sie sollten wissen, dass die S\u00e4ure der Finger dem Stahl unabh\u00e4ngig von seiner Qualit\u00e4t sehr schadet.<\/p>\n<p>Wenn dies jedoch passiert, keine Panik, Sie brauchen nur ein Tuch, das mit etwas \u00d6l befeuchtet ist, und wischen die Fingerabdr\u00fccke ab. Wenn Sie dies tun, werden Sie Ihr Schwert sehr lange behalten.<\/p>","protected":false},"excerpt":{"rendered":"<p>Machete zur T\u00f6tung von Zombies. Aus einem St\u00fcck gefertigt.<\/p>\n<ul>\n<li>Gesch\u00e4rfte Klinge aus 440er Stahl.<\/li>\n<li>Griff aus verziertem ABS.<\/li>\n<li>Abnehmbarer Griff.<\/li>\n<li>Schwarzes Cordura-Etui.<\/li>\n<li>L\u00e4nge der Klinge: 37 cm - Gesamtl\u00e4nge: 52 cm - Gesamtgewicht: 585 Grs<\/li>\n<\/ul>","protected":false},"featured_media":28942,"template":"","meta":[],"product_brand":[896],"product_cat":[24,62],"product_tag":[],"class_list":{"0":"post-28941","1":"product","2":"type-product","3":"status-publish","4":"has-post-thumbnail","6":"product_brand-replique-manga-cine","7":"product_cat-films-series-tv-vente-de-katana-epee-et-produits-derives","8":"product_cat-armes-the-walking-dead","10":"first","11":"instock","12":"taxable","13":"shipping-taxable","14":"purchasable","15":"product-type-simple"},"yoast_head":"<!-- This site is optimized with the Yoast SEO plugin v27.4 - https:\/\/yoast.com\/product\/yoast-seo-wordpress\/ -->\n<title>Machette Tueuse Killer - The Walking Dead - RMC<\/title>\n<meta name=\"description\" content=\"Offrez-lui cette Machette Tueuse Killer au meilleur prix. Lame en acier - Fabriqu\u00e9e d&#039;une seule pi\u00e8ce - Poign\u00e9e ABS - Fourreau - Longueur : 52 cm\" \/>\n<meta name=\"robots\" content=\"index, follow, max-snippet:-1, max-image-preview:large, max-video-preview:-1\" \/>\n<link rel=\"canonical\" href=\"https:\/\/repliquemangacine.fr\/de\/waffen-the-walking-dead\/machete-killer-killer\/\" \/>\n<meta property=\"og:locale\" content=\"de_DE\" \/>\n<meta property=\"og:type\" content=\"article\" \/>\n<meta property=\"og:title\" content=\"Machette Tueuse Killer - The Walking Dead - RMC\" \/>\n<meta property=\"og:description\" content=\"Offrez-lui cette Machette Tueuse Killer au meilleur prix. Lame en acier - Fabriqu\u00e9e d&#039;une seule pi\u00e8ce - Poign\u00e9e ABS - Fourreau - Longueur : 52 cm\" \/>\n<meta property=\"og:url\" content=\"https:\/\/repliquemangacine.fr\/de\/waffen-the-walking-dead\/machete-killer-killer\/\" \/>\n<meta property=\"og:site_name\" content=\"R\u00e9plique Manga Cin\u00e9\" \/>\n<meta property=\"article:publisher\" content=\"https:\/\/www.facebook.com\/RepliqueMangaCine\" \/>\n<meta property=\"article:modified_time\" content=\"2026-04-17T18:10:24+00:00\" \/>\n<meta property=\"og:image\" content=\"https:\/\/repliquemangacine.fr\/wp-content\/uploads\/2023\/10\/3627-Machette-Zombie-Walking-Dead.jpg\" \/>\n\t<meta property=\"og:image:width\" content=\"800\" \/>\n\t<meta property=\"og:image:height\" content=\"800\" \/>\n\t<meta property=\"og:image:type\" content=\"image\/jpeg\" \/>\n<meta name=\"twitter:card\" content=\"summary_large_image\" \/>\n<meta name=\"twitter:label1\" content=\"Gesch\u00e4tzte Lesezeit\" \/>\n\t<meta name=\"twitter:data1\" content=\"3\u00a0Minuten\" \/>\n<script type=\"application\/ld+json\" class=\"yoast-schema-graph\">{\"@context\":\"https:\\\/\\\/schema.org\",\"@graph\":[{\"@type\":\"WebPage\",\"@id\":\"https:\\\/\\\/repliquemangacine.fr\\\/armes-the-walking-dead\\\/machette-tueuse-killer\\\/\",\"url\":\"https:\\\/\\\/repliquemangacine.fr\\\/armes-the-walking-dead\\\/machette-tueuse-killer\\\/\",\"name\":\"Machette Tueuse Killer - The Walking Dead - RMC\",\"isPartOf\":{\"@id\":\"https:\\\/\\\/repliquemangacine.fr\\\/#website\"},\"primaryImageOfPage\":{\"@id\":\"https:\\\/\\\/repliquemangacine.fr\\\/armes-the-walking-dead\\\/machette-tueuse-killer\\\/#primaryimage\"},\"image\":{\"@id\":\"https:\\\/\\\/repliquemangacine.fr\\\/armes-the-walking-dead\\\/machette-tueuse-killer\\\/#primaryimage\"},\"thumbnailUrl\":\"https:\\\/\\\/repliquemangacine.fr\\\/wp-content\\\/uploads\\\/2023\\\/10\\\/3627-Machette-Zombie-Walking-Dead.jpg\",\"datePublished\":\"2020-04-09T12:33:27+00:00\",\"dateModified\":\"2026-04-17T18:10:24+00:00\",\"description\":\"Offrez-lui cette Machette Tueuse Killer au meilleur prix. Lame en acier - Fabriqu\u00e9e d'une seule pi\u00e8ce - Poign\u00e9e ABS - Fourreau - Longueur : 52 cm\",\"breadcrumb\":{\"@id\":\"https:\\\/\\\/repliquemangacine.fr\\\/armes-the-walking-dead\\\/machette-tueuse-killer\\\/#breadcrumb\"},\"inLanguage\":\"de\",\"potentialAction\":[{\"@type\":\"ReadAction\",\"target\":[\"https:\\\/\\\/repliquemangacine.fr\\\/armes-the-walking-dead\\\/machette-tueuse-killer\\\/\"]}]},{\"@type\":\"ImageObject\",\"inLanguage\":\"de\",\"@id\":\"https:\\\/\\\/repliquemangacine.fr\\\/armes-the-walking-dead\\\/machette-tueuse-killer\\\/#primaryimage\",\"url\":\"https:\\\/\\\/repliquemangacine.fr\\\/wp-content\\\/uploads\\\/2023\\\/10\\\/3627-Machette-Zombie-Walking-Dead.jpg\",\"contentUrl\":\"https:\\\/\\\/repliquemangacine.fr\\\/wp-content\\\/uploads\\\/2023\\\/10\\\/3627-Machette-Zombie-Walking-Dead.jpg\",\"width\":800,\"height\":800,\"caption\":\"Machette Zombie Walking Dead\"},{\"@type\":\"BreadcrumbList\",\"@id\":\"https:\\\/\\\/repliquemangacine.fr\\\/armes-the-walking-dead\\\/machette-tueuse-killer\\\/#breadcrumb\",\"itemListElement\":[{\"@type\":\"ListItem\",\"position\":1,\"name\":\"Accueil\",\"item\":\"https:\\\/\\\/repliquemangacine.fr\\\/\"},{\"@type\":\"ListItem\",\"position\":2,\"name\":\"Produits\",\"item\":\"https:\\\/\\\/repliquemangacine.fr\\\/boutique\\\/\"},{\"@type\":\"ListItem\",\"position\":3,\"name\":\"Machette Tueuse Killer\"}]},{\"@type\":\"WebSite\",\"@id\":\"https:\\\/\\\/repliquemangacine.fr\\\/#website\",\"url\":\"https:\\\/\\\/repliquemangacine.fr\\\/\",\"name\":\"R\u00e9plique Manga Cin\u00e9\",\"description\":\"\",\"publisher\":{\"@id\":\"https:\\\/\\\/repliquemangacine.fr\\\/#organization\"},\"potentialAction\":[{\"@type\":\"SearchAction\",\"target\":{\"@type\":\"EntryPoint\",\"urlTemplate\":\"https:\\\/\\\/repliquemangacine.fr\\\/?s={search_term_string}\"},\"query-input\":{\"@type\":\"PropertyValueSpecification\",\"valueRequired\":true,\"valueName\":\"search_term_string\"}}],\"inLanguage\":\"de\"},{\"@type\":\"Organization\",\"@id\":\"https:\\\/\\\/repliquemangacine.fr\\\/#organization\",\"name\":\"R\u00e9plique Manga Cin\u00e9\",\"url\":\"https:\\\/\\\/repliquemangacine.fr\\\/\",\"logo\":{\"@type\":\"ImageObject\",\"inLanguage\":\"de\",\"@id\":\"https:\\\/\\\/repliquemangacine.fr\\\/#\\\/schema\\\/logo\\\/image\\\/\",\"url\":\"https:\\\/\\\/repliquemangacine.fr\\\/wp-content\\\/uploads\\\/2023\\\/10\\\/RMC-500250.png\",\"contentUrl\":\"https:\\\/\\\/repliquemangacine.fr\\\/wp-content\\\/uploads\\\/2023\\\/10\\\/RMC-500250.png\",\"width\":500,\"height\":250,\"caption\":\"R\u00e9plique Manga Cin\u00e9\"},\"image\":{\"@id\":\"https:\\\/\\\/repliquemangacine.fr\\\/#\\\/schema\\\/logo\\\/image\\\/\"},\"sameAs\":[\"https:\\\/\\\/www.facebook.com\\\/RepliqueMangaCine\",\"https:\\\/\\\/www.instagram.com\\\/repliquemangacine.fr\\\/\"]}]}<\/script>\n<!-- \/ Yoast SEO plugin. -->","yoast_head_json":{"title":"Machete Killer Killer - The Walking Dead - RMC","description":"G\u00f6nnen Sie ihm diese Killer Machete zum besten Preis. Klinge aus Stahl - Aus einem St\u00fcck gefertigt - ABS-Griff - Scheide - L\u00e4nge: 52 cm","robots":{"index":"index","follow":"follow","max-snippet":"max-snippet:-1","max-image-preview":"max-image-preview:large","max-video-preview":"max-video-preview:-1"},"canonical":"https:\/\/repliquemangacine.fr\/de\/waffen-the-walking-dead\/machete-killer-killer\/","og_locale":"de_DE","og_type":"article","og_title":"Machette Tueuse Killer - The Walking Dead - RMC","og_description":"Offrez-lui cette Machette Tueuse Killer au meilleur prix. Lame en acier - Fabriqu\u00e9e d'une seule pi\u00e8ce - Poign\u00e9e ABS - Fourreau - Longueur : 52 cm","og_url":"https:\/\/repliquemangacine.fr\/de\/waffen-the-walking-dead\/machete-killer-killer\/","og_site_name":"R\u00e9plique Manga Cin\u00e9","article_publisher":"https:\/\/www.facebook.com\/RepliqueMangaCine","article_modified_time":"2026-04-17T18:10:24+00:00","og_image":[{"width":800,"height":800,"url":"https:\/\/repliquemangacine.fr\/wp-content\/uploads\/2023\/10\/3627-Machette-Zombie-Walking-Dead.jpg","type":"image\/jpeg"}],"twitter_card":"summary_large_image","twitter_misc":{"Gesch\u00e4tzte Lesezeit":"3\u00a0Minuten"},"schema":{"@context":"https:\/\/schema.org","@graph":[{"@type":"WebPage","@id":"https:\/\/repliquemangacine.fr\/armes-the-walking-dead\/machette-tueuse-killer\/","url":"https:\/\/repliquemangacine.fr\/armes-the-walking-dead\/machette-tueuse-killer\/","name":"Machete Killer Killer - The Walking Dead - RMC","isPartOf":{"@id":"https:\/\/repliquemangacine.fr\/#website"},"primaryImageOfPage":{"@id":"https:\/\/repliquemangacine.fr\/armes-the-walking-dead\/machette-tueuse-killer\/#primaryimage"},"image":{"@id":"https:\/\/repliquemangacine.fr\/armes-the-walking-dead\/machette-tueuse-killer\/#primaryimage"},"thumbnailUrl":"https:\/\/repliquemangacine.fr\/wp-content\/uploads\/2023\/10\/3627-Machette-Zombie-Walking-Dead.jpg","datePublished":"2020-04-09T12:33:27+00:00","dateModified":"2026-04-17T18:10:24+00:00","description":"G\u00f6nnen Sie ihm diese Killer Machete zum besten Preis. Klinge aus Stahl - Aus einem St\u00fcck gefertigt - ABS-Griff - Scheide - L\u00e4nge: 52 cm","breadcrumb":{"@id":"https:\/\/repliquemangacine.fr\/armes-the-walking-dead\/machette-tueuse-killer\/#breadcrumb"},"inLanguage":"de","potentialAction":[{"@type":"ReadAction","target":["https:\/\/repliquemangacine.fr\/armes-the-walking-dead\/machette-tueuse-killer\/"]}]},{"@type":"ImageObject","inLanguage":"de","@id":"https:\/\/repliquemangacine.fr\/armes-the-walking-dead\/machette-tueuse-killer\/#primaryimage","url":"https:\/\/repliquemangacine.fr\/wp-content\/uploads\/2023\/10\/3627-Machette-Zombie-Walking-Dead.jpg","contentUrl":"https:\/\/repliquemangacine.fr\/wp-content\/uploads\/2023\/10\/3627-Machette-Zombie-Walking-Dead.jpg","width":800,"height":800,"caption":"Machette Zombie Walking Dead"},{"@type":"BreadcrumbList","@id":"https:\/\/repliquemangacine.fr\/armes-the-walking-dead\/machette-tueuse-killer\/#breadcrumb","itemListElement":[{"@type":"ListItem","position":1,"name":"Accueil","item":"https:\/\/repliquemangacine.fr\/"},{"@type":"ListItem","position":2,"name":"Produits","item":"https:\/\/repliquemangacine.fr\/boutique\/"},{"@type":"ListItem","position":3,"name":"Machette Tueuse Killer"}]},{"@type":"WebSite","@id":"https:\/\/repliquemangacine.fr\/#website","url":"https:\/\/repliquemangacine.fr\/","name":"R\u00e9plique Manga Cin\u00e9","description":"","publisher":{"@id":"https:\/\/repliquemangacine.fr\/#organization"},"potentialAction":[{"@type":"SearchAction","target":{"@type":"EntryPoint","urlTemplate":"https:\/\/repliquemangacine.fr\/?s={search_term_string}"},"query-input":{"@type":"PropertyValueSpecification","valueRequired":true,"valueName":"search_term_string"}}],"inLanguage":"de"},{"@type":"Organization","@id":"https:\/\/repliquemangacine.fr\/#organization","name":"R\u00e9plique Manga Cin\u00e9","url":"https:\/\/repliquemangacine.fr\/","logo":{"@type":"ImageObject","inLanguage":"de","@id":"https:\/\/repliquemangacine.fr\/#\/schema\/logo\/image\/","url":"https:\/\/repliquemangacine.fr\/wp-content\/uploads\/2023\/10\/RMC-500250.png","contentUrl":"https:\/\/repliquemangacine.fr\/wp-content\/uploads\/2023\/10\/RMC-500250.png","width":500,"height":250,"caption":"R\u00e9plique Manga Cin\u00e9"},"image":{"@id":"https:\/\/repliquemangacine.fr\/#\/schema\/logo\/image\/"},"sameAs":["https:\/\/www.facebook.com\/RepliqueMangaCine","https:\/\/www.instagram.com\/repliquemangacine.fr\/"]}]}},"_links":{"self":[{"href":"https:\/\/repliquemangacine.fr\/de\/wp-json\/wp\/v2\/product\/28941","targetHints":{"allow":["GET"]}}],"collection":[{"href":"https:\/\/repliquemangacine.fr\/de\/wp-json\/wp\/v2\/product"}],"about":[{"href":"https:\/\/repliquemangacine.fr\/de\/wp-json\/wp\/v2\/types\/product"}],"wp:featuredmedia":[{"embeddable":true,"href":"https:\/\/repliquemangacine.fr\/de\/wp-json\/wp\/v2\/media\/28942"}],"wp:attachment":[{"href":"https:\/\/repliquemangacine.fr\/de\/wp-json\/wp\/v2\/media?parent=28941"}],"wp:term":[{"taxonomy":"product_brand","embeddable":true,"href":"https:\/\/repliquemangacine.fr\/de\/wp-json\/wp\/v2\/product_brand?post=28941"},{"taxonomy":"product_cat","embeddable":true,"href":"https:\/\/repliquemangacine.fr\/de\/wp-json\/wp\/v2\/product_cat?post=28941"},{"taxonomy":"product_tag","embeddable":true,"href":"https:\/\/repliquemangacine.fr\/de\/wp-json\/wp\/v2\/product_tag?post=28941"}],"curies":[{"name":"wp","href":"https:\/\/api.w.org\/{rel}","templated":true}]}}