





{"id":28935,"date":"2020-03-28T11:37:47","date_gmt":"2020-03-28T10:37:47","guid":{"rendered":"https:\/\/repliquemangacine.fr\/?post_type=product&#038;p=28935"},"modified":"2025-12-17T20:28:32","modified_gmt":"2025-12-17T19:28:32","slug":"deutsche-handgranate-modell-24-handgranate","status":"publish","type":"product","link":"https:\/\/repliquemangacine.fr\/de\/dagues-et-accessoires-seconde-guerre-mondiale-materiels-militaria\/grenade-allemande-modele-24-grenade-a-main\/","title":{"rendered":"Deutsche Granate Modell 24"},"content":{"rendered":"<h2>Deutsche Handgranate Modell 24 Deepeeka<\/h2>\n<p>Zu Beginn wird die <strong>Deutsche Granate Modell 24<\/strong> oder auf Deutsch Stielhandgranate 24 ist eine Handgranate deutscher Bauart aus dem Zweiten Weltkrieg, die auf Modellen aus dem Ersten Weltkrieg basiert. Sie wurde in Anlehnung an das K\u00fcchenger\u00e4t \u00abKartoffelstampfer\u00bb genannt. Der Begriff \u201eStielhandgranate\u201d bezeichnet die verschiedenen Modelle, die zwischen 1915 und 1945 hergestellt wurden.<\/p>\n<p>Bestehend aus einem hohlen Holzgriff, an dessen Ende sich eine Sprengladung befindet. Der Ausl\u00f6semechanismus wird durch eine Schnur im Griff bet\u00e4tigt. Dieser ist mit einer verschraubten Sicherheitskappe verschlossen.<\/p>\n<p>Der Griff erleichtert die Handhabung und erh\u00f6ht die Wurfweite durch den Schleudereffekt. Eine Version ist f\u00fcr den Einsatz bei gro\u00dfer K\u00e4lte ausgelegt und an dem Buchstaben K auf dem Zylinderk\u00f6rper zu erkennen.<\/p>\n<h2>Ihre deutsche Handgranate Modell M24 zum besten Preis.<\/h2>\n<p>Wir bieten Ihnen eine gro\u00dfe Auswahl an Reproduktionen historischer Waffen und Zubeh\u00f6rteile.<\/p>\n<p>Zun\u00e4chst einmal,<\/p>\n<ul>\n<li>Die Reproduktion der <a href=\"https:\/\/repliquemangacine.fr\/de\/weltkrieg\/replika-maschinengewehr-mg34-mit-stativen-denix\/\">MG-34 Maschinengewehr<\/a> (Maschinengewehr 34).<\/li>\n<li>Es gibt auch die <a href=\"https:\/\/repliquemangacine.fr\/de\/militaria-material\/bande-munitions-pour-mg-34\/\">Munitionsstreifen<\/a> f\u00fcr das Maschinengewehr MG34.<\/li>\n<li>Sowie das <a href=\"https:\/\/repliquemangacine.fr\/de\/militaria-material\/replique-couteau-de-la-jeunesse-hitlerienne\/\">Messer der Hitlerjugend, <\/a>1933 bis 1942 angenommen.<\/li>\n<li>Und viele andere mehr!<\/li>\n<\/ul>\n<p>Deshalb ist dies eine gro\u00dfartige Geschenkidee f\u00fcr alle Liebhaber historischer Waffen.<\/p>\n<p>Abschlie\u00dfend k\u00f6nnen Sie diese <strong>Deutsche Granate Modell 24<\/strong> f\u00fcr Ihre historischen Nachstellungen. Vor allem aber ist diese Waffe ein Sammler- und Dekorationsst\u00fcck.<\/p>\n<p>R\u00e9plique Manga Cin\u00e9 ist ein franz\u00f6sisches Unternehmen und Vertreiber der Marke <a href=\"https:\/\/deepeeka.in\/\" target=\"_blank\" rel=\"noopener noreferrer\">Deepeeka<\/a>.<\/p>\n<h2>Wie werden Ihre Sammelobjekte hergestellt?<\/h2>\n<p>Zun\u00e4chst einmal sind alle unsere Produkte von hoher Qualit\u00e4t und werden mit besonderer Sorgfalt hergestellt. Die Herstellung erfolgt zum Teil von Hand, um jedes noch so kleine Detail zu reproduzieren. Gr\u00f6\u00dfere Teile werden von pr\u00e4zisen Maschinen bearbeitet. Die Gravuren werden in der Regel mit einer Diamantspitze oder einem Laser ausgef\u00fchrt.<\/p>\n<p>Ihre <strong>Deutsche Granate Modell 24, <\/strong>hergestellt, um jedes Detail genau zu reproduzieren. Um dem Erbe der originalen Meisterwerke gerecht zu werden. Der Schwerpunkt liegt darauf, qualitativ hochwertige Repliken herzustellen, die so historisch genau wie m\u00f6glich sind.<\/p>\n<p>Abschlie\u00dfend sei gesagt, dass unsere Repliken, die aus China, Spanien oder Indien importiert wurden, Sie in Erstaunen versetzen werden!<\/p>","protected":false},"excerpt":{"rendered":"<p>Deutsche M24-Granate mit dem Spitznamen \"Kartoffelpresse\".<\/p>\n<ul>\n<li>Stiel aus Naturholz<\/li>\n<li>Nachahmung einer Sprengladung<\/li>\n<li>Blaue deutsche Inschrift.<\/li>\n<li>Endst\u00fcck aus Metall mit der Nachahmung von Schrauben.<\/li>\n<li>Hergestellt in Indien von Deepeeka<\/li>\n<li>Gesamtl\u00e4nge der Granate: 36 cm - Gewicht: 257 Grs<\/li>\n<\/ul>","protected":false},"featured_media":28936,"template":"","meta":[],"product_brand":[896],"product_cat":[25,54,85],"product_tag":[],"class_list":{"0":"post-28935","1":"product","2":"type-product","3":"status-publish","4":"has-post-thumbnail","6":"product_brand-replique-manga-cine","7":"product_cat-armes-historiques","8":"product_cat-armes-accessoires-guerre-mondiale","9":"product_cat-dagues-et-accessoires-seconde-guerre-mondiale-materiels-militaria","11":"first","12":"instock","13":"taxable","14":"shipping-taxable","15":"purchasable","16":"product-type-simple"},"yoast_head":"<!-- This site is optimized with the Yoast SEO plugin v27.5 - https:\/\/yoast.com\/product\/yoast-seo-wordpress\/ -->\n<title>Grenade Allemande Mod\u00e8le 24 - Deepeeka | R\u00e9plique Manga Cin\u00e9<\/title>\n<meta name=\"description\" content=\"Commandez vite cette r\u00e9plique de la Grenade Allemande Mod\u00e8le 24 dite Presse Pur\u00e9e au meilleur prix - Bois narurel - Longueur totale : 36 cm\" \/>\n<meta name=\"robots\" content=\"index, follow, max-snippet:-1, max-image-preview:large, max-video-preview:-1\" \/>\n<link rel=\"canonical\" href=\"https:\/\/repliquemangacine.fr\/de\/dolche-und-zubehor-zweiter-weltkrieg-militarisches-material\/deutsche-handgranate-modell-24-handgranate\/\" \/>\n<meta property=\"og:locale\" content=\"de_DE\" \/>\n<meta property=\"og:type\" content=\"article\" \/>\n<meta property=\"og:title\" content=\"Grenade Allemande Mod\u00e8le 24 - Deepeeka | R\u00e9plique Manga Cin\u00e9\" \/>\n<meta property=\"og:description\" content=\"Commandez vite cette r\u00e9plique de la Grenade Allemande Mod\u00e8le 24 dite Presse Pur\u00e9e au meilleur prix - Bois narurel - Longueur totale : 36 cm\" \/>\n<meta property=\"og:url\" content=\"https:\/\/repliquemangacine.fr\/de\/dolche-und-zubehor-zweiter-weltkrieg-militarisches-material\/deutsche-handgranate-modell-24-handgranate\/\" \/>\n<meta property=\"og:site_name\" content=\"R\u00e9plique Manga Cin\u00e9\" \/>\n<meta property=\"article:publisher\" content=\"https:\/\/www.facebook.com\/RepliqueMangaCine\" \/>\n<meta property=\"article:modified_time\" content=\"2025-12-17T19:28:32+00:00\" \/>\n<meta property=\"og:image\" content=\"https:\/\/repliquemangacine.fr\/wp-content\/uploads\/2023\/10\/3622-Grenade-allemande-M24.jpg\" \/>\n\t<meta property=\"og:image:width\" content=\"800\" \/>\n\t<meta property=\"og:image:height\" content=\"800\" \/>\n\t<meta property=\"og:image:type\" content=\"image\/jpeg\" \/>\n<meta name=\"twitter:card\" content=\"summary_large_image\" \/>\n<meta name=\"twitter:label1\" content=\"Gesch\u00e4tzte Lesezeit\" \/>\n\t<meta name=\"twitter:data1\" content=\"2\u00a0Minuten\" \/>\n<script type=\"application\/ld+json\" class=\"yoast-schema-graph\">{\"@context\":\"https:\\\/\\\/schema.org\",\"@graph\":[{\"@type\":\"WebPage\",\"@id\":\"https:\\\/\\\/repliquemangacine.fr\\\/de\\\/dolche-und-zubehor-zweiter-weltkrieg-militarisches-material\\\/deutsche-handgranate-modell-24-handgranate\\\/\",\"url\":\"https:\\\/\\\/repliquemangacine.fr\\\/de\\\/dolche-und-zubehor-zweiter-weltkrieg-militarisches-material\\\/deutsche-handgranate-modell-24-handgranate\\\/\",\"name\":\"Grenade Allemande Mod\u00e8le 24 - Deepeeka | R\u00e9plique Manga Cin\u00e9\",\"isPartOf\":{\"@id\":\"https:\\\/\\\/repliquemangacine.fr\\\/#website\"},\"primaryImageOfPage\":{\"@id\":\"https:\\\/\\\/repliquemangacine.fr\\\/de\\\/dolche-und-zubehor-zweiter-weltkrieg-militarisches-material\\\/deutsche-handgranate-modell-24-handgranate\\\/#primaryimage\"},\"image\":{\"@id\":\"https:\\\/\\\/repliquemangacine.fr\\\/de\\\/dolche-und-zubehor-zweiter-weltkrieg-militarisches-material\\\/deutsche-handgranate-modell-24-handgranate\\\/#primaryimage\"},\"thumbnailUrl\":\"https:\\\/\\\/repliquemangacine.fr\\\/wp-content\\\/uploads\\\/2023\\\/10\\\/3622-Grenade-allemande-M24.jpg\",\"datePublished\":\"2020-03-28T10:37:47+00:00\",\"dateModified\":\"2025-12-17T19:28:32+00:00\",\"description\":\"Commandez vite cette r\u00e9plique de la Grenade Allemande Mod\u00e8le 24 dite Presse Pur\u00e9e au meilleur prix - Bois narurel - Longueur totale : 36 cm\",\"breadcrumb\":{\"@id\":\"https:\\\/\\\/repliquemangacine.fr\\\/de\\\/dolche-und-zubehor-zweiter-weltkrieg-militarisches-material\\\/deutsche-handgranate-modell-24-handgranate\\\/#breadcrumb\"},\"inLanguage\":\"de\",\"potentialAction\":[{\"@type\":\"ReadAction\",\"target\":[\"https:\\\/\\\/repliquemangacine.fr\\\/de\\\/dolche-und-zubehor-zweiter-weltkrieg-militarisches-material\\\/deutsche-handgranate-modell-24-handgranate\\\/\"]}]},{\"@type\":\"ImageObject\",\"inLanguage\":\"de\",\"@id\":\"https:\\\/\\\/repliquemangacine.fr\\\/de\\\/dolche-und-zubehor-zweiter-weltkrieg-militarisches-material\\\/deutsche-handgranate-modell-24-handgranate\\\/#primaryimage\",\"url\":\"https:\\\/\\\/repliquemangacine.fr\\\/wp-content\\\/uploads\\\/2023\\\/10\\\/3622-Grenade-allemande-M24.jpg\",\"contentUrl\":\"https:\\\/\\\/repliquemangacine.fr\\\/wp-content\\\/uploads\\\/2023\\\/10\\\/3622-Grenade-allemande-M24.jpg\",\"width\":800,\"height\":800,\"caption\":\"Grenade allemande M24\"},{\"@type\":\"BreadcrumbList\",\"@id\":\"https:\\\/\\\/repliquemangacine.fr\\\/de\\\/dolche-und-zubehor-zweiter-weltkrieg-militarisches-material\\\/deutsche-handgranate-modell-24-handgranate\\\/#breadcrumb\",\"itemListElement\":[{\"@type\":\"ListItem\",\"position\":1,\"name\":\"Accueil\",\"item\":\"https:\\\/\\\/repliquemangacine.fr\\\/\"},{\"@type\":\"ListItem\",\"position\":2,\"name\":\"Produits\",\"item\":\"https:\\\/\\\/repliquemangacine.fr\\\/boutique\\\/\"},{\"@type\":\"ListItem\",\"position\":3,\"name\":\"Grenade Allemande Mod\u00e8le 24\"}]},{\"@type\":\"WebSite\",\"@id\":\"https:\\\/\\\/repliquemangacine.fr\\\/#website\",\"url\":\"https:\\\/\\\/repliquemangacine.fr\\\/\",\"name\":\"R\u00e9plique Manga Cin\u00e9\",\"description\":\"\",\"publisher\":{\"@id\":\"https:\\\/\\\/repliquemangacine.fr\\\/#organization\"},\"potentialAction\":[{\"@type\":\"SearchAction\",\"target\":{\"@type\":\"EntryPoint\",\"urlTemplate\":\"https:\\\/\\\/repliquemangacine.fr\\\/?s={search_term_string}\"},\"query-input\":{\"@type\":\"PropertyValueSpecification\",\"valueRequired\":true,\"valueName\":\"search_term_string\"}}],\"inLanguage\":\"de\"},{\"@type\":\"Organization\",\"@id\":\"https:\\\/\\\/repliquemangacine.fr\\\/#organization\",\"name\":\"R\u00e9plique Manga Cin\u00e9\",\"url\":\"https:\\\/\\\/repliquemangacine.fr\\\/\",\"logo\":{\"@type\":\"ImageObject\",\"inLanguage\":\"de\",\"@id\":\"https:\\\/\\\/repliquemangacine.fr\\\/#\\\/schema\\\/logo\\\/image\\\/\",\"url\":\"https:\\\/\\\/repliquemangacine.fr\\\/wp-content\\\/uploads\\\/2023\\\/10\\\/RMC-500250.png\",\"contentUrl\":\"https:\\\/\\\/repliquemangacine.fr\\\/wp-content\\\/uploads\\\/2023\\\/10\\\/RMC-500250.png\",\"width\":500,\"height\":250,\"caption\":\"R\u00e9plique Manga Cin\u00e9\"},\"image\":{\"@id\":\"https:\\\/\\\/repliquemangacine.fr\\\/#\\\/schema\\\/logo\\\/image\\\/\"},\"sameAs\":[\"https:\\\/\\\/www.facebook.com\\\/RepliqueMangaCine\",\"https:\\\/\\\/www.instagram.com\\\/repliquemangacine.fr\\\/\"]}]}<\/script>\n<!-- \/ Yoast SEO plugin. -->","yoast_head_json":{"title":"Deutsche Granate Modell 24 - Deepeeka | R\u00e9plique Manga Cin\u00e9","description":"Bestellen Sie schnell diese Replik der Deutschen Granate Modell 24 genannt Presse Pur\u00e9e zum besten Preis - Holz narurel - Gesamtl\u00e4nge: 36 cm","robots":{"index":"index","follow":"follow","max-snippet":"max-snippet:-1","max-image-preview":"max-image-preview:large","max-video-preview":"max-video-preview:-1"},"canonical":"https:\/\/repliquemangacine.fr\/de\/dolche-und-zubehor-zweiter-weltkrieg-militarisches-material\/deutsche-handgranate-modell-24-handgranate\/","og_locale":"de_DE","og_type":"article","og_title":"Grenade Allemande Mod\u00e8le 24 - Deepeeka | R\u00e9plique Manga Cin\u00e9","og_description":"Commandez vite cette r\u00e9plique de la Grenade Allemande Mod\u00e8le 24 dite Presse Pur\u00e9e au meilleur prix - Bois narurel - Longueur totale : 36 cm","og_url":"https:\/\/repliquemangacine.fr\/de\/dolche-und-zubehor-zweiter-weltkrieg-militarisches-material\/deutsche-handgranate-modell-24-handgranate\/","og_site_name":"R\u00e9plique Manga Cin\u00e9","article_publisher":"https:\/\/www.facebook.com\/RepliqueMangaCine","article_modified_time":"2025-12-17T19:28:32+00:00","og_image":[{"width":800,"height":800,"url":"https:\/\/repliquemangacine.fr\/wp-content\/uploads\/2023\/10\/3622-Grenade-allemande-M24.jpg","type":"image\/jpeg"}],"twitter_card":"summary_large_image","twitter_misc":{"Gesch\u00e4tzte Lesezeit":"2\u00a0Minuten"},"schema":{"@context":"https:\/\/schema.org","@graph":[{"@type":"WebPage","@id":"https:\/\/repliquemangacine.fr\/de\/dolche-und-zubehor-zweiter-weltkrieg-militarisches-material\/deutsche-handgranate-modell-24-handgranate\/","url":"https:\/\/repliquemangacine.fr\/de\/dolche-und-zubehor-zweiter-weltkrieg-militarisches-material\/deutsche-handgranate-modell-24-handgranate\/","name":"Deutsche Granate Modell 24 - Deepeeka | R\u00e9plique Manga Cin\u00e9","isPartOf":{"@id":"https:\/\/repliquemangacine.fr\/#website"},"primaryImageOfPage":{"@id":"https:\/\/repliquemangacine.fr\/de\/dolche-und-zubehor-zweiter-weltkrieg-militarisches-material\/deutsche-handgranate-modell-24-handgranate\/#primaryimage"},"image":{"@id":"https:\/\/repliquemangacine.fr\/de\/dolche-und-zubehor-zweiter-weltkrieg-militarisches-material\/deutsche-handgranate-modell-24-handgranate\/#primaryimage"},"thumbnailUrl":"https:\/\/repliquemangacine.fr\/wp-content\/uploads\/2023\/10\/3622-Grenade-allemande-M24.jpg","datePublished":"2020-03-28T10:37:47+00:00","dateModified":"2025-12-17T19:28:32+00:00","description":"Bestellen Sie schnell diese Replik der Deutschen Granate Modell 24 genannt Presse Pur\u00e9e zum besten Preis - Holz narurel - Gesamtl\u00e4nge: 36 cm","breadcrumb":{"@id":"https:\/\/repliquemangacine.fr\/de\/dolche-und-zubehor-zweiter-weltkrieg-militarisches-material\/deutsche-handgranate-modell-24-handgranate\/#breadcrumb"},"inLanguage":"de","potentialAction":[{"@type":"ReadAction","target":["https:\/\/repliquemangacine.fr\/de\/dolche-und-zubehor-zweiter-weltkrieg-militarisches-material\/deutsche-handgranate-modell-24-handgranate\/"]}]},{"@type":"ImageObject","inLanguage":"de","@id":"https:\/\/repliquemangacine.fr\/de\/dolche-und-zubehor-zweiter-weltkrieg-militarisches-material\/deutsche-handgranate-modell-24-handgranate\/#primaryimage","url":"https:\/\/repliquemangacine.fr\/wp-content\/uploads\/2023\/10\/3622-Grenade-allemande-M24.jpg","contentUrl":"https:\/\/repliquemangacine.fr\/wp-content\/uploads\/2023\/10\/3622-Grenade-allemande-M24.jpg","width":800,"height":800,"caption":"Grenade allemande M24"},{"@type":"BreadcrumbList","@id":"https:\/\/repliquemangacine.fr\/de\/dolche-und-zubehor-zweiter-weltkrieg-militarisches-material\/deutsche-handgranate-modell-24-handgranate\/#breadcrumb","itemListElement":[{"@type":"ListItem","position":1,"name":"Accueil","item":"https:\/\/repliquemangacine.fr\/"},{"@type":"ListItem","position":2,"name":"Produits","item":"https:\/\/repliquemangacine.fr\/boutique\/"},{"@type":"ListItem","position":3,"name":"Grenade Allemande Mod\u00e8le 24"}]},{"@type":"WebSite","@id":"https:\/\/repliquemangacine.fr\/#website","url":"https:\/\/repliquemangacine.fr\/","name":"R\u00e9plique Manga Cin\u00e9","description":"","publisher":{"@id":"https:\/\/repliquemangacine.fr\/#organization"},"potentialAction":[{"@type":"SearchAction","target":{"@type":"EntryPoint","urlTemplate":"https:\/\/repliquemangacine.fr\/?s={search_term_string}"},"query-input":{"@type":"PropertyValueSpecification","valueRequired":true,"valueName":"search_term_string"}}],"inLanguage":"de"},{"@type":"Organization","@id":"https:\/\/repliquemangacine.fr\/#organization","name":"R\u00e9plique Manga Cin\u00e9","url":"https:\/\/repliquemangacine.fr\/","logo":{"@type":"ImageObject","inLanguage":"de","@id":"https:\/\/repliquemangacine.fr\/#\/schema\/logo\/image\/","url":"https:\/\/repliquemangacine.fr\/wp-content\/uploads\/2023\/10\/RMC-500250.png","contentUrl":"https:\/\/repliquemangacine.fr\/wp-content\/uploads\/2023\/10\/RMC-500250.png","width":500,"height":250,"caption":"R\u00e9plique Manga Cin\u00e9"},"image":{"@id":"https:\/\/repliquemangacine.fr\/#\/schema\/logo\/image\/"},"sameAs":["https:\/\/www.facebook.com\/RepliqueMangaCine","https:\/\/www.instagram.com\/repliquemangacine.fr\/"]}]}},"_links":{"self":[{"href":"https:\/\/repliquemangacine.fr\/de\/wp-json\/wp\/v2\/product\/28935","targetHints":{"allow":["GET"]}}],"collection":[{"href":"https:\/\/repliquemangacine.fr\/de\/wp-json\/wp\/v2\/product"}],"about":[{"href":"https:\/\/repliquemangacine.fr\/de\/wp-json\/wp\/v2\/types\/product"}],"wp:featuredmedia":[{"embeddable":true,"href":"https:\/\/repliquemangacine.fr\/de\/wp-json\/wp\/v2\/media\/28936"}],"wp:attachment":[{"href":"https:\/\/repliquemangacine.fr\/de\/wp-json\/wp\/v2\/media?parent=28935"}],"wp:term":[{"taxonomy":"product_brand","embeddable":true,"href":"https:\/\/repliquemangacine.fr\/de\/wp-json\/wp\/v2\/product_brand?post=28935"},{"taxonomy":"product_cat","embeddable":true,"href":"https:\/\/repliquemangacine.fr\/de\/wp-json\/wp\/v2\/product_cat?post=28935"},{"taxonomy":"product_tag","embeddable":true,"href":"https:\/\/repliquemangacine.fr\/de\/wp-json\/wp\/v2\/product_tag?post=28935"}],"curies":[{"name":"wp","href":"https:\/\/api.w.org\/{rel}","templated":true}]}}