





{"id":28929,"date":"2020-03-28T11:07:43","date_gmt":"2020-03-28T10:07:43","guid":{"rendered":"https:\/\/repliquemangacine.fr\/?post_type=product&#038;p=28929"},"modified":"2025-11-25T16:02:38","modified_gmt":"2025-11-25T15:02:38","slug":"granatapfel-presse-puree-m24","status":"publish","type":"product","link":"https:\/\/repliquemangacine.fr\/de\/dagues-et-accessoires-seconde-guerre-mondiale-materiels-militaria\/grenade-presse-puree-m24\/","title":{"rendered":"Granatapfel Presse-P\u00fcree M24"},"content":{"rendered":"<h2>Granatapfel Presse-P\u00fcree M24 Deepeeka<\/h2>\n<p>Zun\u00e4chst einmal ist die Grenade Presse-Pur\u00e9e M24 oder auf Deutsch Stielhandgranate 24 eine deutsche Handgranate aus dem Zweiten Weltkrieg, die auf Modellen aus dem Ersten Weltkrieg basiert. Sie wurde in Anlehnung an das K\u00fcchenger\u00e4t \u00abPresse-pur\u00e9e\u00bb (Kartoffelstampfer) genannt. Der Begriff \u201eStielhandgranate\u201d bezeichnet die verschiedenen Modelle, die zwischen 1915 und 1945 hergestellt wurden.<\/p>\n<p>Bestehend aus einem hohlen Holzgriff, an dessen Ende sich eine Sprengladung befindet. Der Ausl\u00f6semechanismus wird durch eine Schnur im Griff bet\u00e4tigt. Verschlossen durch eine verschraubte Sicherheitskappe.<\/p>\n<p>Der Griff erleichtert die Handhabung und erh\u00f6ht die Wurfweite durch den Schleudereffekt. Eine Version ist f\u00fcr den Einsatz bei gro\u00dfer K\u00e4lte ausgelegt und an dem Buchstaben K auf dem Zylinderk\u00f6rper zu erkennen.<\/p>\n<h2>Ihr Granatapfel Presse-P\u00fcree M24 zum besten Preis.<\/h2>\n<p>Wir bieten Ihnen eine gro\u00dfe Auswahl an Reproduktionen historischer Waffen und Zubeh\u00f6rteile.<\/p>\n<p>Zun\u00e4chst einmal,<\/p>\n<ul>\n<li>Die Reproduktion des Maschinengewehrs <a href=\"https:\/\/repliquemangacine.fr\/de\/weltkrieg\/replika-maschinengewehr-mg34-mit-stativen-denix\/\">MG-34<\/a> (Maschinengewehr 34)<\/li>\n<li>Es gibt auch die Handgranate MK2 oder <a href=\"https:\/\/repliquemangacine.fr\/de\/historische-waffen\/grenade-mk2-ou-grenade-ananas-verte-usa-1918-replique-factice\/\">Granatapfel Ananas<\/a> von gr\u00fcner Farbe.<\/li>\n<li>Sowie das <a href=\"https:\/\/repliquemangacine.fr\/de\/militaria-material\/dague-de-ceremonie-allemande-dague-d-honneur-ss\/\">SS-Dolch Ehrendolch<\/a>Dieser Preis wird nur an Offiziere und Unteroffiziere verliehen.<\/li>\n<li>Und noch viel mehr gibt es in unserem Online-Shop zu entdecken!<\/li>\n<\/ul>\n<p>Deshalb ist dies eine gro\u00dfartige Geschenkidee f\u00fcr alle Liebhaber historischer Waffen.<\/p>\n<p>Abschlie\u00dfend k\u00f6nnen Sie diese <strong>Granatapfel Presse-P\u00fcree M24<\/strong> f\u00fcr Ihre historischen Nachstellungen. Vor allem aber ist diese Waffe ein Sammler- und Dekorationsst\u00fcck.<\/p>\n<h2>Wie werden Ihre Sammelobjekte hergestellt?<\/h2>\n<p>Zun\u00e4chst einmal sind alle unsere Produkte von hoher Qualit\u00e4t und werden mit besonderer Sorgfalt hergestellt. Die Herstellung erfolgt zum Teil von Hand, um jedes noch so kleine Detail zu reproduzieren. Gr\u00f6\u00dfere Teile werden von pr\u00e4zisen Maschinen bearbeitet. Die Gravuren werden in der Regel mit einer Diamantspitze oder einem Laser ausgef\u00fchrt.<\/p>\n<p>Ihre <strong>Granatapfel Presse-P\u00fcree M24<\/strong> hergestellt, um jedes Detail genau zu reproduzieren. Um dem Erbe der originalen Meisterwerke gerecht zu werden. Der Schwerpunkt liegt darauf, qualitativ hochwertige Repliken herzustellen, die so historisch genau wie m\u00f6glich sind.<\/p>\n<p>Abschlie\u00dfend sei gesagt, dass unsere Repliken, die aus China, Spanien oder Indien importiert wurden, Sie in Erstaunen versetzen werden!<\/p>\n<p>R\u00e9plique Manga Cin\u00e9 ist ein franz\u00f6sisches Unternehmen und offizieller Vertriebspartner der Marke <a href=\"https:\/\/deepeeka.in\/\" target=\"_blank\" rel=\"noopener noreferrer\">Deepeeka<\/a>.<\/p>","protected":false},"excerpt":{"rendered":"<p>Deutsche M24-Granate mit dem Spitznamen \"Kartoffelpresse\".<\/p>\n<ul>\n<li>Stiel aus Naturholz.<\/li>\n<li>Nachahmung einer Sprengladung.<\/li>\n<li>Wei\u00dfe deutsche Inschrift.<\/li>\n<li>Metallspitze mit Schraubenimitation.<\/li>\n<li>Hergestellt in Indien von Deepeeka<\/li>\n<li>Gesamtl\u00e4nge: 36 cm - Gewicht: 257 Grs<\/li>\n<\/ul>","protected":false},"featured_media":28930,"template":"","meta":[],"product_brand":[896],"product_cat":[25,54,85],"product_tag":[],"class_list":{"0":"post-28929","1":"product","2":"type-product","3":"status-publish","4":"has-post-thumbnail","6":"product_brand-replique-manga-cine","7":"product_cat-armes-historiques","8":"product_cat-armes-accessoires-guerre-mondiale","9":"product_cat-dagues-et-accessoires-seconde-guerre-mondiale-materiels-militaria","11":"first","12":"instock","13":"taxable","14":"shipping-taxable","15":"purchasable","16":"product-type-simple"},"yoast_head":"<!-- This site is optimized with the Yoast SEO plugin v27.5 - https:\/\/yoast.com\/product\/yoast-seo-wordpress\/ -->\n<title>Grenade Presse-Pur\u00e9e M24 Deepeeka | R\u00e9plique Manga Cin\u00e9<\/title>\n<meta name=\"description\" content=\"Offrez-vous cette Grenade Presse-Pur\u00e9e M24 sign\u00e9 Deepeeka au meilleur prix - Manche en bois - Imitation charge explosive - Longueur totale : 36 cm\" \/>\n<meta name=\"robots\" content=\"index, follow, max-snippet:-1, max-image-preview:large, max-video-preview:-1\" \/>\n<link rel=\"canonical\" href=\"https:\/\/repliquemangacine.fr\/de\/dolche-und-zubehor-zweiter-weltkrieg-militarisches-material\/granatapfel-presse-puree-m24\/\" \/>\n<meta property=\"og:locale\" content=\"de_DE\" \/>\n<meta property=\"og:type\" content=\"article\" \/>\n<meta property=\"og:title\" content=\"Grenade Presse-Pur\u00e9e M24 Deepeeka | R\u00e9plique Manga Cin\u00e9\" \/>\n<meta property=\"og:description\" content=\"Offrez-vous cette Grenade Presse-Pur\u00e9e M24 sign\u00e9 Deepeeka au meilleur prix - Manche en bois - Imitation charge explosive - Longueur totale : 36 cm\" \/>\n<meta property=\"og:url\" content=\"https:\/\/repliquemangacine.fr\/de\/dolche-und-zubehor-zweiter-weltkrieg-militarisches-material\/granatapfel-presse-puree-m24\/\" \/>\n<meta property=\"og:site_name\" content=\"R\u00e9plique Manga Cin\u00e9\" \/>\n<meta property=\"article:publisher\" content=\"https:\/\/www.facebook.com\/RepliqueMangaCine\" \/>\n<meta property=\"article:modified_time\" content=\"2025-11-25T15:02:38+00:00\" \/>\n<meta property=\"og:image\" content=\"https:\/\/repliquemangacine.fr\/wp-content\/uploads\/2023\/10\/3616-Presse-puree-grenade-allemande.jpg\" \/>\n\t<meta property=\"og:image:width\" content=\"800\" \/>\n\t<meta property=\"og:image:height\" content=\"800\" \/>\n\t<meta property=\"og:image:type\" content=\"image\/jpeg\" \/>\n<meta name=\"twitter:card\" content=\"summary_large_image\" \/>\n<meta name=\"twitter:label1\" content=\"Gesch\u00e4tzte Lesezeit\" \/>\n\t<meta name=\"twitter:data1\" content=\"2\u00a0Minuten\" \/>\n<script type=\"application\/ld+json\" class=\"yoast-schema-graph\">{\"@context\":\"https:\\\/\\\/schema.org\",\"@graph\":[{\"@type\":\"WebPage\",\"@id\":\"https:\\\/\\\/repliquemangacine.fr\\\/dagues-et-accessoires-seconde-guerre-mondiale-materiels-militaria\\\/grenade-presse-puree-m24\\\/\",\"url\":\"https:\\\/\\\/repliquemangacine.fr\\\/dagues-et-accessoires-seconde-guerre-mondiale-materiels-militaria\\\/grenade-presse-puree-m24\\\/\",\"name\":\"Grenade Presse-Pur\u00e9e M24 Deepeeka | R\u00e9plique Manga Cin\u00e9\",\"isPartOf\":{\"@id\":\"https:\\\/\\\/repliquemangacine.fr\\\/#website\"},\"primaryImageOfPage\":{\"@id\":\"https:\\\/\\\/repliquemangacine.fr\\\/dagues-et-accessoires-seconde-guerre-mondiale-materiels-militaria\\\/grenade-presse-puree-m24\\\/#primaryimage\"},\"image\":{\"@id\":\"https:\\\/\\\/repliquemangacine.fr\\\/dagues-et-accessoires-seconde-guerre-mondiale-materiels-militaria\\\/grenade-presse-puree-m24\\\/#primaryimage\"},\"thumbnailUrl\":\"https:\\\/\\\/repliquemangacine.fr\\\/wp-content\\\/uploads\\\/2023\\\/10\\\/3616-Presse-puree-grenade-allemande.jpg\",\"datePublished\":\"2020-03-28T10:07:43+00:00\",\"dateModified\":\"2025-11-25T15:02:38+00:00\",\"description\":\"Offrez-vous cette Grenade Presse-Pur\u00e9e M24 sign\u00e9 Deepeeka au meilleur prix - Manche en bois - Imitation charge explosive - Longueur totale : 36 cm\",\"breadcrumb\":{\"@id\":\"https:\\\/\\\/repliquemangacine.fr\\\/dagues-et-accessoires-seconde-guerre-mondiale-materiels-militaria\\\/grenade-presse-puree-m24\\\/#breadcrumb\"},\"inLanguage\":\"de\",\"potentialAction\":[{\"@type\":\"ReadAction\",\"target\":[\"https:\\\/\\\/repliquemangacine.fr\\\/dagues-et-accessoires-seconde-guerre-mondiale-materiels-militaria\\\/grenade-presse-puree-m24\\\/\"]}]},{\"@type\":\"ImageObject\",\"inLanguage\":\"de\",\"@id\":\"https:\\\/\\\/repliquemangacine.fr\\\/dagues-et-accessoires-seconde-guerre-mondiale-materiels-militaria\\\/grenade-presse-puree-m24\\\/#primaryimage\",\"url\":\"https:\\\/\\\/repliquemangacine.fr\\\/wp-content\\\/uploads\\\/2023\\\/10\\\/3616-Presse-puree-grenade-allemande.jpg\",\"contentUrl\":\"https:\\\/\\\/repliquemangacine.fr\\\/wp-content\\\/uploads\\\/2023\\\/10\\\/3616-Presse-puree-grenade-allemande.jpg\",\"width\":800,\"height\":800,\"caption\":\"Grenade Presse-Pur\u00e9e M24 deepeeka\"},{\"@type\":\"BreadcrumbList\",\"@id\":\"https:\\\/\\\/repliquemangacine.fr\\\/dagues-et-accessoires-seconde-guerre-mondiale-materiels-militaria\\\/grenade-presse-puree-m24\\\/#breadcrumb\",\"itemListElement\":[{\"@type\":\"ListItem\",\"position\":1,\"name\":\"Accueil\",\"item\":\"https:\\\/\\\/repliquemangacine.fr\\\/\"},{\"@type\":\"ListItem\",\"position\":2,\"name\":\"Produits\",\"item\":\"https:\\\/\\\/repliquemangacine.fr\\\/boutique\\\/\"},{\"@type\":\"ListItem\",\"position\":3,\"name\":\"Grenade Presse-Pur\u00e9e M24\"}]},{\"@type\":\"WebSite\",\"@id\":\"https:\\\/\\\/repliquemangacine.fr\\\/#website\",\"url\":\"https:\\\/\\\/repliquemangacine.fr\\\/\",\"name\":\"R\u00e9plique Manga Cin\u00e9\",\"description\":\"\",\"publisher\":{\"@id\":\"https:\\\/\\\/repliquemangacine.fr\\\/#organization\"},\"potentialAction\":[{\"@type\":\"SearchAction\",\"target\":{\"@type\":\"EntryPoint\",\"urlTemplate\":\"https:\\\/\\\/repliquemangacine.fr\\\/?s={search_term_string}\"},\"query-input\":{\"@type\":\"PropertyValueSpecification\",\"valueRequired\":true,\"valueName\":\"search_term_string\"}}],\"inLanguage\":\"de\"},{\"@type\":\"Organization\",\"@id\":\"https:\\\/\\\/repliquemangacine.fr\\\/#organization\",\"name\":\"R\u00e9plique Manga Cin\u00e9\",\"url\":\"https:\\\/\\\/repliquemangacine.fr\\\/\",\"logo\":{\"@type\":\"ImageObject\",\"inLanguage\":\"de\",\"@id\":\"https:\\\/\\\/repliquemangacine.fr\\\/#\\\/schema\\\/logo\\\/image\\\/\",\"url\":\"https:\\\/\\\/repliquemangacine.fr\\\/wp-content\\\/uploads\\\/2023\\\/10\\\/RMC-500250.png\",\"contentUrl\":\"https:\\\/\\\/repliquemangacine.fr\\\/wp-content\\\/uploads\\\/2023\\\/10\\\/RMC-500250.png\",\"width\":500,\"height\":250,\"caption\":\"R\u00e9plique Manga Cin\u00e9\"},\"image\":{\"@id\":\"https:\\\/\\\/repliquemangacine.fr\\\/#\\\/schema\\\/logo\\\/image\\\/\"},\"sameAs\":[\"https:\\\/\\\/www.facebook.com\\\/RepliqueMangaCine\",\"https:\\\/\\\/www.instagram.com\\\/repliquemangacine.fr\\\/\"]}]}<\/script>\n<!-- \/ Yoast SEO plugin. -->","yoast_head_json":{"title":"Granatapfel Presse-P\u00fcree M24 Deepeeka | R\u00e9plique Manga Cin\u00e9","description":"G\u00f6nnen Sie sich diese Granate M24 Kartoffelpresse von Deepeeka zum besten Preis - Holzgriff - Nachgeahmte Sprengladung - Gesamtl\u00e4nge: 36 cm","robots":{"index":"index","follow":"follow","max-snippet":"max-snippet:-1","max-image-preview":"max-image-preview:large","max-video-preview":"max-video-preview:-1"},"canonical":"https:\/\/repliquemangacine.fr\/de\/dolche-und-zubehor-zweiter-weltkrieg-militarisches-material\/granatapfel-presse-puree-m24\/","og_locale":"de_DE","og_type":"article","og_title":"Grenade Presse-Pur\u00e9e M24 Deepeeka | R\u00e9plique Manga Cin\u00e9","og_description":"Offrez-vous cette Grenade Presse-Pur\u00e9e M24 sign\u00e9 Deepeeka au meilleur prix - Manche en bois - Imitation charge explosive - Longueur totale : 36 cm","og_url":"https:\/\/repliquemangacine.fr\/de\/dolche-und-zubehor-zweiter-weltkrieg-militarisches-material\/granatapfel-presse-puree-m24\/","og_site_name":"R\u00e9plique Manga Cin\u00e9","article_publisher":"https:\/\/www.facebook.com\/RepliqueMangaCine","article_modified_time":"2025-11-25T15:02:38+00:00","og_image":[{"width":800,"height":800,"url":"https:\/\/repliquemangacine.fr\/wp-content\/uploads\/2023\/10\/3616-Presse-puree-grenade-allemande.jpg","type":"image\/jpeg"}],"twitter_card":"summary_large_image","twitter_misc":{"Gesch\u00e4tzte Lesezeit":"2\u00a0Minuten"},"schema":{"@context":"https:\/\/schema.org","@graph":[{"@type":"WebPage","@id":"https:\/\/repliquemangacine.fr\/dagues-et-accessoires-seconde-guerre-mondiale-materiels-militaria\/grenade-presse-puree-m24\/","url":"https:\/\/repliquemangacine.fr\/dagues-et-accessoires-seconde-guerre-mondiale-materiels-militaria\/grenade-presse-puree-m24\/","name":"Granatapfel Presse-P\u00fcree M24 Deepeeka | R\u00e9plique Manga Cin\u00e9","isPartOf":{"@id":"https:\/\/repliquemangacine.fr\/#website"},"primaryImageOfPage":{"@id":"https:\/\/repliquemangacine.fr\/dagues-et-accessoires-seconde-guerre-mondiale-materiels-militaria\/grenade-presse-puree-m24\/#primaryimage"},"image":{"@id":"https:\/\/repliquemangacine.fr\/dagues-et-accessoires-seconde-guerre-mondiale-materiels-militaria\/grenade-presse-puree-m24\/#primaryimage"},"thumbnailUrl":"https:\/\/repliquemangacine.fr\/wp-content\/uploads\/2023\/10\/3616-Presse-puree-grenade-allemande.jpg","datePublished":"2020-03-28T10:07:43+00:00","dateModified":"2025-11-25T15:02:38+00:00","description":"G\u00f6nnen Sie sich diese Granate M24 Kartoffelpresse von Deepeeka zum besten Preis - Holzgriff - Nachgeahmte Sprengladung - Gesamtl\u00e4nge: 36 cm","breadcrumb":{"@id":"https:\/\/repliquemangacine.fr\/dagues-et-accessoires-seconde-guerre-mondiale-materiels-militaria\/grenade-presse-puree-m24\/#breadcrumb"},"inLanguage":"de","potentialAction":[{"@type":"ReadAction","target":["https:\/\/repliquemangacine.fr\/dagues-et-accessoires-seconde-guerre-mondiale-materiels-militaria\/grenade-presse-puree-m24\/"]}]},{"@type":"ImageObject","inLanguage":"de","@id":"https:\/\/repliquemangacine.fr\/dagues-et-accessoires-seconde-guerre-mondiale-materiels-militaria\/grenade-presse-puree-m24\/#primaryimage","url":"https:\/\/repliquemangacine.fr\/wp-content\/uploads\/2023\/10\/3616-Presse-puree-grenade-allemande.jpg","contentUrl":"https:\/\/repliquemangacine.fr\/wp-content\/uploads\/2023\/10\/3616-Presse-puree-grenade-allemande.jpg","width":800,"height":800,"caption":"Grenade Presse-Pur\u00e9e M24 deepeeka"},{"@type":"BreadcrumbList","@id":"https:\/\/repliquemangacine.fr\/dagues-et-accessoires-seconde-guerre-mondiale-materiels-militaria\/grenade-presse-puree-m24\/#breadcrumb","itemListElement":[{"@type":"ListItem","position":1,"name":"Accueil","item":"https:\/\/repliquemangacine.fr\/"},{"@type":"ListItem","position":2,"name":"Produits","item":"https:\/\/repliquemangacine.fr\/boutique\/"},{"@type":"ListItem","position":3,"name":"Grenade Presse-Pur\u00e9e M24"}]},{"@type":"WebSite","@id":"https:\/\/repliquemangacine.fr\/#website","url":"https:\/\/repliquemangacine.fr\/","name":"R\u00e9plique Manga Cin\u00e9","description":"","publisher":{"@id":"https:\/\/repliquemangacine.fr\/#organization"},"potentialAction":[{"@type":"SearchAction","target":{"@type":"EntryPoint","urlTemplate":"https:\/\/repliquemangacine.fr\/?s={search_term_string}"},"query-input":{"@type":"PropertyValueSpecification","valueRequired":true,"valueName":"search_term_string"}}],"inLanguage":"de"},{"@type":"Organization","@id":"https:\/\/repliquemangacine.fr\/#organization","name":"R\u00e9plique Manga Cin\u00e9","url":"https:\/\/repliquemangacine.fr\/","logo":{"@type":"ImageObject","inLanguage":"de","@id":"https:\/\/repliquemangacine.fr\/#\/schema\/logo\/image\/","url":"https:\/\/repliquemangacine.fr\/wp-content\/uploads\/2023\/10\/RMC-500250.png","contentUrl":"https:\/\/repliquemangacine.fr\/wp-content\/uploads\/2023\/10\/RMC-500250.png","width":500,"height":250,"caption":"R\u00e9plique Manga Cin\u00e9"},"image":{"@id":"https:\/\/repliquemangacine.fr\/#\/schema\/logo\/image\/"},"sameAs":["https:\/\/www.facebook.com\/RepliqueMangaCine","https:\/\/www.instagram.com\/repliquemangacine.fr\/"]}]}},"_links":{"self":[{"href":"https:\/\/repliquemangacine.fr\/de\/wp-json\/wp\/v2\/product\/28929","targetHints":{"allow":["GET"]}}],"collection":[{"href":"https:\/\/repliquemangacine.fr\/de\/wp-json\/wp\/v2\/product"}],"about":[{"href":"https:\/\/repliquemangacine.fr\/de\/wp-json\/wp\/v2\/types\/product"}],"wp:featuredmedia":[{"embeddable":true,"href":"https:\/\/repliquemangacine.fr\/de\/wp-json\/wp\/v2\/media\/28930"}],"wp:attachment":[{"href":"https:\/\/repliquemangacine.fr\/de\/wp-json\/wp\/v2\/media?parent=28929"}],"wp:term":[{"taxonomy":"product_brand","embeddable":true,"href":"https:\/\/repliquemangacine.fr\/de\/wp-json\/wp\/v2\/product_brand?post=28929"},{"taxonomy":"product_cat","embeddable":true,"href":"https:\/\/repliquemangacine.fr\/de\/wp-json\/wp\/v2\/product_cat?post=28929"},{"taxonomy":"product_tag","embeddable":true,"href":"https:\/\/repliquemangacine.fr\/de\/wp-json\/wp\/v2\/product_tag?post=28929"}],"curies":[{"name":"wp","href":"https:\/\/api.w.org\/{rel}","templated":true}]}}