





{"id":28915,"date":"2020-03-19T17:44:42","date_gmt":"2020-03-19T16:44:42","guid":{"rendered":"https:\/\/repliquemangacine.fr\/?post_type=product&#038;p=28915"},"modified":"2026-04-11T16:39:23","modified_gmt":"2026-04-11T14:39:23","slug":"nidai-kitetsu-schwert-von-luffy-one-piece","status":"publish","type":"product","link":"https:\/\/repliquemangacine.fr\/de\/repliques-manga-jeux-video\/nidai-kitetsu-sabre-de-luffy-one-piece\/","title":{"rendered":"Nidai Kitetsu Luffy One Piece"},"content":{"rendered":"<h2>Luffys Schwert Nidai Kitetsu aus One Piece.<\/h2>\n<p>Zu Beginn wird der <strong>Luffys Schwert Nidai Kitetsu<\/strong> in One Piece zu den besten Katanas geh\u00f6rt, ist es auch ein verfluchtes Schwert.<\/p>\n<p>Zun\u00e4chst einmal, <a href=\"https:\/\/onepiece.fandom.com\/fr\/wiki\/Monkey_D._Luffy\" target=\"_blank\" rel=\"noopener noreferrer\">Monkey D. Luffy<\/a> ist ein Pirat und der Hauptprotagonist des Mangas und Animes One Piece.<\/p>\n<p>Zweitens hat Luffys Katana Nidai Kitetsu aus One Piece ein untypisches Aussehen. Sein Heft stellt eine Art Kreuz dar, dessen Enden breiter sind als die Mitte. Die Klinge hat ein wellenf\u00f6rmiges Muster. Sein Griff und seine Scheide waren urspr\u00fcnglich blau, aber die Farbe wurde sp\u00e4ter in violett ge\u00e4ndert.<\/p>\n<p>Nidai Kitetsu ist ein Schwert, das zu den 21 Schwertern der Kategorie \u00d4 Wazamono geh\u00f6rt. Es geh\u00f6rt zu den verfluchten Schwertern, die von Kitetsu erschaffen wurden.<\/p>\n<h2>Ihr Luffy Katana Nidai Kitetsu zum besten Preis.<\/h2>\n<p>Wir bieten dir alle Spr\u00fcche deiner Lieblingscharaktere aus dem Anime-Manga One Piece.<\/p>\n<ul>\n<li>Finden Sie auch in den Kitetsu,<\/li>\n<li>die <a href=\"https:\/\/repliquemangacine.fr\/de\/one-piece\/katana-sandai-kitetsu-zoroschwert\/\">Katana von Zoro Sandai Kitetsu<\/a>Sie k\u00f6nnen sich auch an den Namen der Person erinnern, die sie in ihrer linken Hand h\u00e4lt.<\/li>\n<li>Sowie das <a href=\"https:\/\/repliquemangacine.fr\/de\/one-piece\/sabre-yubashiri-katana-de-zoro\/\">Katana Yubashiri<\/a> die Zoro f\u00fcr seine Drei-Klingen-Technik verwendet.<\/li>\n<li>Nat\u00fcrlich gibt es auch alle Katanas aus One Piece in unserem Online-Shop!<\/li>\n<\/ul>\n<p>Deshalb gibt es hier tolle Geschenkideen f\u00fcr alle One Piece-Fans.<\/p>\n<p>Zusammenfassend l\u00e4sst sich sagen, dass Sie diesen Luffy Nidai Kitetsu S\u00e4bel auch f\u00fcr Ihre Cosplay-Paraden oder Themenpartys verwenden k\u00f6nnen. Aber vor allem ist der <strong>Luffys Schwert Nidai Kitetsu<\/strong>Das Buch ist auch ein Sammler- und Dekorationsst\u00fcck.<\/p>\n<h2>Wie pflegt man die Klinge seines One Piece-Katanas?<\/h2>\n<p>Katanas f\u00fcr Sammlungen und Dekorationen werden auf vereinfachte Weise hergestellt und zusammengebaut. Da sie zu Dekorationszwecken verwendet werden, fehlen ihnen die Sicherheitsmerkmale, die ein japanisches Schwert f\u00fcr Trainingszwecke aufweisen muss.<\/p>\n<p>Allerdings ist Ihr <strong>luffys Katana Nidai Kitetsu<\/strong> One Piece hat eine Stahlklinge, die Sie pflegen m\u00fcssen, damit sie nicht mit der Zeit abgenutzt wird. Denn wenn Sie Ihr Katana ausstellen, werden Ihre Freunde neugierig sein, die Klinge zu sehen und sie zu ber\u00fchren. Hier ist Vorsicht geboten. Es sei darauf hingewiesen, dass die S\u00e4ure der Finger dem Stahl unabh\u00e4ngig von seiner Qualit\u00e4t sehr schadet.<\/p>\n<p>Wenn das passiert, keine Panik, Sie brauchen nur ein Tuch, das Sie mit etwas \u00d6l befeuchten und die Fingerabdr\u00fccke abwischen. Wenn Sie dies tun, werden Sie Ihr Schwert sehr lange behalten.<\/p>","protected":false},"excerpt":{"rendered":"<p>Wundersch\u00f6ne Replik des Nidai Kitetsu-Schwerts aus dem Anime-Manga \"One Piece\".<\/p>\n<ul>\n<li>Klinge aus 440 stainless steel (nicht scharf) zweifarbig.<\/li>\n<li>Speziell geformter Metallschutz.<\/li>\n<li>Griff mit violettem Kunstleder \u00fcberzogen.<\/li>\n<li>Die Scheide ist mit Kunstleder bezogen und mit zweifarbigen Streifen verziert.<\/li>\n<li>L\u00e4nge der Klinge: 68cm - Gesamtl\u00e4nge: 103 cm - Gesamtgewicht: 990 grs<\/li>\n<\/ul>\n<p>&nbsp;<\/p>","protected":false},"featured_media":28916,"template":"","meta":[],"product_brand":[896],"product_cat":[123,23],"product_tag":[],"class_list":{"0":"post-28915","1":"product","2":"type-product","3":"status-publish","4":"has-post-thumbnail","6":"product_brand-replique-manga-cine","7":"product_cat-katana-en-metal-one-piece","8":"product_cat-repliques-manga-jeux-video","10":"first","11":"outofstock","12":"taxable","13":"shipping-taxable","14":"purchasable","15":"product-type-simple"},"yoast_head":"<!-- This site is optimized with the Yoast SEO plugin v27.5 - https:\/\/yoast.com\/product\/yoast-seo-wordpress\/ -->\n<title>Sabre Luffy Nidai Kitetsu - One Piece - Boutique en ligne | RMC<\/title>\n<meta name=\"description\" content=\"Agrandissez votre collection avec ce sabre de Luffy Nidai Kitetsu au prix de 49.90 \u20ac seulement ! Lame acier - Longueur totale : 103cm - Envoi 24\/48h\" \/>\n<meta name=\"robots\" content=\"index, follow, max-snippet:-1, max-image-preview:large, max-video-preview:-1\" \/>\n<link rel=\"canonical\" href=\"https:\/\/repliquemangacine.fr\/de\/repliken-manga-videospiele\/nidai-kitetsu-schwert-von-luffy-one-piece\/\" \/>\n<meta property=\"og:locale\" content=\"de_DE\" \/>\n<meta property=\"og:type\" content=\"article\" \/>\n<meta property=\"og:title\" content=\"Sabre Luffy Nidai Kitetsu - One Piece - Boutique en ligne | RMC\" \/>\n<meta property=\"og:description\" content=\"Agrandissez votre collection avec ce sabre de Luffy Nidai Kitetsu au prix de 49.90 \u20ac seulement ! Lame acier - Longueur totale : 103cm - Envoi 24\/48h\" \/>\n<meta property=\"og:url\" content=\"https:\/\/repliquemangacine.fr\/de\/repliken-manga-videospiele\/nidai-kitetsu-schwert-von-luffy-one-piece\/\" \/>\n<meta property=\"og:site_name\" content=\"R\u00e9plique Manga Cin\u00e9\" \/>\n<meta property=\"article:publisher\" content=\"https:\/\/www.facebook.com\/RepliqueMangaCine\" \/>\n<meta property=\"article:modified_time\" content=\"2026-04-11T14:39:23+00:00\" \/>\n<meta property=\"og:image\" content=\"https:\/\/repliquemangacine.fr\/wp-content\/uploads\/2023\/10\/luffy.png\" \/>\n\t<meta property=\"og:image:width\" content=\"500\" \/>\n\t<meta property=\"og:image:height\" content=\"500\" \/>\n\t<meta property=\"og:image:type\" content=\"image\/png\" \/>\n<meta name=\"twitter:card\" content=\"summary_large_image\" \/>\n<meta name=\"twitter:label1\" content=\"Gesch\u00e4tzte Lesezeit\" \/>\n\t<meta name=\"twitter:data1\" content=\"3\u00a0Minuten\" \/>\n<script type=\"application\/ld+json\" class=\"yoast-schema-graph\">{\"@context\":\"https:\\\/\\\/schema.org\",\"@graph\":[{\"@type\":\"WebPage\",\"@id\":\"https:\\\/\\\/repliquemangacine.fr\\\/repliques-manga-jeux-video\\\/nidai-kitetsu-sabre-de-luffy-one-piece\\\/\",\"url\":\"https:\\\/\\\/repliquemangacine.fr\\\/repliques-manga-jeux-video\\\/nidai-kitetsu-sabre-de-luffy-one-piece\\\/\",\"name\":\"Sabre Luffy Nidai Kitetsu - One Piece - Boutique en ligne | RMC\",\"isPartOf\":{\"@id\":\"https:\\\/\\\/repliquemangacine.fr\\\/#website\"},\"primaryImageOfPage\":{\"@id\":\"https:\\\/\\\/repliquemangacine.fr\\\/repliques-manga-jeux-video\\\/nidai-kitetsu-sabre-de-luffy-one-piece\\\/#primaryimage\"},\"image\":{\"@id\":\"https:\\\/\\\/repliquemangacine.fr\\\/repliques-manga-jeux-video\\\/nidai-kitetsu-sabre-de-luffy-one-piece\\\/#primaryimage\"},\"thumbnailUrl\":\"https:\\\/\\\/repliquemangacine.fr\\\/wp-content\\\/uploads\\\/2023\\\/10\\\/luffy.png\",\"datePublished\":\"2020-03-19T16:44:42+00:00\",\"dateModified\":\"2026-04-11T14:39:23+00:00\",\"description\":\"Agrandissez votre collection avec ce sabre de Luffy Nidai Kitetsu au prix de 49.90 \u20ac seulement ! Lame acier - Longueur totale : 103cm - Envoi 24\\\/48h\",\"breadcrumb\":{\"@id\":\"https:\\\/\\\/repliquemangacine.fr\\\/repliques-manga-jeux-video\\\/nidai-kitetsu-sabre-de-luffy-one-piece\\\/#breadcrumb\"},\"inLanguage\":\"de\",\"potentialAction\":[{\"@type\":\"ReadAction\",\"target\":[\"https:\\\/\\\/repliquemangacine.fr\\\/repliques-manga-jeux-video\\\/nidai-kitetsu-sabre-de-luffy-one-piece\\\/\"]}]},{\"@type\":\"ImageObject\",\"inLanguage\":\"de\",\"@id\":\"https:\\\/\\\/repliquemangacine.fr\\\/repliques-manga-jeux-video\\\/nidai-kitetsu-sabre-de-luffy-one-piece\\\/#primaryimage\",\"url\":\"https:\\\/\\\/repliquemangacine.fr\\\/wp-content\\\/uploads\\\/2023\\\/10\\\/luffy.png\",\"contentUrl\":\"https:\\\/\\\/repliquemangacine.fr\\\/wp-content\\\/uploads\\\/2023\\\/10\\\/luffy.png\",\"width\":500,\"height\":500,\"caption\":\"Sabre Luffy Nidai Kitetsu one piece\"},{\"@type\":\"BreadcrumbList\",\"@id\":\"https:\\\/\\\/repliquemangacine.fr\\\/repliques-manga-jeux-video\\\/nidai-kitetsu-sabre-de-luffy-one-piece\\\/#breadcrumb\",\"itemListElement\":[{\"@type\":\"ListItem\",\"position\":1,\"name\":\"Accueil\",\"item\":\"https:\\\/\\\/repliquemangacine.fr\\\/\"},{\"@type\":\"ListItem\",\"position\":2,\"name\":\"Produits\",\"item\":\"https:\\\/\\\/repliquemangacine.fr\\\/boutique\\\/\"},{\"@type\":\"ListItem\",\"position\":3,\"name\":\"Nidai Kitetsu Luffy One Piece\"}]},{\"@type\":\"WebSite\",\"@id\":\"https:\\\/\\\/repliquemangacine.fr\\\/#website\",\"url\":\"https:\\\/\\\/repliquemangacine.fr\\\/\",\"name\":\"R\u00e9plique Manga Cin\u00e9\",\"description\":\"\",\"publisher\":{\"@id\":\"https:\\\/\\\/repliquemangacine.fr\\\/#organization\"},\"potentialAction\":[{\"@type\":\"SearchAction\",\"target\":{\"@type\":\"EntryPoint\",\"urlTemplate\":\"https:\\\/\\\/repliquemangacine.fr\\\/?s={search_term_string}\"},\"query-input\":{\"@type\":\"PropertyValueSpecification\",\"valueRequired\":true,\"valueName\":\"search_term_string\"}}],\"inLanguage\":\"de\"},{\"@type\":\"Organization\",\"@id\":\"https:\\\/\\\/repliquemangacine.fr\\\/#organization\",\"name\":\"R\u00e9plique Manga Cin\u00e9\",\"url\":\"https:\\\/\\\/repliquemangacine.fr\\\/\",\"logo\":{\"@type\":\"ImageObject\",\"inLanguage\":\"de\",\"@id\":\"https:\\\/\\\/repliquemangacine.fr\\\/#\\\/schema\\\/logo\\\/image\\\/\",\"url\":\"https:\\\/\\\/repliquemangacine.fr\\\/wp-content\\\/uploads\\\/2023\\\/10\\\/RMC-500250.png\",\"contentUrl\":\"https:\\\/\\\/repliquemangacine.fr\\\/wp-content\\\/uploads\\\/2023\\\/10\\\/RMC-500250.png\",\"width\":500,\"height\":250,\"caption\":\"R\u00e9plique Manga Cin\u00e9\"},\"image\":{\"@id\":\"https:\\\/\\\/repliquemangacine.fr\\\/#\\\/schema\\\/logo\\\/image\\\/\"},\"sameAs\":[\"https:\\\/\\\/www.facebook.com\\\/RepliqueMangaCine\",\"https:\\\/\\\/www.instagram.com\\\/repliquemangacine.fr\\\/\"]}]}<\/script>\n<!-- \/ Yoast SEO plugin. -->","yoast_head_json":{"title":"S\u00e4bel Luffy Nidai Kitetsu - One Piece - Online Shop | RMC","description":"Erweitern Sie Ihre Sammlung mit diesem Schwert von Luffy Nidai Kitetsu zum Preis von nur 49.90 \u20ac! Stahlklinge - Gesamtl\u00e4nge: 103cm - Versand 24\/48h","robots":{"index":"index","follow":"follow","max-snippet":"max-snippet:-1","max-image-preview":"max-image-preview:large","max-video-preview":"max-video-preview:-1"},"canonical":"https:\/\/repliquemangacine.fr\/de\/repliken-manga-videospiele\/nidai-kitetsu-schwert-von-luffy-one-piece\/","og_locale":"de_DE","og_type":"article","og_title":"Sabre Luffy Nidai Kitetsu - One Piece - Boutique en ligne | RMC","og_description":"Agrandissez votre collection avec ce sabre de Luffy Nidai Kitetsu au prix de 49.90 \u20ac seulement ! Lame acier - Longueur totale : 103cm - Envoi 24\/48h","og_url":"https:\/\/repliquemangacine.fr\/de\/repliken-manga-videospiele\/nidai-kitetsu-schwert-von-luffy-one-piece\/","og_site_name":"R\u00e9plique Manga Cin\u00e9","article_publisher":"https:\/\/www.facebook.com\/RepliqueMangaCine","article_modified_time":"2026-04-11T14:39:23+00:00","og_image":[{"width":500,"height":500,"url":"https:\/\/repliquemangacine.fr\/wp-content\/uploads\/2023\/10\/luffy.png","type":"image\/png"}],"twitter_card":"summary_large_image","twitter_misc":{"Gesch\u00e4tzte Lesezeit":"3\u00a0Minuten"},"schema":{"@context":"https:\/\/schema.org","@graph":[{"@type":"WebPage","@id":"https:\/\/repliquemangacine.fr\/repliques-manga-jeux-video\/nidai-kitetsu-sabre-de-luffy-one-piece\/","url":"https:\/\/repliquemangacine.fr\/repliques-manga-jeux-video\/nidai-kitetsu-sabre-de-luffy-one-piece\/","name":"S\u00e4bel Luffy Nidai Kitetsu - One Piece - Online Shop | RMC","isPartOf":{"@id":"https:\/\/repliquemangacine.fr\/#website"},"primaryImageOfPage":{"@id":"https:\/\/repliquemangacine.fr\/repliques-manga-jeux-video\/nidai-kitetsu-sabre-de-luffy-one-piece\/#primaryimage"},"image":{"@id":"https:\/\/repliquemangacine.fr\/repliques-manga-jeux-video\/nidai-kitetsu-sabre-de-luffy-one-piece\/#primaryimage"},"thumbnailUrl":"https:\/\/repliquemangacine.fr\/wp-content\/uploads\/2023\/10\/luffy.png","datePublished":"2020-03-19T16:44:42+00:00","dateModified":"2026-04-11T14:39:23+00:00","description":"Erweitern Sie Ihre Sammlung mit diesem Schwert von Luffy Nidai Kitetsu zum Preis von nur 49.90 \u20ac! Stahlklinge - Gesamtl\u00e4nge: 103cm - Versand 24\/48h","breadcrumb":{"@id":"https:\/\/repliquemangacine.fr\/repliques-manga-jeux-video\/nidai-kitetsu-sabre-de-luffy-one-piece\/#breadcrumb"},"inLanguage":"de","potentialAction":[{"@type":"ReadAction","target":["https:\/\/repliquemangacine.fr\/repliques-manga-jeux-video\/nidai-kitetsu-sabre-de-luffy-one-piece\/"]}]},{"@type":"ImageObject","inLanguage":"de","@id":"https:\/\/repliquemangacine.fr\/repliques-manga-jeux-video\/nidai-kitetsu-sabre-de-luffy-one-piece\/#primaryimage","url":"https:\/\/repliquemangacine.fr\/wp-content\/uploads\/2023\/10\/luffy.png","contentUrl":"https:\/\/repliquemangacine.fr\/wp-content\/uploads\/2023\/10\/luffy.png","width":500,"height":500,"caption":"Sabre Luffy Nidai Kitetsu one piece"},{"@type":"BreadcrumbList","@id":"https:\/\/repliquemangacine.fr\/repliques-manga-jeux-video\/nidai-kitetsu-sabre-de-luffy-one-piece\/#breadcrumb","itemListElement":[{"@type":"ListItem","position":1,"name":"Accueil","item":"https:\/\/repliquemangacine.fr\/"},{"@type":"ListItem","position":2,"name":"Produits","item":"https:\/\/repliquemangacine.fr\/boutique\/"},{"@type":"ListItem","position":3,"name":"Nidai Kitetsu Luffy One Piece"}]},{"@type":"WebSite","@id":"https:\/\/repliquemangacine.fr\/#website","url":"https:\/\/repliquemangacine.fr\/","name":"R\u00e9plique Manga Cin\u00e9","description":"","publisher":{"@id":"https:\/\/repliquemangacine.fr\/#organization"},"potentialAction":[{"@type":"SearchAction","target":{"@type":"EntryPoint","urlTemplate":"https:\/\/repliquemangacine.fr\/?s={search_term_string}"},"query-input":{"@type":"PropertyValueSpecification","valueRequired":true,"valueName":"search_term_string"}}],"inLanguage":"de"},{"@type":"Organization","@id":"https:\/\/repliquemangacine.fr\/#organization","name":"R\u00e9plique Manga Cin\u00e9","url":"https:\/\/repliquemangacine.fr\/","logo":{"@type":"ImageObject","inLanguage":"de","@id":"https:\/\/repliquemangacine.fr\/#\/schema\/logo\/image\/","url":"https:\/\/repliquemangacine.fr\/wp-content\/uploads\/2023\/10\/RMC-500250.png","contentUrl":"https:\/\/repliquemangacine.fr\/wp-content\/uploads\/2023\/10\/RMC-500250.png","width":500,"height":250,"caption":"R\u00e9plique Manga Cin\u00e9"},"image":{"@id":"https:\/\/repliquemangacine.fr\/#\/schema\/logo\/image\/"},"sameAs":["https:\/\/www.facebook.com\/RepliqueMangaCine","https:\/\/www.instagram.com\/repliquemangacine.fr\/"]}]}},"_links":{"self":[{"href":"https:\/\/repliquemangacine.fr\/de\/wp-json\/wp\/v2\/product\/28915","targetHints":{"allow":["GET"]}}],"collection":[{"href":"https:\/\/repliquemangacine.fr\/de\/wp-json\/wp\/v2\/product"}],"about":[{"href":"https:\/\/repliquemangacine.fr\/de\/wp-json\/wp\/v2\/types\/product"}],"wp:featuredmedia":[{"embeddable":true,"href":"https:\/\/repliquemangacine.fr\/de\/wp-json\/wp\/v2\/media\/28916"}],"wp:attachment":[{"href":"https:\/\/repliquemangacine.fr\/de\/wp-json\/wp\/v2\/media?parent=28915"}],"wp:term":[{"taxonomy":"product_brand","embeddable":true,"href":"https:\/\/repliquemangacine.fr\/de\/wp-json\/wp\/v2\/product_brand?post=28915"},{"taxonomy":"product_cat","embeddable":true,"href":"https:\/\/repliquemangacine.fr\/de\/wp-json\/wp\/v2\/product_cat?post=28915"},{"taxonomy":"product_tag","embeddable":true,"href":"https:\/\/repliquemangacine.fr\/de\/wp-json\/wp\/v2\/product_tag?post=28915"}],"curies":[{"name":"wp","href":"https:\/\/api.w.org\/{rel}","templated":true}]}}