





{"id":28889,"date":"2020-03-14T16:27:15","date_gmt":"2020-03-14T15:27:15","guid":{"rendered":"https:\/\/repliquemangacine.fr\/?post_type=product&#038;p=28889"},"modified":"2025-12-18T08:55:22","modified_gmt":"2025-12-18T07:55:22","slug":"katana-von-kanao-demon-slayer","status":"publish","type":"product","link":"https:\/\/repliquemangacine.fr\/de\/katana-demon-slayer-metal\/katana-de-kanao-demon-slayer\/","title":{"rendered":"Katana von Kanao Demon Slayer"},"content":{"rendered":"<h2>Kanao Demon Slayer Katana aus Stahl<\/h2>\n<p>Zu Beginn wird der <strong>Katana von Kanao<\/strong> <strong>Demon Slayer<\/strong> ist ein Standard-Sonnenschwert, das seinen Atemstil erg\u00e4nzt. Sein Kampfstil ist der Atem der Blume.<\/p>\n<p><a href=\"https:\/\/kimetsu-no-yaiba.fandom.com\/fr\/wiki\/Kanao_Tsuyuri#Aptitudes_\u00e0_l'\u00e9p\u00e9e\" target=\"_blank\" rel=\"noopener noreferrer\">Kanao Tsuyuri<\/a> wichtiger Nebencharakter aus Demon Slayer. D\u00e4monenzerst\u00f6rerin aus der Armee der D\u00e4monenzerst\u00f6rer, der Tsuguko von Shinobu Kocho. Kanao ist extrem schnell. Als immens begabte Person ist Kanao eine unglaubliche Schwertk\u00e4mpferin. So sehr, dass sogar Doma glaubte, sie sei talentierter als Shinobu Kocho.<\/p>\n<p>Au\u00dferdem hei\u00dft sein Kampfstil \"Der Atem der Blume\". Es handelt sich dabei um einen Atemstil, der vom Wasseratem abstammt. Er wurde von der ehemaligen Blumens\u00e4ule Kanae Kocho und ihrer Adoptivschwester Kanao Tsuyuri verwendet. Abschlie\u00dfend sei gesagt, dass es sieben Bewegungen des Blumensouffles gibt, die eine Schlussbewegung beinhalten.<\/p>\n<h2>Ihr Katana von Kanao Demon Slayer zum besten Preis.<\/h2>\n<p>Wir bieten dir alle Spr\u00fcche deiner Lieblingscharaktere in diesem Demon Slayer Anime-Manga.<\/p>\n<p>Zun\u00e4chst einmal,<\/p>\n<ul>\n<li>die <a href=\"https:\/\/repliquemangacine.fr\/de\/demon-slayer\/katana-von-kokushibo-demon-slayer\/\">Kyokokukamusari-Katana, das von Kokushibo verwendet wird<\/a>.<\/li>\n<li>Sowie das <a href=\"https:\/\/repliquemangacine.fr\/de\/demon-slayer\/katana-de-yoriichi-tsugikuni-demon-slayer\/\">Katana von Yoriichi Tsugikuni<\/a> mit seiner schwarzen Klinge und einer Welle aus rotem Blut.<\/li>\n<li>Und viele andere, die es in unserem Online-Shop zu entdecken gibt!<\/li>\n<\/ul>\n<p>Deshalb sind hier tolle Geschenkideen f\u00fcr Fans von Demon Slayer oder auch Kimetsu no Yaiba.<\/p>\n<p>Zusammenfassend l\u00e4sst sich sagen, dass Sie dieses Schwert von Kanao Tsuyuri auch f\u00fcr Ihre Cosplay-Paraden oder Themenpartys verwenden k\u00f6nnen. Vor allem aber ist das Schwert von Kanao Tsuyuri, auch ein Sammler- und Dekorationsst\u00fcck.<\/p>\n<h2>Wie pflegt man die Klinge seines Katanas?<\/h2>\n<p>Katanas f\u00fcr Sammlungen und Dekorationen werden auf vereinfachte Weise hergestellt und zusammengebaut. Da sie zu Dekorationszwecken verwendet werden, fehlen ihnen die Sicherheitsmerkmale, die ein japanisches Schwert f\u00fcr Trainingszwecke aufweisen muss.<\/p>\n<p>Jedoch, <strong>Ihr Katana aus Kanao<\/strong> <strong>Demon Slayer<\/strong> zu einer Stahlklinge, die gepflegt werden muss, damit sie nicht mit der Zeit abgenutzt wird. Denn wenn Sie Ihr Katana ausstellen, werden Ihre Freunde neugierig sein, die Klinge zu sehen und sie zu ber\u00fchren. Hier ist Vorsicht geboten. Es sei darauf hingewiesen, dass die S\u00e4ure der Finger dem Stahl unabh\u00e4ngig von seiner Qualit\u00e4t sehr schadet.<\/p>\n<p>Wenn das passiert, keine Panik, Sie brauchen nur ein Tuch, das Sie mit etwas \u00d6l befeuchten und die Fingerabdr\u00fccke abwischen. Wenn Sie dies tun, werden Sie Ihr Schwert sehr lange behalten.<\/p>\n<p><strong>\u00a0<\/strong><\/p>","protected":false},"excerpt":{"rendered":"<p>Wundersch\u00f6ne Replik des Katanas von Kanao Tsuyuri aus dem Manga und dem Anime \"Demon Slayer\".<\/p>\n<ul>\n<li>Klinge aus zweifarbigem Stahl in Rosa und Grau mit Siebdruck japanischer Symbole.<\/li>\n<li>Runder Metallb\u00fcgel mit 5 grauen Blumen auf rosafarbenem Hintergrund.<\/li>\n<li>Griff mit wei\u00dfem Baumwollgeflecht \u00fcberzogen.<\/li>\n<li>Scheide aus schwarzem Holz.<\/li>\n<li>L\u00e4nge der Klinge:68cm - Gesamtl\u00e4nge: 104cm Gewicht: 950 grs<\/li>\n<\/ul>","protected":false},"featured_media":28890,"template":"","meta":[],"product_brand":[896],"product_cat":[63,117,23],"product_tag":[],"class_list":{"0":"post-28889","1":"product","2":"type-product","3":"status-publish","4":"has-post-thumbnail","6":"product_brand-replique-manga-cine","7":"product_cat-katana-demon-slayer","8":"product_cat-katana-demon-slayer-metal","9":"product_cat-repliques-manga-jeux-video","11":"first","12":"instock","13":"taxable","14":"shipping-taxable","15":"purchasable","16":"product-type-simple"},"yoast_head":"<!-- This site is optimized with the Yoast SEO plugin v27.4 - https:\/\/yoast.com\/product\/yoast-seo-wordpress\/ -->\n<title>Katana de Kanao Demon Slayer en acier - R\u00e9plique Manga Cin\u00e9<\/title>\n<meta name=\"description\" content=\"Commandez vite ! Devenez un pourfendeurs de d\u00e9mons avec le Katana de Kanao Demon Slayer. Lame acier. Paiement s\u00e9curis\u00e9 - Livraison gratuite\" \/>\n<meta name=\"robots\" content=\"index, follow, max-snippet:-1, max-image-preview:large, max-video-preview:-1\" \/>\n<link rel=\"canonical\" href=\"https:\/\/repliquemangacine.fr\/de\/katana-demon-slayer-metal\/katana-von-kanao-demon-slayer\/\" \/>\n<meta property=\"og:locale\" content=\"de_DE\" \/>\n<meta property=\"og:type\" content=\"article\" \/>\n<meta property=\"og:title\" content=\"Katana de Kanao Demon Slayer en acier - R\u00e9plique Manga Cin\u00e9\" \/>\n<meta property=\"og:description\" content=\"Commandez vite ! Devenez un pourfendeurs de d\u00e9mons avec le Katana de Kanao Demon Slayer. Lame acier. Paiement s\u00e9curis\u00e9 - Livraison gratuite\" \/>\n<meta property=\"og:url\" content=\"https:\/\/repliquemangacine.fr\/de\/katana-demon-slayer-metal\/katana-von-kanao-demon-slayer\/\" \/>\n<meta property=\"og:site_name\" content=\"R\u00e9plique Manga Cin\u00e9\" \/>\n<meta property=\"article:publisher\" content=\"https:\/\/www.facebook.com\/RepliqueMangaCine\" \/>\n<meta property=\"article:modified_time\" content=\"2025-12-18T07:55:22+00:00\" \/>\n<meta property=\"og:image\" content=\"https:\/\/repliquemangacine.fr\/wp-content\/uploads\/2023\/10\/sh663.jpg\" \/>\n\t<meta property=\"og:image:width\" content=\"600\" \/>\n\t<meta property=\"og:image:height\" content=\"600\" \/>\n\t<meta property=\"og:image:type\" content=\"image\/jpeg\" \/>\n<meta name=\"twitter:card\" content=\"summary_large_image\" \/>\n<meta name=\"twitter:label1\" content=\"Gesch\u00e4tzte Lesezeit\" \/>\n\t<meta name=\"twitter:data1\" content=\"2\u00a0Minuten\" \/>\n<script type=\"application\/ld+json\" class=\"yoast-schema-graph\">{\"@context\":\"https:\\\/\\\/schema.org\",\"@graph\":[{\"@type\":\"WebPage\",\"@id\":\"https:\\\/\\\/repliquemangacine.fr\\\/katana-demon-slayer-metal\\\/katana-de-kanao-demon-slayer\\\/\",\"url\":\"https:\\\/\\\/repliquemangacine.fr\\\/katana-demon-slayer-metal\\\/katana-de-kanao-demon-slayer\\\/\",\"name\":\"Katana de Kanao Demon Slayer en acier - R\u00e9plique Manga Cin\u00e9\",\"isPartOf\":{\"@id\":\"https:\\\/\\\/repliquemangacine.fr\\\/#website\"},\"primaryImageOfPage\":{\"@id\":\"https:\\\/\\\/repliquemangacine.fr\\\/katana-demon-slayer-metal\\\/katana-de-kanao-demon-slayer\\\/#primaryimage\"},\"image\":{\"@id\":\"https:\\\/\\\/repliquemangacine.fr\\\/katana-demon-slayer-metal\\\/katana-de-kanao-demon-slayer\\\/#primaryimage\"},\"thumbnailUrl\":\"https:\\\/\\\/repliquemangacine.fr\\\/wp-content\\\/uploads\\\/2023\\\/10\\\/sh663.jpg\",\"datePublished\":\"2020-03-14T15:27:15+00:00\",\"dateModified\":\"2025-12-18T07:55:22+00:00\",\"description\":\"Commandez vite ! Devenez un pourfendeurs de d\u00e9mons avec le Katana de Kanao Demon Slayer. Lame acier. Paiement s\u00e9curis\u00e9 - Livraison gratuite\",\"breadcrumb\":{\"@id\":\"https:\\\/\\\/repliquemangacine.fr\\\/katana-demon-slayer-metal\\\/katana-de-kanao-demon-slayer\\\/#breadcrumb\"},\"inLanguage\":\"de\",\"potentialAction\":[{\"@type\":\"ReadAction\",\"target\":[\"https:\\\/\\\/repliquemangacine.fr\\\/katana-demon-slayer-metal\\\/katana-de-kanao-demon-slayer\\\/\"]}]},{\"@type\":\"ImageObject\",\"inLanguage\":\"de\",\"@id\":\"https:\\\/\\\/repliquemangacine.fr\\\/katana-demon-slayer-metal\\\/katana-de-kanao-demon-slayer\\\/#primaryimage\",\"url\":\"https:\\\/\\\/repliquemangacine.fr\\\/wp-content\\\/uploads\\\/2023\\\/10\\\/sh663.jpg\",\"contentUrl\":\"https:\\\/\\\/repliquemangacine.fr\\\/wp-content\\\/uploads\\\/2023\\\/10\\\/sh663.jpg\",\"width\":600,\"height\":600,\"caption\":\"Katana de Kanao Demon Slayer lame acier\"},{\"@type\":\"BreadcrumbList\",\"@id\":\"https:\\\/\\\/repliquemangacine.fr\\\/katana-demon-slayer-metal\\\/katana-de-kanao-demon-slayer\\\/#breadcrumb\",\"itemListElement\":[{\"@type\":\"ListItem\",\"position\":1,\"name\":\"Accueil\",\"item\":\"https:\\\/\\\/repliquemangacine.fr\\\/\"},{\"@type\":\"ListItem\",\"position\":2,\"name\":\"Produits\",\"item\":\"https:\\\/\\\/repliquemangacine.fr\\\/boutique\\\/\"},{\"@type\":\"ListItem\",\"position\":3,\"name\":\"Katana de Kanao Demon Slayer\"}]},{\"@type\":\"WebSite\",\"@id\":\"https:\\\/\\\/repliquemangacine.fr\\\/#website\",\"url\":\"https:\\\/\\\/repliquemangacine.fr\\\/\",\"name\":\"R\u00e9plique Manga Cin\u00e9\",\"description\":\"\",\"publisher\":{\"@id\":\"https:\\\/\\\/repliquemangacine.fr\\\/#organization\"},\"potentialAction\":[{\"@type\":\"SearchAction\",\"target\":{\"@type\":\"EntryPoint\",\"urlTemplate\":\"https:\\\/\\\/repliquemangacine.fr\\\/?s={search_term_string}\"},\"query-input\":{\"@type\":\"PropertyValueSpecification\",\"valueRequired\":true,\"valueName\":\"search_term_string\"}}],\"inLanguage\":\"de\"},{\"@type\":\"Organization\",\"@id\":\"https:\\\/\\\/repliquemangacine.fr\\\/#organization\",\"name\":\"R\u00e9plique Manga Cin\u00e9\",\"url\":\"https:\\\/\\\/repliquemangacine.fr\\\/\",\"logo\":{\"@type\":\"ImageObject\",\"inLanguage\":\"de\",\"@id\":\"https:\\\/\\\/repliquemangacine.fr\\\/#\\\/schema\\\/logo\\\/image\\\/\",\"url\":\"https:\\\/\\\/repliquemangacine.fr\\\/wp-content\\\/uploads\\\/2023\\\/10\\\/RMC-500250.png\",\"contentUrl\":\"https:\\\/\\\/repliquemangacine.fr\\\/wp-content\\\/uploads\\\/2023\\\/10\\\/RMC-500250.png\",\"width\":500,\"height\":250,\"caption\":\"R\u00e9plique Manga Cin\u00e9\"},\"image\":{\"@id\":\"https:\\\/\\\/repliquemangacine.fr\\\/#\\\/schema\\\/logo\\\/image\\\/\"},\"sameAs\":[\"https:\\\/\\\/www.facebook.com\\\/RepliqueMangaCine\",\"https:\\\/\\\/www.instagram.com\\\/repliquemangacine.fr\\\/\"]}]}<\/script>\n<!-- \/ Yoast SEO plugin. -->","yoast_head_json":{"title":"Katana von Kanao Demon Slayer aus Stahl - R\u00e9plique Manga Cin\u00e9","description":"Bestellen Sie schnell! Werden Sie mit dem Katana von Kanao Demon Slayer zum D\u00e4monenschinder. Klinge aus Stahl. Sichere Zahlung - Kostenlose Lieferung","robots":{"index":"index","follow":"follow","max-snippet":"max-snippet:-1","max-image-preview":"max-image-preview:large","max-video-preview":"max-video-preview:-1"},"canonical":"https:\/\/repliquemangacine.fr\/de\/katana-demon-slayer-metal\/katana-von-kanao-demon-slayer\/","og_locale":"de_DE","og_type":"article","og_title":"Katana de Kanao Demon Slayer en acier - R\u00e9plique Manga Cin\u00e9","og_description":"Commandez vite ! Devenez un pourfendeurs de d\u00e9mons avec le Katana de Kanao Demon Slayer. Lame acier. Paiement s\u00e9curis\u00e9 - Livraison gratuite","og_url":"https:\/\/repliquemangacine.fr\/de\/katana-demon-slayer-metal\/katana-von-kanao-demon-slayer\/","og_site_name":"R\u00e9plique Manga Cin\u00e9","article_publisher":"https:\/\/www.facebook.com\/RepliqueMangaCine","article_modified_time":"2025-12-18T07:55:22+00:00","og_image":[{"width":600,"height":600,"url":"https:\/\/repliquemangacine.fr\/wp-content\/uploads\/2023\/10\/sh663.jpg","type":"image\/jpeg"}],"twitter_card":"summary_large_image","twitter_misc":{"Gesch\u00e4tzte Lesezeit":"2\u00a0Minuten"},"schema":{"@context":"https:\/\/schema.org","@graph":[{"@type":"WebPage","@id":"https:\/\/repliquemangacine.fr\/katana-demon-slayer-metal\/katana-de-kanao-demon-slayer\/","url":"https:\/\/repliquemangacine.fr\/katana-demon-slayer-metal\/katana-de-kanao-demon-slayer\/","name":"Katana von Kanao Demon Slayer aus Stahl - R\u00e9plique Manga Cin\u00e9","isPartOf":{"@id":"https:\/\/repliquemangacine.fr\/#website"},"primaryImageOfPage":{"@id":"https:\/\/repliquemangacine.fr\/katana-demon-slayer-metal\/katana-de-kanao-demon-slayer\/#primaryimage"},"image":{"@id":"https:\/\/repliquemangacine.fr\/katana-demon-slayer-metal\/katana-de-kanao-demon-slayer\/#primaryimage"},"thumbnailUrl":"https:\/\/repliquemangacine.fr\/wp-content\/uploads\/2023\/10\/sh663.jpg","datePublished":"2020-03-14T15:27:15+00:00","dateModified":"2025-12-18T07:55:22+00:00","description":"Bestellen Sie schnell! Werden Sie mit dem Katana von Kanao Demon Slayer zum D\u00e4monenschinder. Klinge aus Stahl. Sichere Zahlung - Kostenlose Lieferung","breadcrumb":{"@id":"https:\/\/repliquemangacine.fr\/katana-demon-slayer-metal\/katana-de-kanao-demon-slayer\/#breadcrumb"},"inLanguage":"de","potentialAction":[{"@type":"ReadAction","target":["https:\/\/repliquemangacine.fr\/katana-demon-slayer-metal\/katana-de-kanao-demon-slayer\/"]}]},{"@type":"ImageObject","inLanguage":"de","@id":"https:\/\/repliquemangacine.fr\/katana-demon-slayer-metal\/katana-de-kanao-demon-slayer\/#primaryimage","url":"https:\/\/repliquemangacine.fr\/wp-content\/uploads\/2023\/10\/sh663.jpg","contentUrl":"https:\/\/repliquemangacine.fr\/wp-content\/uploads\/2023\/10\/sh663.jpg","width":600,"height":600,"caption":"Katana de Kanao Demon Slayer lame acier"},{"@type":"BreadcrumbList","@id":"https:\/\/repliquemangacine.fr\/katana-demon-slayer-metal\/katana-de-kanao-demon-slayer\/#breadcrumb","itemListElement":[{"@type":"ListItem","position":1,"name":"Accueil","item":"https:\/\/repliquemangacine.fr\/"},{"@type":"ListItem","position":2,"name":"Produits","item":"https:\/\/repliquemangacine.fr\/boutique\/"},{"@type":"ListItem","position":3,"name":"Katana de Kanao Demon Slayer"}]},{"@type":"WebSite","@id":"https:\/\/repliquemangacine.fr\/#website","url":"https:\/\/repliquemangacine.fr\/","name":"R\u00e9plique Manga Cin\u00e9","description":"","publisher":{"@id":"https:\/\/repliquemangacine.fr\/#organization"},"potentialAction":[{"@type":"SearchAction","target":{"@type":"EntryPoint","urlTemplate":"https:\/\/repliquemangacine.fr\/?s={search_term_string}"},"query-input":{"@type":"PropertyValueSpecification","valueRequired":true,"valueName":"search_term_string"}}],"inLanguage":"de"},{"@type":"Organization","@id":"https:\/\/repliquemangacine.fr\/#organization","name":"R\u00e9plique Manga Cin\u00e9","url":"https:\/\/repliquemangacine.fr\/","logo":{"@type":"ImageObject","inLanguage":"de","@id":"https:\/\/repliquemangacine.fr\/#\/schema\/logo\/image\/","url":"https:\/\/repliquemangacine.fr\/wp-content\/uploads\/2023\/10\/RMC-500250.png","contentUrl":"https:\/\/repliquemangacine.fr\/wp-content\/uploads\/2023\/10\/RMC-500250.png","width":500,"height":250,"caption":"R\u00e9plique Manga Cin\u00e9"},"image":{"@id":"https:\/\/repliquemangacine.fr\/#\/schema\/logo\/image\/"},"sameAs":["https:\/\/www.facebook.com\/RepliqueMangaCine","https:\/\/www.instagram.com\/repliquemangacine.fr\/"]}]}},"_links":{"self":[{"href":"https:\/\/repliquemangacine.fr\/de\/wp-json\/wp\/v2\/product\/28889","targetHints":{"allow":["GET"]}}],"collection":[{"href":"https:\/\/repliquemangacine.fr\/de\/wp-json\/wp\/v2\/product"}],"about":[{"href":"https:\/\/repliquemangacine.fr\/de\/wp-json\/wp\/v2\/types\/product"}],"wp:featuredmedia":[{"embeddable":true,"href":"https:\/\/repliquemangacine.fr\/de\/wp-json\/wp\/v2\/media\/28890"}],"wp:attachment":[{"href":"https:\/\/repliquemangacine.fr\/de\/wp-json\/wp\/v2\/media?parent=28889"}],"wp:term":[{"taxonomy":"product_brand","embeddable":true,"href":"https:\/\/repliquemangacine.fr\/de\/wp-json\/wp\/v2\/product_brand?post=28889"},{"taxonomy":"product_cat","embeddable":true,"href":"https:\/\/repliquemangacine.fr\/de\/wp-json\/wp\/v2\/product_cat?post=28889"},{"taxonomy":"product_tag","embeddable":true,"href":"https:\/\/repliquemangacine.fr\/de\/wp-json\/wp\/v2\/product_tag?post=28889"}],"curies":[{"name":"wp","href":"https:\/\/api.w.org\/{rel}","templated":true}]}}